{"id":14512,"date":"2026-03-26T10:15:55","date_gmt":"2026-03-26T08:15:55","guid":{"rendered":"https:\/\/adexa.ee\/toode\/jahutatud-kastmehoidja-mis-sisaldab-1xgn1-31xgn1-6-100mm-anumaid-kaantega-plastik-adexa-chp06b3\/"},"modified":"2026-03-26T10:15:57","modified_gmt":"2026-03-26T08:15:57","slug":"jahutatav-kastmehoidja-mis-sisaldab-1xgn1-31xgn1-6-100mm-anumaid-kaantega-plastik-adexa-chp06b3","status":"publish","type":"product","link":"https:\/\/adexa.ee\/en\/toode\/jahutatav-kastmehoidja-mis-sisaldab-1xgn1-31xgn1-6-100mm-anumaid-kaantega-plastik-adexa-chp06b3\/","title":{"rendered":"Jahutatav Kastmehoidja, mis sisaldab 1xGN1\/3+1xGN1\/6-100mm anumaid kaantega Plastik | Adexa CHP06B3"},"content":{"rendered":"<p>Kasutades seda kastmerekki koos sisestustega hoiate oma baari v\u00f5i restorani varustatud v\u00e4rskete maitsetugevdajatega. V\u00e4rsked kastmed ja kaunistused annavad t\u00f5eliselt viimase lihvi igale joogile v\u00f5i roale! See kastmehoidja sobib ideaalselt kasutamiseks baaris, kuid seda saab kasutada ka toidu hoidmiseks teie k\u00f6\u00f6gi ettevalmistusalal, buffet&#8217;s v\u00f5i s\u00f6\u00f6klas, pakkudes lihtsat iseteenindusv\u00f5imalust. Kaas aitab v\u00e4ltida ristsaastumist ja kaitseb toitu \u00f5hu kaudu levivate saasteainete eest. Teie tooted s\u00e4ilivad kauem, kui t\u00e4idate selle kastmehoidja p\u00f5hja j\u00e4\u00e4ga. See hoiab teie jahutatud tooted pikema aja jooksul v\u00e4rsked ja valmis kasutamiseks. T\u00e4nu vastupidavale plastkonstruktsioonile on anum sageli kasutamiseks piisavalt vastupidav. Plastikut on lihtne \u00f5htu l\u00f5pus h\u00f5lpsasti puhastada, tagades teie asutuses puhtuse ja h\u00fcgieeni.<\/p>\n<table style=\"border-collapse: collapse; width: 100%; text-align: left;\">\n<tbody>\n<tr>\n<td style=\"border: 1px solid #ddd; padding: 8px; width: 45%;\"><strong>S\u00fcgavus<\/strong><\/td>\n<td style=\"border: 1px solid #ddd; padding: 8px;\">230 mm<\/td>\n<\/tr>\n<tr>\n<td style=\"border: 1px solid #ddd; padding: 8px; width: 45%;\"><strong>K\u00f5rgus<\/strong><\/td>\n<td style=\"border: 1px solid #ddd; padding: 8px;\">200 mm<\/td>\n<\/tr>\n<tr>\n<td style=\"border: 1px solid #ddd; padding: 8px; width: 45%;\"><strong>Laius<\/strong><\/td>\n<td style=\"border: 1px solid #ddd; padding: 8px;\">520 mm<\/td>\n<\/tr>\n<tr>\n<td style=\"border: 1px solid #ddd; padding: 8px; width: 45%;\"><strong>Kaal<\/strong><\/td>\n<td style=\"border: 1px solid #ddd; padding: 8px;\">2 kg<\/td>\n<\/tr>\n<tr>\n<td style=\"border: 1px solid #ddd; padding: 8px; width: 45%;\"><strong>Mahutavus<\/strong><\/td>\n<td style=\"border: 1px solid #ddd; padding: 8px;\">1xGN1\/3+1xGN1\/6 konteinerid, 100mm s\u00fcgavusega<\/td>\n<\/tr>\n<tr>\n<td style=\"border: 1px solid #ddd; padding: 8px; width: 45%;\"><strong>Materjal<\/strong><\/td>\n<td style=\"border: 1px solid #ddd; padding: 8px;\">Plastik (toiduga kokkupuutumiseks ohutu)<\/td>\n<\/tr>\n<tr>\n<td style=\"border: 1px solid #ddd; padding: 8px; width: 45%;\"><strong>Kaasas<\/strong><\/td>\n<td style=\"border: 1px solid #ddd; padding: 8px;\">GN konteinerid (pol\u00fckarbonaadist) kaanega ja serveerimiskulp<\/td>\n<\/tr>\n<\/tbody>\n<\/table>\n","protected":false},"excerpt":{"rendered":"<p>Kasutades seda kastmerekki koos sisestustega hoiate oma baari v\u00f5i restorani varustatud v\u00e4rskete maitsetugevdajatega. V\u00e4rsked kastmed ja kaunistused annavad t\u00f5eliselt viimase<\/p>\n","protected":false},"featured_media":11156,"template":"","meta":[],"product_brand":[],"product_cat":[585,584,579,557],"product_tag":[],"class_list":{"0":"post-14512","1":"product","2":"type-product","3":"status-publish","4":"has-post-thumbnail","6":"product_cat-gn-noud","7":"product_cat-hoidikud-ja-kandikud","8":"product_cat-koogitarbed-noud","9":"product_cat-kupsetusseadmed","11":"first","12":"instock","13":"sale","14":"taxable","15":"shipping-taxable","16":"purchasable","17":"product-type-simple"},"yoast_head":"<!-- This site is optimized with the Yoast SEO plugin v27.3 - https:\/\/yoast.com\/product\/yoast-seo-wordpress\/ -->\n<title>Jahutatav Kastmehoidja, mis sisaldab 1xGN1\/3+1xGN1\/6-100mm anumaid kaantega Plastik | Adexa CHP06B3 - Adexa \u2013 Suurk\u00f6\u00f6giseadmed restoranidele ja toitlustusele<\/title>\n<meta name=\"robots\" content=\"index, follow, max-snippet:-1, max-image-preview:large, max-video-preview:-1\" \/>\n<link rel=\"canonical\" href=\"https:\/\/adexa.ee\/toode\/jahutatav-kastmehoidja-mis-sisaldab-1xgn1-31xgn1-6-100mm-anumaid-kaantega-plastik-adexa-chp06b3\/\" \/>\n<meta property=\"og:locale\" content=\"en_US\" \/>\n<meta property=\"og:type\" content=\"article\" \/>\n<meta property=\"og:title\" content=\"Jahutatav Kastmehoidja, mis sisaldab 1xGN1\/3+1xGN1\/6-100mm anumaid kaantega Plastik | Adexa CHP06B3 - Adexa \u2013 Suurk\u00f6\u00f6giseadmed restoranidele ja toitlustusele\" \/>\n<meta property=\"og:description\" content=\"Kasutades seda kastmerekki koos sisestustega hoiate oma baari v\u00f5i restorani varustatud v\u00e4rskete maitsetugevdajatega. V\u00e4rsked kastmed ja kaunistused annavad t\u00f5eliselt viimase\" \/>\n<meta property=\"og:url\" content=\"https:\/\/adexa.ee\/toode\/jahutatav-kastmehoidja-mis-sisaldab-1xgn1-31xgn1-6-100mm-anumaid-kaantega-plastik-adexa-chp06b3\/\" \/>\n<meta property=\"og:site_name\" content=\"Adexa \u2013 Suurk\u00f6\u00f6giseadmed restoranidele ja toitlustusele\" \/>\n<meta property=\"article:modified_time\" content=\"2026-03-26T08:15:57+00:00\" \/>\n<meta property=\"og:image\" content=\"https:\/\/adexa.ee\/wp-content\/uploads\/2024\/12\/CHP06B3-.jpg\" \/>\n\t<meta property=\"og:image:width\" content=\"2000\" \/>\n\t<meta property=\"og:image:height\" content=\"2000\" \/>\n\t<meta property=\"og:image:type\" content=\"image\/jpeg\" \/>\n<meta name=\"twitter:card\" content=\"summary_large_image\" \/>\n<meta name=\"twitter:label1\" content=\"Est. reading time\" \/>\n\t<meta name=\"twitter:data1\" content=\"1 minute\" \/>\n<script type=\"application\/ld+json\" class=\"yoast-schema-graph\">{\"@context\":\"https:\\\/\\\/schema.org\",\"@graph\":[{\"@type\":\"WebPage\",\"@id\":\"https:\\\/\\\/adexa.ee\\\/toode\\\/jahutatav-kastmehoidja-mis-sisaldab-1xgn1-31xgn1-6-100mm-anumaid-kaantega-plastik-adexa-chp06b3\\\/\",\"url\":\"https:\\\/\\\/adexa.ee\\\/toode\\\/jahutatav-kastmehoidja-mis-sisaldab-1xgn1-31xgn1-6-100mm-anumaid-kaantega-plastik-adexa-chp06b3\\\/\",\"name\":\"Jahutatav Kastmehoidja, mis sisaldab 1xGN1\\\/3+1xGN1\\\/6-100mm anumaid kaantega Plastik | Adexa CHP06B3 - Adexa \u2013 Suurk\u00f6\u00f6giseadmed restoranidele ja toitlustusele\",\"isPartOf\":{\"@id\":\"https:\\\/\\\/adexa.ee\\\/#website\"},\"primaryImageOfPage\":{\"@id\":\"https:\\\/\\\/adexa.ee\\\/toode\\\/jahutatav-kastmehoidja-mis-sisaldab-1xgn1-31xgn1-6-100mm-anumaid-kaantega-plastik-adexa-chp06b3\\\/#primaryimage\"},\"image\":{\"@id\":\"https:\\\/\\\/adexa.ee\\\/toode\\\/jahutatav-kastmehoidja-mis-sisaldab-1xgn1-31xgn1-6-100mm-anumaid-kaantega-plastik-adexa-chp06b3\\\/#primaryimage\"},\"thumbnailUrl\":\"https:\\\/\\\/adexa.ee\\\/wp-content\\\/uploads\\\/2024\\\/12\\\/CHP06B3-.jpg\",\"datePublished\":\"2026-03-26T08:15:55+00:00\",\"dateModified\":\"2026-03-26T08:15:57+00:00\",\"breadcrumb\":{\"@id\":\"https:\\\/\\\/adexa.ee\\\/toode\\\/jahutatav-kastmehoidja-mis-sisaldab-1xgn1-31xgn1-6-100mm-anumaid-kaantega-plastik-adexa-chp06b3\\\/#breadcrumb\"},\"inLanguage\":\"en-US\",\"potentialAction\":[{\"@type\":\"ReadAction\",\"target\":[\"https:\\\/\\\/adexa.ee\\\/toode\\\/jahutatav-kastmehoidja-mis-sisaldab-1xgn1-31xgn1-6-100mm-anumaid-kaantega-plastik-adexa-chp06b3\\\/\"]}]},{\"@type\":\"ImageObject\",\"inLanguage\":\"en-US\",\"@id\":\"https:\\\/\\\/adexa.ee\\\/toode\\\/jahutatav-kastmehoidja-mis-sisaldab-1xgn1-31xgn1-6-100mm-anumaid-kaantega-plastik-adexa-chp06b3\\\/#primaryimage\",\"url\":\"https:\\\/\\\/adexa.ee\\\/wp-content\\\/uploads\\\/2024\\\/12\\\/CHP06B3-.jpg\",\"contentUrl\":\"https:\\\/\\\/adexa.ee\\\/wp-content\\\/uploads\\\/2024\\\/12\\\/CHP06B3-.jpg\",\"width\":2000,\"height\":2000},{\"@type\":\"BreadcrumbList\",\"@id\":\"https:\\\/\\\/adexa.ee\\\/toode\\\/jahutatav-kastmehoidja-mis-sisaldab-1xgn1-31xgn1-6-100mm-anumaid-kaantega-plastik-adexa-chp06b3\\\/#breadcrumb\",\"itemListElement\":[{\"@type\":\"ListItem\",\"position\":1,\"name\":\"Home\",\"item\":\"https:\\\/\\\/adexa.ee\\\/\"},{\"@type\":\"ListItem\",\"position\":2,\"name\":\"Tooted\",\"item\":\"https:\\\/\\\/adexa.ee\\\/pood\\\/\"},{\"@type\":\"ListItem\",\"position\":3,\"name\":\"Jahutatav Kastmehoidja, mis sisaldab 1xGN1\\\/3+1xGN1\\\/6-100mm anumaid kaantega Plastik | Adexa CHP06B3\"}]},{\"@type\":\"WebSite\",\"@id\":\"https:\\\/\\\/adexa.ee\\\/#website\",\"url\":\"https:\\\/\\\/adexa.ee\\\/\",\"name\":\"Adexa\",\"description\":\"\",\"publisher\":{\"@id\":\"https:\\\/\\\/adexa.ee\\\/#organization\"},\"potentialAction\":[{\"@type\":\"SearchAction\",\"target\":{\"@type\":\"EntryPoint\",\"urlTemplate\":\"https:\\\/\\\/adexa.ee\\\/?s={search_term_string}\"},\"query-input\":{\"@type\":\"PropertyValueSpecification\",\"valueRequired\":true,\"valueName\":\"search_term_string\"}}],\"inLanguage\":\"en-US\"},{\"@type\":\"Organization\",\"@id\":\"https:\\\/\\\/adexa.ee\\\/#organization\",\"name\":\"Adexa\",\"url\":\"https:\\\/\\\/adexa.ee\\\/\",\"logo\":{\"@type\":\"ImageObject\",\"inLanguage\":\"en-US\",\"@id\":\"https:\\\/\\\/adexa.ee\\\/#\\\/schema\\\/logo\\\/image\\\/\",\"url\":\"https:\\\/\\\/adexa.ee\\\/wp-content\\\/uploads\\\/2024\\\/04\\\/chef-cooks-working-in-professional-kitchen-2023-11-27-05-07-39-utc-scaled.jpg\",\"contentUrl\":\"https:\\\/\\\/adexa.ee\\\/wp-content\\\/uploads\\\/2024\\\/04\\\/chef-cooks-working-in-professional-kitchen-2023-11-27-05-07-39-utc-scaled.jpg\",\"width\":2560,\"height\":1708,\"caption\":\"Adexa\"},\"image\":{\"@id\":\"https:\\\/\\\/adexa.ee\\\/#\\\/schema\\\/logo\\\/image\\\/\"}}]}<\/script>\n<!-- \/ Yoast SEO plugin. -->","yoast_head_json":{"title":"Jahutatav Kastmehoidja, mis sisaldab 1xGN1\/3+1xGN1\/6-100mm anumaid kaantega Plastik | Adexa CHP06B3 - Adexa \u2013 Suurk\u00f6\u00f6giseadmed restoranidele ja toitlustusele","robots":{"index":"index","follow":"follow","max-snippet":"max-snippet:-1","max-image-preview":"max-image-preview:large","max-video-preview":"max-video-preview:-1"},"canonical":"https:\/\/adexa.ee\/toode\/jahutatav-kastmehoidja-mis-sisaldab-1xgn1-31xgn1-6-100mm-anumaid-kaantega-plastik-adexa-chp06b3\/","og_locale":"en_US","og_type":"article","og_title":"Jahutatav Kastmehoidja, mis sisaldab 1xGN1\/3+1xGN1\/6-100mm anumaid kaantega Plastik | Adexa CHP06B3 - Adexa \u2013 Suurk\u00f6\u00f6giseadmed restoranidele ja toitlustusele","og_description":"Kasutades seda kastmerekki koos sisestustega hoiate oma baari v\u00f5i restorani varustatud v\u00e4rskete maitsetugevdajatega. V\u00e4rsked kastmed ja kaunistused annavad t\u00f5eliselt viimase","og_url":"https:\/\/adexa.ee\/toode\/jahutatav-kastmehoidja-mis-sisaldab-1xgn1-31xgn1-6-100mm-anumaid-kaantega-plastik-adexa-chp06b3\/","og_site_name":"Adexa \u2013 Suurk\u00f6\u00f6giseadmed restoranidele ja toitlustusele","article_modified_time":"2026-03-26T08:15:57+00:00","og_image":[{"width":2000,"height":2000,"url":"https:\/\/adexa.ee\/wp-content\/uploads\/2024\/12\/CHP06B3-.jpg","type":"image\/jpeg"}],"twitter_card":"summary_large_image","twitter_misc":{"Est. reading time":"1 minute"},"schema":{"@context":"https:\/\/schema.org","@graph":[{"@type":"WebPage","@id":"https:\/\/adexa.ee\/toode\/jahutatav-kastmehoidja-mis-sisaldab-1xgn1-31xgn1-6-100mm-anumaid-kaantega-plastik-adexa-chp06b3\/","url":"https:\/\/adexa.ee\/toode\/jahutatav-kastmehoidja-mis-sisaldab-1xgn1-31xgn1-6-100mm-anumaid-kaantega-plastik-adexa-chp06b3\/","name":"Jahutatav Kastmehoidja, mis sisaldab 1xGN1\/3+1xGN1\/6-100mm anumaid kaantega Plastik | Adexa CHP06B3 - Adexa \u2013 Suurk\u00f6\u00f6giseadmed restoranidele ja toitlustusele","isPartOf":{"@id":"https:\/\/adexa.ee\/#website"},"primaryImageOfPage":{"@id":"https:\/\/adexa.ee\/toode\/jahutatav-kastmehoidja-mis-sisaldab-1xgn1-31xgn1-6-100mm-anumaid-kaantega-plastik-adexa-chp06b3\/#primaryimage"},"image":{"@id":"https:\/\/adexa.ee\/toode\/jahutatav-kastmehoidja-mis-sisaldab-1xgn1-31xgn1-6-100mm-anumaid-kaantega-plastik-adexa-chp06b3\/#primaryimage"},"thumbnailUrl":"https:\/\/adexa.ee\/wp-content\/uploads\/2024\/12\/CHP06B3-.jpg","datePublished":"2026-03-26T08:15:55+00:00","dateModified":"2026-03-26T08:15:57+00:00","breadcrumb":{"@id":"https:\/\/adexa.ee\/toode\/jahutatav-kastmehoidja-mis-sisaldab-1xgn1-31xgn1-6-100mm-anumaid-kaantega-plastik-adexa-chp06b3\/#breadcrumb"},"inLanguage":"en-US","potentialAction":[{"@type":"ReadAction","target":["https:\/\/adexa.ee\/toode\/jahutatav-kastmehoidja-mis-sisaldab-1xgn1-31xgn1-6-100mm-anumaid-kaantega-plastik-adexa-chp06b3\/"]}]},{"@type":"ImageObject","inLanguage":"en-US","@id":"https:\/\/adexa.ee\/toode\/jahutatav-kastmehoidja-mis-sisaldab-1xgn1-31xgn1-6-100mm-anumaid-kaantega-plastik-adexa-chp06b3\/#primaryimage","url":"https:\/\/adexa.ee\/wp-content\/uploads\/2024\/12\/CHP06B3-.jpg","contentUrl":"https:\/\/adexa.ee\/wp-content\/uploads\/2024\/12\/CHP06B3-.jpg","width":2000,"height":2000},{"@type":"BreadcrumbList","@id":"https:\/\/adexa.ee\/toode\/jahutatav-kastmehoidja-mis-sisaldab-1xgn1-31xgn1-6-100mm-anumaid-kaantega-plastik-adexa-chp06b3\/#breadcrumb","itemListElement":[{"@type":"ListItem","position":1,"name":"Home","item":"https:\/\/adexa.ee\/"},{"@type":"ListItem","position":2,"name":"Tooted","item":"https:\/\/adexa.ee\/pood\/"},{"@type":"ListItem","position":3,"name":"Jahutatav Kastmehoidja, mis sisaldab 1xGN1\/3+1xGN1\/6-100mm anumaid kaantega Plastik | Adexa CHP06B3"}]},{"@type":"WebSite","@id":"https:\/\/adexa.ee\/#website","url":"https:\/\/adexa.ee\/","name":"Adexa","description":"","publisher":{"@id":"https:\/\/adexa.ee\/#organization"},"potentialAction":[{"@type":"SearchAction","target":{"@type":"EntryPoint","urlTemplate":"https:\/\/adexa.ee\/?s={search_term_string}"},"query-input":{"@type":"PropertyValueSpecification","valueRequired":true,"valueName":"search_term_string"}}],"inLanguage":"en-US"},{"@type":"Organization","@id":"https:\/\/adexa.ee\/#organization","name":"Adexa","url":"https:\/\/adexa.ee\/","logo":{"@type":"ImageObject","inLanguage":"en-US","@id":"https:\/\/adexa.ee\/#\/schema\/logo\/image\/","url":"https:\/\/adexa.ee\/wp-content\/uploads\/2024\/04\/chef-cooks-working-in-professional-kitchen-2023-11-27-05-07-39-utc-scaled.jpg","contentUrl":"https:\/\/adexa.ee\/wp-content\/uploads\/2024\/04\/chef-cooks-working-in-professional-kitchen-2023-11-27-05-07-39-utc-scaled.jpg","width":2560,"height":1708,"caption":"Adexa"},"image":{"@id":"https:\/\/adexa.ee\/#\/schema\/logo\/image\/"}}]}},"_links":{"self":[{"href":"https:\/\/adexa.ee\/en\/wp-json\/wp\/v2\/product\/14512","targetHints":{"allow":["GET"]}}],"collection":[{"href":"https:\/\/adexa.ee\/en\/wp-json\/wp\/v2\/product"}],"about":[{"href":"https:\/\/adexa.ee\/en\/wp-json\/wp\/v2\/types\/product"}],"wp:featuredmedia":[{"embeddable":true,"href":"https:\/\/adexa.ee\/en\/wp-json\/wp\/v2\/media\/11156"}],"wp:attachment":[{"href":"https:\/\/adexa.ee\/en\/wp-json\/wp\/v2\/media?parent=14512"}],"wp:term":[{"taxonomy":"product_brand","embeddable":true,"href":"https:\/\/adexa.ee\/en\/wp-json\/wp\/v2\/product_brand?post=14512"},{"taxonomy":"product_cat","embeddable":true,"href":"https:\/\/adexa.ee\/en\/wp-json\/wp\/v2\/product_cat?post=14512"},{"taxonomy":"product_tag","embeddable":true,"href":"https:\/\/adexa.ee\/en\/wp-json\/wp\/v2\/product_tag?post=14512"}],"curies":[{"name":"wp","href":"https:\/\/api.w.org\/{rel}","templated":true}]}}