{"id":14552,"date":"2026-03-26T10:15:55","date_gmt":"2026-03-26T08:15:55","guid":{"rendered":"https:\/\/adexa.ee\/toode\/kasitsi-valmistatud-topeltvalamu-865x430x200mm-roostevabast-terasest-r20-pealmine-montaazivaba-paigaldus-adexa-204040d\/"},"modified":"2026-03-26T10:16:00","modified_gmt":"2026-03-26T08:16:00","slug":"kasitsi-valmistatud-topeltvalamu-865x430x200mm-roostevabast-terasest-r20-pealmine-montaazivaba-paigaldus-adexa-204040d","status":"publish","type":"product","link":"https:\/\/adexa.ee\/en\/toode\/kasitsi-valmistatud-topeltvalamu-865x430x200mm-roostevabast-terasest-r20-pealmine-montaazivaba-paigaldus-adexa-204040d\/","title":{"rendered":"K\u00e4sitsi valmistatud topeltvalamu 865x430x200mm roostevabast terasest R20 pealmine\/montaa\u017eivaba paigaldus | Adexa 204040D"},"content":{"rendered":"<p>Kombineerides funktsionaalset ja esteetilist disaini, see k\u00f5rgkvaliteetne paigaldatav valamu t\u00e4iendab iga k\u00f6\u00f6gi kujundust! Valamu on lihtne paigaldada ning sellega on kaasas kork ja \u00e4ravoolutoru. Dokumendid Kl\u00f5psake siin, et laadida alla paigaldusjuhend T\u00e4pset teavet leiate jaotisest &#8220;Spetsifikatsioon&#8221;.<\/p>\n<table style=\"border-collapse: collapse; width: 100%; text-align: left;\">\n<tbody>\n<tr>\n<td style=\"border: 1px solid #ddd; padding: 8px; width: 45%;\"><strong>S\u00fcgavus<\/strong><\/td>\n<td style=\"border: 1px solid #ddd; padding: 8px;\">440 mm<\/td>\n<\/tr>\n<tr>\n<td style=\"border: 1px solid #ddd; padding: 8px; width: 45%;\"><strong>K\u00f5rgus<\/strong><\/td>\n<td style=\"border: 1px solid #ddd; padding: 8px;\">200 mm<\/td>\n<\/tr>\n<tr>\n<td style=\"border: 1px solid #ddd; padding: 8px; width: 45%;\"><strong>Laius<\/strong><\/td>\n<td style=\"border: 1px solid #ddd; padding: 8px;\">865 mm<\/td>\n<\/tr>\n<tr>\n<td style=\"border: 1px solid #ddd; padding: 8px; width: 45%;\"><strong>Kaal<\/strong><\/td>\n<td style=\"border: 1px solid #ddd; padding: 8px;\">8 kg<\/td>\n<\/tr>\n<tr>\n<td style=\"border: 1px solid #ddd; padding: 8px; width: 45%;\"><strong>Garantii<\/strong><\/td>\n<td style=\"border: 1px solid #ddd; padding: 8px;\">12 kuu varuosade garantii<\/td>\n<\/tr>\n<tr>\n<td style=\"border: 1px solid #ddd; padding: 8px; width: 45%;\"><strong>T\u00fc\u00fcp<\/strong><\/td>\n<td style=\"border: 1px solid #ddd; padding: 8px;\">Pealismonteeritav v\u00f5i alammonteeritav<\/td>\n<\/tr>\n<tr>\n<td style=\"border: 1px solid #ddd; padding: 8px; width: 45%;\"><strong>Materjal<\/strong><\/td>\n<td style=\"border: 1px solid #ddd; padding: 8px;\">Roostevaba teras (AISI 304)<\/td>\n<\/tr>\n<tr>\n<td style=\"border: 1px solid #ddd; padding: 8px; width: 45%;\"><strong>Kaasas<\/strong><\/td>\n<td style=\"border: 1px solid #ddd; padding: 8px;\">Pistik ja \u00e4ravoolutoru<\/td>\n<\/tr>\n<tr>\n<td style=\"border: 1px solid #ddd; padding: 8px; width: 45%;\"><strong>Paksus<\/strong><\/td>\n<td style=\"border: 1px solid #ddd; padding: 8px;\">0,8 mm<\/td>\n<\/tr>\n<tr>\n<td style=\"border: 1px solid #ddd; padding: 8px; width: 45%;\"><strong>M\u00f5\u00f5tmed (kauss)<\/strong><\/td>\n<td style=\"border: 1px solid #ddd; padding: 8px;\">400x400x195mm+400x400x195mm<\/td>\n<\/tr>\n<tr>\n<td style=\"border: 1px solid #ddd; padding: 8px; width: 45%;\"><strong>Nurgaraadius<\/strong><\/td>\n<td style=\"border: 1px solid #ddd; padding: 8px;\">R20<\/td>\n<\/tr>\n<\/tbody>\n<\/table>\n","protected":false},"excerpt":{"rendered":"<p>Kombineerides funktsionaalset ja esteetilist disaini, see k\u00f5rgkvaliteetne paigaldatav valamu t\u00e4iendab iga k\u00f6\u00f6gi kujundust! Valamu on lihtne paigaldada ning sellega on<\/p>\n","protected":false},"featured_media":14554,"template":"","meta":[],"product_brand":[],"product_cat":[571,569,572,658,895,659],"product_tag":[],"class_list":{"0":"post-14552","1":"product","2":"type-product","3":"status-publish","4":"has-post-thumbnail","6":"product_cat-laovaru-muuk","7":"product_cat-lopumuuk","8":"product_cat-roostevabad-tooted","9":"product_cat-tootasapinna-valamud","10":"product_cat-alampaigutusega-valamuuksused","11":"product_cat-tootasapinnasisesed-valamud","13":"first","14":"instock","15":"sale","16":"taxable","17":"shipping-taxable","18":"purchasable","19":"product-type-simple"},"yoast_head":"<!-- This site is optimized with the Yoast SEO plugin v27.3 - https:\/\/yoast.com\/product\/yoast-seo-wordpress\/ -->\n<title>K\u00e4sitsi valmistatud topeltvalamu 865x430x200mm roostevabast terasest R20 pealmine\/montaa\u017eivaba paigaldus | Adexa 204040D - Adexa \u2013 Suurk\u00f6\u00f6giseadmed restoranidele ja toitlustusele<\/title>\n<meta name=\"robots\" content=\"index, follow, max-snippet:-1, max-image-preview:large, max-video-preview:-1\" \/>\n<link rel=\"canonical\" href=\"https:\/\/adexa.ee\/toode\/kasitsi-valmistatud-topeltvalamu-865x430x200mm-roostevabast-terasest-r20-pealmine-montaazivaba-paigaldus-adexa-204040d\/\" \/>\n<meta property=\"og:locale\" content=\"en_US\" \/>\n<meta property=\"og:type\" content=\"article\" \/>\n<meta property=\"og:title\" content=\"K\u00e4sitsi valmistatud topeltvalamu 865x430x200mm roostevabast terasest R20 pealmine\/montaa\u017eivaba paigaldus | Adexa 204040D - Adexa \u2013 Suurk\u00f6\u00f6giseadmed restoranidele ja toitlustusele\" \/>\n<meta property=\"og:description\" content=\"Kombineerides funktsionaalset ja esteetilist disaini, see k\u00f5rgkvaliteetne paigaldatav valamu t\u00e4iendab iga k\u00f6\u00f6gi kujundust! Valamu on lihtne paigaldada ning sellega on\" \/>\n<meta property=\"og:url\" content=\"https:\/\/adexa.ee\/toode\/kasitsi-valmistatud-topeltvalamu-865x430x200mm-roostevabast-terasest-r20-pealmine-montaazivaba-paigaldus-adexa-204040d\/\" \/>\n<meta property=\"og:site_name\" content=\"Adexa \u2013 Suurk\u00f6\u00f6giseadmed restoranidele ja toitlustusele\" \/>\n<meta property=\"article:modified_time\" content=\"2026-03-26T08:16:00+00:00\" \/>\n<meta property=\"og:image\" content=\"https:\/\/adexa.ee\/wp-content\/uploads\/2024\/12\/204040D.jpg\" \/>\n\t<meta property=\"og:image:width\" content=\"2000\" \/>\n\t<meta property=\"og:image:height\" content=\"2000\" \/>\n\t<meta property=\"og:image:type\" content=\"image\/jpeg\" \/>\n<meta name=\"twitter:card\" content=\"summary_large_image\" \/>\n<script type=\"application\/ld+json\" class=\"yoast-schema-graph\">{\"@context\":\"https:\\\/\\\/schema.org\",\"@graph\":[{\"@type\":\"WebPage\",\"@id\":\"https:\\\/\\\/adexa.ee\\\/toode\\\/kasitsi-valmistatud-topeltvalamu-865x430x200mm-roostevabast-terasest-r20-pealmine-montaazivaba-paigaldus-adexa-204040d\\\/\",\"url\":\"https:\\\/\\\/adexa.ee\\\/toode\\\/kasitsi-valmistatud-topeltvalamu-865x430x200mm-roostevabast-terasest-r20-pealmine-montaazivaba-paigaldus-adexa-204040d\\\/\",\"name\":\"K\u00e4sitsi valmistatud topeltvalamu 865x430x200mm roostevabast terasest R20 pealmine\\\/montaa\u017eivaba paigaldus | Adexa 204040D - Adexa \u2013 Suurk\u00f6\u00f6giseadmed restoranidele ja toitlustusele\",\"isPartOf\":{\"@id\":\"https:\\\/\\\/adexa.ee\\\/#website\"},\"primaryImageOfPage\":{\"@id\":\"https:\\\/\\\/adexa.ee\\\/toode\\\/kasitsi-valmistatud-topeltvalamu-865x430x200mm-roostevabast-terasest-r20-pealmine-montaazivaba-paigaldus-adexa-204040d\\\/#primaryimage\"},\"image\":{\"@id\":\"https:\\\/\\\/adexa.ee\\\/toode\\\/kasitsi-valmistatud-topeltvalamu-865x430x200mm-roostevabast-terasest-r20-pealmine-montaazivaba-paigaldus-adexa-204040d\\\/#primaryimage\"},\"thumbnailUrl\":\"https:\\\/\\\/adexa.ee\\\/wp-content\\\/uploads\\\/2024\\\/12\\\/204040D.jpg\",\"datePublished\":\"2026-03-26T08:15:55+00:00\",\"dateModified\":\"2026-03-26T08:16:00+00:00\",\"breadcrumb\":{\"@id\":\"https:\\\/\\\/adexa.ee\\\/toode\\\/kasitsi-valmistatud-topeltvalamu-865x430x200mm-roostevabast-terasest-r20-pealmine-montaazivaba-paigaldus-adexa-204040d\\\/#breadcrumb\"},\"inLanguage\":\"en-US\",\"potentialAction\":[{\"@type\":\"ReadAction\",\"target\":[\"https:\\\/\\\/adexa.ee\\\/toode\\\/kasitsi-valmistatud-topeltvalamu-865x430x200mm-roostevabast-terasest-r20-pealmine-montaazivaba-paigaldus-adexa-204040d\\\/\"]}]},{\"@type\":\"ImageObject\",\"inLanguage\":\"en-US\",\"@id\":\"https:\\\/\\\/adexa.ee\\\/toode\\\/kasitsi-valmistatud-topeltvalamu-865x430x200mm-roostevabast-terasest-r20-pealmine-montaazivaba-paigaldus-adexa-204040d\\\/#primaryimage\",\"url\":\"https:\\\/\\\/adexa.ee\\\/wp-content\\\/uploads\\\/2024\\\/12\\\/204040D.jpg\",\"contentUrl\":\"https:\\\/\\\/adexa.ee\\\/wp-content\\\/uploads\\\/2024\\\/12\\\/204040D.jpg\",\"width\":2000,\"height\":2000},{\"@type\":\"BreadcrumbList\",\"@id\":\"https:\\\/\\\/adexa.ee\\\/toode\\\/kasitsi-valmistatud-topeltvalamu-865x430x200mm-roostevabast-terasest-r20-pealmine-montaazivaba-paigaldus-adexa-204040d\\\/#breadcrumb\",\"itemListElement\":[{\"@type\":\"ListItem\",\"position\":1,\"name\":\"Home\",\"item\":\"https:\\\/\\\/adexa.ee\\\/\"},{\"@type\":\"ListItem\",\"position\":2,\"name\":\"Tooted\",\"item\":\"https:\\\/\\\/adexa.ee\\\/pood\\\/\"},{\"@type\":\"ListItem\",\"position\":3,\"name\":\"K\u00e4sitsi valmistatud topeltvalamu 865x430x200mm roostevabast terasest R20 pealmine\\\/montaa\u017eivaba paigaldus | Adexa 204040D\"}]},{\"@type\":\"WebSite\",\"@id\":\"https:\\\/\\\/adexa.ee\\\/#website\",\"url\":\"https:\\\/\\\/adexa.ee\\\/\",\"name\":\"Adexa\",\"description\":\"\",\"publisher\":{\"@id\":\"https:\\\/\\\/adexa.ee\\\/#organization\"},\"potentialAction\":[{\"@type\":\"SearchAction\",\"target\":{\"@type\":\"EntryPoint\",\"urlTemplate\":\"https:\\\/\\\/adexa.ee\\\/?s={search_term_string}\"},\"query-input\":{\"@type\":\"PropertyValueSpecification\",\"valueRequired\":true,\"valueName\":\"search_term_string\"}}],\"inLanguage\":\"en-US\"},{\"@type\":\"Organization\",\"@id\":\"https:\\\/\\\/adexa.ee\\\/#organization\",\"name\":\"Adexa\",\"url\":\"https:\\\/\\\/adexa.ee\\\/\",\"logo\":{\"@type\":\"ImageObject\",\"inLanguage\":\"en-US\",\"@id\":\"https:\\\/\\\/adexa.ee\\\/#\\\/schema\\\/logo\\\/image\\\/\",\"url\":\"https:\\\/\\\/adexa.ee\\\/wp-content\\\/uploads\\\/2024\\\/04\\\/chef-cooks-working-in-professional-kitchen-2023-11-27-05-07-39-utc-scaled.jpg\",\"contentUrl\":\"https:\\\/\\\/adexa.ee\\\/wp-content\\\/uploads\\\/2024\\\/04\\\/chef-cooks-working-in-professional-kitchen-2023-11-27-05-07-39-utc-scaled.jpg\",\"width\":2560,\"height\":1708,\"caption\":\"Adexa\"},\"image\":{\"@id\":\"https:\\\/\\\/adexa.ee\\\/#\\\/schema\\\/logo\\\/image\\\/\"}}]}<\/script>\n<!-- \/ Yoast SEO plugin. -->","yoast_head_json":{"title":"K\u00e4sitsi valmistatud topeltvalamu 865x430x200mm roostevabast terasest R20 pealmine\/montaa\u017eivaba paigaldus | Adexa 204040D - Adexa \u2013 Suurk\u00f6\u00f6giseadmed restoranidele ja toitlustusele","robots":{"index":"index","follow":"follow","max-snippet":"max-snippet:-1","max-image-preview":"max-image-preview:large","max-video-preview":"max-video-preview:-1"},"canonical":"https:\/\/adexa.ee\/toode\/kasitsi-valmistatud-topeltvalamu-865x430x200mm-roostevabast-terasest-r20-pealmine-montaazivaba-paigaldus-adexa-204040d\/","og_locale":"en_US","og_type":"article","og_title":"K\u00e4sitsi valmistatud topeltvalamu 865x430x200mm roostevabast terasest R20 pealmine\/montaa\u017eivaba paigaldus | Adexa 204040D - Adexa \u2013 Suurk\u00f6\u00f6giseadmed restoranidele ja toitlustusele","og_description":"Kombineerides funktsionaalset ja esteetilist disaini, see k\u00f5rgkvaliteetne paigaldatav valamu t\u00e4iendab iga k\u00f6\u00f6gi kujundust! Valamu on lihtne paigaldada ning sellega on","og_url":"https:\/\/adexa.ee\/toode\/kasitsi-valmistatud-topeltvalamu-865x430x200mm-roostevabast-terasest-r20-pealmine-montaazivaba-paigaldus-adexa-204040d\/","og_site_name":"Adexa \u2013 Suurk\u00f6\u00f6giseadmed restoranidele ja toitlustusele","article_modified_time":"2026-03-26T08:16:00+00:00","og_image":[{"width":2000,"height":2000,"url":"https:\/\/adexa.ee\/wp-content\/uploads\/2024\/12\/204040D.jpg","type":"image\/jpeg"}],"twitter_card":"summary_large_image","schema":{"@context":"https:\/\/schema.org","@graph":[{"@type":"WebPage","@id":"https:\/\/adexa.ee\/toode\/kasitsi-valmistatud-topeltvalamu-865x430x200mm-roostevabast-terasest-r20-pealmine-montaazivaba-paigaldus-adexa-204040d\/","url":"https:\/\/adexa.ee\/toode\/kasitsi-valmistatud-topeltvalamu-865x430x200mm-roostevabast-terasest-r20-pealmine-montaazivaba-paigaldus-adexa-204040d\/","name":"K\u00e4sitsi valmistatud topeltvalamu 865x430x200mm roostevabast terasest R20 pealmine\/montaa\u017eivaba paigaldus | Adexa 204040D - Adexa \u2013 Suurk\u00f6\u00f6giseadmed restoranidele ja toitlustusele","isPartOf":{"@id":"https:\/\/adexa.ee\/#website"},"primaryImageOfPage":{"@id":"https:\/\/adexa.ee\/toode\/kasitsi-valmistatud-topeltvalamu-865x430x200mm-roostevabast-terasest-r20-pealmine-montaazivaba-paigaldus-adexa-204040d\/#primaryimage"},"image":{"@id":"https:\/\/adexa.ee\/toode\/kasitsi-valmistatud-topeltvalamu-865x430x200mm-roostevabast-terasest-r20-pealmine-montaazivaba-paigaldus-adexa-204040d\/#primaryimage"},"thumbnailUrl":"https:\/\/adexa.ee\/wp-content\/uploads\/2024\/12\/204040D.jpg","datePublished":"2026-03-26T08:15:55+00:00","dateModified":"2026-03-26T08:16:00+00:00","breadcrumb":{"@id":"https:\/\/adexa.ee\/toode\/kasitsi-valmistatud-topeltvalamu-865x430x200mm-roostevabast-terasest-r20-pealmine-montaazivaba-paigaldus-adexa-204040d\/#breadcrumb"},"inLanguage":"en-US","potentialAction":[{"@type":"ReadAction","target":["https:\/\/adexa.ee\/toode\/kasitsi-valmistatud-topeltvalamu-865x430x200mm-roostevabast-terasest-r20-pealmine-montaazivaba-paigaldus-adexa-204040d\/"]}]},{"@type":"ImageObject","inLanguage":"en-US","@id":"https:\/\/adexa.ee\/toode\/kasitsi-valmistatud-topeltvalamu-865x430x200mm-roostevabast-terasest-r20-pealmine-montaazivaba-paigaldus-adexa-204040d\/#primaryimage","url":"https:\/\/adexa.ee\/wp-content\/uploads\/2024\/12\/204040D.jpg","contentUrl":"https:\/\/adexa.ee\/wp-content\/uploads\/2024\/12\/204040D.jpg","width":2000,"height":2000},{"@type":"BreadcrumbList","@id":"https:\/\/adexa.ee\/toode\/kasitsi-valmistatud-topeltvalamu-865x430x200mm-roostevabast-terasest-r20-pealmine-montaazivaba-paigaldus-adexa-204040d\/#breadcrumb","itemListElement":[{"@type":"ListItem","position":1,"name":"Home","item":"https:\/\/adexa.ee\/"},{"@type":"ListItem","position":2,"name":"Tooted","item":"https:\/\/adexa.ee\/pood\/"},{"@type":"ListItem","position":3,"name":"K\u00e4sitsi valmistatud topeltvalamu 865x430x200mm roostevabast terasest R20 pealmine\/montaa\u017eivaba paigaldus | Adexa 204040D"}]},{"@type":"WebSite","@id":"https:\/\/adexa.ee\/#website","url":"https:\/\/adexa.ee\/","name":"Adexa","description":"","publisher":{"@id":"https:\/\/adexa.ee\/#organization"},"potentialAction":[{"@type":"SearchAction","target":{"@type":"EntryPoint","urlTemplate":"https:\/\/adexa.ee\/?s={search_term_string}"},"query-input":{"@type":"PropertyValueSpecification","valueRequired":true,"valueName":"search_term_string"}}],"inLanguage":"en-US"},{"@type":"Organization","@id":"https:\/\/adexa.ee\/#organization","name":"Adexa","url":"https:\/\/adexa.ee\/","logo":{"@type":"ImageObject","inLanguage":"en-US","@id":"https:\/\/adexa.ee\/#\/schema\/logo\/image\/","url":"https:\/\/adexa.ee\/wp-content\/uploads\/2024\/04\/chef-cooks-working-in-professional-kitchen-2023-11-27-05-07-39-utc-scaled.jpg","contentUrl":"https:\/\/adexa.ee\/wp-content\/uploads\/2024\/04\/chef-cooks-working-in-professional-kitchen-2023-11-27-05-07-39-utc-scaled.jpg","width":2560,"height":1708,"caption":"Adexa"},"image":{"@id":"https:\/\/adexa.ee\/#\/schema\/logo\/image\/"}}]}},"_links":{"self":[{"href":"https:\/\/adexa.ee\/en\/wp-json\/wp\/v2\/product\/14552","targetHints":{"allow":["GET"]}}],"collection":[{"href":"https:\/\/adexa.ee\/en\/wp-json\/wp\/v2\/product"}],"about":[{"href":"https:\/\/adexa.ee\/en\/wp-json\/wp\/v2\/types\/product"}],"wp:featuredmedia":[{"embeddable":true,"href":"https:\/\/adexa.ee\/en\/wp-json\/wp\/v2\/media\/14554"}],"wp:attachment":[{"href":"https:\/\/adexa.ee\/en\/wp-json\/wp\/v2\/media?parent=14552"}],"wp:term":[{"taxonomy":"product_brand","embeddable":true,"href":"https:\/\/adexa.ee\/en\/wp-json\/wp\/v2\/product_brand?post=14552"},{"taxonomy":"product_cat","embeddable":true,"href":"https:\/\/adexa.ee\/en\/wp-json\/wp\/v2\/product_cat?post=14552"},{"taxonomy":"product_tag","embeddable":true,"href":"https:\/\/adexa.ee\/en\/wp-json\/wp\/v2\/product_tag?post=14552"}],"curies":[{"name":"wp","href":"https:\/\/api.w.org\/{rel}","templated":true}]}}