{"id":14559,"date":"2026-03-26T10:15:55","date_gmt":"2026-03-26T08:15:55","guid":{"rendered":"https:\/\/adexa.ee\/toode\/raskeveoline-kahe-sangaga-soelakauss-10l-roostevabast-terasest-adexa-cl3620\/"},"modified":"2026-03-26T10:16:01","modified_gmt":"2026-03-26T08:16:01","slug":"kahe-sangaga-soelkauss-10l-roostevabast-terasest-adexa-cl3620","status":"publish","type":"product","link":"https:\/\/adexa.ee\/en\/toode\/kahe-sangaga-soelkauss-10l-roostevabast-terasest-adexa-cl3620\/","title":{"rendered":"Kahe sangaga s\u00f5elkauss 10L roostevabast terasest | Adexa CL3620"},"content":{"rendered":"<p>See mitmek\u00fclgne s\u00f5el v\u00f5imaldab h\u00f5lpsalt puu-, k\u00f6\u00f6givilju ja pastat kurnata t\u00e4nu oma t\u00e4pselt paigutatud aukudele. Kahel tugevate k\u00e4epidemetega saavad teie k\u00f6\u00f6git\u00f6\u00f6tajad kiiresti ja vaevata suuri koguseid toitu kurnata ja transportida. Palun vaadake t\u00e4psema teabe saamiseks jaotist \u201eSpetsifikatsioon\u201c.<\/p>\n<table style=\"border-collapse: collapse; width: 100%; text-align: left;\">\n<tbody>\n<tr>\n<td style=\"border: 1px solid #ddd; padding: 8px; width: 45%;\"><strong>K\u00f5rgus<\/strong><\/td>\n<td style=\"border: 1px solid #ddd; padding: 8px;\">200 mm<\/td>\n<\/tr>\n<tr>\n<td style=\"border: 1px solid #ddd; padding: 8px; width: 45%;\"><strong>Mahutavus<\/strong><\/td>\n<td style=\"border: 1px solid #ddd; padding: 8px;\">10 liitrit<\/td>\n<\/tr>\n<tr>\n<td style=\"border: 1px solid #ddd; padding: 8px; width: 45%;\"><strong>Materjal<\/strong><\/td>\n<td style=\"border: 1px solid #ddd; padding: 8px;\">Roostevaba teras<\/td>\n<\/tr>\n<tr>\n<td style=\"border: 1px solid #ddd; padding: 8px; width: 45%;\"><strong>L\u00e4bim\u00f5\u00f5t<\/strong><\/td>\n<td style=\"border: 1px solid #ddd; padding: 8px;\">360 mm<\/td>\n<\/tr>\n<\/tbody>\n<\/table>\n","protected":false},"excerpt":{"rendered":"<p>See mitmek\u00fclgne s\u00f5el v\u00f5imaldab h\u00f5lpsalt puu-, k\u00f6\u00f6givilju ja pastat kurnata t\u00e4nu oma t\u00e4pselt paigutatud aukudele. Kahel tugevate k\u00e4epidemetega saavad teie<\/p>\n","protected":false},"featured_media":13392,"template":"","meta":[],"product_brand":[],"product_cat":[580,579,876],"product_tag":[],"class_list":{"0":"post-14559","1":"product","2":"type-product","3":"status-publish","4":"has-post-thumbnail","6":"product_cat-koogiriistad","7":"product_cat-koogitarbed-noud","8":"product_cat-kurnad-ja-soelad","10":"first","11":"instock","12":"sale","13":"taxable","14":"shipping-taxable","15":"purchasable","16":"product-type-simple"},"yoast_head":"<!-- This site is optimized with the Yoast SEO plugin v27.3 - https:\/\/yoast.com\/product\/yoast-seo-wordpress\/ -->\n<title>Kahe sangaga s\u00f5elkauss 10L roostevabast terasest | Adexa CL3620 - Adexa \u2013 Suurk\u00f6\u00f6giseadmed restoranidele ja toitlustusele<\/title>\n<meta name=\"robots\" content=\"index, follow, max-snippet:-1, max-image-preview:large, max-video-preview:-1\" \/>\n<link rel=\"canonical\" href=\"https:\/\/adexa.ee\/toode\/kahe-sangaga-soelkauss-10l-roostevabast-terasest-adexa-cl3620\/\" \/>\n<meta property=\"og:locale\" content=\"en_US\" \/>\n<meta property=\"og:type\" content=\"article\" \/>\n<meta property=\"og:title\" content=\"Kahe sangaga s\u00f5elkauss 10L roostevabast terasest | Adexa CL3620 - Adexa \u2013 Suurk\u00f6\u00f6giseadmed restoranidele ja toitlustusele\" \/>\n<meta property=\"og:description\" content=\"See mitmek\u00fclgne s\u00f5el v\u00f5imaldab h\u00f5lpsalt puu-, k\u00f6\u00f6givilju ja pastat kurnata t\u00e4nu oma t\u00e4pselt paigutatud aukudele. Kahel tugevate k\u00e4epidemetega saavad teie\" \/>\n<meta property=\"og:url\" content=\"https:\/\/adexa.ee\/toode\/kahe-sangaga-soelkauss-10l-roostevabast-terasest-adexa-cl3620\/\" \/>\n<meta property=\"og:site_name\" content=\"Adexa \u2013 Suurk\u00f6\u00f6giseadmed restoranidele ja toitlustusele\" \/>\n<meta property=\"article:modified_time\" content=\"2026-03-26T08:16:01+00:00\" \/>\n<meta property=\"og:image\" content=\"https:\/\/adexa.ee\/wp-content\/uploads\/2024\/12\/CL-colander.jpg\" \/>\n\t<meta property=\"og:image:width\" content=\"1200\" \/>\n\t<meta property=\"og:image:height\" content=\"1200\" \/>\n\t<meta property=\"og:image:type\" content=\"image\/jpeg\" \/>\n<meta name=\"twitter:card\" content=\"summary_large_image\" \/>\n<script type=\"application\/ld+json\" class=\"yoast-schema-graph\">{\"@context\":\"https:\\\/\\\/schema.org\",\"@graph\":[{\"@type\":\"WebPage\",\"@id\":\"https:\\\/\\\/adexa.ee\\\/toode\\\/kahe-sangaga-soelkauss-10l-roostevabast-terasest-adexa-cl3620\\\/\",\"url\":\"https:\\\/\\\/adexa.ee\\\/toode\\\/kahe-sangaga-soelkauss-10l-roostevabast-terasest-adexa-cl3620\\\/\",\"name\":\"Kahe sangaga s\u00f5elkauss 10L roostevabast terasest | Adexa CL3620 - Adexa \u2013 Suurk\u00f6\u00f6giseadmed restoranidele ja toitlustusele\",\"isPartOf\":{\"@id\":\"https:\\\/\\\/adexa.ee\\\/#website\"},\"primaryImageOfPage\":{\"@id\":\"https:\\\/\\\/adexa.ee\\\/toode\\\/kahe-sangaga-soelkauss-10l-roostevabast-terasest-adexa-cl3620\\\/#primaryimage\"},\"image\":{\"@id\":\"https:\\\/\\\/adexa.ee\\\/toode\\\/kahe-sangaga-soelkauss-10l-roostevabast-terasest-adexa-cl3620\\\/#primaryimage\"},\"thumbnailUrl\":\"https:\\\/\\\/adexa.ee\\\/wp-content\\\/uploads\\\/2024\\\/12\\\/CL-colander.jpg\",\"datePublished\":\"2026-03-26T08:15:55+00:00\",\"dateModified\":\"2026-03-26T08:16:01+00:00\",\"breadcrumb\":{\"@id\":\"https:\\\/\\\/adexa.ee\\\/toode\\\/kahe-sangaga-soelkauss-10l-roostevabast-terasest-adexa-cl3620\\\/#breadcrumb\"},\"inLanguage\":\"en-US\",\"potentialAction\":[{\"@type\":\"ReadAction\",\"target\":[\"https:\\\/\\\/adexa.ee\\\/toode\\\/kahe-sangaga-soelkauss-10l-roostevabast-terasest-adexa-cl3620\\\/\"]}]},{\"@type\":\"ImageObject\",\"inLanguage\":\"en-US\",\"@id\":\"https:\\\/\\\/adexa.ee\\\/toode\\\/kahe-sangaga-soelkauss-10l-roostevabast-terasest-adexa-cl3620\\\/#primaryimage\",\"url\":\"https:\\\/\\\/adexa.ee\\\/wp-content\\\/uploads\\\/2024\\\/12\\\/CL-colander.jpg\",\"contentUrl\":\"https:\\\/\\\/adexa.ee\\\/wp-content\\\/uploads\\\/2024\\\/12\\\/CL-colander.jpg\",\"width\":1200,\"height\":1200},{\"@type\":\"BreadcrumbList\",\"@id\":\"https:\\\/\\\/adexa.ee\\\/toode\\\/kahe-sangaga-soelkauss-10l-roostevabast-terasest-adexa-cl3620\\\/#breadcrumb\",\"itemListElement\":[{\"@type\":\"ListItem\",\"position\":1,\"name\":\"Home\",\"item\":\"https:\\\/\\\/adexa.ee\\\/\"},{\"@type\":\"ListItem\",\"position\":2,\"name\":\"Tooted\",\"item\":\"https:\\\/\\\/adexa.ee\\\/pood\\\/\"},{\"@type\":\"ListItem\",\"position\":3,\"name\":\"Kahe sangaga s\u00f5elkauss 10L roostevabast terasest | Adexa CL3620\"}]},{\"@type\":\"WebSite\",\"@id\":\"https:\\\/\\\/adexa.ee\\\/#website\",\"url\":\"https:\\\/\\\/adexa.ee\\\/\",\"name\":\"Adexa\",\"description\":\"\",\"publisher\":{\"@id\":\"https:\\\/\\\/adexa.ee\\\/#organization\"},\"potentialAction\":[{\"@type\":\"SearchAction\",\"target\":{\"@type\":\"EntryPoint\",\"urlTemplate\":\"https:\\\/\\\/adexa.ee\\\/?s={search_term_string}\"},\"query-input\":{\"@type\":\"PropertyValueSpecification\",\"valueRequired\":true,\"valueName\":\"search_term_string\"}}],\"inLanguage\":\"en-US\"},{\"@type\":\"Organization\",\"@id\":\"https:\\\/\\\/adexa.ee\\\/#organization\",\"name\":\"Adexa\",\"url\":\"https:\\\/\\\/adexa.ee\\\/\",\"logo\":{\"@type\":\"ImageObject\",\"inLanguage\":\"en-US\",\"@id\":\"https:\\\/\\\/adexa.ee\\\/#\\\/schema\\\/logo\\\/image\\\/\",\"url\":\"https:\\\/\\\/adexa.ee\\\/wp-content\\\/uploads\\\/2024\\\/04\\\/chef-cooks-working-in-professional-kitchen-2023-11-27-05-07-39-utc-scaled.jpg\",\"contentUrl\":\"https:\\\/\\\/adexa.ee\\\/wp-content\\\/uploads\\\/2024\\\/04\\\/chef-cooks-working-in-professional-kitchen-2023-11-27-05-07-39-utc-scaled.jpg\",\"width\":2560,\"height\":1708,\"caption\":\"Adexa\"},\"image\":{\"@id\":\"https:\\\/\\\/adexa.ee\\\/#\\\/schema\\\/logo\\\/image\\\/\"}}]}<\/script>\n<!-- \/ Yoast SEO plugin. -->","yoast_head_json":{"title":"Kahe sangaga s\u00f5elkauss 10L roostevabast terasest | Adexa CL3620 - Adexa \u2013 Suurk\u00f6\u00f6giseadmed restoranidele ja toitlustusele","robots":{"index":"index","follow":"follow","max-snippet":"max-snippet:-1","max-image-preview":"max-image-preview:large","max-video-preview":"max-video-preview:-1"},"canonical":"https:\/\/adexa.ee\/toode\/kahe-sangaga-soelkauss-10l-roostevabast-terasest-adexa-cl3620\/","og_locale":"en_US","og_type":"article","og_title":"Kahe sangaga s\u00f5elkauss 10L roostevabast terasest | Adexa CL3620 - Adexa \u2013 Suurk\u00f6\u00f6giseadmed restoranidele ja toitlustusele","og_description":"See mitmek\u00fclgne s\u00f5el v\u00f5imaldab h\u00f5lpsalt puu-, k\u00f6\u00f6givilju ja pastat kurnata t\u00e4nu oma t\u00e4pselt paigutatud aukudele. Kahel tugevate k\u00e4epidemetega saavad teie","og_url":"https:\/\/adexa.ee\/toode\/kahe-sangaga-soelkauss-10l-roostevabast-terasest-adexa-cl3620\/","og_site_name":"Adexa \u2013 Suurk\u00f6\u00f6giseadmed restoranidele ja toitlustusele","article_modified_time":"2026-03-26T08:16:01+00:00","og_image":[{"width":1200,"height":1200,"url":"https:\/\/adexa.ee\/wp-content\/uploads\/2024\/12\/CL-colander.jpg","type":"image\/jpeg"}],"twitter_card":"summary_large_image","schema":{"@context":"https:\/\/schema.org","@graph":[{"@type":"WebPage","@id":"https:\/\/adexa.ee\/toode\/kahe-sangaga-soelkauss-10l-roostevabast-terasest-adexa-cl3620\/","url":"https:\/\/adexa.ee\/toode\/kahe-sangaga-soelkauss-10l-roostevabast-terasest-adexa-cl3620\/","name":"Kahe sangaga s\u00f5elkauss 10L roostevabast terasest | Adexa CL3620 - Adexa \u2013 Suurk\u00f6\u00f6giseadmed restoranidele ja toitlustusele","isPartOf":{"@id":"https:\/\/adexa.ee\/#website"},"primaryImageOfPage":{"@id":"https:\/\/adexa.ee\/toode\/kahe-sangaga-soelkauss-10l-roostevabast-terasest-adexa-cl3620\/#primaryimage"},"image":{"@id":"https:\/\/adexa.ee\/toode\/kahe-sangaga-soelkauss-10l-roostevabast-terasest-adexa-cl3620\/#primaryimage"},"thumbnailUrl":"https:\/\/adexa.ee\/wp-content\/uploads\/2024\/12\/CL-colander.jpg","datePublished":"2026-03-26T08:15:55+00:00","dateModified":"2026-03-26T08:16:01+00:00","breadcrumb":{"@id":"https:\/\/adexa.ee\/toode\/kahe-sangaga-soelkauss-10l-roostevabast-terasest-adexa-cl3620\/#breadcrumb"},"inLanguage":"en-US","potentialAction":[{"@type":"ReadAction","target":["https:\/\/adexa.ee\/toode\/kahe-sangaga-soelkauss-10l-roostevabast-terasest-adexa-cl3620\/"]}]},{"@type":"ImageObject","inLanguage":"en-US","@id":"https:\/\/adexa.ee\/toode\/kahe-sangaga-soelkauss-10l-roostevabast-terasest-adexa-cl3620\/#primaryimage","url":"https:\/\/adexa.ee\/wp-content\/uploads\/2024\/12\/CL-colander.jpg","contentUrl":"https:\/\/adexa.ee\/wp-content\/uploads\/2024\/12\/CL-colander.jpg","width":1200,"height":1200},{"@type":"BreadcrumbList","@id":"https:\/\/adexa.ee\/toode\/kahe-sangaga-soelkauss-10l-roostevabast-terasest-adexa-cl3620\/#breadcrumb","itemListElement":[{"@type":"ListItem","position":1,"name":"Home","item":"https:\/\/adexa.ee\/"},{"@type":"ListItem","position":2,"name":"Tooted","item":"https:\/\/adexa.ee\/pood\/"},{"@type":"ListItem","position":3,"name":"Kahe sangaga s\u00f5elkauss 10L roostevabast terasest | Adexa CL3620"}]},{"@type":"WebSite","@id":"https:\/\/adexa.ee\/#website","url":"https:\/\/adexa.ee\/","name":"Adexa","description":"","publisher":{"@id":"https:\/\/adexa.ee\/#organization"},"potentialAction":[{"@type":"SearchAction","target":{"@type":"EntryPoint","urlTemplate":"https:\/\/adexa.ee\/?s={search_term_string}"},"query-input":{"@type":"PropertyValueSpecification","valueRequired":true,"valueName":"search_term_string"}}],"inLanguage":"en-US"},{"@type":"Organization","@id":"https:\/\/adexa.ee\/#organization","name":"Adexa","url":"https:\/\/adexa.ee\/","logo":{"@type":"ImageObject","inLanguage":"en-US","@id":"https:\/\/adexa.ee\/#\/schema\/logo\/image\/","url":"https:\/\/adexa.ee\/wp-content\/uploads\/2024\/04\/chef-cooks-working-in-professional-kitchen-2023-11-27-05-07-39-utc-scaled.jpg","contentUrl":"https:\/\/adexa.ee\/wp-content\/uploads\/2024\/04\/chef-cooks-working-in-professional-kitchen-2023-11-27-05-07-39-utc-scaled.jpg","width":2560,"height":1708,"caption":"Adexa"},"image":{"@id":"https:\/\/adexa.ee\/#\/schema\/logo\/image\/"}}]}},"_links":{"self":[{"href":"https:\/\/adexa.ee\/en\/wp-json\/wp\/v2\/product\/14559","targetHints":{"allow":["GET"]}}],"collection":[{"href":"https:\/\/adexa.ee\/en\/wp-json\/wp\/v2\/product"}],"about":[{"href":"https:\/\/adexa.ee\/en\/wp-json\/wp\/v2\/types\/product"}],"wp:featuredmedia":[{"embeddable":true,"href":"https:\/\/adexa.ee\/en\/wp-json\/wp\/v2\/media\/13392"}],"wp:attachment":[{"href":"https:\/\/adexa.ee\/en\/wp-json\/wp\/v2\/media?parent=14559"}],"wp:term":[{"taxonomy":"product_brand","embeddable":true,"href":"https:\/\/adexa.ee\/en\/wp-json\/wp\/v2\/product_brand?post=14559"},{"taxonomy":"product_cat","embeddable":true,"href":"https:\/\/adexa.ee\/en\/wp-json\/wp\/v2\/product_cat?post=14559"},{"taxonomy":"product_tag","embeddable":true,"href":"https:\/\/adexa.ee\/en\/wp-json\/wp\/v2\/product_tag?post=14559"}],"curies":[{"name":"wp","href":"https:\/\/api.w.org\/{rel}","templated":true}]}}