{"id":14579,"date":"2026-03-31T22:45:17","date_gmt":"2026-03-31T19:45:17","guid":{"rendered":"https:\/\/adexa.ee\/toode\/reguleeritav-koogiviljade-poordloikur-adexa-cmx155\/"},"modified":"2026-03-31T22:45:18","modified_gmt":"2026-03-31T19:45:18","slug":"reguleeritav-koogivilja-loikur-adexa-cmx155","status":"publish","type":"product","link":"https:\/\/adexa.ee\/en\/toode\/reguleeritav-koogivilja-loikur-adexa-cmx155\/","title":{"rendered":"Reguleeritav K\u00f6\u00f6givilja l\u00f5ikur | Adexa CMX155"},"content":{"rendered":"<p>Reguleeritav k\u00f6\u00f6giviljal\u00f5ikur v\u00f5ib k\u00f6\u00f6gis s\u00e4\u00e4sta aega ja vaeva, tagades samal ajal \u00fchtlasemad l\u00f5iked vahemikus 1 mm kuni 18 mm. See p\u00f6\u00f6rdl\u00f5ikur on lihtne ja ohutu kasutada: lihtsalt asetage k\u00f6\u00f6givili v\u00f5i puuvili anumasse ja keerake juhtnuppe kasutades turvalist k\u00e4epidet, samal ajal kui roostevabast terasest tera (mis on ohutult varjatud) l\u00f5ikab k\u00f6\u00f6givilju seadistatud laiuses. \u00c4rge raisake oma k\u00f6\u00f6gipersonali aega k\u00f6\u00f6giviljade l\u00f5ikamiseks, kui see k\u00f6\u00f6giviljal\u00f5ikur suudab t\u00f6\u00f6 teha t\u00f5husamalt ja kiiremini. T\u00e4psema teabe saamiseks vaadake jaotist &#8220;Spetsifikatsioon&#8221;.<\/p>\n<table style=\"border-collapse: collapse; width: 100%; text-align: left;\">\n<tbody>\n<tr>\n<td style=\"border: 1px solid #ddd; padding: 8px; width: 45%;\"><strong>S\u00fcgavus<\/strong><\/td>\n<td style=\"border: 1px solid #ddd; padding: 8px;\">410 mm<\/td>\n<\/tr>\n<tr>\n<td style=\"border: 1px solid #ddd; padding: 8px; width: 45%;\"><strong>Laius<\/strong><\/td>\n<td style=\"border: 1px solid #ddd; padding: 8px;\">410 mm<\/td>\n<\/tr>\n<tr>\n<td style=\"border: 1px solid #ddd; padding: 8px; width: 45%;\"><strong>Kaal<\/strong><\/td>\n<td style=\"border: 1px solid #ddd; padding: 8px;\">5,3 kg<\/td>\n<\/tr>\n<tr>\n<td style=\"border: 1px solid #ddd; padding: 8px; width: 45%;\"><strong>Materjal<\/strong><\/td>\n<td style=\"border: 1px solid #ddd; padding: 8px;\">Roostevaba teras &#038; alumiinium<\/td>\n<\/tr>\n<tr>\n<td style=\"border: 1px solid #ddd; padding: 8px; width: 45%;\"><strong>Paksus (viilud)<\/strong><\/td>\n<td style=\"border: 1px solid #ddd; padding: 8px;\">1 kuni 18 mm<\/td>\n<\/tr>\n<\/tbody>\n<\/table>\n","protected":false},"excerpt":{"rendered":"<p>Reguleeritav k\u00f6\u00f6giviljal\u00f5ikur v\u00f5ib k\u00f6\u00f6gis s\u00e4\u00e4sta aega ja vaeva, tagades samal ajal \u00fchtlasemad l\u00f5iked vahemikus 1 mm kuni 18 mm. See<\/p>\n","protected":false},"featured_media":14582,"template":"","meta":[],"product_brand":[],"product_cat":[714,874,571],"product_tag":[],"class_list":{"0":"post-14579","1":"product","2":"type-product","3":"status-publish","4":"has-post-thumbnail","6":"product_cat-ettevalmistus","7":"product_cat-koogiviljaloikurid","8":"product_cat-laovaru-muuk","10":"first","11":"instock","12":"sale","13":"taxable","14":"shipping-taxable","15":"purchasable","16":"product-type-simple"},"yoast_head":"<!-- This site is optimized with the Yoast SEO plugin v27.3 - https:\/\/yoast.com\/product\/yoast-seo-wordpress\/ -->\n<title>Reguleeritav K\u00f6\u00f6givilja l\u00f5ikur | Adexa CMX155 - Adexa \u2013 Suurk\u00f6\u00f6giseadmed restoranidele ja toitlustusele<\/title>\n<meta name=\"robots\" content=\"index, follow, max-snippet:-1, max-image-preview:large, max-video-preview:-1\" \/>\n<link rel=\"canonical\" href=\"https:\/\/adexa.ee\/toode\/reguleeritav-koogivilja-loikur-adexa-cmx155\/\" \/>\n<meta property=\"og:locale\" content=\"en_US\" \/>\n<meta property=\"og:type\" content=\"article\" \/>\n<meta property=\"og:title\" content=\"Reguleeritav K\u00f6\u00f6givilja l\u00f5ikur | Adexa CMX155 - Adexa \u2013 Suurk\u00f6\u00f6giseadmed restoranidele ja toitlustusele\" \/>\n<meta property=\"og:description\" content=\"Reguleeritav k\u00f6\u00f6giviljal\u00f5ikur v\u00f5ib k\u00f6\u00f6gis s\u00e4\u00e4sta aega ja vaeva, tagades samal ajal \u00fchtlasemad l\u00f5iked vahemikus 1 mm kuni 18 mm. See\" \/>\n<meta property=\"og:url\" content=\"https:\/\/adexa.ee\/toode\/reguleeritav-koogivilja-loikur-adexa-cmx155\/\" \/>\n<meta property=\"og:site_name\" content=\"Adexa \u2013 Suurk\u00f6\u00f6giseadmed restoranidele ja toitlustusele\" \/>\n<meta property=\"article:modified_time\" content=\"2026-03-31T19:45:18+00:00\" \/>\n<meta property=\"og:image\" content=\"https:\/\/adexa.ee\/wp-content\/uploads\/2024\/12\/CMX155-.jpg\" \/>\n\t<meta property=\"og:image:width\" content=\"1008\" \/>\n\t<meta property=\"og:image:height\" content=\"1008\" \/>\n\t<meta property=\"og:image:type\" content=\"image\/jpeg\" \/>\n<meta name=\"twitter:card\" content=\"summary_large_image\" \/>\n<meta name=\"twitter:label1\" content=\"Est. reading time\" \/>\n\t<meta name=\"twitter:data1\" content=\"1 minute\" \/>\n<script type=\"application\/ld+json\" class=\"yoast-schema-graph\">{\"@context\":\"https:\\\/\\\/schema.org\",\"@graph\":[{\"@type\":\"WebPage\",\"@id\":\"https:\\\/\\\/adexa.ee\\\/toode\\\/reguleeritav-koogivilja-loikur-adexa-cmx155\\\/\",\"url\":\"https:\\\/\\\/adexa.ee\\\/toode\\\/reguleeritav-koogivilja-loikur-adexa-cmx155\\\/\",\"name\":\"Reguleeritav K\u00f6\u00f6givilja l\u00f5ikur | Adexa CMX155 - Adexa \u2013 Suurk\u00f6\u00f6giseadmed restoranidele ja toitlustusele\",\"isPartOf\":{\"@id\":\"https:\\\/\\\/adexa.ee\\\/#website\"},\"primaryImageOfPage\":{\"@id\":\"https:\\\/\\\/adexa.ee\\\/toode\\\/reguleeritav-koogivilja-loikur-adexa-cmx155\\\/#primaryimage\"},\"image\":{\"@id\":\"https:\\\/\\\/adexa.ee\\\/toode\\\/reguleeritav-koogivilja-loikur-adexa-cmx155\\\/#primaryimage\"},\"thumbnailUrl\":\"https:\\\/\\\/adexa.ee\\\/wp-content\\\/uploads\\\/2024\\\/12\\\/CMX155-.jpg\",\"datePublished\":\"2026-03-31T19:45:17+00:00\",\"dateModified\":\"2026-03-31T19:45:18+00:00\",\"breadcrumb\":{\"@id\":\"https:\\\/\\\/adexa.ee\\\/toode\\\/reguleeritav-koogivilja-loikur-adexa-cmx155\\\/#breadcrumb\"},\"inLanguage\":\"en-US\",\"potentialAction\":[{\"@type\":\"ReadAction\",\"target\":[\"https:\\\/\\\/adexa.ee\\\/toode\\\/reguleeritav-koogivilja-loikur-adexa-cmx155\\\/\"]}]},{\"@type\":\"ImageObject\",\"inLanguage\":\"en-US\",\"@id\":\"https:\\\/\\\/adexa.ee\\\/toode\\\/reguleeritav-koogivilja-loikur-adexa-cmx155\\\/#primaryimage\",\"url\":\"https:\\\/\\\/adexa.ee\\\/wp-content\\\/uploads\\\/2024\\\/12\\\/CMX155-.jpg\",\"contentUrl\":\"https:\\\/\\\/adexa.ee\\\/wp-content\\\/uploads\\\/2024\\\/12\\\/CMX155-.jpg\",\"width\":1008,\"height\":1008},{\"@type\":\"BreadcrumbList\",\"@id\":\"https:\\\/\\\/adexa.ee\\\/toode\\\/reguleeritav-koogivilja-loikur-adexa-cmx155\\\/#breadcrumb\",\"itemListElement\":[{\"@type\":\"ListItem\",\"position\":1,\"name\":\"Home\",\"item\":\"https:\\\/\\\/adexa.ee\\\/\"},{\"@type\":\"ListItem\",\"position\":2,\"name\":\"Tooted\",\"item\":\"https:\\\/\\\/adexa.ee\\\/pood\\\/\"},{\"@type\":\"ListItem\",\"position\":3,\"name\":\"Reguleeritav K\u00f6\u00f6givilja l\u00f5ikur | Adexa CMX155\"}]},{\"@type\":\"WebSite\",\"@id\":\"https:\\\/\\\/adexa.ee\\\/#website\",\"url\":\"https:\\\/\\\/adexa.ee\\\/\",\"name\":\"Adexa\",\"description\":\"\",\"publisher\":{\"@id\":\"https:\\\/\\\/adexa.ee\\\/#organization\"},\"potentialAction\":[{\"@type\":\"SearchAction\",\"target\":{\"@type\":\"EntryPoint\",\"urlTemplate\":\"https:\\\/\\\/adexa.ee\\\/?s={search_term_string}\"},\"query-input\":{\"@type\":\"PropertyValueSpecification\",\"valueRequired\":true,\"valueName\":\"search_term_string\"}}],\"inLanguage\":\"en-US\"},{\"@type\":\"Organization\",\"@id\":\"https:\\\/\\\/adexa.ee\\\/#organization\",\"name\":\"Adexa\",\"url\":\"https:\\\/\\\/adexa.ee\\\/\",\"logo\":{\"@type\":\"ImageObject\",\"inLanguage\":\"en-US\",\"@id\":\"https:\\\/\\\/adexa.ee\\\/#\\\/schema\\\/logo\\\/image\\\/\",\"url\":\"https:\\\/\\\/adexa.ee\\\/wp-content\\\/uploads\\\/2024\\\/04\\\/chef-cooks-working-in-professional-kitchen-2023-11-27-05-07-39-utc-scaled.jpg\",\"contentUrl\":\"https:\\\/\\\/adexa.ee\\\/wp-content\\\/uploads\\\/2024\\\/04\\\/chef-cooks-working-in-professional-kitchen-2023-11-27-05-07-39-utc-scaled.jpg\",\"width\":2560,\"height\":1708,\"caption\":\"Adexa\"},\"image\":{\"@id\":\"https:\\\/\\\/adexa.ee\\\/#\\\/schema\\\/logo\\\/image\\\/\"}}]}<\/script>\n<!-- \/ Yoast SEO plugin. -->","yoast_head_json":{"title":"Reguleeritav K\u00f6\u00f6givilja l\u00f5ikur | Adexa CMX155 - Adexa \u2013 Suurk\u00f6\u00f6giseadmed restoranidele ja toitlustusele","robots":{"index":"index","follow":"follow","max-snippet":"max-snippet:-1","max-image-preview":"max-image-preview:large","max-video-preview":"max-video-preview:-1"},"canonical":"https:\/\/adexa.ee\/toode\/reguleeritav-koogivilja-loikur-adexa-cmx155\/","og_locale":"en_US","og_type":"article","og_title":"Reguleeritav K\u00f6\u00f6givilja l\u00f5ikur | Adexa CMX155 - Adexa \u2013 Suurk\u00f6\u00f6giseadmed restoranidele ja toitlustusele","og_description":"Reguleeritav k\u00f6\u00f6giviljal\u00f5ikur v\u00f5ib k\u00f6\u00f6gis s\u00e4\u00e4sta aega ja vaeva, tagades samal ajal \u00fchtlasemad l\u00f5iked vahemikus 1 mm kuni 18 mm. See","og_url":"https:\/\/adexa.ee\/toode\/reguleeritav-koogivilja-loikur-adexa-cmx155\/","og_site_name":"Adexa \u2013 Suurk\u00f6\u00f6giseadmed restoranidele ja toitlustusele","article_modified_time":"2026-03-31T19:45:18+00:00","og_image":[{"width":1008,"height":1008,"url":"https:\/\/adexa.ee\/wp-content\/uploads\/2024\/12\/CMX155-.jpg","type":"image\/jpeg"}],"twitter_card":"summary_large_image","twitter_misc":{"Est. reading time":"1 minute"},"schema":{"@context":"https:\/\/schema.org","@graph":[{"@type":"WebPage","@id":"https:\/\/adexa.ee\/toode\/reguleeritav-koogivilja-loikur-adexa-cmx155\/","url":"https:\/\/adexa.ee\/toode\/reguleeritav-koogivilja-loikur-adexa-cmx155\/","name":"Reguleeritav K\u00f6\u00f6givilja l\u00f5ikur | Adexa CMX155 - Adexa \u2013 Suurk\u00f6\u00f6giseadmed restoranidele ja toitlustusele","isPartOf":{"@id":"https:\/\/adexa.ee\/#website"},"primaryImageOfPage":{"@id":"https:\/\/adexa.ee\/toode\/reguleeritav-koogivilja-loikur-adexa-cmx155\/#primaryimage"},"image":{"@id":"https:\/\/adexa.ee\/toode\/reguleeritav-koogivilja-loikur-adexa-cmx155\/#primaryimage"},"thumbnailUrl":"https:\/\/adexa.ee\/wp-content\/uploads\/2024\/12\/CMX155-.jpg","datePublished":"2026-03-31T19:45:17+00:00","dateModified":"2026-03-31T19:45:18+00:00","breadcrumb":{"@id":"https:\/\/adexa.ee\/toode\/reguleeritav-koogivilja-loikur-adexa-cmx155\/#breadcrumb"},"inLanguage":"en-US","potentialAction":[{"@type":"ReadAction","target":["https:\/\/adexa.ee\/toode\/reguleeritav-koogivilja-loikur-adexa-cmx155\/"]}]},{"@type":"ImageObject","inLanguage":"en-US","@id":"https:\/\/adexa.ee\/toode\/reguleeritav-koogivilja-loikur-adexa-cmx155\/#primaryimage","url":"https:\/\/adexa.ee\/wp-content\/uploads\/2024\/12\/CMX155-.jpg","contentUrl":"https:\/\/adexa.ee\/wp-content\/uploads\/2024\/12\/CMX155-.jpg","width":1008,"height":1008},{"@type":"BreadcrumbList","@id":"https:\/\/adexa.ee\/toode\/reguleeritav-koogivilja-loikur-adexa-cmx155\/#breadcrumb","itemListElement":[{"@type":"ListItem","position":1,"name":"Home","item":"https:\/\/adexa.ee\/"},{"@type":"ListItem","position":2,"name":"Tooted","item":"https:\/\/adexa.ee\/pood\/"},{"@type":"ListItem","position":3,"name":"Reguleeritav K\u00f6\u00f6givilja l\u00f5ikur | Adexa CMX155"}]},{"@type":"WebSite","@id":"https:\/\/adexa.ee\/#website","url":"https:\/\/adexa.ee\/","name":"Adexa","description":"","publisher":{"@id":"https:\/\/adexa.ee\/#organization"},"potentialAction":[{"@type":"SearchAction","target":{"@type":"EntryPoint","urlTemplate":"https:\/\/adexa.ee\/?s={search_term_string}"},"query-input":{"@type":"PropertyValueSpecification","valueRequired":true,"valueName":"search_term_string"}}],"inLanguage":"en-US"},{"@type":"Organization","@id":"https:\/\/adexa.ee\/#organization","name":"Adexa","url":"https:\/\/adexa.ee\/","logo":{"@type":"ImageObject","inLanguage":"en-US","@id":"https:\/\/adexa.ee\/#\/schema\/logo\/image\/","url":"https:\/\/adexa.ee\/wp-content\/uploads\/2024\/04\/chef-cooks-working-in-professional-kitchen-2023-11-27-05-07-39-utc-scaled.jpg","contentUrl":"https:\/\/adexa.ee\/wp-content\/uploads\/2024\/04\/chef-cooks-working-in-professional-kitchen-2023-11-27-05-07-39-utc-scaled.jpg","width":2560,"height":1708,"caption":"Adexa"},"image":{"@id":"https:\/\/adexa.ee\/#\/schema\/logo\/image\/"}}]}},"_links":{"self":[{"href":"https:\/\/adexa.ee\/en\/wp-json\/wp\/v2\/product\/14579","targetHints":{"allow":["GET"]}}],"collection":[{"href":"https:\/\/adexa.ee\/en\/wp-json\/wp\/v2\/product"}],"about":[{"href":"https:\/\/adexa.ee\/en\/wp-json\/wp\/v2\/types\/product"}],"wp:featuredmedia":[{"embeddable":true,"href":"https:\/\/adexa.ee\/en\/wp-json\/wp\/v2\/media\/14582"}],"wp:attachment":[{"href":"https:\/\/adexa.ee\/en\/wp-json\/wp\/v2\/media?parent=14579"}],"wp:term":[{"taxonomy":"product_brand","embeddable":true,"href":"https:\/\/adexa.ee\/en\/wp-json\/wp\/v2\/product_brand?post=14579"},{"taxonomy":"product_cat","embeddable":true,"href":"https:\/\/adexa.ee\/en\/wp-json\/wp\/v2\/product_cat?post=14579"},{"taxonomy":"product_tag","embeddable":true,"href":"https:\/\/adexa.ee\/en\/wp-json\/wp\/v2\/product_tag?post=14579"}],"curies":[{"name":"wp","href":"https:\/\/api.w.org\/{rel}","templated":true}]}}