{"id":14585,"date":"2026-03-26T10:25:02","date_gmt":"2026-03-26T08:25:02","guid":{"rendered":"https:\/\/adexa.ee\/toode\/must-sametist-postinoor-kuldsete-otstega-1-5m-adexa-vr01bg\/"},"modified":"2026-03-26T10:25:04","modified_gmt":"2026-03-26T08:25:04","slug":"must-sametist-eralduskois-kuldsete-otstega-1-5m-adexa-vr01bg","status":"publish","type":"product","link":"https:\/\/adexa.ee\/en\/toode\/must-sametist-eralduskois-kuldsete-otstega-1-5m-adexa-vr01bg\/","title":{"rendered":"Must sametist eraldusk\u00f6is kuldsete otstega 1.5m | Adexa VR01BG"},"content":{"rendered":"<p>Varustatud n\u00f6\u00f6ri disaini ja kullatud otstega, juhatab see n\u00f6\u00f6r k\u00f5ik teie k\u00fclalised sinna, kuhu nad peavad minema. Klassikaline ja elegantne, see rahvahulga juhtimise n\u00f6\u00f6r on teie restoranis, \u00f6\u00f6klubis v\u00f5i kasiinos silmapaistev ja pakub usaldusv\u00e4\u00e4rset abi. N\u00f6\u00f6ri liigutamine on lihtne t\u00e4nu konksudele, mis on kergesti avatavad ja suletavad. Pikkus: 1500mm Konksu l\u00e4bim\u00f5\u00f5t: 28mm<\/p>\n<table style=\"border-collapse: collapse; width: 100%; text-align: left;\">\n<tbody>\n<tr>\n<td style=\"border: 1px solid #ddd; padding: 8px; width: 45%;\"><strong>Kaal<\/strong><\/td>\n<td style=\"border: 1px solid #ddd; padding: 8px;\">0.5 kg<\/td>\n<\/tr>\n<tr>\n<td style=\"border: 1px solid #ddd; padding: 8px; width: 45%;\"><strong>Garantii<\/strong><\/td>\n<td style=\"border: 1px solid #ddd; padding: 8px;\">12 kuu varuosade garantii<\/td>\n<\/tr>\n<tr>\n<td style=\"border: 1px solid #ddd; padding: 8px; width: 45%;\"><strong>Materjal<\/strong><\/td>\n<td style=\"border: 1px solid #ddd; padding: 8px;\">Samet<\/td>\n<\/tr>\n<tr>\n<td style=\"border: 1px solid #ddd; padding: 8px; width: 45%;\"><strong>V\u00e4rv<\/strong><\/td>\n<td style=\"border: 1px solid #ddd; padding: 8px;\">Must (k\u00f6is) \/ Kuldne (otsad)<\/td>\n<\/tr>\n<tr>\n<td style=\"border: 1px solid #ddd; padding: 8px; width: 45%;\"><strong>L\u00e4bim\u00f5\u00f5t<\/strong><\/td>\n<td style=\"border: 1px solid #ddd; padding: 8px;\">28 mm<\/td>\n<\/tr>\n<tr>\n<td style=\"border: 1px solid #ddd; padding: 8px; width: 45%;\"><strong>Pikkus<\/strong><\/td>\n<td style=\"border: 1px solid #ddd; padding: 8px;\">1500 mm<\/td>\n<\/tr>\n<\/tbody>\n<\/table>\n","protected":false},"excerpt":{"rendered":"<p>Varustatud n\u00f6\u00f6ri disaini ja kullatud otstega, juhatab see n\u00f6\u00f6r k\u00f5ik teie k\u00fclalised sinna, kuhu nad peavad minema. Klassikaline ja elegantne,<\/p>\n","protected":false},"featured_media":14587,"template":"","meta":[],"product_brand":[],"product_cat":[621,561],"product_tag":[],"class_list":{"0":"post-14585","1":"product","2":"type-product","3":"status-publish","4":"has-post-thumbnail","6":"product_cat-eralduspostid-ja-paelad","7":"product_cat-moobel-ja-hoiustamine","9":"first","10":"instock","11":"sale","12":"taxable","13":"shipping-taxable","14":"purchasable","15":"product-type-simple"},"yoast_head":"<!-- This site is optimized with the Yoast SEO plugin v27.3 - https:\/\/yoast.com\/product\/yoast-seo-wordpress\/ -->\n<title>Must sametist eraldusk\u00f6is kuldsete otstega 1.5m | Adexa VR01BG - Adexa \u2013 Suurk\u00f6\u00f6giseadmed restoranidele ja toitlustusele<\/title>\n<meta name=\"robots\" content=\"index, follow, max-snippet:-1, max-image-preview:large, max-video-preview:-1\" \/>\n<link rel=\"canonical\" href=\"https:\/\/adexa.ee\/toode\/must-sametist-eralduskois-kuldsete-otstega-1-5m-adexa-vr01bg\/\" \/>\n<meta property=\"og:locale\" content=\"en_US\" \/>\n<meta property=\"og:type\" content=\"article\" \/>\n<meta property=\"og:title\" content=\"Must sametist eraldusk\u00f6is kuldsete otstega 1.5m | Adexa VR01BG - Adexa \u2013 Suurk\u00f6\u00f6giseadmed restoranidele ja toitlustusele\" \/>\n<meta property=\"og:description\" content=\"Varustatud n\u00f6\u00f6ri disaini ja kullatud otstega, juhatab see n\u00f6\u00f6r k\u00f5ik teie k\u00fclalised sinna, kuhu nad peavad minema. Klassikaline ja elegantne,\" \/>\n<meta property=\"og:url\" content=\"https:\/\/adexa.ee\/toode\/must-sametist-eralduskois-kuldsete-otstega-1-5m-adexa-vr01bg\/\" \/>\n<meta property=\"og:site_name\" content=\"Adexa \u2013 Suurk\u00f6\u00f6giseadmed restoranidele ja toitlustusele\" \/>\n<meta property=\"article:modified_time\" content=\"2026-03-26T08:25:04+00:00\" \/>\n<meta property=\"og:image\" content=\"https:\/\/adexa.ee\/wp-content\/uploads\/2024\/12\/VR01-G-B.jpg\" \/>\n\t<meta property=\"og:image:width\" content=\"1500\" \/>\n\t<meta property=\"og:image:height\" content=\"1500\" \/>\n\t<meta property=\"og:image:type\" content=\"image\/jpeg\" \/>\n<meta name=\"twitter:card\" content=\"summary_large_image\" \/>\n<script type=\"application\/ld+json\" class=\"yoast-schema-graph\">{\"@context\":\"https:\\\/\\\/schema.org\",\"@graph\":[{\"@type\":\"WebPage\",\"@id\":\"https:\\\/\\\/adexa.ee\\\/toode\\\/must-sametist-eralduskois-kuldsete-otstega-1-5m-adexa-vr01bg\\\/\",\"url\":\"https:\\\/\\\/adexa.ee\\\/toode\\\/must-sametist-eralduskois-kuldsete-otstega-1-5m-adexa-vr01bg\\\/\",\"name\":\"Must sametist eraldusk\u00f6is kuldsete otstega 1.5m | Adexa VR01BG - Adexa \u2013 Suurk\u00f6\u00f6giseadmed restoranidele ja toitlustusele\",\"isPartOf\":{\"@id\":\"https:\\\/\\\/adexa.ee\\\/#website\"},\"primaryImageOfPage\":{\"@id\":\"https:\\\/\\\/adexa.ee\\\/toode\\\/must-sametist-eralduskois-kuldsete-otstega-1-5m-adexa-vr01bg\\\/#primaryimage\"},\"image\":{\"@id\":\"https:\\\/\\\/adexa.ee\\\/toode\\\/must-sametist-eralduskois-kuldsete-otstega-1-5m-adexa-vr01bg\\\/#primaryimage\"},\"thumbnailUrl\":\"https:\\\/\\\/adexa.ee\\\/wp-content\\\/uploads\\\/2024\\\/12\\\/VR01-G-B.jpg\",\"datePublished\":\"2026-03-26T08:25:02+00:00\",\"dateModified\":\"2026-03-26T08:25:04+00:00\",\"breadcrumb\":{\"@id\":\"https:\\\/\\\/adexa.ee\\\/toode\\\/must-sametist-eralduskois-kuldsete-otstega-1-5m-adexa-vr01bg\\\/#breadcrumb\"},\"inLanguage\":\"en-US\",\"potentialAction\":[{\"@type\":\"ReadAction\",\"target\":[\"https:\\\/\\\/adexa.ee\\\/toode\\\/must-sametist-eralduskois-kuldsete-otstega-1-5m-adexa-vr01bg\\\/\"]}]},{\"@type\":\"ImageObject\",\"inLanguage\":\"en-US\",\"@id\":\"https:\\\/\\\/adexa.ee\\\/toode\\\/must-sametist-eralduskois-kuldsete-otstega-1-5m-adexa-vr01bg\\\/#primaryimage\",\"url\":\"https:\\\/\\\/adexa.ee\\\/wp-content\\\/uploads\\\/2024\\\/12\\\/VR01-G-B.jpg\",\"contentUrl\":\"https:\\\/\\\/adexa.ee\\\/wp-content\\\/uploads\\\/2024\\\/12\\\/VR01-G-B.jpg\",\"width\":1500,\"height\":1500},{\"@type\":\"BreadcrumbList\",\"@id\":\"https:\\\/\\\/adexa.ee\\\/toode\\\/must-sametist-eralduskois-kuldsete-otstega-1-5m-adexa-vr01bg\\\/#breadcrumb\",\"itemListElement\":[{\"@type\":\"ListItem\",\"position\":1,\"name\":\"Home\",\"item\":\"https:\\\/\\\/adexa.ee\\\/\"},{\"@type\":\"ListItem\",\"position\":2,\"name\":\"Tooted\",\"item\":\"https:\\\/\\\/adexa.ee\\\/pood\\\/\"},{\"@type\":\"ListItem\",\"position\":3,\"name\":\"Must sametist eraldusk\u00f6is kuldsete otstega 1.5m | Adexa VR01BG\"}]},{\"@type\":\"WebSite\",\"@id\":\"https:\\\/\\\/adexa.ee\\\/#website\",\"url\":\"https:\\\/\\\/adexa.ee\\\/\",\"name\":\"Adexa\",\"description\":\"\",\"publisher\":{\"@id\":\"https:\\\/\\\/adexa.ee\\\/#organization\"},\"potentialAction\":[{\"@type\":\"SearchAction\",\"target\":{\"@type\":\"EntryPoint\",\"urlTemplate\":\"https:\\\/\\\/adexa.ee\\\/?s={search_term_string}\"},\"query-input\":{\"@type\":\"PropertyValueSpecification\",\"valueRequired\":true,\"valueName\":\"search_term_string\"}}],\"inLanguage\":\"en-US\"},{\"@type\":\"Organization\",\"@id\":\"https:\\\/\\\/adexa.ee\\\/#organization\",\"name\":\"Adexa\",\"url\":\"https:\\\/\\\/adexa.ee\\\/\",\"logo\":{\"@type\":\"ImageObject\",\"inLanguage\":\"en-US\",\"@id\":\"https:\\\/\\\/adexa.ee\\\/#\\\/schema\\\/logo\\\/image\\\/\",\"url\":\"https:\\\/\\\/adexa.ee\\\/wp-content\\\/uploads\\\/2024\\\/04\\\/chef-cooks-working-in-professional-kitchen-2023-11-27-05-07-39-utc-scaled.jpg\",\"contentUrl\":\"https:\\\/\\\/adexa.ee\\\/wp-content\\\/uploads\\\/2024\\\/04\\\/chef-cooks-working-in-professional-kitchen-2023-11-27-05-07-39-utc-scaled.jpg\",\"width\":2560,\"height\":1708,\"caption\":\"Adexa\"},\"image\":{\"@id\":\"https:\\\/\\\/adexa.ee\\\/#\\\/schema\\\/logo\\\/image\\\/\"}}]}<\/script>\n<!-- \/ Yoast SEO plugin. -->","yoast_head_json":{"title":"Must sametist eraldusk\u00f6is kuldsete otstega 1.5m | Adexa VR01BG - Adexa \u2013 Suurk\u00f6\u00f6giseadmed restoranidele ja toitlustusele","robots":{"index":"index","follow":"follow","max-snippet":"max-snippet:-1","max-image-preview":"max-image-preview:large","max-video-preview":"max-video-preview:-1"},"canonical":"https:\/\/adexa.ee\/toode\/must-sametist-eralduskois-kuldsete-otstega-1-5m-adexa-vr01bg\/","og_locale":"en_US","og_type":"article","og_title":"Must sametist eraldusk\u00f6is kuldsete otstega 1.5m | Adexa VR01BG - Adexa \u2013 Suurk\u00f6\u00f6giseadmed restoranidele ja toitlustusele","og_description":"Varustatud n\u00f6\u00f6ri disaini ja kullatud otstega, juhatab see n\u00f6\u00f6r k\u00f5ik teie k\u00fclalised sinna, kuhu nad peavad minema. Klassikaline ja elegantne,","og_url":"https:\/\/adexa.ee\/toode\/must-sametist-eralduskois-kuldsete-otstega-1-5m-adexa-vr01bg\/","og_site_name":"Adexa \u2013 Suurk\u00f6\u00f6giseadmed restoranidele ja toitlustusele","article_modified_time":"2026-03-26T08:25:04+00:00","og_image":[{"width":1500,"height":1500,"url":"https:\/\/adexa.ee\/wp-content\/uploads\/2024\/12\/VR01-G-B.jpg","type":"image\/jpeg"}],"twitter_card":"summary_large_image","schema":{"@context":"https:\/\/schema.org","@graph":[{"@type":"WebPage","@id":"https:\/\/adexa.ee\/toode\/must-sametist-eralduskois-kuldsete-otstega-1-5m-adexa-vr01bg\/","url":"https:\/\/adexa.ee\/toode\/must-sametist-eralduskois-kuldsete-otstega-1-5m-adexa-vr01bg\/","name":"Must sametist eraldusk\u00f6is kuldsete otstega 1.5m | Adexa VR01BG - Adexa \u2013 Suurk\u00f6\u00f6giseadmed restoranidele ja toitlustusele","isPartOf":{"@id":"https:\/\/adexa.ee\/#website"},"primaryImageOfPage":{"@id":"https:\/\/adexa.ee\/toode\/must-sametist-eralduskois-kuldsete-otstega-1-5m-adexa-vr01bg\/#primaryimage"},"image":{"@id":"https:\/\/adexa.ee\/toode\/must-sametist-eralduskois-kuldsete-otstega-1-5m-adexa-vr01bg\/#primaryimage"},"thumbnailUrl":"https:\/\/adexa.ee\/wp-content\/uploads\/2024\/12\/VR01-G-B.jpg","datePublished":"2026-03-26T08:25:02+00:00","dateModified":"2026-03-26T08:25:04+00:00","breadcrumb":{"@id":"https:\/\/adexa.ee\/toode\/must-sametist-eralduskois-kuldsete-otstega-1-5m-adexa-vr01bg\/#breadcrumb"},"inLanguage":"en-US","potentialAction":[{"@type":"ReadAction","target":["https:\/\/adexa.ee\/toode\/must-sametist-eralduskois-kuldsete-otstega-1-5m-adexa-vr01bg\/"]}]},{"@type":"ImageObject","inLanguage":"en-US","@id":"https:\/\/adexa.ee\/toode\/must-sametist-eralduskois-kuldsete-otstega-1-5m-adexa-vr01bg\/#primaryimage","url":"https:\/\/adexa.ee\/wp-content\/uploads\/2024\/12\/VR01-G-B.jpg","contentUrl":"https:\/\/adexa.ee\/wp-content\/uploads\/2024\/12\/VR01-G-B.jpg","width":1500,"height":1500},{"@type":"BreadcrumbList","@id":"https:\/\/adexa.ee\/toode\/must-sametist-eralduskois-kuldsete-otstega-1-5m-adexa-vr01bg\/#breadcrumb","itemListElement":[{"@type":"ListItem","position":1,"name":"Home","item":"https:\/\/adexa.ee\/"},{"@type":"ListItem","position":2,"name":"Tooted","item":"https:\/\/adexa.ee\/pood\/"},{"@type":"ListItem","position":3,"name":"Must sametist eraldusk\u00f6is kuldsete otstega 1.5m | Adexa VR01BG"}]},{"@type":"WebSite","@id":"https:\/\/adexa.ee\/#website","url":"https:\/\/adexa.ee\/","name":"Adexa","description":"","publisher":{"@id":"https:\/\/adexa.ee\/#organization"},"potentialAction":[{"@type":"SearchAction","target":{"@type":"EntryPoint","urlTemplate":"https:\/\/adexa.ee\/?s={search_term_string}"},"query-input":{"@type":"PropertyValueSpecification","valueRequired":true,"valueName":"search_term_string"}}],"inLanguage":"en-US"},{"@type":"Organization","@id":"https:\/\/adexa.ee\/#organization","name":"Adexa","url":"https:\/\/adexa.ee\/","logo":{"@type":"ImageObject","inLanguage":"en-US","@id":"https:\/\/adexa.ee\/#\/schema\/logo\/image\/","url":"https:\/\/adexa.ee\/wp-content\/uploads\/2024\/04\/chef-cooks-working-in-professional-kitchen-2023-11-27-05-07-39-utc-scaled.jpg","contentUrl":"https:\/\/adexa.ee\/wp-content\/uploads\/2024\/04\/chef-cooks-working-in-professional-kitchen-2023-11-27-05-07-39-utc-scaled.jpg","width":2560,"height":1708,"caption":"Adexa"},"image":{"@id":"https:\/\/adexa.ee\/#\/schema\/logo\/image\/"}}]}},"_links":{"self":[{"href":"https:\/\/adexa.ee\/en\/wp-json\/wp\/v2\/product\/14585","targetHints":{"allow":["GET"]}}],"collection":[{"href":"https:\/\/adexa.ee\/en\/wp-json\/wp\/v2\/product"}],"about":[{"href":"https:\/\/adexa.ee\/en\/wp-json\/wp\/v2\/types\/product"}],"wp:featuredmedia":[{"embeddable":true,"href":"https:\/\/adexa.ee\/en\/wp-json\/wp\/v2\/media\/14587"}],"wp:attachment":[{"href":"https:\/\/adexa.ee\/en\/wp-json\/wp\/v2\/media?parent=14585"}],"wp:term":[{"taxonomy":"product_brand","embeddable":true,"href":"https:\/\/adexa.ee\/en\/wp-json\/wp\/v2\/product_brand?post=14585"},{"taxonomy":"product_cat","embeddable":true,"href":"https:\/\/adexa.ee\/en\/wp-json\/wp\/v2\/product_cat?post=14585"},{"taxonomy":"product_tag","embeddable":true,"href":"https:\/\/adexa.ee\/en\/wp-json\/wp\/v2\/product_tag?post=14585"}],"curies":[{"name":"wp","href":"https:\/\/api.w.org\/{rel}","templated":true}]}}