{"id":14597,"date":"2026-03-26T10:25:02","date_gmt":"2026-03-26T08:25:02","guid":{"rendered":"https:\/\/adexa.ee\/toode\/kaubanduslik-kantli-koos-ribakutte-ja-valgustusega-650x315x457mm-adexa-xdhhc600\/"},"modified":"2026-03-26T10:25:05","modified_gmt":"2026-03-26T08:25:05","slug":"kantli-koos-ribakutte-ja-valgustusega-650x315x457mm-adexa-xdhhc600","status":"publish","type":"product","link":"https:\/\/adexa.ee\/en\/toode\/kantli-koos-ribakutte-ja-valgustusega-650x315x457mm-adexa-xdhhc600\/","title":{"rendered":"kantli koos ribak\u00fctte ja valgustusega 650x315x457mm | Adexa XDHHC600"},"content":{"rendered":"<p>See esmaklassiline elektriline \u00fchekihiline kantli on ideaalne igale toitlustusasutusele. Tugev roostevabast terasest konstruktsioon ja soojendavad tuled tagavad, et k\u00f6\u00f6gialune hoiab toitu soojas, kuni see on valmis laiali jagamiseks. Toit s\u00e4ilib ohutul, serveerimiseks sobival temperatuuril ning seadmel on l\u00f5pmatu temperatuuri reguleerimise v\u00f5imalus, et hoida toitu n\u00f5utaval temperatuuril. Ideaalne kasutamiseks teie kohvikus, restoranis, buffet reaga v\u00f5i igal pool, kus peate v\u00e4ltima valmistatud toitude kuivamist v\u00f5i \u00fclekeemist \u2013 tagab, et toit, mida serveerite, n\u00e4eb iga kord hea v\u00e4lja ja maitseb suurep\u00e4raselt. Detailse teabe leiate jaotisest &#8220;Spetsifikatsioon&#8221;.<\/p>\n<table style=\"border-collapse: collapse; width: 100%; text-align: left;\">\n<tbody>\n<tr>\n<td style=\"border: 1px solid #ddd; padding: 8px; width: 45%;\"><strong>S\u00fcgavus<\/strong><\/td>\n<td style=\"border: 1px solid #ddd; padding: 8px;\">315 mm<\/td>\n<\/tr>\n<tr>\n<td style=\"border: 1px solid #ddd; padding: 8px; width: 45%;\"><strong>K\u00f5rgus<\/strong><\/td>\n<td style=\"border: 1px solid #ddd; padding: 8px;\">460mm<\/td>\n<\/tr>\n<tr>\n<td style=\"border: 1px solid #ddd; padding: 8px; width: 45%;\"><strong>Laius<\/strong><\/td>\n<td style=\"border: 1px solid #ddd; padding: 8px;\">650 mm<\/td>\n<\/tr>\n<tr>\n<td style=\"border: 1px solid #ddd; padding: 8px; width: 45%;\"><strong>Kaal<\/strong><\/td>\n<td style=\"border: 1px solid #ddd; padding: 8px;\">3 kg<\/td>\n<\/tr>\n<tr>\n<td style=\"border: 1px solid #ddd; padding: 8px; width: 45%;\"><strong>Garantii<\/strong><\/td>\n<td style=\"border: 1px solid #ddd; padding: 8px;\">12 kuu varuosade garantii<\/td>\n<\/tr>\n<tr>\n<td style=\"border: 1px solid #ddd; padding: 8px; width: 45%;\"><strong>Toiteallikas<\/strong><\/td>\n<td style=\"border: 1px solid #ddd; padding: 8px;\">230V \/ 1 faas<\/td>\n<\/tr>\n<tr>\n<td style=\"border: 1px solid #ddd; padding: 8px; width: 45%;\"><strong>V\u00f5imsus<\/strong><\/td>\n<td style=\"border: 1px solid #ddd; padding: 8px;\">500W<\/td>\n<\/tr>\n<tr>\n<td style=\"border: 1px solid #ddd; padding: 8px; width: 45%;\"><strong>Materjal<\/strong><\/td>\n<td style=\"border: 1px solid #ddd; padding: 8px;\">Roostevaba teras<\/td>\n<\/tr>\n<tr>\n<td style=\"border: 1px solid #ddd; padding: 8px; width: 45%;\"><strong>Elemendid<\/strong><\/td>\n<td style=\"border: 1px solid #ddd; padding: 8px;\">1 x k\u00fctmislamp (kaasas)<\/td>\n<\/tr>\n<\/tbody>\n<\/table>\n","protected":false},"excerpt":{"rendered":"<p>See esmaklassiline elektriline \u00fchekihiline kantli on ideaalne igale toitlustusasutusele. Tugev roostevabast terasest konstruktsioon ja soojendavad tuled tagavad, et k\u00f6\u00f6gialune hoiab<\/p>\n","protected":false},"featured_media":14599,"template":"","meta":[],"product_brand":[],"product_cat":[560,557,572,559,558,633,696,697],"product_tag":[],"class_list":{"0":"post-14597","1":"product","2":"type-product","3":"status-publish","4":"has-post-thumbnail","6":"product_cat-bufee-toidusoojendajad","7":"product_cat-kupsetusseadmed","8":"product_cat-roostevabad-tooted","9":"product_cat-soojuslambid-ja-soojusribad","10":"product_cat-toidu-soojendamine","11":"product_cat-toidu-valjastamise-tasapinnad","12":"product_cat-toidusoojendid-valgustusega","13":"product_cat-ula-ja-valjastustasapinnad-1-tase","15":"first","16":"instock","17":"sale","18":"taxable","19":"shipping-taxable","20":"purchasable","21":"product-type-simple"},"yoast_head":"<!-- This site is optimized with the Yoast SEO plugin v27.3 - https:\/\/yoast.com\/product\/yoast-seo-wordpress\/ -->\n<title>kantli koos ribak\u00fctte ja valgustusega 650x315x457mm | Adexa XDHHC600 - Adexa \u2013 Suurk\u00f6\u00f6giseadmed restoranidele ja toitlustusele<\/title>\n<meta name=\"robots\" content=\"index, follow, max-snippet:-1, max-image-preview:large, max-video-preview:-1\" \/>\n<link rel=\"canonical\" href=\"https:\/\/adexa.ee\/toode\/kantli-koos-ribakutte-ja-valgustusega-650x315x457mm-adexa-xdhhc600\/\" \/>\n<meta property=\"og:locale\" content=\"en_US\" \/>\n<meta property=\"og:type\" content=\"article\" \/>\n<meta property=\"og:title\" content=\"kantli koos ribak\u00fctte ja valgustusega 650x315x457mm | Adexa XDHHC600 - Adexa \u2013 Suurk\u00f6\u00f6giseadmed restoranidele ja toitlustusele\" \/>\n<meta property=\"og:description\" content=\"See esmaklassiline elektriline \u00fchekihiline kantli on ideaalne igale toitlustusasutusele. Tugev roostevabast terasest konstruktsioon ja soojendavad tuled tagavad, et k\u00f6\u00f6gialune hoiab\" \/>\n<meta property=\"og:url\" content=\"https:\/\/adexa.ee\/toode\/kantli-koos-ribakutte-ja-valgustusega-650x315x457mm-adexa-xdhhc600\/\" \/>\n<meta property=\"og:site_name\" content=\"Adexa \u2013 Suurk\u00f6\u00f6giseadmed restoranidele ja toitlustusele\" \/>\n<meta property=\"article:modified_time\" content=\"2026-03-26T08:25:05+00:00\" \/>\n<meta property=\"og:image\" content=\"https:\/\/adexa.ee\/wp-content\/uploads\/2024\/12\/XDHHC600.jpg\" \/>\n\t<meta property=\"og:image:width\" content=\"1344\" \/>\n\t<meta property=\"og:image:height\" content=\"1344\" \/>\n\t<meta property=\"og:image:type\" content=\"image\/jpeg\" \/>\n<meta name=\"twitter:card\" content=\"summary_large_image\" \/>\n<meta name=\"twitter:label1\" content=\"Est. reading time\" \/>\n\t<meta name=\"twitter:data1\" content=\"1 minute\" \/>\n<script type=\"application\/ld+json\" class=\"yoast-schema-graph\">{\"@context\":\"https:\\\/\\\/schema.org\",\"@graph\":[{\"@type\":\"WebPage\",\"@id\":\"https:\\\/\\\/adexa.ee\\\/toode\\\/kantli-koos-ribakutte-ja-valgustusega-650x315x457mm-adexa-xdhhc600\\\/\",\"url\":\"https:\\\/\\\/adexa.ee\\\/toode\\\/kantli-koos-ribakutte-ja-valgustusega-650x315x457mm-adexa-xdhhc600\\\/\",\"name\":\"kantli koos ribak\u00fctte ja valgustusega 650x315x457mm | Adexa XDHHC600 - Adexa \u2013 Suurk\u00f6\u00f6giseadmed restoranidele ja toitlustusele\",\"isPartOf\":{\"@id\":\"https:\\\/\\\/adexa.ee\\\/#website\"},\"primaryImageOfPage\":{\"@id\":\"https:\\\/\\\/adexa.ee\\\/toode\\\/kantli-koos-ribakutte-ja-valgustusega-650x315x457mm-adexa-xdhhc600\\\/#primaryimage\"},\"image\":{\"@id\":\"https:\\\/\\\/adexa.ee\\\/toode\\\/kantli-koos-ribakutte-ja-valgustusega-650x315x457mm-adexa-xdhhc600\\\/#primaryimage\"},\"thumbnailUrl\":\"https:\\\/\\\/adexa.ee\\\/wp-content\\\/uploads\\\/2024\\\/12\\\/XDHHC600.jpg\",\"datePublished\":\"2026-03-26T08:25:02+00:00\",\"dateModified\":\"2026-03-26T08:25:05+00:00\",\"breadcrumb\":{\"@id\":\"https:\\\/\\\/adexa.ee\\\/toode\\\/kantli-koos-ribakutte-ja-valgustusega-650x315x457mm-adexa-xdhhc600\\\/#breadcrumb\"},\"inLanguage\":\"en-US\",\"potentialAction\":[{\"@type\":\"ReadAction\",\"target\":[\"https:\\\/\\\/adexa.ee\\\/toode\\\/kantli-koos-ribakutte-ja-valgustusega-650x315x457mm-adexa-xdhhc600\\\/\"]}]},{\"@type\":\"ImageObject\",\"inLanguage\":\"en-US\",\"@id\":\"https:\\\/\\\/adexa.ee\\\/toode\\\/kantli-koos-ribakutte-ja-valgustusega-650x315x457mm-adexa-xdhhc600\\\/#primaryimage\",\"url\":\"https:\\\/\\\/adexa.ee\\\/wp-content\\\/uploads\\\/2024\\\/12\\\/XDHHC600.jpg\",\"contentUrl\":\"https:\\\/\\\/adexa.ee\\\/wp-content\\\/uploads\\\/2024\\\/12\\\/XDHHC600.jpg\",\"width\":1344,\"height\":1344},{\"@type\":\"BreadcrumbList\",\"@id\":\"https:\\\/\\\/adexa.ee\\\/toode\\\/kantli-koos-ribakutte-ja-valgustusega-650x315x457mm-adexa-xdhhc600\\\/#breadcrumb\",\"itemListElement\":[{\"@type\":\"ListItem\",\"position\":1,\"name\":\"Home\",\"item\":\"https:\\\/\\\/adexa.ee\\\/\"},{\"@type\":\"ListItem\",\"position\":2,\"name\":\"Tooted\",\"item\":\"https:\\\/\\\/adexa.ee\\\/pood\\\/\"},{\"@type\":\"ListItem\",\"position\":3,\"name\":\"kantli koos ribak\u00fctte ja valgustusega 650x315x457mm | Adexa XDHHC600\"}]},{\"@type\":\"WebSite\",\"@id\":\"https:\\\/\\\/adexa.ee\\\/#website\",\"url\":\"https:\\\/\\\/adexa.ee\\\/\",\"name\":\"Adexa\",\"description\":\"\",\"publisher\":{\"@id\":\"https:\\\/\\\/adexa.ee\\\/#organization\"},\"potentialAction\":[{\"@type\":\"SearchAction\",\"target\":{\"@type\":\"EntryPoint\",\"urlTemplate\":\"https:\\\/\\\/adexa.ee\\\/?s={search_term_string}\"},\"query-input\":{\"@type\":\"PropertyValueSpecification\",\"valueRequired\":true,\"valueName\":\"search_term_string\"}}],\"inLanguage\":\"en-US\"},{\"@type\":\"Organization\",\"@id\":\"https:\\\/\\\/adexa.ee\\\/#organization\",\"name\":\"Adexa\",\"url\":\"https:\\\/\\\/adexa.ee\\\/\",\"logo\":{\"@type\":\"ImageObject\",\"inLanguage\":\"en-US\",\"@id\":\"https:\\\/\\\/adexa.ee\\\/#\\\/schema\\\/logo\\\/image\\\/\",\"url\":\"https:\\\/\\\/adexa.ee\\\/wp-content\\\/uploads\\\/2024\\\/04\\\/chef-cooks-working-in-professional-kitchen-2023-11-27-05-07-39-utc-scaled.jpg\",\"contentUrl\":\"https:\\\/\\\/adexa.ee\\\/wp-content\\\/uploads\\\/2024\\\/04\\\/chef-cooks-working-in-professional-kitchen-2023-11-27-05-07-39-utc-scaled.jpg\",\"width\":2560,\"height\":1708,\"caption\":\"Adexa\"},\"image\":{\"@id\":\"https:\\\/\\\/adexa.ee\\\/#\\\/schema\\\/logo\\\/image\\\/\"}}]}<\/script>\n<!-- \/ Yoast SEO plugin. -->","yoast_head_json":{"title":"kantli koos ribak\u00fctte ja valgustusega 650x315x457mm | Adexa XDHHC600 - Adexa \u2013 Suurk\u00f6\u00f6giseadmed restoranidele ja toitlustusele","robots":{"index":"index","follow":"follow","max-snippet":"max-snippet:-1","max-image-preview":"max-image-preview:large","max-video-preview":"max-video-preview:-1"},"canonical":"https:\/\/adexa.ee\/toode\/kantli-koos-ribakutte-ja-valgustusega-650x315x457mm-adexa-xdhhc600\/","og_locale":"en_US","og_type":"article","og_title":"kantli koos ribak\u00fctte ja valgustusega 650x315x457mm | Adexa XDHHC600 - Adexa \u2013 Suurk\u00f6\u00f6giseadmed restoranidele ja toitlustusele","og_description":"See esmaklassiline elektriline \u00fchekihiline kantli on ideaalne igale toitlustusasutusele. Tugev roostevabast terasest konstruktsioon ja soojendavad tuled tagavad, et k\u00f6\u00f6gialune hoiab","og_url":"https:\/\/adexa.ee\/toode\/kantli-koos-ribakutte-ja-valgustusega-650x315x457mm-adexa-xdhhc600\/","og_site_name":"Adexa \u2013 Suurk\u00f6\u00f6giseadmed restoranidele ja toitlustusele","article_modified_time":"2026-03-26T08:25:05+00:00","og_image":[{"width":1344,"height":1344,"url":"https:\/\/adexa.ee\/wp-content\/uploads\/2024\/12\/XDHHC600.jpg","type":"image\/jpeg"}],"twitter_card":"summary_large_image","twitter_misc":{"Est. reading time":"1 minute"},"schema":{"@context":"https:\/\/schema.org","@graph":[{"@type":"WebPage","@id":"https:\/\/adexa.ee\/toode\/kantli-koos-ribakutte-ja-valgustusega-650x315x457mm-adexa-xdhhc600\/","url":"https:\/\/adexa.ee\/toode\/kantli-koos-ribakutte-ja-valgustusega-650x315x457mm-adexa-xdhhc600\/","name":"kantli koos ribak\u00fctte ja valgustusega 650x315x457mm | Adexa XDHHC600 - Adexa \u2013 Suurk\u00f6\u00f6giseadmed restoranidele ja toitlustusele","isPartOf":{"@id":"https:\/\/adexa.ee\/#website"},"primaryImageOfPage":{"@id":"https:\/\/adexa.ee\/toode\/kantli-koos-ribakutte-ja-valgustusega-650x315x457mm-adexa-xdhhc600\/#primaryimage"},"image":{"@id":"https:\/\/adexa.ee\/toode\/kantli-koos-ribakutte-ja-valgustusega-650x315x457mm-adexa-xdhhc600\/#primaryimage"},"thumbnailUrl":"https:\/\/adexa.ee\/wp-content\/uploads\/2024\/12\/XDHHC600.jpg","datePublished":"2026-03-26T08:25:02+00:00","dateModified":"2026-03-26T08:25:05+00:00","breadcrumb":{"@id":"https:\/\/adexa.ee\/toode\/kantli-koos-ribakutte-ja-valgustusega-650x315x457mm-adexa-xdhhc600\/#breadcrumb"},"inLanguage":"en-US","potentialAction":[{"@type":"ReadAction","target":["https:\/\/adexa.ee\/toode\/kantli-koos-ribakutte-ja-valgustusega-650x315x457mm-adexa-xdhhc600\/"]}]},{"@type":"ImageObject","inLanguage":"en-US","@id":"https:\/\/adexa.ee\/toode\/kantli-koos-ribakutte-ja-valgustusega-650x315x457mm-adexa-xdhhc600\/#primaryimage","url":"https:\/\/adexa.ee\/wp-content\/uploads\/2024\/12\/XDHHC600.jpg","contentUrl":"https:\/\/adexa.ee\/wp-content\/uploads\/2024\/12\/XDHHC600.jpg","width":1344,"height":1344},{"@type":"BreadcrumbList","@id":"https:\/\/adexa.ee\/toode\/kantli-koos-ribakutte-ja-valgustusega-650x315x457mm-adexa-xdhhc600\/#breadcrumb","itemListElement":[{"@type":"ListItem","position":1,"name":"Home","item":"https:\/\/adexa.ee\/"},{"@type":"ListItem","position":2,"name":"Tooted","item":"https:\/\/adexa.ee\/pood\/"},{"@type":"ListItem","position":3,"name":"kantli koos ribak\u00fctte ja valgustusega 650x315x457mm | Adexa XDHHC600"}]},{"@type":"WebSite","@id":"https:\/\/adexa.ee\/#website","url":"https:\/\/adexa.ee\/","name":"Adexa","description":"","publisher":{"@id":"https:\/\/adexa.ee\/#organization"},"potentialAction":[{"@type":"SearchAction","target":{"@type":"EntryPoint","urlTemplate":"https:\/\/adexa.ee\/?s={search_term_string}"},"query-input":{"@type":"PropertyValueSpecification","valueRequired":true,"valueName":"search_term_string"}}],"inLanguage":"en-US"},{"@type":"Organization","@id":"https:\/\/adexa.ee\/#organization","name":"Adexa","url":"https:\/\/adexa.ee\/","logo":{"@type":"ImageObject","inLanguage":"en-US","@id":"https:\/\/adexa.ee\/#\/schema\/logo\/image\/","url":"https:\/\/adexa.ee\/wp-content\/uploads\/2024\/04\/chef-cooks-working-in-professional-kitchen-2023-11-27-05-07-39-utc-scaled.jpg","contentUrl":"https:\/\/adexa.ee\/wp-content\/uploads\/2024\/04\/chef-cooks-working-in-professional-kitchen-2023-11-27-05-07-39-utc-scaled.jpg","width":2560,"height":1708,"caption":"Adexa"},"image":{"@id":"https:\/\/adexa.ee\/#\/schema\/logo\/image\/"}}]}},"_links":{"self":[{"href":"https:\/\/adexa.ee\/en\/wp-json\/wp\/v2\/product\/14597","targetHints":{"allow":["GET"]}}],"collection":[{"href":"https:\/\/adexa.ee\/en\/wp-json\/wp\/v2\/product"}],"about":[{"href":"https:\/\/adexa.ee\/en\/wp-json\/wp\/v2\/types\/product"}],"wp:featuredmedia":[{"embeddable":true,"href":"https:\/\/adexa.ee\/en\/wp-json\/wp\/v2\/media\/14599"}],"wp:attachment":[{"href":"https:\/\/adexa.ee\/en\/wp-json\/wp\/v2\/media?parent=14597"}],"wp:term":[{"taxonomy":"product_brand","embeddable":true,"href":"https:\/\/adexa.ee\/en\/wp-json\/wp\/v2\/product_brand?post=14597"},{"taxonomy":"product_cat","embeddable":true,"href":"https:\/\/adexa.ee\/en\/wp-json\/wp\/v2\/product_cat?post=14597"},{"taxonomy":"product_tag","embeddable":true,"href":"https:\/\/adexa.ee\/en\/wp-json\/wp\/v2\/product_tag?post=14597"}],"curies":[{"name":"wp","href":"https:\/\/api.w.org\/{rel}","templated":true}]}}