{"id":14668,"date":"2026-03-26T10:25:08","date_gmt":"2026-03-26T08:25:08","guid":{"rendered":"https:\/\/adexa.ee\/?post_type=product&#038;p=14668"},"modified":"2026-03-26T10:25:12","modified_gmt":"2026-03-26T08:25:12","slug":"professionaalne-kombiahi-elektriline-5-x-gn2-3-digitaalne-otsene-aur-tecnoeka-ekf523ntud","status":"publish","type":"product","link":"https:\/\/adexa.ee\/en\/toode\/professionaalne-kombiahi-elektriline-5-x-gn2-3-digitaalne-otsene-aur-tecnoeka-ekf523ntud\/","title":{"rendered":"Professionaalne kombiahi Elektriline 5 x GN2\/3 Digitaalne Otsene aur | Tecnoeka EKF523NTUD"},"content":{"rendered":"<p>K\u00f5rgekvaliteediline ja ruumis\u00e4\u00e4stlik (vaid 55 cm lai) Itaalia kaubanduslik kombiahi. Professionaalne elektriline kombiahi otsese aurus\u00fcstiga. Kompaktne disain ja kadestamisv\u00e4\u00e4rne j\u00f5udlus. R\u00f6stib ja k\u00fcpsetab kanu, samuti lasanjet, k\u00fcpsetatud pastat ja roogasid, mis vajavad eriti \u00f5rna k\u00fcpsetamist: garanteeritud toitlustustulemused ja \u00fclim mitmek\u00fclgsus, osaliselt t\u00e4nu otsese auru v\u00f5imalusele. Ideaalne liitlane keskmise suurusega restoranidele, kohvikutele, mugavuspoodidele ja delikatessidele, kes vajavad k\u00fcpsetamise kohandamist erinevatele n\u00f5udmistele. Roostevabast terasest k\u00fcpsetuskamber Mahutavus: 5 aluse\/riiuli GN2\/3 (354&#215;325 mm) Uks kontrollitava klaasiga Kiir\u00fchendusega k\u00fclgtuged Sisseehitatud tihend Sisemiste osade sundjahutuss\u00fcsteem IPX 3 K\u00e4sipesu seadistus Uus k\u00fcpsetuskambri disain CB sertifikaat V\u00f5imsus: 3.2kW 13 Amprit Otsene aur Juhtpaneel: Digitaalne puutetundlik Temperatuuri kontroll: Digitaalne sondtermomeeter Eelkuumutamise funktsioon: Programmeeritav Dokumendid Kl\u00f5psake siin, et alla laadida kasutusjuhend Kl\u00f5psake siin, et alla laadida tooteleht Palun vaadake &#8216;Spetsifikatsioonide&#8217; all \u00fcksikasjalikku teavet.<\/p>\n<table style=\"border-collapse: collapse; width: 100%; text-align: left;\">\n<tbody>\n<tr>\n<td style=\"border: 1px solid #ddd; padding: 8px; width: 45%;\"><strong>K\u00f5rgus<\/strong><\/td>\n<td style=\"border: 1px solid #ddd; padding: 8px;\">662 mm<\/td>\n<\/tr>\n<tr>\n<td style=\"border: 1px solid #ddd; padding: 8px; width: 45%;\"><strong>Laius<\/strong><\/td>\n<td style=\"border: 1px solid #ddd; padding: 8px;\">550 mm<\/td>\n<\/tr>\n<tr>\n<td style=\"border: 1px solid #ddd; padding: 8px; width: 45%;\"><strong>Kaal<\/strong><\/td>\n<td style=\"border: 1px solid #ddd; padding: 8px;\">41,6 kg<\/td>\n<\/tr>\n<tr>\n<td style=\"border: 1px solid #ddd; padding: 8px; width: 45%;\"><strong>Garantii<\/strong><\/td>\n<td style=\"border: 1px solid #ddd; padding: 8px;\">12 kuu varuosade garantii<\/td>\n<\/tr>\n<tr>\n<td style=\"border: 1px solid #ddd; padding: 8px; width: 45%;\"><strong>Mahutavus<\/strong><\/td>\n<td style=\"border: 1px solid #ddd; padding: 8px;\">5 x GN2\/3<\/td>\n<\/tr>\n<tr>\n<td style=\"border: 1px solid #ddd; padding: 8px; width: 45%;\"><strong>Toiteallikas<\/strong><\/td>\n<td style=\"border: 1px solid #ddd; padding: 8px;\">230V \/ 1 faas<\/td>\n<\/tr>\n<tr>\n<td style=\"border: 1px solid #ddd; padding: 8px; width: 45%;\"><strong>Plaadi\/V\u00f5re suurus<\/strong><\/td>\n<td style=\"border: 1px solid #ddd; padding: 8px;\">GN2\/3 kandikud<\/td>\n<\/tr>\n<tr>\n<td style=\"border: 1px solid #ddd; padding: 8px; width: 45%;\"><strong>Plaadi\/V\u00f5re vahemaa<\/strong><\/td>\n<td style=\"border: 1px solid #ddd; padding: 8px;\">80 mm<\/td>\n<\/tr>\n<tr>\n<td style=\"border: 1px solid #ddd; padding: 8px; width: 45%;\"><strong>Temperatuur<\/strong><\/td>\n<td style=\"border: 1px solid #ddd; padding: 8px;\">+30\u00b0C kuni +270\u00b0C<\/td>\n<\/tr>\n<tr>\n<td style=\"border: 1px solid #ddd; padding: 8px; width: 45%;\"><strong>Programmid<\/strong><\/td>\n<td style=\"border: 1px solid #ddd; padding: 8px;\">99 programmi 5 sammuga &#038; eelkuumutamine<\/td>\n<\/tr>\n<tr>\n<td style=\"border: 1px solid #ddd; padding: 8px; width: 45%;\"><strong>Kontrollid<\/strong><\/td>\n<td style=\"border: 1px solid #ddd; padding: 8px;\">Puutejuhtimine koos digitaalse temperatuuri n\u00e4idikuga<\/td>\n<\/tr>\n<tr>\n<td style=\"border: 1px solid #ddd; padding: 8px; width: 45%;\"><strong>Materjal (v\u00e4limine)<\/strong><\/td>\n<td style=\"border: 1px solid #ddd; padding: 8px;\">Roostevaba teras<\/td>\n<\/tr>\n<tr>\n<td style=\"border: 1px solid #ddd; padding: 8px; width: 45%;\"><strong>Materjal (sisemine)<\/strong><\/td>\n<td style=\"border: 1px solid #ddd; padding: 8px;\">AISI 304 roostevaba teras<\/td>\n<\/tr>\n<tr>\n<td style=\"border: 1px solid #ddd; padding: 8px; width: 45%;\"><strong>Taimer<\/strong><\/td>\n<td style=\"border: 1px solid #ddd; padding: 8px;\">Jah<\/td>\n<\/tr>\n<tr>\n<td style=\"border: 1px solid #ddd; padding: 8px; width: 45%;\"><strong>Aur \/ Niisutamine<\/strong><\/td>\n<td style=\"border: 1px solid #ddd; padding: 8px;\">Otsene aur<\/td>\n<\/tr>\n<tr>\n<td style=\"border: 1px solid #ddd; padding: 8px; width: 45%;\"><strong>Uks<\/strong><\/td>\n<td style=\"border: 1px solid #ddd; padding: 8px;\">Paremale avanev ventileeritud uks integreeritud LED-valgustusega<\/td>\n<\/tr>\n<tr>\n<td style=\"border: 1px solid #ddd; padding: 8px; width: 45%;\"><strong>Ventilaator<\/strong><\/td>\n<td style=\"border: 1px solid #ddd; padding: 8px;\">1 kahepoolne<\/td>\n<\/tr>\n<tr>\n<td style=\"border: 1px solid #ddd; padding: 8px; width: 45%;\"><strong>Ahju t\u00fc\u00fcp<\/strong><\/td>\n<td style=\"border: 1px solid #ddd; padding: 8px;\">Gastronoomia ja suupisted<\/td>\n<\/tr>\n<\/tbody>\n<\/table>\n","protected":false},"excerpt":{"rendered":"<p>K\u00f5rgekvaliteediline ja ruumis\u00e4\u00e4stlik (vaid 55 cm lai) Itaalia kaubanduslik kombiahi. Professionaalne elektriline kombiahi otsese aurus\u00fcstiga. Kompaktne disain ja kadestamisv\u00e4\u00e4rne j\u00f5udlus.<\/p>\n","protected":false},"featured_media":42690,"template":"","meta":[],"product_brand":[],"product_cat":[599,860,569],"product_tag":[],"class_list":{"0":"post-14668","1":"product","2":"type-product","3":"status-publish","4":"has-post-thumbnail","6":"product_cat-ahjud","7":"product_cat-elektrilised-kombiahjud-digitaalse-juhtimisega","8":"product_cat-lopumuuk","10":"first","11":"instock","12":"sale","13":"taxable","14":"shipping-taxable","15":"purchasable","16":"product-type-simple"},"yoast_head":"<!-- This site is optimized with the Yoast SEO plugin v27.3 - https:\/\/yoast.com\/product\/yoast-seo-wordpress\/ -->\n<title>Professionaalne kombiahi Elektriline 5 x GN2\/3 Digitaalne Otsene aur | Tecnoeka EKF523NTUD - Adexa \u2013 Suurk\u00f6\u00f6giseadmed restoranidele ja toitlustusele<\/title>\n<meta name=\"robots\" content=\"index, follow, max-snippet:-1, max-image-preview:large, max-video-preview:-1\" \/>\n<link rel=\"canonical\" href=\"https:\/\/adexa.ee\/toode\/professionaalne-kombiahi-elektriline-5-x-gn2-3-digitaalne-otsene-aur-tecnoeka-ekf523ntud\/\" \/>\n<meta property=\"og:locale\" content=\"en_US\" \/>\n<meta property=\"og:type\" content=\"article\" \/>\n<meta property=\"og:title\" content=\"Professionaalne kombiahi Elektriline 5 x GN2\/3 Digitaalne Otsene aur | Tecnoeka EKF523NTUD - Adexa \u2013 Suurk\u00f6\u00f6giseadmed restoranidele ja toitlustusele\" \/>\n<meta property=\"og:description\" content=\"K\u00f5rgekvaliteediline ja ruumis\u00e4\u00e4stlik (vaid 55 cm lai) Itaalia kaubanduslik kombiahi. Professionaalne elektriline kombiahi otsese aurus\u00fcstiga. Kompaktne disain ja kadestamisv\u00e4\u00e4rne j\u00f5udlus.\" \/>\n<meta property=\"og:url\" content=\"https:\/\/adexa.ee\/toode\/professionaalne-kombiahi-elektriline-5-x-gn2-3-digitaalne-otsene-aur-tecnoeka-ekf523ntud\/\" \/>\n<meta property=\"og:site_name\" content=\"Adexa \u2013 Suurk\u00f6\u00f6giseadmed restoranidele ja toitlustusele\" \/>\n<meta property=\"article:modified_time\" content=\"2026-03-26T08:25:12+00:00\" \/>\n<meta property=\"og:image\" content=\"https:\/\/adexa.ee\/wp-content\/uploads\/2025\/11\/EKF523NTUD-.jpg\" \/>\n\t<meta property=\"og:image:width\" content=\"1338\" \/>\n\t<meta property=\"og:image:height\" content=\"1338\" \/>\n\t<meta property=\"og:image:type\" content=\"image\/jpeg\" \/>\n<meta name=\"twitter:card\" content=\"summary_large_image\" \/>\n<meta name=\"twitter:label1\" content=\"Est. reading time\" \/>\n\t<meta name=\"twitter:data1\" content=\"1 minute\" \/>\n<script type=\"application\/ld+json\" class=\"yoast-schema-graph\">{\"@context\":\"https:\\\/\\\/schema.org\",\"@graph\":[{\"@type\":\"WebPage\",\"@id\":\"https:\\\/\\\/adexa.ee\\\/toode\\\/professionaalne-kombiahi-elektriline-5-x-gn2-3-digitaalne-otsene-aur-tecnoeka-ekf523ntud\\\/\",\"url\":\"https:\\\/\\\/adexa.ee\\\/toode\\\/professionaalne-kombiahi-elektriline-5-x-gn2-3-digitaalne-otsene-aur-tecnoeka-ekf523ntud\\\/\",\"name\":\"Professionaalne kombiahi Elektriline 5 x GN2\\\/3 Digitaalne Otsene aur | Tecnoeka EKF523NTUD - Adexa \u2013 Suurk\u00f6\u00f6giseadmed restoranidele ja toitlustusele\",\"isPartOf\":{\"@id\":\"https:\\\/\\\/adexa.ee\\\/#website\"},\"primaryImageOfPage\":{\"@id\":\"https:\\\/\\\/adexa.ee\\\/toode\\\/professionaalne-kombiahi-elektriline-5-x-gn2-3-digitaalne-otsene-aur-tecnoeka-ekf523ntud\\\/#primaryimage\"},\"image\":{\"@id\":\"https:\\\/\\\/adexa.ee\\\/toode\\\/professionaalne-kombiahi-elektriline-5-x-gn2-3-digitaalne-otsene-aur-tecnoeka-ekf523ntud\\\/#primaryimage\"},\"thumbnailUrl\":\"https:\\\/\\\/adexa.ee\\\/wp-content\\\/uploads\\\/2025\\\/11\\\/EKF523NTUD-.jpg\",\"datePublished\":\"2026-03-26T08:25:08+00:00\",\"dateModified\":\"2026-03-26T08:25:12+00:00\",\"breadcrumb\":{\"@id\":\"https:\\\/\\\/adexa.ee\\\/toode\\\/professionaalne-kombiahi-elektriline-5-x-gn2-3-digitaalne-otsene-aur-tecnoeka-ekf523ntud\\\/#breadcrumb\"},\"inLanguage\":\"en-US\",\"potentialAction\":[{\"@type\":\"ReadAction\",\"target\":[\"https:\\\/\\\/adexa.ee\\\/toode\\\/professionaalne-kombiahi-elektriline-5-x-gn2-3-digitaalne-otsene-aur-tecnoeka-ekf523ntud\\\/\"]}]},{\"@type\":\"ImageObject\",\"inLanguage\":\"en-US\",\"@id\":\"https:\\\/\\\/adexa.ee\\\/toode\\\/professionaalne-kombiahi-elektriline-5-x-gn2-3-digitaalne-otsene-aur-tecnoeka-ekf523ntud\\\/#primaryimage\",\"url\":\"https:\\\/\\\/adexa.ee\\\/wp-content\\\/uploads\\\/2025\\\/11\\\/EKF523NTUD-.jpg\",\"contentUrl\":\"https:\\\/\\\/adexa.ee\\\/wp-content\\\/uploads\\\/2025\\\/11\\\/EKF523NTUD-.jpg\",\"width\":1338,\"height\":1338},{\"@type\":\"BreadcrumbList\",\"@id\":\"https:\\\/\\\/adexa.ee\\\/toode\\\/professionaalne-kombiahi-elektriline-5-x-gn2-3-digitaalne-otsene-aur-tecnoeka-ekf523ntud\\\/#breadcrumb\",\"itemListElement\":[{\"@type\":\"ListItem\",\"position\":1,\"name\":\"Home\",\"item\":\"https:\\\/\\\/adexa.ee\\\/\"},{\"@type\":\"ListItem\",\"position\":2,\"name\":\"Tooted\",\"item\":\"https:\\\/\\\/adexa.ee\\\/pood\\\/\"},{\"@type\":\"ListItem\",\"position\":3,\"name\":\"Professionaalne kombiahi Elektriline 5 x GN2\\\/3 Digitaalne Otsene aur | Tecnoeka EKF523NTUD\"}]},{\"@type\":\"WebSite\",\"@id\":\"https:\\\/\\\/adexa.ee\\\/#website\",\"url\":\"https:\\\/\\\/adexa.ee\\\/\",\"name\":\"Adexa\",\"description\":\"\",\"publisher\":{\"@id\":\"https:\\\/\\\/adexa.ee\\\/#organization\"},\"potentialAction\":[{\"@type\":\"SearchAction\",\"target\":{\"@type\":\"EntryPoint\",\"urlTemplate\":\"https:\\\/\\\/adexa.ee\\\/?s={search_term_string}\"},\"query-input\":{\"@type\":\"PropertyValueSpecification\",\"valueRequired\":true,\"valueName\":\"search_term_string\"}}],\"inLanguage\":\"en-US\"},{\"@type\":\"Organization\",\"@id\":\"https:\\\/\\\/adexa.ee\\\/#organization\",\"name\":\"Adexa\",\"url\":\"https:\\\/\\\/adexa.ee\\\/\",\"logo\":{\"@type\":\"ImageObject\",\"inLanguage\":\"en-US\",\"@id\":\"https:\\\/\\\/adexa.ee\\\/#\\\/schema\\\/logo\\\/image\\\/\",\"url\":\"https:\\\/\\\/adexa.ee\\\/wp-content\\\/uploads\\\/2024\\\/04\\\/chef-cooks-working-in-professional-kitchen-2023-11-27-05-07-39-utc-scaled.jpg\",\"contentUrl\":\"https:\\\/\\\/adexa.ee\\\/wp-content\\\/uploads\\\/2024\\\/04\\\/chef-cooks-working-in-professional-kitchen-2023-11-27-05-07-39-utc-scaled.jpg\",\"width\":2560,\"height\":1708,\"caption\":\"Adexa\"},\"image\":{\"@id\":\"https:\\\/\\\/adexa.ee\\\/#\\\/schema\\\/logo\\\/image\\\/\"}}]}<\/script>\n<!-- \/ Yoast SEO plugin. -->","yoast_head_json":{"title":"Professionaalne kombiahi Elektriline 5 x GN2\/3 Digitaalne Otsene aur | Tecnoeka EKF523NTUD - Adexa \u2013 Suurk\u00f6\u00f6giseadmed restoranidele ja toitlustusele","robots":{"index":"index","follow":"follow","max-snippet":"max-snippet:-1","max-image-preview":"max-image-preview:large","max-video-preview":"max-video-preview:-1"},"canonical":"https:\/\/adexa.ee\/toode\/professionaalne-kombiahi-elektriline-5-x-gn2-3-digitaalne-otsene-aur-tecnoeka-ekf523ntud\/","og_locale":"en_US","og_type":"article","og_title":"Professionaalne kombiahi Elektriline 5 x GN2\/3 Digitaalne Otsene aur | Tecnoeka EKF523NTUD - Adexa \u2013 Suurk\u00f6\u00f6giseadmed restoranidele ja toitlustusele","og_description":"K\u00f5rgekvaliteediline ja ruumis\u00e4\u00e4stlik (vaid 55 cm lai) Itaalia kaubanduslik kombiahi. Professionaalne elektriline kombiahi otsese aurus\u00fcstiga. Kompaktne disain ja kadestamisv\u00e4\u00e4rne j\u00f5udlus.","og_url":"https:\/\/adexa.ee\/toode\/professionaalne-kombiahi-elektriline-5-x-gn2-3-digitaalne-otsene-aur-tecnoeka-ekf523ntud\/","og_site_name":"Adexa \u2013 Suurk\u00f6\u00f6giseadmed restoranidele ja toitlustusele","article_modified_time":"2026-03-26T08:25:12+00:00","og_image":[{"width":1338,"height":1338,"url":"https:\/\/adexa.ee\/wp-content\/uploads\/2025\/11\/EKF523NTUD-.jpg","type":"image\/jpeg"}],"twitter_card":"summary_large_image","twitter_misc":{"Est. reading time":"1 minute"},"schema":{"@context":"https:\/\/schema.org","@graph":[{"@type":"WebPage","@id":"https:\/\/adexa.ee\/toode\/professionaalne-kombiahi-elektriline-5-x-gn2-3-digitaalne-otsene-aur-tecnoeka-ekf523ntud\/","url":"https:\/\/adexa.ee\/toode\/professionaalne-kombiahi-elektriline-5-x-gn2-3-digitaalne-otsene-aur-tecnoeka-ekf523ntud\/","name":"Professionaalne kombiahi Elektriline 5 x GN2\/3 Digitaalne Otsene aur | Tecnoeka EKF523NTUD - Adexa \u2013 Suurk\u00f6\u00f6giseadmed restoranidele ja toitlustusele","isPartOf":{"@id":"https:\/\/adexa.ee\/#website"},"primaryImageOfPage":{"@id":"https:\/\/adexa.ee\/toode\/professionaalne-kombiahi-elektriline-5-x-gn2-3-digitaalne-otsene-aur-tecnoeka-ekf523ntud\/#primaryimage"},"image":{"@id":"https:\/\/adexa.ee\/toode\/professionaalne-kombiahi-elektriline-5-x-gn2-3-digitaalne-otsene-aur-tecnoeka-ekf523ntud\/#primaryimage"},"thumbnailUrl":"https:\/\/adexa.ee\/wp-content\/uploads\/2025\/11\/EKF523NTUD-.jpg","datePublished":"2026-03-26T08:25:08+00:00","dateModified":"2026-03-26T08:25:12+00:00","breadcrumb":{"@id":"https:\/\/adexa.ee\/toode\/professionaalne-kombiahi-elektriline-5-x-gn2-3-digitaalne-otsene-aur-tecnoeka-ekf523ntud\/#breadcrumb"},"inLanguage":"en-US","potentialAction":[{"@type":"ReadAction","target":["https:\/\/adexa.ee\/toode\/professionaalne-kombiahi-elektriline-5-x-gn2-3-digitaalne-otsene-aur-tecnoeka-ekf523ntud\/"]}]},{"@type":"ImageObject","inLanguage":"en-US","@id":"https:\/\/adexa.ee\/toode\/professionaalne-kombiahi-elektriline-5-x-gn2-3-digitaalne-otsene-aur-tecnoeka-ekf523ntud\/#primaryimage","url":"https:\/\/adexa.ee\/wp-content\/uploads\/2025\/11\/EKF523NTUD-.jpg","contentUrl":"https:\/\/adexa.ee\/wp-content\/uploads\/2025\/11\/EKF523NTUD-.jpg","width":1338,"height":1338},{"@type":"BreadcrumbList","@id":"https:\/\/adexa.ee\/toode\/professionaalne-kombiahi-elektriline-5-x-gn2-3-digitaalne-otsene-aur-tecnoeka-ekf523ntud\/#breadcrumb","itemListElement":[{"@type":"ListItem","position":1,"name":"Home","item":"https:\/\/adexa.ee\/"},{"@type":"ListItem","position":2,"name":"Tooted","item":"https:\/\/adexa.ee\/pood\/"},{"@type":"ListItem","position":3,"name":"Professionaalne kombiahi Elektriline 5 x GN2\/3 Digitaalne Otsene aur | Tecnoeka EKF523NTUD"}]},{"@type":"WebSite","@id":"https:\/\/adexa.ee\/#website","url":"https:\/\/adexa.ee\/","name":"Adexa","description":"","publisher":{"@id":"https:\/\/adexa.ee\/#organization"},"potentialAction":[{"@type":"SearchAction","target":{"@type":"EntryPoint","urlTemplate":"https:\/\/adexa.ee\/?s={search_term_string}"},"query-input":{"@type":"PropertyValueSpecification","valueRequired":true,"valueName":"search_term_string"}}],"inLanguage":"en-US"},{"@type":"Organization","@id":"https:\/\/adexa.ee\/#organization","name":"Adexa","url":"https:\/\/adexa.ee\/","logo":{"@type":"ImageObject","inLanguage":"en-US","@id":"https:\/\/adexa.ee\/#\/schema\/logo\/image\/","url":"https:\/\/adexa.ee\/wp-content\/uploads\/2024\/04\/chef-cooks-working-in-professional-kitchen-2023-11-27-05-07-39-utc-scaled.jpg","contentUrl":"https:\/\/adexa.ee\/wp-content\/uploads\/2024\/04\/chef-cooks-working-in-professional-kitchen-2023-11-27-05-07-39-utc-scaled.jpg","width":2560,"height":1708,"caption":"Adexa"},"image":{"@id":"https:\/\/adexa.ee\/#\/schema\/logo\/image\/"}}]}},"_links":{"self":[{"href":"https:\/\/adexa.ee\/en\/wp-json\/wp\/v2\/product\/14668","targetHints":{"allow":["GET"]}}],"collection":[{"href":"https:\/\/adexa.ee\/en\/wp-json\/wp\/v2\/product"}],"about":[{"href":"https:\/\/adexa.ee\/en\/wp-json\/wp\/v2\/types\/product"}],"wp:featuredmedia":[{"embeddable":true,"href":"https:\/\/adexa.ee\/en\/wp-json\/wp\/v2\/media\/42690"}],"wp:attachment":[{"href":"https:\/\/adexa.ee\/en\/wp-json\/wp\/v2\/media?parent=14668"}],"wp:term":[{"taxonomy":"product_brand","embeddable":true,"href":"https:\/\/adexa.ee\/en\/wp-json\/wp\/v2\/product_brand?post=14668"},{"taxonomy":"product_cat","embeddable":true,"href":"https:\/\/adexa.ee\/en\/wp-json\/wp\/v2\/product_cat?post=14668"},{"taxonomy":"product_tag","embeddable":true,"href":"https:\/\/adexa.ee\/en\/wp-json\/wp\/v2\/product_tag?post=14668"}],"curies":[{"name":"wp","href":"https:\/\/api.w.org\/{rel}","templated":true}]}}