{"id":14670,"date":"2026-03-26T10:25:08","date_gmt":"2026-03-26T08:25:08","guid":{"rendered":"https:\/\/adexa.ee\/toode\/professionaalne-spiraalne-taignasegisti-40-liitrit-fikseeritud-pea-fikseeritud-kauss-2-kiirust-230v-1-faas-adexa-sh40\/"},"modified":"2026-03-26T10:25:12","modified_gmt":"2026-03-26T08:25:12","slug":"professionaalne-spiraalne-taignasegaja-40-liitrit-fikseeritud-pea-fikseeritud-kauss-2-kiirust-230v-1-faas-adexa-sh40","status":"publish","type":"product","link":"https:\/\/adexa.ee\/en\/toode\/professionaalne-spiraalne-taignasegaja-40-liitrit-fikseeritud-pea-fikseeritud-kauss-2-kiirust-230v-1-faas-adexa-sh40\/","title":{"rendered":"Professionaalne spiraalne taignasegaja 40 liitrit Fikseeritud pea Fikseeritud kauss 2 kiirust 230V\/1 faas | Adexa SH40"},"content":{"rendered":"<p>Sellel professionaalsel taignas\u00f5tkuril p\u00f6\u00f6rlevad nii segamiskauss kui ka pea koos, mis suurendab oluliselt segamiskiirust ja -t\u00f5husust. See kommertskasutuseks m\u00f5eldud taignasegisti on varustatud kaitsekaitsega, seda on lihtne kasutada ja see on ohutu &#8211; roostevabast terasest turvakate toimib ka katkestajana. Masin on \u00e4\u00e4rmiselt vastupidav ja lihtne puhastada, sobib ideaalselt jahu segamiseks hotellides, restoranides, pizzeriates ja avalikes s\u00f6\u00f6klates. Ideaalne pitsataigna valmistamiseks. Komplekti kuulub v\u00e4ga tugev roostevabast terasest taignakonks. Segisti tugev ja kindel alus tagab erakordse stabiilsuse. \u00dcksikasjalikumat teavet leiate jaotise &#8220;Spetsifikatsioon&#8221; alt.<\/p>\n<table style=\"border-collapse: collapse; width: 100%; text-align: left;\">\n<tbody>\n<tr>\n<td style=\"border: 1px solid #ddd; padding: 8px; width: 45%;\"><strong>S\u00fcgavus<\/strong><\/td>\n<td style=\"border: 1px solid #ddd; padding: 8px;\">430 mm<\/td>\n<\/tr>\n<tr>\n<td style=\"border: 1px solid #ddd; padding: 8px; width: 45%;\"><strong>K\u00f5rgus<\/strong><\/td>\n<td style=\"border: 1px solid #ddd; padding: 8px;\">850 mm<\/td>\n<\/tr>\n<tr>\n<td style=\"border: 1px solid #ddd; padding: 8px; width: 45%;\"><strong>Laius<\/strong><\/td>\n<td style=\"border: 1px solid #ddd; padding: 8px;\">745 mm<\/td>\n<\/tr>\n<tr>\n<td style=\"border: 1px solid #ddd; padding: 8px; width: 45%;\"><strong>Kaal<\/strong><\/td>\n<td style=\"border: 1px solid #ddd; padding: 8px;\">106 kg<\/td>\n<\/tr>\n<tr>\n<td style=\"border: 1px solid #ddd; padding: 8px; width: 45%;\"><strong>Garantii<\/strong><\/td>\n<td style=\"border: 1px solid #ddd; padding: 8px;\">12 kuu varuosade garantii<\/td>\n<\/tr>\n<tr>\n<td style=\"border: 1px solid #ddd; padding: 8px; width: 45%;\"><strong>Mahutavus<\/strong><\/td>\n<td style=\"border: 1px solid #ddd; padding: 8px;\">40 liitrit \/ 15 kg jahu<\/td>\n<\/tr>\n<tr>\n<td style=\"border: 1px solid #ddd; padding: 8px; width: 45%;\"><strong>Toiteallikas<\/strong><\/td>\n<td style=\"border: 1px solid #ddd; padding: 8px;\">230V \/ 1 faas<\/td>\n<\/tr>\n<tr>\n<td style=\"border: 1px solid #ddd; padding: 8px; width: 45%;\"><strong>Materjal<\/strong><\/td>\n<td style=\"border: 1px solid #ddd; padding: 8px;\">Konks ja kauss on valmistatud kvaliteetsest roostevabast terasest.<\/td>\n<\/tr>\n<tr>\n<td style=\"border: 1px solid #ddd; padding: 8px; width: 45%;\"><strong>P\/min<\/strong><\/td>\n<td style=\"border: 1px solid #ddd; padding: 8px;\">132 ja 264 (konks) \/ 12,5 ja 25 (kauss)<\/td>\n<\/tr>\n<\/tbody>\n<\/table>\n","protected":false},"excerpt":{"rendered":"<p>Sellel professionaalsel taignas\u00f5tkuril p\u00f6\u00f6rlevad nii segamiskauss kui ka pea koos, mis suurendab oluliselt segamiskiirust ja -t\u00f5husust. See kommertskasutuseks m\u00f5eldud taignasegisti<\/p>\n","protected":false},"featured_media":12011,"template":"","meta":[],"product_brand":[],"product_cat":[714,664,734,732,814],"product_tag":[],"class_list":{"0":"post-14670","1":"product","2":"type-product","3":"status-publish","4":"has-post-thumbnail","6":"product_cat-ettevalmistus","7":"product_cat-pitsa-ja-grill","8":"product_cat-spiraalmikserid-taignasegajad","9":"product_cat-taigna-sotkumis-ja-segamismasinad","10":"product_cat-taignasegajad-spiraalmikserid-taignasegajad","12":"first","13":"instock","14":"sale","15":"taxable","16":"shipping-taxable","17":"purchasable","18":"product-type-simple"},"yoast_head":"<!-- This site is optimized with the Yoast SEO plugin v27.3 - https:\/\/yoast.com\/product\/yoast-seo-wordpress\/ -->\n<title>Professionaalne spiraalne taignasegaja 40 liitrit Fikseeritud pea Fikseeritud kauss 2 kiirust 230V\/1 faas | Adexa SH40 - Adexa \u2013 Suurk\u00f6\u00f6giseadmed restoranidele ja toitlustusele<\/title>\n<meta name=\"robots\" content=\"index, follow, max-snippet:-1, max-image-preview:large, max-video-preview:-1\" \/>\n<link rel=\"canonical\" href=\"https:\/\/adexa.ee\/toode\/professionaalne-spiraalne-taignasegaja-40-liitrit-fikseeritud-pea-fikseeritud-kauss-2-kiirust-230v-1-faas-adexa-sh40\/\" \/>\n<meta property=\"og:locale\" content=\"en_US\" \/>\n<meta property=\"og:type\" content=\"article\" \/>\n<meta property=\"og:title\" content=\"Professionaalne spiraalne taignasegaja 40 liitrit Fikseeritud pea Fikseeritud kauss 2 kiirust 230V\/1 faas | Adexa SH40 - Adexa \u2013 Suurk\u00f6\u00f6giseadmed restoranidele ja toitlustusele\" \/>\n<meta property=\"og:description\" content=\"Sellel professionaalsel taignas\u00f5tkuril p\u00f6\u00f6rlevad nii segamiskauss kui ka pea koos, mis suurendab oluliselt segamiskiirust ja -t\u00f5husust. See kommertskasutuseks m\u00f5eldud taignasegisti\" \/>\n<meta property=\"og:url\" content=\"https:\/\/adexa.ee\/toode\/professionaalne-spiraalne-taignasegaja-40-liitrit-fikseeritud-pea-fikseeritud-kauss-2-kiirust-230v-1-faas-adexa-sh40\/\" \/>\n<meta property=\"og:site_name\" content=\"Adexa \u2013 Suurk\u00f6\u00f6giseadmed restoranidele ja toitlustusele\" \/>\n<meta property=\"article:modified_time\" content=\"2026-03-26T08:25:12+00:00\" \/>\n<meta property=\"og:image\" content=\"https:\/\/adexa.ee\/wp-content\/uploads\/2024\/12\/SH30.jpg\" \/>\n\t<meta property=\"og:image:width\" content=\"1800\" \/>\n\t<meta property=\"og:image:height\" content=\"1800\" \/>\n\t<meta property=\"og:image:type\" content=\"image\/jpeg\" \/>\n<meta name=\"twitter:card\" content=\"summary_large_image\" \/>\n<meta name=\"twitter:label1\" content=\"Est. reading time\" \/>\n\t<meta name=\"twitter:data1\" content=\"1 minute\" \/>\n<script type=\"application\/ld+json\" class=\"yoast-schema-graph\">{\"@context\":\"https:\\\/\\\/schema.org\",\"@graph\":[{\"@type\":\"WebPage\",\"@id\":\"https:\\\/\\\/adexa.ee\\\/toode\\\/professionaalne-spiraalne-taignasegaja-40-liitrit-fikseeritud-pea-fikseeritud-kauss-2-kiirust-230v-1-faas-adexa-sh40\\\/\",\"url\":\"https:\\\/\\\/adexa.ee\\\/toode\\\/professionaalne-spiraalne-taignasegaja-40-liitrit-fikseeritud-pea-fikseeritud-kauss-2-kiirust-230v-1-faas-adexa-sh40\\\/\",\"name\":\"Professionaalne spiraalne taignasegaja 40 liitrit Fikseeritud pea Fikseeritud kauss 2 kiirust 230V\\\/1 faas | Adexa SH40 - Adexa \u2013 Suurk\u00f6\u00f6giseadmed restoranidele ja toitlustusele\",\"isPartOf\":{\"@id\":\"https:\\\/\\\/adexa.ee\\\/#website\"},\"primaryImageOfPage\":{\"@id\":\"https:\\\/\\\/adexa.ee\\\/toode\\\/professionaalne-spiraalne-taignasegaja-40-liitrit-fikseeritud-pea-fikseeritud-kauss-2-kiirust-230v-1-faas-adexa-sh40\\\/#primaryimage\"},\"image\":{\"@id\":\"https:\\\/\\\/adexa.ee\\\/toode\\\/professionaalne-spiraalne-taignasegaja-40-liitrit-fikseeritud-pea-fikseeritud-kauss-2-kiirust-230v-1-faas-adexa-sh40\\\/#primaryimage\"},\"thumbnailUrl\":\"https:\\\/\\\/adexa.ee\\\/wp-content\\\/uploads\\\/2024\\\/12\\\/SH30.jpg\",\"datePublished\":\"2026-03-26T08:25:08+00:00\",\"dateModified\":\"2026-03-26T08:25:12+00:00\",\"breadcrumb\":{\"@id\":\"https:\\\/\\\/adexa.ee\\\/toode\\\/professionaalne-spiraalne-taignasegaja-40-liitrit-fikseeritud-pea-fikseeritud-kauss-2-kiirust-230v-1-faas-adexa-sh40\\\/#breadcrumb\"},\"inLanguage\":\"en-US\",\"potentialAction\":[{\"@type\":\"ReadAction\",\"target\":[\"https:\\\/\\\/adexa.ee\\\/toode\\\/professionaalne-spiraalne-taignasegaja-40-liitrit-fikseeritud-pea-fikseeritud-kauss-2-kiirust-230v-1-faas-adexa-sh40\\\/\"]}]},{\"@type\":\"ImageObject\",\"inLanguage\":\"en-US\",\"@id\":\"https:\\\/\\\/adexa.ee\\\/toode\\\/professionaalne-spiraalne-taignasegaja-40-liitrit-fikseeritud-pea-fikseeritud-kauss-2-kiirust-230v-1-faas-adexa-sh40\\\/#primaryimage\",\"url\":\"https:\\\/\\\/adexa.ee\\\/wp-content\\\/uploads\\\/2024\\\/12\\\/SH30.jpg\",\"contentUrl\":\"https:\\\/\\\/adexa.ee\\\/wp-content\\\/uploads\\\/2024\\\/12\\\/SH30.jpg\",\"width\":1800,\"height\":1800},{\"@type\":\"BreadcrumbList\",\"@id\":\"https:\\\/\\\/adexa.ee\\\/toode\\\/professionaalne-spiraalne-taignasegaja-40-liitrit-fikseeritud-pea-fikseeritud-kauss-2-kiirust-230v-1-faas-adexa-sh40\\\/#breadcrumb\",\"itemListElement\":[{\"@type\":\"ListItem\",\"position\":1,\"name\":\"Home\",\"item\":\"https:\\\/\\\/adexa.ee\\\/\"},{\"@type\":\"ListItem\",\"position\":2,\"name\":\"Tooted\",\"item\":\"https:\\\/\\\/adexa.ee\\\/pood\\\/\"},{\"@type\":\"ListItem\",\"position\":3,\"name\":\"Professionaalne spiraalne taignasegaja 40 liitrit Fikseeritud pea Fikseeritud kauss 2 kiirust 230V\\\/1 faas | Adexa SH40\"}]},{\"@type\":\"WebSite\",\"@id\":\"https:\\\/\\\/adexa.ee\\\/#website\",\"url\":\"https:\\\/\\\/adexa.ee\\\/\",\"name\":\"Adexa\",\"description\":\"\",\"publisher\":{\"@id\":\"https:\\\/\\\/adexa.ee\\\/#organization\"},\"potentialAction\":[{\"@type\":\"SearchAction\",\"target\":{\"@type\":\"EntryPoint\",\"urlTemplate\":\"https:\\\/\\\/adexa.ee\\\/?s={search_term_string}\"},\"query-input\":{\"@type\":\"PropertyValueSpecification\",\"valueRequired\":true,\"valueName\":\"search_term_string\"}}],\"inLanguage\":\"en-US\"},{\"@type\":\"Organization\",\"@id\":\"https:\\\/\\\/adexa.ee\\\/#organization\",\"name\":\"Adexa\",\"url\":\"https:\\\/\\\/adexa.ee\\\/\",\"logo\":{\"@type\":\"ImageObject\",\"inLanguage\":\"en-US\",\"@id\":\"https:\\\/\\\/adexa.ee\\\/#\\\/schema\\\/logo\\\/image\\\/\",\"url\":\"https:\\\/\\\/adexa.ee\\\/wp-content\\\/uploads\\\/2024\\\/04\\\/chef-cooks-working-in-professional-kitchen-2023-11-27-05-07-39-utc-scaled.jpg\",\"contentUrl\":\"https:\\\/\\\/adexa.ee\\\/wp-content\\\/uploads\\\/2024\\\/04\\\/chef-cooks-working-in-professional-kitchen-2023-11-27-05-07-39-utc-scaled.jpg\",\"width\":2560,\"height\":1708,\"caption\":\"Adexa\"},\"image\":{\"@id\":\"https:\\\/\\\/adexa.ee\\\/#\\\/schema\\\/logo\\\/image\\\/\"}}]}<\/script>\n<!-- \/ Yoast SEO plugin. -->","yoast_head_json":{"title":"Professionaalne spiraalne taignasegaja 40 liitrit Fikseeritud pea Fikseeritud kauss 2 kiirust 230V\/1 faas | Adexa SH40 - Adexa \u2013 Suurk\u00f6\u00f6giseadmed restoranidele ja toitlustusele","robots":{"index":"index","follow":"follow","max-snippet":"max-snippet:-1","max-image-preview":"max-image-preview:large","max-video-preview":"max-video-preview:-1"},"canonical":"https:\/\/adexa.ee\/toode\/professionaalne-spiraalne-taignasegaja-40-liitrit-fikseeritud-pea-fikseeritud-kauss-2-kiirust-230v-1-faas-adexa-sh40\/","og_locale":"en_US","og_type":"article","og_title":"Professionaalne spiraalne taignasegaja 40 liitrit Fikseeritud pea Fikseeritud kauss 2 kiirust 230V\/1 faas | Adexa SH40 - Adexa \u2013 Suurk\u00f6\u00f6giseadmed restoranidele ja toitlustusele","og_description":"Sellel professionaalsel taignas\u00f5tkuril p\u00f6\u00f6rlevad nii segamiskauss kui ka pea koos, mis suurendab oluliselt segamiskiirust ja -t\u00f5husust. See kommertskasutuseks m\u00f5eldud taignasegisti","og_url":"https:\/\/adexa.ee\/toode\/professionaalne-spiraalne-taignasegaja-40-liitrit-fikseeritud-pea-fikseeritud-kauss-2-kiirust-230v-1-faas-adexa-sh40\/","og_site_name":"Adexa \u2013 Suurk\u00f6\u00f6giseadmed restoranidele ja toitlustusele","article_modified_time":"2026-03-26T08:25:12+00:00","og_image":[{"width":1800,"height":1800,"url":"https:\/\/adexa.ee\/wp-content\/uploads\/2024\/12\/SH30.jpg","type":"image\/jpeg"}],"twitter_card":"summary_large_image","twitter_misc":{"Est. reading time":"1 minute"},"schema":{"@context":"https:\/\/schema.org","@graph":[{"@type":"WebPage","@id":"https:\/\/adexa.ee\/toode\/professionaalne-spiraalne-taignasegaja-40-liitrit-fikseeritud-pea-fikseeritud-kauss-2-kiirust-230v-1-faas-adexa-sh40\/","url":"https:\/\/adexa.ee\/toode\/professionaalne-spiraalne-taignasegaja-40-liitrit-fikseeritud-pea-fikseeritud-kauss-2-kiirust-230v-1-faas-adexa-sh40\/","name":"Professionaalne spiraalne taignasegaja 40 liitrit Fikseeritud pea Fikseeritud kauss 2 kiirust 230V\/1 faas | Adexa SH40 - Adexa \u2013 Suurk\u00f6\u00f6giseadmed restoranidele ja toitlustusele","isPartOf":{"@id":"https:\/\/adexa.ee\/#website"},"primaryImageOfPage":{"@id":"https:\/\/adexa.ee\/toode\/professionaalne-spiraalne-taignasegaja-40-liitrit-fikseeritud-pea-fikseeritud-kauss-2-kiirust-230v-1-faas-adexa-sh40\/#primaryimage"},"image":{"@id":"https:\/\/adexa.ee\/toode\/professionaalne-spiraalne-taignasegaja-40-liitrit-fikseeritud-pea-fikseeritud-kauss-2-kiirust-230v-1-faas-adexa-sh40\/#primaryimage"},"thumbnailUrl":"https:\/\/adexa.ee\/wp-content\/uploads\/2024\/12\/SH30.jpg","datePublished":"2026-03-26T08:25:08+00:00","dateModified":"2026-03-26T08:25:12+00:00","breadcrumb":{"@id":"https:\/\/adexa.ee\/toode\/professionaalne-spiraalne-taignasegaja-40-liitrit-fikseeritud-pea-fikseeritud-kauss-2-kiirust-230v-1-faas-adexa-sh40\/#breadcrumb"},"inLanguage":"en-US","potentialAction":[{"@type":"ReadAction","target":["https:\/\/adexa.ee\/toode\/professionaalne-spiraalne-taignasegaja-40-liitrit-fikseeritud-pea-fikseeritud-kauss-2-kiirust-230v-1-faas-adexa-sh40\/"]}]},{"@type":"ImageObject","inLanguage":"en-US","@id":"https:\/\/adexa.ee\/toode\/professionaalne-spiraalne-taignasegaja-40-liitrit-fikseeritud-pea-fikseeritud-kauss-2-kiirust-230v-1-faas-adexa-sh40\/#primaryimage","url":"https:\/\/adexa.ee\/wp-content\/uploads\/2024\/12\/SH30.jpg","contentUrl":"https:\/\/adexa.ee\/wp-content\/uploads\/2024\/12\/SH30.jpg","width":1800,"height":1800},{"@type":"BreadcrumbList","@id":"https:\/\/adexa.ee\/toode\/professionaalne-spiraalne-taignasegaja-40-liitrit-fikseeritud-pea-fikseeritud-kauss-2-kiirust-230v-1-faas-adexa-sh40\/#breadcrumb","itemListElement":[{"@type":"ListItem","position":1,"name":"Home","item":"https:\/\/adexa.ee\/"},{"@type":"ListItem","position":2,"name":"Tooted","item":"https:\/\/adexa.ee\/pood\/"},{"@type":"ListItem","position":3,"name":"Professionaalne spiraalne taignasegaja 40 liitrit Fikseeritud pea Fikseeritud kauss 2 kiirust 230V\/1 faas | Adexa SH40"}]},{"@type":"WebSite","@id":"https:\/\/adexa.ee\/#website","url":"https:\/\/adexa.ee\/","name":"Adexa","description":"","publisher":{"@id":"https:\/\/adexa.ee\/#organization"},"potentialAction":[{"@type":"SearchAction","target":{"@type":"EntryPoint","urlTemplate":"https:\/\/adexa.ee\/?s={search_term_string}"},"query-input":{"@type":"PropertyValueSpecification","valueRequired":true,"valueName":"search_term_string"}}],"inLanguage":"en-US"},{"@type":"Organization","@id":"https:\/\/adexa.ee\/#organization","name":"Adexa","url":"https:\/\/adexa.ee\/","logo":{"@type":"ImageObject","inLanguage":"en-US","@id":"https:\/\/adexa.ee\/#\/schema\/logo\/image\/","url":"https:\/\/adexa.ee\/wp-content\/uploads\/2024\/04\/chef-cooks-working-in-professional-kitchen-2023-11-27-05-07-39-utc-scaled.jpg","contentUrl":"https:\/\/adexa.ee\/wp-content\/uploads\/2024\/04\/chef-cooks-working-in-professional-kitchen-2023-11-27-05-07-39-utc-scaled.jpg","width":2560,"height":1708,"caption":"Adexa"},"image":{"@id":"https:\/\/adexa.ee\/#\/schema\/logo\/image\/"}}]}},"_links":{"self":[{"href":"https:\/\/adexa.ee\/en\/wp-json\/wp\/v2\/product\/14670","targetHints":{"allow":["GET"]}}],"collection":[{"href":"https:\/\/adexa.ee\/en\/wp-json\/wp\/v2\/product"}],"about":[{"href":"https:\/\/adexa.ee\/en\/wp-json\/wp\/v2\/types\/product"}],"wp:featuredmedia":[{"embeddable":true,"href":"https:\/\/adexa.ee\/en\/wp-json\/wp\/v2\/media\/12011"}],"wp:attachment":[{"href":"https:\/\/adexa.ee\/en\/wp-json\/wp\/v2\/media?parent=14670"}],"wp:term":[{"taxonomy":"product_brand","embeddable":true,"href":"https:\/\/adexa.ee\/en\/wp-json\/wp\/v2\/product_brand?post=14670"},{"taxonomy":"product_cat","embeddable":true,"href":"https:\/\/adexa.ee\/en\/wp-json\/wp\/v2\/product_cat?post=14670"},{"taxonomy":"product_tag","embeddable":true,"href":"https:\/\/adexa.ee\/en\/wp-json\/wp\/v2\/product_tag?post=14670"}],"curies":[{"name":"wp","href":"https:\/\/api.w.org\/{rel}","templated":true}]}}