{"id":14684,"date":"2026-03-30T23:45:08","date_gmt":"2026-03-30T20:45:08","guid":{"rendered":"https:\/\/adexa.ee\/toode\/kommertsiaalne-frituur-uksik-elektriline-10-liitrit-25-kw-lauapealne-adexa-whcdfs\/"},"modified":"2026-03-30T23:45:10","modified_gmt":"2026-03-30T20:45:10","slug":"frituur-uksik-elektriline-10-liitrit-25-kw-lauapealne-adexa-whcdfs","status":"publish","type":"product","link":"https:\/\/adexa.ee\/en\/toode\/frituur-uksik-elektriline-10-liitrit-25-kw-lauapealne-adexa-whcdfs\/","title":{"rendered":"Frit\u00fc\u00fcr \u00dcksik Elektriline 10 liitrit 2,5 kW Lauapealne | Adexa WHCDFS"},"content":{"rendered":"<p>Professionaalne \u00fche paagiga s\u00fcgavrasva frit\u00fc\u00fcr, millele kehtib suur allahindlus. See k\u00f5rgekvaliteediline lauapealne frit\u00fc\u00fcr sobib suurep\u00e4raselt kiirs\u00f6\u00f6gikohtadele, restoranidele, kohvikutele, poodidele ja teistele v\u00e4ikestele toitlustusasutustele. Piisavalt kerge, et seda vajadusel liigutada. Ideaalne nii \u00e4ri- kui kodukasutuseks.<br \/>\nRoostevabast terasest konstruktsioon<br \/>\nT\u00e4pselt reguleeritav termostaat<br \/>\nMaksimaalse ja minimaalse \u00f5litaseme m\u00e4rgid<br \/>\n\u00dcletemperatuuri kaitse<br \/>\nIsolatsiooniga korvi k\u00e4epide<br \/>\nTemperatuur +60 kuni +200\u00b0C<br \/>\nEemaldatav kaas<br \/>\nKomplektis 1 frit\u00fc\u00fcrikorv ja 1 kaas<br \/>\nCE-sertifikaat<\/p>\n<p>\u00dcksikasjalikku teavet leiate jaotisest \u201eSpetsifikatsioon\u201d.<\/p>\n<table style=\"border-collapse: collapse; width: 100%; text-align: left;\">\n<tbody>\n<tr>\n<td style=\"border: 1px solid #ddd; padding: 8px; width: 45%;\"><strong>S\u00fcgavus<\/strong><\/td>\n<td style=\"border: 1px solid #ddd; padding: 8px;\">440 mm<\/td>\n<\/tr>\n<tr>\n<td style=\"border: 1px solid #ddd; padding: 8px; width: 45%;\"><strong>K\u00f5rgus<\/strong><\/td>\n<td style=\"border: 1px solid #ddd; padding: 8px;\">318 mm<\/td>\n<\/tr>\n<tr>\n<td style=\"border: 1px solid #ddd; padding: 8px; width: 45%;\"><strong>Laius<\/strong><\/td>\n<td style=\"border: 1px solid #ddd; padding: 8px;\">280 mm<\/td>\n<\/tr>\n<tr>\n<td style=\"border: 1px solid #ddd; padding: 8px; width: 45%;\"><strong>Kaal<\/strong><\/td>\n<td style=\"border: 1px solid #ddd; padding: 8px;\">3 kg<\/td>\n<\/tr>\n<tr>\n<td style=\"border: 1px solid #ddd; padding: 8px; width: 45%;\"><strong>Garantii<\/strong><\/td>\n<td style=\"border: 1px solid #ddd; padding: 8px;\">12 kuu varuosade garantii<\/td>\n<\/tr>\n<tr>\n<td style=\"border: 1px solid #ddd; padding: 8px; width: 45%;\"><strong>Mahutavus<\/strong><\/td>\n<td style=\"border: 1px solid #ddd; padding: 8px;\">7-liitrine t\u00f6\u00f6maht<\/td>\n<\/tr>\n<tr>\n<td style=\"border: 1px solid #ddd; padding: 8px; width: 45%;\"><strong>Toiteallikas<\/strong><\/td>\n<td style=\"border: 1px solid #ddd; padding: 8px;\">230V \/ 1 faas<\/td>\n<\/tr>\n<tr>\n<td style=\"border: 1px solid #ddd; padding: 8px; width: 45%;\"><strong>Materjal<\/strong><\/td>\n<td style=\"border: 1px solid #ddd; padding: 8px;\">Roostevaba teras<\/td>\n<\/tr>\n<tr>\n<td style=\"border: 1px solid #ddd; padding: 8px; width: 45%;\"><strong>Temperatuur<\/strong><\/td>\n<td style=\"border: 1px solid #ddd; padding: 8px;\">+60 kuni +200 \u00b0C<\/td>\n<\/tr>\n<tr>\n<td style=\"border: 1px solid #ddd; padding: 8px; width: 45%;\"><strong>Kaas<\/strong><\/td>\n<td style=\"border: 1px solid #ddd; padding: 8px;\">Kaasatud<\/td>\n<\/tr>\n<tr>\n<td style=\"border: 1px solid #ddd; padding: 8px; width: 45%;\"><strong>Mahutavus (reservuaar)<\/strong><\/td>\n<td style=\"border: 1px solid #ddd; padding: 8px;\">10 liitrit<\/td>\n<\/tr>\n<\/tbody>\n<\/table>\n","protected":false},"excerpt":{"rendered":"<p>Professionaalne \u00fche paagiga s\u00fcgavrasva frit\u00fc\u00fcr, millele kehtib suur allahindlus. See k\u00f5rgekvaliteediline lauapealne frit\u00fc\u00fcr sobib suurep\u00e4raselt kiirs\u00f6\u00f6gikohtadele, restoranidele, kohvikutele, poodidele ja<\/p>\n","protected":false},"featured_media":14691,"template":"","meta":[],"product_brand":[],"product_cat":[629,557,588,631,569],"product_tag":[],"class_list":{"0":"post-14684","1":"product","2":"type-product","3":"status-publish","4":"has-post-thumbnail","6":"product_cat-frituurid","7":"product_cat-kupsetusseadmed","8":"product_cat-kuumseadmed","9":"product_cat-lauapealsed-frituurid","10":"product_cat-lopumuuk","12":"first","13":"instock","14":"sale","15":"taxable","16":"shipping-taxable","17":"purchasable","18":"product-type-simple"},"yoast_head":"<!-- This site is optimized with the Yoast SEO plugin v27.3 - https:\/\/yoast.com\/product\/yoast-seo-wordpress\/ -->\n<title>Frit\u00fc\u00fcr \u00dcksik Elektriline 10 liitrit 2,5 kW Lauapealne | Adexa WHCDFS - Adexa \u2013 Suurk\u00f6\u00f6giseadmed restoranidele ja toitlustusele<\/title>\n<meta name=\"robots\" content=\"index, follow, max-snippet:-1, max-image-preview:large, max-video-preview:-1\" \/>\n<link rel=\"canonical\" href=\"https:\/\/adexa.ee\/toode\/frituur-uksik-elektriline-10-liitrit-25-kw-lauapealne-adexa-whcdfs\/\" \/>\n<meta property=\"og:locale\" content=\"en_US\" \/>\n<meta property=\"og:type\" content=\"article\" \/>\n<meta property=\"og:title\" content=\"Frit\u00fc\u00fcr \u00dcksik Elektriline 10 liitrit 2,5 kW Lauapealne | Adexa WHCDFS - Adexa \u2013 Suurk\u00f6\u00f6giseadmed restoranidele ja toitlustusele\" \/>\n<meta property=\"og:description\" content=\"Professionaalne \u00fche paagiga s\u00fcgavrasva frit\u00fc\u00fcr, millele kehtib suur allahindlus. See k\u00f5rgekvaliteediline lauapealne frit\u00fc\u00fcr sobib suurep\u00e4raselt kiirs\u00f6\u00f6gikohtadele, restoranidele, kohvikutele, poodidele ja\" \/>\n<meta property=\"og:url\" content=\"https:\/\/adexa.ee\/toode\/frituur-uksik-elektriline-10-liitrit-25-kw-lauapealne-adexa-whcdfs\/\" \/>\n<meta property=\"og:site_name\" content=\"Adexa \u2013 Suurk\u00f6\u00f6giseadmed restoranidele ja toitlustusele\" \/>\n<meta property=\"article:modified_time\" content=\"2026-03-30T20:45:10+00:00\" \/>\n<meta property=\"og:image\" content=\"https:\/\/adexa.ee\/wp-content\/uploads\/2024\/12\/WHCDFS-3.jpg\" \/>\n\t<meta property=\"og:image:width\" content=\"2000\" \/>\n\t<meta property=\"og:image:height\" content=\"2000\" \/>\n\t<meta property=\"og:image:type\" content=\"image\/jpeg\" \/>\n<meta name=\"twitter:card\" content=\"summary_large_image\" \/>\n<meta name=\"twitter:label1\" content=\"Est. reading time\" \/>\n\t<meta name=\"twitter:data1\" content=\"1 minute\" \/>\n<script type=\"application\/ld+json\" class=\"yoast-schema-graph\">{\"@context\":\"https:\\\/\\\/schema.org\",\"@graph\":[{\"@type\":\"WebPage\",\"@id\":\"https:\\\/\\\/adexa.ee\\\/toode\\\/frituur-uksik-elektriline-10-liitrit-25-kw-lauapealne-adexa-whcdfs\\\/\",\"url\":\"https:\\\/\\\/adexa.ee\\\/toode\\\/frituur-uksik-elektriline-10-liitrit-25-kw-lauapealne-adexa-whcdfs\\\/\",\"name\":\"Frit\u00fc\u00fcr \u00dcksik Elektriline 10 liitrit 2,5 kW Lauapealne | Adexa WHCDFS - Adexa \u2013 Suurk\u00f6\u00f6giseadmed restoranidele ja toitlustusele\",\"isPartOf\":{\"@id\":\"https:\\\/\\\/adexa.ee\\\/#website\"},\"primaryImageOfPage\":{\"@id\":\"https:\\\/\\\/adexa.ee\\\/toode\\\/frituur-uksik-elektriline-10-liitrit-25-kw-lauapealne-adexa-whcdfs\\\/#primaryimage\"},\"image\":{\"@id\":\"https:\\\/\\\/adexa.ee\\\/toode\\\/frituur-uksik-elektriline-10-liitrit-25-kw-lauapealne-adexa-whcdfs\\\/#primaryimage\"},\"thumbnailUrl\":\"https:\\\/\\\/adexa.ee\\\/wp-content\\\/uploads\\\/2024\\\/12\\\/WHCDFS-3.jpg\",\"datePublished\":\"2026-03-30T20:45:08+00:00\",\"dateModified\":\"2026-03-30T20:45:10+00:00\",\"breadcrumb\":{\"@id\":\"https:\\\/\\\/adexa.ee\\\/toode\\\/frituur-uksik-elektriline-10-liitrit-25-kw-lauapealne-adexa-whcdfs\\\/#breadcrumb\"},\"inLanguage\":\"en-US\",\"potentialAction\":[{\"@type\":\"ReadAction\",\"target\":[\"https:\\\/\\\/adexa.ee\\\/toode\\\/frituur-uksik-elektriline-10-liitrit-25-kw-lauapealne-adexa-whcdfs\\\/\"]}]},{\"@type\":\"ImageObject\",\"inLanguage\":\"en-US\",\"@id\":\"https:\\\/\\\/adexa.ee\\\/toode\\\/frituur-uksik-elektriline-10-liitrit-25-kw-lauapealne-adexa-whcdfs\\\/#primaryimage\",\"url\":\"https:\\\/\\\/adexa.ee\\\/wp-content\\\/uploads\\\/2024\\\/12\\\/WHCDFS-3.jpg\",\"contentUrl\":\"https:\\\/\\\/adexa.ee\\\/wp-content\\\/uploads\\\/2024\\\/12\\\/WHCDFS-3.jpg\",\"width\":2000,\"height\":2000},{\"@type\":\"BreadcrumbList\",\"@id\":\"https:\\\/\\\/adexa.ee\\\/toode\\\/frituur-uksik-elektriline-10-liitrit-25-kw-lauapealne-adexa-whcdfs\\\/#breadcrumb\",\"itemListElement\":[{\"@type\":\"ListItem\",\"position\":1,\"name\":\"Home\",\"item\":\"https:\\\/\\\/adexa.ee\\\/\"},{\"@type\":\"ListItem\",\"position\":2,\"name\":\"Tooted\",\"item\":\"https:\\\/\\\/adexa.ee\\\/pood\\\/\"},{\"@type\":\"ListItem\",\"position\":3,\"name\":\"Frit\u00fc\u00fcr \u00dcksik Elektriline 10 liitrit 2,5 kW Lauapealne | Adexa WHCDFS\"}]},{\"@type\":\"WebSite\",\"@id\":\"https:\\\/\\\/adexa.ee\\\/#website\",\"url\":\"https:\\\/\\\/adexa.ee\\\/\",\"name\":\"Adexa\",\"description\":\"\",\"publisher\":{\"@id\":\"https:\\\/\\\/adexa.ee\\\/#organization\"},\"potentialAction\":[{\"@type\":\"SearchAction\",\"target\":{\"@type\":\"EntryPoint\",\"urlTemplate\":\"https:\\\/\\\/adexa.ee\\\/?s={search_term_string}\"},\"query-input\":{\"@type\":\"PropertyValueSpecification\",\"valueRequired\":true,\"valueName\":\"search_term_string\"}}],\"inLanguage\":\"en-US\"},{\"@type\":\"Organization\",\"@id\":\"https:\\\/\\\/adexa.ee\\\/#organization\",\"name\":\"Adexa\",\"url\":\"https:\\\/\\\/adexa.ee\\\/\",\"logo\":{\"@type\":\"ImageObject\",\"inLanguage\":\"en-US\",\"@id\":\"https:\\\/\\\/adexa.ee\\\/#\\\/schema\\\/logo\\\/image\\\/\",\"url\":\"https:\\\/\\\/adexa.ee\\\/wp-content\\\/uploads\\\/2024\\\/04\\\/chef-cooks-working-in-professional-kitchen-2023-11-27-05-07-39-utc-scaled.jpg\",\"contentUrl\":\"https:\\\/\\\/adexa.ee\\\/wp-content\\\/uploads\\\/2024\\\/04\\\/chef-cooks-working-in-professional-kitchen-2023-11-27-05-07-39-utc-scaled.jpg\",\"width\":2560,\"height\":1708,\"caption\":\"Adexa\"},\"image\":{\"@id\":\"https:\\\/\\\/adexa.ee\\\/#\\\/schema\\\/logo\\\/image\\\/\"}}]}<\/script>\n<!-- \/ Yoast SEO plugin. -->","yoast_head_json":{"title":"Frit\u00fc\u00fcr \u00dcksik Elektriline 10 liitrit 2,5 kW Lauapealne | Adexa WHCDFS - Adexa \u2013 Suurk\u00f6\u00f6giseadmed restoranidele ja toitlustusele","robots":{"index":"index","follow":"follow","max-snippet":"max-snippet:-1","max-image-preview":"max-image-preview:large","max-video-preview":"max-video-preview:-1"},"canonical":"https:\/\/adexa.ee\/toode\/frituur-uksik-elektriline-10-liitrit-25-kw-lauapealne-adexa-whcdfs\/","og_locale":"en_US","og_type":"article","og_title":"Frit\u00fc\u00fcr \u00dcksik Elektriline 10 liitrit 2,5 kW Lauapealne | Adexa WHCDFS - Adexa \u2013 Suurk\u00f6\u00f6giseadmed restoranidele ja toitlustusele","og_description":"Professionaalne \u00fche paagiga s\u00fcgavrasva frit\u00fc\u00fcr, millele kehtib suur allahindlus. See k\u00f5rgekvaliteediline lauapealne frit\u00fc\u00fcr sobib suurep\u00e4raselt kiirs\u00f6\u00f6gikohtadele, restoranidele, kohvikutele, poodidele ja","og_url":"https:\/\/adexa.ee\/toode\/frituur-uksik-elektriline-10-liitrit-25-kw-lauapealne-adexa-whcdfs\/","og_site_name":"Adexa \u2013 Suurk\u00f6\u00f6giseadmed restoranidele ja toitlustusele","article_modified_time":"2026-03-30T20:45:10+00:00","og_image":[{"width":2000,"height":2000,"url":"https:\/\/adexa.ee\/wp-content\/uploads\/2024\/12\/WHCDFS-3.jpg","type":"image\/jpeg"}],"twitter_card":"summary_large_image","twitter_misc":{"Est. reading time":"1 minute"},"schema":{"@context":"https:\/\/schema.org","@graph":[{"@type":"WebPage","@id":"https:\/\/adexa.ee\/toode\/frituur-uksik-elektriline-10-liitrit-25-kw-lauapealne-adexa-whcdfs\/","url":"https:\/\/adexa.ee\/toode\/frituur-uksik-elektriline-10-liitrit-25-kw-lauapealne-adexa-whcdfs\/","name":"Frit\u00fc\u00fcr \u00dcksik Elektriline 10 liitrit 2,5 kW Lauapealne | Adexa WHCDFS - Adexa \u2013 Suurk\u00f6\u00f6giseadmed restoranidele ja toitlustusele","isPartOf":{"@id":"https:\/\/adexa.ee\/#website"},"primaryImageOfPage":{"@id":"https:\/\/adexa.ee\/toode\/frituur-uksik-elektriline-10-liitrit-25-kw-lauapealne-adexa-whcdfs\/#primaryimage"},"image":{"@id":"https:\/\/adexa.ee\/toode\/frituur-uksik-elektriline-10-liitrit-25-kw-lauapealne-adexa-whcdfs\/#primaryimage"},"thumbnailUrl":"https:\/\/adexa.ee\/wp-content\/uploads\/2024\/12\/WHCDFS-3.jpg","datePublished":"2026-03-30T20:45:08+00:00","dateModified":"2026-03-30T20:45:10+00:00","breadcrumb":{"@id":"https:\/\/adexa.ee\/toode\/frituur-uksik-elektriline-10-liitrit-25-kw-lauapealne-adexa-whcdfs\/#breadcrumb"},"inLanguage":"en-US","potentialAction":[{"@type":"ReadAction","target":["https:\/\/adexa.ee\/toode\/frituur-uksik-elektriline-10-liitrit-25-kw-lauapealne-adexa-whcdfs\/"]}]},{"@type":"ImageObject","inLanguage":"en-US","@id":"https:\/\/adexa.ee\/toode\/frituur-uksik-elektriline-10-liitrit-25-kw-lauapealne-adexa-whcdfs\/#primaryimage","url":"https:\/\/adexa.ee\/wp-content\/uploads\/2024\/12\/WHCDFS-3.jpg","contentUrl":"https:\/\/adexa.ee\/wp-content\/uploads\/2024\/12\/WHCDFS-3.jpg","width":2000,"height":2000},{"@type":"BreadcrumbList","@id":"https:\/\/adexa.ee\/toode\/frituur-uksik-elektriline-10-liitrit-25-kw-lauapealne-adexa-whcdfs\/#breadcrumb","itemListElement":[{"@type":"ListItem","position":1,"name":"Home","item":"https:\/\/adexa.ee\/"},{"@type":"ListItem","position":2,"name":"Tooted","item":"https:\/\/adexa.ee\/pood\/"},{"@type":"ListItem","position":3,"name":"Frit\u00fc\u00fcr \u00dcksik Elektriline 10 liitrit 2,5 kW Lauapealne | Adexa WHCDFS"}]},{"@type":"WebSite","@id":"https:\/\/adexa.ee\/#website","url":"https:\/\/adexa.ee\/","name":"Adexa","description":"","publisher":{"@id":"https:\/\/adexa.ee\/#organization"},"potentialAction":[{"@type":"SearchAction","target":{"@type":"EntryPoint","urlTemplate":"https:\/\/adexa.ee\/?s={search_term_string}"},"query-input":{"@type":"PropertyValueSpecification","valueRequired":true,"valueName":"search_term_string"}}],"inLanguage":"en-US"},{"@type":"Organization","@id":"https:\/\/adexa.ee\/#organization","name":"Adexa","url":"https:\/\/adexa.ee\/","logo":{"@type":"ImageObject","inLanguage":"en-US","@id":"https:\/\/adexa.ee\/#\/schema\/logo\/image\/","url":"https:\/\/adexa.ee\/wp-content\/uploads\/2024\/04\/chef-cooks-working-in-professional-kitchen-2023-11-27-05-07-39-utc-scaled.jpg","contentUrl":"https:\/\/adexa.ee\/wp-content\/uploads\/2024\/04\/chef-cooks-working-in-professional-kitchen-2023-11-27-05-07-39-utc-scaled.jpg","width":2560,"height":1708,"caption":"Adexa"},"image":{"@id":"https:\/\/adexa.ee\/#\/schema\/logo\/image\/"}}]}},"_links":{"self":[{"href":"https:\/\/adexa.ee\/en\/wp-json\/wp\/v2\/product\/14684","targetHints":{"allow":["GET"]}}],"collection":[{"href":"https:\/\/adexa.ee\/en\/wp-json\/wp\/v2\/product"}],"about":[{"href":"https:\/\/adexa.ee\/en\/wp-json\/wp\/v2\/types\/product"}],"wp:featuredmedia":[{"embeddable":true,"href":"https:\/\/adexa.ee\/en\/wp-json\/wp\/v2\/media\/14691"}],"wp:attachment":[{"href":"https:\/\/adexa.ee\/en\/wp-json\/wp\/v2\/media?parent=14684"}],"wp:term":[{"taxonomy":"product_brand","embeddable":true,"href":"https:\/\/adexa.ee\/en\/wp-json\/wp\/v2\/product_brand?post=14684"},{"taxonomy":"product_cat","embeddable":true,"href":"https:\/\/adexa.ee\/en\/wp-json\/wp\/v2\/product_cat?post=14684"},{"taxonomy":"product_tag","embeddable":true,"href":"https:\/\/adexa.ee\/en\/wp-json\/wp\/v2\/product_tag?post=14684"}],"curies":[{"name":"wp","href":"https:\/\/api.w.org\/{rel}","templated":true}]}}