{"id":14728,"date":"2026-03-31T08:45:25","date_gmt":"2026-03-31T05:45:25","guid":{"rendered":"https:\/\/adexa.ee\/toode\/pitsa-ettevalmistusjaam-lett-3-uksega-graniidist-pealispinnaga-jahutatud-letti-vitriin-9xgn1-3-sugavus-150mm-adexa-pz36pt36\/"},"modified":"2026-03-31T08:45:26","modified_gmt":"2026-03-31T05:45:26","slug":"pitsa-ettevalmistuslett-3-uksega-graniidist-pealispinnaga-jahutusega-vitriin-9xgn1-3-sugavus-150mm-adexa-pz36pt36","status":"publish","type":"product","link":"https:\/\/adexa.ee\/en\/toode\/pitsa-ettevalmistuslett-3-uksega-graniidist-pealispinnaga-jahutusega-vitriin-9xgn1-3-sugavus-150mm-adexa-pz36pt36\/","title":{"rendered":"Pitsa Ettevalmistuslett 3 uksega Graniidist pealispinnaga jahutusega vitriin 9xGN1\/3 S\u00fcgavus 150mm | Adexa PZ36+PT36"},"content":{"rendered":"<p>K\u00f5rgekvaliteediline jahutatud pitsa ettevalmistuslaud, valmistatud roostevabast terasest, kolme ukse ja \u00fche riiuliga iga ukse taga. Graniidist t\u00f6\u00f6pind, ventileeritav jahutus ja automaatne sulatus. Temperatuurivahemik +2 kuni +8\u00b0C ja digitaalseks n\u00e4idikuks. Sisaldab jahutatud ettevalmistus\u00fcksust, mille mahutavus on 9xGN1\/3 konteinerit (konteinerid ei kuulu komplekti). Selle m\u00fc\u00fcgihinna juures on see pitsa lett t\u00f5eline soodus! CFC-vaba k\u00fclmaaine ja vaht. T\u00e4ielik sisemine ja v\u00e4limine struktuur AISI 304 roostevabast terasest kerestruktuuriga. Elektrooniline termostaat ja digitaalne LED temperatuuri n\u00e4idik t\u00e4pseks juhtimiseks ja lihtsaks lugemiseks. Automaatne sulatus ja automaatne kondensatsioonivee aurustamine. Magnetiline tihend, mida saab vahetada ilma t\u00f6\u00f6riistadeta. \u00dcmardatud \u00e4\u00e4rega p\u00f5hi lihtsaks puhastamiseks. Standardne UK pistikuga 230V \/ 1 faas. Ratastel. Dokumendid Kl\u00f5psake siin, et alla laadida kasutusjuhend Kl\u00f5psake siin, et alla laadida kasutusjuhend (ettevalmistus peal) Kl\u00f5psake siin, et alla laadida tehniline joonis Kl\u00f5psake siin, et alla laadida plahvatusvaade Kl\u00f5psake siin, et alla laadida varuosade nimekiri Kl\u00f5psake siin, et alla laadida CE vastavusdeklaratsioon T\u00e4psem teave allpool jaotises &#8220;Tehnilised andmed&#8221;.<\/p>\n<table style=\"border-collapse: collapse; width: 100%; text-align: left;\">\n<tbody>\n<tr>\n<td style=\"border: 1px solid #ddd; padding: 8px; width: 45%;\"><strong>S\u00fcgavus<\/strong><\/td>\n<td style=\"border: 1px solid #ddd; padding: 8px;\">800mm<\/td>\n<\/tr>\n<tr>\n<td style=\"border: 1px solid #ddd; padding: 8px; width: 45%;\"><strong>K\u00f5rgus<\/strong><\/td>\n<td style=\"border: 1px solid #ddd; padding: 8px;\">850mm<\/td>\n<\/tr>\n<tr>\n<td style=\"border: 1px solid #ddd; padding: 8px; width: 45%;\"><strong>Laius<\/strong><\/td>\n<td style=\"border: 1px solid #ddd; padding: 8px;\">2025 mm<\/td>\n<\/tr>\n<tr>\n<td style=\"border: 1px solid #ddd; padding: 8px; width: 45%;\"><strong>Kaal<\/strong><\/td>\n<td style=\"border: 1px solid #ddd; padding: 8px;\">302 kg<\/td>\n<\/tr>\n<tr>\n<td style=\"border: 1px solid #ddd; padding: 8px; width: 45%;\"><strong>Garantii<\/strong><\/td>\n<td style=\"border: 1px solid #ddd; padding: 8px;\">12 kuu varuosade garantii<\/td>\n<\/tr>\n<tr>\n<td style=\"border: 1px solid #ddd; padding: 8px; width: 45%;\"><strong>Mahutavus<\/strong><\/td>\n<td style=\"border: 1px solid #ddd; padding: 8px;\">580 liitrit<\/td>\n<\/tr>\n<tr>\n<td style=\"border: 1px solid #ddd; padding: 8px; width: 45%;\"><strong>Uksed \/ Sahtlid<\/strong><\/td>\n<td style=\"border: 1px solid #ddd; padding: 8px;\">3 ust<\/td>\n<\/tr>\n<tr>\n<td style=\"border: 1px solid #ddd; padding: 8px; width: 45%;\"><strong>Toiteallikas<\/strong><\/td>\n<td style=\"border: 1px solid #ddd; padding: 8px;\">230V \/ 1 faas<\/td>\n<\/tr>\n<tr>\n<td style=\"border: 1px solid #ddd; padding: 8px; width: 45%;\"><strong>V\u00f5imsus<\/strong><\/td>\n<td style=\"border: 1px solid #ddd; padding: 8px;\">350W<\/td>\n<\/tr>\n<tr>\n<td style=\"border: 1px solid #ddd; padding: 8px; width: 45%;\"><strong>Plaadi\/V\u00f5re suurus<\/strong><\/td>\n<td style=\"border: 1px solid #ddd; padding: 8px;\">GN1\/3 (toidujagamisruum) \/ 600x400mm (uksed)<\/td>\n<\/tr>\n<tr>\n<td style=\"border: 1px solid #ddd; padding: 8px; width: 45%;\"><strong>Riiulid<\/strong><\/td>\n<td style=\"border: 1px solid #ddd; padding: 8px;\">1 ukse kohta<\/td>\n<\/tr>\n<tr>\n<td style=\"border: 1px solid #ddd; padding: 8px; width: 45%;\"><strong>Jahutamine<\/strong><\/td>\n<td style=\"border: 1px solid #ddd; padding: 8px;\">Ventileeritud<\/td>\n<\/tr>\n<tr>\n<td style=\"border: 1px solid #ddd; padding: 8px; width: 45%;\"><strong>Sulatamine<\/strong><\/td>\n<td style=\"border: 1px solid #ddd; padding: 8px;\">Automaatne<\/td>\n<\/tr>\n<tr>\n<td style=\"border: 1px solid #ddd; padding: 8px; width: 45%;\"><strong>K\u00fclmaaine<\/strong><\/td>\n<td style=\"border: 1px solid #ddd; padding: 8px;\">R290a<\/td>\n<\/tr>\n<tr>\n<td style=\"border: 1px solid #ddd; padding: 8px; width: 45%;\"><strong>Temperatuur<\/strong><\/td>\n<td style=\"border: 1px solid #ddd; padding: 8px;\">+2 \u00b0C kuni +8 \u00b0C<\/td>\n<\/tr>\n<tr>\n<td style=\"border: 1px solid #ddd; padding: 8px; width: 45%;\"><strong>T\u00f6\u00f6 pind<\/strong><\/td>\n<td style=\"border: 1px solid #ddd; padding: 8px;\">Graniit<\/td>\n<\/tr>\n<tr>\n<td style=\"border: 1px solid #ddd; padding: 8px; width: 45%;\"><strong>Kontrollid<\/strong><\/td>\n<td style=\"border: 1px solid #ddd; padding: 8px;\">Digitaalne<\/td>\n<\/tr>\n<tr>\n<td style=\"border: 1px solid #ddd; padding: 8px; width: 45%;\"><strong>Valgustus<\/strong><\/td>\n<td style=\"border: 1px solid #ddd; padding: 8px;\">Jah<\/td>\n<\/tr>\n<tr>\n<td style=\"border: 1px solid #ddd; padding: 8px; width: 45%;\"><strong>Maksimaalne temperatuur (ruum)<\/strong><\/td>\n<td style=\"border: 1px solid #ddd; padding: 8px;\">+48\u00b0C<\/td>\n<\/tr>\n<tr>\n<td style=\"border: 1px solid #ddd; padding: 8px; width: 45%;\"><strong>Materjal (v\u00e4limine)<\/strong><\/td>\n<td style=\"border: 1px solid #ddd; padding: 8px;\">Roostevaba teras<\/td>\n<\/tr>\n<tr>\n<td style=\"border: 1px solid #ddd; padding: 8px; width: 45%;\"><strong>Laius (teenindus)<\/strong><\/td>\n<td style=\"border: 1px solid #ddd; padding: 8px;\">2000 mm<\/td>\n<\/tr>\n<tr>\n<td style=\"border: 1px solid #ddd; padding: 8px; width: 45%;\"><strong>S\u00fcgavus (teenindus)<\/strong><\/td>\n<td style=\"border: 1px solid #ddd; padding: 8px;\">395mm<\/td>\n<\/tr>\n<tr>\n<td style=\"border: 1px solid #ddd; padding: 8px; width: 45%;\"><strong>K\u00f5rgus (teenindus)<\/strong><\/td>\n<td style=\"border: 1px solid #ddd; padding: 8px;\">435 mm<\/td>\n<\/tr>\n<tr>\n<td style=\"border: 1px solid #ddd; padding: 8px; width: 45%;\"><strong>Kaal (teenindus)<\/strong><\/td>\n<td style=\"border: 1px solid #ddd; padding: 8px;\">68 kg<\/td>\n<\/tr>\n<tr>\n<td style=\"border: 1px solid #ddd; padding: 8px; width: 45%;\"><strong>Lukk<\/strong><\/td>\n<td style=\"border: 1px solid #ddd; padding: 8px;\">Jah<\/td>\n<\/tr>\n<tr>\n<td style=\"border: 1px solid #ddd; padding: 8px; width: 45%;\"><strong>Materjal (sisemine)<\/strong><\/td>\n<td style=\"border: 1px solid #ddd; padding: 8px;\">Roostevaba teras<\/td>\n<\/tr>\n<tr>\n<td style=\"border: 1px solid #ddd; padding: 8px; width: 45%;\"><strong>Mahutavus (teenindus)<\/strong><\/td>\n<td style=\"border: 1px solid #ddd; padding: 8px;\">9 x GN1\/3<\/td>\n<\/tr>\n<tr>\n<td style=\"border: 1px solid #ddd; padding: 8px; width: 45%;\"><strong>Toiteallikas (teenindus)<\/strong><\/td>\n<td style=\"border: 1px solid #ddd; padding: 8px;\">230V \/ 1 faas<\/td>\n<\/tr>\n<tr>\n<td style=\"border: 1px solid #ddd; padding: 8px; width: 45%;\"><strong>V\u00f5imsus (teenindus)<\/strong><\/td>\n<td style=\"border: 1px solid #ddd; padding: 8px;\">220W<\/td>\n<\/tr>\n<\/tbody>\n<\/table>\n","protected":false},"excerpt":{"rendered":"<p>K\u00f5rgekvaliteediline jahutatud pitsa ettevalmistuslaud, valmistatud roostevabast terasest, kolme ukse ja \u00fche riiuliga iga ukse taga. Graniidist t\u00f6\u00f6pind, ventileeritav jahutus ja<\/p>\n","protected":false},"featured_media":14730,"template":"","meta":[],"product_brand":[],"product_cat":[686,564,701,664,685],"product_tag":[],"class_list":{"0":"post-14728","1":"product","2":"type-product","3":"status-publish","4":"has-post-thumbnail","6":"product_cat-jahutusega-pitsaletid","7":"product_cat-jahutusseadmed","8":"product_cat-pagari-jahutuskapid-letid","9":"product_cat-pitsa-ja-grill","10":"product_cat-pitsavalmistuslauad","12":"first","13":"instock","14":"sale","15":"taxable","16":"shipping-taxable","17":"purchasable","18":"product-type-simple"},"yoast_head":"<!-- This site is optimized with the Yoast SEO plugin v27.3 - https:\/\/yoast.com\/product\/yoast-seo-wordpress\/ -->\n<title>Pitsa Ettevalmistuslett 3 uksega Graniidist pealispinnaga jahutusega vitriin 9xGN1\/3 S\u00fcgavus 150mm | Adexa PZ36+PT36 - Adexa \u2013 Suurk\u00f6\u00f6giseadmed restoranidele ja toitlustusele<\/title>\n<meta name=\"robots\" content=\"index, follow, max-snippet:-1, max-image-preview:large, max-video-preview:-1\" \/>\n<link rel=\"canonical\" href=\"https:\/\/adexa.ee\/toode\/pitsa-ettevalmistuslett-3-uksega-graniidist-pealispinnaga-jahutusega-vitriin-9xgn1-3-sugavus-150mm-adexa-pz36pt36\/\" \/>\n<meta property=\"og:locale\" content=\"en_US\" \/>\n<meta property=\"og:type\" content=\"article\" \/>\n<meta property=\"og:title\" content=\"Pitsa Ettevalmistuslett 3 uksega Graniidist pealispinnaga jahutusega vitriin 9xGN1\/3 S\u00fcgavus 150mm | Adexa PZ36+PT36 - Adexa \u2013 Suurk\u00f6\u00f6giseadmed restoranidele ja toitlustusele\" \/>\n<meta property=\"og:description\" content=\"K\u00f5rgekvaliteediline jahutatud pitsa ettevalmistuslaud, valmistatud roostevabast terasest, kolme ukse ja \u00fche riiuliga iga ukse taga. Graniidist t\u00f6\u00f6pind, ventileeritav jahutus ja\" \/>\n<meta property=\"og:url\" content=\"https:\/\/adexa.ee\/toode\/pitsa-ettevalmistuslett-3-uksega-graniidist-pealispinnaga-jahutusega-vitriin-9xgn1-3-sugavus-150mm-adexa-pz36pt36\/\" \/>\n<meta property=\"og:site_name\" content=\"Adexa \u2013 Suurk\u00f6\u00f6giseadmed restoranidele ja toitlustusele\" \/>\n<meta property=\"article:modified_time\" content=\"2026-03-31T05:45:26+00:00\" \/>\n<meta property=\"og:image\" content=\"https:\/\/adexa.ee\/wp-content\/uploads\/2024\/12\/PZ3600-VRX-castors.jpg\" \/>\n\t<meta property=\"og:image:width\" content=\"1500\" \/>\n\t<meta property=\"og:image:height\" content=\"1500\" \/>\n\t<meta property=\"og:image:type\" content=\"image\/jpeg\" \/>\n<meta name=\"twitter:card\" content=\"summary_large_image\" \/>\n<meta name=\"twitter:label1\" content=\"Est. reading time\" \/>\n\t<meta name=\"twitter:data1\" content=\"1 minute\" \/>\n<script type=\"application\/ld+json\" class=\"yoast-schema-graph\">{\"@context\":\"https:\\\/\\\/schema.org\",\"@graph\":[{\"@type\":\"WebPage\",\"@id\":\"https:\\\/\\\/adexa.ee\\\/toode\\\/pitsa-ettevalmistuslett-3-uksega-graniidist-pealispinnaga-jahutusega-vitriin-9xgn1-3-sugavus-150mm-adexa-pz36pt36\\\/\",\"url\":\"https:\\\/\\\/adexa.ee\\\/toode\\\/pitsa-ettevalmistuslett-3-uksega-graniidist-pealispinnaga-jahutusega-vitriin-9xgn1-3-sugavus-150mm-adexa-pz36pt36\\\/\",\"name\":\"Pitsa Ettevalmistuslett 3 uksega Graniidist pealispinnaga jahutusega vitriin 9xGN1\\\/3 S\u00fcgavus 150mm | Adexa PZ36+PT36 - Adexa \u2013 Suurk\u00f6\u00f6giseadmed restoranidele ja toitlustusele\",\"isPartOf\":{\"@id\":\"https:\\\/\\\/adexa.ee\\\/#website\"},\"primaryImageOfPage\":{\"@id\":\"https:\\\/\\\/adexa.ee\\\/toode\\\/pitsa-ettevalmistuslett-3-uksega-graniidist-pealispinnaga-jahutusega-vitriin-9xgn1-3-sugavus-150mm-adexa-pz36pt36\\\/#primaryimage\"},\"image\":{\"@id\":\"https:\\\/\\\/adexa.ee\\\/toode\\\/pitsa-ettevalmistuslett-3-uksega-graniidist-pealispinnaga-jahutusega-vitriin-9xgn1-3-sugavus-150mm-adexa-pz36pt36\\\/#primaryimage\"},\"thumbnailUrl\":\"https:\\\/\\\/adexa.ee\\\/wp-content\\\/uploads\\\/2024\\\/12\\\/PZ3600-VRX-castors.jpg\",\"datePublished\":\"2026-03-31T05:45:25+00:00\",\"dateModified\":\"2026-03-31T05:45:26+00:00\",\"breadcrumb\":{\"@id\":\"https:\\\/\\\/adexa.ee\\\/toode\\\/pitsa-ettevalmistuslett-3-uksega-graniidist-pealispinnaga-jahutusega-vitriin-9xgn1-3-sugavus-150mm-adexa-pz36pt36\\\/#breadcrumb\"},\"inLanguage\":\"en-US\",\"potentialAction\":[{\"@type\":\"ReadAction\",\"target\":[\"https:\\\/\\\/adexa.ee\\\/toode\\\/pitsa-ettevalmistuslett-3-uksega-graniidist-pealispinnaga-jahutusega-vitriin-9xgn1-3-sugavus-150mm-adexa-pz36pt36\\\/\"]}]},{\"@type\":\"ImageObject\",\"inLanguage\":\"en-US\",\"@id\":\"https:\\\/\\\/adexa.ee\\\/toode\\\/pitsa-ettevalmistuslett-3-uksega-graniidist-pealispinnaga-jahutusega-vitriin-9xgn1-3-sugavus-150mm-adexa-pz36pt36\\\/#primaryimage\",\"url\":\"https:\\\/\\\/adexa.ee\\\/wp-content\\\/uploads\\\/2024\\\/12\\\/PZ3600-VRX-castors.jpg\",\"contentUrl\":\"https:\\\/\\\/adexa.ee\\\/wp-content\\\/uploads\\\/2024\\\/12\\\/PZ3600-VRX-castors.jpg\",\"width\":1500,\"height\":1500},{\"@type\":\"BreadcrumbList\",\"@id\":\"https:\\\/\\\/adexa.ee\\\/toode\\\/pitsa-ettevalmistuslett-3-uksega-graniidist-pealispinnaga-jahutusega-vitriin-9xgn1-3-sugavus-150mm-adexa-pz36pt36\\\/#breadcrumb\",\"itemListElement\":[{\"@type\":\"ListItem\",\"position\":1,\"name\":\"Home\",\"item\":\"https:\\\/\\\/adexa.ee\\\/\"},{\"@type\":\"ListItem\",\"position\":2,\"name\":\"Tooted\",\"item\":\"https:\\\/\\\/adexa.ee\\\/pood\\\/\"},{\"@type\":\"ListItem\",\"position\":3,\"name\":\"Pitsa Ettevalmistuslett 3 uksega Graniidist pealispinnaga jahutusega vitriin 9xGN1\\\/3 S\u00fcgavus 150mm | Adexa PZ36+PT36\"}]},{\"@type\":\"WebSite\",\"@id\":\"https:\\\/\\\/adexa.ee\\\/#website\",\"url\":\"https:\\\/\\\/adexa.ee\\\/\",\"name\":\"Adexa\",\"description\":\"\",\"publisher\":{\"@id\":\"https:\\\/\\\/adexa.ee\\\/#organization\"},\"potentialAction\":[{\"@type\":\"SearchAction\",\"target\":{\"@type\":\"EntryPoint\",\"urlTemplate\":\"https:\\\/\\\/adexa.ee\\\/?s={search_term_string}\"},\"query-input\":{\"@type\":\"PropertyValueSpecification\",\"valueRequired\":true,\"valueName\":\"search_term_string\"}}],\"inLanguage\":\"en-US\"},{\"@type\":\"Organization\",\"@id\":\"https:\\\/\\\/adexa.ee\\\/#organization\",\"name\":\"Adexa\",\"url\":\"https:\\\/\\\/adexa.ee\\\/\",\"logo\":{\"@type\":\"ImageObject\",\"inLanguage\":\"en-US\",\"@id\":\"https:\\\/\\\/adexa.ee\\\/#\\\/schema\\\/logo\\\/image\\\/\",\"url\":\"https:\\\/\\\/adexa.ee\\\/wp-content\\\/uploads\\\/2024\\\/04\\\/chef-cooks-working-in-professional-kitchen-2023-11-27-05-07-39-utc-scaled.jpg\",\"contentUrl\":\"https:\\\/\\\/adexa.ee\\\/wp-content\\\/uploads\\\/2024\\\/04\\\/chef-cooks-working-in-professional-kitchen-2023-11-27-05-07-39-utc-scaled.jpg\",\"width\":2560,\"height\":1708,\"caption\":\"Adexa\"},\"image\":{\"@id\":\"https:\\\/\\\/adexa.ee\\\/#\\\/schema\\\/logo\\\/image\\\/\"}}]}<\/script>\n<!-- \/ Yoast SEO plugin. -->","yoast_head_json":{"title":"Pitsa Ettevalmistuslett 3 uksega Graniidist pealispinnaga jahutusega vitriin 9xGN1\/3 S\u00fcgavus 150mm | Adexa PZ36+PT36 - Adexa \u2013 Suurk\u00f6\u00f6giseadmed restoranidele ja toitlustusele","robots":{"index":"index","follow":"follow","max-snippet":"max-snippet:-1","max-image-preview":"max-image-preview:large","max-video-preview":"max-video-preview:-1"},"canonical":"https:\/\/adexa.ee\/toode\/pitsa-ettevalmistuslett-3-uksega-graniidist-pealispinnaga-jahutusega-vitriin-9xgn1-3-sugavus-150mm-adexa-pz36pt36\/","og_locale":"en_US","og_type":"article","og_title":"Pitsa Ettevalmistuslett 3 uksega Graniidist pealispinnaga jahutusega vitriin 9xGN1\/3 S\u00fcgavus 150mm | Adexa PZ36+PT36 - Adexa \u2013 Suurk\u00f6\u00f6giseadmed restoranidele ja toitlustusele","og_description":"K\u00f5rgekvaliteediline jahutatud pitsa ettevalmistuslaud, valmistatud roostevabast terasest, kolme ukse ja \u00fche riiuliga iga ukse taga. Graniidist t\u00f6\u00f6pind, ventileeritav jahutus ja","og_url":"https:\/\/adexa.ee\/toode\/pitsa-ettevalmistuslett-3-uksega-graniidist-pealispinnaga-jahutusega-vitriin-9xgn1-3-sugavus-150mm-adexa-pz36pt36\/","og_site_name":"Adexa \u2013 Suurk\u00f6\u00f6giseadmed restoranidele ja toitlustusele","article_modified_time":"2026-03-31T05:45:26+00:00","og_image":[{"width":1500,"height":1500,"url":"https:\/\/adexa.ee\/wp-content\/uploads\/2024\/12\/PZ3600-VRX-castors.jpg","type":"image\/jpeg"}],"twitter_card":"summary_large_image","twitter_misc":{"Est. reading time":"1 minute"},"schema":{"@context":"https:\/\/schema.org","@graph":[{"@type":"WebPage","@id":"https:\/\/adexa.ee\/toode\/pitsa-ettevalmistuslett-3-uksega-graniidist-pealispinnaga-jahutusega-vitriin-9xgn1-3-sugavus-150mm-adexa-pz36pt36\/","url":"https:\/\/adexa.ee\/toode\/pitsa-ettevalmistuslett-3-uksega-graniidist-pealispinnaga-jahutusega-vitriin-9xgn1-3-sugavus-150mm-adexa-pz36pt36\/","name":"Pitsa Ettevalmistuslett 3 uksega Graniidist pealispinnaga jahutusega vitriin 9xGN1\/3 S\u00fcgavus 150mm | Adexa PZ36+PT36 - Adexa \u2013 Suurk\u00f6\u00f6giseadmed restoranidele ja toitlustusele","isPartOf":{"@id":"https:\/\/adexa.ee\/#website"},"primaryImageOfPage":{"@id":"https:\/\/adexa.ee\/toode\/pitsa-ettevalmistuslett-3-uksega-graniidist-pealispinnaga-jahutusega-vitriin-9xgn1-3-sugavus-150mm-adexa-pz36pt36\/#primaryimage"},"image":{"@id":"https:\/\/adexa.ee\/toode\/pitsa-ettevalmistuslett-3-uksega-graniidist-pealispinnaga-jahutusega-vitriin-9xgn1-3-sugavus-150mm-adexa-pz36pt36\/#primaryimage"},"thumbnailUrl":"https:\/\/adexa.ee\/wp-content\/uploads\/2024\/12\/PZ3600-VRX-castors.jpg","datePublished":"2026-03-31T05:45:25+00:00","dateModified":"2026-03-31T05:45:26+00:00","breadcrumb":{"@id":"https:\/\/adexa.ee\/toode\/pitsa-ettevalmistuslett-3-uksega-graniidist-pealispinnaga-jahutusega-vitriin-9xgn1-3-sugavus-150mm-adexa-pz36pt36\/#breadcrumb"},"inLanguage":"en-US","potentialAction":[{"@type":"ReadAction","target":["https:\/\/adexa.ee\/toode\/pitsa-ettevalmistuslett-3-uksega-graniidist-pealispinnaga-jahutusega-vitriin-9xgn1-3-sugavus-150mm-adexa-pz36pt36\/"]}]},{"@type":"ImageObject","inLanguage":"en-US","@id":"https:\/\/adexa.ee\/toode\/pitsa-ettevalmistuslett-3-uksega-graniidist-pealispinnaga-jahutusega-vitriin-9xgn1-3-sugavus-150mm-adexa-pz36pt36\/#primaryimage","url":"https:\/\/adexa.ee\/wp-content\/uploads\/2024\/12\/PZ3600-VRX-castors.jpg","contentUrl":"https:\/\/adexa.ee\/wp-content\/uploads\/2024\/12\/PZ3600-VRX-castors.jpg","width":1500,"height":1500},{"@type":"BreadcrumbList","@id":"https:\/\/adexa.ee\/toode\/pitsa-ettevalmistuslett-3-uksega-graniidist-pealispinnaga-jahutusega-vitriin-9xgn1-3-sugavus-150mm-adexa-pz36pt36\/#breadcrumb","itemListElement":[{"@type":"ListItem","position":1,"name":"Home","item":"https:\/\/adexa.ee\/"},{"@type":"ListItem","position":2,"name":"Tooted","item":"https:\/\/adexa.ee\/pood\/"},{"@type":"ListItem","position":3,"name":"Pitsa Ettevalmistuslett 3 uksega Graniidist pealispinnaga jahutusega vitriin 9xGN1\/3 S\u00fcgavus 150mm | Adexa PZ36+PT36"}]},{"@type":"WebSite","@id":"https:\/\/adexa.ee\/#website","url":"https:\/\/adexa.ee\/","name":"Adexa","description":"","publisher":{"@id":"https:\/\/adexa.ee\/#organization"},"potentialAction":[{"@type":"SearchAction","target":{"@type":"EntryPoint","urlTemplate":"https:\/\/adexa.ee\/?s={search_term_string}"},"query-input":{"@type":"PropertyValueSpecification","valueRequired":true,"valueName":"search_term_string"}}],"inLanguage":"en-US"},{"@type":"Organization","@id":"https:\/\/adexa.ee\/#organization","name":"Adexa","url":"https:\/\/adexa.ee\/","logo":{"@type":"ImageObject","inLanguage":"en-US","@id":"https:\/\/adexa.ee\/#\/schema\/logo\/image\/","url":"https:\/\/adexa.ee\/wp-content\/uploads\/2024\/04\/chef-cooks-working-in-professional-kitchen-2023-11-27-05-07-39-utc-scaled.jpg","contentUrl":"https:\/\/adexa.ee\/wp-content\/uploads\/2024\/04\/chef-cooks-working-in-professional-kitchen-2023-11-27-05-07-39-utc-scaled.jpg","width":2560,"height":1708,"caption":"Adexa"},"image":{"@id":"https:\/\/adexa.ee\/#\/schema\/logo\/image\/"}}]}},"_links":{"self":[{"href":"https:\/\/adexa.ee\/en\/wp-json\/wp\/v2\/product\/14728","targetHints":{"allow":["GET"]}}],"collection":[{"href":"https:\/\/adexa.ee\/en\/wp-json\/wp\/v2\/product"}],"about":[{"href":"https:\/\/adexa.ee\/en\/wp-json\/wp\/v2\/types\/product"}],"wp:featuredmedia":[{"embeddable":true,"href":"https:\/\/adexa.ee\/en\/wp-json\/wp\/v2\/media\/14730"}],"wp:attachment":[{"href":"https:\/\/adexa.ee\/en\/wp-json\/wp\/v2\/media?parent=14728"}],"wp:term":[{"taxonomy":"product_brand","embeddable":true,"href":"https:\/\/adexa.ee\/en\/wp-json\/wp\/v2\/product_brand?post=14728"},{"taxonomy":"product_cat","embeddable":true,"href":"https:\/\/adexa.ee\/en\/wp-json\/wp\/v2\/product_cat?post=14728"},{"taxonomy":"product_tag","embeddable":true,"href":"https:\/\/adexa.ee\/en\/wp-json\/wp\/v2\/product_tag?post=14728"}],"curies":[{"name":"wp","href":"https:\/\/api.w.org\/{rel}","templated":true}]}}