{"id":14738,"date":"2026-03-26T10:25:15","date_gmt":"2026-03-26T08:25:15","guid":{"rendered":"https:\/\/adexa.ee\/toode\/eelloputuspritside-seade-toopinnale-paigaldatav-uhe-sisendiga-korgus-600-mm-roostevaba-teras-adexa-eq7803a\/"},"modified":"2026-03-26T10:25:17","modified_gmt":"2026-03-26T08:25:17","slug":"eelloputusdush-toopinnale-paigaldatav-korgus-600-mm-roostevaba-teras-adexa-eq7803a","status":"publish","type":"product","link":"https:\/\/adexa.ee\/en\/toode\/eelloputusdush-toopinnale-paigaldatav-korgus-600-mm-roostevaba-teras-adexa-eq7803a\/","title":{"rendered":"Eelloputusdush, t\u00f6\u00f6pinnale paigaldatav, k\u00f5rgus 600 mm, roostevaba teras | Adexa EQ7803A"},"content":{"rendered":"<p>Professionaalne ja erakordselt vastupidav eelloputusprits sobib ideaalselt toitlustusasutustele, kommertsk\u00f6\u00f6kidele, restoranidele ja hotellidele. Vedrutoega kaardkraan ja keraamiline p\u00f6\u00f6rdkassett lekete v\u00e4ltimiseks teevad neist vastupidavad ja tihedale kasutusele m\u00f5eldud eelloputuspritsi seadmed. T\u00f6\u00f6pinnameetodiga paigaldus, \u00dche sisendiga (soe v\u00f5i k\u00fclm vesi), Vastupidav roostevaba terase konstruktsioon, Monoblokk &#8211; \u00fcks veetoitekanal.<\/p>\n<table style=\"border-collapse: collapse; width: 100%; text-align: left;\">\n<tbody>\n<tr>\n<td style=\"border: 1px solid #ddd; padding: 8px; width: 45%;\"><strong>K\u00f5rgus<\/strong><\/td>\n<td style=\"border: 1px solid #ddd; padding: 8px;\">600 mm<\/td>\n<\/tr>\n<tr>\n<td style=\"border: 1px solid #ddd; padding: 8px; width: 45%;\"><strong>Garantii<\/strong><\/td>\n<td style=\"border: 1px solid #ddd; padding: 8px;\">12 kuu varuosade garantii<\/td>\n<\/tr>\n<tr>\n<td style=\"border: 1px solid #ddd; padding: 8px; width: 45%;\"><strong>T\u00fc\u00fcp<\/strong><\/td>\n<td style=\"border: 1px solid #ddd; padding: 8px;\">\u00dcks auk \/ \u00dcks sisselaskeava<\/td>\n<\/tr>\n<tr>\n<td style=\"border: 1px solid #ddd; padding: 8px; width: 45%;\"><strong>Versioon<\/strong><\/td>\n<td style=\"border: 1px solid #ddd; padding: 8px;\">Teki kinnitus<\/td>\n<\/tr>\n<tr>\n<td style=\"border: 1px solid #ddd; padding: 8px; width: 45%;\"><strong>Materjal<\/strong><\/td>\n<td style=\"border: 1px solid #ddd; padding: 8px;\">Roostevaba teras<\/td>\n<\/tr>\n<tr>\n<td style=\"border: 1px solid #ddd; padding: 8px; width: 45%;\"><strong>Segisti<\/strong><\/td>\n<td style=\"border: 1px solid #ddd; padding: 8px;\">Ei<\/td>\n<\/tr>\n<tr>\n<td style=\"border: 1px solid #ddd; padding: 8px; width: 45%;\"><strong>L\u00e4bim\u00f5\u00f5t<\/strong><\/td>\n<td style=\"border: 1px solid #ddd; padding: 8px;\">\u00d822mm (s\u00fcvendi auk)<\/td>\n<\/tr>\n<tr>\n<td style=\"border: 1px solid #ddd; padding: 8px; width: 45%;\"><strong>M\u00f5\u00f5tmed<\/strong><\/td>\n<td style=\"border: 1px solid #ddd; padding: 8px;\">Post: 200mm \/ Voolik: 450mm \/ Vedru: 380mm<\/td>\n<\/tr>\n<tr>\n<td style=\"border: 1px solid #ddd; padding: 8px; width: 45%;\"><strong>Sissevool<\/strong><\/td>\n<td style=\"border: 1px solid #ddd; padding: 8px;\">G1\/2<\/td>\n<\/tr>\n<\/tbody>\n<\/table>\n","protected":false},"excerpt":{"rendered":"<p>Professionaalne ja erakordselt vastupidav eelloputusprits sobib ideaalselt toitlustusasutustele, kommertsk\u00f6\u00f6kidele, restoranidele ja hotellidele. Vedrutoega kaardkraan ja keraamiline p\u00f6\u00f6rdkassett lekete v\u00e4ltimiseks teevad<\/p>\n","protected":false},"featured_media":14740,"template":"","meta":[],"product_brand":[],"product_cat":[610,698,569,609,661],"product_tag":[],"class_list":{"0":"post-14738","1":"product","2":"type-product","3":"status-publish","4":"has-post-thumbnail","6":"product_cat-dusid-segistid","7":"product_cat-eelpesudushid","8":"product_cat-lopumuuk","9":"product_cat-noudepesu","10":"product_cat-valamutarvikud","12":"first","13":"instock","14":"sale","15":"taxable","16":"shipping-taxable","17":"purchasable","18":"product-type-simple"},"yoast_head":"<!-- This site is optimized with the Yoast SEO plugin v27.3 - https:\/\/yoast.com\/product\/yoast-seo-wordpress\/ -->\n<title>Eelloputusdush, t\u00f6\u00f6pinnale paigaldatav, k\u00f5rgus 600 mm, roostevaba teras | Adexa EQ7803A - Adexa \u2013 Suurk\u00f6\u00f6giseadmed restoranidele ja toitlustusele<\/title>\n<meta name=\"robots\" content=\"index, follow, max-snippet:-1, max-image-preview:large, max-video-preview:-1\" \/>\n<link rel=\"canonical\" href=\"https:\/\/adexa.ee\/toode\/eelloputusdush-toopinnale-paigaldatav-korgus-600-mm-roostevaba-teras-adexa-eq7803a\/\" \/>\n<meta property=\"og:locale\" content=\"en_US\" \/>\n<meta property=\"og:type\" content=\"article\" \/>\n<meta property=\"og:title\" content=\"Eelloputusdush, t\u00f6\u00f6pinnale paigaldatav, k\u00f5rgus 600 mm, roostevaba teras | Adexa EQ7803A - Adexa \u2013 Suurk\u00f6\u00f6giseadmed restoranidele ja toitlustusele\" \/>\n<meta property=\"og:description\" content=\"Professionaalne ja erakordselt vastupidav eelloputusprits sobib ideaalselt toitlustusasutustele, kommertsk\u00f6\u00f6kidele, restoranidele ja hotellidele. Vedrutoega kaardkraan ja keraamiline p\u00f6\u00f6rdkassett lekete v\u00e4ltimiseks teevad\" \/>\n<meta property=\"og:url\" content=\"https:\/\/adexa.ee\/toode\/eelloputusdush-toopinnale-paigaldatav-korgus-600-mm-roostevaba-teras-adexa-eq7803a\/\" \/>\n<meta property=\"og:site_name\" content=\"Adexa \u2013 Suurk\u00f6\u00f6giseadmed restoranidele ja toitlustusele\" \/>\n<meta property=\"article:modified_time\" content=\"2026-03-26T08:25:17+00:00\" \/>\n<meta property=\"og:image\" content=\"https:\/\/adexa.ee\/wp-content\/uploads\/2024\/12\/EQ7803A.jpg\" \/>\n\t<meta property=\"og:image:width\" content=\"900\" \/>\n\t<meta property=\"og:image:height\" content=\"900\" \/>\n\t<meta property=\"og:image:type\" content=\"image\/jpeg\" \/>\n<meta name=\"twitter:card\" content=\"summary_large_image\" \/>\n<script type=\"application\/ld+json\" class=\"yoast-schema-graph\">{\"@context\":\"https:\\\/\\\/schema.org\",\"@graph\":[{\"@type\":\"WebPage\",\"@id\":\"https:\\\/\\\/adexa.ee\\\/toode\\\/eelloputusdush-toopinnale-paigaldatav-korgus-600-mm-roostevaba-teras-adexa-eq7803a\\\/\",\"url\":\"https:\\\/\\\/adexa.ee\\\/toode\\\/eelloputusdush-toopinnale-paigaldatav-korgus-600-mm-roostevaba-teras-adexa-eq7803a\\\/\",\"name\":\"Eelloputusdush, t\u00f6\u00f6pinnale paigaldatav, k\u00f5rgus 600 mm, roostevaba teras | Adexa EQ7803A - Adexa \u2013 Suurk\u00f6\u00f6giseadmed restoranidele ja toitlustusele\",\"isPartOf\":{\"@id\":\"https:\\\/\\\/adexa.ee\\\/#website\"},\"primaryImageOfPage\":{\"@id\":\"https:\\\/\\\/adexa.ee\\\/toode\\\/eelloputusdush-toopinnale-paigaldatav-korgus-600-mm-roostevaba-teras-adexa-eq7803a\\\/#primaryimage\"},\"image\":{\"@id\":\"https:\\\/\\\/adexa.ee\\\/toode\\\/eelloputusdush-toopinnale-paigaldatav-korgus-600-mm-roostevaba-teras-adexa-eq7803a\\\/#primaryimage\"},\"thumbnailUrl\":\"https:\\\/\\\/adexa.ee\\\/wp-content\\\/uploads\\\/2024\\\/12\\\/EQ7803A.jpg\",\"datePublished\":\"2026-03-26T08:25:15+00:00\",\"dateModified\":\"2026-03-26T08:25:17+00:00\",\"breadcrumb\":{\"@id\":\"https:\\\/\\\/adexa.ee\\\/toode\\\/eelloputusdush-toopinnale-paigaldatav-korgus-600-mm-roostevaba-teras-adexa-eq7803a\\\/#breadcrumb\"},\"inLanguage\":\"en-US\",\"potentialAction\":[{\"@type\":\"ReadAction\",\"target\":[\"https:\\\/\\\/adexa.ee\\\/toode\\\/eelloputusdush-toopinnale-paigaldatav-korgus-600-mm-roostevaba-teras-adexa-eq7803a\\\/\"]}]},{\"@type\":\"ImageObject\",\"inLanguage\":\"en-US\",\"@id\":\"https:\\\/\\\/adexa.ee\\\/toode\\\/eelloputusdush-toopinnale-paigaldatav-korgus-600-mm-roostevaba-teras-adexa-eq7803a\\\/#primaryimage\",\"url\":\"https:\\\/\\\/adexa.ee\\\/wp-content\\\/uploads\\\/2024\\\/12\\\/EQ7803A.jpg\",\"contentUrl\":\"https:\\\/\\\/adexa.ee\\\/wp-content\\\/uploads\\\/2024\\\/12\\\/EQ7803A.jpg\",\"width\":900,\"height\":900},{\"@type\":\"BreadcrumbList\",\"@id\":\"https:\\\/\\\/adexa.ee\\\/toode\\\/eelloputusdush-toopinnale-paigaldatav-korgus-600-mm-roostevaba-teras-adexa-eq7803a\\\/#breadcrumb\",\"itemListElement\":[{\"@type\":\"ListItem\",\"position\":1,\"name\":\"Home\",\"item\":\"https:\\\/\\\/adexa.ee\\\/\"},{\"@type\":\"ListItem\",\"position\":2,\"name\":\"Tooted\",\"item\":\"https:\\\/\\\/adexa.ee\\\/pood\\\/\"},{\"@type\":\"ListItem\",\"position\":3,\"name\":\"Eelloputusdush, t\u00f6\u00f6pinnale paigaldatav, k\u00f5rgus 600 mm, roostevaba teras | Adexa EQ7803A\"}]},{\"@type\":\"WebSite\",\"@id\":\"https:\\\/\\\/adexa.ee\\\/#website\",\"url\":\"https:\\\/\\\/adexa.ee\\\/\",\"name\":\"Adexa\",\"description\":\"\",\"publisher\":{\"@id\":\"https:\\\/\\\/adexa.ee\\\/#organization\"},\"potentialAction\":[{\"@type\":\"SearchAction\",\"target\":{\"@type\":\"EntryPoint\",\"urlTemplate\":\"https:\\\/\\\/adexa.ee\\\/?s={search_term_string}\"},\"query-input\":{\"@type\":\"PropertyValueSpecification\",\"valueRequired\":true,\"valueName\":\"search_term_string\"}}],\"inLanguage\":\"en-US\"},{\"@type\":\"Organization\",\"@id\":\"https:\\\/\\\/adexa.ee\\\/#organization\",\"name\":\"Adexa\",\"url\":\"https:\\\/\\\/adexa.ee\\\/\",\"logo\":{\"@type\":\"ImageObject\",\"inLanguage\":\"en-US\",\"@id\":\"https:\\\/\\\/adexa.ee\\\/#\\\/schema\\\/logo\\\/image\\\/\",\"url\":\"https:\\\/\\\/adexa.ee\\\/wp-content\\\/uploads\\\/2024\\\/04\\\/chef-cooks-working-in-professional-kitchen-2023-11-27-05-07-39-utc-scaled.jpg\",\"contentUrl\":\"https:\\\/\\\/adexa.ee\\\/wp-content\\\/uploads\\\/2024\\\/04\\\/chef-cooks-working-in-professional-kitchen-2023-11-27-05-07-39-utc-scaled.jpg\",\"width\":2560,\"height\":1708,\"caption\":\"Adexa\"},\"image\":{\"@id\":\"https:\\\/\\\/adexa.ee\\\/#\\\/schema\\\/logo\\\/image\\\/\"}}]}<\/script>\n<!-- \/ Yoast SEO plugin. -->","yoast_head_json":{"title":"Eelloputusdush, t\u00f6\u00f6pinnale paigaldatav, k\u00f5rgus 600 mm, roostevaba teras | Adexa EQ7803A - Adexa \u2013 Suurk\u00f6\u00f6giseadmed restoranidele ja toitlustusele","robots":{"index":"index","follow":"follow","max-snippet":"max-snippet:-1","max-image-preview":"max-image-preview:large","max-video-preview":"max-video-preview:-1"},"canonical":"https:\/\/adexa.ee\/toode\/eelloputusdush-toopinnale-paigaldatav-korgus-600-mm-roostevaba-teras-adexa-eq7803a\/","og_locale":"en_US","og_type":"article","og_title":"Eelloputusdush, t\u00f6\u00f6pinnale paigaldatav, k\u00f5rgus 600 mm, roostevaba teras | Adexa EQ7803A - Adexa \u2013 Suurk\u00f6\u00f6giseadmed restoranidele ja toitlustusele","og_description":"Professionaalne ja erakordselt vastupidav eelloputusprits sobib ideaalselt toitlustusasutustele, kommertsk\u00f6\u00f6kidele, restoranidele ja hotellidele. Vedrutoega kaardkraan ja keraamiline p\u00f6\u00f6rdkassett lekete v\u00e4ltimiseks teevad","og_url":"https:\/\/adexa.ee\/toode\/eelloputusdush-toopinnale-paigaldatav-korgus-600-mm-roostevaba-teras-adexa-eq7803a\/","og_site_name":"Adexa \u2013 Suurk\u00f6\u00f6giseadmed restoranidele ja toitlustusele","article_modified_time":"2026-03-26T08:25:17+00:00","og_image":[{"width":900,"height":900,"url":"https:\/\/adexa.ee\/wp-content\/uploads\/2024\/12\/EQ7803A.jpg","type":"image\/jpeg"}],"twitter_card":"summary_large_image","schema":{"@context":"https:\/\/schema.org","@graph":[{"@type":"WebPage","@id":"https:\/\/adexa.ee\/toode\/eelloputusdush-toopinnale-paigaldatav-korgus-600-mm-roostevaba-teras-adexa-eq7803a\/","url":"https:\/\/adexa.ee\/toode\/eelloputusdush-toopinnale-paigaldatav-korgus-600-mm-roostevaba-teras-adexa-eq7803a\/","name":"Eelloputusdush, t\u00f6\u00f6pinnale paigaldatav, k\u00f5rgus 600 mm, roostevaba teras | Adexa EQ7803A - Adexa \u2013 Suurk\u00f6\u00f6giseadmed restoranidele ja toitlustusele","isPartOf":{"@id":"https:\/\/adexa.ee\/#website"},"primaryImageOfPage":{"@id":"https:\/\/adexa.ee\/toode\/eelloputusdush-toopinnale-paigaldatav-korgus-600-mm-roostevaba-teras-adexa-eq7803a\/#primaryimage"},"image":{"@id":"https:\/\/adexa.ee\/toode\/eelloputusdush-toopinnale-paigaldatav-korgus-600-mm-roostevaba-teras-adexa-eq7803a\/#primaryimage"},"thumbnailUrl":"https:\/\/adexa.ee\/wp-content\/uploads\/2024\/12\/EQ7803A.jpg","datePublished":"2026-03-26T08:25:15+00:00","dateModified":"2026-03-26T08:25:17+00:00","breadcrumb":{"@id":"https:\/\/adexa.ee\/toode\/eelloputusdush-toopinnale-paigaldatav-korgus-600-mm-roostevaba-teras-adexa-eq7803a\/#breadcrumb"},"inLanguage":"en-US","potentialAction":[{"@type":"ReadAction","target":["https:\/\/adexa.ee\/toode\/eelloputusdush-toopinnale-paigaldatav-korgus-600-mm-roostevaba-teras-adexa-eq7803a\/"]}]},{"@type":"ImageObject","inLanguage":"en-US","@id":"https:\/\/adexa.ee\/toode\/eelloputusdush-toopinnale-paigaldatav-korgus-600-mm-roostevaba-teras-adexa-eq7803a\/#primaryimage","url":"https:\/\/adexa.ee\/wp-content\/uploads\/2024\/12\/EQ7803A.jpg","contentUrl":"https:\/\/adexa.ee\/wp-content\/uploads\/2024\/12\/EQ7803A.jpg","width":900,"height":900},{"@type":"BreadcrumbList","@id":"https:\/\/adexa.ee\/toode\/eelloputusdush-toopinnale-paigaldatav-korgus-600-mm-roostevaba-teras-adexa-eq7803a\/#breadcrumb","itemListElement":[{"@type":"ListItem","position":1,"name":"Home","item":"https:\/\/adexa.ee\/"},{"@type":"ListItem","position":2,"name":"Tooted","item":"https:\/\/adexa.ee\/pood\/"},{"@type":"ListItem","position":3,"name":"Eelloputusdush, t\u00f6\u00f6pinnale paigaldatav, k\u00f5rgus 600 mm, roostevaba teras | Adexa EQ7803A"}]},{"@type":"WebSite","@id":"https:\/\/adexa.ee\/#website","url":"https:\/\/adexa.ee\/","name":"Adexa","description":"","publisher":{"@id":"https:\/\/adexa.ee\/#organization"},"potentialAction":[{"@type":"SearchAction","target":{"@type":"EntryPoint","urlTemplate":"https:\/\/adexa.ee\/?s={search_term_string}"},"query-input":{"@type":"PropertyValueSpecification","valueRequired":true,"valueName":"search_term_string"}}],"inLanguage":"en-US"},{"@type":"Organization","@id":"https:\/\/adexa.ee\/#organization","name":"Adexa","url":"https:\/\/adexa.ee\/","logo":{"@type":"ImageObject","inLanguage":"en-US","@id":"https:\/\/adexa.ee\/#\/schema\/logo\/image\/","url":"https:\/\/adexa.ee\/wp-content\/uploads\/2024\/04\/chef-cooks-working-in-professional-kitchen-2023-11-27-05-07-39-utc-scaled.jpg","contentUrl":"https:\/\/adexa.ee\/wp-content\/uploads\/2024\/04\/chef-cooks-working-in-professional-kitchen-2023-11-27-05-07-39-utc-scaled.jpg","width":2560,"height":1708,"caption":"Adexa"},"image":{"@id":"https:\/\/adexa.ee\/#\/schema\/logo\/image\/"}}]}},"_links":{"self":[{"href":"https:\/\/adexa.ee\/en\/wp-json\/wp\/v2\/product\/14738","targetHints":{"allow":["GET"]}}],"collection":[{"href":"https:\/\/adexa.ee\/en\/wp-json\/wp\/v2\/product"}],"about":[{"href":"https:\/\/adexa.ee\/en\/wp-json\/wp\/v2\/types\/product"}],"wp:featuredmedia":[{"embeddable":true,"href":"https:\/\/adexa.ee\/en\/wp-json\/wp\/v2\/media\/14740"}],"wp:attachment":[{"href":"https:\/\/adexa.ee\/en\/wp-json\/wp\/v2\/media?parent=14738"}],"wp:term":[{"taxonomy":"product_brand","embeddable":true,"href":"https:\/\/adexa.ee\/en\/wp-json\/wp\/v2\/product_brand?post=14738"},{"taxonomy":"product_cat","embeddable":true,"href":"https:\/\/adexa.ee\/en\/wp-json\/wp\/v2\/product_cat?post=14738"},{"taxonomy":"product_tag","embeddable":true,"href":"https:\/\/adexa.ee\/en\/wp-json\/wp\/v2\/product_tag?post=14738"}],"curies":[{"name":"wp","href":"https:\/\/api.w.org\/{rel}","templated":true}]}}