{"id":14747,"date":"2026-03-26T10:25:15","date_gmt":"2026-03-26T08:25:15","guid":{"rendered":"https:\/\/adexa.ee\/toode\/veinipokaalide-hoidik-kuldne-laest-kinnitatud-pikkus-400-mm-5-veinipokaali-adexa-wgr116g\/"},"modified":"2026-03-26T10:25:18","modified_gmt":"2026-03-26T08:25:18","slug":"veinipokaalide-hoidik-kuldne-lakke-kinnitatav-pikkus-400-mm-5-veinipokaali-adexa-wgr116g","status":"publish","type":"product","link":"https:\/\/adexa.ee\/en\/toode\/veinipokaalide-hoidik-kuldne-lakke-kinnitatav-pikkus-400-mm-5-veinipokaali-adexa-wgr116g\/","title":{"rendered":"Veinipokaalide hoidik Kuldne Lakke kinnitatav Pikkus 400 mm 5 veinipokaali | Adexa WGR116G"},"content":{"rendered":"<p>Aitades \u00e4ra hoida klaaside purunemist, on see veinipokaalide hoidik ideaalne kokteili- ja veinibaaridele v\u00f5i kohtadele, kus ruum on piiratud. Kas riputage see peak\u00f5rgusele, et demonstreerida teie poleeritud pokaale, aidates kaasa sujuvale ja kiirele teenindusele, v\u00f5i paigaldage see leti alla, et v\u00f5imaldada kiiremat kuivamist p\u00e4rast pesuts\u00fcklit.<\/p>\n<table style=\"border-collapse: collapse; width: 100%; text-align: left;\">\n<tbody>\n<tr>\n<td style=\"border: 1px solid #ddd; padding: 8px; width: 45%;\"><strong>S\u00fcgavus<\/strong><\/td>\n<td style=\"border: 1px solid #ddd; padding: 8px;\">400 mm<\/td>\n<\/tr>\n<tr>\n<td style=\"border: 1px solid #ddd; padding: 8px; width: 45%;\"><strong>K\u00f5rgus<\/strong><\/td>\n<td style=\"border: 1px solid #ddd; padding: 8px;\">50 mm<\/td>\n<\/tr>\n<tr>\n<td style=\"border: 1px solid #ddd; padding: 8px; width: 45%;\"><strong>Laius<\/strong><\/td>\n<td style=\"border: 1px solid #ddd; padding: 8px;\">100 mm<\/td>\n<\/tr>\n<tr>\n<td style=\"border: 1px solid #ddd; padding: 8px; width: 45%;\"><strong>T\u00fc\u00fcp<\/strong><\/td>\n<td style=\"border: 1px solid #ddd; padding: 8px;\">Lae k\u00fclge kinnitatud<\/td>\n<\/tr>\n<tr>\n<td style=\"border: 1px solid #ddd; padding: 8px; width: 45%;\"><strong>Mahutavus<\/strong><\/td>\n<td style=\"border: 1px solid #ddd; padding: 8px;\">5 veiniklaasi<\/td>\n<\/tr>\n<tr>\n<td style=\"border: 1px solid #ddd; padding: 8px; width: 45%;\"><strong>Materjal<\/strong><\/td>\n<td style=\"border: 1px solid #ddd; padding: 8px;\">Kroomitud raud<\/td>\n<\/tr>\n<tr>\n<td style=\"border: 1px solid #ddd; padding: 8px; width: 45%;\"><strong>V\u00e4rv<\/strong><\/td>\n<td style=\"border: 1px solid #ddd; padding: 8px;\">Kuld<\/td>\n<\/tr>\n<tr>\n<td style=\"border: 1px solid #ddd; padding: 8px; width: 45%;\"><strong>Paksus<\/strong><\/td>\n<td style=\"border: 1px solid #ddd; padding: 8px;\">\u00d86 mm<\/td>\n<\/tr>\n<\/tbody>\n<\/table>\n","protected":false},"excerpt":{"rendered":"<p>Aitades \u00e4ra hoida klaaside purunemist, on see veinipokaalide hoidik ideaalne kokteili- ja veinibaaridele v\u00f5i kohtadele, kus ruum on piiratud. Kas<\/p>\n","protected":false},"featured_media":14749,"template":"","meta":[],"product_brand":[],"product_cat":[688,613,579,572],"product_tag":[],"class_list":{"0":"post-14747","1":"product","2":"type-product","3":"status-publish","4":"has-post-thumbnail","6":"product_cat-klaasihoidjad","7":"product_cat-kohv-ja-joogid","8":"product_cat-koogitarbed-noud","9":"product_cat-roostevabad-tooted","11":"first","12":"instock","13":"sale","14":"taxable","15":"shipping-taxable","16":"purchasable","17":"product-type-simple"},"yoast_head":"<!-- This site is optimized with the Yoast SEO plugin v27.3 - https:\/\/yoast.com\/product\/yoast-seo-wordpress\/ -->\n<title>Veinipokaalide hoidik Kuldne Lakke kinnitatav Pikkus 400 mm 5 veinipokaali | Adexa WGR116G - Adexa \u2013 Suurk\u00f6\u00f6giseadmed restoranidele ja toitlustusele<\/title>\n<meta name=\"robots\" content=\"index, follow, max-snippet:-1, max-image-preview:large, max-video-preview:-1\" \/>\n<link rel=\"canonical\" href=\"https:\/\/adexa.ee\/toode\/veinipokaalide-hoidik-kuldne-lakke-kinnitatav-pikkus-400-mm-5-veinipokaali-adexa-wgr116g\/\" \/>\n<meta property=\"og:locale\" content=\"en_US\" \/>\n<meta property=\"og:type\" content=\"article\" \/>\n<meta property=\"og:title\" content=\"Veinipokaalide hoidik Kuldne Lakke kinnitatav Pikkus 400 mm 5 veinipokaali | Adexa WGR116G - Adexa \u2013 Suurk\u00f6\u00f6giseadmed restoranidele ja toitlustusele\" \/>\n<meta property=\"og:description\" content=\"Aitades \u00e4ra hoida klaaside purunemist, on see veinipokaalide hoidik ideaalne kokteili- ja veinibaaridele v\u00f5i kohtadele, kus ruum on piiratud. Kas\" \/>\n<meta property=\"og:url\" content=\"https:\/\/adexa.ee\/toode\/veinipokaalide-hoidik-kuldne-lakke-kinnitatav-pikkus-400-mm-5-veinipokaali-adexa-wgr116g\/\" \/>\n<meta property=\"og:site_name\" content=\"Adexa \u2013 Suurk\u00f6\u00f6giseadmed restoranidele ja toitlustusele\" \/>\n<meta property=\"article:modified_time\" content=\"2026-03-26T08:25:18+00:00\" \/>\n<meta property=\"og:image\" content=\"https:\/\/adexa.ee\/wp-content\/uploads\/2024\/12\/WGR116G.jpg\" \/>\n\t<meta property=\"og:image:width\" content=\"1800\" \/>\n\t<meta property=\"og:image:height\" content=\"1800\" \/>\n\t<meta property=\"og:image:type\" content=\"image\/jpeg\" \/>\n<meta name=\"twitter:card\" content=\"summary_large_image\" \/>\n<script type=\"application\/ld+json\" class=\"yoast-schema-graph\">{\"@context\":\"https:\\\/\\\/schema.org\",\"@graph\":[{\"@type\":\"WebPage\",\"@id\":\"https:\\\/\\\/adexa.ee\\\/toode\\\/veinipokaalide-hoidik-kuldne-lakke-kinnitatav-pikkus-400-mm-5-veinipokaali-adexa-wgr116g\\\/\",\"url\":\"https:\\\/\\\/adexa.ee\\\/toode\\\/veinipokaalide-hoidik-kuldne-lakke-kinnitatav-pikkus-400-mm-5-veinipokaali-adexa-wgr116g\\\/\",\"name\":\"Veinipokaalide hoidik Kuldne Lakke kinnitatav Pikkus 400 mm 5 veinipokaali | Adexa WGR116G - Adexa \u2013 Suurk\u00f6\u00f6giseadmed restoranidele ja toitlustusele\",\"isPartOf\":{\"@id\":\"https:\\\/\\\/adexa.ee\\\/#website\"},\"primaryImageOfPage\":{\"@id\":\"https:\\\/\\\/adexa.ee\\\/toode\\\/veinipokaalide-hoidik-kuldne-lakke-kinnitatav-pikkus-400-mm-5-veinipokaali-adexa-wgr116g\\\/#primaryimage\"},\"image\":{\"@id\":\"https:\\\/\\\/adexa.ee\\\/toode\\\/veinipokaalide-hoidik-kuldne-lakke-kinnitatav-pikkus-400-mm-5-veinipokaali-adexa-wgr116g\\\/#primaryimage\"},\"thumbnailUrl\":\"https:\\\/\\\/adexa.ee\\\/wp-content\\\/uploads\\\/2024\\\/12\\\/WGR116G.jpg\",\"datePublished\":\"2026-03-26T08:25:15+00:00\",\"dateModified\":\"2026-03-26T08:25:18+00:00\",\"breadcrumb\":{\"@id\":\"https:\\\/\\\/adexa.ee\\\/toode\\\/veinipokaalide-hoidik-kuldne-lakke-kinnitatav-pikkus-400-mm-5-veinipokaali-adexa-wgr116g\\\/#breadcrumb\"},\"inLanguage\":\"en-US\",\"potentialAction\":[{\"@type\":\"ReadAction\",\"target\":[\"https:\\\/\\\/adexa.ee\\\/toode\\\/veinipokaalide-hoidik-kuldne-lakke-kinnitatav-pikkus-400-mm-5-veinipokaali-adexa-wgr116g\\\/\"]}]},{\"@type\":\"ImageObject\",\"inLanguage\":\"en-US\",\"@id\":\"https:\\\/\\\/adexa.ee\\\/toode\\\/veinipokaalide-hoidik-kuldne-lakke-kinnitatav-pikkus-400-mm-5-veinipokaali-adexa-wgr116g\\\/#primaryimage\",\"url\":\"https:\\\/\\\/adexa.ee\\\/wp-content\\\/uploads\\\/2024\\\/12\\\/WGR116G.jpg\",\"contentUrl\":\"https:\\\/\\\/adexa.ee\\\/wp-content\\\/uploads\\\/2024\\\/12\\\/WGR116G.jpg\",\"width\":1800,\"height\":1800},{\"@type\":\"BreadcrumbList\",\"@id\":\"https:\\\/\\\/adexa.ee\\\/toode\\\/veinipokaalide-hoidik-kuldne-lakke-kinnitatav-pikkus-400-mm-5-veinipokaali-adexa-wgr116g\\\/#breadcrumb\",\"itemListElement\":[{\"@type\":\"ListItem\",\"position\":1,\"name\":\"Home\",\"item\":\"https:\\\/\\\/adexa.ee\\\/\"},{\"@type\":\"ListItem\",\"position\":2,\"name\":\"Tooted\",\"item\":\"https:\\\/\\\/adexa.ee\\\/pood\\\/\"},{\"@type\":\"ListItem\",\"position\":3,\"name\":\"Veinipokaalide hoidik Kuldne Lakke kinnitatav Pikkus 400 mm 5 veinipokaali | Adexa WGR116G\"}]},{\"@type\":\"WebSite\",\"@id\":\"https:\\\/\\\/adexa.ee\\\/#website\",\"url\":\"https:\\\/\\\/adexa.ee\\\/\",\"name\":\"Adexa\",\"description\":\"\",\"publisher\":{\"@id\":\"https:\\\/\\\/adexa.ee\\\/#organization\"},\"potentialAction\":[{\"@type\":\"SearchAction\",\"target\":{\"@type\":\"EntryPoint\",\"urlTemplate\":\"https:\\\/\\\/adexa.ee\\\/?s={search_term_string}\"},\"query-input\":{\"@type\":\"PropertyValueSpecification\",\"valueRequired\":true,\"valueName\":\"search_term_string\"}}],\"inLanguage\":\"en-US\"},{\"@type\":\"Organization\",\"@id\":\"https:\\\/\\\/adexa.ee\\\/#organization\",\"name\":\"Adexa\",\"url\":\"https:\\\/\\\/adexa.ee\\\/\",\"logo\":{\"@type\":\"ImageObject\",\"inLanguage\":\"en-US\",\"@id\":\"https:\\\/\\\/adexa.ee\\\/#\\\/schema\\\/logo\\\/image\\\/\",\"url\":\"https:\\\/\\\/adexa.ee\\\/wp-content\\\/uploads\\\/2024\\\/04\\\/chef-cooks-working-in-professional-kitchen-2023-11-27-05-07-39-utc-scaled.jpg\",\"contentUrl\":\"https:\\\/\\\/adexa.ee\\\/wp-content\\\/uploads\\\/2024\\\/04\\\/chef-cooks-working-in-professional-kitchen-2023-11-27-05-07-39-utc-scaled.jpg\",\"width\":2560,\"height\":1708,\"caption\":\"Adexa\"},\"image\":{\"@id\":\"https:\\\/\\\/adexa.ee\\\/#\\\/schema\\\/logo\\\/image\\\/\"}}]}<\/script>\n<!-- \/ Yoast SEO plugin. -->","yoast_head_json":{"title":"Veinipokaalide hoidik Kuldne Lakke kinnitatav Pikkus 400 mm 5 veinipokaali | Adexa WGR116G - Adexa \u2013 Suurk\u00f6\u00f6giseadmed restoranidele ja toitlustusele","robots":{"index":"index","follow":"follow","max-snippet":"max-snippet:-1","max-image-preview":"max-image-preview:large","max-video-preview":"max-video-preview:-1"},"canonical":"https:\/\/adexa.ee\/toode\/veinipokaalide-hoidik-kuldne-lakke-kinnitatav-pikkus-400-mm-5-veinipokaali-adexa-wgr116g\/","og_locale":"en_US","og_type":"article","og_title":"Veinipokaalide hoidik Kuldne Lakke kinnitatav Pikkus 400 mm 5 veinipokaali | Adexa WGR116G - Adexa \u2013 Suurk\u00f6\u00f6giseadmed restoranidele ja toitlustusele","og_description":"Aitades \u00e4ra hoida klaaside purunemist, on see veinipokaalide hoidik ideaalne kokteili- ja veinibaaridele v\u00f5i kohtadele, kus ruum on piiratud. Kas","og_url":"https:\/\/adexa.ee\/toode\/veinipokaalide-hoidik-kuldne-lakke-kinnitatav-pikkus-400-mm-5-veinipokaali-adexa-wgr116g\/","og_site_name":"Adexa \u2013 Suurk\u00f6\u00f6giseadmed restoranidele ja toitlustusele","article_modified_time":"2026-03-26T08:25:18+00:00","og_image":[{"width":1800,"height":1800,"url":"https:\/\/adexa.ee\/wp-content\/uploads\/2024\/12\/WGR116G.jpg","type":"image\/jpeg"}],"twitter_card":"summary_large_image","schema":{"@context":"https:\/\/schema.org","@graph":[{"@type":"WebPage","@id":"https:\/\/adexa.ee\/toode\/veinipokaalide-hoidik-kuldne-lakke-kinnitatav-pikkus-400-mm-5-veinipokaali-adexa-wgr116g\/","url":"https:\/\/adexa.ee\/toode\/veinipokaalide-hoidik-kuldne-lakke-kinnitatav-pikkus-400-mm-5-veinipokaali-adexa-wgr116g\/","name":"Veinipokaalide hoidik Kuldne Lakke kinnitatav Pikkus 400 mm 5 veinipokaali | Adexa WGR116G - Adexa \u2013 Suurk\u00f6\u00f6giseadmed restoranidele ja toitlustusele","isPartOf":{"@id":"https:\/\/adexa.ee\/#website"},"primaryImageOfPage":{"@id":"https:\/\/adexa.ee\/toode\/veinipokaalide-hoidik-kuldne-lakke-kinnitatav-pikkus-400-mm-5-veinipokaali-adexa-wgr116g\/#primaryimage"},"image":{"@id":"https:\/\/adexa.ee\/toode\/veinipokaalide-hoidik-kuldne-lakke-kinnitatav-pikkus-400-mm-5-veinipokaali-adexa-wgr116g\/#primaryimage"},"thumbnailUrl":"https:\/\/adexa.ee\/wp-content\/uploads\/2024\/12\/WGR116G.jpg","datePublished":"2026-03-26T08:25:15+00:00","dateModified":"2026-03-26T08:25:18+00:00","breadcrumb":{"@id":"https:\/\/adexa.ee\/toode\/veinipokaalide-hoidik-kuldne-lakke-kinnitatav-pikkus-400-mm-5-veinipokaali-adexa-wgr116g\/#breadcrumb"},"inLanguage":"en-US","potentialAction":[{"@type":"ReadAction","target":["https:\/\/adexa.ee\/toode\/veinipokaalide-hoidik-kuldne-lakke-kinnitatav-pikkus-400-mm-5-veinipokaali-adexa-wgr116g\/"]}]},{"@type":"ImageObject","inLanguage":"en-US","@id":"https:\/\/adexa.ee\/toode\/veinipokaalide-hoidik-kuldne-lakke-kinnitatav-pikkus-400-mm-5-veinipokaali-adexa-wgr116g\/#primaryimage","url":"https:\/\/adexa.ee\/wp-content\/uploads\/2024\/12\/WGR116G.jpg","contentUrl":"https:\/\/adexa.ee\/wp-content\/uploads\/2024\/12\/WGR116G.jpg","width":1800,"height":1800},{"@type":"BreadcrumbList","@id":"https:\/\/adexa.ee\/toode\/veinipokaalide-hoidik-kuldne-lakke-kinnitatav-pikkus-400-mm-5-veinipokaali-adexa-wgr116g\/#breadcrumb","itemListElement":[{"@type":"ListItem","position":1,"name":"Home","item":"https:\/\/adexa.ee\/"},{"@type":"ListItem","position":2,"name":"Tooted","item":"https:\/\/adexa.ee\/pood\/"},{"@type":"ListItem","position":3,"name":"Veinipokaalide hoidik Kuldne Lakke kinnitatav Pikkus 400 mm 5 veinipokaali | Adexa WGR116G"}]},{"@type":"WebSite","@id":"https:\/\/adexa.ee\/#website","url":"https:\/\/adexa.ee\/","name":"Adexa","description":"","publisher":{"@id":"https:\/\/adexa.ee\/#organization"},"potentialAction":[{"@type":"SearchAction","target":{"@type":"EntryPoint","urlTemplate":"https:\/\/adexa.ee\/?s={search_term_string}"},"query-input":{"@type":"PropertyValueSpecification","valueRequired":true,"valueName":"search_term_string"}}],"inLanguage":"en-US"},{"@type":"Organization","@id":"https:\/\/adexa.ee\/#organization","name":"Adexa","url":"https:\/\/adexa.ee\/","logo":{"@type":"ImageObject","inLanguage":"en-US","@id":"https:\/\/adexa.ee\/#\/schema\/logo\/image\/","url":"https:\/\/adexa.ee\/wp-content\/uploads\/2024\/04\/chef-cooks-working-in-professional-kitchen-2023-11-27-05-07-39-utc-scaled.jpg","contentUrl":"https:\/\/adexa.ee\/wp-content\/uploads\/2024\/04\/chef-cooks-working-in-professional-kitchen-2023-11-27-05-07-39-utc-scaled.jpg","width":2560,"height":1708,"caption":"Adexa"},"image":{"@id":"https:\/\/adexa.ee\/#\/schema\/logo\/image\/"}}]}},"_links":{"self":[{"href":"https:\/\/adexa.ee\/en\/wp-json\/wp\/v2\/product\/14747","targetHints":{"allow":["GET"]}}],"collection":[{"href":"https:\/\/adexa.ee\/en\/wp-json\/wp\/v2\/product"}],"about":[{"href":"https:\/\/adexa.ee\/en\/wp-json\/wp\/v2\/types\/product"}],"wp:featuredmedia":[{"embeddable":true,"href":"https:\/\/adexa.ee\/en\/wp-json\/wp\/v2\/media\/14749"}],"wp:attachment":[{"href":"https:\/\/adexa.ee\/en\/wp-json\/wp\/v2\/media?parent=14747"}],"wp:term":[{"taxonomy":"product_brand","embeddable":true,"href":"https:\/\/adexa.ee\/en\/wp-json\/wp\/v2\/product_brand?post=14747"},{"taxonomy":"product_cat","embeddable":true,"href":"https:\/\/adexa.ee\/en\/wp-json\/wp\/v2\/product_cat?post=14747"},{"taxonomy":"product_tag","embeddable":true,"href":"https:\/\/adexa.ee\/en\/wp-json\/wp\/v2\/product_tag?post=14747"}],"curies":[{"name":"wp","href":"https:\/\/api.w.org\/{rel}","templated":true}]}}