{"id":14770,"date":"2026-03-26T10:25:15","date_gmt":"2026-03-26T08:25:15","guid":{"rendered":"https:\/\/adexa.ee\/toode\/lamineeritud-umar-lauaplaat-pooratav-pahkel-naturaalne-o30-adexa-tt30rwn\/"},"modified":"2026-03-26T10:25:21","modified_gmt":"2026-03-26T08:25:21","slug":"lamineeritud-umar-lauaplaat-pooratav-pahkel-naturaalne-o30-adexa-tt30rwn","status":"publish","type":"product","link":"https:\/\/adexa.ee\/en\/toode\/lamineeritud-umar-lauaplaat-pooratav-pahkel-naturaalne-o30-adexa-tt30rwn\/","title":{"rendered":"Lamineeritud \u00dcmar Lauaplaat P\u00f6\u00f6ratav P\u00e4hkel &#038; Naturaalne \u00d830&#8221; | Adexa TT30RWN"},"content":{"rendered":"<p>Lihtne sobitada oma asutuse sisustuse v\u00f5i v\u00e4rviskeemiga selle p\u00f6\u00f6ratava lauaplaadi abil. Sellel tootel on 30-tolline diameetriga disain, mis v\u00f5imaldab majutada kuni neli k\u00fclalist, ilma et see v\u00f5taks palju ruumi teie avalikus piirkonnas. T\u00e4nu laminaadimaterjalidele on see lauaplaat lihtne puhastada. Lauaplaat on p\u00f6\u00f6ratava disainiga, mis v\u00f5imaldab valida kahe poole vahel. Lisaks on see valmistatud vastupidavatest laminaadimaterjalidest, mis on kindlad pikaajaliseks kasutamiseks teie restoranis v\u00f5i delikatesis. Plaadi mustad PVC-servad kaitsevad lauda ebameeldiva narmendumise ja kriimustuste eest, s\u00e4ilitades selle suurep\u00e4rase v\u00e4ljan\u00e4gemise \u00fcldise kulumise ja rebenemise korral.<\/p>\n<table style=\"border-collapse: collapse; width: 100%; text-align: left;\">\n<tbody>\n<tr>\n<td style=\"border: 1px solid #ddd; padding: 8px; width: 45%;\"><strong>Kaal<\/strong><\/td>\n<td style=\"border: 1px solid #ddd; padding: 8px;\">12 kg<\/td>\n<\/tr>\n<tr>\n<td style=\"border: 1px solid #ddd; padding: 8px; width: 45%;\"><strong>Garantii<\/strong><\/td>\n<td style=\"border: 1px solid #ddd; padding: 8px;\">12 kuu varuosade garantii<\/td>\n<\/tr>\n<tr>\n<td style=\"border: 1px solid #ddd; padding: 8px; width: 45%;\"><strong>Materjal<\/strong><\/td>\n<td style=\"border: 1px solid #ddd; padding: 8px;\">Lamineeritud<\/td>\n<\/tr>\n<tr>\n<td style=\"border: 1px solid #ddd; padding: 8px; width: 45%;\"><strong>V\u00e4rv<\/strong><\/td>\n<td style=\"border: 1px solid #ddd; padding: 8px;\">P\u00e4hkel ja Naturaalne<\/td>\n<\/tr>\n<tr>\n<td style=\"border: 1px solid #ddd; padding: 8px; width: 45%;\"><strong>Paksus<\/strong><\/td>\n<td style=\"border: 1px solid #ddd; padding: 8px;\">1&#8221; \/ 25 mm<\/td>\n<\/tr>\n<\/tbody>\n<\/table>\n","protected":false},"excerpt":{"rendered":"<p>Lihtne sobitada oma asutuse sisustuse v\u00f5i v\u00e4rviskeemiga selle p\u00f6\u00f6ratava lauaplaadi abil. Sellel tootel on 30-tolline diameetriga disain, mis v\u00f5imaldab majutada<\/p>\n","protected":false},"featured_media":14774,"template":"","meta":[],"product_brand":[],"product_cat":[562,563,569,561],"product_tag":[],"class_list":{"0":"post-14770","1":"product","2":"type-product","3":"status-publish","4":"has-post-thumbnail","6":"product_cat-bistroo-ja-soogilauad","7":"product_cat-lauaplaadid","8":"product_cat-lopumuuk","9":"product_cat-moobel-ja-hoiustamine","11":"first","12":"instock","13":"sale","14":"taxable","15":"shipping-taxable","16":"purchasable","17":"product-type-simple"},"yoast_head":"<!-- This site is optimized with the Yoast SEO plugin v27.3 - https:\/\/yoast.com\/product\/yoast-seo-wordpress\/ -->\n<title>Lamineeritud \u00dcmar Lauaplaat P\u00f6\u00f6ratav P\u00e4hkel &amp; Naturaalne \u00d830&#039;&#039; | Adexa TT30RWN - Adexa \u2013 Suurk\u00f6\u00f6giseadmed restoranidele ja toitlustusele<\/title>\n<meta name=\"robots\" content=\"index, follow, max-snippet:-1, max-image-preview:large, max-video-preview:-1\" \/>\n<link rel=\"canonical\" href=\"https:\/\/adexa.ee\/toode\/lamineeritud-umar-lauaplaat-pooratav-pahkel-naturaalne-o30-adexa-tt30rwn\/\" \/>\n<meta property=\"og:locale\" content=\"en_US\" \/>\n<meta property=\"og:type\" content=\"article\" \/>\n<meta property=\"og:title\" content=\"Lamineeritud \u00dcmar Lauaplaat P\u00f6\u00f6ratav P\u00e4hkel &amp; Naturaalne \u00d830&#039;&#039; | Adexa TT30RWN - Adexa \u2013 Suurk\u00f6\u00f6giseadmed restoranidele ja toitlustusele\" \/>\n<meta property=\"og:description\" content=\"Lihtne sobitada oma asutuse sisustuse v\u00f5i v\u00e4rviskeemiga selle p\u00f6\u00f6ratava lauaplaadi abil. Sellel tootel on 30-tolline diameetriga disain, mis v\u00f5imaldab majutada\" \/>\n<meta property=\"og:url\" content=\"https:\/\/adexa.ee\/toode\/lamineeritud-umar-lauaplaat-pooratav-pahkel-naturaalne-o30-adexa-tt30rwn\/\" \/>\n<meta property=\"og:site_name\" content=\"Adexa \u2013 Suurk\u00f6\u00f6giseadmed restoranidele ja toitlustusele\" \/>\n<meta property=\"article:modified_time\" content=\"2026-03-26T08:25:21+00:00\" \/>\n<meta property=\"og:image\" content=\"https:\/\/adexa.ee\/wp-content\/uploads\/2024\/12\/TT30RWN-1-1.jpg\" \/>\n\t<meta property=\"og:image:width\" content=\"1891\" \/>\n\t<meta property=\"og:image:height\" content=\"1891\" \/>\n\t<meta property=\"og:image:type\" content=\"image\/jpeg\" \/>\n<meta name=\"twitter:card\" content=\"summary_large_image\" \/>\n<meta name=\"twitter:label1\" content=\"Est. reading time\" \/>\n\t<meta name=\"twitter:data1\" content=\"1 minute\" \/>\n<script type=\"application\/ld+json\" class=\"yoast-schema-graph\">{\"@context\":\"https:\\\/\\\/schema.org\",\"@graph\":[{\"@type\":\"WebPage\",\"@id\":\"https:\\\/\\\/adexa.ee\\\/toode\\\/lamineeritud-umar-lauaplaat-pooratav-pahkel-naturaalne-o30-adexa-tt30rwn\\\/\",\"url\":\"https:\\\/\\\/adexa.ee\\\/toode\\\/lamineeritud-umar-lauaplaat-pooratav-pahkel-naturaalne-o30-adexa-tt30rwn\\\/\",\"name\":\"Lamineeritud \u00dcmar Lauaplaat P\u00f6\u00f6ratav P\u00e4hkel & Naturaalne \u00d830'' | Adexa TT30RWN - Adexa \u2013 Suurk\u00f6\u00f6giseadmed restoranidele ja toitlustusele\",\"isPartOf\":{\"@id\":\"https:\\\/\\\/adexa.ee\\\/#website\"},\"primaryImageOfPage\":{\"@id\":\"https:\\\/\\\/adexa.ee\\\/toode\\\/lamineeritud-umar-lauaplaat-pooratav-pahkel-naturaalne-o30-adexa-tt30rwn\\\/#primaryimage\"},\"image\":{\"@id\":\"https:\\\/\\\/adexa.ee\\\/toode\\\/lamineeritud-umar-lauaplaat-pooratav-pahkel-naturaalne-o30-adexa-tt30rwn\\\/#primaryimage\"},\"thumbnailUrl\":\"https:\\\/\\\/adexa.ee\\\/wp-content\\\/uploads\\\/2024\\\/12\\\/TT30RWN-1-1.jpg\",\"datePublished\":\"2026-03-26T08:25:15+00:00\",\"dateModified\":\"2026-03-26T08:25:21+00:00\",\"breadcrumb\":{\"@id\":\"https:\\\/\\\/adexa.ee\\\/toode\\\/lamineeritud-umar-lauaplaat-pooratav-pahkel-naturaalne-o30-adexa-tt30rwn\\\/#breadcrumb\"},\"inLanguage\":\"en-US\",\"potentialAction\":[{\"@type\":\"ReadAction\",\"target\":[\"https:\\\/\\\/adexa.ee\\\/toode\\\/lamineeritud-umar-lauaplaat-pooratav-pahkel-naturaalne-o30-adexa-tt30rwn\\\/\"]}]},{\"@type\":\"ImageObject\",\"inLanguage\":\"en-US\",\"@id\":\"https:\\\/\\\/adexa.ee\\\/toode\\\/lamineeritud-umar-lauaplaat-pooratav-pahkel-naturaalne-o30-adexa-tt30rwn\\\/#primaryimage\",\"url\":\"https:\\\/\\\/adexa.ee\\\/wp-content\\\/uploads\\\/2024\\\/12\\\/TT30RWN-1-1.jpg\",\"contentUrl\":\"https:\\\/\\\/adexa.ee\\\/wp-content\\\/uploads\\\/2024\\\/12\\\/TT30RWN-1-1.jpg\",\"width\":1891,\"height\":1891},{\"@type\":\"BreadcrumbList\",\"@id\":\"https:\\\/\\\/adexa.ee\\\/toode\\\/lamineeritud-umar-lauaplaat-pooratav-pahkel-naturaalne-o30-adexa-tt30rwn\\\/#breadcrumb\",\"itemListElement\":[{\"@type\":\"ListItem\",\"position\":1,\"name\":\"Home\",\"item\":\"https:\\\/\\\/adexa.ee\\\/\"},{\"@type\":\"ListItem\",\"position\":2,\"name\":\"Tooted\",\"item\":\"https:\\\/\\\/adexa.ee\\\/pood\\\/\"},{\"@type\":\"ListItem\",\"position\":3,\"name\":\"Lamineeritud \u00dcmar Lauaplaat P\u00f6\u00f6ratav P\u00e4hkel &#038; Naturaalne \u00d830&#8221; | Adexa TT30RWN\"}]},{\"@type\":\"WebSite\",\"@id\":\"https:\\\/\\\/adexa.ee\\\/#website\",\"url\":\"https:\\\/\\\/adexa.ee\\\/\",\"name\":\"Adexa\",\"description\":\"\",\"publisher\":{\"@id\":\"https:\\\/\\\/adexa.ee\\\/#organization\"},\"potentialAction\":[{\"@type\":\"SearchAction\",\"target\":{\"@type\":\"EntryPoint\",\"urlTemplate\":\"https:\\\/\\\/adexa.ee\\\/?s={search_term_string}\"},\"query-input\":{\"@type\":\"PropertyValueSpecification\",\"valueRequired\":true,\"valueName\":\"search_term_string\"}}],\"inLanguage\":\"en-US\"},{\"@type\":\"Organization\",\"@id\":\"https:\\\/\\\/adexa.ee\\\/#organization\",\"name\":\"Adexa\",\"url\":\"https:\\\/\\\/adexa.ee\\\/\",\"logo\":{\"@type\":\"ImageObject\",\"inLanguage\":\"en-US\",\"@id\":\"https:\\\/\\\/adexa.ee\\\/#\\\/schema\\\/logo\\\/image\\\/\",\"url\":\"https:\\\/\\\/adexa.ee\\\/wp-content\\\/uploads\\\/2024\\\/04\\\/chef-cooks-working-in-professional-kitchen-2023-11-27-05-07-39-utc-scaled.jpg\",\"contentUrl\":\"https:\\\/\\\/adexa.ee\\\/wp-content\\\/uploads\\\/2024\\\/04\\\/chef-cooks-working-in-professional-kitchen-2023-11-27-05-07-39-utc-scaled.jpg\",\"width\":2560,\"height\":1708,\"caption\":\"Adexa\"},\"image\":{\"@id\":\"https:\\\/\\\/adexa.ee\\\/#\\\/schema\\\/logo\\\/image\\\/\"}}]}<\/script>\n<!-- \/ Yoast SEO plugin. -->","yoast_head_json":{"title":"Lamineeritud \u00dcmar Lauaplaat P\u00f6\u00f6ratav P\u00e4hkel & Naturaalne \u00d830'' | Adexa TT30RWN - Adexa \u2013 Suurk\u00f6\u00f6giseadmed restoranidele ja toitlustusele","robots":{"index":"index","follow":"follow","max-snippet":"max-snippet:-1","max-image-preview":"max-image-preview:large","max-video-preview":"max-video-preview:-1"},"canonical":"https:\/\/adexa.ee\/toode\/lamineeritud-umar-lauaplaat-pooratav-pahkel-naturaalne-o30-adexa-tt30rwn\/","og_locale":"en_US","og_type":"article","og_title":"Lamineeritud \u00dcmar Lauaplaat P\u00f6\u00f6ratav P\u00e4hkel & Naturaalne \u00d830'' | Adexa TT30RWN - Adexa \u2013 Suurk\u00f6\u00f6giseadmed restoranidele ja toitlustusele","og_description":"Lihtne sobitada oma asutuse sisustuse v\u00f5i v\u00e4rviskeemiga selle p\u00f6\u00f6ratava lauaplaadi abil. Sellel tootel on 30-tolline diameetriga disain, mis v\u00f5imaldab majutada","og_url":"https:\/\/adexa.ee\/toode\/lamineeritud-umar-lauaplaat-pooratav-pahkel-naturaalne-o30-adexa-tt30rwn\/","og_site_name":"Adexa \u2013 Suurk\u00f6\u00f6giseadmed restoranidele ja toitlustusele","article_modified_time":"2026-03-26T08:25:21+00:00","og_image":[{"width":1891,"height":1891,"url":"https:\/\/adexa.ee\/wp-content\/uploads\/2024\/12\/TT30RWN-1-1.jpg","type":"image\/jpeg"}],"twitter_card":"summary_large_image","twitter_misc":{"Est. reading time":"1 minute"},"schema":{"@context":"https:\/\/schema.org","@graph":[{"@type":"WebPage","@id":"https:\/\/adexa.ee\/toode\/lamineeritud-umar-lauaplaat-pooratav-pahkel-naturaalne-o30-adexa-tt30rwn\/","url":"https:\/\/adexa.ee\/toode\/lamineeritud-umar-lauaplaat-pooratav-pahkel-naturaalne-o30-adexa-tt30rwn\/","name":"Lamineeritud \u00dcmar Lauaplaat P\u00f6\u00f6ratav P\u00e4hkel & Naturaalne \u00d830'' | Adexa TT30RWN - Adexa \u2013 Suurk\u00f6\u00f6giseadmed restoranidele ja toitlustusele","isPartOf":{"@id":"https:\/\/adexa.ee\/#website"},"primaryImageOfPage":{"@id":"https:\/\/adexa.ee\/toode\/lamineeritud-umar-lauaplaat-pooratav-pahkel-naturaalne-o30-adexa-tt30rwn\/#primaryimage"},"image":{"@id":"https:\/\/adexa.ee\/toode\/lamineeritud-umar-lauaplaat-pooratav-pahkel-naturaalne-o30-adexa-tt30rwn\/#primaryimage"},"thumbnailUrl":"https:\/\/adexa.ee\/wp-content\/uploads\/2024\/12\/TT30RWN-1-1.jpg","datePublished":"2026-03-26T08:25:15+00:00","dateModified":"2026-03-26T08:25:21+00:00","breadcrumb":{"@id":"https:\/\/adexa.ee\/toode\/lamineeritud-umar-lauaplaat-pooratav-pahkel-naturaalne-o30-adexa-tt30rwn\/#breadcrumb"},"inLanguage":"en-US","potentialAction":[{"@type":"ReadAction","target":["https:\/\/adexa.ee\/toode\/lamineeritud-umar-lauaplaat-pooratav-pahkel-naturaalne-o30-adexa-tt30rwn\/"]}]},{"@type":"ImageObject","inLanguage":"en-US","@id":"https:\/\/adexa.ee\/toode\/lamineeritud-umar-lauaplaat-pooratav-pahkel-naturaalne-o30-adexa-tt30rwn\/#primaryimage","url":"https:\/\/adexa.ee\/wp-content\/uploads\/2024\/12\/TT30RWN-1-1.jpg","contentUrl":"https:\/\/adexa.ee\/wp-content\/uploads\/2024\/12\/TT30RWN-1-1.jpg","width":1891,"height":1891},{"@type":"BreadcrumbList","@id":"https:\/\/adexa.ee\/toode\/lamineeritud-umar-lauaplaat-pooratav-pahkel-naturaalne-o30-adexa-tt30rwn\/#breadcrumb","itemListElement":[{"@type":"ListItem","position":1,"name":"Home","item":"https:\/\/adexa.ee\/"},{"@type":"ListItem","position":2,"name":"Tooted","item":"https:\/\/adexa.ee\/pood\/"},{"@type":"ListItem","position":3,"name":"Lamineeritud \u00dcmar Lauaplaat P\u00f6\u00f6ratav P\u00e4hkel &#038; Naturaalne \u00d830&#8221; | Adexa TT30RWN"}]},{"@type":"WebSite","@id":"https:\/\/adexa.ee\/#website","url":"https:\/\/adexa.ee\/","name":"Adexa","description":"","publisher":{"@id":"https:\/\/adexa.ee\/#organization"},"potentialAction":[{"@type":"SearchAction","target":{"@type":"EntryPoint","urlTemplate":"https:\/\/adexa.ee\/?s={search_term_string}"},"query-input":{"@type":"PropertyValueSpecification","valueRequired":true,"valueName":"search_term_string"}}],"inLanguage":"en-US"},{"@type":"Organization","@id":"https:\/\/adexa.ee\/#organization","name":"Adexa","url":"https:\/\/adexa.ee\/","logo":{"@type":"ImageObject","inLanguage":"en-US","@id":"https:\/\/adexa.ee\/#\/schema\/logo\/image\/","url":"https:\/\/adexa.ee\/wp-content\/uploads\/2024\/04\/chef-cooks-working-in-professional-kitchen-2023-11-27-05-07-39-utc-scaled.jpg","contentUrl":"https:\/\/adexa.ee\/wp-content\/uploads\/2024\/04\/chef-cooks-working-in-professional-kitchen-2023-11-27-05-07-39-utc-scaled.jpg","width":2560,"height":1708,"caption":"Adexa"},"image":{"@id":"https:\/\/adexa.ee\/#\/schema\/logo\/image\/"}}]}},"_links":{"self":[{"href":"https:\/\/adexa.ee\/en\/wp-json\/wp\/v2\/product\/14770","targetHints":{"allow":["GET"]}}],"collection":[{"href":"https:\/\/adexa.ee\/en\/wp-json\/wp\/v2\/product"}],"about":[{"href":"https:\/\/adexa.ee\/en\/wp-json\/wp\/v2\/types\/product"}],"wp:featuredmedia":[{"embeddable":true,"href":"https:\/\/adexa.ee\/en\/wp-json\/wp\/v2\/media\/14774"}],"wp:attachment":[{"href":"https:\/\/adexa.ee\/en\/wp-json\/wp\/v2\/media?parent=14770"}],"wp:term":[{"taxonomy":"product_brand","embeddable":true,"href":"https:\/\/adexa.ee\/en\/wp-json\/wp\/v2\/product_brand?post=14770"},{"taxonomy":"product_cat","embeddable":true,"href":"https:\/\/adexa.ee\/en\/wp-json\/wp\/v2\/product_cat?post=14770"},{"taxonomy":"product_tag","embeddable":true,"href":"https:\/\/adexa.ee\/en\/wp-json\/wp\/v2\/product_tag?post=14770"}],"curies":[{"name":"wp","href":"https:\/\/api.w.org\/{rel}","templated":true}]}}