{"id":14775,"date":"2026-03-26T10:25:15","date_gmt":"2026-03-26T08:25:15","guid":{"rendered":"https:\/\/adexa.ee\/?post_type=product&#038;p=14775"},"modified":"2026-03-26T10:25:21","modified_gmt":"2026-03-26T08:25:21","slug":"mahalaadimistabel-vasakpoolne-1100x650x850-mm-alumise-riiuliga-pritsmekaitsega-roostevaba-teras-adexa-swb11065r","status":"publish","type":"product","link":"https:\/\/adexa.ee\/en\/toode\/mahalaadimistabel-vasakpoolne-1100x650x850-mm-alumise-riiuliga-pritsmekaitsega-roostevaba-teras-adexa-swb11065r\/","title":{"rendered":"Mahalaadimistabel Vasakpoolne 1100x650x850 mm Alumise riiuliga Pritsmekaitsega Roostevaba teras | Adexa SWB11065R"},"content":{"rendered":"<p>Pakkudes rohkelt ruumi klaasi- ja n\u00f5uderestide mahalaadimiseks n\u00f5udepesumasinast, lisage see roostevabast terasest puhas n\u00f5udetabel oma n\u00f5udepesus\u00fcsteemi. Laud on valmistatud roostevabast terasest, mis tagab pikaajalise vastupidavuse. \u00dcksikasjalik teave on saadaval jaotises &#8216;Spetsifikatsioon&#8217;.<\/p>\n<table style=\"border-collapse: collapse; width: 100%; text-align: left;\">\n<tbody>\n<tr>\n<td style=\"border: 1px solid #ddd; padding: 8px; width: 45%;\"><strong>S\u00fcgavus<\/strong><\/td>\n<td style=\"border: 1px solid #ddd; padding: 8px;\">650 mm<\/td>\n<\/tr>\n<tr>\n<td style=\"border: 1px solid #ddd; padding: 8px; width: 45%;\"><strong>K\u00f5rgus<\/strong><\/td>\n<td style=\"border: 1px solid #ddd; padding: 8px;\">850 mm<\/td>\n<\/tr>\n<tr>\n<td style=\"border: 1px solid #ddd; padding: 8px; width: 45%;\"><strong>Laius<\/strong><\/td>\n<td style=\"border: 1px solid #ddd; padding: 8px;\">1100 mm<\/td>\n<\/tr>\n<tr>\n<td style=\"border: 1px solid #ddd; padding: 8px; width: 45%;\"><strong>Kaal<\/strong><\/td>\n<td style=\"border: 1px solid #ddd; padding: 8px;\">17,1 kg<\/td>\n<\/tr>\n<tr>\n<td style=\"border: 1px solid #ddd; padding: 8px; width: 45%;\"><strong>Garantii<\/strong><\/td>\n<td style=\"border: 1px solid #ddd; padding: 8px;\">12 kuu varuosade garantii<\/td>\n<\/tr>\n<tr>\n<td style=\"border: 1px solid #ddd; padding: 8px; width: 45%;\"><strong>Alumine riiul<\/strong><\/td>\n<td style=\"border: 1px solid #ddd; padding: 8px;\">Jah (perforeeritud)<\/td>\n<\/tr>\n<tr>\n<td style=\"border: 1px solid #ddd; padding: 8px; width: 45%;\"><strong>Kausi asukoht<\/strong><\/td>\n<td style=\"border: 1px solid #ddd; padding: 8px;\">Vasakule<\/td>\n<\/tr>\n<tr>\n<td style=\"border: 1px solid #ddd; padding: 8px; width: 45%;\"><strong>Materjal<\/strong><\/td>\n<td style=\"border: 1px solid #ddd; padding: 8px;\">Roostevaba teras<\/td>\n<\/tr>\n<tr>\n<td style=\"border: 1px solid #ddd; padding: 8px; width: 45%;\"><strong>Pritsekaitse<\/strong><\/td>\n<td style=\"border: 1px solid #ddd; padding: 8px;\">Jah<\/td>\n<\/tr>\n<\/tbody>\n<\/table>\n","protected":false},"excerpt":{"rendered":"<p>Pakkudes rohkelt ruumi klaasi- ja n\u00f5uderestide mahalaadimiseks n\u00f5udepesumasinast, lisage see roostevabast terasest puhas n\u00f5udetabel oma n\u00f5udepesus\u00fcsteemi. Laud on valmistatud roostevabast<\/p>\n","protected":false},"featured_media":14777,"template":"","meta":[],"product_brand":[],"product_cat":[709,609,708,660],"product_tag":[],"class_list":{"0":"post-14775","1":"product","2":"type-product","3":"status-publish","4":"has-post-thumbnail","6":"product_cat-lauad-labipesuga-noudepesumasinatele","7":"product_cat-noudepesu","8":"product_cat-noudepesumasina-lauad","9":"product_cat-valamud-noudepesumasinatele","11":"first","12":"instock","13":"sale","14":"taxable","15":"shipping-taxable","16":"purchasable","17":"product-type-simple"},"yoast_head":"<!-- This site is optimized with the Yoast SEO plugin v27.3 - https:\/\/yoast.com\/product\/yoast-seo-wordpress\/ -->\n<title>Mahalaadimistabel Vasakpoolne 1100x650x850 mm Alumise riiuliga Pritsmekaitsega Roostevaba teras | Adexa SWB11065R - Adexa \u2013 Suurk\u00f6\u00f6giseadmed restoranidele ja toitlustusele<\/title>\n<meta name=\"robots\" content=\"index, follow, max-snippet:-1, max-image-preview:large, max-video-preview:-1\" \/>\n<link rel=\"canonical\" href=\"https:\/\/adexa.ee\/toode\/mahalaadimistabel-vasakpoolne-1100x650x850-mm-alumise-riiuliga-pritsmekaitsega-roostevaba-teras-adexa-swb11065r\/\" \/>\n<meta property=\"og:locale\" content=\"en_US\" \/>\n<meta property=\"og:type\" content=\"article\" \/>\n<meta property=\"og:title\" content=\"Mahalaadimistabel Vasakpoolne 1100x650x850 mm Alumise riiuliga Pritsmekaitsega Roostevaba teras | Adexa SWB11065R - Adexa \u2013 Suurk\u00f6\u00f6giseadmed restoranidele ja toitlustusele\" \/>\n<meta property=\"og:description\" content=\"Pakkudes rohkelt ruumi klaasi- ja n\u00f5uderestide mahalaadimiseks n\u00f5udepesumasinast, lisage see roostevabast terasest puhas n\u00f5udetabel oma n\u00f5udepesus\u00fcsteemi. Laud on valmistatud roostevabast\" \/>\n<meta property=\"og:url\" content=\"https:\/\/adexa.ee\/toode\/mahalaadimistabel-vasakpoolne-1100x650x850-mm-alumise-riiuliga-pritsmekaitsega-roostevaba-teras-adexa-swb11065r\/\" \/>\n<meta property=\"og:site_name\" content=\"Adexa \u2013 Suurk\u00f6\u00f6giseadmed restoranidele ja toitlustusele\" \/>\n<meta property=\"article:modified_time\" content=\"2026-03-26T08:25:21+00:00\" \/>\n<meta property=\"og:image\" content=\"https:\/\/adexa.ee\/wp-content\/uploads\/2024\/12\/SWB6065R-01.jpg\" \/>\n\t<meta property=\"og:image:width\" content=\"1224\" \/>\n\t<meta property=\"og:image:height\" content=\"1224\" \/>\n\t<meta property=\"og:image:type\" content=\"image\/jpeg\" \/>\n<meta name=\"twitter:card\" content=\"summary_large_image\" \/>\n<script type=\"application\/ld+json\" class=\"yoast-schema-graph\">{\"@context\":\"https:\\\/\\\/schema.org\",\"@graph\":[{\"@type\":\"WebPage\",\"@id\":\"https:\\\/\\\/adexa.ee\\\/toode\\\/mahalaadimistabel-vasakpoolne-1100x650x850-mm-alumise-riiuliga-pritsmekaitsega-roostevaba-teras-adexa-swb11065r\\\/\",\"url\":\"https:\\\/\\\/adexa.ee\\\/toode\\\/mahalaadimistabel-vasakpoolne-1100x650x850-mm-alumise-riiuliga-pritsmekaitsega-roostevaba-teras-adexa-swb11065r\\\/\",\"name\":\"Mahalaadimistabel Vasakpoolne 1100x650x850 mm Alumise riiuliga Pritsmekaitsega Roostevaba teras | Adexa SWB11065R - Adexa \u2013 Suurk\u00f6\u00f6giseadmed restoranidele ja toitlustusele\",\"isPartOf\":{\"@id\":\"https:\\\/\\\/adexa.ee\\\/#website\"},\"primaryImageOfPage\":{\"@id\":\"https:\\\/\\\/adexa.ee\\\/toode\\\/mahalaadimistabel-vasakpoolne-1100x650x850-mm-alumise-riiuliga-pritsmekaitsega-roostevaba-teras-adexa-swb11065r\\\/#primaryimage\"},\"image\":{\"@id\":\"https:\\\/\\\/adexa.ee\\\/toode\\\/mahalaadimistabel-vasakpoolne-1100x650x850-mm-alumise-riiuliga-pritsmekaitsega-roostevaba-teras-adexa-swb11065r\\\/#primaryimage\"},\"thumbnailUrl\":\"https:\\\/\\\/adexa.ee\\\/wp-content\\\/uploads\\\/2024\\\/12\\\/SWB6065R-01.jpg\",\"datePublished\":\"2026-03-26T08:25:15+00:00\",\"dateModified\":\"2026-03-26T08:25:21+00:00\",\"breadcrumb\":{\"@id\":\"https:\\\/\\\/adexa.ee\\\/toode\\\/mahalaadimistabel-vasakpoolne-1100x650x850-mm-alumise-riiuliga-pritsmekaitsega-roostevaba-teras-adexa-swb11065r\\\/#breadcrumb\"},\"inLanguage\":\"en-US\",\"potentialAction\":[{\"@type\":\"ReadAction\",\"target\":[\"https:\\\/\\\/adexa.ee\\\/toode\\\/mahalaadimistabel-vasakpoolne-1100x650x850-mm-alumise-riiuliga-pritsmekaitsega-roostevaba-teras-adexa-swb11065r\\\/\"]}]},{\"@type\":\"ImageObject\",\"inLanguage\":\"en-US\",\"@id\":\"https:\\\/\\\/adexa.ee\\\/toode\\\/mahalaadimistabel-vasakpoolne-1100x650x850-mm-alumise-riiuliga-pritsmekaitsega-roostevaba-teras-adexa-swb11065r\\\/#primaryimage\",\"url\":\"https:\\\/\\\/adexa.ee\\\/wp-content\\\/uploads\\\/2024\\\/12\\\/SWB6065R-01.jpg\",\"contentUrl\":\"https:\\\/\\\/adexa.ee\\\/wp-content\\\/uploads\\\/2024\\\/12\\\/SWB6065R-01.jpg\",\"width\":1224,\"height\":1224},{\"@type\":\"BreadcrumbList\",\"@id\":\"https:\\\/\\\/adexa.ee\\\/toode\\\/mahalaadimistabel-vasakpoolne-1100x650x850-mm-alumise-riiuliga-pritsmekaitsega-roostevaba-teras-adexa-swb11065r\\\/#breadcrumb\",\"itemListElement\":[{\"@type\":\"ListItem\",\"position\":1,\"name\":\"Home\",\"item\":\"https:\\\/\\\/adexa.ee\\\/\"},{\"@type\":\"ListItem\",\"position\":2,\"name\":\"Tooted\",\"item\":\"https:\\\/\\\/adexa.ee\\\/pood\\\/\"},{\"@type\":\"ListItem\",\"position\":3,\"name\":\"Mahalaadimistabel Vasakpoolne 1100x650x850 mm Alumise riiuliga Pritsmekaitsega Roostevaba teras | Adexa SWB11065R\"}]},{\"@type\":\"WebSite\",\"@id\":\"https:\\\/\\\/adexa.ee\\\/#website\",\"url\":\"https:\\\/\\\/adexa.ee\\\/\",\"name\":\"Adexa\",\"description\":\"\",\"publisher\":{\"@id\":\"https:\\\/\\\/adexa.ee\\\/#organization\"},\"potentialAction\":[{\"@type\":\"SearchAction\",\"target\":{\"@type\":\"EntryPoint\",\"urlTemplate\":\"https:\\\/\\\/adexa.ee\\\/?s={search_term_string}\"},\"query-input\":{\"@type\":\"PropertyValueSpecification\",\"valueRequired\":true,\"valueName\":\"search_term_string\"}}],\"inLanguage\":\"en-US\"},{\"@type\":\"Organization\",\"@id\":\"https:\\\/\\\/adexa.ee\\\/#organization\",\"name\":\"Adexa\",\"url\":\"https:\\\/\\\/adexa.ee\\\/\",\"logo\":{\"@type\":\"ImageObject\",\"inLanguage\":\"en-US\",\"@id\":\"https:\\\/\\\/adexa.ee\\\/#\\\/schema\\\/logo\\\/image\\\/\",\"url\":\"https:\\\/\\\/adexa.ee\\\/wp-content\\\/uploads\\\/2024\\\/04\\\/chef-cooks-working-in-professional-kitchen-2023-11-27-05-07-39-utc-scaled.jpg\",\"contentUrl\":\"https:\\\/\\\/adexa.ee\\\/wp-content\\\/uploads\\\/2024\\\/04\\\/chef-cooks-working-in-professional-kitchen-2023-11-27-05-07-39-utc-scaled.jpg\",\"width\":2560,\"height\":1708,\"caption\":\"Adexa\"},\"image\":{\"@id\":\"https:\\\/\\\/adexa.ee\\\/#\\\/schema\\\/logo\\\/image\\\/\"}}]}<\/script>\n<!-- \/ Yoast SEO plugin. -->","yoast_head_json":{"title":"Mahalaadimistabel Vasakpoolne 1100x650x850 mm Alumise riiuliga Pritsmekaitsega Roostevaba teras | Adexa SWB11065R - Adexa \u2013 Suurk\u00f6\u00f6giseadmed restoranidele ja toitlustusele","robots":{"index":"index","follow":"follow","max-snippet":"max-snippet:-1","max-image-preview":"max-image-preview:large","max-video-preview":"max-video-preview:-1"},"canonical":"https:\/\/adexa.ee\/toode\/mahalaadimistabel-vasakpoolne-1100x650x850-mm-alumise-riiuliga-pritsmekaitsega-roostevaba-teras-adexa-swb11065r\/","og_locale":"en_US","og_type":"article","og_title":"Mahalaadimistabel Vasakpoolne 1100x650x850 mm Alumise riiuliga Pritsmekaitsega Roostevaba teras | Adexa SWB11065R - Adexa \u2013 Suurk\u00f6\u00f6giseadmed restoranidele ja toitlustusele","og_description":"Pakkudes rohkelt ruumi klaasi- ja n\u00f5uderestide mahalaadimiseks n\u00f5udepesumasinast, lisage see roostevabast terasest puhas n\u00f5udetabel oma n\u00f5udepesus\u00fcsteemi. Laud on valmistatud roostevabast","og_url":"https:\/\/adexa.ee\/toode\/mahalaadimistabel-vasakpoolne-1100x650x850-mm-alumise-riiuliga-pritsmekaitsega-roostevaba-teras-adexa-swb11065r\/","og_site_name":"Adexa \u2013 Suurk\u00f6\u00f6giseadmed restoranidele ja toitlustusele","article_modified_time":"2026-03-26T08:25:21+00:00","og_image":[{"width":1224,"height":1224,"url":"https:\/\/adexa.ee\/wp-content\/uploads\/2024\/12\/SWB6065R-01.jpg","type":"image\/jpeg"}],"twitter_card":"summary_large_image","schema":{"@context":"https:\/\/schema.org","@graph":[{"@type":"WebPage","@id":"https:\/\/adexa.ee\/toode\/mahalaadimistabel-vasakpoolne-1100x650x850-mm-alumise-riiuliga-pritsmekaitsega-roostevaba-teras-adexa-swb11065r\/","url":"https:\/\/adexa.ee\/toode\/mahalaadimistabel-vasakpoolne-1100x650x850-mm-alumise-riiuliga-pritsmekaitsega-roostevaba-teras-adexa-swb11065r\/","name":"Mahalaadimistabel Vasakpoolne 1100x650x850 mm Alumise riiuliga Pritsmekaitsega Roostevaba teras | Adexa SWB11065R - Adexa \u2013 Suurk\u00f6\u00f6giseadmed restoranidele ja toitlustusele","isPartOf":{"@id":"https:\/\/adexa.ee\/#website"},"primaryImageOfPage":{"@id":"https:\/\/adexa.ee\/toode\/mahalaadimistabel-vasakpoolne-1100x650x850-mm-alumise-riiuliga-pritsmekaitsega-roostevaba-teras-adexa-swb11065r\/#primaryimage"},"image":{"@id":"https:\/\/adexa.ee\/toode\/mahalaadimistabel-vasakpoolne-1100x650x850-mm-alumise-riiuliga-pritsmekaitsega-roostevaba-teras-adexa-swb11065r\/#primaryimage"},"thumbnailUrl":"https:\/\/adexa.ee\/wp-content\/uploads\/2024\/12\/SWB6065R-01.jpg","datePublished":"2026-03-26T08:25:15+00:00","dateModified":"2026-03-26T08:25:21+00:00","breadcrumb":{"@id":"https:\/\/adexa.ee\/toode\/mahalaadimistabel-vasakpoolne-1100x650x850-mm-alumise-riiuliga-pritsmekaitsega-roostevaba-teras-adexa-swb11065r\/#breadcrumb"},"inLanguage":"en-US","potentialAction":[{"@type":"ReadAction","target":["https:\/\/adexa.ee\/toode\/mahalaadimistabel-vasakpoolne-1100x650x850-mm-alumise-riiuliga-pritsmekaitsega-roostevaba-teras-adexa-swb11065r\/"]}]},{"@type":"ImageObject","inLanguage":"en-US","@id":"https:\/\/adexa.ee\/toode\/mahalaadimistabel-vasakpoolne-1100x650x850-mm-alumise-riiuliga-pritsmekaitsega-roostevaba-teras-adexa-swb11065r\/#primaryimage","url":"https:\/\/adexa.ee\/wp-content\/uploads\/2024\/12\/SWB6065R-01.jpg","contentUrl":"https:\/\/adexa.ee\/wp-content\/uploads\/2024\/12\/SWB6065R-01.jpg","width":1224,"height":1224},{"@type":"BreadcrumbList","@id":"https:\/\/adexa.ee\/toode\/mahalaadimistabel-vasakpoolne-1100x650x850-mm-alumise-riiuliga-pritsmekaitsega-roostevaba-teras-adexa-swb11065r\/#breadcrumb","itemListElement":[{"@type":"ListItem","position":1,"name":"Home","item":"https:\/\/adexa.ee\/"},{"@type":"ListItem","position":2,"name":"Tooted","item":"https:\/\/adexa.ee\/pood\/"},{"@type":"ListItem","position":3,"name":"Mahalaadimistabel Vasakpoolne 1100x650x850 mm Alumise riiuliga Pritsmekaitsega Roostevaba teras | Adexa SWB11065R"}]},{"@type":"WebSite","@id":"https:\/\/adexa.ee\/#website","url":"https:\/\/adexa.ee\/","name":"Adexa","description":"","publisher":{"@id":"https:\/\/adexa.ee\/#organization"},"potentialAction":[{"@type":"SearchAction","target":{"@type":"EntryPoint","urlTemplate":"https:\/\/adexa.ee\/?s={search_term_string}"},"query-input":{"@type":"PropertyValueSpecification","valueRequired":true,"valueName":"search_term_string"}}],"inLanguage":"en-US"},{"@type":"Organization","@id":"https:\/\/adexa.ee\/#organization","name":"Adexa","url":"https:\/\/adexa.ee\/","logo":{"@type":"ImageObject","inLanguage":"en-US","@id":"https:\/\/adexa.ee\/#\/schema\/logo\/image\/","url":"https:\/\/adexa.ee\/wp-content\/uploads\/2024\/04\/chef-cooks-working-in-professional-kitchen-2023-11-27-05-07-39-utc-scaled.jpg","contentUrl":"https:\/\/adexa.ee\/wp-content\/uploads\/2024\/04\/chef-cooks-working-in-professional-kitchen-2023-11-27-05-07-39-utc-scaled.jpg","width":2560,"height":1708,"caption":"Adexa"},"image":{"@id":"https:\/\/adexa.ee\/#\/schema\/logo\/image\/"}}]}},"_links":{"self":[{"href":"https:\/\/adexa.ee\/en\/wp-json\/wp\/v2\/product\/14775","targetHints":{"allow":["GET"]}}],"collection":[{"href":"https:\/\/adexa.ee\/en\/wp-json\/wp\/v2\/product"}],"about":[{"href":"https:\/\/adexa.ee\/en\/wp-json\/wp\/v2\/types\/product"}],"wp:featuredmedia":[{"embeddable":true,"href":"https:\/\/adexa.ee\/en\/wp-json\/wp\/v2\/media\/14777"}],"wp:attachment":[{"href":"https:\/\/adexa.ee\/en\/wp-json\/wp\/v2\/media?parent=14775"}],"wp:term":[{"taxonomy":"product_brand","embeddable":true,"href":"https:\/\/adexa.ee\/en\/wp-json\/wp\/v2\/product_brand?post=14775"},{"taxonomy":"product_cat","embeddable":true,"href":"https:\/\/adexa.ee\/en\/wp-json\/wp\/v2\/product_cat?post=14775"},{"taxonomy":"product_tag","embeddable":true,"href":"https:\/\/adexa.ee\/en\/wp-json\/wp\/v2\/product_tag?post=14775"}],"curies":[{"name":"wp","href":"https:\/\/api.w.org\/{rel}","templated":true}]}}