{"id":14799,"date":"2026-03-27T15:55:35","date_gmt":"2026-03-27T13:55:35","guid":{"rendered":"https:\/\/adexa.ee\/toode\/professionaalne-blender-helikindla-korpusega-2-liitrit-1680w-manuaalne-juhtimine-adexa-cb699\/"},"modified":"2026-03-27T15:55:36","modified_gmt":"2026-03-27T13:55:36","slug":"professionaalne-blender-helikindla-korpusega-2-liitrit-1680w-manuaalne-juhtimine-adexa-cb699","status":"publish","type":"product","link":"https:\/\/adexa.ee\/en\/toode\/professionaalne-blender-helikindla-korpusega-2-liitrit-1680w-manuaalne-juhtimine-adexa-cb699\/","title":{"rendered":"Professionaalne blender helikindla korpusega, 2 liitrit, 1680W manuaalne juhtimine | Adexa CB699"},"content":{"rendered":"<p>Armastate teha smuutisid, frappe&#8217;sid ja mahlasid, kuid ei talu oma blenderi valju m\u00fcra? Kas kliendid on t\u00fcdinud teie mahlapressi h\u00e4irivast m\u00fcrast? Kas naabrid kurdavad blenderi m\u00fcra \u00fcle? See vaikne blender on hindamatu k\u00f6\u00f6git\u00f6\u00f6riist, pakkudes mitmek\u00fclgset funktsionaalsust: blender, mahlapress, hakklihamasin, supimasin, kuivjahvatus ja palju muud.V\u00f5imsus: 1680WVooluallikas: 230V \/ 1 faas\u00dclekoormuskaitseMahutavus: 2 liitritSobib j\u00e4\u00e4 purustamiseksMuudetav kiirusPulsifunktsioon2-liitrine kannTurvaluku s\u00fcsteemKiirus: kuni 28 000 p\/minKvaliteetne roostevabast terasest teraKorpus: 9mm paksune PCSobib smuutide, suppide, baarijookide, salatite, kastmete, magustoitude ja kastmete kiirporduktsiooniks. DokumendidKlikkige siia, et alla laadida kasutusjuhendPalun vaadake jaotuse &#8216;Spetsifikatsioon&#8217; all \u00fcksikasjalikku teavet.<\/p>\n<table style=\"border-collapse: collapse; width: 100%; text-align: left;\">\n<tbody>\n<tr>\n<td style=\"border: 1px solid #ddd; padding: 8px; width: 45%;\"><strong>S\u00fcgavus<\/strong><\/td>\n<td style=\"border: 1px solid #ddd; padding: 8px;\">330 mm<\/td>\n<\/tr>\n<tr>\n<td style=\"border: 1px solid #ddd; padding: 8px; width: 45%;\"><strong>K\u00f5rgus<\/strong><\/td>\n<td style=\"border: 1px solid #ddd; padding: 8px;\">520 mm<\/td>\n<\/tr>\n<tr>\n<td style=\"border: 1px solid #ddd; padding: 8px; width: 45%;\"><strong>Kaal<\/strong><\/td>\n<td style=\"border: 1px solid #ddd; padding: 8px;\">7,5 kg<\/td>\n<\/tr>\n<tr>\n<td style=\"border: 1px solid #ddd; padding: 8px; width: 45%;\"><strong>Garantii<\/strong><\/td>\n<td style=\"border: 1px solid #ddd; padding: 8px;\">12 kuu varuosade garantii<\/td>\n<\/tr>\n<tr>\n<td style=\"border: 1px solid #ddd; padding: 8px; width: 45%;\"><strong>Mahutavus<\/strong><\/td>\n<td style=\"border: 1px solid #ddd; padding: 8px;\">2 liitrit<\/td>\n<\/tr>\n<tr>\n<td style=\"border: 1px solid #ddd; padding: 8px; width: 45%;\"><strong>Toiteallikas<\/strong><\/td>\n<td style=\"border: 1px solid #ddd; padding: 8px;\">230V \/ 1 faas<\/td>\n<\/tr>\n<tr>\n<td style=\"border: 1px solid #ddd; padding: 8px; width: 45%;\"><strong>V\u00f5imsus<\/strong><\/td>\n<td style=\"border: 1px solid #ddd; padding: 8px;\">1680 W<\/td>\n<\/tr>\n<tr>\n<td style=\"border: 1px solid #ddd; padding: 8px; width: 45%;\"><strong>Materjal<\/strong><\/td>\n<td style=\"border: 1px solid #ddd; padding: 8px;\">BPA-vaba PCTG plastikust kann<\/td>\n<\/tr>\n<tr>\n<td style=\"border: 1px solid #ddd; padding: 8px; width: 45%;\"><strong>Kontrollid<\/strong><\/td>\n<td style=\"border: 1px solid #ddd; padding: 8px;\">Mehaaniline<\/td>\n<\/tr>\n<tr>\n<td style=\"border: 1px solid #ddd; padding: 8px; width: 45%;\"><strong>Kiirused<\/strong><\/td>\n<td style=\"border: 1px solid #ddd; padding: 8px;\">Muutuja<\/td>\n<\/tr>\n<tr>\n<td style=\"border: 1px solid #ddd; padding: 8px; width: 45%;\"><strong>M\u00fcratase<\/strong><\/td>\n<td style=\"border: 1px solid #ddd; padding: 8px;\">73 dB(A)<\/td>\n<\/tr>\n<tr>\n<td style=\"border: 1px solid #ddd; padding: 8px; width: 45%;\"><strong>Lainetusfunktsioon<\/strong><\/td>\n<td style=\"border: 1px solid #ddd; padding: 8px;\">Jah<\/td>\n<\/tr>\n<\/tbody>\n<\/table>\n","protected":false},"excerpt":{"rendered":"<p>Armastate teha smuutisid, frappe&#8217;sid ja mahlasid, kuid ei talu oma blenderi valju m\u00fcra? Kas kliendid on t\u00fcdinud teie mahlapressi h\u00e4irivast<\/p>\n","protected":false},"featured_media":14803,"template":"","meta":[],"product_brand":[],"product_cat":[784,613,569],"product_tag":[],"class_list":{"0":"post-14799","1":"product","2":"type-product","3":"status-publish","4":"has-post-thumbnail","6":"product_cat-baarimikserid","7":"product_cat-kohv-ja-joogid","8":"product_cat-lopumuuk","10":"first","11":"instock","12":"sale","13":"taxable","14":"shipping-taxable","15":"purchasable","16":"product-type-simple"},"yoast_head":"<!-- This site is optimized with the Yoast SEO plugin v27.3 - https:\/\/yoast.com\/product\/yoast-seo-wordpress\/ -->\n<title>Professionaalne blender helikindla korpusega, 2 liitrit, 1680W manuaalne juhtimine | Adexa CB699 - Adexa \u2013 Suurk\u00f6\u00f6giseadmed restoranidele ja toitlustusele<\/title>\n<meta name=\"robots\" content=\"index, follow, max-snippet:-1, max-image-preview:large, max-video-preview:-1\" \/>\n<link rel=\"canonical\" href=\"https:\/\/adexa.ee\/toode\/professionaalne-blender-helikindla-korpusega-2-liitrit-1680w-manuaalne-juhtimine-adexa-cb699\/\" \/>\n<meta property=\"og:locale\" content=\"en_US\" \/>\n<meta property=\"og:type\" content=\"article\" \/>\n<meta property=\"og:title\" content=\"Professionaalne blender helikindla korpusega, 2 liitrit, 1680W manuaalne juhtimine | Adexa CB699 - Adexa \u2013 Suurk\u00f6\u00f6giseadmed restoranidele ja toitlustusele\" \/>\n<meta property=\"og:description\" content=\"Armastate teha smuutisid, frappe&#8217;sid ja mahlasid, kuid ei talu oma blenderi valju m\u00fcra? Kas kliendid on t\u00fcdinud teie mahlapressi h\u00e4irivast\" \/>\n<meta property=\"og:url\" content=\"https:\/\/adexa.ee\/toode\/professionaalne-blender-helikindla-korpusega-2-liitrit-1680w-manuaalne-juhtimine-adexa-cb699\/\" \/>\n<meta property=\"og:site_name\" content=\"Adexa \u2013 Suurk\u00f6\u00f6giseadmed restoranidele ja toitlustusele\" \/>\n<meta property=\"article:modified_time\" content=\"2026-03-27T13:55:36+00:00\" \/>\n<meta property=\"og:image\" content=\"https:\/\/adexa.ee\/wp-content\/uploads\/2024\/12\/CB699-1-1.jpg\" \/>\n\t<meta property=\"og:image:width\" content=\"1500\" \/>\n\t<meta property=\"og:image:height\" content=\"1500\" \/>\n\t<meta property=\"og:image:type\" content=\"image\/jpeg\" \/>\n<meta name=\"twitter:card\" content=\"summary_large_image\" \/>\n<meta name=\"twitter:label1\" content=\"Est. reading time\" \/>\n\t<meta name=\"twitter:data1\" content=\"1 minute\" \/>\n<script type=\"application\/ld+json\" class=\"yoast-schema-graph\">{\"@context\":\"https:\\\/\\\/schema.org\",\"@graph\":[{\"@type\":\"WebPage\",\"@id\":\"https:\\\/\\\/adexa.ee\\\/toode\\\/professionaalne-blender-helikindla-korpusega-2-liitrit-1680w-manuaalne-juhtimine-adexa-cb699\\\/\",\"url\":\"https:\\\/\\\/adexa.ee\\\/toode\\\/professionaalne-blender-helikindla-korpusega-2-liitrit-1680w-manuaalne-juhtimine-adexa-cb699\\\/\",\"name\":\"Professionaalne blender helikindla korpusega, 2 liitrit, 1680W manuaalne juhtimine | Adexa CB699 - Adexa \u2013 Suurk\u00f6\u00f6giseadmed restoranidele ja toitlustusele\",\"isPartOf\":{\"@id\":\"https:\\\/\\\/adexa.ee\\\/#website\"},\"primaryImageOfPage\":{\"@id\":\"https:\\\/\\\/adexa.ee\\\/toode\\\/professionaalne-blender-helikindla-korpusega-2-liitrit-1680w-manuaalne-juhtimine-adexa-cb699\\\/#primaryimage\"},\"image\":{\"@id\":\"https:\\\/\\\/adexa.ee\\\/toode\\\/professionaalne-blender-helikindla-korpusega-2-liitrit-1680w-manuaalne-juhtimine-adexa-cb699\\\/#primaryimage\"},\"thumbnailUrl\":\"https:\\\/\\\/adexa.ee\\\/wp-content\\\/uploads\\\/2024\\\/12\\\/CB699-1-1.jpg\",\"datePublished\":\"2026-03-27T13:55:35+00:00\",\"dateModified\":\"2026-03-27T13:55:36+00:00\",\"breadcrumb\":{\"@id\":\"https:\\\/\\\/adexa.ee\\\/toode\\\/professionaalne-blender-helikindla-korpusega-2-liitrit-1680w-manuaalne-juhtimine-adexa-cb699\\\/#breadcrumb\"},\"inLanguage\":\"en-US\",\"potentialAction\":[{\"@type\":\"ReadAction\",\"target\":[\"https:\\\/\\\/adexa.ee\\\/toode\\\/professionaalne-blender-helikindla-korpusega-2-liitrit-1680w-manuaalne-juhtimine-adexa-cb699\\\/\"]}]},{\"@type\":\"ImageObject\",\"inLanguage\":\"en-US\",\"@id\":\"https:\\\/\\\/adexa.ee\\\/toode\\\/professionaalne-blender-helikindla-korpusega-2-liitrit-1680w-manuaalne-juhtimine-adexa-cb699\\\/#primaryimage\",\"url\":\"https:\\\/\\\/adexa.ee\\\/wp-content\\\/uploads\\\/2024\\\/12\\\/CB699-1-1.jpg\",\"contentUrl\":\"https:\\\/\\\/adexa.ee\\\/wp-content\\\/uploads\\\/2024\\\/12\\\/CB699-1-1.jpg\",\"width\":1500,\"height\":1500},{\"@type\":\"BreadcrumbList\",\"@id\":\"https:\\\/\\\/adexa.ee\\\/toode\\\/professionaalne-blender-helikindla-korpusega-2-liitrit-1680w-manuaalne-juhtimine-adexa-cb699\\\/#breadcrumb\",\"itemListElement\":[{\"@type\":\"ListItem\",\"position\":1,\"name\":\"Home\",\"item\":\"https:\\\/\\\/adexa.ee\\\/\"},{\"@type\":\"ListItem\",\"position\":2,\"name\":\"Tooted\",\"item\":\"https:\\\/\\\/adexa.ee\\\/pood\\\/\"},{\"@type\":\"ListItem\",\"position\":3,\"name\":\"Professionaalne blender helikindla korpusega, 2 liitrit, 1680W manuaalne juhtimine | Adexa CB699\"}]},{\"@type\":\"WebSite\",\"@id\":\"https:\\\/\\\/adexa.ee\\\/#website\",\"url\":\"https:\\\/\\\/adexa.ee\\\/\",\"name\":\"Adexa\",\"description\":\"\",\"publisher\":{\"@id\":\"https:\\\/\\\/adexa.ee\\\/#organization\"},\"potentialAction\":[{\"@type\":\"SearchAction\",\"target\":{\"@type\":\"EntryPoint\",\"urlTemplate\":\"https:\\\/\\\/adexa.ee\\\/?s={search_term_string}\"},\"query-input\":{\"@type\":\"PropertyValueSpecification\",\"valueRequired\":true,\"valueName\":\"search_term_string\"}}],\"inLanguage\":\"en-US\"},{\"@type\":\"Organization\",\"@id\":\"https:\\\/\\\/adexa.ee\\\/#organization\",\"name\":\"Adexa\",\"url\":\"https:\\\/\\\/adexa.ee\\\/\",\"logo\":{\"@type\":\"ImageObject\",\"inLanguage\":\"en-US\",\"@id\":\"https:\\\/\\\/adexa.ee\\\/#\\\/schema\\\/logo\\\/image\\\/\",\"url\":\"https:\\\/\\\/adexa.ee\\\/wp-content\\\/uploads\\\/2024\\\/04\\\/chef-cooks-working-in-professional-kitchen-2023-11-27-05-07-39-utc-scaled.jpg\",\"contentUrl\":\"https:\\\/\\\/adexa.ee\\\/wp-content\\\/uploads\\\/2024\\\/04\\\/chef-cooks-working-in-professional-kitchen-2023-11-27-05-07-39-utc-scaled.jpg\",\"width\":2560,\"height\":1708,\"caption\":\"Adexa\"},\"image\":{\"@id\":\"https:\\\/\\\/adexa.ee\\\/#\\\/schema\\\/logo\\\/image\\\/\"}}]}<\/script>\n<!-- \/ Yoast SEO plugin. -->","yoast_head_json":{"title":"Professionaalne blender helikindla korpusega, 2 liitrit, 1680W manuaalne juhtimine | Adexa CB699 - Adexa \u2013 Suurk\u00f6\u00f6giseadmed restoranidele ja toitlustusele","robots":{"index":"index","follow":"follow","max-snippet":"max-snippet:-1","max-image-preview":"max-image-preview:large","max-video-preview":"max-video-preview:-1"},"canonical":"https:\/\/adexa.ee\/toode\/professionaalne-blender-helikindla-korpusega-2-liitrit-1680w-manuaalne-juhtimine-adexa-cb699\/","og_locale":"en_US","og_type":"article","og_title":"Professionaalne blender helikindla korpusega, 2 liitrit, 1680W manuaalne juhtimine | Adexa CB699 - Adexa \u2013 Suurk\u00f6\u00f6giseadmed restoranidele ja toitlustusele","og_description":"Armastate teha smuutisid, frappe&#8217;sid ja mahlasid, kuid ei talu oma blenderi valju m\u00fcra? Kas kliendid on t\u00fcdinud teie mahlapressi h\u00e4irivast","og_url":"https:\/\/adexa.ee\/toode\/professionaalne-blender-helikindla-korpusega-2-liitrit-1680w-manuaalne-juhtimine-adexa-cb699\/","og_site_name":"Adexa \u2013 Suurk\u00f6\u00f6giseadmed restoranidele ja toitlustusele","article_modified_time":"2026-03-27T13:55:36+00:00","og_image":[{"width":1500,"height":1500,"url":"https:\/\/adexa.ee\/wp-content\/uploads\/2024\/12\/CB699-1-1.jpg","type":"image\/jpeg"}],"twitter_card":"summary_large_image","twitter_misc":{"Est. reading time":"1 minute"},"schema":{"@context":"https:\/\/schema.org","@graph":[{"@type":"WebPage","@id":"https:\/\/adexa.ee\/toode\/professionaalne-blender-helikindla-korpusega-2-liitrit-1680w-manuaalne-juhtimine-adexa-cb699\/","url":"https:\/\/adexa.ee\/toode\/professionaalne-blender-helikindla-korpusega-2-liitrit-1680w-manuaalne-juhtimine-adexa-cb699\/","name":"Professionaalne blender helikindla korpusega, 2 liitrit, 1680W manuaalne juhtimine | Adexa CB699 - Adexa \u2013 Suurk\u00f6\u00f6giseadmed restoranidele ja toitlustusele","isPartOf":{"@id":"https:\/\/adexa.ee\/#website"},"primaryImageOfPage":{"@id":"https:\/\/adexa.ee\/toode\/professionaalne-blender-helikindla-korpusega-2-liitrit-1680w-manuaalne-juhtimine-adexa-cb699\/#primaryimage"},"image":{"@id":"https:\/\/adexa.ee\/toode\/professionaalne-blender-helikindla-korpusega-2-liitrit-1680w-manuaalne-juhtimine-adexa-cb699\/#primaryimage"},"thumbnailUrl":"https:\/\/adexa.ee\/wp-content\/uploads\/2024\/12\/CB699-1-1.jpg","datePublished":"2026-03-27T13:55:35+00:00","dateModified":"2026-03-27T13:55:36+00:00","breadcrumb":{"@id":"https:\/\/adexa.ee\/toode\/professionaalne-blender-helikindla-korpusega-2-liitrit-1680w-manuaalne-juhtimine-adexa-cb699\/#breadcrumb"},"inLanguage":"en-US","potentialAction":[{"@type":"ReadAction","target":["https:\/\/adexa.ee\/toode\/professionaalne-blender-helikindla-korpusega-2-liitrit-1680w-manuaalne-juhtimine-adexa-cb699\/"]}]},{"@type":"ImageObject","inLanguage":"en-US","@id":"https:\/\/adexa.ee\/toode\/professionaalne-blender-helikindla-korpusega-2-liitrit-1680w-manuaalne-juhtimine-adexa-cb699\/#primaryimage","url":"https:\/\/adexa.ee\/wp-content\/uploads\/2024\/12\/CB699-1-1.jpg","contentUrl":"https:\/\/adexa.ee\/wp-content\/uploads\/2024\/12\/CB699-1-1.jpg","width":1500,"height":1500},{"@type":"BreadcrumbList","@id":"https:\/\/adexa.ee\/toode\/professionaalne-blender-helikindla-korpusega-2-liitrit-1680w-manuaalne-juhtimine-adexa-cb699\/#breadcrumb","itemListElement":[{"@type":"ListItem","position":1,"name":"Home","item":"https:\/\/adexa.ee\/"},{"@type":"ListItem","position":2,"name":"Tooted","item":"https:\/\/adexa.ee\/pood\/"},{"@type":"ListItem","position":3,"name":"Professionaalne blender helikindla korpusega, 2 liitrit, 1680W manuaalne juhtimine | Adexa CB699"}]},{"@type":"WebSite","@id":"https:\/\/adexa.ee\/#website","url":"https:\/\/adexa.ee\/","name":"Adexa","description":"","publisher":{"@id":"https:\/\/adexa.ee\/#organization"},"potentialAction":[{"@type":"SearchAction","target":{"@type":"EntryPoint","urlTemplate":"https:\/\/adexa.ee\/?s={search_term_string}"},"query-input":{"@type":"PropertyValueSpecification","valueRequired":true,"valueName":"search_term_string"}}],"inLanguage":"en-US"},{"@type":"Organization","@id":"https:\/\/adexa.ee\/#organization","name":"Adexa","url":"https:\/\/adexa.ee\/","logo":{"@type":"ImageObject","inLanguage":"en-US","@id":"https:\/\/adexa.ee\/#\/schema\/logo\/image\/","url":"https:\/\/adexa.ee\/wp-content\/uploads\/2024\/04\/chef-cooks-working-in-professional-kitchen-2023-11-27-05-07-39-utc-scaled.jpg","contentUrl":"https:\/\/adexa.ee\/wp-content\/uploads\/2024\/04\/chef-cooks-working-in-professional-kitchen-2023-11-27-05-07-39-utc-scaled.jpg","width":2560,"height":1708,"caption":"Adexa"},"image":{"@id":"https:\/\/adexa.ee\/#\/schema\/logo\/image\/"}}]}},"_links":{"self":[{"href":"https:\/\/adexa.ee\/en\/wp-json\/wp\/v2\/product\/14799","targetHints":{"allow":["GET"]}}],"collection":[{"href":"https:\/\/adexa.ee\/en\/wp-json\/wp\/v2\/product"}],"about":[{"href":"https:\/\/adexa.ee\/en\/wp-json\/wp\/v2\/types\/product"}],"wp:featuredmedia":[{"embeddable":true,"href":"https:\/\/adexa.ee\/en\/wp-json\/wp\/v2\/media\/14803"}],"wp:attachment":[{"href":"https:\/\/adexa.ee\/en\/wp-json\/wp\/v2\/media?parent=14799"}],"wp:term":[{"taxonomy":"product_brand","embeddable":true,"href":"https:\/\/adexa.ee\/en\/wp-json\/wp\/v2\/product_brand?post=14799"},{"taxonomy":"product_cat","embeddable":true,"href":"https:\/\/adexa.ee\/en\/wp-json\/wp\/v2\/product_cat?post=14799"},{"taxonomy":"product_tag","embeddable":true,"href":"https:\/\/adexa.ee\/en\/wp-json\/wp\/v2\/product_tag?post=14799"}],"curies":[{"name":"wp","href":"https:\/\/api.w.org\/{rel}","templated":true}]}}