{"id":14825,"date":"2026-03-28T00:15:51","date_gmt":"2026-03-27T22:15:51","guid":{"rendered":"https:\/\/adexa.ee\/toode\/ettevalmistuslett-3-uksega-11xgn1-3-2020x800x1085mm-adexa-sh38\/"},"modified":"2026-03-28T00:15:53","modified_gmt":"2026-03-27T22:15:53","slug":"ettevalmistuslett-3-uksega-11xgn1-3-2020x800x1085mm-adexa-sh38","status":"publish","type":"product","link":"https:\/\/adexa.ee\/en\/toode\/ettevalmistuslett-3-uksega-11xgn1-3-2020x800x1085mm-adexa-sh38\/","title":{"rendered":"Ettevalmistuslett 3 uksega 11xGN1\/3 2020x800x1085mm | Adexa SH38"},"content":{"rendered":"<p>Kommertslik v\u00f5ileivade ettevalmistuslett, millel on t\u00e4nu 800 mm s\u00fcgavusele lisat\u00f6\u00f6pind. Ideaalne salatite valmistamiseks, pitsa ettevalmistuseks ja paljude teiste toitlustusk\u00f6\u00f6gi \u00fclesannete t\u00e4itmiseks.<\/p>\n<p>CFC-vaba jahutusaine ja vaht<br \/>\nAISI 304 roostevabast terasest konstruktsioon<br \/>\nElektrooniline termostaat ja digitaalne LED temperatuurin\u00e4idik t\u00e4pseks kontrolliks ja lihtsaks lugemiseks<br \/>\nAutomaatne sulatamine ja kondensvee aurustumine<br \/>\nMagnettihendit saab vahetada ilma t\u00f6\u00f6riistadeta<br \/>\n\u00dcmarate servadega p\u00f5hi lihtsaks puhastamiseks<br \/>\nRatastega kaasas<br \/>\nV\u00e4lism\u00f5\u00f5dud: 2020 x 800 x 1050 mm<br \/>\nMaht: 670 liitrit<br \/>\nTemperatuur: +2\u00b0C kuni +8\u00b0C<br \/>\nMahutab 11 x GN1\/3 anumat (ei ole kaasas)<br \/>\n1 riiul ukse kohta<br \/>\nToiteallikas: 230V \/ 1N \/ 50Hz<br \/>\nVarustatud standardse UK pistikuga<\/p>\n<p>Dokumendid<\/p>\n<p>Kasutusjuhendi allalaadimiseks kl\u00f5psake siia<br \/>\nTehnilise joonise allalaadimiseks kl\u00f5psake siia<br \/>\nCE vastavusdeklaratsiooni allalaadimiseks kl\u00f5psake siia<\/p>\n<p>\u00dcksikasjaliku teabe saamiseks vaadake jaotist &#8220;Spetsifikatsioon&#8221;.<\/p>\n<table style=\"border-collapse: collapse; width: 100%; text-align: left;\">\n<tbody>\n<tr>\n<td style=\"border: 1px solid #ddd; padding: 8px; width: 45%;\"><strong>S\u00fcgavus<\/strong><\/td>\n<td style=\"border: 1px solid #ddd; padding: 8px;\">800mm<\/td>\n<\/tr>\n<tr>\n<td style=\"border: 1px solid #ddd; padding: 8px; width: 45%;\"><strong>K\u00f5rgus<\/strong><\/td>\n<td style=\"border: 1px solid #ddd; padding: 8px;\">1050 mm<\/td>\n<\/tr>\n<tr>\n<td style=\"border: 1px solid #ddd; padding: 8px; width: 45%;\"><strong>Garantii<\/strong><\/td>\n<td style=\"border: 1px solid #ddd; padding: 8px;\">12 kuu varuosade garantii<\/td>\n<\/tr>\n<tr>\n<td style=\"border: 1px solid #ddd; padding: 8px; width: 45%;\"><strong>Mahutavus<\/strong><\/td>\n<td style=\"border: 1px solid #ddd; padding: 8px;\">670 liitrit<\/td>\n<\/tr>\n<tr>\n<td style=\"border: 1px solid #ddd; padding: 8px; width: 45%;\"><strong>Toiteallikas<\/strong><\/td>\n<td style=\"border: 1px solid #ddd; padding: 8px;\">230 V \/ 1 faas<\/td>\n<\/tr>\n<tr>\n<td style=\"border: 1px solid #ddd; padding: 8px; width: 45%;\"><strong>Temperatuur<\/strong><\/td>\n<td style=\"border: 1px solid #ddd; padding: 8px;\">+2 kuni +8\u00b0C<\/td>\n<\/tr>\n<tr>\n<td style=\"border: 1px solid #ddd; padding: 8px; width: 45%;\"><strong>Mahutavus (teenindus)<\/strong><\/td>\n<td style=\"border: 1px solid #ddd; padding: 8px;\">11 x GN1\/3<\/td>\n<\/tr>\n<tr>\n<td style=\"border: 1px solid #ddd; padding: 8px; width: 45%;\"><strong>Laius<\/strong><\/td>\n<td style=\"border: 1px solid #ddd; padding: 8px;\">2020mm<\/td>\n<\/tr>\n<tr>\n<td style=\"border: 1px solid #ddd; padding: 8px; width: 45%;\"><strong>K\u00fclmaaine<\/strong><\/td>\n<td style=\"border: 1px solid #ddd; padding: 8px;\">R290<\/td>\n<\/tr>\n<\/tbody>\n<\/table>\n","protected":false},"excerpt":{"rendered":"<p>Kommertslik v\u00f5ileivade ettevalmistuslett, millel on t\u00e4nu 800 mm s\u00fcgavusele lisat\u00f6\u00f6pind. Ideaalne salatite valmistamiseks, pitsa ettevalmistuseks ja paljude teiste toitlustusk\u00f6\u00f6gi \u00fclesannete<\/p>\n","protected":false},"featured_media":14710,"template":"","meta":[],"product_brand":[],"product_cat":[564,565,819,684],"product_tag":[],"class_list":{"0":"post-14825","1":"product","2":"type-product","3":"status-publish","4":"has-post-thumbnail","6":"product_cat-jahutusseadmed","7":"product_cat-letikulmikud","8":"product_cat-saladettid","9":"product_cat-salati-ja-voileiva-valmistamise-letid","11":"first","12":"instock","13":"sale","14":"taxable","15":"shipping-taxable","16":"purchasable","17":"product-type-simple"},"yoast_head":"<!-- This site is optimized with the Yoast SEO plugin v27.3 - https:\/\/yoast.com\/product\/yoast-seo-wordpress\/ -->\n<title>Ettevalmistuslett 3 uksega 11xGN1\/3 2020x800x1085mm | Adexa SH38 - Adexa \u2013 Suurk\u00f6\u00f6giseadmed restoranidele ja toitlustusele<\/title>\n<meta name=\"robots\" content=\"index, follow, max-snippet:-1, max-image-preview:large, max-video-preview:-1\" \/>\n<link rel=\"canonical\" href=\"https:\/\/adexa.ee\/toode\/ettevalmistuslett-3-uksega-11xgn1-3-2020x800x1085mm-adexa-sh38\/\" \/>\n<meta property=\"og:locale\" content=\"en_US\" \/>\n<meta property=\"og:type\" content=\"article\" \/>\n<meta property=\"og:title\" content=\"Ettevalmistuslett 3 uksega 11xGN1\/3 2020x800x1085mm | Adexa SH38 - Adexa \u2013 Suurk\u00f6\u00f6giseadmed restoranidele ja toitlustusele\" \/>\n<meta property=\"og:description\" content=\"Kommertslik v\u00f5ileivade ettevalmistuslett, millel on t\u00e4nu 800 mm s\u00fcgavusele lisat\u00f6\u00f6pind. Ideaalne salatite valmistamiseks, pitsa ettevalmistuseks ja paljude teiste toitlustusk\u00f6\u00f6gi \u00fclesannete\" \/>\n<meta property=\"og:url\" content=\"https:\/\/adexa.ee\/toode\/ettevalmistuslett-3-uksega-11xgn1-3-2020x800x1085mm-adexa-sh38\/\" \/>\n<meta property=\"og:site_name\" content=\"Adexa \u2013 Suurk\u00f6\u00f6giseadmed restoranidele ja toitlustusele\" \/>\n<meta property=\"article:modified_time\" content=\"2026-03-27T22:15:53+00:00\" \/>\n<meta property=\"og:image\" content=\"https:\/\/adexa.ee\/wp-content\/uploads\/2024\/12\/SH3000-castors.jpg\" \/>\n\t<meta property=\"og:image:width\" content=\"1500\" \/>\n\t<meta property=\"og:image:height\" content=\"1500\" \/>\n\t<meta property=\"og:image:type\" content=\"image\/jpeg\" \/>\n<meta name=\"twitter:card\" content=\"summary_large_image\" \/>\n<meta name=\"twitter:label1\" content=\"Est. reading time\" \/>\n\t<meta name=\"twitter:data1\" content=\"1 minute\" \/>\n<script type=\"application\/ld+json\" class=\"yoast-schema-graph\">{\"@context\":\"https:\\\/\\\/schema.org\",\"@graph\":[{\"@type\":\"WebPage\",\"@id\":\"https:\\\/\\\/adexa.ee\\\/toode\\\/ettevalmistuslett-3-uksega-11xgn1-3-2020x800x1085mm-adexa-sh38\\\/\",\"url\":\"https:\\\/\\\/adexa.ee\\\/toode\\\/ettevalmistuslett-3-uksega-11xgn1-3-2020x800x1085mm-adexa-sh38\\\/\",\"name\":\"Ettevalmistuslett 3 uksega 11xGN1\\\/3 2020x800x1085mm | Adexa SH38 - Adexa \u2013 Suurk\u00f6\u00f6giseadmed restoranidele ja toitlustusele\",\"isPartOf\":{\"@id\":\"https:\\\/\\\/adexa.ee\\\/#website\"},\"primaryImageOfPage\":{\"@id\":\"https:\\\/\\\/adexa.ee\\\/toode\\\/ettevalmistuslett-3-uksega-11xgn1-3-2020x800x1085mm-adexa-sh38\\\/#primaryimage\"},\"image\":{\"@id\":\"https:\\\/\\\/adexa.ee\\\/toode\\\/ettevalmistuslett-3-uksega-11xgn1-3-2020x800x1085mm-adexa-sh38\\\/#primaryimage\"},\"thumbnailUrl\":\"https:\\\/\\\/adexa.ee\\\/wp-content\\\/uploads\\\/2024\\\/12\\\/SH3000-castors.jpg\",\"datePublished\":\"2026-03-27T22:15:51+00:00\",\"dateModified\":\"2026-03-27T22:15:53+00:00\",\"breadcrumb\":{\"@id\":\"https:\\\/\\\/adexa.ee\\\/toode\\\/ettevalmistuslett-3-uksega-11xgn1-3-2020x800x1085mm-adexa-sh38\\\/#breadcrumb\"},\"inLanguage\":\"en-US\",\"potentialAction\":[{\"@type\":\"ReadAction\",\"target\":[\"https:\\\/\\\/adexa.ee\\\/toode\\\/ettevalmistuslett-3-uksega-11xgn1-3-2020x800x1085mm-adexa-sh38\\\/\"]}]},{\"@type\":\"ImageObject\",\"inLanguage\":\"en-US\",\"@id\":\"https:\\\/\\\/adexa.ee\\\/toode\\\/ettevalmistuslett-3-uksega-11xgn1-3-2020x800x1085mm-adexa-sh38\\\/#primaryimage\",\"url\":\"https:\\\/\\\/adexa.ee\\\/wp-content\\\/uploads\\\/2024\\\/12\\\/SH3000-castors.jpg\",\"contentUrl\":\"https:\\\/\\\/adexa.ee\\\/wp-content\\\/uploads\\\/2024\\\/12\\\/SH3000-castors.jpg\",\"width\":1500,\"height\":1500},{\"@type\":\"BreadcrumbList\",\"@id\":\"https:\\\/\\\/adexa.ee\\\/toode\\\/ettevalmistuslett-3-uksega-11xgn1-3-2020x800x1085mm-adexa-sh38\\\/#breadcrumb\",\"itemListElement\":[{\"@type\":\"ListItem\",\"position\":1,\"name\":\"Home\",\"item\":\"https:\\\/\\\/adexa.ee\\\/\"},{\"@type\":\"ListItem\",\"position\":2,\"name\":\"Tooted\",\"item\":\"https:\\\/\\\/adexa.ee\\\/pood\\\/\"},{\"@type\":\"ListItem\",\"position\":3,\"name\":\"Ettevalmistuslett 3 uksega 11xGN1\\\/3 2020x800x1085mm | Adexa SH38\"}]},{\"@type\":\"WebSite\",\"@id\":\"https:\\\/\\\/adexa.ee\\\/#website\",\"url\":\"https:\\\/\\\/adexa.ee\\\/\",\"name\":\"Adexa\",\"description\":\"\",\"publisher\":{\"@id\":\"https:\\\/\\\/adexa.ee\\\/#organization\"},\"potentialAction\":[{\"@type\":\"SearchAction\",\"target\":{\"@type\":\"EntryPoint\",\"urlTemplate\":\"https:\\\/\\\/adexa.ee\\\/?s={search_term_string}\"},\"query-input\":{\"@type\":\"PropertyValueSpecification\",\"valueRequired\":true,\"valueName\":\"search_term_string\"}}],\"inLanguage\":\"en-US\"},{\"@type\":\"Organization\",\"@id\":\"https:\\\/\\\/adexa.ee\\\/#organization\",\"name\":\"Adexa\",\"url\":\"https:\\\/\\\/adexa.ee\\\/\",\"logo\":{\"@type\":\"ImageObject\",\"inLanguage\":\"en-US\",\"@id\":\"https:\\\/\\\/adexa.ee\\\/#\\\/schema\\\/logo\\\/image\\\/\",\"url\":\"https:\\\/\\\/adexa.ee\\\/wp-content\\\/uploads\\\/2024\\\/04\\\/chef-cooks-working-in-professional-kitchen-2023-11-27-05-07-39-utc-scaled.jpg\",\"contentUrl\":\"https:\\\/\\\/adexa.ee\\\/wp-content\\\/uploads\\\/2024\\\/04\\\/chef-cooks-working-in-professional-kitchen-2023-11-27-05-07-39-utc-scaled.jpg\",\"width\":2560,\"height\":1708,\"caption\":\"Adexa\"},\"image\":{\"@id\":\"https:\\\/\\\/adexa.ee\\\/#\\\/schema\\\/logo\\\/image\\\/\"}}]}<\/script>\n<!-- \/ Yoast SEO plugin. -->","yoast_head_json":{"title":"Ettevalmistuslett 3 uksega 11xGN1\/3 2020x800x1085mm | Adexa SH38 - Adexa \u2013 Suurk\u00f6\u00f6giseadmed restoranidele ja toitlustusele","robots":{"index":"index","follow":"follow","max-snippet":"max-snippet:-1","max-image-preview":"max-image-preview:large","max-video-preview":"max-video-preview:-1"},"canonical":"https:\/\/adexa.ee\/toode\/ettevalmistuslett-3-uksega-11xgn1-3-2020x800x1085mm-adexa-sh38\/","og_locale":"en_US","og_type":"article","og_title":"Ettevalmistuslett 3 uksega 11xGN1\/3 2020x800x1085mm | Adexa SH38 - Adexa \u2013 Suurk\u00f6\u00f6giseadmed restoranidele ja toitlustusele","og_description":"Kommertslik v\u00f5ileivade ettevalmistuslett, millel on t\u00e4nu 800 mm s\u00fcgavusele lisat\u00f6\u00f6pind. Ideaalne salatite valmistamiseks, pitsa ettevalmistuseks ja paljude teiste toitlustusk\u00f6\u00f6gi \u00fclesannete","og_url":"https:\/\/adexa.ee\/toode\/ettevalmistuslett-3-uksega-11xgn1-3-2020x800x1085mm-adexa-sh38\/","og_site_name":"Adexa \u2013 Suurk\u00f6\u00f6giseadmed restoranidele ja toitlustusele","article_modified_time":"2026-03-27T22:15:53+00:00","og_image":[{"width":1500,"height":1500,"url":"https:\/\/adexa.ee\/wp-content\/uploads\/2024\/12\/SH3000-castors.jpg","type":"image\/jpeg"}],"twitter_card":"summary_large_image","twitter_misc":{"Est. reading time":"1 minute"},"schema":{"@context":"https:\/\/schema.org","@graph":[{"@type":"WebPage","@id":"https:\/\/adexa.ee\/toode\/ettevalmistuslett-3-uksega-11xgn1-3-2020x800x1085mm-adexa-sh38\/","url":"https:\/\/adexa.ee\/toode\/ettevalmistuslett-3-uksega-11xgn1-3-2020x800x1085mm-adexa-sh38\/","name":"Ettevalmistuslett 3 uksega 11xGN1\/3 2020x800x1085mm | Adexa SH38 - Adexa \u2013 Suurk\u00f6\u00f6giseadmed restoranidele ja toitlustusele","isPartOf":{"@id":"https:\/\/adexa.ee\/#website"},"primaryImageOfPage":{"@id":"https:\/\/adexa.ee\/toode\/ettevalmistuslett-3-uksega-11xgn1-3-2020x800x1085mm-adexa-sh38\/#primaryimage"},"image":{"@id":"https:\/\/adexa.ee\/toode\/ettevalmistuslett-3-uksega-11xgn1-3-2020x800x1085mm-adexa-sh38\/#primaryimage"},"thumbnailUrl":"https:\/\/adexa.ee\/wp-content\/uploads\/2024\/12\/SH3000-castors.jpg","datePublished":"2026-03-27T22:15:51+00:00","dateModified":"2026-03-27T22:15:53+00:00","breadcrumb":{"@id":"https:\/\/adexa.ee\/toode\/ettevalmistuslett-3-uksega-11xgn1-3-2020x800x1085mm-adexa-sh38\/#breadcrumb"},"inLanguage":"en-US","potentialAction":[{"@type":"ReadAction","target":["https:\/\/adexa.ee\/toode\/ettevalmistuslett-3-uksega-11xgn1-3-2020x800x1085mm-adexa-sh38\/"]}]},{"@type":"ImageObject","inLanguage":"en-US","@id":"https:\/\/adexa.ee\/toode\/ettevalmistuslett-3-uksega-11xgn1-3-2020x800x1085mm-adexa-sh38\/#primaryimage","url":"https:\/\/adexa.ee\/wp-content\/uploads\/2024\/12\/SH3000-castors.jpg","contentUrl":"https:\/\/adexa.ee\/wp-content\/uploads\/2024\/12\/SH3000-castors.jpg","width":1500,"height":1500},{"@type":"BreadcrumbList","@id":"https:\/\/adexa.ee\/toode\/ettevalmistuslett-3-uksega-11xgn1-3-2020x800x1085mm-adexa-sh38\/#breadcrumb","itemListElement":[{"@type":"ListItem","position":1,"name":"Home","item":"https:\/\/adexa.ee\/"},{"@type":"ListItem","position":2,"name":"Tooted","item":"https:\/\/adexa.ee\/pood\/"},{"@type":"ListItem","position":3,"name":"Ettevalmistuslett 3 uksega 11xGN1\/3 2020x800x1085mm | Adexa SH38"}]},{"@type":"WebSite","@id":"https:\/\/adexa.ee\/#website","url":"https:\/\/adexa.ee\/","name":"Adexa","description":"","publisher":{"@id":"https:\/\/adexa.ee\/#organization"},"potentialAction":[{"@type":"SearchAction","target":{"@type":"EntryPoint","urlTemplate":"https:\/\/adexa.ee\/?s={search_term_string}"},"query-input":{"@type":"PropertyValueSpecification","valueRequired":true,"valueName":"search_term_string"}}],"inLanguage":"en-US"},{"@type":"Organization","@id":"https:\/\/adexa.ee\/#organization","name":"Adexa","url":"https:\/\/adexa.ee\/","logo":{"@type":"ImageObject","inLanguage":"en-US","@id":"https:\/\/adexa.ee\/#\/schema\/logo\/image\/","url":"https:\/\/adexa.ee\/wp-content\/uploads\/2024\/04\/chef-cooks-working-in-professional-kitchen-2023-11-27-05-07-39-utc-scaled.jpg","contentUrl":"https:\/\/adexa.ee\/wp-content\/uploads\/2024\/04\/chef-cooks-working-in-professional-kitchen-2023-11-27-05-07-39-utc-scaled.jpg","width":2560,"height":1708,"caption":"Adexa"},"image":{"@id":"https:\/\/adexa.ee\/#\/schema\/logo\/image\/"}}]}},"_links":{"self":[{"href":"https:\/\/adexa.ee\/en\/wp-json\/wp\/v2\/product\/14825","targetHints":{"allow":["GET"]}}],"collection":[{"href":"https:\/\/adexa.ee\/en\/wp-json\/wp\/v2\/product"}],"about":[{"href":"https:\/\/adexa.ee\/en\/wp-json\/wp\/v2\/types\/product"}],"wp:featuredmedia":[{"embeddable":true,"href":"https:\/\/adexa.ee\/en\/wp-json\/wp\/v2\/media\/14710"}],"wp:attachment":[{"href":"https:\/\/adexa.ee\/en\/wp-json\/wp\/v2\/media?parent=14825"}],"wp:term":[{"taxonomy":"product_brand","embeddable":true,"href":"https:\/\/adexa.ee\/en\/wp-json\/wp\/v2\/product_brand?post=14825"},{"taxonomy":"product_cat","embeddable":true,"href":"https:\/\/adexa.ee\/en\/wp-json\/wp\/v2\/product_cat?post=14825"},{"taxonomy":"product_tag","embeddable":true,"href":"https:\/\/adexa.ee\/en\/wp-json\/wp\/v2\/product_tag?post=14825"}],"curies":[{"name":"wp","href":"https:\/\/api.w.org\/{rel}","templated":true}]}}