{"id":14868,"date":"2026-03-26T10:25:27","date_gmt":"2026-03-26T08:25:27","guid":{"rendered":"https:\/\/adexa.ee\/toode\/serveerimisalus-polupropuleen-ristkulikukujuline-450x350mm-punane-adexa-tf0002r\/"},"modified":"2026-03-26T10:25:30","modified_gmt":"2026-03-26T08:25:30","slug":"kandik-polupropuleen-ristkulikukujuline-450x350mm-punane-adexa-tf0002r","status":"publish","type":"product","link":"https:\/\/adexa.ee\/en\/toode\/kandik-polupropuleen-ristkulikukujuline-450x350mm-punane-adexa-tf0002r\/","title":{"rendered":"Kandik Pol\u00fcprop\u00fcleen Ristk\u00fclikukujuline 450x350mm Punane | Adexa TF0002R"},"content":{"rendered":"<p>Ideaalne kohvikutesse, buffeedele ja iseteeninduskohtadesse, see must serveerimisalus on mitmek\u00fclgsuse ja vastupidavuse ideaalne kombinatsioon! Kerge konstruktsioon on ideaalne, kui tuleb navigeerida kiire restorani keskel tellimusega, mis on t\u00e4is jooke ja toitu. Seda on lihtne puhastada ja virnastatav, mis t\u00e4hendab, et seda saab hoida k\u00f6\u00f6gis v\u00f5i baaris. T\u00e4psema teabe saamiseks vaadake rubriiki &#8220;Spetsifikatsioon&#8221;.<\/p>\n<table style=\"border-collapse: collapse; width: 100%; text-align: left;\">\n<tbody>\n<tr>\n<td style=\"border: 1px solid #ddd; padding: 8px; width: 45%;\"><strong>Materjal<\/strong><\/td>\n<td style=\"border: 1px solid #ddd; padding: 8px;\">Pol\u00fcprop\u00fcleen<\/td>\n<\/tr>\n<tr>\n<td style=\"border: 1px solid #ddd; padding: 8px; width: 45%;\"><strong>V\u00e4rv<\/strong><\/td>\n<td style=\"border: 1px solid #ddd; padding: 8px;\">Punane<\/td>\n<\/tr>\n<tr>\n<td style=\"border: 1px solid #ddd; padding: 8px; width: 45%;\"><strong>M\u00f5\u00f5tmed<\/strong><\/td>\n<td style=\"border: 1px solid #ddd; padding: 8px;\">450&#215;350 mm<\/td>\n<\/tr>\n<\/tbody>\n<\/table>\n","protected":false},"excerpt":{"rendered":"<p>Ideaalne kohvikutesse, buffeedele ja iseteeninduskohtadesse, see must serveerimisalus on mitmek\u00fclgsuse ja vastupidavuse ideaalne kombinatsioon! Kerge konstruktsioon on ideaalne, kui tuleb<\/p>\n","protected":false},"featured_media":14870,"template":"","meta":[],"product_brand":[],"product_cat":[587,579,569,586],"product_tag":[],"class_list":{"0":"post-14868","1":"product","2":"type-product","3":"status-publish","4":"has-post-thumbnail","6":"product_cat-kandikud-ja-serveerimisalused","7":"product_cat-koogitarbed-noud","8":"product_cat-lopumuuk","9":"product_cat-serveerimine","11":"first","12":"instock","13":"sale","14":"taxable","15":"shipping-taxable","16":"purchasable","17":"product-type-simple"},"yoast_head":"<!-- This site is optimized with the Yoast SEO plugin v27.3 - https:\/\/yoast.com\/product\/yoast-seo-wordpress\/ -->\n<title>Kandik Pol\u00fcprop\u00fcleen Ristk\u00fclikukujuline 450x350mm Punane | Adexa TF0002R - Adexa \u2013 Suurk\u00f6\u00f6giseadmed restoranidele ja toitlustusele<\/title>\n<meta name=\"robots\" content=\"index, follow, max-snippet:-1, max-image-preview:large, max-video-preview:-1\" \/>\n<link rel=\"canonical\" href=\"https:\/\/adexa.ee\/toode\/kandik-polupropuleen-ristkulikukujuline-450x350mm-punane-adexa-tf0002r\/\" \/>\n<meta property=\"og:locale\" content=\"en_US\" \/>\n<meta property=\"og:type\" content=\"article\" \/>\n<meta property=\"og:title\" content=\"Kandik Pol\u00fcprop\u00fcleen Ristk\u00fclikukujuline 450x350mm Punane | Adexa TF0002R - Adexa \u2013 Suurk\u00f6\u00f6giseadmed restoranidele ja toitlustusele\" \/>\n<meta property=\"og:description\" content=\"Ideaalne kohvikutesse, buffeedele ja iseteeninduskohtadesse, see must serveerimisalus on mitmek\u00fclgsuse ja vastupidavuse ideaalne kombinatsioon! Kerge konstruktsioon on ideaalne, kui tuleb\" \/>\n<meta property=\"og:url\" content=\"https:\/\/adexa.ee\/toode\/kandik-polupropuleen-ristkulikukujuline-450x350mm-punane-adexa-tf0002r\/\" \/>\n<meta property=\"og:site_name\" content=\"Adexa \u2013 Suurk\u00f6\u00f6giseadmed restoranidele ja toitlustusele\" \/>\n<meta property=\"article:modified_time\" content=\"2026-03-26T08:25:30+00:00\" \/>\n<meta property=\"og:image\" content=\"https:\/\/adexa.ee\/wp-content\/uploads\/2024\/12\/TF0002R.jpg\" \/>\n\t<meta property=\"og:image:width\" content=\"1520\" \/>\n\t<meta property=\"og:image:height\" content=\"1520\" \/>\n\t<meta property=\"og:image:type\" content=\"image\/jpeg\" \/>\n<meta name=\"twitter:card\" content=\"summary_large_image\" \/>\n<script type=\"application\/ld+json\" class=\"yoast-schema-graph\">{\"@context\":\"https:\\\/\\\/schema.org\",\"@graph\":[{\"@type\":\"WebPage\",\"@id\":\"https:\\\/\\\/adexa.ee\\\/toode\\\/kandik-polupropuleen-ristkulikukujuline-450x350mm-punane-adexa-tf0002r\\\/\",\"url\":\"https:\\\/\\\/adexa.ee\\\/toode\\\/kandik-polupropuleen-ristkulikukujuline-450x350mm-punane-adexa-tf0002r\\\/\",\"name\":\"Kandik Pol\u00fcprop\u00fcleen Ristk\u00fclikukujuline 450x350mm Punane | Adexa TF0002R - Adexa \u2013 Suurk\u00f6\u00f6giseadmed restoranidele ja toitlustusele\",\"isPartOf\":{\"@id\":\"https:\\\/\\\/adexa.ee\\\/#website\"},\"primaryImageOfPage\":{\"@id\":\"https:\\\/\\\/adexa.ee\\\/toode\\\/kandik-polupropuleen-ristkulikukujuline-450x350mm-punane-adexa-tf0002r\\\/#primaryimage\"},\"image\":{\"@id\":\"https:\\\/\\\/adexa.ee\\\/toode\\\/kandik-polupropuleen-ristkulikukujuline-450x350mm-punane-adexa-tf0002r\\\/#primaryimage\"},\"thumbnailUrl\":\"https:\\\/\\\/adexa.ee\\\/wp-content\\\/uploads\\\/2024\\\/12\\\/TF0002R.jpg\",\"datePublished\":\"2026-03-26T08:25:27+00:00\",\"dateModified\":\"2026-03-26T08:25:30+00:00\",\"breadcrumb\":{\"@id\":\"https:\\\/\\\/adexa.ee\\\/toode\\\/kandik-polupropuleen-ristkulikukujuline-450x350mm-punane-adexa-tf0002r\\\/#breadcrumb\"},\"inLanguage\":\"en-US\",\"potentialAction\":[{\"@type\":\"ReadAction\",\"target\":[\"https:\\\/\\\/adexa.ee\\\/toode\\\/kandik-polupropuleen-ristkulikukujuline-450x350mm-punane-adexa-tf0002r\\\/\"]}]},{\"@type\":\"ImageObject\",\"inLanguage\":\"en-US\",\"@id\":\"https:\\\/\\\/adexa.ee\\\/toode\\\/kandik-polupropuleen-ristkulikukujuline-450x350mm-punane-adexa-tf0002r\\\/#primaryimage\",\"url\":\"https:\\\/\\\/adexa.ee\\\/wp-content\\\/uploads\\\/2024\\\/12\\\/TF0002R.jpg\",\"contentUrl\":\"https:\\\/\\\/adexa.ee\\\/wp-content\\\/uploads\\\/2024\\\/12\\\/TF0002R.jpg\",\"width\":1520,\"height\":1520},{\"@type\":\"BreadcrumbList\",\"@id\":\"https:\\\/\\\/adexa.ee\\\/toode\\\/kandik-polupropuleen-ristkulikukujuline-450x350mm-punane-adexa-tf0002r\\\/#breadcrumb\",\"itemListElement\":[{\"@type\":\"ListItem\",\"position\":1,\"name\":\"Home\",\"item\":\"https:\\\/\\\/adexa.ee\\\/\"},{\"@type\":\"ListItem\",\"position\":2,\"name\":\"Tooted\",\"item\":\"https:\\\/\\\/adexa.ee\\\/pood\\\/\"},{\"@type\":\"ListItem\",\"position\":3,\"name\":\"Kandik Pol\u00fcprop\u00fcleen Ristk\u00fclikukujuline 450x350mm Punane | Adexa TF0002R\"}]},{\"@type\":\"WebSite\",\"@id\":\"https:\\\/\\\/adexa.ee\\\/#website\",\"url\":\"https:\\\/\\\/adexa.ee\\\/\",\"name\":\"Adexa\",\"description\":\"\",\"publisher\":{\"@id\":\"https:\\\/\\\/adexa.ee\\\/#organization\"},\"potentialAction\":[{\"@type\":\"SearchAction\",\"target\":{\"@type\":\"EntryPoint\",\"urlTemplate\":\"https:\\\/\\\/adexa.ee\\\/?s={search_term_string}\"},\"query-input\":{\"@type\":\"PropertyValueSpecification\",\"valueRequired\":true,\"valueName\":\"search_term_string\"}}],\"inLanguage\":\"en-US\"},{\"@type\":\"Organization\",\"@id\":\"https:\\\/\\\/adexa.ee\\\/#organization\",\"name\":\"Adexa\",\"url\":\"https:\\\/\\\/adexa.ee\\\/\",\"logo\":{\"@type\":\"ImageObject\",\"inLanguage\":\"en-US\",\"@id\":\"https:\\\/\\\/adexa.ee\\\/#\\\/schema\\\/logo\\\/image\\\/\",\"url\":\"https:\\\/\\\/adexa.ee\\\/wp-content\\\/uploads\\\/2024\\\/04\\\/chef-cooks-working-in-professional-kitchen-2023-11-27-05-07-39-utc-scaled.jpg\",\"contentUrl\":\"https:\\\/\\\/adexa.ee\\\/wp-content\\\/uploads\\\/2024\\\/04\\\/chef-cooks-working-in-professional-kitchen-2023-11-27-05-07-39-utc-scaled.jpg\",\"width\":2560,\"height\":1708,\"caption\":\"Adexa\"},\"image\":{\"@id\":\"https:\\\/\\\/adexa.ee\\\/#\\\/schema\\\/logo\\\/image\\\/\"}}]}<\/script>\n<!-- \/ Yoast SEO plugin. -->","yoast_head_json":{"title":"Kandik Pol\u00fcprop\u00fcleen Ristk\u00fclikukujuline 450x350mm Punane | Adexa TF0002R - Adexa \u2013 Suurk\u00f6\u00f6giseadmed restoranidele ja toitlustusele","robots":{"index":"index","follow":"follow","max-snippet":"max-snippet:-1","max-image-preview":"max-image-preview:large","max-video-preview":"max-video-preview:-1"},"canonical":"https:\/\/adexa.ee\/toode\/kandik-polupropuleen-ristkulikukujuline-450x350mm-punane-adexa-tf0002r\/","og_locale":"en_US","og_type":"article","og_title":"Kandik Pol\u00fcprop\u00fcleen Ristk\u00fclikukujuline 450x350mm Punane | Adexa TF0002R - Adexa \u2013 Suurk\u00f6\u00f6giseadmed restoranidele ja toitlustusele","og_description":"Ideaalne kohvikutesse, buffeedele ja iseteeninduskohtadesse, see must serveerimisalus on mitmek\u00fclgsuse ja vastupidavuse ideaalne kombinatsioon! Kerge konstruktsioon on ideaalne, kui tuleb","og_url":"https:\/\/adexa.ee\/toode\/kandik-polupropuleen-ristkulikukujuline-450x350mm-punane-adexa-tf0002r\/","og_site_name":"Adexa \u2013 Suurk\u00f6\u00f6giseadmed restoranidele ja toitlustusele","article_modified_time":"2026-03-26T08:25:30+00:00","og_image":[{"width":1520,"height":1520,"url":"https:\/\/adexa.ee\/wp-content\/uploads\/2024\/12\/TF0002R.jpg","type":"image\/jpeg"}],"twitter_card":"summary_large_image","schema":{"@context":"https:\/\/schema.org","@graph":[{"@type":"WebPage","@id":"https:\/\/adexa.ee\/toode\/kandik-polupropuleen-ristkulikukujuline-450x350mm-punane-adexa-tf0002r\/","url":"https:\/\/adexa.ee\/toode\/kandik-polupropuleen-ristkulikukujuline-450x350mm-punane-adexa-tf0002r\/","name":"Kandik Pol\u00fcprop\u00fcleen Ristk\u00fclikukujuline 450x350mm Punane | Adexa TF0002R - Adexa \u2013 Suurk\u00f6\u00f6giseadmed restoranidele ja toitlustusele","isPartOf":{"@id":"https:\/\/adexa.ee\/#website"},"primaryImageOfPage":{"@id":"https:\/\/adexa.ee\/toode\/kandik-polupropuleen-ristkulikukujuline-450x350mm-punane-adexa-tf0002r\/#primaryimage"},"image":{"@id":"https:\/\/adexa.ee\/toode\/kandik-polupropuleen-ristkulikukujuline-450x350mm-punane-adexa-tf0002r\/#primaryimage"},"thumbnailUrl":"https:\/\/adexa.ee\/wp-content\/uploads\/2024\/12\/TF0002R.jpg","datePublished":"2026-03-26T08:25:27+00:00","dateModified":"2026-03-26T08:25:30+00:00","breadcrumb":{"@id":"https:\/\/adexa.ee\/toode\/kandik-polupropuleen-ristkulikukujuline-450x350mm-punane-adexa-tf0002r\/#breadcrumb"},"inLanguage":"en-US","potentialAction":[{"@type":"ReadAction","target":["https:\/\/adexa.ee\/toode\/kandik-polupropuleen-ristkulikukujuline-450x350mm-punane-adexa-tf0002r\/"]}]},{"@type":"ImageObject","inLanguage":"en-US","@id":"https:\/\/adexa.ee\/toode\/kandik-polupropuleen-ristkulikukujuline-450x350mm-punane-adexa-tf0002r\/#primaryimage","url":"https:\/\/adexa.ee\/wp-content\/uploads\/2024\/12\/TF0002R.jpg","contentUrl":"https:\/\/adexa.ee\/wp-content\/uploads\/2024\/12\/TF0002R.jpg","width":1520,"height":1520},{"@type":"BreadcrumbList","@id":"https:\/\/adexa.ee\/toode\/kandik-polupropuleen-ristkulikukujuline-450x350mm-punane-adexa-tf0002r\/#breadcrumb","itemListElement":[{"@type":"ListItem","position":1,"name":"Home","item":"https:\/\/adexa.ee\/"},{"@type":"ListItem","position":2,"name":"Tooted","item":"https:\/\/adexa.ee\/pood\/"},{"@type":"ListItem","position":3,"name":"Kandik Pol\u00fcprop\u00fcleen Ristk\u00fclikukujuline 450x350mm Punane | Adexa TF0002R"}]},{"@type":"WebSite","@id":"https:\/\/adexa.ee\/#website","url":"https:\/\/adexa.ee\/","name":"Adexa","description":"","publisher":{"@id":"https:\/\/adexa.ee\/#organization"},"potentialAction":[{"@type":"SearchAction","target":{"@type":"EntryPoint","urlTemplate":"https:\/\/adexa.ee\/?s={search_term_string}"},"query-input":{"@type":"PropertyValueSpecification","valueRequired":true,"valueName":"search_term_string"}}],"inLanguage":"en-US"},{"@type":"Organization","@id":"https:\/\/adexa.ee\/#organization","name":"Adexa","url":"https:\/\/adexa.ee\/","logo":{"@type":"ImageObject","inLanguage":"en-US","@id":"https:\/\/adexa.ee\/#\/schema\/logo\/image\/","url":"https:\/\/adexa.ee\/wp-content\/uploads\/2024\/04\/chef-cooks-working-in-professional-kitchen-2023-11-27-05-07-39-utc-scaled.jpg","contentUrl":"https:\/\/adexa.ee\/wp-content\/uploads\/2024\/04\/chef-cooks-working-in-professional-kitchen-2023-11-27-05-07-39-utc-scaled.jpg","width":2560,"height":1708,"caption":"Adexa"},"image":{"@id":"https:\/\/adexa.ee\/#\/schema\/logo\/image\/"}}]}},"_links":{"self":[{"href":"https:\/\/adexa.ee\/en\/wp-json\/wp\/v2\/product\/14868","targetHints":{"allow":["GET"]}}],"collection":[{"href":"https:\/\/adexa.ee\/en\/wp-json\/wp\/v2\/product"}],"about":[{"href":"https:\/\/adexa.ee\/en\/wp-json\/wp\/v2\/types\/product"}],"wp:featuredmedia":[{"embeddable":true,"href":"https:\/\/adexa.ee\/en\/wp-json\/wp\/v2\/media\/14870"}],"wp:attachment":[{"href":"https:\/\/adexa.ee\/en\/wp-json\/wp\/v2\/media?parent=14868"}],"wp:term":[{"taxonomy":"product_brand","embeddable":true,"href":"https:\/\/adexa.ee\/en\/wp-json\/wp\/v2\/product_brand?post=14868"},{"taxonomy":"product_cat","embeddable":true,"href":"https:\/\/adexa.ee\/en\/wp-json\/wp\/v2\/product_cat?post=14868"},{"taxonomy":"product_tag","embeddable":true,"href":"https:\/\/adexa.ee\/en\/wp-json\/wp\/v2\/product_tag?post=14868"}],"curies":[{"name":"wp","href":"https:\/\/api.w.org\/{rel}","templated":true}]}}