{"id":14883,"date":"2026-03-26T10:25:27","date_gmt":"2026-03-26T08:25:27","guid":{"rendered":"https:\/\/adexa.ee\/toode\/torukujuline-seinariiul-roostevaba-teras-1500x320x140mm-adexa-whrt150\/"},"modified":"2026-03-26T10:25:31","modified_gmt":"2026-03-26T08:25:31","slug":"torudega-seinariiul-roostevaba-teras-1500x320x140mm-adexa-whrt150","status":"publish","type":"product","link":"https:\/\/adexa.ee\/en\/toode\/torudega-seinariiul-roostevaba-teras-1500x320x140mm-adexa-whrt150\/","title":{"rendered":"Torudega seinariiul roostevaba teras 1500x320x140mm | Adexa WHRT150"},"content":{"rendered":"<p>Kui juhite \u00e4rik\u00f6\u00f6ki, teate, kui oluline on oma ruumi t\u00f5husalt hallata. See mugav seinale kinnitatav riiul pakub t\u00f5husat viisi t\u00e4iendava pinnaruumi loomiseks ladustamise ja organiseerimise jaoks. Ideaalne klaasialuste, transpordikastide v\u00f5i muu varustuse hoidmiseks, on see tugev torukujuline riiul h\u00e4davajalik t\u00e4iendus igasse kiire tempoga n\u00f5udepesuruumi v\u00f5i k\u00f6\u00f6ki!<\/p>\n<table style=\"border-collapse: collapse; width: 100%; text-align: left;\">\n<tbody>\n<tr>\n<td style=\"border: 1px solid #ddd; padding: 8px; width: 45%;\"><strong>S\u00fcgavus<\/strong><\/td>\n<td style=\"border: 1px solid #ddd; padding: 8px;\">320 mm<\/td>\n<\/tr>\n<tr>\n<td style=\"border: 1px solid #ddd; padding: 8px; width: 45%;\"><strong>K\u00f5rgus<\/strong><\/td>\n<td style=\"border: 1px solid #ddd; padding: 8px;\">140 mm<\/td>\n<\/tr>\n<tr>\n<td style=\"border: 1px solid #ddd; padding: 8px; width: 45%;\"><strong>Laius<\/strong><\/td>\n<td style=\"border: 1px solid #ddd; padding: 8px;\">1500 mm<\/td>\n<\/tr>\n<tr>\n<td style=\"border: 1px solid #ddd; padding: 8px; width: 45%;\"><strong>Kaal<\/strong><\/td>\n<td style=\"border: 1px solid #ddd; padding: 8px;\">8 kg<\/td>\n<\/tr>\n<tr>\n<td style=\"border: 1px solid #ddd; padding: 8px; width: 45%;\"><strong>Materjal<\/strong><\/td>\n<td style=\"border: 1px solid #ddd; padding: 8px;\">Roostevaba teras<\/td>\n<\/tr>\n<\/tbody>\n<\/table>\n","protected":false},"excerpt":{"rendered":"<p>Kui juhite \u00e4rik\u00f6\u00f6ki, teate, kui oluline on oma ruumi t\u00f5husalt hallata. See mugav seinale kinnitatav riiul pakub t\u00f5husat viisi t\u00e4iendava<\/p>\n","protected":false},"featured_media":32847,"template":"","meta":[],"product_brand":[],"product_cat":[572,617,730],"product_tag":[],"class_list":{"0":"post-14883","1":"product","2":"type-product","3":"status-publish","4":"has-post-thumbnail","6":"product_cat-roostevabad-tooted","7":"product_cat-seinariiulid","8":"product_cat-torujad-seinariiulid","10":"first","11":"instock","12":"sale","13":"taxable","14":"shipping-taxable","15":"purchasable","16":"product-type-simple"},"yoast_head":"<!-- This site is optimized with the Yoast SEO plugin v27.3 - https:\/\/yoast.com\/product\/yoast-seo-wordpress\/ -->\n<title>Torudega seinariiul roostevaba teras 1500x320x140mm | Adexa WHRT150 - Adexa \u2013 Suurk\u00f6\u00f6giseadmed restoranidele ja toitlustusele<\/title>\n<meta name=\"robots\" content=\"index, follow, max-snippet:-1, max-image-preview:large, max-video-preview:-1\" \/>\n<link rel=\"canonical\" href=\"https:\/\/adexa.ee\/toode\/torudega-seinariiul-roostevaba-teras-1500x320x140mm-adexa-whrt150\/\" \/>\n<meta property=\"og:locale\" content=\"en_US\" \/>\n<meta property=\"og:type\" content=\"article\" \/>\n<meta property=\"og:title\" content=\"Torudega seinariiul roostevaba teras 1500x320x140mm | Adexa WHRT150 - Adexa \u2013 Suurk\u00f6\u00f6giseadmed restoranidele ja toitlustusele\" \/>\n<meta property=\"og:description\" content=\"Kui juhite \u00e4rik\u00f6\u00f6ki, teate, kui oluline on oma ruumi t\u00f5husalt hallata. See mugav seinale kinnitatav riiul pakub t\u00f5husat viisi t\u00e4iendava\" \/>\n<meta property=\"og:url\" content=\"https:\/\/adexa.ee\/toode\/torudega-seinariiul-roostevaba-teras-1500x320x140mm-adexa-whrt150\/\" \/>\n<meta property=\"og:site_name\" content=\"Adexa \u2013 Suurk\u00f6\u00f6giseadmed restoranidele ja toitlustusele\" \/>\n<meta property=\"article:modified_time\" content=\"2026-03-26T08:25:31+00:00\" \/>\n<meta property=\"og:image\" content=\"https:\/\/adexa.ee\/wp-content\/uploads\/2025\/05\/WHRT-hang.jpg\" \/>\n\t<meta property=\"og:image:width\" content=\"1432\" \/>\n\t<meta property=\"og:image:height\" content=\"1432\" \/>\n\t<meta property=\"og:image:type\" content=\"image\/jpeg\" \/>\n<meta name=\"twitter:card\" content=\"summary_large_image\" \/>\n<script type=\"application\/ld+json\" class=\"yoast-schema-graph\">{\"@context\":\"https:\\\/\\\/schema.org\",\"@graph\":[{\"@type\":\"WebPage\",\"@id\":\"https:\\\/\\\/adexa.ee\\\/toode\\\/torudega-seinariiul-roostevaba-teras-1500x320x140mm-adexa-whrt150\\\/\",\"url\":\"https:\\\/\\\/adexa.ee\\\/toode\\\/torudega-seinariiul-roostevaba-teras-1500x320x140mm-adexa-whrt150\\\/\",\"name\":\"Torudega seinariiul roostevaba teras 1500x320x140mm | Adexa WHRT150 - Adexa \u2013 Suurk\u00f6\u00f6giseadmed restoranidele ja toitlustusele\",\"isPartOf\":{\"@id\":\"https:\\\/\\\/adexa.ee\\\/#website\"},\"primaryImageOfPage\":{\"@id\":\"https:\\\/\\\/adexa.ee\\\/toode\\\/torudega-seinariiul-roostevaba-teras-1500x320x140mm-adexa-whrt150\\\/#primaryimage\"},\"image\":{\"@id\":\"https:\\\/\\\/adexa.ee\\\/toode\\\/torudega-seinariiul-roostevaba-teras-1500x320x140mm-adexa-whrt150\\\/#primaryimage\"},\"thumbnailUrl\":\"https:\\\/\\\/adexa.ee\\\/wp-content\\\/uploads\\\/2025\\\/05\\\/WHRT-hang.jpg\",\"datePublished\":\"2026-03-26T08:25:27+00:00\",\"dateModified\":\"2026-03-26T08:25:31+00:00\",\"breadcrumb\":{\"@id\":\"https:\\\/\\\/adexa.ee\\\/toode\\\/torudega-seinariiul-roostevaba-teras-1500x320x140mm-adexa-whrt150\\\/#breadcrumb\"},\"inLanguage\":\"en-US\",\"potentialAction\":[{\"@type\":\"ReadAction\",\"target\":[\"https:\\\/\\\/adexa.ee\\\/toode\\\/torudega-seinariiul-roostevaba-teras-1500x320x140mm-adexa-whrt150\\\/\"]}]},{\"@type\":\"ImageObject\",\"inLanguage\":\"en-US\",\"@id\":\"https:\\\/\\\/adexa.ee\\\/toode\\\/torudega-seinariiul-roostevaba-teras-1500x320x140mm-adexa-whrt150\\\/#primaryimage\",\"url\":\"https:\\\/\\\/adexa.ee\\\/wp-content\\\/uploads\\\/2025\\\/05\\\/WHRT-hang.jpg\",\"contentUrl\":\"https:\\\/\\\/adexa.ee\\\/wp-content\\\/uploads\\\/2025\\\/05\\\/WHRT-hang.jpg\",\"width\":1432,\"height\":1432},{\"@type\":\"BreadcrumbList\",\"@id\":\"https:\\\/\\\/adexa.ee\\\/toode\\\/torudega-seinariiul-roostevaba-teras-1500x320x140mm-adexa-whrt150\\\/#breadcrumb\",\"itemListElement\":[{\"@type\":\"ListItem\",\"position\":1,\"name\":\"Home\",\"item\":\"https:\\\/\\\/adexa.ee\\\/\"},{\"@type\":\"ListItem\",\"position\":2,\"name\":\"Tooted\",\"item\":\"https:\\\/\\\/adexa.ee\\\/pood\\\/\"},{\"@type\":\"ListItem\",\"position\":3,\"name\":\"Torudega seinariiul roostevaba teras 1500x320x140mm | Adexa WHRT150\"}]},{\"@type\":\"WebSite\",\"@id\":\"https:\\\/\\\/adexa.ee\\\/#website\",\"url\":\"https:\\\/\\\/adexa.ee\\\/\",\"name\":\"Adexa\",\"description\":\"\",\"publisher\":{\"@id\":\"https:\\\/\\\/adexa.ee\\\/#organization\"},\"potentialAction\":[{\"@type\":\"SearchAction\",\"target\":{\"@type\":\"EntryPoint\",\"urlTemplate\":\"https:\\\/\\\/adexa.ee\\\/?s={search_term_string}\"},\"query-input\":{\"@type\":\"PropertyValueSpecification\",\"valueRequired\":true,\"valueName\":\"search_term_string\"}}],\"inLanguage\":\"en-US\"},{\"@type\":\"Organization\",\"@id\":\"https:\\\/\\\/adexa.ee\\\/#organization\",\"name\":\"Adexa\",\"url\":\"https:\\\/\\\/adexa.ee\\\/\",\"logo\":{\"@type\":\"ImageObject\",\"inLanguage\":\"en-US\",\"@id\":\"https:\\\/\\\/adexa.ee\\\/#\\\/schema\\\/logo\\\/image\\\/\",\"url\":\"https:\\\/\\\/adexa.ee\\\/wp-content\\\/uploads\\\/2024\\\/04\\\/chef-cooks-working-in-professional-kitchen-2023-11-27-05-07-39-utc-scaled.jpg\",\"contentUrl\":\"https:\\\/\\\/adexa.ee\\\/wp-content\\\/uploads\\\/2024\\\/04\\\/chef-cooks-working-in-professional-kitchen-2023-11-27-05-07-39-utc-scaled.jpg\",\"width\":2560,\"height\":1708,\"caption\":\"Adexa\"},\"image\":{\"@id\":\"https:\\\/\\\/adexa.ee\\\/#\\\/schema\\\/logo\\\/image\\\/\"}}]}<\/script>\n<!-- \/ Yoast SEO plugin. -->","yoast_head_json":{"title":"Torudega seinariiul roostevaba teras 1500x320x140mm | Adexa WHRT150 - Adexa \u2013 Suurk\u00f6\u00f6giseadmed restoranidele ja toitlustusele","robots":{"index":"index","follow":"follow","max-snippet":"max-snippet:-1","max-image-preview":"max-image-preview:large","max-video-preview":"max-video-preview:-1"},"canonical":"https:\/\/adexa.ee\/toode\/torudega-seinariiul-roostevaba-teras-1500x320x140mm-adexa-whrt150\/","og_locale":"en_US","og_type":"article","og_title":"Torudega seinariiul roostevaba teras 1500x320x140mm | Adexa WHRT150 - Adexa \u2013 Suurk\u00f6\u00f6giseadmed restoranidele ja toitlustusele","og_description":"Kui juhite \u00e4rik\u00f6\u00f6ki, teate, kui oluline on oma ruumi t\u00f5husalt hallata. See mugav seinale kinnitatav riiul pakub t\u00f5husat viisi t\u00e4iendava","og_url":"https:\/\/adexa.ee\/toode\/torudega-seinariiul-roostevaba-teras-1500x320x140mm-adexa-whrt150\/","og_site_name":"Adexa \u2013 Suurk\u00f6\u00f6giseadmed restoranidele ja toitlustusele","article_modified_time":"2026-03-26T08:25:31+00:00","og_image":[{"width":1432,"height":1432,"url":"https:\/\/adexa.ee\/wp-content\/uploads\/2025\/05\/WHRT-hang.jpg","type":"image\/jpeg"}],"twitter_card":"summary_large_image","schema":{"@context":"https:\/\/schema.org","@graph":[{"@type":"WebPage","@id":"https:\/\/adexa.ee\/toode\/torudega-seinariiul-roostevaba-teras-1500x320x140mm-adexa-whrt150\/","url":"https:\/\/adexa.ee\/toode\/torudega-seinariiul-roostevaba-teras-1500x320x140mm-adexa-whrt150\/","name":"Torudega seinariiul roostevaba teras 1500x320x140mm | Adexa WHRT150 - Adexa \u2013 Suurk\u00f6\u00f6giseadmed restoranidele ja toitlustusele","isPartOf":{"@id":"https:\/\/adexa.ee\/#website"},"primaryImageOfPage":{"@id":"https:\/\/adexa.ee\/toode\/torudega-seinariiul-roostevaba-teras-1500x320x140mm-adexa-whrt150\/#primaryimage"},"image":{"@id":"https:\/\/adexa.ee\/toode\/torudega-seinariiul-roostevaba-teras-1500x320x140mm-adexa-whrt150\/#primaryimage"},"thumbnailUrl":"https:\/\/adexa.ee\/wp-content\/uploads\/2025\/05\/WHRT-hang.jpg","datePublished":"2026-03-26T08:25:27+00:00","dateModified":"2026-03-26T08:25:31+00:00","breadcrumb":{"@id":"https:\/\/adexa.ee\/toode\/torudega-seinariiul-roostevaba-teras-1500x320x140mm-adexa-whrt150\/#breadcrumb"},"inLanguage":"en-US","potentialAction":[{"@type":"ReadAction","target":["https:\/\/adexa.ee\/toode\/torudega-seinariiul-roostevaba-teras-1500x320x140mm-adexa-whrt150\/"]}]},{"@type":"ImageObject","inLanguage":"en-US","@id":"https:\/\/adexa.ee\/toode\/torudega-seinariiul-roostevaba-teras-1500x320x140mm-adexa-whrt150\/#primaryimage","url":"https:\/\/adexa.ee\/wp-content\/uploads\/2025\/05\/WHRT-hang.jpg","contentUrl":"https:\/\/adexa.ee\/wp-content\/uploads\/2025\/05\/WHRT-hang.jpg","width":1432,"height":1432},{"@type":"BreadcrumbList","@id":"https:\/\/adexa.ee\/toode\/torudega-seinariiul-roostevaba-teras-1500x320x140mm-adexa-whrt150\/#breadcrumb","itemListElement":[{"@type":"ListItem","position":1,"name":"Home","item":"https:\/\/adexa.ee\/"},{"@type":"ListItem","position":2,"name":"Tooted","item":"https:\/\/adexa.ee\/pood\/"},{"@type":"ListItem","position":3,"name":"Torudega seinariiul roostevaba teras 1500x320x140mm | Adexa WHRT150"}]},{"@type":"WebSite","@id":"https:\/\/adexa.ee\/#website","url":"https:\/\/adexa.ee\/","name":"Adexa","description":"","publisher":{"@id":"https:\/\/adexa.ee\/#organization"},"potentialAction":[{"@type":"SearchAction","target":{"@type":"EntryPoint","urlTemplate":"https:\/\/adexa.ee\/?s={search_term_string}"},"query-input":{"@type":"PropertyValueSpecification","valueRequired":true,"valueName":"search_term_string"}}],"inLanguage":"en-US"},{"@type":"Organization","@id":"https:\/\/adexa.ee\/#organization","name":"Adexa","url":"https:\/\/adexa.ee\/","logo":{"@type":"ImageObject","inLanguage":"en-US","@id":"https:\/\/adexa.ee\/#\/schema\/logo\/image\/","url":"https:\/\/adexa.ee\/wp-content\/uploads\/2024\/04\/chef-cooks-working-in-professional-kitchen-2023-11-27-05-07-39-utc-scaled.jpg","contentUrl":"https:\/\/adexa.ee\/wp-content\/uploads\/2024\/04\/chef-cooks-working-in-professional-kitchen-2023-11-27-05-07-39-utc-scaled.jpg","width":2560,"height":1708,"caption":"Adexa"},"image":{"@id":"https:\/\/adexa.ee\/#\/schema\/logo\/image\/"}}]}},"_links":{"self":[{"href":"https:\/\/adexa.ee\/en\/wp-json\/wp\/v2\/product\/14883","targetHints":{"allow":["GET"]}}],"collection":[{"href":"https:\/\/adexa.ee\/en\/wp-json\/wp\/v2\/product"}],"about":[{"href":"https:\/\/adexa.ee\/en\/wp-json\/wp\/v2\/types\/product"}],"wp:featuredmedia":[{"embeddable":true,"href":"https:\/\/adexa.ee\/en\/wp-json\/wp\/v2\/media\/32847"}],"wp:attachment":[{"href":"https:\/\/adexa.ee\/en\/wp-json\/wp\/v2\/media?parent=14883"}],"wp:term":[{"taxonomy":"product_brand","embeddable":true,"href":"https:\/\/adexa.ee\/en\/wp-json\/wp\/v2\/product_brand?post=14883"},{"taxonomy":"product_cat","embeddable":true,"href":"https:\/\/adexa.ee\/en\/wp-json\/wp\/v2\/product_cat?post=14883"},{"taxonomy":"product_tag","embeddable":true,"href":"https:\/\/adexa.ee\/en\/wp-json\/wp\/v2\/product_tag?post=14883"}],"curies":[{"name":"wp","href":"https:\/\/api.w.org\/{rel}","templated":true}]}}