{"id":14899,"date":"2026-03-26T10:25:27","date_gmt":"2026-03-26T08:25:27","guid":{"rendered":"https:\/\/adexa.ee\/toode\/mittelibisev-serveerimiskandik-klaaskiud-ristkulikukujuline-15x20-must-adexa-whf1520\/"},"modified":"2026-03-26T10:25:32","modified_gmt":"2026-03-26T08:25:32","slug":"mittelibisev-serveerimiskandik-klaaskiud-ristkulikukujuline-15x20-must-adexa-whf1520","status":"publish","type":"product","link":"https:\/\/adexa.ee\/en\/toode\/mittelibisev-serveerimiskandik-klaaskiud-ristkulikukujuline-15x20-must-adexa-whf1520\/","title":{"rendered":"Mittelibisev serveerimiskandik Klaaskiud Ristk\u00fclikukujuline 15&#215;20&#8243; Must | Adexa WHF1520"},"content":{"rendered":"<p>Ideaalne kohvikutesse, buffeelaudadele ja iseteeninduseks, see must mittelibisev klaaskiust serveerimiskandik on t\u00e4iuslik kombinatsioon mitmek\u00fclgsusest ja vastupidavusest! Sellel on paks klaaskiududega tugevdatud purunemiskindel konstruktsioon, mis on piisavalt tugev, et taluda igap\u00e4evast kasutamist suure liiklusega aladel. Lisaks annab kummist mittelibisev pind teie ettekandjatele meelerahu ning kerge konstruktsioon on ideaalne, kui tuleb navigeerida rahvarohkes restoranis, mille tellimus sisaldab jooke ja toitu. Sellel kandikul on t\u00f5stetud tugevdatud servad erakordse tugevuse ja kaitse tagamiseks, muutes selle ideaalseks suure k\u00e4ibega kaubandusasutustes. Samuti on seda lihtne p\u00e4rast kasutamist puhastada ning sellel on virnastamise nupud, mis soodustavad \u00f5huringlust kiireks kuivamiseks ja lihtsaks ladustamiseks, olgu see siis k\u00f6\u00f6gis v\u00f5i baaris.<\/p>\n<table style=\"border-collapse: collapse; width: 100%; text-align: left;\">\n<tbody>\n<tr>\n<td style=\"border: 1px solid #ddd; padding: 8px; width: 45%;\"><strong>Materjal<\/strong><\/td>\n<td style=\"border: 1px solid #ddd; padding: 8px;\">Fiiberklaas<\/td>\n<\/tr>\n<tr>\n<td style=\"border: 1px solid #ddd; padding: 8px; width: 45%;\"><strong>V\u00e4rv<\/strong><\/td>\n<td style=\"border: 1px solid #ddd; padding: 8px;\">Must<\/td>\n<\/tr>\n<tr>\n<td style=\"border: 1px solid #ddd; padding: 8px; width: 45%;\"><strong>M\u00f5\u00f5tmed<\/strong><\/td>\n<td style=\"border: 1px solid #ddd; padding: 8px;\">15&#215;20&#8243; \/ 380&#215;500 mm<\/td>\n<\/tr>\n<\/tbody>\n<\/table>\n","protected":false},"excerpt":{"rendered":"<p>Ideaalne kohvikutesse, buffeelaudadele ja iseteeninduseks, see must mittelibisev klaaskiust serveerimiskandik on t\u00e4iuslik kombinatsioon mitmek\u00fclgsusest ja vastupidavusest! Sellel on paks klaaskiududega<\/p>\n","protected":false},"featured_media":14901,"template":"","meta":[],"product_brand":[],"product_cat":[614,587,579,586],"product_tag":[],"class_list":{"0":"post-14899","1":"product","2":"type-product","3":"status-publish","4":"has-post-thumbnail","6":"product_cat-baaritarvikud","7":"product_cat-kandikud-ja-serveerimisalused","8":"product_cat-koogitarbed-noud","9":"product_cat-serveerimine","11":"first","12":"instock","13":"sale","14":"taxable","15":"shipping-taxable","16":"purchasable","17":"product-type-simple"},"yoast_head":"<!-- This site is optimized with the Yoast SEO plugin v27.3 - https:\/\/yoast.com\/product\/yoast-seo-wordpress\/ -->\n<title>Mittelibisev serveerimiskandik Klaaskiud Ristk\u00fclikukujuline 15x20&quot; Must | Adexa WHF1520 - Adexa \u2013 Suurk\u00f6\u00f6giseadmed restoranidele ja toitlustusele<\/title>\n<meta name=\"robots\" content=\"index, follow, max-snippet:-1, max-image-preview:large, max-video-preview:-1\" \/>\n<link rel=\"canonical\" href=\"https:\/\/adexa.ee\/toode\/mittelibisev-serveerimiskandik-klaaskiud-ristkulikukujuline-15x20-must-adexa-whf1520\/\" \/>\n<meta property=\"og:locale\" content=\"en_US\" \/>\n<meta property=\"og:type\" content=\"article\" \/>\n<meta property=\"og:title\" content=\"Mittelibisev serveerimiskandik Klaaskiud Ristk\u00fclikukujuline 15x20&quot; Must | Adexa WHF1520 - Adexa \u2013 Suurk\u00f6\u00f6giseadmed restoranidele ja toitlustusele\" \/>\n<meta property=\"og:description\" content=\"Ideaalne kohvikutesse, buffeelaudadele ja iseteeninduseks, see must mittelibisev klaaskiust serveerimiskandik on t\u00e4iuslik kombinatsioon mitmek\u00fclgsusest ja vastupidavusest! Sellel on paks klaaskiududega\" \/>\n<meta property=\"og:url\" content=\"https:\/\/adexa.ee\/toode\/mittelibisev-serveerimiskandik-klaaskiud-ristkulikukujuline-15x20-must-adexa-whf1520\/\" \/>\n<meta property=\"og:site_name\" content=\"Adexa \u2013 Suurk\u00f6\u00f6giseadmed restoranidele ja toitlustusele\" \/>\n<meta property=\"article:modified_time\" content=\"2026-03-26T08:25:32+00:00\" \/>\n<meta property=\"og:image\" content=\"https:\/\/adexa.ee\/wp-content\/uploads\/2024\/12\/WHF-rect.jpg\" \/>\n\t<meta property=\"og:image:width\" content=\"1200\" \/>\n\t<meta property=\"og:image:height\" content=\"1200\" \/>\n\t<meta property=\"og:image:type\" content=\"image\/jpeg\" \/>\n<meta name=\"twitter:card\" content=\"summary_large_image\" \/>\n<meta name=\"twitter:label1\" content=\"Est. reading time\" \/>\n\t<meta name=\"twitter:data1\" content=\"1 minute\" \/>\n<script type=\"application\/ld+json\" class=\"yoast-schema-graph\">{\"@context\":\"https:\\\/\\\/schema.org\",\"@graph\":[{\"@type\":\"WebPage\",\"@id\":\"https:\\\/\\\/adexa.ee\\\/toode\\\/mittelibisev-serveerimiskandik-klaaskiud-ristkulikukujuline-15x20-must-adexa-whf1520\\\/\",\"url\":\"https:\\\/\\\/adexa.ee\\\/toode\\\/mittelibisev-serveerimiskandik-klaaskiud-ristkulikukujuline-15x20-must-adexa-whf1520\\\/\",\"name\":\"Mittelibisev serveerimiskandik Klaaskiud Ristk\u00fclikukujuline 15x20\\\" Must | Adexa WHF1520 - Adexa \u2013 Suurk\u00f6\u00f6giseadmed restoranidele ja toitlustusele\",\"isPartOf\":{\"@id\":\"https:\\\/\\\/adexa.ee\\\/#website\"},\"primaryImageOfPage\":{\"@id\":\"https:\\\/\\\/adexa.ee\\\/toode\\\/mittelibisev-serveerimiskandik-klaaskiud-ristkulikukujuline-15x20-must-adexa-whf1520\\\/#primaryimage\"},\"image\":{\"@id\":\"https:\\\/\\\/adexa.ee\\\/toode\\\/mittelibisev-serveerimiskandik-klaaskiud-ristkulikukujuline-15x20-must-adexa-whf1520\\\/#primaryimage\"},\"thumbnailUrl\":\"https:\\\/\\\/adexa.ee\\\/wp-content\\\/uploads\\\/2024\\\/12\\\/WHF-rect.jpg\",\"datePublished\":\"2026-03-26T08:25:27+00:00\",\"dateModified\":\"2026-03-26T08:25:32+00:00\",\"breadcrumb\":{\"@id\":\"https:\\\/\\\/adexa.ee\\\/toode\\\/mittelibisev-serveerimiskandik-klaaskiud-ristkulikukujuline-15x20-must-adexa-whf1520\\\/#breadcrumb\"},\"inLanguage\":\"en-US\",\"potentialAction\":[{\"@type\":\"ReadAction\",\"target\":[\"https:\\\/\\\/adexa.ee\\\/toode\\\/mittelibisev-serveerimiskandik-klaaskiud-ristkulikukujuline-15x20-must-adexa-whf1520\\\/\"]}]},{\"@type\":\"ImageObject\",\"inLanguage\":\"en-US\",\"@id\":\"https:\\\/\\\/adexa.ee\\\/toode\\\/mittelibisev-serveerimiskandik-klaaskiud-ristkulikukujuline-15x20-must-adexa-whf1520\\\/#primaryimage\",\"url\":\"https:\\\/\\\/adexa.ee\\\/wp-content\\\/uploads\\\/2024\\\/12\\\/WHF-rect.jpg\",\"contentUrl\":\"https:\\\/\\\/adexa.ee\\\/wp-content\\\/uploads\\\/2024\\\/12\\\/WHF-rect.jpg\",\"width\":1200,\"height\":1200},{\"@type\":\"BreadcrumbList\",\"@id\":\"https:\\\/\\\/adexa.ee\\\/toode\\\/mittelibisev-serveerimiskandik-klaaskiud-ristkulikukujuline-15x20-must-adexa-whf1520\\\/#breadcrumb\",\"itemListElement\":[{\"@type\":\"ListItem\",\"position\":1,\"name\":\"Home\",\"item\":\"https:\\\/\\\/adexa.ee\\\/\"},{\"@type\":\"ListItem\",\"position\":2,\"name\":\"Tooted\",\"item\":\"https:\\\/\\\/adexa.ee\\\/pood\\\/\"},{\"@type\":\"ListItem\",\"position\":3,\"name\":\"Mittelibisev serveerimiskandik Klaaskiud Ristk\u00fclikukujuline 15&#215;20&#8243; Must | Adexa WHF1520\"}]},{\"@type\":\"WebSite\",\"@id\":\"https:\\\/\\\/adexa.ee\\\/#website\",\"url\":\"https:\\\/\\\/adexa.ee\\\/\",\"name\":\"Adexa\",\"description\":\"\",\"publisher\":{\"@id\":\"https:\\\/\\\/adexa.ee\\\/#organization\"},\"potentialAction\":[{\"@type\":\"SearchAction\",\"target\":{\"@type\":\"EntryPoint\",\"urlTemplate\":\"https:\\\/\\\/adexa.ee\\\/?s={search_term_string}\"},\"query-input\":{\"@type\":\"PropertyValueSpecification\",\"valueRequired\":true,\"valueName\":\"search_term_string\"}}],\"inLanguage\":\"en-US\"},{\"@type\":\"Organization\",\"@id\":\"https:\\\/\\\/adexa.ee\\\/#organization\",\"name\":\"Adexa\",\"url\":\"https:\\\/\\\/adexa.ee\\\/\",\"logo\":{\"@type\":\"ImageObject\",\"inLanguage\":\"en-US\",\"@id\":\"https:\\\/\\\/adexa.ee\\\/#\\\/schema\\\/logo\\\/image\\\/\",\"url\":\"https:\\\/\\\/adexa.ee\\\/wp-content\\\/uploads\\\/2024\\\/04\\\/chef-cooks-working-in-professional-kitchen-2023-11-27-05-07-39-utc-scaled.jpg\",\"contentUrl\":\"https:\\\/\\\/adexa.ee\\\/wp-content\\\/uploads\\\/2024\\\/04\\\/chef-cooks-working-in-professional-kitchen-2023-11-27-05-07-39-utc-scaled.jpg\",\"width\":2560,\"height\":1708,\"caption\":\"Adexa\"},\"image\":{\"@id\":\"https:\\\/\\\/adexa.ee\\\/#\\\/schema\\\/logo\\\/image\\\/\"}}]}<\/script>\n<!-- \/ Yoast SEO plugin. -->","yoast_head_json":{"title":"Mittelibisev serveerimiskandik Klaaskiud Ristk\u00fclikukujuline 15x20\" Must | Adexa WHF1520 - Adexa \u2013 Suurk\u00f6\u00f6giseadmed restoranidele ja toitlustusele","robots":{"index":"index","follow":"follow","max-snippet":"max-snippet:-1","max-image-preview":"max-image-preview:large","max-video-preview":"max-video-preview:-1"},"canonical":"https:\/\/adexa.ee\/toode\/mittelibisev-serveerimiskandik-klaaskiud-ristkulikukujuline-15x20-must-adexa-whf1520\/","og_locale":"en_US","og_type":"article","og_title":"Mittelibisev serveerimiskandik Klaaskiud Ristk\u00fclikukujuline 15x20\" Must | Adexa WHF1520 - Adexa \u2013 Suurk\u00f6\u00f6giseadmed restoranidele ja toitlustusele","og_description":"Ideaalne kohvikutesse, buffeelaudadele ja iseteeninduseks, see must mittelibisev klaaskiust serveerimiskandik on t\u00e4iuslik kombinatsioon mitmek\u00fclgsusest ja vastupidavusest! Sellel on paks klaaskiududega","og_url":"https:\/\/adexa.ee\/toode\/mittelibisev-serveerimiskandik-klaaskiud-ristkulikukujuline-15x20-must-adexa-whf1520\/","og_site_name":"Adexa \u2013 Suurk\u00f6\u00f6giseadmed restoranidele ja toitlustusele","article_modified_time":"2026-03-26T08:25:32+00:00","og_image":[{"width":1200,"height":1200,"url":"https:\/\/adexa.ee\/wp-content\/uploads\/2024\/12\/WHF-rect.jpg","type":"image\/jpeg"}],"twitter_card":"summary_large_image","twitter_misc":{"Est. reading time":"1 minute"},"schema":{"@context":"https:\/\/schema.org","@graph":[{"@type":"WebPage","@id":"https:\/\/adexa.ee\/toode\/mittelibisev-serveerimiskandik-klaaskiud-ristkulikukujuline-15x20-must-adexa-whf1520\/","url":"https:\/\/adexa.ee\/toode\/mittelibisev-serveerimiskandik-klaaskiud-ristkulikukujuline-15x20-must-adexa-whf1520\/","name":"Mittelibisev serveerimiskandik Klaaskiud Ristk\u00fclikukujuline 15x20\" Must | Adexa WHF1520 - Adexa \u2013 Suurk\u00f6\u00f6giseadmed restoranidele ja toitlustusele","isPartOf":{"@id":"https:\/\/adexa.ee\/#website"},"primaryImageOfPage":{"@id":"https:\/\/adexa.ee\/toode\/mittelibisev-serveerimiskandik-klaaskiud-ristkulikukujuline-15x20-must-adexa-whf1520\/#primaryimage"},"image":{"@id":"https:\/\/adexa.ee\/toode\/mittelibisev-serveerimiskandik-klaaskiud-ristkulikukujuline-15x20-must-adexa-whf1520\/#primaryimage"},"thumbnailUrl":"https:\/\/adexa.ee\/wp-content\/uploads\/2024\/12\/WHF-rect.jpg","datePublished":"2026-03-26T08:25:27+00:00","dateModified":"2026-03-26T08:25:32+00:00","breadcrumb":{"@id":"https:\/\/adexa.ee\/toode\/mittelibisev-serveerimiskandik-klaaskiud-ristkulikukujuline-15x20-must-adexa-whf1520\/#breadcrumb"},"inLanguage":"en-US","potentialAction":[{"@type":"ReadAction","target":["https:\/\/adexa.ee\/toode\/mittelibisev-serveerimiskandik-klaaskiud-ristkulikukujuline-15x20-must-adexa-whf1520\/"]}]},{"@type":"ImageObject","inLanguage":"en-US","@id":"https:\/\/adexa.ee\/toode\/mittelibisev-serveerimiskandik-klaaskiud-ristkulikukujuline-15x20-must-adexa-whf1520\/#primaryimage","url":"https:\/\/adexa.ee\/wp-content\/uploads\/2024\/12\/WHF-rect.jpg","contentUrl":"https:\/\/adexa.ee\/wp-content\/uploads\/2024\/12\/WHF-rect.jpg","width":1200,"height":1200},{"@type":"BreadcrumbList","@id":"https:\/\/adexa.ee\/toode\/mittelibisev-serveerimiskandik-klaaskiud-ristkulikukujuline-15x20-must-adexa-whf1520\/#breadcrumb","itemListElement":[{"@type":"ListItem","position":1,"name":"Home","item":"https:\/\/adexa.ee\/"},{"@type":"ListItem","position":2,"name":"Tooted","item":"https:\/\/adexa.ee\/pood\/"},{"@type":"ListItem","position":3,"name":"Mittelibisev serveerimiskandik Klaaskiud Ristk\u00fclikukujuline 15&#215;20&#8243; Must | Adexa WHF1520"}]},{"@type":"WebSite","@id":"https:\/\/adexa.ee\/#website","url":"https:\/\/adexa.ee\/","name":"Adexa","description":"","publisher":{"@id":"https:\/\/adexa.ee\/#organization"},"potentialAction":[{"@type":"SearchAction","target":{"@type":"EntryPoint","urlTemplate":"https:\/\/adexa.ee\/?s={search_term_string}"},"query-input":{"@type":"PropertyValueSpecification","valueRequired":true,"valueName":"search_term_string"}}],"inLanguage":"en-US"},{"@type":"Organization","@id":"https:\/\/adexa.ee\/#organization","name":"Adexa","url":"https:\/\/adexa.ee\/","logo":{"@type":"ImageObject","inLanguage":"en-US","@id":"https:\/\/adexa.ee\/#\/schema\/logo\/image\/","url":"https:\/\/adexa.ee\/wp-content\/uploads\/2024\/04\/chef-cooks-working-in-professional-kitchen-2023-11-27-05-07-39-utc-scaled.jpg","contentUrl":"https:\/\/adexa.ee\/wp-content\/uploads\/2024\/04\/chef-cooks-working-in-professional-kitchen-2023-11-27-05-07-39-utc-scaled.jpg","width":2560,"height":1708,"caption":"Adexa"},"image":{"@id":"https:\/\/adexa.ee\/#\/schema\/logo\/image\/"}}]}},"_links":{"self":[{"href":"https:\/\/adexa.ee\/en\/wp-json\/wp\/v2\/product\/14899","targetHints":{"allow":["GET"]}}],"collection":[{"href":"https:\/\/adexa.ee\/en\/wp-json\/wp\/v2\/product"}],"about":[{"href":"https:\/\/adexa.ee\/en\/wp-json\/wp\/v2\/types\/product"}],"wp:featuredmedia":[{"embeddable":true,"href":"https:\/\/adexa.ee\/en\/wp-json\/wp\/v2\/media\/14901"}],"wp:attachment":[{"href":"https:\/\/adexa.ee\/en\/wp-json\/wp\/v2\/media?parent=14899"}],"wp:term":[{"taxonomy":"product_brand","embeddable":true,"href":"https:\/\/adexa.ee\/en\/wp-json\/wp\/v2\/product_brand?post=14899"},{"taxonomy":"product_cat","embeddable":true,"href":"https:\/\/adexa.ee\/en\/wp-json\/wp\/v2\/product_cat?post=14899"},{"taxonomy":"product_tag","embeddable":true,"href":"https:\/\/adexa.ee\/en\/wp-json\/wp\/v2\/product_tag?post=14899"}],"curies":[{"name":"wp","href":"https:\/\/api.w.org\/{rel}","templated":true}]}}