{"id":14918,"date":"2026-03-26T10:25:34","date_gmt":"2026-03-26T08:25:34","guid":{"rendered":"https:\/\/adexa.ee\/?post_type=product&#038;p=14918"},"modified":"2026-03-26T10:25:35","modified_gmt":"2026-03-26T08:25:35","slug":"elektriline-bain-marie-kapiga-2xgn1-1-2xgn1-3-6kw-900mm-sugavus-adexa-heb909a","status":"publish","type":"product","link":"https:\/\/adexa.ee\/en\/toode\/elektriline-bain-marie-kapiga-2xgn1-1-2xgn1-3-6kw-900mm-sugavus-adexa-heb909a\/","title":{"rendered":"Elektriline  Bain Marie Kapiga 2Xgn1\/1 + 2Xgn1\/3 6Kw 900Mm S\u00fcgavus | Adexa Heb909A"},"content":{"rendered":"<p>See professionaalne iseseisev bain marie kapialusega on ideaalne toitlustusseade, et hoida suurtes kogustes toitu soojana, valmis serveerimiseks v\u00f5i taldrikule panemiseks. Disainitud tagama usaldusv\u00e4\u00e4rset ja \u00fchtlast kuumust. 900mm s\u00fcgavusega mahub see elektriline bain marie sujuvalt moodulk\u00f6\u00f6giseeriasse. 800x900x920mm Mahutavus: 2xGN1\/1 + 2xGN1\/3 kuni 150mm s\u00fcgavus 6000W &#8211; 380V\/50HZ +30c kuni +110c Roostevaba terasest konstruktsioon GN-pannid kaasas Dokumendid Kl\u00f5psake siin, et alla laadida kasutusjuhend Palun vaadake &#8216;Spetsifikatsioonide&#8217; alt \u00fcksikasjalikku teavet.<\/p>\n<table style=\"border-collapse: collapse; width: 100%; text-align: left;\">\n<tbody>\n<tr>\n<td style=\"border: 1px solid #ddd; padding: 8px; width: 45%;\"><strong>S\u00fcgavus<\/strong><\/td>\n<td style=\"border: 1px solid #ddd; padding: 8px;\">900 mm<\/td>\n<\/tr>\n<tr>\n<td style=\"border: 1px solid #ddd; padding: 8px; width: 45%;\"><strong>K\u00f5rgus<\/strong><\/td>\n<td style=\"border: 1px solid #ddd; padding: 8px;\">920 mm<\/td>\n<\/tr>\n<tr>\n<td style=\"border: 1px solid #ddd; padding: 8px; width: 45%;\"><strong>Laius<\/strong><\/td>\n<td style=\"border: 1px solid #ddd; padding: 8px;\">800 mm<\/td>\n<\/tr>\n<tr>\n<td style=\"border: 1px solid #ddd; padding: 8px; width: 45%;\"><strong>Kaal<\/strong><\/td>\n<td style=\"border: 1px solid #ddd; padding: 8px;\">55 kg<\/td>\n<\/tr>\n<tr>\n<td style=\"border: 1px solid #ddd; padding: 8px; width: 45%;\"><strong>Garantii<\/strong><\/td>\n<td style=\"border: 1px solid #ddd; padding: 8px;\">12 kuu varuosade garantii<\/td>\n<\/tr>\n<tr>\n<td style=\"border: 1px solid #ddd; padding: 8px; width: 45%;\"><strong>T\u00fc\u00fcp<\/strong><\/td>\n<td style=\"border: 1px solid #ddd; padding: 8px;\">P\u00f5randalseisev<\/td>\n<\/tr>\n<tr>\n<td style=\"border: 1px solid #ddd; padding: 8px; width: 45%;\"><strong>Mahutavus<\/strong><\/td>\n<td style=\"border: 1px solid #ddd; padding: 8px;\">2 x GN1\/1 + 2 x GN1\/3<\/td>\n<\/tr>\n<tr>\n<td style=\"border: 1px solid #ddd; padding: 8px; width: 45%;\"><strong>Toiteallikas<\/strong><\/td>\n<td style=\"border: 1px solid #ddd; padding: 8px;\">380V \/ 3 faasi<\/td>\n<\/tr>\n<tr>\n<td style=\"border: 1px solid #ddd; padding: 8px; width: 45%;\"><strong>Materjal<\/strong><\/td>\n<td style=\"border: 1px solid #ddd; padding: 8px;\">Roostevaba teras<\/td>\n<\/tr>\n<tr>\n<td style=\"border: 1px solid #ddd; padding: 8px; width: 45%;\"><strong>Temperatuur<\/strong><\/td>\n<td style=\"border: 1px solid #ddd; padding: 8px;\">+30 kuni +110\u00b0C<\/td>\n<\/tr>\n<\/tbody>\n<\/table>\n","protected":false},"excerpt":{"rendered":"<p>See professionaalne iseseisev bain marie kapialusega on ideaalne toitlustusseade, et hoida suurtes kogustes toitu soojana, valmis serveerimiseks v\u00f5i taldrikule panemiseks.<\/p>\n","protected":false},"featured_media":14920,"template":"","meta":[],"product_brand":[],"product_cat":[740,705,557,588,704,594,558],"product_tag":[],"class_list":{"0":"post-14918","1":"product","2":"type-product","3":"status-publish","4":"has-post-thumbnail","6":"product_cat-900-mm-sugavused","7":"product_cat-bain-marie-ja-kuumanumad-seadmed","8":"product_cat-kupsetusseadmed","9":"product_cat-kuumseadmed","10":"product_cat-marmiidid","11":"product_cat-mitmekesine-toiduvalmistamine","12":"product_cat-toidu-soojendamine","14":"first","15":"instock","16":"sale","17":"taxable","18":"shipping-taxable","19":"purchasable","20":"product-type-simple"},"yoast_head":"<!-- This site is optimized with the Yoast SEO plugin v27.3 - https:\/\/yoast.com\/product\/yoast-seo-wordpress\/ -->\n<title>Elektriline Bain Marie Kapiga 2Xgn1\/1 + 2Xgn1\/3 6Kw 900Mm S\u00fcgavus | Adexa Heb909A - Adexa \u2013 Suurk\u00f6\u00f6giseadmed restoranidele ja toitlustusele<\/title>\n<meta name=\"robots\" content=\"index, follow, max-snippet:-1, max-image-preview:large, max-video-preview:-1\" \/>\n<link rel=\"canonical\" href=\"https:\/\/adexa.ee\/toode\/elektriline-bain-marie-kapiga-2xgn1-1-2xgn1-3-6kw-900mm-sugavus-adexa-heb909a\/\" \/>\n<meta property=\"og:locale\" content=\"en_US\" \/>\n<meta property=\"og:type\" content=\"article\" \/>\n<meta property=\"og:title\" content=\"Elektriline Bain Marie Kapiga 2Xgn1\/1 + 2Xgn1\/3 6Kw 900Mm S\u00fcgavus | Adexa Heb909A - Adexa \u2013 Suurk\u00f6\u00f6giseadmed restoranidele ja toitlustusele\" \/>\n<meta property=\"og:description\" content=\"See professionaalne iseseisev bain marie kapialusega on ideaalne toitlustusseade, et hoida suurtes kogustes toitu soojana, valmis serveerimiseks v\u00f5i taldrikule panemiseks.\" \/>\n<meta property=\"og:url\" content=\"https:\/\/adexa.ee\/toode\/elektriline-bain-marie-kapiga-2xgn1-1-2xgn1-3-6kw-900mm-sugavus-adexa-heb909a\/\" \/>\n<meta property=\"og:site_name\" content=\"Adexa \u2013 Suurk\u00f6\u00f6giseadmed restoranidele ja toitlustusele\" \/>\n<meta property=\"article:modified_time\" content=\"2026-03-26T08:25:35+00:00\" \/>\n<meta property=\"og:image\" content=\"https:\/\/adexa.ee\/wp-content\/uploads\/2024\/12\/HEB909A_1.jpg\" \/>\n\t<meta property=\"og:image:width\" content=\"2000\" \/>\n\t<meta property=\"og:image:height\" content=\"2000\" \/>\n\t<meta property=\"og:image:type\" content=\"image\/jpeg\" \/>\n<meta name=\"twitter:card\" content=\"summary_large_image\" \/>\n<meta name=\"twitter:label1\" content=\"Est. reading time\" \/>\n\t<meta name=\"twitter:data1\" content=\"1 minute\" \/>\n<script type=\"application\/ld+json\" class=\"yoast-schema-graph\">{\"@context\":\"https:\\\/\\\/schema.org\",\"@graph\":[{\"@type\":\"WebPage\",\"@id\":\"https:\\\/\\\/adexa.ee\\\/toode\\\/elektriline-bain-marie-kapiga-2xgn1-1-2xgn1-3-6kw-900mm-sugavus-adexa-heb909a\\\/\",\"url\":\"https:\\\/\\\/adexa.ee\\\/toode\\\/elektriline-bain-marie-kapiga-2xgn1-1-2xgn1-3-6kw-900mm-sugavus-adexa-heb909a\\\/\",\"name\":\"Elektriline Bain Marie Kapiga 2Xgn1\\\/1 + 2Xgn1\\\/3 6Kw 900Mm S\u00fcgavus | Adexa Heb909A - Adexa \u2013 Suurk\u00f6\u00f6giseadmed restoranidele ja toitlustusele\",\"isPartOf\":{\"@id\":\"https:\\\/\\\/adexa.ee\\\/#website\"},\"primaryImageOfPage\":{\"@id\":\"https:\\\/\\\/adexa.ee\\\/toode\\\/elektriline-bain-marie-kapiga-2xgn1-1-2xgn1-3-6kw-900mm-sugavus-adexa-heb909a\\\/#primaryimage\"},\"image\":{\"@id\":\"https:\\\/\\\/adexa.ee\\\/toode\\\/elektriline-bain-marie-kapiga-2xgn1-1-2xgn1-3-6kw-900mm-sugavus-adexa-heb909a\\\/#primaryimage\"},\"thumbnailUrl\":\"https:\\\/\\\/adexa.ee\\\/wp-content\\\/uploads\\\/2024\\\/12\\\/HEB909A_1.jpg\",\"datePublished\":\"2026-03-26T08:25:34+00:00\",\"dateModified\":\"2026-03-26T08:25:35+00:00\",\"breadcrumb\":{\"@id\":\"https:\\\/\\\/adexa.ee\\\/toode\\\/elektriline-bain-marie-kapiga-2xgn1-1-2xgn1-3-6kw-900mm-sugavus-adexa-heb909a\\\/#breadcrumb\"},\"inLanguage\":\"en-US\",\"potentialAction\":[{\"@type\":\"ReadAction\",\"target\":[\"https:\\\/\\\/adexa.ee\\\/toode\\\/elektriline-bain-marie-kapiga-2xgn1-1-2xgn1-3-6kw-900mm-sugavus-adexa-heb909a\\\/\"]}]},{\"@type\":\"ImageObject\",\"inLanguage\":\"en-US\",\"@id\":\"https:\\\/\\\/adexa.ee\\\/toode\\\/elektriline-bain-marie-kapiga-2xgn1-1-2xgn1-3-6kw-900mm-sugavus-adexa-heb909a\\\/#primaryimage\",\"url\":\"https:\\\/\\\/adexa.ee\\\/wp-content\\\/uploads\\\/2024\\\/12\\\/HEB909A_1.jpg\",\"contentUrl\":\"https:\\\/\\\/adexa.ee\\\/wp-content\\\/uploads\\\/2024\\\/12\\\/HEB909A_1.jpg\",\"width\":2000,\"height\":2000},{\"@type\":\"BreadcrumbList\",\"@id\":\"https:\\\/\\\/adexa.ee\\\/toode\\\/elektriline-bain-marie-kapiga-2xgn1-1-2xgn1-3-6kw-900mm-sugavus-adexa-heb909a\\\/#breadcrumb\",\"itemListElement\":[{\"@type\":\"ListItem\",\"position\":1,\"name\":\"Home\",\"item\":\"https:\\\/\\\/adexa.ee\\\/\"},{\"@type\":\"ListItem\",\"position\":2,\"name\":\"Tooted\",\"item\":\"https:\\\/\\\/adexa.ee\\\/pood\\\/\"},{\"@type\":\"ListItem\",\"position\":3,\"name\":\"Elektriline Bain Marie Kapiga 2Xgn1\\\/1 + 2Xgn1\\\/3 6Kw 900Mm S\u00fcgavus | Adexa Heb909A\"}]},{\"@type\":\"WebSite\",\"@id\":\"https:\\\/\\\/adexa.ee\\\/#website\",\"url\":\"https:\\\/\\\/adexa.ee\\\/\",\"name\":\"Adexa\",\"description\":\"\",\"publisher\":{\"@id\":\"https:\\\/\\\/adexa.ee\\\/#organization\"},\"potentialAction\":[{\"@type\":\"SearchAction\",\"target\":{\"@type\":\"EntryPoint\",\"urlTemplate\":\"https:\\\/\\\/adexa.ee\\\/?s={search_term_string}\"},\"query-input\":{\"@type\":\"PropertyValueSpecification\",\"valueRequired\":true,\"valueName\":\"search_term_string\"}}],\"inLanguage\":\"en-US\"},{\"@type\":\"Organization\",\"@id\":\"https:\\\/\\\/adexa.ee\\\/#organization\",\"name\":\"Adexa\",\"url\":\"https:\\\/\\\/adexa.ee\\\/\",\"logo\":{\"@type\":\"ImageObject\",\"inLanguage\":\"en-US\",\"@id\":\"https:\\\/\\\/adexa.ee\\\/#\\\/schema\\\/logo\\\/image\\\/\",\"url\":\"https:\\\/\\\/adexa.ee\\\/wp-content\\\/uploads\\\/2024\\\/04\\\/chef-cooks-working-in-professional-kitchen-2023-11-27-05-07-39-utc-scaled.jpg\",\"contentUrl\":\"https:\\\/\\\/adexa.ee\\\/wp-content\\\/uploads\\\/2024\\\/04\\\/chef-cooks-working-in-professional-kitchen-2023-11-27-05-07-39-utc-scaled.jpg\",\"width\":2560,\"height\":1708,\"caption\":\"Adexa\"},\"image\":{\"@id\":\"https:\\\/\\\/adexa.ee\\\/#\\\/schema\\\/logo\\\/image\\\/\"}}]}<\/script>\n<!-- \/ Yoast SEO plugin. -->","yoast_head_json":{"title":"Elektriline Bain Marie Kapiga 2Xgn1\/1 + 2Xgn1\/3 6Kw 900Mm S\u00fcgavus | Adexa Heb909A - Adexa \u2013 Suurk\u00f6\u00f6giseadmed restoranidele ja toitlustusele","robots":{"index":"index","follow":"follow","max-snippet":"max-snippet:-1","max-image-preview":"max-image-preview:large","max-video-preview":"max-video-preview:-1"},"canonical":"https:\/\/adexa.ee\/toode\/elektriline-bain-marie-kapiga-2xgn1-1-2xgn1-3-6kw-900mm-sugavus-adexa-heb909a\/","og_locale":"en_US","og_type":"article","og_title":"Elektriline Bain Marie Kapiga 2Xgn1\/1 + 2Xgn1\/3 6Kw 900Mm S\u00fcgavus | Adexa Heb909A - Adexa \u2013 Suurk\u00f6\u00f6giseadmed restoranidele ja toitlustusele","og_description":"See professionaalne iseseisev bain marie kapialusega on ideaalne toitlustusseade, et hoida suurtes kogustes toitu soojana, valmis serveerimiseks v\u00f5i taldrikule panemiseks.","og_url":"https:\/\/adexa.ee\/toode\/elektriline-bain-marie-kapiga-2xgn1-1-2xgn1-3-6kw-900mm-sugavus-adexa-heb909a\/","og_site_name":"Adexa \u2013 Suurk\u00f6\u00f6giseadmed restoranidele ja toitlustusele","article_modified_time":"2026-03-26T08:25:35+00:00","og_image":[{"width":2000,"height":2000,"url":"https:\/\/adexa.ee\/wp-content\/uploads\/2024\/12\/HEB909A_1.jpg","type":"image\/jpeg"}],"twitter_card":"summary_large_image","twitter_misc":{"Est. reading time":"1 minute"},"schema":{"@context":"https:\/\/schema.org","@graph":[{"@type":"WebPage","@id":"https:\/\/adexa.ee\/toode\/elektriline-bain-marie-kapiga-2xgn1-1-2xgn1-3-6kw-900mm-sugavus-adexa-heb909a\/","url":"https:\/\/adexa.ee\/toode\/elektriline-bain-marie-kapiga-2xgn1-1-2xgn1-3-6kw-900mm-sugavus-adexa-heb909a\/","name":"Elektriline Bain Marie Kapiga 2Xgn1\/1 + 2Xgn1\/3 6Kw 900Mm S\u00fcgavus | Adexa Heb909A - Adexa \u2013 Suurk\u00f6\u00f6giseadmed restoranidele ja toitlustusele","isPartOf":{"@id":"https:\/\/adexa.ee\/#website"},"primaryImageOfPage":{"@id":"https:\/\/adexa.ee\/toode\/elektriline-bain-marie-kapiga-2xgn1-1-2xgn1-3-6kw-900mm-sugavus-adexa-heb909a\/#primaryimage"},"image":{"@id":"https:\/\/adexa.ee\/toode\/elektriline-bain-marie-kapiga-2xgn1-1-2xgn1-3-6kw-900mm-sugavus-adexa-heb909a\/#primaryimage"},"thumbnailUrl":"https:\/\/adexa.ee\/wp-content\/uploads\/2024\/12\/HEB909A_1.jpg","datePublished":"2026-03-26T08:25:34+00:00","dateModified":"2026-03-26T08:25:35+00:00","breadcrumb":{"@id":"https:\/\/adexa.ee\/toode\/elektriline-bain-marie-kapiga-2xgn1-1-2xgn1-3-6kw-900mm-sugavus-adexa-heb909a\/#breadcrumb"},"inLanguage":"en-US","potentialAction":[{"@type":"ReadAction","target":["https:\/\/adexa.ee\/toode\/elektriline-bain-marie-kapiga-2xgn1-1-2xgn1-3-6kw-900mm-sugavus-adexa-heb909a\/"]}]},{"@type":"ImageObject","inLanguage":"en-US","@id":"https:\/\/adexa.ee\/toode\/elektriline-bain-marie-kapiga-2xgn1-1-2xgn1-3-6kw-900mm-sugavus-adexa-heb909a\/#primaryimage","url":"https:\/\/adexa.ee\/wp-content\/uploads\/2024\/12\/HEB909A_1.jpg","contentUrl":"https:\/\/adexa.ee\/wp-content\/uploads\/2024\/12\/HEB909A_1.jpg","width":2000,"height":2000},{"@type":"BreadcrumbList","@id":"https:\/\/adexa.ee\/toode\/elektriline-bain-marie-kapiga-2xgn1-1-2xgn1-3-6kw-900mm-sugavus-adexa-heb909a\/#breadcrumb","itemListElement":[{"@type":"ListItem","position":1,"name":"Home","item":"https:\/\/adexa.ee\/"},{"@type":"ListItem","position":2,"name":"Tooted","item":"https:\/\/adexa.ee\/pood\/"},{"@type":"ListItem","position":3,"name":"Elektriline Bain Marie Kapiga 2Xgn1\/1 + 2Xgn1\/3 6Kw 900Mm S\u00fcgavus | Adexa Heb909A"}]},{"@type":"WebSite","@id":"https:\/\/adexa.ee\/#website","url":"https:\/\/adexa.ee\/","name":"Adexa","description":"","publisher":{"@id":"https:\/\/adexa.ee\/#organization"},"potentialAction":[{"@type":"SearchAction","target":{"@type":"EntryPoint","urlTemplate":"https:\/\/adexa.ee\/?s={search_term_string}"},"query-input":{"@type":"PropertyValueSpecification","valueRequired":true,"valueName":"search_term_string"}}],"inLanguage":"en-US"},{"@type":"Organization","@id":"https:\/\/adexa.ee\/#organization","name":"Adexa","url":"https:\/\/adexa.ee\/","logo":{"@type":"ImageObject","inLanguage":"en-US","@id":"https:\/\/adexa.ee\/#\/schema\/logo\/image\/","url":"https:\/\/adexa.ee\/wp-content\/uploads\/2024\/04\/chef-cooks-working-in-professional-kitchen-2023-11-27-05-07-39-utc-scaled.jpg","contentUrl":"https:\/\/adexa.ee\/wp-content\/uploads\/2024\/04\/chef-cooks-working-in-professional-kitchen-2023-11-27-05-07-39-utc-scaled.jpg","width":2560,"height":1708,"caption":"Adexa"},"image":{"@id":"https:\/\/adexa.ee\/#\/schema\/logo\/image\/"}}]}},"_links":{"self":[{"href":"https:\/\/adexa.ee\/en\/wp-json\/wp\/v2\/product\/14918","targetHints":{"allow":["GET"]}}],"collection":[{"href":"https:\/\/adexa.ee\/en\/wp-json\/wp\/v2\/product"}],"about":[{"href":"https:\/\/adexa.ee\/en\/wp-json\/wp\/v2\/types\/product"}],"wp:featuredmedia":[{"embeddable":true,"href":"https:\/\/adexa.ee\/en\/wp-json\/wp\/v2\/media\/14920"}],"wp:attachment":[{"href":"https:\/\/adexa.ee\/en\/wp-json\/wp\/v2\/media?parent=14918"}],"wp:term":[{"taxonomy":"product_brand","embeddable":true,"href":"https:\/\/adexa.ee\/en\/wp-json\/wp\/v2\/product_brand?post=14918"},{"taxonomy":"product_cat","embeddable":true,"href":"https:\/\/adexa.ee\/en\/wp-json\/wp\/v2\/product_cat?post=14918"},{"taxonomy":"product_tag","embeddable":true,"href":"https:\/\/adexa.ee\/en\/wp-json\/wp\/v2\/product_tag?post=14918"}],"curies":[{"name":"wp","href":"https:\/\/api.w.org\/{rel}","templated":true}]}}