{"id":14936,"date":"2026-03-26T10:25:34","date_gmt":"2026-03-26T08:25:34","guid":{"rendered":"https:\/\/adexa.ee\/toode\/kaubanduslik-toopinna-porandakapp-liugustega-roostevaba-teras-2000x600x850mm-tagaseraja-adexa-vtc206slb\/"},"modified":"2026-03-26T10:25:36","modified_gmt":"2026-03-26T08:25:36","slug":"toopind-porandakapp-liugustega-roostevaba-teras-2000x600x850mm-tagaserv-adexa-vtc206slb","status":"publish","type":"product","link":"https:\/\/adexa.ee\/en\/toode\/toopind-porandakapp-liugustega-roostevaba-teras-2000x600x850mm-tagaserv-adexa-vtc206slb\/","title":{"rendered":"T\u00f6\u00f6pind P\u00f5randakapp Liugustega Roostevaba Teras 2000X600X850Mm Tagaserv | Adexa Vtc206Slb"},"content":{"rendered":"<p>See roostevabast terasest kapp on ideaalne alternatiiv t\u00f6\u00f6laudadele teie restoranis v\u00f5i toitlustusettev\u00f5ttes. Valmistatud t\u00e4ielikult k\u00f5rgekvaliteedilisest roostevabast terasest. Raskekaaluline professionaalne k\u00f6\u00f6gialus\u00fcksus, mis talub h\u00f5ivatud k\u00f6\u00f6gi n\u00f5udmisi. Ideaalne s\u00f6\u00f6giriistade, k\u00f6\u00f6gitarvete v\u00f5i men\u00fc\u00fcde hoidmiseks. Tagaserva k\u00f5rgus 100mm. Kasulik lahtiste toiduainete, nagu riisi v\u00f5i jahu, s\u00e4ilitamiseks. Sellel kapil on lihtsasti libisevad uksed. Ruumi s\u00e4\u00e4stva 600mm s\u00fcgavusega. T\u00e4psema teabe saamiseks vaadake jaotist &#8220;Spetsifikatsioon&#8221;.<\/p>\n<table style=\"border-collapse: collapse; width: 100%; text-align: left;\">\n<tbody>\n<tr>\n<td style=\"border: 1px solid #ddd; padding: 8px; width: 45%;\"><strong>S\u00fcgavus<\/strong><\/td>\n<td style=\"border: 1px solid #ddd; padding: 8px;\">600 mm<\/td>\n<\/tr>\n<tr>\n<td style=\"border: 1px solid #ddd; padding: 8px; width: 45%;\"><strong>K\u00f5rgus<\/strong><\/td>\n<td style=\"border: 1px solid #ddd; padding: 8px;\">850 mm<\/td>\n<\/tr>\n<tr>\n<td style=\"border: 1px solid #ddd; padding: 8px; width: 45%;\"><strong>Laius<\/strong><\/td>\n<td style=\"border: 1px solid #ddd; padding: 8px;\">2000 mm<\/td>\n<\/tr>\n<tr>\n<td style=\"border: 1px solid #ddd; padding: 8px; width: 45%;\"><strong>Kaal<\/strong><\/td>\n<td style=\"border: 1px solid #ddd; padding: 8px;\">75 kg<\/td>\n<\/tr>\n<tr>\n<td style=\"border: 1px solid #ddd; padding: 8px; width: 45%;\"><strong>Garantii<\/strong><\/td>\n<td style=\"border: 1px solid #ddd; padding: 8px;\">12 kuu varuosade garantii<\/td>\n<\/tr>\n<tr>\n<td style=\"border: 1px solid #ddd; padding: 8px; width: 45%;\"><strong>Uksed<\/strong><\/td>\n<td style=\"border: 1px solid #ddd; padding: 8px;\">2 l\u00fckandust<\/td>\n<\/tr>\n<tr>\n<td style=\"border: 1px solid #ddd; padding: 8px; width: 45%;\"><strong>Materjal<\/strong><\/td>\n<td style=\"border: 1px solid #ddd; padding: 8px;\">Roostevaba teras<\/td>\n<\/tr>\n<\/tbody>\n<\/table>\n","protected":false},"excerpt":{"rendered":"<p>See roostevabast terasest kapp on ideaalne alternatiiv t\u00f6\u00f6laudadele teie restoranis v\u00f5i toitlustusettev\u00f5ttes. Valmistatud t\u00e4ielikult k\u00f5rgekvaliteedilisest roostevabast terasest. Raskekaaluline professionaalne k\u00f6\u00f6gialus\u00fcksus,<\/p>\n","protected":false},"featured_media":10002,"template":"","meta":[],"product_brand":[],"product_cat":[615,572,616],"product_tag":[],"class_list":{"0":"post-14936","1":"product","2":"type-product","3":"status-publish","4":"has-post-thumbnail","6":"product_cat-aluslaekapid","7":"product_cat-roostevabad-tooted","8":"product_cat-seinakinnitus-600-mm","10":"first","11":"instock","12":"sale","13":"taxable","14":"shipping-taxable","15":"purchasable","16":"product-type-simple"},"yoast_head":"<!-- This site is optimized with the Yoast SEO plugin v27.3 - https:\/\/yoast.com\/product\/yoast-seo-wordpress\/ -->\n<title>T\u00f6\u00f6pind P\u00f5randakapp Liugustega Roostevaba Teras 2000X600X850Mm Tagaserv | Adexa Vtc206Slb - Adexa \u2013 Suurk\u00f6\u00f6giseadmed restoranidele ja toitlustusele<\/title>\n<meta name=\"robots\" content=\"index, follow, max-snippet:-1, max-image-preview:large, max-video-preview:-1\" \/>\n<link rel=\"canonical\" href=\"https:\/\/adexa.ee\/toode\/toopind-porandakapp-liugustega-roostevaba-teras-2000x600x850mm-tagaserv-adexa-vtc206slb\/\" \/>\n<meta property=\"og:locale\" content=\"en_US\" \/>\n<meta property=\"og:type\" content=\"article\" \/>\n<meta property=\"og:title\" content=\"T\u00f6\u00f6pind P\u00f5randakapp Liugustega Roostevaba Teras 2000X600X850Mm Tagaserv | Adexa Vtc206Slb - Adexa \u2013 Suurk\u00f6\u00f6giseadmed restoranidele ja toitlustusele\" \/>\n<meta property=\"og:description\" content=\"See roostevabast terasest kapp on ideaalne alternatiiv t\u00f6\u00f6laudadele teie restoranis v\u00f5i toitlustusettev\u00f5ttes. Valmistatud t\u00e4ielikult k\u00f5rgekvaliteedilisest roostevabast terasest. Raskekaaluline professionaalne k\u00f6\u00f6gialus\u00fcksus,\" \/>\n<meta property=\"og:url\" content=\"https:\/\/adexa.ee\/toode\/toopind-porandakapp-liugustega-roostevaba-teras-2000x600x850mm-tagaserv-adexa-vtc206slb\/\" \/>\n<meta property=\"og:site_name\" content=\"Adexa \u2013 Suurk\u00f6\u00f6giseadmed restoranidele ja toitlustusele\" \/>\n<meta property=\"article:modified_time\" content=\"2026-03-26T08:25:36+00:00\" \/>\n<meta property=\"og:image\" content=\"https:\/\/adexa.ee\/wp-content\/uploads\/2024\/12\/VTC.jpg\" \/>\n\t<meta property=\"og:image:width\" content=\"2000\" \/>\n\t<meta property=\"og:image:height\" content=\"2000\" \/>\n\t<meta property=\"og:image:type\" content=\"image\/jpeg\" \/>\n<meta name=\"twitter:card\" content=\"summary_large_image\" \/>\n<script type=\"application\/ld+json\" class=\"yoast-schema-graph\">{\"@context\":\"https:\\\/\\\/schema.org\",\"@graph\":[{\"@type\":\"WebPage\",\"@id\":\"https:\\\/\\\/adexa.ee\\\/toode\\\/toopind-porandakapp-liugustega-roostevaba-teras-2000x600x850mm-tagaserv-adexa-vtc206slb\\\/\",\"url\":\"https:\\\/\\\/adexa.ee\\\/toode\\\/toopind-porandakapp-liugustega-roostevaba-teras-2000x600x850mm-tagaserv-adexa-vtc206slb\\\/\",\"name\":\"T\u00f6\u00f6pind P\u00f5randakapp Liugustega Roostevaba Teras 2000X600X850Mm Tagaserv | Adexa Vtc206Slb - Adexa \u2013 Suurk\u00f6\u00f6giseadmed restoranidele ja toitlustusele\",\"isPartOf\":{\"@id\":\"https:\\\/\\\/adexa.ee\\\/#website\"},\"primaryImageOfPage\":{\"@id\":\"https:\\\/\\\/adexa.ee\\\/toode\\\/toopind-porandakapp-liugustega-roostevaba-teras-2000x600x850mm-tagaserv-adexa-vtc206slb\\\/#primaryimage\"},\"image\":{\"@id\":\"https:\\\/\\\/adexa.ee\\\/toode\\\/toopind-porandakapp-liugustega-roostevaba-teras-2000x600x850mm-tagaserv-adexa-vtc206slb\\\/#primaryimage\"},\"thumbnailUrl\":\"https:\\\/\\\/adexa.ee\\\/wp-content\\\/uploads\\\/2024\\\/12\\\/VTC.jpg\",\"datePublished\":\"2026-03-26T08:25:34+00:00\",\"dateModified\":\"2026-03-26T08:25:36+00:00\",\"breadcrumb\":{\"@id\":\"https:\\\/\\\/adexa.ee\\\/toode\\\/toopind-porandakapp-liugustega-roostevaba-teras-2000x600x850mm-tagaserv-adexa-vtc206slb\\\/#breadcrumb\"},\"inLanguage\":\"en-US\",\"potentialAction\":[{\"@type\":\"ReadAction\",\"target\":[\"https:\\\/\\\/adexa.ee\\\/toode\\\/toopind-porandakapp-liugustega-roostevaba-teras-2000x600x850mm-tagaserv-adexa-vtc206slb\\\/\"]}]},{\"@type\":\"ImageObject\",\"inLanguage\":\"en-US\",\"@id\":\"https:\\\/\\\/adexa.ee\\\/toode\\\/toopind-porandakapp-liugustega-roostevaba-teras-2000x600x850mm-tagaserv-adexa-vtc206slb\\\/#primaryimage\",\"url\":\"https:\\\/\\\/adexa.ee\\\/wp-content\\\/uploads\\\/2024\\\/12\\\/VTC.jpg\",\"contentUrl\":\"https:\\\/\\\/adexa.ee\\\/wp-content\\\/uploads\\\/2024\\\/12\\\/VTC.jpg\",\"width\":2000,\"height\":2000},{\"@type\":\"BreadcrumbList\",\"@id\":\"https:\\\/\\\/adexa.ee\\\/toode\\\/toopind-porandakapp-liugustega-roostevaba-teras-2000x600x850mm-tagaserv-adexa-vtc206slb\\\/#breadcrumb\",\"itemListElement\":[{\"@type\":\"ListItem\",\"position\":1,\"name\":\"Home\",\"item\":\"https:\\\/\\\/adexa.ee\\\/\"},{\"@type\":\"ListItem\",\"position\":2,\"name\":\"Tooted\",\"item\":\"https:\\\/\\\/adexa.ee\\\/pood\\\/\"},{\"@type\":\"ListItem\",\"position\":3,\"name\":\"T\u00f6\u00f6pind P\u00f5randakapp Liugustega Roostevaba Teras 2000X600X850Mm Tagaserv | Adexa Vtc206Slb\"}]},{\"@type\":\"WebSite\",\"@id\":\"https:\\\/\\\/adexa.ee\\\/#website\",\"url\":\"https:\\\/\\\/adexa.ee\\\/\",\"name\":\"Adexa\",\"description\":\"\",\"publisher\":{\"@id\":\"https:\\\/\\\/adexa.ee\\\/#organization\"},\"potentialAction\":[{\"@type\":\"SearchAction\",\"target\":{\"@type\":\"EntryPoint\",\"urlTemplate\":\"https:\\\/\\\/adexa.ee\\\/?s={search_term_string}\"},\"query-input\":{\"@type\":\"PropertyValueSpecification\",\"valueRequired\":true,\"valueName\":\"search_term_string\"}}],\"inLanguage\":\"en-US\"},{\"@type\":\"Organization\",\"@id\":\"https:\\\/\\\/adexa.ee\\\/#organization\",\"name\":\"Adexa\",\"url\":\"https:\\\/\\\/adexa.ee\\\/\",\"logo\":{\"@type\":\"ImageObject\",\"inLanguage\":\"en-US\",\"@id\":\"https:\\\/\\\/adexa.ee\\\/#\\\/schema\\\/logo\\\/image\\\/\",\"url\":\"https:\\\/\\\/adexa.ee\\\/wp-content\\\/uploads\\\/2024\\\/04\\\/chef-cooks-working-in-professional-kitchen-2023-11-27-05-07-39-utc-scaled.jpg\",\"contentUrl\":\"https:\\\/\\\/adexa.ee\\\/wp-content\\\/uploads\\\/2024\\\/04\\\/chef-cooks-working-in-professional-kitchen-2023-11-27-05-07-39-utc-scaled.jpg\",\"width\":2560,\"height\":1708,\"caption\":\"Adexa\"},\"image\":{\"@id\":\"https:\\\/\\\/adexa.ee\\\/#\\\/schema\\\/logo\\\/image\\\/\"}}]}<\/script>\n<!-- \/ Yoast SEO plugin. -->","yoast_head_json":{"title":"T\u00f6\u00f6pind P\u00f5randakapp Liugustega Roostevaba Teras 2000X600X850Mm Tagaserv | Adexa Vtc206Slb - Adexa \u2013 Suurk\u00f6\u00f6giseadmed restoranidele ja toitlustusele","robots":{"index":"index","follow":"follow","max-snippet":"max-snippet:-1","max-image-preview":"max-image-preview:large","max-video-preview":"max-video-preview:-1"},"canonical":"https:\/\/adexa.ee\/toode\/toopind-porandakapp-liugustega-roostevaba-teras-2000x600x850mm-tagaserv-adexa-vtc206slb\/","og_locale":"en_US","og_type":"article","og_title":"T\u00f6\u00f6pind P\u00f5randakapp Liugustega Roostevaba Teras 2000X600X850Mm Tagaserv | Adexa Vtc206Slb - Adexa \u2013 Suurk\u00f6\u00f6giseadmed restoranidele ja toitlustusele","og_description":"See roostevabast terasest kapp on ideaalne alternatiiv t\u00f6\u00f6laudadele teie restoranis v\u00f5i toitlustusettev\u00f5ttes. Valmistatud t\u00e4ielikult k\u00f5rgekvaliteedilisest roostevabast terasest. Raskekaaluline professionaalne k\u00f6\u00f6gialus\u00fcksus,","og_url":"https:\/\/adexa.ee\/toode\/toopind-porandakapp-liugustega-roostevaba-teras-2000x600x850mm-tagaserv-adexa-vtc206slb\/","og_site_name":"Adexa \u2013 Suurk\u00f6\u00f6giseadmed restoranidele ja toitlustusele","article_modified_time":"2026-03-26T08:25:36+00:00","og_image":[{"width":2000,"height":2000,"url":"https:\/\/adexa.ee\/wp-content\/uploads\/2024\/12\/VTC.jpg","type":"image\/jpeg"}],"twitter_card":"summary_large_image","schema":{"@context":"https:\/\/schema.org","@graph":[{"@type":"WebPage","@id":"https:\/\/adexa.ee\/toode\/toopind-porandakapp-liugustega-roostevaba-teras-2000x600x850mm-tagaserv-adexa-vtc206slb\/","url":"https:\/\/adexa.ee\/toode\/toopind-porandakapp-liugustega-roostevaba-teras-2000x600x850mm-tagaserv-adexa-vtc206slb\/","name":"T\u00f6\u00f6pind P\u00f5randakapp Liugustega Roostevaba Teras 2000X600X850Mm Tagaserv | Adexa Vtc206Slb - Adexa \u2013 Suurk\u00f6\u00f6giseadmed restoranidele ja toitlustusele","isPartOf":{"@id":"https:\/\/adexa.ee\/#website"},"primaryImageOfPage":{"@id":"https:\/\/adexa.ee\/toode\/toopind-porandakapp-liugustega-roostevaba-teras-2000x600x850mm-tagaserv-adexa-vtc206slb\/#primaryimage"},"image":{"@id":"https:\/\/adexa.ee\/toode\/toopind-porandakapp-liugustega-roostevaba-teras-2000x600x850mm-tagaserv-adexa-vtc206slb\/#primaryimage"},"thumbnailUrl":"https:\/\/adexa.ee\/wp-content\/uploads\/2024\/12\/VTC.jpg","datePublished":"2026-03-26T08:25:34+00:00","dateModified":"2026-03-26T08:25:36+00:00","breadcrumb":{"@id":"https:\/\/adexa.ee\/toode\/toopind-porandakapp-liugustega-roostevaba-teras-2000x600x850mm-tagaserv-adexa-vtc206slb\/#breadcrumb"},"inLanguage":"en-US","potentialAction":[{"@type":"ReadAction","target":["https:\/\/adexa.ee\/toode\/toopind-porandakapp-liugustega-roostevaba-teras-2000x600x850mm-tagaserv-adexa-vtc206slb\/"]}]},{"@type":"ImageObject","inLanguage":"en-US","@id":"https:\/\/adexa.ee\/toode\/toopind-porandakapp-liugustega-roostevaba-teras-2000x600x850mm-tagaserv-adexa-vtc206slb\/#primaryimage","url":"https:\/\/adexa.ee\/wp-content\/uploads\/2024\/12\/VTC.jpg","contentUrl":"https:\/\/adexa.ee\/wp-content\/uploads\/2024\/12\/VTC.jpg","width":2000,"height":2000},{"@type":"BreadcrumbList","@id":"https:\/\/adexa.ee\/toode\/toopind-porandakapp-liugustega-roostevaba-teras-2000x600x850mm-tagaserv-adexa-vtc206slb\/#breadcrumb","itemListElement":[{"@type":"ListItem","position":1,"name":"Home","item":"https:\/\/adexa.ee\/"},{"@type":"ListItem","position":2,"name":"Tooted","item":"https:\/\/adexa.ee\/pood\/"},{"@type":"ListItem","position":3,"name":"T\u00f6\u00f6pind P\u00f5randakapp Liugustega Roostevaba Teras 2000X600X850Mm Tagaserv | Adexa Vtc206Slb"}]},{"@type":"WebSite","@id":"https:\/\/adexa.ee\/#website","url":"https:\/\/adexa.ee\/","name":"Adexa","description":"","publisher":{"@id":"https:\/\/adexa.ee\/#organization"},"potentialAction":[{"@type":"SearchAction","target":{"@type":"EntryPoint","urlTemplate":"https:\/\/adexa.ee\/?s={search_term_string}"},"query-input":{"@type":"PropertyValueSpecification","valueRequired":true,"valueName":"search_term_string"}}],"inLanguage":"en-US"},{"@type":"Organization","@id":"https:\/\/adexa.ee\/#organization","name":"Adexa","url":"https:\/\/adexa.ee\/","logo":{"@type":"ImageObject","inLanguage":"en-US","@id":"https:\/\/adexa.ee\/#\/schema\/logo\/image\/","url":"https:\/\/adexa.ee\/wp-content\/uploads\/2024\/04\/chef-cooks-working-in-professional-kitchen-2023-11-27-05-07-39-utc-scaled.jpg","contentUrl":"https:\/\/adexa.ee\/wp-content\/uploads\/2024\/04\/chef-cooks-working-in-professional-kitchen-2023-11-27-05-07-39-utc-scaled.jpg","width":2560,"height":1708,"caption":"Adexa"},"image":{"@id":"https:\/\/adexa.ee\/#\/schema\/logo\/image\/"}}]}},"_links":{"self":[{"href":"https:\/\/adexa.ee\/en\/wp-json\/wp\/v2\/product\/14936","targetHints":{"allow":["GET"]}}],"collection":[{"href":"https:\/\/adexa.ee\/en\/wp-json\/wp\/v2\/product"}],"about":[{"href":"https:\/\/adexa.ee\/en\/wp-json\/wp\/v2\/types\/product"}],"wp:featuredmedia":[{"embeddable":true,"href":"https:\/\/adexa.ee\/en\/wp-json\/wp\/v2\/media\/10002"}],"wp:attachment":[{"href":"https:\/\/adexa.ee\/en\/wp-json\/wp\/v2\/media?parent=14936"}],"wp:term":[{"taxonomy":"product_brand","embeddable":true,"href":"https:\/\/adexa.ee\/en\/wp-json\/wp\/v2\/product_brand?post=14936"},{"taxonomy":"product_cat","embeddable":true,"href":"https:\/\/adexa.ee\/en\/wp-json\/wp\/v2\/product_cat?post=14936"},{"taxonomy":"product_tag","embeddable":true,"href":"https:\/\/adexa.ee\/en\/wp-json\/wp\/v2\/product_tag?post=14936"}],"curies":[{"name":"wp","href":"https:\/\/api.w.org\/{rel}","templated":true}]}}