{"id":14969,"date":"2026-03-26T10:25:34","date_gmt":"2026-03-26T08:25:34","guid":{"rendered":"https:\/\/adexa.ee\/toode\/kommertsteeninduskaru-teeninduskaru-laadimiskaru-roostevaba-teras-5-tasandit-810x460x1250mm-adexa-rst5c\/"},"modified":"2026-03-26T10:25:39","modified_gmt":"2026-03-26T08:25:39","slug":"serveerimiskaru-roostevaba-teras-5-tasandit-810x460x1250mm-adexa-rst5c","status":"publish","type":"product","link":"https:\/\/adexa.ee\/en\/toode\/serveerimiskaru-roostevaba-teras-5-tasandit-810x460x1250mm-adexa-rst5c\/","title":{"rendered":"Serveerimisk\u00e4ru Roostevaba teras 5 tasandit 810x460x1250mm | Adexa RST5C"},"content":{"rendered":"<p>See viie tugeva kandikupinnaga teenindusk\u00e4ru sulandub sujuvalt igasse keskkonda. T\u00e4nu oma vastupidavale konstruktsioonile sobib see eriti h\u00e4sti kasutamiseks s\u00f6\u00f6klates, suures mastaabis toitlustusasutustes, restoranides, avalik-\u00f5iguslikes asutustes, kuid samuti ka erasektoris. Sellega muutub toitude v\u00f5i jookide serveerimine, laudade koristamine ja n\u00f5ude k\u00f6\u00f6ki toimetamine lihtsaks. See roostevabast terasest k\u00e4ru on erakordselt vastupidav ja lihtne puhastada. Valmistatud k\u00f5rgekvaliteedilisest roostevabast terasest. 5 tasandit \u00dcmara toruga k\u00e4epide optimaalse haarde jaoks Toimetatakse kohale osadena &#8211; lihtne ise kokku panna Palun vaadake \u00fcksikasjaliku teabe saamiseks jaotist &#8216;Spetsifikatsioon&#8217;.<\/p>\n<table style=\"border-collapse: collapse; width: 100%; text-align: left;\">\n<tbody>\n<tr>\n<td style=\"border: 1px solid #ddd; padding: 8px; width: 45%;\"><strong>S\u00fcgavus<\/strong><\/td>\n<td style=\"border: 1px solid #ddd; padding: 8px;\">460 mm<\/td>\n<\/tr>\n<tr>\n<td style=\"border: 1px solid #ddd; padding: 8px; width: 45%;\"><strong>K\u00f5rgus<\/strong><\/td>\n<td style=\"border: 1px solid #ddd; padding: 8px;\">1250 mm<\/td>\n<\/tr>\n<tr>\n<td style=\"border: 1px solid #ddd; padding: 8px; width: 45%;\"><strong>Laius<\/strong><\/td>\n<td style=\"border: 1px solid #ddd; padding: 8px;\">810 mm<\/td>\n<\/tr>\n<tr>\n<td style=\"border: 1px solid #ddd; padding: 8px; width: 45%;\"><strong>Kaal<\/strong><\/td>\n<td style=\"border: 1px solid #ddd; padding: 8px;\">14 kg<\/td>\n<\/tr>\n<tr>\n<td style=\"border: 1px solid #ddd; padding: 8px; width: 45%;\"><strong>Garantii<\/strong><\/td>\n<td style=\"border: 1px solid #ddd; padding: 8px;\">12 kuu varuosade garantii<\/td>\n<\/tr>\n<tr>\n<td style=\"border: 1px solid #ddd; padding: 8px; width: 45%;\"><strong>Mahutavus<\/strong><\/td>\n<td style=\"border: 1px solid #ddd; padding: 8px;\">150 kg<\/td>\n<\/tr>\n<tr>\n<td style=\"border: 1px solid #ddd; padding: 8px; width: 45%;\"><strong>Rullikud<\/strong><\/td>\n<td style=\"border: 1px solid #ddd; padding: 8px;\">Piduritega<\/td>\n<\/tr>\n<tr>\n<td style=\"border: 1px solid #ddd; padding: 8px; width: 45%;\"><strong>Materjal<\/strong><\/td>\n<td style=\"border: 1px solid #ddd; padding: 8px;\">Roostevaba teras<\/td>\n<\/tr>\n<\/tbody>\n<\/table>\n","protected":false},"excerpt":{"rendered":"<p>See viie tugeva kandikupinnaga teenindusk\u00e4ru sulandub sujuvalt igasse keskkonda. T\u00e4nu oma vastupidavale konstruktsioonile sobib see eriti h\u00e4sti kasutamiseks s\u00f6\u00f6klates, suures<\/p>\n","protected":false},"featured_media":14971,"template":"","meta":[],"product_brand":[],"product_cat":[623,665,561,572],"product_tag":[],"class_list":{"0":"post-14969","1":"product","2":"type-product","3":"status-publish","4":"has-post-thumbnail","6":"product_cat-karud","7":"product_cat-ladustamine-transport","8":"product_cat-moobel-ja-hoiustamine","9":"product_cat-roostevabad-tooted","11":"first","12":"instock","13":"sale","14":"taxable","15":"shipping-taxable","16":"purchasable","17":"product-type-simple"},"yoast_head":"<!-- This site is optimized with the Yoast SEO plugin v27.3 - https:\/\/yoast.com\/product\/yoast-seo-wordpress\/ -->\n<title>Serveerimisk\u00e4ru Roostevaba teras 5 tasandit 810x460x1250mm | Adexa RST5C - Adexa \u2013 Suurk\u00f6\u00f6giseadmed restoranidele ja toitlustusele<\/title>\n<meta name=\"robots\" content=\"index, follow, max-snippet:-1, max-image-preview:large, max-video-preview:-1\" \/>\n<link rel=\"canonical\" href=\"https:\/\/adexa.ee\/toode\/serveerimiskaru-roostevaba-teras-5-tasandit-810x460x1250mm-adexa-rst5c\/\" \/>\n<meta property=\"og:locale\" content=\"en_US\" \/>\n<meta property=\"og:type\" content=\"article\" \/>\n<meta property=\"og:title\" content=\"Serveerimisk\u00e4ru Roostevaba teras 5 tasandit 810x460x1250mm | Adexa RST5C - Adexa \u2013 Suurk\u00f6\u00f6giseadmed restoranidele ja toitlustusele\" \/>\n<meta property=\"og:description\" content=\"See viie tugeva kandikupinnaga teenindusk\u00e4ru sulandub sujuvalt igasse keskkonda. T\u00e4nu oma vastupidavale konstruktsioonile sobib see eriti h\u00e4sti kasutamiseks s\u00f6\u00f6klates, suures\" \/>\n<meta property=\"og:url\" content=\"https:\/\/adexa.ee\/toode\/serveerimiskaru-roostevaba-teras-5-tasandit-810x460x1250mm-adexa-rst5c\/\" \/>\n<meta property=\"og:site_name\" content=\"Adexa \u2013 Suurk\u00f6\u00f6giseadmed restoranidele ja toitlustusele\" \/>\n<meta property=\"article:modified_time\" content=\"2026-03-26T08:25:39+00:00\" \/>\n<meta property=\"og:image\" content=\"https:\/\/adexa.ee\/wp-content\/uploads\/2024\/12\/RST5.jpg\" \/>\n\t<meta property=\"og:image:width\" content=\"1200\" \/>\n\t<meta property=\"og:image:height\" content=\"1200\" \/>\n\t<meta property=\"og:image:type\" content=\"image\/jpeg\" \/>\n<meta name=\"twitter:card\" content=\"summary_large_image\" \/>\n<meta name=\"twitter:label1\" content=\"Est. reading time\" \/>\n\t<meta name=\"twitter:data1\" content=\"1 minute\" \/>\n<script type=\"application\/ld+json\" class=\"yoast-schema-graph\">{\"@context\":\"https:\\\/\\\/schema.org\",\"@graph\":[{\"@type\":\"WebPage\",\"@id\":\"https:\\\/\\\/adexa.ee\\\/toode\\\/serveerimiskaru-roostevaba-teras-5-tasandit-810x460x1250mm-adexa-rst5c\\\/\",\"url\":\"https:\\\/\\\/adexa.ee\\\/toode\\\/serveerimiskaru-roostevaba-teras-5-tasandit-810x460x1250mm-adexa-rst5c\\\/\",\"name\":\"Serveerimisk\u00e4ru Roostevaba teras 5 tasandit 810x460x1250mm | Adexa RST5C - Adexa \u2013 Suurk\u00f6\u00f6giseadmed restoranidele ja toitlustusele\",\"isPartOf\":{\"@id\":\"https:\\\/\\\/adexa.ee\\\/#website\"},\"primaryImageOfPage\":{\"@id\":\"https:\\\/\\\/adexa.ee\\\/toode\\\/serveerimiskaru-roostevaba-teras-5-tasandit-810x460x1250mm-adexa-rst5c\\\/#primaryimage\"},\"image\":{\"@id\":\"https:\\\/\\\/adexa.ee\\\/toode\\\/serveerimiskaru-roostevaba-teras-5-tasandit-810x460x1250mm-adexa-rst5c\\\/#primaryimage\"},\"thumbnailUrl\":\"https:\\\/\\\/adexa.ee\\\/wp-content\\\/uploads\\\/2024\\\/12\\\/RST5.jpg\",\"datePublished\":\"2026-03-26T08:25:34+00:00\",\"dateModified\":\"2026-03-26T08:25:39+00:00\",\"breadcrumb\":{\"@id\":\"https:\\\/\\\/adexa.ee\\\/toode\\\/serveerimiskaru-roostevaba-teras-5-tasandit-810x460x1250mm-adexa-rst5c\\\/#breadcrumb\"},\"inLanguage\":\"en-US\",\"potentialAction\":[{\"@type\":\"ReadAction\",\"target\":[\"https:\\\/\\\/adexa.ee\\\/toode\\\/serveerimiskaru-roostevaba-teras-5-tasandit-810x460x1250mm-adexa-rst5c\\\/\"]}]},{\"@type\":\"ImageObject\",\"inLanguage\":\"en-US\",\"@id\":\"https:\\\/\\\/adexa.ee\\\/toode\\\/serveerimiskaru-roostevaba-teras-5-tasandit-810x460x1250mm-adexa-rst5c\\\/#primaryimage\",\"url\":\"https:\\\/\\\/adexa.ee\\\/wp-content\\\/uploads\\\/2024\\\/12\\\/RST5.jpg\",\"contentUrl\":\"https:\\\/\\\/adexa.ee\\\/wp-content\\\/uploads\\\/2024\\\/12\\\/RST5.jpg\",\"width\":1200,\"height\":1200},{\"@type\":\"BreadcrumbList\",\"@id\":\"https:\\\/\\\/adexa.ee\\\/toode\\\/serveerimiskaru-roostevaba-teras-5-tasandit-810x460x1250mm-adexa-rst5c\\\/#breadcrumb\",\"itemListElement\":[{\"@type\":\"ListItem\",\"position\":1,\"name\":\"Home\",\"item\":\"https:\\\/\\\/adexa.ee\\\/\"},{\"@type\":\"ListItem\",\"position\":2,\"name\":\"Tooted\",\"item\":\"https:\\\/\\\/adexa.ee\\\/pood\\\/\"},{\"@type\":\"ListItem\",\"position\":3,\"name\":\"Serveerimisk\u00e4ru Roostevaba teras 5 tasandit 810x460x1250mm | Adexa RST5C\"}]},{\"@type\":\"WebSite\",\"@id\":\"https:\\\/\\\/adexa.ee\\\/#website\",\"url\":\"https:\\\/\\\/adexa.ee\\\/\",\"name\":\"Adexa\",\"description\":\"\",\"publisher\":{\"@id\":\"https:\\\/\\\/adexa.ee\\\/#organization\"},\"potentialAction\":[{\"@type\":\"SearchAction\",\"target\":{\"@type\":\"EntryPoint\",\"urlTemplate\":\"https:\\\/\\\/adexa.ee\\\/?s={search_term_string}\"},\"query-input\":{\"@type\":\"PropertyValueSpecification\",\"valueRequired\":true,\"valueName\":\"search_term_string\"}}],\"inLanguage\":\"en-US\"},{\"@type\":\"Organization\",\"@id\":\"https:\\\/\\\/adexa.ee\\\/#organization\",\"name\":\"Adexa\",\"url\":\"https:\\\/\\\/adexa.ee\\\/\",\"logo\":{\"@type\":\"ImageObject\",\"inLanguage\":\"en-US\",\"@id\":\"https:\\\/\\\/adexa.ee\\\/#\\\/schema\\\/logo\\\/image\\\/\",\"url\":\"https:\\\/\\\/adexa.ee\\\/wp-content\\\/uploads\\\/2024\\\/04\\\/chef-cooks-working-in-professional-kitchen-2023-11-27-05-07-39-utc-scaled.jpg\",\"contentUrl\":\"https:\\\/\\\/adexa.ee\\\/wp-content\\\/uploads\\\/2024\\\/04\\\/chef-cooks-working-in-professional-kitchen-2023-11-27-05-07-39-utc-scaled.jpg\",\"width\":2560,\"height\":1708,\"caption\":\"Adexa\"},\"image\":{\"@id\":\"https:\\\/\\\/adexa.ee\\\/#\\\/schema\\\/logo\\\/image\\\/\"}}]}<\/script>\n<!-- \/ Yoast SEO plugin. -->","yoast_head_json":{"title":"Serveerimisk\u00e4ru Roostevaba teras 5 tasandit 810x460x1250mm | Adexa RST5C - Adexa \u2013 Suurk\u00f6\u00f6giseadmed restoranidele ja toitlustusele","robots":{"index":"index","follow":"follow","max-snippet":"max-snippet:-1","max-image-preview":"max-image-preview:large","max-video-preview":"max-video-preview:-1"},"canonical":"https:\/\/adexa.ee\/toode\/serveerimiskaru-roostevaba-teras-5-tasandit-810x460x1250mm-adexa-rst5c\/","og_locale":"en_US","og_type":"article","og_title":"Serveerimisk\u00e4ru Roostevaba teras 5 tasandit 810x460x1250mm | Adexa RST5C - Adexa \u2013 Suurk\u00f6\u00f6giseadmed restoranidele ja toitlustusele","og_description":"See viie tugeva kandikupinnaga teenindusk\u00e4ru sulandub sujuvalt igasse keskkonda. T\u00e4nu oma vastupidavale konstruktsioonile sobib see eriti h\u00e4sti kasutamiseks s\u00f6\u00f6klates, suures","og_url":"https:\/\/adexa.ee\/toode\/serveerimiskaru-roostevaba-teras-5-tasandit-810x460x1250mm-adexa-rst5c\/","og_site_name":"Adexa \u2013 Suurk\u00f6\u00f6giseadmed restoranidele ja toitlustusele","article_modified_time":"2026-03-26T08:25:39+00:00","og_image":[{"width":1200,"height":1200,"url":"https:\/\/adexa.ee\/wp-content\/uploads\/2024\/12\/RST5.jpg","type":"image\/jpeg"}],"twitter_card":"summary_large_image","twitter_misc":{"Est. reading time":"1 minute"},"schema":{"@context":"https:\/\/schema.org","@graph":[{"@type":"WebPage","@id":"https:\/\/adexa.ee\/toode\/serveerimiskaru-roostevaba-teras-5-tasandit-810x460x1250mm-adexa-rst5c\/","url":"https:\/\/adexa.ee\/toode\/serveerimiskaru-roostevaba-teras-5-tasandit-810x460x1250mm-adexa-rst5c\/","name":"Serveerimisk\u00e4ru Roostevaba teras 5 tasandit 810x460x1250mm | Adexa RST5C - Adexa \u2013 Suurk\u00f6\u00f6giseadmed restoranidele ja toitlustusele","isPartOf":{"@id":"https:\/\/adexa.ee\/#website"},"primaryImageOfPage":{"@id":"https:\/\/adexa.ee\/toode\/serveerimiskaru-roostevaba-teras-5-tasandit-810x460x1250mm-adexa-rst5c\/#primaryimage"},"image":{"@id":"https:\/\/adexa.ee\/toode\/serveerimiskaru-roostevaba-teras-5-tasandit-810x460x1250mm-adexa-rst5c\/#primaryimage"},"thumbnailUrl":"https:\/\/adexa.ee\/wp-content\/uploads\/2024\/12\/RST5.jpg","datePublished":"2026-03-26T08:25:34+00:00","dateModified":"2026-03-26T08:25:39+00:00","breadcrumb":{"@id":"https:\/\/adexa.ee\/toode\/serveerimiskaru-roostevaba-teras-5-tasandit-810x460x1250mm-adexa-rst5c\/#breadcrumb"},"inLanguage":"en-US","potentialAction":[{"@type":"ReadAction","target":["https:\/\/adexa.ee\/toode\/serveerimiskaru-roostevaba-teras-5-tasandit-810x460x1250mm-adexa-rst5c\/"]}]},{"@type":"ImageObject","inLanguage":"en-US","@id":"https:\/\/adexa.ee\/toode\/serveerimiskaru-roostevaba-teras-5-tasandit-810x460x1250mm-adexa-rst5c\/#primaryimage","url":"https:\/\/adexa.ee\/wp-content\/uploads\/2024\/12\/RST5.jpg","contentUrl":"https:\/\/adexa.ee\/wp-content\/uploads\/2024\/12\/RST5.jpg","width":1200,"height":1200},{"@type":"BreadcrumbList","@id":"https:\/\/adexa.ee\/toode\/serveerimiskaru-roostevaba-teras-5-tasandit-810x460x1250mm-adexa-rst5c\/#breadcrumb","itemListElement":[{"@type":"ListItem","position":1,"name":"Home","item":"https:\/\/adexa.ee\/"},{"@type":"ListItem","position":2,"name":"Tooted","item":"https:\/\/adexa.ee\/pood\/"},{"@type":"ListItem","position":3,"name":"Serveerimisk\u00e4ru Roostevaba teras 5 tasandit 810x460x1250mm | Adexa RST5C"}]},{"@type":"WebSite","@id":"https:\/\/adexa.ee\/#website","url":"https:\/\/adexa.ee\/","name":"Adexa","description":"","publisher":{"@id":"https:\/\/adexa.ee\/#organization"},"potentialAction":[{"@type":"SearchAction","target":{"@type":"EntryPoint","urlTemplate":"https:\/\/adexa.ee\/?s={search_term_string}"},"query-input":{"@type":"PropertyValueSpecification","valueRequired":true,"valueName":"search_term_string"}}],"inLanguage":"en-US"},{"@type":"Organization","@id":"https:\/\/adexa.ee\/#organization","name":"Adexa","url":"https:\/\/adexa.ee\/","logo":{"@type":"ImageObject","inLanguage":"en-US","@id":"https:\/\/adexa.ee\/#\/schema\/logo\/image\/","url":"https:\/\/adexa.ee\/wp-content\/uploads\/2024\/04\/chef-cooks-working-in-professional-kitchen-2023-11-27-05-07-39-utc-scaled.jpg","contentUrl":"https:\/\/adexa.ee\/wp-content\/uploads\/2024\/04\/chef-cooks-working-in-professional-kitchen-2023-11-27-05-07-39-utc-scaled.jpg","width":2560,"height":1708,"caption":"Adexa"},"image":{"@id":"https:\/\/adexa.ee\/#\/schema\/logo\/image\/"}}]}},"_links":{"self":[{"href":"https:\/\/adexa.ee\/en\/wp-json\/wp\/v2\/product\/14969","targetHints":{"allow":["GET"]}}],"collection":[{"href":"https:\/\/adexa.ee\/en\/wp-json\/wp\/v2\/product"}],"about":[{"href":"https:\/\/adexa.ee\/en\/wp-json\/wp\/v2\/types\/product"}],"wp:featuredmedia":[{"embeddable":true,"href":"https:\/\/adexa.ee\/en\/wp-json\/wp\/v2\/media\/14971"}],"wp:attachment":[{"href":"https:\/\/adexa.ee\/en\/wp-json\/wp\/v2\/media?parent=14969"}],"wp:term":[{"taxonomy":"product_brand","embeddable":true,"href":"https:\/\/adexa.ee\/en\/wp-json\/wp\/v2\/product_brand?post=14969"},{"taxonomy":"product_cat","embeddable":true,"href":"https:\/\/adexa.ee\/en\/wp-json\/wp\/v2\/product_cat?post=14969"},{"taxonomy":"product_tag","embeddable":true,"href":"https:\/\/adexa.ee\/en\/wp-json\/wp\/v2\/product_tag?post=14969"}],"curies":[{"name":"wp","href":"https:\/\/api.w.org\/{rel}","templated":true}]}}