{"id":15047,"date":"2026-03-26T10:25:40","date_gmt":"2026-03-26T08:25:40","guid":{"rendered":"https:\/\/adexa.ee\/toode\/rise-fall-kupliga-soojenduslamp-must-adexa-a65121402\/"},"modified":"2026-03-26T10:25:46","modified_gmt":"2026-03-26T08:25:46","slug":"rise-fall-kupliga-soojenduslamp-must-adexa-a65121402","status":"publish","type":"product","link":"https:\/\/adexa.ee\/en\/toode\/rise-fall-kupliga-soojenduslamp-must-adexa-a65121402\/","title":{"rendered":"Rise &#038; Fall kupliga soojenduslamp must | Adexa A65121402"},"content":{"rendered":"<p>See musta v\u00e4rvi laest kinnitatav kommertskasutuseks m\u00f5eldud soojenduslamp t\u00f5mmatava juhtmega on usaldusv\u00e4\u00e4rne ja stiilne lahendus toidu soojana hoidmiseks. Ideaalne kasutamiseks jagamisalal v\u00f5i iseteeninduslikel buffetialadel, lampi saab h\u00f5lpsasti reguleerida, et toit oleks atraktiivne ja s\u00e4ilitaks ideaalse serveerimistemperatuuri. L\u00e4bim\u00f5\u00f5t: 290 mm Juhtme ulatus: 600 kuni 1500 mm Lambiv\u00f5imsus: 250W<\/p>\n<table style=\"border-collapse: collapse; width: 100%; text-align: left;\">\n<tbody>\n<tr>\n<td style=\"border: 1px solid #ddd; padding: 8px; width: 45%;\"><strong>K\u00f5rgus<\/strong><\/td>\n<td style=\"border: 1px solid #ddd; padding: 8px;\">600 kuni 1500 mm<\/td>\n<\/tr>\n<tr>\n<td style=\"border: 1px solid #ddd; padding: 8px; width: 45%;\"><strong>Kaal<\/strong><\/td>\n<td style=\"border: 1px solid #ddd; padding: 8px;\">2 kg<\/td>\n<\/tr>\n<tr>\n<td style=\"border: 1px solid #ddd; padding: 8px; width: 45%;\"><strong>Garantii<\/strong><\/td>\n<td style=\"border: 1px solid #ddd; padding: 8px;\">12 kuu varuosade garantii<\/td>\n<\/tr>\n<tr>\n<td style=\"border: 1px solid #ddd; padding: 8px; width: 45%;\"><strong>Toiteallikas<\/strong><\/td>\n<td style=\"border: 1px solid #ddd; padding: 8px;\">230V \/ 1 faas<\/td>\n<\/tr>\n<tr>\n<td style=\"border: 1px solid #ddd; padding: 8px; width: 45%;\"><strong>V\u00e4rv<\/strong><\/td>\n<td style=\"border: 1px solid #ddd; padding: 8px;\">Must<\/td>\n<\/tr>\n<tr>\n<td style=\"border: 1px solid #ddd; padding: 8px; width: 45%;\"><strong>L\u00e4bim\u00f5\u00f5t<\/strong><\/td>\n<td style=\"border: 1px solid #ddd; padding: 8px;\">290 mm<\/td>\n<\/tr>\n<\/tbody>\n<\/table>\n","protected":false},"excerpt":{"rendered":"<p>See musta v\u00e4rvi laest kinnitatav kommertskasutuseks m\u00f5eldud soojenduslamp t\u00f5mmatava juhtmega on usaldusv\u00e4\u00e4rne ja stiilne lahendus toidu soojana hoidmiseks. Ideaalne kasutamiseks<\/p>\n","protected":false},"featured_media":15049,"template":"","meta":[],"product_brand":[],"product_cat":[560,557,671,586,559,558],"product_tag":[],"class_list":{"0":"post-15047","1":"product","2":"type-product","3":"status-publish","4":"has-post-thumbnail","6":"product_cat-bufee-toidusoojendajad","7":"product_cat-kupsetusseadmed","8":"product_cat-muud-toidu-soojendusvahendid","9":"product_cat-serveerimine","10":"product_cat-soojuslambid-ja-soojusribad","11":"product_cat-toidu-soojendamine","13":"first","14":"instock","15":"sale","16":"taxable","17":"shipping-taxable","18":"purchasable","19":"product-type-simple"},"yoast_head":"<!-- This site is optimized with the Yoast SEO plugin v27.3 - https:\/\/yoast.com\/product\/yoast-seo-wordpress\/ -->\n<title>Rise &amp; Fall kupliga soojenduslamp must | Adexa A65121402 - Adexa \u2013 Suurk\u00f6\u00f6giseadmed restoranidele ja toitlustusele<\/title>\n<meta name=\"robots\" content=\"index, follow, max-snippet:-1, max-image-preview:large, max-video-preview:-1\" \/>\n<link rel=\"canonical\" href=\"https:\/\/adexa.ee\/toode\/rise-fall-kupliga-soojenduslamp-must-adexa-a65121402\/\" \/>\n<meta property=\"og:locale\" content=\"en_US\" \/>\n<meta property=\"og:type\" content=\"article\" \/>\n<meta property=\"og:title\" content=\"Rise &amp; Fall kupliga soojenduslamp must | Adexa A65121402 - Adexa \u2013 Suurk\u00f6\u00f6giseadmed restoranidele ja toitlustusele\" \/>\n<meta property=\"og:description\" content=\"See musta v\u00e4rvi laest kinnitatav kommertskasutuseks m\u00f5eldud soojenduslamp t\u00f5mmatava juhtmega on usaldusv\u00e4\u00e4rne ja stiilne lahendus toidu soojana hoidmiseks. Ideaalne kasutamiseks\" \/>\n<meta property=\"og:url\" content=\"https:\/\/adexa.ee\/toode\/rise-fall-kupliga-soojenduslamp-must-adexa-a65121402\/\" \/>\n<meta property=\"og:site_name\" content=\"Adexa \u2013 Suurk\u00f6\u00f6giseadmed restoranidele ja toitlustusele\" \/>\n<meta property=\"article:modified_time\" content=\"2026-03-26T08:25:46+00:00\" \/>\n<meta property=\"og:image\" content=\"https:\/\/adexa.ee\/wp-content\/uploads\/2024\/12\/A65121402N.jpg\" \/>\n\t<meta property=\"og:image:width\" content=\"892\" \/>\n\t<meta property=\"og:image:height\" content=\"892\" \/>\n\t<meta property=\"og:image:type\" content=\"image\/jpeg\" \/>\n<meta name=\"twitter:card\" content=\"summary_large_image\" \/>\n<script type=\"application\/ld+json\" class=\"yoast-schema-graph\">{\"@context\":\"https:\\\/\\\/schema.org\",\"@graph\":[{\"@type\":\"WebPage\",\"@id\":\"https:\\\/\\\/adexa.ee\\\/toode\\\/rise-fall-kupliga-soojenduslamp-must-adexa-a65121402\\\/\",\"url\":\"https:\\\/\\\/adexa.ee\\\/toode\\\/rise-fall-kupliga-soojenduslamp-must-adexa-a65121402\\\/\",\"name\":\"Rise & Fall kupliga soojenduslamp must | Adexa A65121402 - Adexa \u2013 Suurk\u00f6\u00f6giseadmed restoranidele ja toitlustusele\",\"isPartOf\":{\"@id\":\"https:\\\/\\\/adexa.ee\\\/#website\"},\"primaryImageOfPage\":{\"@id\":\"https:\\\/\\\/adexa.ee\\\/toode\\\/rise-fall-kupliga-soojenduslamp-must-adexa-a65121402\\\/#primaryimage\"},\"image\":{\"@id\":\"https:\\\/\\\/adexa.ee\\\/toode\\\/rise-fall-kupliga-soojenduslamp-must-adexa-a65121402\\\/#primaryimage\"},\"thumbnailUrl\":\"https:\\\/\\\/adexa.ee\\\/wp-content\\\/uploads\\\/2024\\\/12\\\/A65121402N.jpg\",\"datePublished\":\"2026-03-26T08:25:40+00:00\",\"dateModified\":\"2026-03-26T08:25:46+00:00\",\"breadcrumb\":{\"@id\":\"https:\\\/\\\/adexa.ee\\\/toode\\\/rise-fall-kupliga-soojenduslamp-must-adexa-a65121402\\\/#breadcrumb\"},\"inLanguage\":\"en-US\",\"potentialAction\":[{\"@type\":\"ReadAction\",\"target\":[\"https:\\\/\\\/adexa.ee\\\/toode\\\/rise-fall-kupliga-soojenduslamp-must-adexa-a65121402\\\/\"]}]},{\"@type\":\"ImageObject\",\"inLanguage\":\"en-US\",\"@id\":\"https:\\\/\\\/adexa.ee\\\/toode\\\/rise-fall-kupliga-soojenduslamp-must-adexa-a65121402\\\/#primaryimage\",\"url\":\"https:\\\/\\\/adexa.ee\\\/wp-content\\\/uploads\\\/2024\\\/12\\\/A65121402N.jpg\",\"contentUrl\":\"https:\\\/\\\/adexa.ee\\\/wp-content\\\/uploads\\\/2024\\\/12\\\/A65121402N.jpg\",\"width\":892,\"height\":892},{\"@type\":\"BreadcrumbList\",\"@id\":\"https:\\\/\\\/adexa.ee\\\/toode\\\/rise-fall-kupliga-soojenduslamp-must-adexa-a65121402\\\/#breadcrumb\",\"itemListElement\":[{\"@type\":\"ListItem\",\"position\":1,\"name\":\"Home\",\"item\":\"https:\\\/\\\/adexa.ee\\\/\"},{\"@type\":\"ListItem\",\"position\":2,\"name\":\"Tooted\",\"item\":\"https:\\\/\\\/adexa.ee\\\/pood\\\/\"},{\"@type\":\"ListItem\",\"position\":3,\"name\":\"Rise &#038; Fall kupliga soojenduslamp must | Adexa A65121402\"}]},{\"@type\":\"WebSite\",\"@id\":\"https:\\\/\\\/adexa.ee\\\/#website\",\"url\":\"https:\\\/\\\/adexa.ee\\\/\",\"name\":\"Adexa\",\"description\":\"\",\"publisher\":{\"@id\":\"https:\\\/\\\/adexa.ee\\\/#organization\"},\"potentialAction\":[{\"@type\":\"SearchAction\",\"target\":{\"@type\":\"EntryPoint\",\"urlTemplate\":\"https:\\\/\\\/adexa.ee\\\/?s={search_term_string}\"},\"query-input\":{\"@type\":\"PropertyValueSpecification\",\"valueRequired\":true,\"valueName\":\"search_term_string\"}}],\"inLanguage\":\"en-US\"},{\"@type\":\"Organization\",\"@id\":\"https:\\\/\\\/adexa.ee\\\/#organization\",\"name\":\"Adexa\",\"url\":\"https:\\\/\\\/adexa.ee\\\/\",\"logo\":{\"@type\":\"ImageObject\",\"inLanguage\":\"en-US\",\"@id\":\"https:\\\/\\\/adexa.ee\\\/#\\\/schema\\\/logo\\\/image\\\/\",\"url\":\"https:\\\/\\\/adexa.ee\\\/wp-content\\\/uploads\\\/2024\\\/04\\\/chef-cooks-working-in-professional-kitchen-2023-11-27-05-07-39-utc-scaled.jpg\",\"contentUrl\":\"https:\\\/\\\/adexa.ee\\\/wp-content\\\/uploads\\\/2024\\\/04\\\/chef-cooks-working-in-professional-kitchen-2023-11-27-05-07-39-utc-scaled.jpg\",\"width\":2560,\"height\":1708,\"caption\":\"Adexa\"},\"image\":{\"@id\":\"https:\\\/\\\/adexa.ee\\\/#\\\/schema\\\/logo\\\/image\\\/\"}}]}<\/script>\n<!-- \/ Yoast SEO plugin. -->","yoast_head_json":{"title":"Rise & Fall kupliga soojenduslamp must | Adexa A65121402 - Adexa \u2013 Suurk\u00f6\u00f6giseadmed restoranidele ja toitlustusele","robots":{"index":"index","follow":"follow","max-snippet":"max-snippet:-1","max-image-preview":"max-image-preview:large","max-video-preview":"max-video-preview:-1"},"canonical":"https:\/\/adexa.ee\/toode\/rise-fall-kupliga-soojenduslamp-must-adexa-a65121402\/","og_locale":"en_US","og_type":"article","og_title":"Rise & Fall kupliga soojenduslamp must | Adexa A65121402 - Adexa \u2013 Suurk\u00f6\u00f6giseadmed restoranidele ja toitlustusele","og_description":"See musta v\u00e4rvi laest kinnitatav kommertskasutuseks m\u00f5eldud soojenduslamp t\u00f5mmatava juhtmega on usaldusv\u00e4\u00e4rne ja stiilne lahendus toidu soojana hoidmiseks. Ideaalne kasutamiseks","og_url":"https:\/\/adexa.ee\/toode\/rise-fall-kupliga-soojenduslamp-must-adexa-a65121402\/","og_site_name":"Adexa \u2013 Suurk\u00f6\u00f6giseadmed restoranidele ja toitlustusele","article_modified_time":"2026-03-26T08:25:46+00:00","og_image":[{"width":892,"height":892,"url":"https:\/\/adexa.ee\/wp-content\/uploads\/2024\/12\/A65121402N.jpg","type":"image\/jpeg"}],"twitter_card":"summary_large_image","schema":{"@context":"https:\/\/schema.org","@graph":[{"@type":"WebPage","@id":"https:\/\/adexa.ee\/toode\/rise-fall-kupliga-soojenduslamp-must-adexa-a65121402\/","url":"https:\/\/adexa.ee\/toode\/rise-fall-kupliga-soojenduslamp-must-adexa-a65121402\/","name":"Rise & Fall kupliga soojenduslamp must | Adexa A65121402 - Adexa \u2013 Suurk\u00f6\u00f6giseadmed restoranidele ja toitlustusele","isPartOf":{"@id":"https:\/\/adexa.ee\/#website"},"primaryImageOfPage":{"@id":"https:\/\/adexa.ee\/toode\/rise-fall-kupliga-soojenduslamp-must-adexa-a65121402\/#primaryimage"},"image":{"@id":"https:\/\/adexa.ee\/toode\/rise-fall-kupliga-soojenduslamp-must-adexa-a65121402\/#primaryimage"},"thumbnailUrl":"https:\/\/adexa.ee\/wp-content\/uploads\/2024\/12\/A65121402N.jpg","datePublished":"2026-03-26T08:25:40+00:00","dateModified":"2026-03-26T08:25:46+00:00","breadcrumb":{"@id":"https:\/\/adexa.ee\/toode\/rise-fall-kupliga-soojenduslamp-must-adexa-a65121402\/#breadcrumb"},"inLanguage":"en-US","potentialAction":[{"@type":"ReadAction","target":["https:\/\/adexa.ee\/toode\/rise-fall-kupliga-soojenduslamp-must-adexa-a65121402\/"]}]},{"@type":"ImageObject","inLanguage":"en-US","@id":"https:\/\/adexa.ee\/toode\/rise-fall-kupliga-soojenduslamp-must-adexa-a65121402\/#primaryimage","url":"https:\/\/adexa.ee\/wp-content\/uploads\/2024\/12\/A65121402N.jpg","contentUrl":"https:\/\/adexa.ee\/wp-content\/uploads\/2024\/12\/A65121402N.jpg","width":892,"height":892},{"@type":"BreadcrumbList","@id":"https:\/\/adexa.ee\/toode\/rise-fall-kupliga-soojenduslamp-must-adexa-a65121402\/#breadcrumb","itemListElement":[{"@type":"ListItem","position":1,"name":"Home","item":"https:\/\/adexa.ee\/"},{"@type":"ListItem","position":2,"name":"Tooted","item":"https:\/\/adexa.ee\/pood\/"},{"@type":"ListItem","position":3,"name":"Rise &#038; Fall kupliga soojenduslamp must | Adexa A65121402"}]},{"@type":"WebSite","@id":"https:\/\/adexa.ee\/#website","url":"https:\/\/adexa.ee\/","name":"Adexa","description":"","publisher":{"@id":"https:\/\/adexa.ee\/#organization"},"potentialAction":[{"@type":"SearchAction","target":{"@type":"EntryPoint","urlTemplate":"https:\/\/adexa.ee\/?s={search_term_string}"},"query-input":{"@type":"PropertyValueSpecification","valueRequired":true,"valueName":"search_term_string"}}],"inLanguage":"en-US"},{"@type":"Organization","@id":"https:\/\/adexa.ee\/#organization","name":"Adexa","url":"https:\/\/adexa.ee\/","logo":{"@type":"ImageObject","inLanguage":"en-US","@id":"https:\/\/adexa.ee\/#\/schema\/logo\/image\/","url":"https:\/\/adexa.ee\/wp-content\/uploads\/2024\/04\/chef-cooks-working-in-professional-kitchen-2023-11-27-05-07-39-utc-scaled.jpg","contentUrl":"https:\/\/adexa.ee\/wp-content\/uploads\/2024\/04\/chef-cooks-working-in-professional-kitchen-2023-11-27-05-07-39-utc-scaled.jpg","width":2560,"height":1708,"caption":"Adexa"},"image":{"@id":"https:\/\/adexa.ee\/#\/schema\/logo\/image\/"}}]}},"_links":{"self":[{"href":"https:\/\/adexa.ee\/en\/wp-json\/wp\/v2\/product\/15047","targetHints":{"allow":["GET"]}}],"collection":[{"href":"https:\/\/adexa.ee\/en\/wp-json\/wp\/v2\/product"}],"about":[{"href":"https:\/\/adexa.ee\/en\/wp-json\/wp\/v2\/types\/product"}],"wp:featuredmedia":[{"embeddable":true,"href":"https:\/\/adexa.ee\/en\/wp-json\/wp\/v2\/media\/15049"}],"wp:attachment":[{"href":"https:\/\/adexa.ee\/en\/wp-json\/wp\/v2\/media?parent=15047"}],"wp:term":[{"taxonomy":"product_brand","embeddable":true,"href":"https:\/\/adexa.ee\/en\/wp-json\/wp\/v2\/product_brand?post=15047"},{"taxonomy":"product_cat","embeddable":true,"href":"https:\/\/adexa.ee\/en\/wp-json\/wp\/v2\/product_cat?post=15047"},{"taxonomy":"product_tag","embeddable":true,"href":"https:\/\/adexa.ee\/en\/wp-json\/wp\/v2\/product_tag?post=15047"}],"curies":[{"name":"wp","href":"https:\/\/api.w.org\/{rel}","templated":true}]}}