{"id":15050,"date":"2026-03-26T10:25:40","date_gmt":"2026-03-26T08:25:40","guid":{"rendered":"https:\/\/adexa.ee\/toode\/polukarbonaadist-gastronorm-pann-gn1-2-sugavus-200mm-labipaistev-adexa-p8128\/"},"modified":"2026-03-26T10:25:46","modified_gmt":"2026-03-26T08:25:46","slug":"polukarbonaadist-gn-nou-pann-gn1-2-sugavus-200mm-labipaistev-adexa-p8128","status":"publish","type":"product","link":"https:\/\/adexa.ee\/en\/toode\/polukarbonaadist-gn-nou-pann-gn1-2-sugavus-200mm-labipaistev-adexa-p8128\/","title":{"rendered":"Pol\u00fckarbonaadist GN-n\u00f5u Pann GN1\/2 S\u00fcgavus 200mm L\u00e4bipaistev | Adexa P8128"},"content":{"rendered":"<p>Lisage mitmek\u00fclgsust oma k\u00f6\u00f6ki selle tugeva gastronorm l\u00e4bipaistva pol\u00fckarbonaadist toidupanni abil. Vastupidavast pol\u00fckarbonaadist valmistatud pann sobib teie jahutatud ettevalmistuslaudadele v\u00f5i eraldiseisva hoiukohtana teie traadist riiulitel. See on mitmek\u00fclgne lisa teie k\u00f6\u00f6ki, kuna seda saab kasutada toidu ettevalmistamiseks, s\u00e4ilitamiseks, transportimiseks ja serveerimiseks. Seda saab isegi kasutada aurulaual v\u00f5i salatibaaris! Toidus\u00f5bralik pol\u00fckarbonaadimaterjal on praktiliselt purunematu ja vastupidav toiduhapetele ja \u00f5lidele, aidates pikendada toidupanni eluiga. See talub ka temperatuure vahemikus -40 kuni 100 kraadi Celsiuse j\u00e4rgi, nii et seda saab kasutada mitmesugustes hoiukohtades. Tugevdatud \u00fclemised ja alumised nurgad on samuti vastupidavad painutamisele, pragunemisele ja m\u00f5lkidele, nii et see toidupann on valmis pikaajaliseks kasutamiseks teie kommertsk\u00f6\u00f6gis. Palun vaadake jaotist &#8216;Spetsifikatsioon&#8217; \u00fcksikasjaliku teabe saamiseks.<\/p>\n<table style=\"border-collapse: collapse; width: 100%; text-align: left;\">\n<tbody>\n<tr>\n<td style=\"border: 1px solid #ddd; padding: 8px; width: 45%;\"><strong>S\u00fcgavus<\/strong><\/td>\n<td style=\"border: 1px solid #ddd; padding: 8px;\">265 mm<\/td>\n<\/tr>\n<tr>\n<td style=\"border: 1px solid #ddd; padding: 8px; width: 45%;\"><strong>K\u00f5rgus<\/strong><\/td>\n<td style=\"border: 1px solid #ddd; padding: 8px;\">200 mm<\/td>\n<\/tr>\n<tr>\n<td style=\"border: 1px solid #ddd; padding: 8px; width: 45%;\"><strong>Laius<\/strong><\/td>\n<td style=\"border: 1px solid #ddd; padding: 8px;\">325 mm<\/td>\n<\/tr>\n<tr>\n<td style=\"border: 1px solid #ddd; padding: 8px; width: 45%;\"><strong>Materjal<\/strong><\/td>\n<td style=\"border: 1px solid #ddd; padding: 8px;\">Pol\u00fckarbonaat<\/td>\n<\/tr>\n<\/tbody>\n<\/table>\n","protected":false},"excerpt":{"rendered":"<p>Lisage mitmek\u00fclgsust oma k\u00f6\u00f6ki selle tugeva gastronorm l\u00e4bipaistva pol\u00fckarbonaadist toidupanni abil. Vastupidavast pol\u00fckarbonaadist valmistatud pann sobib teie jahutatud ettevalmistuslaudadele v\u00f5i<\/p>\n","protected":false},"featured_media":13180,"template":"","meta":[],"product_brand":[],"product_cat":[585,627,579,626,863,625],"product_tag":[],"class_list":{"0":"post-15050","1":"product","2":"type-product","3":"status-publish","4":"has-post-thumbnail","6":"product_cat-gn-noud","7":"product_cat-gn-noud-labipaistvad-plastik","8":"product_cat-koogitarbed-noud","9":"product_cat-plastikust-toiduaine-hoiukonteinerid","10":"product_cat-polukarbonaat-gastronorms","11":"product_cat-toidukonteinerid","13":"first","14":"instock","15":"sale","16":"taxable","17":"shipping-taxable","18":"purchasable","19":"product-type-simple"},"yoast_head":"<!-- This site is optimized with the Yoast SEO plugin v27.3 - https:\/\/yoast.com\/product\/yoast-seo-wordpress\/ -->\n<title>Pol\u00fckarbonaadist GN-n\u00f5u Pann GN1\/2 S\u00fcgavus 200mm L\u00e4bipaistev | Adexa P8128 - Adexa \u2013 Suurk\u00f6\u00f6giseadmed restoranidele ja toitlustusele<\/title>\n<meta name=\"robots\" content=\"index, follow, max-snippet:-1, max-image-preview:large, max-video-preview:-1\" \/>\n<link rel=\"canonical\" href=\"https:\/\/adexa.ee\/toode\/polukarbonaadist-gn-nou-pann-gn1-2-sugavus-200mm-labipaistev-adexa-p8128\/\" \/>\n<meta property=\"og:locale\" content=\"en_US\" \/>\n<meta property=\"og:type\" content=\"article\" \/>\n<meta property=\"og:title\" content=\"Pol\u00fckarbonaadist GN-n\u00f5u Pann GN1\/2 S\u00fcgavus 200mm L\u00e4bipaistev | Adexa P8128 - Adexa \u2013 Suurk\u00f6\u00f6giseadmed restoranidele ja toitlustusele\" \/>\n<meta property=\"og:description\" content=\"Lisage mitmek\u00fclgsust oma k\u00f6\u00f6ki selle tugeva gastronorm l\u00e4bipaistva pol\u00fckarbonaadist toidupanni abil. Vastupidavast pol\u00fckarbonaadist valmistatud pann sobib teie jahutatud ettevalmistuslaudadele v\u00f5i\" \/>\n<meta property=\"og:url\" content=\"https:\/\/adexa.ee\/toode\/polukarbonaadist-gn-nou-pann-gn1-2-sugavus-200mm-labipaistev-adexa-p8128\/\" \/>\n<meta property=\"og:site_name\" content=\"Adexa \u2013 Suurk\u00f6\u00f6giseadmed restoranidele ja toitlustusele\" \/>\n<meta property=\"article:modified_time\" content=\"2026-03-26T08:25:46+00:00\" \/>\n<meta property=\"og:image\" content=\"https:\/\/adexa.ee\/wp-content\/uploads\/2024\/12\/P8126.jpg\" \/>\n\t<meta property=\"og:image:width\" content=\"2000\" \/>\n\t<meta property=\"og:image:height\" content=\"2000\" \/>\n\t<meta property=\"og:image:type\" content=\"image\/jpeg\" \/>\n<meta name=\"twitter:card\" content=\"summary_large_image\" \/>\n<meta name=\"twitter:label1\" content=\"Est. reading time\" \/>\n\t<meta name=\"twitter:data1\" content=\"1 minute\" \/>\n<script type=\"application\/ld+json\" class=\"yoast-schema-graph\">{\"@context\":\"https:\\\/\\\/schema.org\",\"@graph\":[{\"@type\":\"WebPage\",\"@id\":\"https:\\\/\\\/adexa.ee\\\/toode\\\/polukarbonaadist-gn-nou-pann-gn1-2-sugavus-200mm-labipaistev-adexa-p8128\\\/\",\"url\":\"https:\\\/\\\/adexa.ee\\\/toode\\\/polukarbonaadist-gn-nou-pann-gn1-2-sugavus-200mm-labipaistev-adexa-p8128\\\/\",\"name\":\"Pol\u00fckarbonaadist GN-n\u00f5u Pann GN1\\\/2 S\u00fcgavus 200mm L\u00e4bipaistev | Adexa P8128 - Adexa \u2013 Suurk\u00f6\u00f6giseadmed restoranidele ja toitlustusele\",\"isPartOf\":{\"@id\":\"https:\\\/\\\/adexa.ee\\\/#website\"},\"primaryImageOfPage\":{\"@id\":\"https:\\\/\\\/adexa.ee\\\/toode\\\/polukarbonaadist-gn-nou-pann-gn1-2-sugavus-200mm-labipaistev-adexa-p8128\\\/#primaryimage\"},\"image\":{\"@id\":\"https:\\\/\\\/adexa.ee\\\/toode\\\/polukarbonaadist-gn-nou-pann-gn1-2-sugavus-200mm-labipaistev-adexa-p8128\\\/#primaryimage\"},\"thumbnailUrl\":\"https:\\\/\\\/adexa.ee\\\/wp-content\\\/uploads\\\/2024\\\/12\\\/P8126.jpg\",\"datePublished\":\"2026-03-26T08:25:40+00:00\",\"dateModified\":\"2026-03-26T08:25:46+00:00\",\"breadcrumb\":{\"@id\":\"https:\\\/\\\/adexa.ee\\\/toode\\\/polukarbonaadist-gn-nou-pann-gn1-2-sugavus-200mm-labipaistev-adexa-p8128\\\/#breadcrumb\"},\"inLanguage\":\"en-US\",\"potentialAction\":[{\"@type\":\"ReadAction\",\"target\":[\"https:\\\/\\\/adexa.ee\\\/toode\\\/polukarbonaadist-gn-nou-pann-gn1-2-sugavus-200mm-labipaistev-adexa-p8128\\\/\"]}]},{\"@type\":\"ImageObject\",\"inLanguage\":\"en-US\",\"@id\":\"https:\\\/\\\/adexa.ee\\\/toode\\\/polukarbonaadist-gn-nou-pann-gn1-2-sugavus-200mm-labipaistev-adexa-p8128\\\/#primaryimage\",\"url\":\"https:\\\/\\\/adexa.ee\\\/wp-content\\\/uploads\\\/2024\\\/12\\\/P8126.jpg\",\"contentUrl\":\"https:\\\/\\\/adexa.ee\\\/wp-content\\\/uploads\\\/2024\\\/12\\\/P8126.jpg\",\"width\":2000,\"height\":2000},{\"@type\":\"BreadcrumbList\",\"@id\":\"https:\\\/\\\/adexa.ee\\\/toode\\\/polukarbonaadist-gn-nou-pann-gn1-2-sugavus-200mm-labipaistev-adexa-p8128\\\/#breadcrumb\",\"itemListElement\":[{\"@type\":\"ListItem\",\"position\":1,\"name\":\"Home\",\"item\":\"https:\\\/\\\/adexa.ee\\\/\"},{\"@type\":\"ListItem\",\"position\":2,\"name\":\"Tooted\",\"item\":\"https:\\\/\\\/adexa.ee\\\/pood\\\/\"},{\"@type\":\"ListItem\",\"position\":3,\"name\":\"Pol\u00fckarbonaadist GN-n\u00f5u Pann GN1\\\/2 S\u00fcgavus 200mm L\u00e4bipaistev | Adexa P8128\"}]},{\"@type\":\"WebSite\",\"@id\":\"https:\\\/\\\/adexa.ee\\\/#website\",\"url\":\"https:\\\/\\\/adexa.ee\\\/\",\"name\":\"Adexa\",\"description\":\"\",\"publisher\":{\"@id\":\"https:\\\/\\\/adexa.ee\\\/#organization\"},\"potentialAction\":[{\"@type\":\"SearchAction\",\"target\":{\"@type\":\"EntryPoint\",\"urlTemplate\":\"https:\\\/\\\/adexa.ee\\\/?s={search_term_string}\"},\"query-input\":{\"@type\":\"PropertyValueSpecification\",\"valueRequired\":true,\"valueName\":\"search_term_string\"}}],\"inLanguage\":\"en-US\"},{\"@type\":\"Organization\",\"@id\":\"https:\\\/\\\/adexa.ee\\\/#organization\",\"name\":\"Adexa\",\"url\":\"https:\\\/\\\/adexa.ee\\\/\",\"logo\":{\"@type\":\"ImageObject\",\"inLanguage\":\"en-US\",\"@id\":\"https:\\\/\\\/adexa.ee\\\/#\\\/schema\\\/logo\\\/image\\\/\",\"url\":\"https:\\\/\\\/adexa.ee\\\/wp-content\\\/uploads\\\/2024\\\/04\\\/chef-cooks-working-in-professional-kitchen-2023-11-27-05-07-39-utc-scaled.jpg\",\"contentUrl\":\"https:\\\/\\\/adexa.ee\\\/wp-content\\\/uploads\\\/2024\\\/04\\\/chef-cooks-working-in-professional-kitchen-2023-11-27-05-07-39-utc-scaled.jpg\",\"width\":2560,\"height\":1708,\"caption\":\"Adexa\"},\"image\":{\"@id\":\"https:\\\/\\\/adexa.ee\\\/#\\\/schema\\\/logo\\\/image\\\/\"}}]}<\/script>\n<!-- \/ Yoast SEO plugin. -->","yoast_head_json":{"title":"Pol\u00fckarbonaadist GN-n\u00f5u Pann GN1\/2 S\u00fcgavus 200mm L\u00e4bipaistev | Adexa P8128 - Adexa \u2013 Suurk\u00f6\u00f6giseadmed restoranidele ja toitlustusele","robots":{"index":"index","follow":"follow","max-snippet":"max-snippet:-1","max-image-preview":"max-image-preview:large","max-video-preview":"max-video-preview:-1"},"canonical":"https:\/\/adexa.ee\/toode\/polukarbonaadist-gn-nou-pann-gn1-2-sugavus-200mm-labipaistev-adexa-p8128\/","og_locale":"en_US","og_type":"article","og_title":"Pol\u00fckarbonaadist GN-n\u00f5u Pann GN1\/2 S\u00fcgavus 200mm L\u00e4bipaistev | Adexa P8128 - Adexa \u2013 Suurk\u00f6\u00f6giseadmed restoranidele ja toitlustusele","og_description":"Lisage mitmek\u00fclgsust oma k\u00f6\u00f6ki selle tugeva gastronorm l\u00e4bipaistva pol\u00fckarbonaadist toidupanni abil. Vastupidavast pol\u00fckarbonaadist valmistatud pann sobib teie jahutatud ettevalmistuslaudadele v\u00f5i","og_url":"https:\/\/adexa.ee\/toode\/polukarbonaadist-gn-nou-pann-gn1-2-sugavus-200mm-labipaistev-adexa-p8128\/","og_site_name":"Adexa \u2013 Suurk\u00f6\u00f6giseadmed restoranidele ja toitlustusele","article_modified_time":"2026-03-26T08:25:46+00:00","og_image":[{"width":2000,"height":2000,"url":"https:\/\/adexa.ee\/wp-content\/uploads\/2024\/12\/P8126.jpg","type":"image\/jpeg"}],"twitter_card":"summary_large_image","twitter_misc":{"Est. reading time":"1 minute"},"schema":{"@context":"https:\/\/schema.org","@graph":[{"@type":"WebPage","@id":"https:\/\/adexa.ee\/toode\/polukarbonaadist-gn-nou-pann-gn1-2-sugavus-200mm-labipaistev-adexa-p8128\/","url":"https:\/\/adexa.ee\/toode\/polukarbonaadist-gn-nou-pann-gn1-2-sugavus-200mm-labipaistev-adexa-p8128\/","name":"Pol\u00fckarbonaadist GN-n\u00f5u Pann GN1\/2 S\u00fcgavus 200mm L\u00e4bipaistev | Adexa P8128 - Adexa \u2013 Suurk\u00f6\u00f6giseadmed restoranidele ja toitlustusele","isPartOf":{"@id":"https:\/\/adexa.ee\/#website"},"primaryImageOfPage":{"@id":"https:\/\/adexa.ee\/toode\/polukarbonaadist-gn-nou-pann-gn1-2-sugavus-200mm-labipaistev-adexa-p8128\/#primaryimage"},"image":{"@id":"https:\/\/adexa.ee\/toode\/polukarbonaadist-gn-nou-pann-gn1-2-sugavus-200mm-labipaistev-adexa-p8128\/#primaryimage"},"thumbnailUrl":"https:\/\/adexa.ee\/wp-content\/uploads\/2024\/12\/P8126.jpg","datePublished":"2026-03-26T08:25:40+00:00","dateModified":"2026-03-26T08:25:46+00:00","breadcrumb":{"@id":"https:\/\/adexa.ee\/toode\/polukarbonaadist-gn-nou-pann-gn1-2-sugavus-200mm-labipaistev-adexa-p8128\/#breadcrumb"},"inLanguage":"en-US","potentialAction":[{"@type":"ReadAction","target":["https:\/\/adexa.ee\/toode\/polukarbonaadist-gn-nou-pann-gn1-2-sugavus-200mm-labipaistev-adexa-p8128\/"]}]},{"@type":"ImageObject","inLanguage":"en-US","@id":"https:\/\/adexa.ee\/toode\/polukarbonaadist-gn-nou-pann-gn1-2-sugavus-200mm-labipaistev-adexa-p8128\/#primaryimage","url":"https:\/\/adexa.ee\/wp-content\/uploads\/2024\/12\/P8126.jpg","contentUrl":"https:\/\/adexa.ee\/wp-content\/uploads\/2024\/12\/P8126.jpg","width":2000,"height":2000},{"@type":"BreadcrumbList","@id":"https:\/\/adexa.ee\/toode\/polukarbonaadist-gn-nou-pann-gn1-2-sugavus-200mm-labipaistev-adexa-p8128\/#breadcrumb","itemListElement":[{"@type":"ListItem","position":1,"name":"Home","item":"https:\/\/adexa.ee\/"},{"@type":"ListItem","position":2,"name":"Tooted","item":"https:\/\/adexa.ee\/pood\/"},{"@type":"ListItem","position":3,"name":"Pol\u00fckarbonaadist GN-n\u00f5u Pann GN1\/2 S\u00fcgavus 200mm L\u00e4bipaistev | Adexa P8128"}]},{"@type":"WebSite","@id":"https:\/\/adexa.ee\/#website","url":"https:\/\/adexa.ee\/","name":"Adexa","description":"","publisher":{"@id":"https:\/\/adexa.ee\/#organization"},"potentialAction":[{"@type":"SearchAction","target":{"@type":"EntryPoint","urlTemplate":"https:\/\/adexa.ee\/?s={search_term_string}"},"query-input":{"@type":"PropertyValueSpecification","valueRequired":true,"valueName":"search_term_string"}}],"inLanguage":"en-US"},{"@type":"Organization","@id":"https:\/\/adexa.ee\/#organization","name":"Adexa","url":"https:\/\/adexa.ee\/","logo":{"@type":"ImageObject","inLanguage":"en-US","@id":"https:\/\/adexa.ee\/#\/schema\/logo\/image\/","url":"https:\/\/adexa.ee\/wp-content\/uploads\/2024\/04\/chef-cooks-working-in-professional-kitchen-2023-11-27-05-07-39-utc-scaled.jpg","contentUrl":"https:\/\/adexa.ee\/wp-content\/uploads\/2024\/04\/chef-cooks-working-in-professional-kitchen-2023-11-27-05-07-39-utc-scaled.jpg","width":2560,"height":1708,"caption":"Adexa"},"image":{"@id":"https:\/\/adexa.ee\/#\/schema\/logo\/image\/"}}]}},"_links":{"self":[{"href":"https:\/\/adexa.ee\/en\/wp-json\/wp\/v2\/product\/15050","targetHints":{"allow":["GET"]}}],"collection":[{"href":"https:\/\/adexa.ee\/en\/wp-json\/wp\/v2\/product"}],"about":[{"href":"https:\/\/adexa.ee\/en\/wp-json\/wp\/v2\/types\/product"}],"wp:featuredmedia":[{"embeddable":true,"href":"https:\/\/adexa.ee\/en\/wp-json\/wp\/v2\/media\/13180"}],"wp:attachment":[{"href":"https:\/\/adexa.ee\/en\/wp-json\/wp\/v2\/media?parent=15050"}],"wp:term":[{"taxonomy":"product_brand","embeddable":true,"href":"https:\/\/adexa.ee\/en\/wp-json\/wp\/v2\/product_brand?post=15050"},{"taxonomy":"product_cat","embeddable":true,"href":"https:\/\/adexa.ee\/en\/wp-json\/wp\/v2\/product_cat?post=15050"},{"taxonomy":"product_tag","embeddable":true,"href":"https:\/\/adexa.ee\/en\/wp-json\/wp\/v2\/product_tag?post=15050"}],"curies":[{"name":"wp","href":"https:\/\/api.w.org\/{rel}","templated":true}]}}