{"id":15094,"date":"2026-03-27T15:15:54","date_gmt":"2026-03-27T13:15:54","guid":{"rendered":"https:\/\/adexa.ee\/toode\/tagumise-leti-jahuti-3-hingedega-ust-312-liitrit-must-adexa-bc03pp\/"},"modified":"2026-03-27T15:15:56","modified_gmt":"2026-03-27T13:15:56","slug":"baarikulmik-3-hingedega-ust-312-liitrit-must-adexa-bc03pp","status":"publish","type":"product","link":"https:\/\/adexa.ee\/en\/toode\/baarikulmik-3-hingedega-ust-312-liitrit-must-adexa-bc03pp\/","title":{"rendered":"Baarik\u00fclmik 3 hingedega ust 312 liitrit Must | Adexa BC03PP"},"content":{"rendered":"<p>Sellel kommertslikul mitmeotstarbelisel toitlustuse \u00f5llek\u00fclmikul on kolm suurt, l\u00e4bipaistvat ust ning mitmeid kasulikke funktsioone, sealhulgas sisseehitatud temperatuuri kontroller ja automaatne sulatuss\u00fcsteem. Ideaalne k\u00fclmade \u00f5lle, siidri ja karastusjookide atraktiivseks eksponeerimiseks baarides, pubides, restoranides ja hotellides. Praegu soodushinnaga. Automaatne sulatus: Jah Temperatuuri digitaalne ekraan: Jah Kontrolls\u00fcsteem: Elektrooniline Klaasist uks: Hingedega uksed Ukseraam, uksek\u00e4epideme materjal: Must\/H\u00f5be PVC Klaasit\u00fc\u00fcp: Karastatud Ukse automaatne sulgemine: Jah Lukk: Jah Reguleeritavad jalad: 4 tk Sisemine valgus: Horisontaalne Pinget\/frekvents: 220~240V\/50HZ Temperatuur: +2\u00b0C kuni +8\u00b0C Maksimaalne \u00fcmbritsev temperatuur: +35\u00b0C V\u00e4liskapp: Eelv\u00e4rvitud teras Sisekapp: Valgeks v\u00e4rvitud teras aurusti: Puhutud laiendatud plaat Aurustaja ventilaator: 14W ruudukujuline ventilaator Dokumendid Kl\u00f5psake siin, et alla laadida CE vastavusdeklaratsioon Kl\u00f5psake siin, et alla laadida kasutusjuhend. Kl\u00f5psake siin, et alla laadida energiam\u00e4rgis Palun vaadake \u00fcksikasjaliku teabe saamiseks jaotist &#8220;Spetsifikatsioon&#8221;.<\/p>\n<table style=\"border-collapse: collapse; width: 100%; text-align: left;\">\n<tbody>\n<tr>\n<td style=\"border: 1px solid #ddd; padding: 8px; width: 45%;\"><strong>S\u00fcgavus<\/strong><\/td>\n<td style=\"border: 1px solid #ddd; padding: 8px;\">510 mm<\/td>\n<\/tr>\n<tr>\n<td style=\"border: 1px solid #ddd; padding: 8px; width: 45%;\"><strong>K\u00f5rgus<\/strong><\/td>\n<td style=\"border: 1px solid #ddd; padding: 8px;\">895 mm<\/td>\n<\/tr>\n<tr>\n<td style=\"border: 1px solid #ddd; padding: 8px; width: 45%;\"><strong>Laius<\/strong><\/td>\n<td style=\"border: 1px solid #ddd; padding: 8px;\">1335 mm<\/td>\n<\/tr>\n<tr>\n<td style=\"border: 1px solid #ddd; padding: 8px; width: 45%;\"><strong>Kaal<\/strong><\/td>\n<td style=\"border: 1px solid #ddd; padding: 8px;\">86 kg<\/td>\n<\/tr>\n<tr>\n<td style=\"border: 1px solid #ddd; padding: 8px; width: 45%;\"><strong>Garantii<\/strong><\/td>\n<td style=\"border: 1px solid #ddd; padding: 8px;\">12 kuu varuosade garantii<\/td>\n<\/tr>\n<tr>\n<td style=\"border: 1px solid #ddd; padding: 8px; width: 45%;\"><strong>Mahutavus<\/strong><\/td>\n<td style=\"border: 1px solid #ddd; padding: 8px;\">312 liitrit (400-420 purki\/pudelit)<\/td>\n<\/tr>\n<tr>\n<td style=\"border: 1px solid #ddd; padding: 8px; width: 45%;\"><strong>Toiteallikas<\/strong><\/td>\n<td style=\"border: 1px solid #ddd; padding: 8px;\">230V \/ 1 faas<\/td>\n<\/tr>\n<tr>\n<td style=\"border: 1px solid #ddd; padding: 8px; width: 45%;\"><strong>Uksed<\/strong><\/td>\n<td style=\"border: 1px solid #ddd; padding: 8px;\">3 hingega klaasuksed<\/td>\n<\/tr>\n<tr>\n<td style=\"border: 1px solid #ddd; padding: 8px; width: 45%;\"><strong>Sulatamine<\/strong><\/td>\n<td style=\"border: 1px solid #ddd; padding: 8px;\">Automaatne<\/td>\n<\/tr>\n<tr>\n<td style=\"border: 1px solid #ddd; padding: 8px; width: 45%;\"><strong>Temperatuur<\/strong><\/td>\n<td style=\"border: 1px solid #ddd; padding: 8px;\">+2 \u00b0C kuni +8 \u00b0C<\/td>\n<\/tr>\n<tr>\n<td style=\"border: 1px solid #ddd; padding: 8px; width: 45%;\"><strong>Kontrollid<\/strong><\/td>\n<td style=\"border: 1px solid #ddd; padding: 8px;\">Digitaalne temperatuuri reguleerimine LED-ekraaniga<\/td>\n<\/tr>\n<tr>\n<td style=\"border: 1px solid #ddd; padding: 8px; width: 45%;\"><strong>Maksimaalne temperatuur (ruum)<\/strong><\/td>\n<td style=\"border: 1px solid #ddd; padding: 8px;\">+35\u00b0C<\/td>\n<\/tr>\n<tr>\n<td style=\"border: 1px solid #ddd; padding: 8px; width: 45%;\"><strong>Lukk<\/strong><\/td>\n<td style=\"border: 1px solid #ddd; padding: 8px;\">Jah<\/td>\n<\/tr>\n<tr>\n<td style=\"border: 1px solid #ddd; padding: 8px; width: 45%;\"><strong>V\u00f5imsuse tarbimine<\/strong><\/td>\n<td style=\"border: 1px solid #ddd; padding: 8px;\">766 kWh\/aastas<\/td>\n<\/tr>\n<\/tbody>\n<\/table>\n","protected":false},"excerpt":{"rendered":"<p>Sellel kommertslikul mitmeotstarbelisel toitlustuse \u00f5llek\u00fclmikul on kolm suurt, l\u00e4bipaistvat ust ning mitmeid kasulikke funktsioone, sealhulgas sisseehitatud temperatuuri kontroller ja automaatne<\/p>\n","protected":false},"featured_media":46227,"template":"","meta":[],"product_brand":[],"product_cat":[766,564,569,767],"product_tag":[],"class_list":{"0":"post-15094","1":"product","2":"type-product","3":"status-publish","4":"has-post-thumbnail","6":"product_cat-baarikulmikud","7":"product_cat-jahutusseadmed","8":"product_cat-lopumuuk","9":"product_cat-mustad-joogikulmikud","11":"first","12":"instock","13":"sale","14":"taxable","15":"shipping-taxable","16":"purchasable","17":"product-type-simple"},"yoast_head":"<!-- This site is optimized with the Yoast SEO plugin v27.3 - https:\/\/yoast.com\/product\/yoast-seo-wordpress\/ -->\n<title>Baarik\u00fclmik 3 hingedega ust 312 liitrit Must | Adexa BC03PP - Adexa \u2013 Suurk\u00f6\u00f6giseadmed restoranidele ja toitlustusele<\/title>\n<meta name=\"robots\" content=\"index, follow, max-snippet:-1, max-image-preview:large, max-video-preview:-1\" \/>\n<link rel=\"canonical\" href=\"https:\/\/adexa.ee\/toode\/baarikulmik-3-hingedega-ust-312-liitrit-must-adexa-bc03pp\/\" \/>\n<meta property=\"og:locale\" content=\"en_US\" \/>\n<meta property=\"og:type\" content=\"article\" \/>\n<meta property=\"og:title\" content=\"Baarik\u00fclmik 3 hingedega ust 312 liitrit Must | Adexa BC03PP - Adexa \u2013 Suurk\u00f6\u00f6giseadmed restoranidele ja toitlustusele\" \/>\n<meta property=\"og:description\" content=\"Sellel kommertslikul mitmeotstarbelisel toitlustuse \u00f5llek\u00fclmikul on kolm suurt, l\u00e4bipaistvat ust ning mitmeid kasulikke funktsioone, sealhulgas sisseehitatud temperatuuri kontroller ja automaatne\" \/>\n<meta property=\"og:url\" content=\"https:\/\/adexa.ee\/toode\/baarikulmik-3-hingedega-ust-312-liitrit-must-adexa-bc03pp\/\" \/>\n<meta property=\"og:site_name\" content=\"Adexa \u2013 Suurk\u00f6\u00f6giseadmed restoranidele ja toitlustusele\" \/>\n<meta property=\"article:modified_time\" content=\"2026-03-27T13:15:56+00:00\" \/>\n<meta property=\"og:image\" content=\"https:\/\/adexa.ee\/wp-content\/uploads\/2026\/03\/BC03PP_1.jpg\" \/>\n\t<meta property=\"og:image:width\" content=\"2000\" \/>\n\t<meta property=\"og:image:height\" content=\"2000\" \/>\n\t<meta property=\"og:image:type\" content=\"image\/jpeg\" \/>\n<meta name=\"twitter:card\" content=\"summary_large_image\" \/>\n<meta name=\"twitter:label1\" content=\"Est. reading time\" \/>\n\t<meta name=\"twitter:data1\" content=\"1 minute\" \/>\n<script type=\"application\/ld+json\" class=\"yoast-schema-graph\">{\"@context\":\"https:\\\/\\\/schema.org\",\"@graph\":[{\"@type\":\"WebPage\",\"@id\":\"https:\\\/\\\/adexa.ee\\\/toode\\\/baarikulmik-3-hingedega-ust-312-liitrit-must-adexa-bc03pp\\\/\",\"url\":\"https:\\\/\\\/adexa.ee\\\/toode\\\/baarikulmik-3-hingedega-ust-312-liitrit-must-adexa-bc03pp\\\/\",\"name\":\"Baarik\u00fclmik 3 hingedega ust 312 liitrit Must | Adexa BC03PP - Adexa \u2013 Suurk\u00f6\u00f6giseadmed restoranidele ja toitlustusele\",\"isPartOf\":{\"@id\":\"https:\\\/\\\/adexa.ee\\\/#website\"},\"primaryImageOfPage\":{\"@id\":\"https:\\\/\\\/adexa.ee\\\/toode\\\/baarikulmik-3-hingedega-ust-312-liitrit-must-adexa-bc03pp\\\/#primaryimage\"},\"image\":{\"@id\":\"https:\\\/\\\/adexa.ee\\\/toode\\\/baarikulmik-3-hingedega-ust-312-liitrit-must-adexa-bc03pp\\\/#primaryimage\"},\"thumbnailUrl\":\"https:\\\/\\\/adexa.ee\\\/wp-content\\\/uploads\\\/2026\\\/03\\\/BC03PP_1.jpg\",\"datePublished\":\"2026-03-27T13:15:54+00:00\",\"dateModified\":\"2026-03-27T13:15:56+00:00\",\"breadcrumb\":{\"@id\":\"https:\\\/\\\/adexa.ee\\\/toode\\\/baarikulmik-3-hingedega-ust-312-liitrit-must-adexa-bc03pp\\\/#breadcrumb\"},\"inLanguage\":\"en-US\",\"potentialAction\":[{\"@type\":\"ReadAction\",\"target\":[\"https:\\\/\\\/adexa.ee\\\/toode\\\/baarikulmik-3-hingedega-ust-312-liitrit-must-adexa-bc03pp\\\/\"]}]},{\"@type\":\"ImageObject\",\"inLanguage\":\"en-US\",\"@id\":\"https:\\\/\\\/adexa.ee\\\/toode\\\/baarikulmik-3-hingedega-ust-312-liitrit-must-adexa-bc03pp\\\/#primaryimage\",\"url\":\"https:\\\/\\\/adexa.ee\\\/wp-content\\\/uploads\\\/2026\\\/03\\\/BC03PP_1.jpg\",\"contentUrl\":\"https:\\\/\\\/adexa.ee\\\/wp-content\\\/uploads\\\/2026\\\/03\\\/BC03PP_1.jpg\",\"width\":2000,\"height\":2000},{\"@type\":\"BreadcrumbList\",\"@id\":\"https:\\\/\\\/adexa.ee\\\/toode\\\/baarikulmik-3-hingedega-ust-312-liitrit-must-adexa-bc03pp\\\/#breadcrumb\",\"itemListElement\":[{\"@type\":\"ListItem\",\"position\":1,\"name\":\"Home\",\"item\":\"https:\\\/\\\/adexa.ee\\\/\"},{\"@type\":\"ListItem\",\"position\":2,\"name\":\"Tooted\",\"item\":\"https:\\\/\\\/adexa.ee\\\/pood\\\/\"},{\"@type\":\"ListItem\",\"position\":3,\"name\":\"Baarik\u00fclmik 3 hingedega ust 312 liitrit Must | Adexa BC03PP\"}]},{\"@type\":\"WebSite\",\"@id\":\"https:\\\/\\\/adexa.ee\\\/#website\",\"url\":\"https:\\\/\\\/adexa.ee\\\/\",\"name\":\"Adexa\",\"description\":\"\",\"publisher\":{\"@id\":\"https:\\\/\\\/adexa.ee\\\/#organization\"},\"potentialAction\":[{\"@type\":\"SearchAction\",\"target\":{\"@type\":\"EntryPoint\",\"urlTemplate\":\"https:\\\/\\\/adexa.ee\\\/?s={search_term_string}\"},\"query-input\":{\"@type\":\"PropertyValueSpecification\",\"valueRequired\":true,\"valueName\":\"search_term_string\"}}],\"inLanguage\":\"en-US\"},{\"@type\":\"Organization\",\"@id\":\"https:\\\/\\\/adexa.ee\\\/#organization\",\"name\":\"Adexa\",\"url\":\"https:\\\/\\\/adexa.ee\\\/\",\"logo\":{\"@type\":\"ImageObject\",\"inLanguage\":\"en-US\",\"@id\":\"https:\\\/\\\/adexa.ee\\\/#\\\/schema\\\/logo\\\/image\\\/\",\"url\":\"https:\\\/\\\/adexa.ee\\\/wp-content\\\/uploads\\\/2024\\\/04\\\/chef-cooks-working-in-professional-kitchen-2023-11-27-05-07-39-utc-scaled.jpg\",\"contentUrl\":\"https:\\\/\\\/adexa.ee\\\/wp-content\\\/uploads\\\/2024\\\/04\\\/chef-cooks-working-in-professional-kitchen-2023-11-27-05-07-39-utc-scaled.jpg\",\"width\":2560,\"height\":1708,\"caption\":\"Adexa\"},\"image\":{\"@id\":\"https:\\\/\\\/adexa.ee\\\/#\\\/schema\\\/logo\\\/image\\\/\"}}]}<\/script>\n<!-- \/ Yoast SEO plugin. -->","yoast_head_json":{"title":"Baarik\u00fclmik 3 hingedega ust 312 liitrit Must | Adexa BC03PP - Adexa \u2013 Suurk\u00f6\u00f6giseadmed restoranidele ja toitlustusele","robots":{"index":"index","follow":"follow","max-snippet":"max-snippet:-1","max-image-preview":"max-image-preview:large","max-video-preview":"max-video-preview:-1"},"canonical":"https:\/\/adexa.ee\/toode\/baarikulmik-3-hingedega-ust-312-liitrit-must-adexa-bc03pp\/","og_locale":"en_US","og_type":"article","og_title":"Baarik\u00fclmik 3 hingedega ust 312 liitrit Must | Adexa BC03PP - Adexa \u2013 Suurk\u00f6\u00f6giseadmed restoranidele ja toitlustusele","og_description":"Sellel kommertslikul mitmeotstarbelisel toitlustuse \u00f5llek\u00fclmikul on kolm suurt, l\u00e4bipaistvat ust ning mitmeid kasulikke funktsioone, sealhulgas sisseehitatud temperatuuri kontroller ja automaatne","og_url":"https:\/\/adexa.ee\/toode\/baarikulmik-3-hingedega-ust-312-liitrit-must-adexa-bc03pp\/","og_site_name":"Adexa \u2013 Suurk\u00f6\u00f6giseadmed restoranidele ja toitlustusele","article_modified_time":"2026-03-27T13:15:56+00:00","og_image":[{"width":2000,"height":2000,"url":"https:\/\/adexa.ee\/wp-content\/uploads\/2026\/03\/BC03PP_1.jpg","type":"image\/jpeg"}],"twitter_card":"summary_large_image","twitter_misc":{"Est. reading time":"1 minute"},"schema":{"@context":"https:\/\/schema.org","@graph":[{"@type":"WebPage","@id":"https:\/\/adexa.ee\/toode\/baarikulmik-3-hingedega-ust-312-liitrit-must-adexa-bc03pp\/","url":"https:\/\/adexa.ee\/toode\/baarikulmik-3-hingedega-ust-312-liitrit-must-adexa-bc03pp\/","name":"Baarik\u00fclmik 3 hingedega ust 312 liitrit Must | Adexa BC03PP - Adexa \u2013 Suurk\u00f6\u00f6giseadmed restoranidele ja toitlustusele","isPartOf":{"@id":"https:\/\/adexa.ee\/#website"},"primaryImageOfPage":{"@id":"https:\/\/adexa.ee\/toode\/baarikulmik-3-hingedega-ust-312-liitrit-must-adexa-bc03pp\/#primaryimage"},"image":{"@id":"https:\/\/adexa.ee\/toode\/baarikulmik-3-hingedega-ust-312-liitrit-must-adexa-bc03pp\/#primaryimage"},"thumbnailUrl":"https:\/\/adexa.ee\/wp-content\/uploads\/2026\/03\/BC03PP_1.jpg","datePublished":"2026-03-27T13:15:54+00:00","dateModified":"2026-03-27T13:15:56+00:00","breadcrumb":{"@id":"https:\/\/adexa.ee\/toode\/baarikulmik-3-hingedega-ust-312-liitrit-must-adexa-bc03pp\/#breadcrumb"},"inLanguage":"en-US","potentialAction":[{"@type":"ReadAction","target":["https:\/\/adexa.ee\/toode\/baarikulmik-3-hingedega-ust-312-liitrit-must-adexa-bc03pp\/"]}]},{"@type":"ImageObject","inLanguage":"en-US","@id":"https:\/\/adexa.ee\/toode\/baarikulmik-3-hingedega-ust-312-liitrit-must-adexa-bc03pp\/#primaryimage","url":"https:\/\/adexa.ee\/wp-content\/uploads\/2026\/03\/BC03PP_1.jpg","contentUrl":"https:\/\/adexa.ee\/wp-content\/uploads\/2026\/03\/BC03PP_1.jpg","width":2000,"height":2000},{"@type":"BreadcrumbList","@id":"https:\/\/adexa.ee\/toode\/baarikulmik-3-hingedega-ust-312-liitrit-must-adexa-bc03pp\/#breadcrumb","itemListElement":[{"@type":"ListItem","position":1,"name":"Home","item":"https:\/\/adexa.ee\/"},{"@type":"ListItem","position":2,"name":"Tooted","item":"https:\/\/adexa.ee\/pood\/"},{"@type":"ListItem","position":3,"name":"Baarik\u00fclmik 3 hingedega ust 312 liitrit Must | Adexa BC03PP"}]},{"@type":"WebSite","@id":"https:\/\/adexa.ee\/#website","url":"https:\/\/adexa.ee\/","name":"Adexa","description":"","publisher":{"@id":"https:\/\/adexa.ee\/#organization"},"potentialAction":[{"@type":"SearchAction","target":{"@type":"EntryPoint","urlTemplate":"https:\/\/adexa.ee\/?s={search_term_string}"},"query-input":{"@type":"PropertyValueSpecification","valueRequired":true,"valueName":"search_term_string"}}],"inLanguage":"en-US"},{"@type":"Organization","@id":"https:\/\/adexa.ee\/#organization","name":"Adexa","url":"https:\/\/adexa.ee\/","logo":{"@type":"ImageObject","inLanguage":"en-US","@id":"https:\/\/adexa.ee\/#\/schema\/logo\/image\/","url":"https:\/\/adexa.ee\/wp-content\/uploads\/2024\/04\/chef-cooks-working-in-professional-kitchen-2023-11-27-05-07-39-utc-scaled.jpg","contentUrl":"https:\/\/adexa.ee\/wp-content\/uploads\/2024\/04\/chef-cooks-working-in-professional-kitchen-2023-11-27-05-07-39-utc-scaled.jpg","width":2560,"height":1708,"caption":"Adexa"},"image":{"@id":"https:\/\/adexa.ee\/#\/schema\/logo\/image\/"}}]}},"_links":{"self":[{"href":"https:\/\/adexa.ee\/en\/wp-json\/wp\/v2\/product\/15094","targetHints":{"allow":["GET"]}}],"collection":[{"href":"https:\/\/adexa.ee\/en\/wp-json\/wp\/v2\/product"}],"about":[{"href":"https:\/\/adexa.ee\/en\/wp-json\/wp\/v2\/types\/product"}],"wp:featuredmedia":[{"embeddable":true,"href":"https:\/\/adexa.ee\/en\/wp-json\/wp\/v2\/media\/46227"}],"wp:attachment":[{"href":"https:\/\/adexa.ee\/en\/wp-json\/wp\/v2\/media?parent=15094"}],"wp:term":[{"taxonomy":"product_brand","embeddable":true,"href":"https:\/\/adexa.ee\/en\/wp-json\/wp\/v2\/product_brand?post=15094"},{"taxonomy":"product_cat","embeddable":true,"href":"https:\/\/adexa.ee\/en\/wp-json\/wp\/v2\/product_cat?post=15094"},{"taxonomy":"product_tag","embeddable":true,"href":"https:\/\/adexa.ee\/en\/wp-json\/wp\/v2\/product_tag?post=15094"}],"curies":[{"name":"wp","href":"https:\/\/api.w.org\/{rel}","templated":true}]}}