{"id":15104,"date":"2026-03-26T10:25:47","date_gmt":"2026-03-26T08:25:47","guid":{"rendered":"https:\/\/adexa.ee\/toode\/kaubanduslik-toidu-ja-kropsusoojendi-1xgn1-1-adexa-efc01b\/"},"modified":"2026-03-26T10:25:53","modified_gmt":"2026-03-26T08:25:53","slug":"toidu-ja-kropsusoojendi-1xgn1-1-adexa-efc01b","status":"publish","type":"product","link":"https:\/\/adexa.ee\/en\/toode\/toidu-ja-kropsusoojendi-1xgn1-1-adexa-efc01b\/","title":{"rendered":"Toidu- Ja Kr\u00f5psusoojendi 1Xgn1\/1 | Adexa Efc01B"},"content":{"rendered":"<p>Valmistatud vastupidavast roostevabast terasest ja alumiiniumstruktuurist, mis tagab lihtsa hoolduse ja puhastamise, on see lihtsasti disainitud toidusoojendi t\u00e4iuslik t\u00e4iendus teie v\u00e4ikesele v\u00f5i keskmise suurusega kohvikule, restoranile v\u00f5i buffeele. Hoidke oma populaarseimad toidud ohutul ja h\u00fcgieenilisel temperatuuril (ilma vee kadumiseta) selle ruumi s\u00e4\u00e4stva t\u00f6\u00f6pind-seadmega. K\u00fcttetorud tagavad kiire ja \u00fchtlase soojenemise kogu teeninduse ajal ning libisemiskindlad kummijalad takistavad libisemist teie t\u00f6\u00f6jaamal. T\u00e4ielik roostevabast terasest konstruktsioon tagab vastupidavuse ja lihtsa puhastamise600W infrapunak\u00fcttetoru hoiab kr\u00f5pse kuumana ja kr\u00f5bedanaL\u00f5pmatuse juhtimine voolu ja soojenduse jaoksLihtsasti kasutatavad valgus- ja soojal\u00fclitid esik\u00fcljelVarustatud kvartsvalgusega, mis valgustab laopindaAlus sisaldab GN1\/1\/65mm s\u00fcgavust toidun\u00f5udPalun vaadake \u00fcksikasjalikku teavet jaotises &#8216;Spetsifikatsioon&#8217;.<\/p>\n<table style=\"border-collapse: collapse; width: 100%; text-align: left;\">\n<tbody>\n<tr>\n<td style=\"border: 1px solid #ddd; padding: 8px; width: 45%;\"><strong>S\u00fcgavus<\/strong><\/td>\n<td style=\"border: 1px solid #ddd; padding: 8px;\">570 mm<\/td>\n<\/tr>\n<tr>\n<td style=\"border: 1px solid #ddd; padding: 8px; width: 45%;\"><strong>K\u00f5rgus<\/strong><\/td>\n<td style=\"border: 1px solid #ddd; padding: 8px;\">437 mm<\/td>\n<\/tr>\n<tr>\n<td style=\"border: 1px solid #ddd; padding: 8px; width: 45%;\"><strong>Laius<\/strong><\/td>\n<td style=\"border: 1px solid #ddd; padding: 8px;\">340 mm<\/td>\n<\/tr>\n<tr>\n<td style=\"border: 1px solid #ddd; padding: 8px; width: 45%;\"><strong>Kaal<\/strong><\/td>\n<td style=\"border: 1px solid #ddd; padding: 8px;\">3 kg<\/td>\n<\/tr>\n<tr>\n<td style=\"border: 1px solid #ddd; padding: 8px; width: 45%;\"><strong>Garantii<\/strong><\/td>\n<td style=\"border: 1px solid #ddd; padding: 8px;\">12 kuu varuosade garantii<\/td>\n<\/tr>\n<tr>\n<td style=\"border: 1px solid #ddd; padding: 8px; width: 45%;\"><strong>Toiteallikas<\/strong><\/td>\n<td style=\"border: 1px solid #ddd; padding: 8px;\">230V \/ 1 faas<\/td>\n<\/tr>\n<tr>\n<td style=\"border: 1px solid #ddd; padding: 8px; width: 45%;\"><strong>Materjal<\/strong><\/td>\n<td style=\"border: 1px solid #ddd; padding: 8px;\">Roostevaba teras<\/td>\n<\/tr>\n<tr>\n<td style=\"border: 1px solid #ddd; padding: 8px; width: 45%;\"><strong>Kaasas<\/strong><\/td>\n<td style=\"border: 1px solid #ddd; padding: 8px;\">GN1\/1 pann (65 mm s\u00fcgav)<\/td>\n<\/tr>\n<tr>\n<td style=\"border: 1px solid #ddd; padding: 8px; width: 45%;\"><strong>Valgustus<\/strong><\/td>\n<td style=\"border: 1px solid #ddd; padding: 8px;\">Jah<\/td>\n<\/tr>\n<\/tbody>\n<\/table>\n","protected":false},"excerpt":{"rendered":"<p>Valmistatud vastupidavast roostevabast terasest ja alumiiniumstruktuurist, mis tagab lihtsa hoolduse ja puhastamise, on see lihtsasti disainitud toidusoojendi t\u00e4iuslik t\u00e4iendus teie<\/p>\n","protected":false},"featured_media":15106,"template":"","meta":[],"product_brand":[],"product_cat":[560,780,557,559,558],"product_tag":[],"class_list":{"0":"post-15104","1":"product","2":"type-product","3":"status-publish","4":"has-post-thumbnail","6":"product_cat-bufee-toidusoojendajad","7":"product_cat-friikartulite-soojendid","8":"product_cat-kupsetusseadmed","9":"product_cat-soojuslambid-ja-soojusribad","10":"product_cat-toidu-soojendamine","12":"first","13":"instock","14":"sale","15":"taxable","16":"shipping-taxable","17":"purchasable","18":"product-type-simple"},"yoast_head":"<!-- This site is optimized with the Yoast SEO plugin v27.3 - https:\/\/yoast.com\/product\/yoast-seo-wordpress\/ -->\n<title>Toidu- Ja Kr\u00f5psusoojendi 1Xgn1\/1 | Adexa Efc01B - Adexa \u2013 Suurk\u00f6\u00f6giseadmed restoranidele ja toitlustusele<\/title>\n<meta name=\"robots\" content=\"index, follow, max-snippet:-1, max-image-preview:large, max-video-preview:-1\" \/>\n<link rel=\"canonical\" href=\"https:\/\/adexa.ee\/toode\/toidu-ja-kropsusoojendi-1xgn1-1-adexa-efc01b\/\" \/>\n<meta property=\"og:locale\" content=\"en_US\" \/>\n<meta property=\"og:type\" content=\"article\" \/>\n<meta property=\"og:title\" content=\"Toidu- Ja Kr\u00f5psusoojendi 1Xgn1\/1 | Adexa Efc01B - Adexa \u2013 Suurk\u00f6\u00f6giseadmed restoranidele ja toitlustusele\" \/>\n<meta property=\"og:description\" content=\"Valmistatud vastupidavast roostevabast terasest ja alumiiniumstruktuurist, mis tagab lihtsa hoolduse ja puhastamise, on see lihtsasti disainitud toidusoojendi t\u00e4iuslik t\u00e4iendus teie\" \/>\n<meta property=\"og:url\" content=\"https:\/\/adexa.ee\/toode\/toidu-ja-kropsusoojendi-1xgn1-1-adexa-efc01b\/\" \/>\n<meta property=\"og:site_name\" content=\"Adexa \u2013 Suurk\u00f6\u00f6giseadmed restoranidele ja toitlustusele\" \/>\n<meta property=\"article:modified_time\" content=\"2026-03-26T08:25:53+00:00\" \/>\n<meta property=\"og:image\" content=\"https:\/\/adexa.ee\/wp-content\/uploads\/2024\/12\/EFC01B-1.jpg\" \/>\n\t<meta property=\"og:image:width\" content=\"2000\" \/>\n\t<meta property=\"og:image:height\" content=\"2000\" \/>\n\t<meta property=\"og:image:type\" content=\"image\/jpeg\" \/>\n<meta name=\"twitter:card\" content=\"summary_large_image\" \/>\n<meta name=\"twitter:label1\" content=\"Est. reading time\" \/>\n\t<meta name=\"twitter:data1\" content=\"1 minute\" \/>\n<script type=\"application\/ld+json\" class=\"yoast-schema-graph\">{\"@context\":\"https:\\\/\\\/schema.org\",\"@graph\":[{\"@type\":\"WebPage\",\"@id\":\"https:\\\/\\\/adexa.ee\\\/toode\\\/toidu-ja-kropsusoojendi-1xgn1-1-adexa-efc01b\\\/\",\"url\":\"https:\\\/\\\/adexa.ee\\\/toode\\\/toidu-ja-kropsusoojendi-1xgn1-1-adexa-efc01b\\\/\",\"name\":\"Toidu- Ja Kr\u00f5psusoojendi 1Xgn1\\\/1 | Adexa Efc01B - Adexa \u2013 Suurk\u00f6\u00f6giseadmed restoranidele ja toitlustusele\",\"isPartOf\":{\"@id\":\"https:\\\/\\\/adexa.ee\\\/#website\"},\"primaryImageOfPage\":{\"@id\":\"https:\\\/\\\/adexa.ee\\\/toode\\\/toidu-ja-kropsusoojendi-1xgn1-1-adexa-efc01b\\\/#primaryimage\"},\"image\":{\"@id\":\"https:\\\/\\\/adexa.ee\\\/toode\\\/toidu-ja-kropsusoojendi-1xgn1-1-adexa-efc01b\\\/#primaryimage\"},\"thumbnailUrl\":\"https:\\\/\\\/adexa.ee\\\/wp-content\\\/uploads\\\/2024\\\/12\\\/EFC01B-1.jpg\",\"datePublished\":\"2026-03-26T08:25:47+00:00\",\"dateModified\":\"2026-03-26T08:25:53+00:00\",\"breadcrumb\":{\"@id\":\"https:\\\/\\\/adexa.ee\\\/toode\\\/toidu-ja-kropsusoojendi-1xgn1-1-adexa-efc01b\\\/#breadcrumb\"},\"inLanguage\":\"en-US\",\"potentialAction\":[{\"@type\":\"ReadAction\",\"target\":[\"https:\\\/\\\/adexa.ee\\\/toode\\\/toidu-ja-kropsusoojendi-1xgn1-1-adexa-efc01b\\\/\"]}]},{\"@type\":\"ImageObject\",\"inLanguage\":\"en-US\",\"@id\":\"https:\\\/\\\/adexa.ee\\\/toode\\\/toidu-ja-kropsusoojendi-1xgn1-1-adexa-efc01b\\\/#primaryimage\",\"url\":\"https:\\\/\\\/adexa.ee\\\/wp-content\\\/uploads\\\/2024\\\/12\\\/EFC01B-1.jpg\",\"contentUrl\":\"https:\\\/\\\/adexa.ee\\\/wp-content\\\/uploads\\\/2024\\\/12\\\/EFC01B-1.jpg\",\"width\":2000,\"height\":2000},{\"@type\":\"BreadcrumbList\",\"@id\":\"https:\\\/\\\/adexa.ee\\\/toode\\\/toidu-ja-kropsusoojendi-1xgn1-1-adexa-efc01b\\\/#breadcrumb\",\"itemListElement\":[{\"@type\":\"ListItem\",\"position\":1,\"name\":\"Home\",\"item\":\"https:\\\/\\\/adexa.ee\\\/\"},{\"@type\":\"ListItem\",\"position\":2,\"name\":\"Tooted\",\"item\":\"https:\\\/\\\/adexa.ee\\\/pood\\\/\"},{\"@type\":\"ListItem\",\"position\":3,\"name\":\"Toidu- Ja Kr\u00f5psusoojendi 1Xgn1\\\/1 | Adexa Efc01B\"}]},{\"@type\":\"WebSite\",\"@id\":\"https:\\\/\\\/adexa.ee\\\/#website\",\"url\":\"https:\\\/\\\/adexa.ee\\\/\",\"name\":\"Adexa\",\"description\":\"\",\"publisher\":{\"@id\":\"https:\\\/\\\/adexa.ee\\\/#organization\"},\"potentialAction\":[{\"@type\":\"SearchAction\",\"target\":{\"@type\":\"EntryPoint\",\"urlTemplate\":\"https:\\\/\\\/adexa.ee\\\/?s={search_term_string}\"},\"query-input\":{\"@type\":\"PropertyValueSpecification\",\"valueRequired\":true,\"valueName\":\"search_term_string\"}}],\"inLanguage\":\"en-US\"},{\"@type\":\"Organization\",\"@id\":\"https:\\\/\\\/adexa.ee\\\/#organization\",\"name\":\"Adexa\",\"url\":\"https:\\\/\\\/adexa.ee\\\/\",\"logo\":{\"@type\":\"ImageObject\",\"inLanguage\":\"en-US\",\"@id\":\"https:\\\/\\\/adexa.ee\\\/#\\\/schema\\\/logo\\\/image\\\/\",\"url\":\"https:\\\/\\\/adexa.ee\\\/wp-content\\\/uploads\\\/2024\\\/04\\\/chef-cooks-working-in-professional-kitchen-2023-11-27-05-07-39-utc-scaled.jpg\",\"contentUrl\":\"https:\\\/\\\/adexa.ee\\\/wp-content\\\/uploads\\\/2024\\\/04\\\/chef-cooks-working-in-professional-kitchen-2023-11-27-05-07-39-utc-scaled.jpg\",\"width\":2560,\"height\":1708,\"caption\":\"Adexa\"},\"image\":{\"@id\":\"https:\\\/\\\/adexa.ee\\\/#\\\/schema\\\/logo\\\/image\\\/\"}}]}<\/script>\n<!-- \/ Yoast SEO plugin. -->","yoast_head_json":{"title":"Toidu- Ja Kr\u00f5psusoojendi 1Xgn1\/1 | Adexa Efc01B - Adexa \u2013 Suurk\u00f6\u00f6giseadmed restoranidele ja toitlustusele","robots":{"index":"index","follow":"follow","max-snippet":"max-snippet:-1","max-image-preview":"max-image-preview:large","max-video-preview":"max-video-preview:-1"},"canonical":"https:\/\/adexa.ee\/toode\/toidu-ja-kropsusoojendi-1xgn1-1-adexa-efc01b\/","og_locale":"en_US","og_type":"article","og_title":"Toidu- Ja Kr\u00f5psusoojendi 1Xgn1\/1 | Adexa Efc01B - Adexa \u2013 Suurk\u00f6\u00f6giseadmed restoranidele ja toitlustusele","og_description":"Valmistatud vastupidavast roostevabast terasest ja alumiiniumstruktuurist, mis tagab lihtsa hoolduse ja puhastamise, on see lihtsasti disainitud toidusoojendi t\u00e4iuslik t\u00e4iendus teie","og_url":"https:\/\/adexa.ee\/toode\/toidu-ja-kropsusoojendi-1xgn1-1-adexa-efc01b\/","og_site_name":"Adexa \u2013 Suurk\u00f6\u00f6giseadmed restoranidele ja toitlustusele","article_modified_time":"2026-03-26T08:25:53+00:00","og_image":[{"width":2000,"height":2000,"url":"https:\/\/adexa.ee\/wp-content\/uploads\/2024\/12\/EFC01B-1.jpg","type":"image\/jpeg"}],"twitter_card":"summary_large_image","twitter_misc":{"Est. reading time":"1 minute"},"schema":{"@context":"https:\/\/schema.org","@graph":[{"@type":"WebPage","@id":"https:\/\/adexa.ee\/toode\/toidu-ja-kropsusoojendi-1xgn1-1-adexa-efc01b\/","url":"https:\/\/adexa.ee\/toode\/toidu-ja-kropsusoojendi-1xgn1-1-adexa-efc01b\/","name":"Toidu- Ja Kr\u00f5psusoojendi 1Xgn1\/1 | Adexa Efc01B - Adexa \u2013 Suurk\u00f6\u00f6giseadmed restoranidele ja toitlustusele","isPartOf":{"@id":"https:\/\/adexa.ee\/#website"},"primaryImageOfPage":{"@id":"https:\/\/adexa.ee\/toode\/toidu-ja-kropsusoojendi-1xgn1-1-adexa-efc01b\/#primaryimage"},"image":{"@id":"https:\/\/adexa.ee\/toode\/toidu-ja-kropsusoojendi-1xgn1-1-adexa-efc01b\/#primaryimage"},"thumbnailUrl":"https:\/\/adexa.ee\/wp-content\/uploads\/2024\/12\/EFC01B-1.jpg","datePublished":"2026-03-26T08:25:47+00:00","dateModified":"2026-03-26T08:25:53+00:00","breadcrumb":{"@id":"https:\/\/adexa.ee\/toode\/toidu-ja-kropsusoojendi-1xgn1-1-adexa-efc01b\/#breadcrumb"},"inLanguage":"en-US","potentialAction":[{"@type":"ReadAction","target":["https:\/\/adexa.ee\/toode\/toidu-ja-kropsusoojendi-1xgn1-1-adexa-efc01b\/"]}]},{"@type":"ImageObject","inLanguage":"en-US","@id":"https:\/\/adexa.ee\/toode\/toidu-ja-kropsusoojendi-1xgn1-1-adexa-efc01b\/#primaryimage","url":"https:\/\/adexa.ee\/wp-content\/uploads\/2024\/12\/EFC01B-1.jpg","contentUrl":"https:\/\/adexa.ee\/wp-content\/uploads\/2024\/12\/EFC01B-1.jpg","width":2000,"height":2000},{"@type":"BreadcrumbList","@id":"https:\/\/adexa.ee\/toode\/toidu-ja-kropsusoojendi-1xgn1-1-adexa-efc01b\/#breadcrumb","itemListElement":[{"@type":"ListItem","position":1,"name":"Home","item":"https:\/\/adexa.ee\/"},{"@type":"ListItem","position":2,"name":"Tooted","item":"https:\/\/adexa.ee\/pood\/"},{"@type":"ListItem","position":3,"name":"Toidu- Ja Kr\u00f5psusoojendi 1Xgn1\/1 | Adexa Efc01B"}]},{"@type":"WebSite","@id":"https:\/\/adexa.ee\/#website","url":"https:\/\/adexa.ee\/","name":"Adexa","description":"","publisher":{"@id":"https:\/\/adexa.ee\/#organization"},"potentialAction":[{"@type":"SearchAction","target":{"@type":"EntryPoint","urlTemplate":"https:\/\/adexa.ee\/?s={search_term_string}"},"query-input":{"@type":"PropertyValueSpecification","valueRequired":true,"valueName":"search_term_string"}}],"inLanguage":"en-US"},{"@type":"Organization","@id":"https:\/\/adexa.ee\/#organization","name":"Adexa","url":"https:\/\/adexa.ee\/","logo":{"@type":"ImageObject","inLanguage":"en-US","@id":"https:\/\/adexa.ee\/#\/schema\/logo\/image\/","url":"https:\/\/adexa.ee\/wp-content\/uploads\/2024\/04\/chef-cooks-working-in-professional-kitchen-2023-11-27-05-07-39-utc-scaled.jpg","contentUrl":"https:\/\/adexa.ee\/wp-content\/uploads\/2024\/04\/chef-cooks-working-in-professional-kitchen-2023-11-27-05-07-39-utc-scaled.jpg","width":2560,"height":1708,"caption":"Adexa"},"image":{"@id":"https:\/\/adexa.ee\/#\/schema\/logo\/image\/"}}]}},"_links":{"self":[{"href":"https:\/\/adexa.ee\/en\/wp-json\/wp\/v2\/product\/15104","targetHints":{"allow":["GET"]}}],"collection":[{"href":"https:\/\/adexa.ee\/en\/wp-json\/wp\/v2\/product"}],"about":[{"href":"https:\/\/adexa.ee\/en\/wp-json\/wp\/v2\/types\/product"}],"wp:featuredmedia":[{"embeddable":true,"href":"https:\/\/adexa.ee\/en\/wp-json\/wp\/v2\/media\/15106"}],"wp:attachment":[{"href":"https:\/\/adexa.ee\/en\/wp-json\/wp\/v2\/media?parent=15104"}],"wp:term":[{"taxonomy":"product_brand","embeddable":true,"href":"https:\/\/adexa.ee\/en\/wp-json\/wp\/v2\/product_brand?post=15104"},{"taxonomy":"product_cat","embeddable":true,"href":"https:\/\/adexa.ee\/en\/wp-json\/wp\/v2\/product_cat?post=15104"},{"taxonomy":"product_tag","embeddable":true,"href":"https:\/\/adexa.ee\/en\/wp-json\/wp\/v2\/product_tag?post=15104"}],"curies":[{"name":"wp","href":"https:\/\/api.w.org\/{rel}","templated":true}]}}