{"id":15107,"date":"2026-03-26T10:25:47","date_gmt":"2026-03-26T08:25:47","guid":{"rendered":"https:\/\/adexa.ee\/toode\/kaubanduslik-roomitav-pitsaahi-16-pitsat-12-tunnis-adexa-cp12s\/"},"modified":"2026-03-26T10:25:53","modified_gmt":"2026-03-26T08:25:53","slug":"konveier-pitsaahi-16-pitsat-12-tunnis-adexa-cp12s","status":"publish","type":"product","link":"https:\/\/adexa.ee\/en\/toode\/konveier-pitsaahi-16-pitsat-12-tunnis-adexa-cp12s\/","title":{"rendered":"Konveier Pitsaahi 16 Pitsat, 12&#8221; Tunnis | Adexa Cp12S"},"content":{"rendered":"<p>Valmistage mugavalt erinevaid toitlustusroogasid t\u00e4iuslikult selle \u00fche roomikuga lauaarvuti ahjuga. See professionaalne roomitav pitsaahi sobib pitsade, avatud pealmisega v\u00f5ileibade\/bagettide valmistamiseks v\u00f5i r\u00f6stimiseks. Restoranid, pitsarestoranid, kohvikud, kiirtoidukohad ja lugematul arvul teisi toitlustusasutusi saavad sellest soodsast tootest kasu. Pinge: 220-240V\/50Hz V\u00f5imsus: 6700W M\u00f5\u00f5tmed: 1120 x 575 x 480 mm Roomiku pikkus: 1020 mm Roomiku s\u00fcgavus: 355 mm K\u00fcteelementide arv: 18 Kaal: 46 kg Temperatuur: +30 kuni +300\u00b0C Roostevabast terasest konstruktsioon Roostevabast terasest roomik \u00dclemine ja alumine k\u00fcte on eraldi juhitavad Vastupidav roostevabast terasest k\u00fcteelement \u00fcleval ja all Jahutusventilaator eespool, et jahutada elektrikomponente Roomiku kiirus on reguleeritav Kiirreguleeritava lukustusega plaat m\u00f5lemas otsas Purualus m\u00f5lemas otsas lihtsaks puhastamiseks Roostevabast terasest reguleeritavad jalad Mahutavus: 16 pitsat, 12\u201d \/ 30 cm tunnis Kl\u00f5psake siin kasutusjuhendi allalaadimiseks.<\/p>\n<table style=\"border-collapse: collapse; width: 100%; text-align: left;\">\n<tbody>\n<tr>\n<td style=\"border: 1px solid #ddd; padding: 8px; width: 45%;\"><strong>S\u00fcgavus<\/strong><\/td>\n<td style=\"border: 1px solid #ddd; padding: 8px;\">575 mm<\/td>\n<\/tr>\n<tr>\n<td style=\"border: 1px solid #ddd; padding: 8px; width: 45%;\"><strong>K\u00f5rgus<\/strong><\/td>\n<td style=\"border: 1px solid #ddd; padding: 8px;\">480 mm<\/td>\n<\/tr>\n<tr>\n<td style=\"border: 1px solid #ddd; padding: 8px; width: 45%;\"><strong>Laius<\/strong><\/td>\n<td style=\"border: 1px solid #ddd; padding: 8px;\">1120 mm<\/td>\n<\/tr>\n<tr>\n<td style=\"border: 1px solid #ddd; padding: 8px; width: 45%;\"><strong>Kaal<\/strong><\/td>\n<td style=\"border: 1px solid #ddd; padding: 8px;\">46 kg<\/td>\n<\/tr>\n<tr>\n<td style=\"border: 1px solid #ddd; padding: 8px; width: 45%;\"><strong>Garantii<\/strong><\/td>\n<td style=\"border: 1px solid #ddd; padding: 8px;\">12 kuu varuosade garantii<\/td>\n<\/tr>\n<tr>\n<td style=\"border: 1px solid #ddd; padding: 8px; width: 45%;\"><strong>Mahutavus<\/strong><\/td>\n<td style=\"border: 1px solid #ddd; padding: 8px;\">16 x 300 mm pitsat tunnis<\/td>\n<\/tr>\n<tr>\n<td style=\"border: 1px solid #ddd; padding: 8px; width: 45%;\"><strong>Toiteallikas<\/strong><\/td>\n<td style=\"border: 1px solid #ddd; padding: 8px;\">230V \/ 1 faas<\/td>\n<\/tr>\n<tr>\n<td style=\"border: 1px solid #ddd; padding: 8px; width: 45%;\"><strong>V\u00f5imsus<\/strong><\/td>\n<td style=\"border: 1px solid #ddd; padding: 8px;\">6700W<\/td>\n<\/tr>\n<tr>\n<td style=\"border: 1px solid #ddd; padding: 8px; width: 45%;\"><strong>Materjal<\/strong><\/td>\n<td style=\"border: 1px solid #ddd; padding: 8px;\">Roostevaba teras<\/td>\n<\/tr>\n<tr>\n<td style=\"border: 1px solid #ddd; padding: 8px; width: 45%;\"><strong>Temperatuur<\/strong><\/td>\n<td style=\"border: 1px solid #ddd; padding: 8px;\">+30 \u00b0C kuni +300 \u00b0C<\/td>\n<\/tr>\n<tr>\n<td style=\"border: 1px solid #ddd; padding: 8px; width: 45%;\"><strong>Kontrollid<\/strong><\/td>\n<td style=\"border: 1px solid #ddd; padding: 8px;\">Digitaalne<\/td>\n<\/tr>\n<tr>\n<td style=\"border: 1px solid #ddd; padding: 8px; width: 45%;\"><strong>L\u00e4bim\u00f5\u00f5t (pitsa)<\/strong><\/td>\n<td style=\"border: 1px solid #ddd; padding: 8px;\">300 mm (max)<\/td>\n<\/tr>\n<tr>\n<td style=\"border: 1px solid #ddd; padding: 8px; width: 45%;\"><strong>Kiiruse regulaator<\/strong><\/td>\n<td style=\"border: 1px solid #ddd; padding: 8px;\">Jah (seaded vahemikus 4 kuni 75)<\/td>\n<\/tr>\n<\/tbody>\n<\/table>\n","protected":false},"excerpt":{"rendered":"<p>Valmistage mugavalt erinevaid toitlustusroogasid t\u00e4iuslikult selle \u00fche roomikuga lauaarvuti ahjuga. See professionaalne roomitav pitsaahi sobib pitsade, avatud pealmisega v\u00f5ileibade\/bagettide valmistamiseks<\/p>\n","protected":false},"featured_media":14288,"template":"","meta":[],"product_brand":[],"product_cat":[983,724,690,888,571,569,664,723],"product_tag":[],"class_list":{"0":"post-15107","1":"product","2":"type-product","3":"status-publish","4":"has-post-thumbnail","6":"product_cat-varude-selgeks-muuk-koogitarbed","7":"product_cat-elektrilised-pitsaahjud","8":"product_cat-kaup-super-diiliga","9":"product_cat-konveierpitsaahjud","10":"product_cat-laovaru-muuk","11":"product_cat-lopumuuk","12":"product_cat-pitsa-ja-grill","13":"product_cat-pitsaahjud","15":"first","16":"instock","17":"sale","18":"taxable","19":"shipping-taxable","20":"purchasable","21":"product-type-simple"},"yoast_head":"<!-- This site is optimized with the Yoast SEO plugin v27.3 - https:\/\/yoast.com\/product\/yoast-seo-wordpress\/ -->\n<title>Konveier Pitsaahi 16 Pitsat, 12&#039;&#039; Tunnis | Adexa Cp12S - Adexa \u2013 Suurk\u00f6\u00f6giseadmed restoranidele ja toitlustusele<\/title>\n<meta name=\"robots\" content=\"index, follow, max-snippet:-1, max-image-preview:large, max-video-preview:-1\" \/>\n<link rel=\"canonical\" href=\"https:\/\/adexa.ee\/toode\/konveier-pitsaahi-16-pitsat-12-tunnis-adexa-cp12s\/\" \/>\n<meta property=\"og:locale\" content=\"en_US\" \/>\n<meta property=\"og:type\" content=\"article\" \/>\n<meta property=\"og:title\" content=\"Konveier Pitsaahi 16 Pitsat, 12&#039;&#039; Tunnis | Adexa Cp12S - Adexa \u2013 Suurk\u00f6\u00f6giseadmed restoranidele ja toitlustusele\" \/>\n<meta property=\"og:description\" content=\"Valmistage mugavalt erinevaid toitlustusroogasid t\u00e4iuslikult selle \u00fche roomikuga lauaarvuti ahjuga. See professionaalne roomitav pitsaahi sobib pitsade, avatud pealmisega v\u00f5ileibade\/bagettide valmistamiseks\" \/>\n<meta property=\"og:url\" content=\"https:\/\/adexa.ee\/toode\/konveier-pitsaahi-16-pitsat-12-tunnis-adexa-cp12s\/\" \/>\n<meta property=\"og:site_name\" content=\"Adexa \u2013 Suurk\u00f6\u00f6giseadmed restoranidele ja toitlustusele\" \/>\n<meta property=\"article:modified_time\" content=\"2026-03-26T08:25:53+00:00\" \/>\n<meta property=\"og:image\" content=\"https:\/\/adexa.ee\/wp-content\/uploads\/2024\/12\/CP12S-18S.jpg\" \/>\n\t<meta property=\"og:image:width\" content=\"1800\" \/>\n\t<meta property=\"og:image:height\" content=\"1800\" \/>\n\t<meta property=\"og:image:type\" content=\"image\/jpeg\" \/>\n<meta name=\"twitter:card\" content=\"summary_large_image\" \/>\n<meta name=\"twitter:label1\" content=\"Est. reading time\" \/>\n\t<meta name=\"twitter:data1\" content=\"1 minute\" \/>\n<script type=\"application\/ld+json\" class=\"yoast-schema-graph\">{\"@context\":\"https:\\\/\\\/schema.org\",\"@graph\":[{\"@type\":\"WebPage\",\"@id\":\"https:\\\/\\\/adexa.ee\\\/toode\\\/konveier-pitsaahi-16-pitsat-12-tunnis-adexa-cp12s\\\/\",\"url\":\"https:\\\/\\\/adexa.ee\\\/toode\\\/konveier-pitsaahi-16-pitsat-12-tunnis-adexa-cp12s\\\/\",\"name\":\"Konveier Pitsaahi 16 Pitsat, 12'' Tunnis | Adexa Cp12S - Adexa \u2013 Suurk\u00f6\u00f6giseadmed restoranidele ja toitlustusele\",\"isPartOf\":{\"@id\":\"https:\\\/\\\/adexa.ee\\\/#website\"},\"primaryImageOfPage\":{\"@id\":\"https:\\\/\\\/adexa.ee\\\/toode\\\/konveier-pitsaahi-16-pitsat-12-tunnis-adexa-cp12s\\\/#primaryimage\"},\"image\":{\"@id\":\"https:\\\/\\\/adexa.ee\\\/toode\\\/konveier-pitsaahi-16-pitsat-12-tunnis-adexa-cp12s\\\/#primaryimage\"},\"thumbnailUrl\":\"https:\\\/\\\/adexa.ee\\\/wp-content\\\/uploads\\\/2024\\\/12\\\/CP12S-18S.jpg\",\"datePublished\":\"2026-03-26T08:25:47+00:00\",\"dateModified\":\"2026-03-26T08:25:53+00:00\",\"breadcrumb\":{\"@id\":\"https:\\\/\\\/adexa.ee\\\/toode\\\/konveier-pitsaahi-16-pitsat-12-tunnis-adexa-cp12s\\\/#breadcrumb\"},\"inLanguage\":\"en-US\",\"potentialAction\":[{\"@type\":\"ReadAction\",\"target\":[\"https:\\\/\\\/adexa.ee\\\/toode\\\/konveier-pitsaahi-16-pitsat-12-tunnis-adexa-cp12s\\\/\"]}]},{\"@type\":\"ImageObject\",\"inLanguage\":\"en-US\",\"@id\":\"https:\\\/\\\/adexa.ee\\\/toode\\\/konveier-pitsaahi-16-pitsat-12-tunnis-adexa-cp12s\\\/#primaryimage\",\"url\":\"https:\\\/\\\/adexa.ee\\\/wp-content\\\/uploads\\\/2024\\\/12\\\/CP12S-18S.jpg\",\"contentUrl\":\"https:\\\/\\\/adexa.ee\\\/wp-content\\\/uploads\\\/2024\\\/12\\\/CP12S-18S.jpg\",\"width\":1800,\"height\":1800},{\"@type\":\"BreadcrumbList\",\"@id\":\"https:\\\/\\\/adexa.ee\\\/toode\\\/konveier-pitsaahi-16-pitsat-12-tunnis-adexa-cp12s\\\/#breadcrumb\",\"itemListElement\":[{\"@type\":\"ListItem\",\"position\":1,\"name\":\"Home\",\"item\":\"https:\\\/\\\/adexa.ee\\\/\"},{\"@type\":\"ListItem\",\"position\":2,\"name\":\"Tooted\",\"item\":\"https:\\\/\\\/adexa.ee\\\/pood\\\/\"},{\"@type\":\"ListItem\",\"position\":3,\"name\":\"Konveier Pitsaahi 16 Pitsat, 12&#8221; Tunnis | Adexa Cp12S\"}]},{\"@type\":\"WebSite\",\"@id\":\"https:\\\/\\\/adexa.ee\\\/#website\",\"url\":\"https:\\\/\\\/adexa.ee\\\/\",\"name\":\"Adexa\",\"description\":\"\",\"publisher\":{\"@id\":\"https:\\\/\\\/adexa.ee\\\/#organization\"},\"potentialAction\":[{\"@type\":\"SearchAction\",\"target\":{\"@type\":\"EntryPoint\",\"urlTemplate\":\"https:\\\/\\\/adexa.ee\\\/?s={search_term_string}\"},\"query-input\":{\"@type\":\"PropertyValueSpecification\",\"valueRequired\":true,\"valueName\":\"search_term_string\"}}],\"inLanguage\":\"en-US\"},{\"@type\":\"Organization\",\"@id\":\"https:\\\/\\\/adexa.ee\\\/#organization\",\"name\":\"Adexa\",\"url\":\"https:\\\/\\\/adexa.ee\\\/\",\"logo\":{\"@type\":\"ImageObject\",\"inLanguage\":\"en-US\",\"@id\":\"https:\\\/\\\/adexa.ee\\\/#\\\/schema\\\/logo\\\/image\\\/\",\"url\":\"https:\\\/\\\/adexa.ee\\\/wp-content\\\/uploads\\\/2024\\\/04\\\/chef-cooks-working-in-professional-kitchen-2023-11-27-05-07-39-utc-scaled.jpg\",\"contentUrl\":\"https:\\\/\\\/adexa.ee\\\/wp-content\\\/uploads\\\/2024\\\/04\\\/chef-cooks-working-in-professional-kitchen-2023-11-27-05-07-39-utc-scaled.jpg\",\"width\":2560,\"height\":1708,\"caption\":\"Adexa\"},\"image\":{\"@id\":\"https:\\\/\\\/adexa.ee\\\/#\\\/schema\\\/logo\\\/image\\\/\"}}]}<\/script>\n<!-- \/ Yoast SEO plugin. -->","yoast_head_json":{"title":"Konveier Pitsaahi 16 Pitsat, 12'' Tunnis | Adexa Cp12S - Adexa \u2013 Suurk\u00f6\u00f6giseadmed restoranidele ja toitlustusele","robots":{"index":"index","follow":"follow","max-snippet":"max-snippet:-1","max-image-preview":"max-image-preview:large","max-video-preview":"max-video-preview:-1"},"canonical":"https:\/\/adexa.ee\/toode\/konveier-pitsaahi-16-pitsat-12-tunnis-adexa-cp12s\/","og_locale":"en_US","og_type":"article","og_title":"Konveier Pitsaahi 16 Pitsat, 12'' Tunnis | Adexa Cp12S - Adexa \u2013 Suurk\u00f6\u00f6giseadmed restoranidele ja toitlustusele","og_description":"Valmistage mugavalt erinevaid toitlustusroogasid t\u00e4iuslikult selle \u00fche roomikuga lauaarvuti ahjuga. See professionaalne roomitav pitsaahi sobib pitsade, avatud pealmisega v\u00f5ileibade\/bagettide valmistamiseks","og_url":"https:\/\/adexa.ee\/toode\/konveier-pitsaahi-16-pitsat-12-tunnis-adexa-cp12s\/","og_site_name":"Adexa \u2013 Suurk\u00f6\u00f6giseadmed restoranidele ja toitlustusele","article_modified_time":"2026-03-26T08:25:53+00:00","og_image":[{"width":1800,"height":1800,"url":"https:\/\/adexa.ee\/wp-content\/uploads\/2024\/12\/CP12S-18S.jpg","type":"image\/jpeg"}],"twitter_card":"summary_large_image","twitter_misc":{"Est. reading time":"1 minute"},"schema":{"@context":"https:\/\/schema.org","@graph":[{"@type":"WebPage","@id":"https:\/\/adexa.ee\/toode\/konveier-pitsaahi-16-pitsat-12-tunnis-adexa-cp12s\/","url":"https:\/\/adexa.ee\/toode\/konveier-pitsaahi-16-pitsat-12-tunnis-adexa-cp12s\/","name":"Konveier Pitsaahi 16 Pitsat, 12'' Tunnis | Adexa Cp12S - Adexa \u2013 Suurk\u00f6\u00f6giseadmed restoranidele ja toitlustusele","isPartOf":{"@id":"https:\/\/adexa.ee\/#website"},"primaryImageOfPage":{"@id":"https:\/\/adexa.ee\/toode\/konveier-pitsaahi-16-pitsat-12-tunnis-adexa-cp12s\/#primaryimage"},"image":{"@id":"https:\/\/adexa.ee\/toode\/konveier-pitsaahi-16-pitsat-12-tunnis-adexa-cp12s\/#primaryimage"},"thumbnailUrl":"https:\/\/adexa.ee\/wp-content\/uploads\/2024\/12\/CP12S-18S.jpg","datePublished":"2026-03-26T08:25:47+00:00","dateModified":"2026-03-26T08:25:53+00:00","breadcrumb":{"@id":"https:\/\/adexa.ee\/toode\/konveier-pitsaahi-16-pitsat-12-tunnis-adexa-cp12s\/#breadcrumb"},"inLanguage":"en-US","potentialAction":[{"@type":"ReadAction","target":["https:\/\/adexa.ee\/toode\/konveier-pitsaahi-16-pitsat-12-tunnis-adexa-cp12s\/"]}]},{"@type":"ImageObject","inLanguage":"en-US","@id":"https:\/\/adexa.ee\/toode\/konveier-pitsaahi-16-pitsat-12-tunnis-adexa-cp12s\/#primaryimage","url":"https:\/\/adexa.ee\/wp-content\/uploads\/2024\/12\/CP12S-18S.jpg","contentUrl":"https:\/\/adexa.ee\/wp-content\/uploads\/2024\/12\/CP12S-18S.jpg","width":1800,"height":1800},{"@type":"BreadcrumbList","@id":"https:\/\/adexa.ee\/toode\/konveier-pitsaahi-16-pitsat-12-tunnis-adexa-cp12s\/#breadcrumb","itemListElement":[{"@type":"ListItem","position":1,"name":"Home","item":"https:\/\/adexa.ee\/"},{"@type":"ListItem","position":2,"name":"Tooted","item":"https:\/\/adexa.ee\/pood\/"},{"@type":"ListItem","position":3,"name":"Konveier Pitsaahi 16 Pitsat, 12&#8221; Tunnis | Adexa Cp12S"}]},{"@type":"WebSite","@id":"https:\/\/adexa.ee\/#website","url":"https:\/\/adexa.ee\/","name":"Adexa","description":"","publisher":{"@id":"https:\/\/adexa.ee\/#organization"},"potentialAction":[{"@type":"SearchAction","target":{"@type":"EntryPoint","urlTemplate":"https:\/\/adexa.ee\/?s={search_term_string}"},"query-input":{"@type":"PropertyValueSpecification","valueRequired":true,"valueName":"search_term_string"}}],"inLanguage":"en-US"},{"@type":"Organization","@id":"https:\/\/adexa.ee\/#organization","name":"Adexa","url":"https:\/\/adexa.ee\/","logo":{"@type":"ImageObject","inLanguage":"en-US","@id":"https:\/\/adexa.ee\/#\/schema\/logo\/image\/","url":"https:\/\/adexa.ee\/wp-content\/uploads\/2024\/04\/chef-cooks-working-in-professional-kitchen-2023-11-27-05-07-39-utc-scaled.jpg","contentUrl":"https:\/\/adexa.ee\/wp-content\/uploads\/2024\/04\/chef-cooks-working-in-professional-kitchen-2023-11-27-05-07-39-utc-scaled.jpg","width":2560,"height":1708,"caption":"Adexa"},"image":{"@id":"https:\/\/adexa.ee\/#\/schema\/logo\/image\/"}}]}},"_links":{"self":[{"href":"https:\/\/adexa.ee\/en\/wp-json\/wp\/v2\/product\/15107","targetHints":{"allow":["GET"]}}],"collection":[{"href":"https:\/\/adexa.ee\/en\/wp-json\/wp\/v2\/product"}],"about":[{"href":"https:\/\/adexa.ee\/en\/wp-json\/wp\/v2\/types\/product"}],"wp:featuredmedia":[{"embeddable":true,"href":"https:\/\/adexa.ee\/en\/wp-json\/wp\/v2\/media\/14288"}],"wp:attachment":[{"href":"https:\/\/adexa.ee\/en\/wp-json\/wp\/v2\/media?parent=15107"}],"wp:term":[{"taxonomy":"product_brand","embeddable":true,"href":"https:\/\/adexa.ee\/en\/wp-json\/wp\/v2\/product_brand?post=15107"},{"taxonomy":"product_cat","embeddable":true,"href":"https:\/\/adexa.ee\/en\/wp-json\/wp\/v2\/product_cat?post=15107"},{"taxonomy":"product_tag","embeddable":true,"href":"https:\/\/adexa.ee\/en\/wp-json\/wp\/v2\/product_tag?post=15107"}],"curies":[{"name":"wp","href":"https:\/\/api.w.org\/{rel}","templated":true}]}}