{"id":15144,"date":"2026-03-26T10:25:54","date_gmt":"2026-03-26T08:25:54","guid":{"rendered":"https:\/\/adexa.ee\/toode\/pitsakoorik-roostevaba-teras-o255mm-10-adexa-rpp10p\/"},"modified":"2026-03-26T10:25:57","modified_gmt":"2026-03-26T08:25:57","slug":"pitsalabidas-roostevaba-teras-o255mm-10-adexa-rpp10p","status":"publish","type":"product","link":"https:\/\/adexa.ee\/en\/toode\/pitsalabidas-roostevaba-teras-o255mm-10-adexa-rpp10p\/","title":{"rendered":"Pitsalabidas Roostevaba teras \u00d8255mm\/10&#8221; | Adexa RPP10P"},"content":{"rendered":"<p>Pitsalabidas, ideaalne k\u00f5ikidele grillidele, kookidele, k\u00fcpsistele ja isegi pitsadele ahjurestidel. \u00dcmmargune pind keskmise suurusega pizza ja leiva jaoks. Pitsalabidas on valmistatud korrosiooni- ja kuumuskindlast roostevabast terasest, see on mittetoksiline ja vastupidav tugevate neetitud \u00fchenduskohtadega, millel pole pragunemist. V\u00e4ga mugav kasutada, sobib koduseks pitsade valmistamiseks. Riputuskonstruktsiooniga pitsalabidat saab k\u00f6\u00f6giruumi s\u00e4\u00e4stmiseks riputada seinale konksu k\u00fclge. T\u00e4iuslik pitsat\u00f6\u00f6riist, mis on ideaalselt paigaldatav, et turvaliselt t\u00f5sta pitsad ja koogid anumatesse. Suurus on sobiv ja v\u00f5imaldab h\u00f5lpsalt t\u00f5sta pitsasid, kooke, leibu jne. Masinpesu ohutu, mis teeb puhastamise palju lihtsamaks ja v\u00e4hem t\u00fclikaks. Enne kasutamist puistake labidale piisav kogus jahu, et v\u00e4ltida taina kleepumist. Pitsakooriku serv on valmistatud roostevabast terasest ja on v\u00e4ga terav, kasutamise ajal tuleb rakendada kaitsemeetmeid, et v\u00e4ltida k\u00e4te vigastusi. T\u00e4pse teabe saamiseks vaadake jaotist &#8220;Spetsifikatsioon&#8221;.<\/p>\n<table style=\"border-collapse: collapse; width: 100%; text-align: left;\">\n<tbody>\n<tr>\n<td style=\"border: 1px solid #ddd; padding: 8px; width: 45%;\"><strong>Kaal<\/strong><\/td>\n<td style=\"border: 1px solid #ddd; padding: 8px;\">0.5 kg<\/td>\n<\/tr>\n<tr>\n<td style=\"border: 1px solid #ddd; padding: 8px; width: 45%;\"><strong>Garantii<\/strong><\/td>\n<td style=\"border: 1px solid #ddd; padding: 8px;\">12 kuu varuosade garantii<\/td>\n<\/tr>\n<tr>\n<td style=\"border: 1px solid #ddd; padding: 8px; width: 45%;\"><strong>Materjal<\/strong><\/td>\n<td style=\"border: 1px solid #ddd; padding: 8px;\">Roostevaba teras \/ Plastik<\/td>\n<\/tr>\n<tr>\n<td style=\"border: 1px solid #ddd; padding: 8px; width: 45%;\"><strong>L\u00e4bim\u00f5\u00f5t<\/strong><\/td>\n<td style=\"border: 1px solid #ddd; padding: 8px;\">10&#8221; \/ 255 mm<\/td>\n<\/tr>\n<tr>\n<td style=\"border: 1px solid #ddd; padding: 8px; width: 45%;\"><strong>Pikkus<\/strong><\/td>\n<td style=\"border: 1px solid #ddd; padding: 8px;\">440 mm<\/td>\n<\/tr>\n<\/tbody>\n<\/table>\n","protected":false},"excerpt":{"rendered":"<p>Pitsalabidas, ideaalne k\u00f5ikidele grillidele, kookidele, k\u00fcpsistele ja isegi pitsadele ahjurestidel. \u00dcmmargune pind keskmise suurusega pizza ja leiva jaoks. Pitsalabidas on<\/p>\n","protected":false},"featured_media":13661,"template":"","meta":[],"product_brand":[],"product_cat":[580,579,665,569,664,666,742,586],"product_tag":[],"class_list":{"0":"post-15144","1":"product","2":"type-product","3":"status-publish","4":"has-post-thumbnail","6":"product_cat-koogiriistad","7":"product_cat-koogitarbed-noud","8":"product_cat-ladustamine-transport","9":"product_cat-lopumuuk","10":"product_cat-pitsa-ja-grill","11":"product_cat-pitsa-ladustamine-ja-transport","12":"product_cat-pitsatarvikud","13":"product_cat-serveerimine","15":"first","16":"instock","17":"sale","18":"taxable","19":"shipping-taxable","20":"purchasable","21":"product-type-simple"},"yoast_head":"<!-- This site is optimized with the Yoast SEO plugin v27.3 - https:\/\/yoast.com\/product\/yoast-seo-wordpress\/ -->\n<title>Pitsalabidas Roostevaba teras \u00d8255mm\/10&#039;&#039; | Adexa RPP10P - Adexa \u2013 Suurk\u00f6\u00f6giseadmed restoranidele ja toitlustusele<\/title>\n<meta name=\"robots\" content=\"index, follow, max-snippet:-1, max-image-preview:large, max-video-preview:-1\" \/>\n<link rel=\"canonical\" href=\"https:\/\/adexa.ee\/toode\/pitsalabidas-roostevaba-teras-o255mm-10-adexa-rpp10p\/\" \/>\n<meta property=\"og:locale\" content=\"en_US\" \/>\n<meta property=\"og:type\" content=\"article\" \/>\n<meta property=\"og:title\" content=\"Pitsalabidas Roostevaba teras \u00d8255mm\/10&#039;&#039; | Adexa RPP10P - Adexa \u2013 Suurk\u00f6\u00f6giseadmed restoranidele ja toitlustusele\" \/>\n<meta property=\"og:description\" content=\"Pitsalabidas, ideaalne k\u00f5ikidele grillidele, kookidele, k\u00fcpsistele ja isegi pitsadele ahjurestidel. \u00dcmmargune pind keskmise suurusega pizza ja leiva jaoks. Pitsalabidas on\" \/>\n<meta property=\"og:url\" content=\"https:\/\/adexa.ee\/toode\/pitsalabidas-roostevaba-teras-o255mm-10-adexa-rpp10p\/\" \/>\n<meta property=\"og:site_name\" content=\"Adexa \u2013 Suurk\u00f6\u00f6giseadmed restoranidele ja toitlustusele\" \/>\n<meta property=\"article:modified_time\" content=\"2026-03-26T08:25:57+00:00\" \/>\n<meta property=\"og:image\" content=\"https:\/\/adexa.ee\/wp-content\/uploads\/2024\/12\/RPP10P.jpg\" \/>\n\t<meta property=\"og:image:width\" content=\"1500\" \/>\n\t<meta property=\"og:image:height\" content=\"1500\" \/>\n\t<meta property=\"og:image:type\" content=\"image\/jpeg\" \/>\n<meta name=\"twitter:card\" content=\"summary_large_image\" \/>\n<meta name=\"twitter:label1\" content=\"Est. reading time\" \/>\n\t<meta name=\"twitter:data1\" content=\"1 minute\" \/>\n<script type=\"application\/ld+json\" class=\"yoast-schema-graph\">{\"@context\":\"https:\\\/\\\/schema.org\",\"@graph\":[{\"@type\":\"WebPage\",\"@id\":\"https:\\\/\\\/adexa.ee\\\/toode\\\/pitsalabidas-roostevaba-teras-o255mm-10-adexa-rpp10p\\\/\",\"url\":\"https:\\\/\\\/adexa.ee\\\/toode\\\/pitsalabidas-roostevaba-teras-o255mm-10-adexa-rpp10p\\\/\",\"name\":\"Pitsalabidas Roostevaba teras \u00d8255mm\\\/10'' | Adexa RPP10P - Adexa \u2013 Suurk\u00f6\u00f6giseadmed restoranidele ja toitlustusele\",\"isPartOf\":{\"@id\":\"https:\\\/\\\/adexa.ee\\\/#website\"},\"primaryImageOfPage\":{\"@id\":\"https:\\\/\\\/adexa.ee\\\/toode\\\/pitsalabidas-roostevaba-teras-o255mm-10-adexa-rpp10p\\\/#primaryimage\"},\"image\":{\"@id\":\"https:\\\/\\\/adexa.ee\\\/toode\\\/pitsalabidas-roostevaba-teras-o255mm-10-adexa-rpp10p\\\/#primaryimage\"},\"thumbnailUrl\":\"https:\\\/\\\/adexa.ee\\\/wp-content\\\/uploads\\\/2024\\\/12\\\/RPP10P.jpg\",\"datePublished\":\"2026-03-26T08:25:54+00:00\",\"dateModified\":\"2026-03-26T08:25:57+00:00\",\"breadcrumb\":{\"@id\":\"https:\\\/\\\/adexa.ee\\\/toode\\\/pitsalabidas-roostevaba-teras-o255mm-10-adexa-rpp10p\\\/#breadcrumb\"},\"inLanguage\":\"en-US\",\"potentialAction\":[{\"@type\":\"ReadAction\",\"target\":[\"https:\\\/\\\/adexa.ee\\\/toode\\\/pitsalabidas-roostevaba-teras-o255mm-10-adexa-rpp10p\\\/\"]}]},{\"@type\":\"ImageObject\",\"inLanguage\":\"en-US\",\"@id\":\"https:\\\/\\\/adexa.ee\\\/toode\\\/pitsalabidas-roostevaba-teras-o255mm-10-adexa-rpp10p\\\/#primaryimage\",\"url\":\"https:\\\/\\\/adexa.ee\\\/wp-content\\\/uploads\\\/2024\\\/12\\\/RPP10P.jpg\",\"contentUrl\":\"https:\\\/\\\/adexa.ee\\\/wp-content\\\/uploads\\\/2024\\\/12\\\/RPP10P.jpg\",\"width\":1500,\"height\":1500},{\"@type\":\"BreadcrumbList\",\"@id\":\"https:\\\/\\\/adexa.ee\\\/toode\\\/pitsalabidas-roostevaba-teras-o255mm-10-adexa-rpp10p\\\/#breadcrumb\",\"itemListElement\":[{\"@type\":\"ListItem\",\"position\":1,\"name\":\"Home\",\"item\":\"https:\\\/\\\/adexa.ee\\\/\"},{\"@type\":\"ListItem\",\"position\":2,\"name\":\"Tooted\",\"item\":\"https:\\\/\\\/adexa.ee\\\/pood\\\/\"},{\"@type\":\"ListItem\",\"position\":3,\"name\":\"Pitsalabidas Roostevaba teras \u00d8255mm\\\/10&#8221; | Adexa RPP10P\"}]},{\"@type\":\"WebSite\",\"@id\":\"https:\\\/\\\/adexa.ee\\\/#website\",\"url\":\"https:\\\/\\\/adexa.ee\\\/\",\"name\":\"Adexa\",\"description\":\"\",\"publisher\":{\"@id\":\"https:\\\/\\\/adexa.ee\\\/#organization\"},\"potentialAction\":[{\"@type\":\"SearchAction\",\"target\":{\"@type\":\"EntryPoint\",\"urlTemplate\":\"https:\\\/\\\/adexa.ee\\\/?s={search_term_string}\"},\"query-input\":{\"@type\":\"PropertyValueSpecification\",\"valueRequired\":true,\"valueName\":\"search_term_string\"}}],\"inLanguage\":\"en-US\"},{\"@type\":\"Organization\",\"@id\":\"https:\\\/\\\/adexa.ee\\\/#organization\",\"name\":\"Adexa\",\"url\":\"https:\\\/\\\/adexa.ee\\\/\",\"logo\":{\"@type\":\"ImageObject\",\"inLanguage\":\"en-US\",\"@id\":\"https:\\\/\\\/adexa.ee\\\/#\\\/schema\\\/logo\\\/image\\\/\",\"url\":\"https:\\\/\\\/adexa.ee\\\/wp-content\\\/uploads\\\/2024\\\/04\\\/chef-cooks-working-in-professional-kitchen-2023-11-27-05-07-39-utc-scaled.jpg\",\"contentUrl\":\"https:\\\/\\\/adexa.ee\\\/wp-content\\\/uploads\\\/2024\\\/04\\\/chef-cooks-working-in-professional-kitchen-2023-11-27-05-07-39-utc-scaled.jpg\",\"width\":2560,\"height\":1708,\"caption\":\"Adexa\"},\"image\":{\"@id\":\"https:\\\/\\\/adexa.ee\\\/#\\\/schema\\\/logo\\\/image\\\/\"}}]}<\/script>\n<!-- \/ Yoast SEO plugin. -->","yoast_head_json":{"title":"Pitsalabidas Roostevaba teras \u00d8255mm\/10'' | Adexa RPP10P - Adexa \u2013 Suurk\u00f6\u00f6giseadmed restoranidele ja toitlustusele","robots":{"index":"index","follow":"follow","max-snippet":"max-snippet:-1","max-image-preview":"max-image-preview:large","max-video-preview":"max-video-preview:-1"},"canonical":"https:\/\/adexa.ee\/toode\/pitsalabidas-roostevaba-teras-o255mm-10-adexa-rpp10p\/","og_locale":"en_US","og_type":"article","og_title":"Pitsalabidas Roostevaba teras \u00d8255mm\/10'' | Adexa RPP10P - Adexa \u2013 Suurk\u00f6\u00f6giseadmed restoranidele ja toitlustusele","og_description":"Pitsalabidas, ideaalne k\u00f5ikidele grillidele, kookidele, k\u00fcpsistele ja isegi pitsadele ahjurestidel. \u00dcmmargune pind keskmise suurusega pizza ja leiva jaoks. Pitsalabidas on","og_url":"https:\/\/adexa.ee\/toode\/pitsalabidas-roostevaba-teras-o255mm-10-adexa-rpp10p\/","og_site_name":"Adexa \u2013 Suurk\u00f6\u00f6giseadmed restoranidele ja toitlustusele","article_modified_time":"2026-03-26T08:25:57+00:00","og_image":[{"width":1500,"height":1500,"url":"https:\/\/adexa.ee\/wp-content\/uploads\/2024\/12\/RPP10P.jpg","type":"image\/jpeg"}],"twitter_card":"summary_large_image","twitter_misc":{"Est. reading time":"1 minute"},"schema":{"@context":"https:\/\/schema.org","@graph":[{"@type":"WebPage","@id":"https:\/\/adexa.ee\/toode\/pitsalabidas-roostevaba-teras-o255mm-10-adexa-rpp10p\/","url":"https:\/\/adexa.ee\/toode\/pitsalabidas-roostevaba-teras-o255mm-10-adexa-rpp10p\/","name":"Pitsalabidas Roostevaba teras \u00d8255mm\/10'' | Adexa RPP10P - Adexa \u2013 Suurk\u00f6\u00f6giseadmed restoranidele ja toitlustusele","isPartOf":{"@id":"https:\/\/adexa.ee\/#website"},"primaryImageOfPage":{"@id":"https:\/\/adexa.ee\/toode\/pitsalabidas-roostevaba-teras-o255mm-10-adexa-rpp10p\/#primaryimage"},"image":{"@id":"https:\/\/adexa.ee\/toode\/pitsalabidas-roostevaba-teras-o255mm-10-adexa-rpp10p\/#primaryimage"},"thumbnailUrl":"https:\/\/adexa.ee\/wp-content\/uploads\/2024\/12\/RPP10P.jpg","datePublished":"2026-03-26T08:25:54+00:00","dateModified":"2026-03-26T08:25:57+00:00","breadcrumb":{"@id":"https:\/\/adexa.ee\/toode\/pitsalabidas-roostevaba-teras-o255mm-10-adexa-rpp10p\/#breadcrumb"},"inLanguage":"en-US","potentialAction":[{"@type":"ReadAction","target":["https:\/\/adexa.ee\/toode\/pitsalabidas-roostevaba-teras-o255mm-10-adexa-rpp10p\/"]}]},{"@type":"ImageObject","inLanguage":"en-US","@id":"https:\/\/adexa.ee\/toode\/pitsalabidas-roostevaba-teras-o255mm-10-adexa-rpp10p\/#primaryimage","url":"https:\/\/adexa.ee\/wp-content\/uploads\/2024\/12\/RPP10P.jpg","contentUrl":"https:\/\/adexa.ee\/wp-content\/uploads\/2024\/12\/RPP10P.jpg","width":1500,"height":1500},{"@type":"BreadcrumbList","@id":"https:\/\/adexa.ee\/toode\/pitsalabidas-roostevaba-teras-o255mm-10-adexa-rpp10p\/#breadcrumb","itemListElement":[{"@type":"ListItem","position":1,"name":"Home","item":"https:\/\/adexa.ee\/"},{"@type":"ListItem","position":2,"name":"Tooted","item":"https:\/\/adexa.ee\/pood\/"},{"@type":"ListItem","position":3,"name":"Pitsalabidas Roostevaba teras \u00d8255mm\/10&#8221; | Adexa RPP10P"}]},{"@type":"WebSite","@id":"https:\/\/adexa.ee\/#website","url":"https:\/\/adexa.ee\/","name":"Adexa","description":"","publisher":{"@id":"https:\/\/adexa.ee\/#organization"},"potentialAction":[{"@type":"SearchAction","target":{"@type":"EntryPoint","urlTemplate":"https:\/\/adexa.ee\/?s={search_term_string}"},"query-input":{"@type":"PropertyValueSpecification","valueRequired":true,"valueName":"search_term_string"}}],"inLanguage":"en-US"},{"@type":"Organization","@id":"https:\/\/adexa.ee\/#organization","name":"Adexa","url":"https:\/\/adexa.ee\/","logo":{"@type":"ImageObject","inLanguage":"en-US","@id":"https:\/\/adexa.ee\/#\/schema\/logo\/image\/","url":"https:\/\/adexa.ee\/wp-content\/uploads\/2024\/04\/chef-cooks-working-in-professional-kitchen-2023-11-27-05-07-39-utc-scaled.jpg","contentUrl":"https:\/\/adexa.ee\/wp-content\/uploads\/2024\/04\/chef-cooks-working-in-professional-kitchen-2023-11-27-05-07-39-utc-scaled.jpg","width":2560,"height":1708,"caption":"Adexa"},"image":{"@id":"https:\/\/adexa.ee\/#\/schema\/logo\/image\/"}}]}},"_links":{"self":[{"href":"https:\/\/adexa.ee\/en\/wp-json\/wp\/v2\/product\/15144","targetHints":{"allow":["GET"]}}],"collection":[{"href":"https:\/\/adexa.ee\/en\/wp-json\/wp\/v2\/product"}],"about":[{"href":"https:\/\/adexa.ee\/en\/wp-json\/wp\/v2\/types\/product"}],"wp:featuredmedia":[{"embeddable":true,"href":"https:\/\/adexa.ee\/en\/wp-json\/wp\/v2\/media\/13661"}],"wp:attachment":[{"href":"https:\/\/adexa.ee\/en\/wp-json\/wp\/v2\/media?parent=15144"}],"wp:term":[{"taxonomy":"product_brand","embeddable":true,"href":"https:\/\/adexa.ee\/en\/wp-json\/wp\/v2\/product_brand?post=15144"},{"taxonomy":"product_cat","embeddable":true,"href":"https:\/\/adexa.ee\/en\/wp-json\/wp\/v2\/product_cat?post=15144"},{"taxonomy":"product_tag","embeddable":true,"href":"https:\/\/adexa.ee\/en\/wp-json\/wp\/v2\/product_tag?post=15144"}],"curies":[{"name":"wp","href":"https:\/\/api.w.org\/{rel}","templated":true}]}}