{"id":15173,"date":"2026-03-26T10:25:54","date_gmt":"2026-03-26T08:25:54","guid":{"rendered":"https:\/\/adexa.ee\/toode\/professionaalne-elektriline-plaatkuttega-lihapraadimisplaat-kapialusega-12kw-sile-triibuline-900mm-sugavus-adexa-her906a\/"},"modified":"2026-03-26T10:25:59","modified_gmt":"2026-03-26T08:25:59","slug":"professionaalne-elektriline-praeplaat-aluskapiga-12kw-sile-triibuline-900mm-sugavus-adexa-her906a","status":"publish","type":"product","link":"https:\/\/adexa.ee\/en\/toode\/professionaalne-elektriline-praeplaat-aluskapiga-12kw-sile-triibuline-900mm-sugavus-adexa-her906a\/","title":{"rendered":"Professionaalne elektriline praeplaat  Aluskapiga 12kW sile\/triibuline 900mm s\u00fcgavus | Adexa HER906A"},"content":{"rendered":"<p>V\u00f5imas ja t\u00f6\u00f6kindel, see esmaklassiline ja suure koormusega kommertslik frit\u00fc\u00fcrilaat on suure k\u00fcpsetuspinnaga, mis sobib ideaalselt hotelli v\u00f5i restorani hommiku-, l\u00f5una- v\u00f5i \u00f5htus\u00f6\u00f6giks. Tugevad ja vastupidavad p\u00f5letid tagavad kiire kuumenemise ja \u00fchtlase soojuse jaotamise \u00fcle kogu laia praeplaadi pinna. Lihtsate nuppl\u00fclititega on see toitlustamiseks m\u00f5eldud frit\u00fc\u00fcrplaat uskumatult lihtne kasutada. 900mm s\u00fcgavune elektriline plaatk\u00fctteki isegi meie modulaarsetesse k\u00fcpsetuskomplektidesse.&nbsp;M\u00f5\u00f5tmed: 800x900x920mmGrillimisala: 702x612mmV\u00f5imsus: 12kWToiteallikas:&nbsp;380V\/50HZTemperatuuri vahemik: +50\u00b0c kuni +300\u00b0cK\u00fcpsetuspind: 2\/3 sile \/ 1\/3 triibuline2 k\u00fcpsetusalaLihtne puhastada ja h\u00fcgieeniline2 uksega kapialusRoostevabast terasest korpusDokumendidKl\u00f5psake siia, et alla laadida kasutusjuhendVaata rubriiki &#8216;Spetsifikatsioon&#8217; \u00fcksikasjaliku teabe saamiseks.<\/p>\n<table style=\"border-collapse: collapse; width: 100%; text-align: left;\">\n<tbody>\n<tr>\n<td style=\"border: 1px solid #ddd; padding: 8px; width: 45%;\"><strong>S\u00fcgavus<\/strong><\/td>\n<td style=\"border: 1px solid #ddd; padding: 8px;\">900 mm<\/td>\n<\/tr>\n<tr>\n<td style=\"border: 1px solid #ddd; padding: 8px; width: 45%;\"><strong>K\u00f5rgus<\/strong><\/td>\n<td style=\"border: 1px solid #ddd; padding: 8px;\">920 mm<\/td>\n<\/tr>\n<tr>\n<td style=\"border: 1px solid #ddd; padding: 8px; width: 45%;\"><strong>Laius<\/strong><\/td>\n<td style=\"border: 1px solid #ddd; padding: 8px;\">800 mm<\/td>\n<\/tr>\n<tr>\n<td style=\"border: 1px solid #ddd; padding: 8px; width: 45%;\"><strong>Kaal<\/strong><\/td>\n<td style=\"border: 1px solid #ddd; padding: 8px;\">108 kg<\/td>\n<\/tr>\n<tr>\n<td style=\"border: 1px solid #ddd; padding: 8px; width: 45%;\"><strong>Garantii<\/strong><\/td>\n<td style=\"border: 1px solid #ddd; padding: 8px;\">12 kuu varuosade garantii<\/td>\n<\/tr>\n<tr>\n<td style=\"border: 1px solid #ddd; padding: 8px; width: 45%;\"><strong>Versioon<\/strong><\/td>\n<td style=\"border: 1px solid #ddd; padding: 8px;\">2\/3 sile, 1\/3 sooniline pealispind<\/td>\n<\/tr>\n<tr>\n<td style=\"border: 1px solid #ddd; padding: 8px; width: 45%;\"><strong>Toiteallikas<\/strong><\/td>\n<td style=\"border: 1px solid #ddd; padding: 8px;\">380V \/ 3 faasi<\/td>\n<\/tr>\n<tr>\n<td style=\"border: 1px solid #ddd; padding: 8px; width: 45%;\"><strong>Materjal<\/strong><\/td>\n<td style=\"border: 1px solid #ddd; padding: 8px;\">Roostevaba teras<\/td>\n<\/tr>\n<tr>\n<td style=\"border: 1px solid #ddd; padding: 8px; width: 45%;\"><strong>Temperatuur<\/strong><\/td>\n<td style=\"border: 1px solid #ddd; padding: 8px;\">+50\u00b0C kuni +300\u00b0C<\/td>\n<\/tr>\n<\/tbody>\n<\/table>\n","protected":false},"excerpt":{"rendered":"<p>V\u00f5imas ja t\u00f6\u00f6kindel, see esmaklassiline ja suure koormusega kommertslik frit\u00fc\u00fcrilaat on suure k\u00fcpsetuspinnaga, mis sobib ideaalselt hotelli v\u00f5i restorani hommiku-,<\/p>\n","protected":false},"featured_media":15178,"template":"","meta":[],"product_brand":[],"product_cat":[983,740,591,589,590,557,588,571,594],"product_tag":[],"class_list":{"0":"post-15173","1":"product","2":"type-product","3":"status-publish","4":"has-post-thumbnail","6":"product_cat-varude-selgeks-muuk-koogitarbed","7":"product_cat-900-mm-sugavused","8":"product_cat-elektrilised","9":"product_cat-grillplaadid","10":"product_cat-grillplaadid-kupsetusseadmed","11":"product_cat-kupsetusseadmed","12":"product_cat-kuumseadmed","13":"product_cat-laovaru-muuk","14":"product_cat-mitmekesine-toiduvalmistamine","16":"first","17":"instock","18":"sale","19":"taxable","20":"shipping-taxable","21":"purchasable","22":"product-type-simple"},"yoast_head":"<!-- This site is optimized with the Yoast SEO plugin v27.3 - https:\/\/yoast.com\/product\/yoast-seo-wordpress\/ -->\n<title>Professionaalne elektriline praeplaat Aluskapiga 12kW sile\/triibuline 900mm s\u00fcgavus | Adexa HER906A - Adexa \u2013 Suurk\u00f6\u00f6giseadmed restoranidele ja toitlustusele<\/title>\n<meta name=\"robots\" content=\"index, follow, max-snippet:-1, max-image-preview:large, max-video-preview:-1\" \/>\n<link rel=\"canonical\" href=\"https:\/\/adexa.ee\/toode\/professionaalne-elektriline-praeplaat-aluskapiga-12kw-sile-triibuline-900mm-sugavus-adexa-her906a\/\" \/>\n<meta property=\"og:locale\" content=\"en_US\" \/>\n<meta property=\"og:type\" content=\"article\" \/>\n<meta property=\"og:title\" content=\"Professionaalne elektriline praeplaat Aluskapiga 12kW sile\/triibuline 900mm s\u00fcgavus | Adexa HER906A - Adexa \u2013 Suurk\u00f6\u00f6giseadmed restoranidele ja toitlustusele\" \/>\n<meta property=\"og:description\" content=\"V\u00f5imas ja t\u00f6\u00f6kindel, see esmaklassiline ja suure koormusega kommertslik frit\u00fc\u00fcrilaat on suure k\u00fcpsetuspinnaga, mis sobib ideaalselt hotelli v\u00f5i restorani hommiku-,\" \/>\n<meta property=\"og:url\" content=\"https:\/\/adexa.ee\/toode\/professionaalne-elektriline-praeplaat-aluskapiga-12kw-sile-triibuline-900mm-sugavus-adexa-her906a\/\" \/>\n<meta property=\"og:site_name\" content=\"Adexa \u2013 Suurk\u00f6\u00f6giseadmed restoranidele ja toitlustusele\" \/>\n<meta property=\"article:modified_time\" content=\"2026-03-26T08:25:59+00:00\" \/>\n<meta property=\"og:image\" content=\"https:\/\/adexa.ee\/wp-content\/uploads\/2024\/12\/HER906A.jpg\" \/>\n\t<meta property=\"og:image:width\" content=\"2000\" \/>\n\t<meta property=\"og:image:height\" content=\"2000\" \/>\n\t<meta property=\"og:image:type\" content=\"image\/jpeg\" \/>\n<meta name=\"twitter:card\" content=\"summary_large_image\" \/>\n<meta name=\"twitter:label1\" content=\"Est. reading time\" \/>\n\t<meta name=\"twitter:data1\" content=\"1 minute\" \/>\n<script type=\"application\/ld+json\" class=\"yoast-schema-graph\">{\"@context\":\"https:\\\/\\\/schema.org\",\"@graph\":[{\"@type\":\"WebPage\",\"@id\":\"https:\\\/\\\/adexa.ee\\\/toode\\\/professionaalne-elektriline-praeplaat-aluskapiga-12kw-sile-triibuline-900mm-sugavus-adexa-her906a\\\/\",\"url\":\"https:\\\/\\\/adexa.ee\\\/toode\\\/professionaalne-elektriline-praeplaat-aluskapiga-12kw-sile-triibuline-900mm-sugavus-adexa-her906a\\\/\",\"name\":\"Professionaalne elektriline praeplaat Aluskapiga 12kW sile\\\/triibuline 900mm s\u00fcgavus | Adexa HER906A - Adexa \u2013 Suurk\u00f6\u00f6giseadmed restoranidele ja toitlustusele\",\"isPartOf\":{\"@id\":\"https:\\\/\\\/adexa.ee\\\/#website\"},\"primaryImageOfPage\":{\"@id\":\"https:\\\/\\\/adexa.ee\\\/toode\\\/professionaalne-elektriline-praeplaat-aluskapiga-12kw-sile-triibuline-900mm-sugavus-adexa-her906a\\\/#primaryimage\"},\"image\":{\"@id\":\"https:\\\/\\\/adexa.ee\\\/toode\\\/professionaalne-elektriline-praeplaat-aluskapiga-12kw-sile-triibuline-900mm-sugavus-adexa-her906a\\\/#primaryimage\"},\"thumbnailUrl\":\"https:\\\/\\\/adexa.ee\\\/wp-content\\\/uploads\\\/2024\\\/12\\\/HER906A.jpg\",\"datePublished\":\"2026-03-26T08:25:54+00:00\",\"dateModified\":\"2026-03-26T08:25:59+00:00\",\"breadcrumb\":{\"@id\":\"https:\\\/\\\/adexa.ee\\\/toode\\\/professionaalne-elektriline-praeplaat-aluskapiga-12kw-sile-triibuline-900mm-sugavus-adexa-her906a\\\/#breadcrumb\"},\"inLanguage\":\"en-US\",\"potentialAction\":[{\"@type\":\"ReadAction\",\"target\":[\"https:\\\/\\\/adexa.ee\\\/toode\\\/professionaalne-elektriline-praeplaat-aluskapiga-12kw-sile-triibuline-900mm-sugavus-adexa-her906a\\\/\"]}]},{\"@type\":\"ImageObject\",\"inLanguage\":\"en-US\",\"@id\":\"https:\\\/\\\/adexa.ee\\\/toode\\\/professionaalne-elektriline-praeplaat-aluskapiga-12kw-sile-triibuline-900mm-sugavus-adexa-her906a\\\/#primaryimage\",\"url\":\"https:\\\/\\\/adexa.ee\\\/wp-content\\\/uploads\\\/2024\\\/12\\\/HER906A.jpg\",\"contentUrl\":\"https:\\\/\\\/adexa.ee\\\/wp-content\\\/uploads\\\/2024\\\/12\\\/HER906A.jpg\",\"width\":2000,\"height\":2000},{\"@type\":\"BreadcrumbList\",\"@id\":\"https:\\\/\\\/adexa.ee\\\/toode\\\/professionaalne-elektriline-praeplaat-aluskapiga-12kw-sile-triibuline-900mm-sugavus-adexa-her906a\\\/#breadcrumb\",\"itemListElement\":[{\"@type\":\"ListItem\",\"position\":1,\"name\":\"Home\",\"item\":\"https:\\\/\\\/adexa.ee\\\/\"},{\"@type\":\"ListItem\",\"position\":2,\"name\":\"Tooted\",\"item\":\"https:\\\/\\\/adexa.ee\\\/pood\\\/\"},{\"@type\":\"ListItem\",\"position\":3,\"name\":\"Professionaalne elektriline praeplaat Aluskapiga 12kW sile\\\/triibuline 900mm s\u00fcgavus | Adexa HER906A\"}]},{\"@type\":\"WebSite\",\"@id\":\"https:\\\/\\\/adexa.ee\\\/#website\",\"url\":\"https:\\\/\\\/adexa.ee\\\/\",\"name\":\"Adexa\",\"description\":\"\",\"publisher\":{\"@id\":\"https:\\\/\\\/adexa.ee\\\/#organization\"},\"potentialAction\":[{\"@type\":\"SearchAction\",\"target\":{\"@type\":\"EntryPoint\",\"urlTemplate\":\"https:\\\/\\\/adexa.ee\\\/?s={search_term_string}\"},\"query-input\":{\"@type\":\"PropertyValueSpecification\",\"valueRequired\":true,\"valueName\":\"search_term_string\"}}],\"inLanguage\":\"en-US\"},{\"@type\":\"Organization\",\"@id\":\"https:\\\/\\\/adexa.ee\\\/#organization\",\"name\":\"Adexa\",\"url\":\"https:\\\/\\\/adexa.ee\\\/\",\"logo\":{\"@type\":\"ImageObject\",\"inLanguage\":\"en-US\",\"@id\":\"https:\\\/\\\/adexa.ee\\\/#\\\/schema\\\/logo\\\/image\\\/\",\"url\":\"https:\\\/\\\/adexa.ee\\\/wp-content\\\/uploads\\\/2024\\\/04\\\/chef-cooks-working-in-professional-kitchen-2023-11-27-05-07-39-utc-scaled.jpg\",\"contentUrl\":\"https:\\\/\\\/adexa.ee\\\/wp-content\\\/uploads\\\/2024\\\/04\\\/chef-cooks-working-in-professional-kitchen-2023-11-27-05-07-39-utc-scaled.jpg\",\"width\":2560,\"height\":1708,\"caption\":\"Adexa\"},\"image\":{\"@id\":\"https:\\\/\\\/adexa.ee\\\/#\\\/schema\\\/logo\\\/image\\\/\"}}]}<\/script>\n<!-- \/ Yoast SEO plugin. -->","yoast_head_json":{"title":"Professionaalne elektriline praeplaat Aluskapiga 12kW sile\/triibuline 900mm s\u00fcgavus | Adexa HER906A - Adexa \u2013 Suurk\u00f6\u00f6giseadmed restoranidele ja toitlustusele","robots":{"index":"index","follow":"follow","max-snippet":"max-snippet:-1","max-image-preview":"max-image-preview:large","max-video-preview":"max-video-preview:-1"},"canonical":"https:\/\/adexa.ee\/toode\/professionaalne-elektriline-praeplaat-aluskapiga-12kw-sile-triibuline-900mm-sugavus-adexa-her906a\/","og_locale":"en_US","og_type":"article","og_title":"Professionaalne elektriline praeplaat Aluskapiga 12kW sile\/triibuline 900mm s\u00fcgavus | Adexa HER906A - Adexa \u2013 Suurk\u00f6\u00f6giseadmed restoranidele ja toitlustusele","og_description":"V\u00f5imas ja t\u00f6\u00f6kindel, see esmaklassiline ja suure koormusega kommertslik frit\u00fc\u00fcrilaat on suure k\u00fcpsetuspinnaga, mis sobib ideaalselt hotelli v\u00f5i restorani hommiku-,","og_url":"https:\/\/adexa.ee\/toode\/professionaalne-elektriline-praeplaat-aluskapiga-12kw-sile-triibuline-900mm-sugavus-adexa-her906a\/","og_site_name":"Adexa \u2013 Suurk\u00f6\u00f6giseadmed restoranidele ja toitlustusele","article_modified_time":"2026-03-26T08:25:59+00:00","og_image":[{"width":2000,"height":2000,"url":"https:\/\/adexa.ee\/wp-content\/uploads\/2024\/12\/HER906A.jpg","type":"image\/jpeg"}],"twitter_card":"summary_large_image","twitter_misc":{"Est. reading time":"1 minute"},"schema":{"@context":"https:\/\/schema.org","@graph":[{"@type":"WebPage","@id":"https:\/\/adexa.ee\/toode\/professionaalne-elektriline-praeplaat-aluskapiga-12kw-sile-triibuline-900mm-sugavus-adexa-her906a\/","url":"https:\/\/adexa.ee\/toode\/professionaalne-elektriline-praeplaat-aluskapiga-12kw-sile-triibuline-900mm-sugavus-adexa-her906a\/","name":"Professionaalne elektriline praeplaat Aluskapiga 12kW sile\/triibuline 900mm s\u00fcgavus | Adexa HER906A - Adexa \u2013 Suurk\u00f6\u00f6giseadmed restoranidele ja toitlustusele","isPartOf":{"@id":"https:\/\/adexa.ee\/#website"},"primaryImageOfPage":{"@id":"https:\/\/adexa.ee\/toode\/professionaalne-elektriline-praeplaat-aluskapiga-12kw-sile-triibuline-900mm-sugavus-adexa-her906a\/#primaryimage"},"image":{"@id":"https:\/\/adexa.ee\/toode\/professionaalne-elektriline-praeplaat-aluskapiga-12kw-sile-triibuline-900mm-sugavus-adexa-her906a\/#primaryimage"},"thumbnailUrl":"https:\/\/adexa.ee\/wp-content\/uploads\/2024\/12\/HER906A.jpg","datePublished":"2026-03-26T08:25:54+00:00","dateModified":"2026-03-26T08:25:59+00:00","breadcrumb":{"@id":"https:\/\/adexa.ee\/toode\/professionaalne-elektriline-praeplaat-aluskapiga-12kw-sile-triibuline-900mm-sugavus-adexa-her906a\/#breadcrumb"},"inLanguage":"en-US","potentialAction":[{"@type":"ReadAction","target":["https:\/\/adexa.ee\/toode\/professionaalne-elektriline-praeplaat-aluskapiga-12kw-sile-triibuline-900mm-sugavus-adexa-her906a\/"]}]},{"@type":"ImageObject","inLanguage":"en-US","@id":"https:\/\/adexa.ee\/toode\/professionaalne-elektriline-praeplaat-aluskapiga-12kw-sile-triibuline-900mm-sugavus-adexa-her906a\/#primaryimage","url":"https:\/\/adexa.ee\/wp-content\/uploads\/2024\/12\/HER906A.jpg","contentUrl":"https:\/\/adexa.ee\/wp-content\/uploads\/2024\/12\/HER906A.jpg","width":2000,"height":2000},{"@type":"BreadcrumbList","@id":"https:\/\/adexa.ee\/toode\/professionaalne-elektriline-praeplaat-aluskapiga-12kw-sile-triibuline-900mm-sugavus-adexa-her906a\/#breadcrumb","itemListElement":[{"@type":"ListItem","position":1,"name":"Home","item":"https:\/\/adexa.ee\/"},{"@type":"ListItem","position":2,"name":"Tooted","item":"https:\/\/adexa.ee\/pood\/"},{"@type":"ListItem","position":3,"name":"Professionaalne elektriline praeplaat Aluskapiga 12kW sile\/triibuline 900mm s\u00fcgavus | Adexa HER906A"}]},{"@type":"WebSite","@id":"https:\/\/adexa.ee\/#website","url":"https:\/\/adexa.ee\/","name":"Adexa","description":"","publisher":{"@id":"https:\/\/adexa.ee\/#organization"},"potentialAction":[{"@type":"SearchAction","target":{"@type":"EntryPoint","urlTemplate":"https:\/\/adexa.ee\/?s={search_term_string}"},"query-input":{"@type":"PropertyValueSpecification","valueRequired":true,"valueName":"search_term_string"}}],"inLanguage":"en-US"},{"@type":"Organization","@id":"https:\/\/adexa.ee\/#organization","name":"Adexa","url":"https:\/\/adexa.ee\/","logo":{"@type":"ImageObject","inLanguage":"en-US","@id":"https:\/\/adexa.ee\/#\/schema\/logo\/image\/","url":"https:\/\/adexa.ee\/wp-content\/uploads\/2024\/04\/chef-cooks-working-in-professional-kitchen-2023-11-27-05-07-39-utc-scaled.jpg","contentUrl":"https:\/\/adexa.ee\/wp-content\/uploads\/2024\/04\/chef-cooks-working-in-professional-kitchen-2023-11-27-05-07-39-utc-scaled.jpg","width":2560,"height":1708,"caption":"Adexa"},"image":{"@id":"https:\/\/adexa.ee\/#\/schema\/logo\/image\/"}}]}},"_links":{"self":[{"href":"https:\/\/adexa.ee\/en\/wp-json\/wp\/v2\/product\/15173","targetHints":{"allow":["GET"]}}],"collection":[{"href":"https:\/\/adexa.ee\/en\/wp-json\/wp\/v2\/product"}],"about":[{"href":"https:\/\/adexa.ee\/en\/wp-json\/wp\/v2\/types\/product"}],"wp:featuredmedia":[{"embeddable":true,"href":"https:\/\/adexa.ee\/en\/wp-json\/wp\/v2\/media\/15178"}],"wp:attachment":[{"href":"https:\/\/adexa.ee\/en\/wp-json\/wp\/v2\/media?parent=15173"}],"wp:term":[{"taxonomy":"product_brand","embeddable":true,"href":"https:\/\/adexa.ee\/en\/wp-json\/wp\/v2\/product_brand?post=15173"},{"taxonomy":"product_cat","embeddable":true,"href":"https:\/\/adexa.ee\/en\/wp-json\/wp\/v2\/product_cat?post=15173"},{"taxonomy":"product_tag","embeddable":true,"href":"https:\/\/adexa.ee\/en\/wp-json\/wp\/v2\/product_tag?post=15173"}],"curies":[{"name":"wp","href":"https:\/\/api.w.org\/{rel}","templated":true}]}}