{"id":15267,"date":"2026-03-29T22:45:20","date_gmt":"2026-03-29T19:45:20","guid":{"rendered":"https:\/\/adexa.ee\/toode\/polukarbonaadist-gastronorm-pann-gn1-9-sugavus-100mm-labipaistev-adexa-p8194\/"},"modified":"2026-03-29T22:45:21","modified_gmt":"2026-03-29T19:45:21","slug":"polukarbonaadist-gn-nou-pann-gn1-9-sugavus-100mm-labipaistev-adexa-p8194","status":"publish","type":"product","link":"https:\/\/adexa.ee\/en\/toode\/polukarbonaadist-gn-nou-pann-gn1-9-sugavus-100mm-labipaistev-adexa-p8194\/","title":{"rendered":"Pol\u00fckarbonaadist GN-n\u00f5u Pann GN1\/9 S\u00fcgavus 100mm L\u00e4bipaistev | Adexa P8194"},"content":{"rendered":"<p>Lisa oma k\u00f6\u00f6ki mitmek\u00fclgsust selle raskeveokite gastronorm l\u00e4bipaistva pol\u00fckarbonaadist toidukausiga. Valmistatud vastupidavast pol\u00fckarbonaadist, saab seda panni lisada teie k\u00fclmikute ettevalmistuslaudadele v\u00f5i kasutada eraldiseisva hoiukaustana traadriiulil. See on mitmek\u00fclgne t\u00e4iendus teie k\u00f6\u00f6ki, sest seda saab kasutada nii toidu ettevalmistamiseks, hoiustamiseks, transportimiseks kui ka serveerimiseks. Saate seda kasutada isegi aurulaual v\u00f5i salatibaaris! Toidule ohutu pol\u00fckarbonaadimaterjal on praktiliselt purunematu ning vastupidav toitainete hapetele ja \u00f5lidele, aidates pikendada selle toidu panni eluiga. Samuti talub see temperatuure vahemikus -40 kuni 100 kraadi Celsiuse j\u00e4rgi, v\u00f5imaldades seda kasutada erinevates hoiukohtades. Tugevdatud \u00fclemised ja alumised nurgad on samuti vastupidavad paindumisele, pragunemisele ja m\u00f5lkidele, muutes selle toidupanni valmis pikaajaliseks kasutamiseks teie \u00e4rik\u00f6\u00f6gis. Palun vaadake jaotist &#8216;Spetsifikatsioon&#8217; \u00fcksikasjaliku teabe saamiseks.<\/p>\n<table style=\"border-collapse: collapse; width: 100%; text-align: left;\">\n<tbody>\n<tr>\n<td style=\"border: 1px solid #ddd; padding: 8px; width: 45%;\"><strong>S\u00fcgavus<\/strong><\/td>\n<td style=\"border: 1px solid #ddd; padding: 8px;\">108 mm<\/td>\n<\/tr>\n<tr>\n<td style=\"border: 1px solid #ddd; padding: 8px; width: 45%;\"><strong>K\u00f5rgus<\/strong><\/td>\n<td style=\"border: 1px solid #ddd; padding: 8px;\">100 mm<\/td>\n<\/tr>\n<tr>\n<td style=\"border: 1px solid #ddd; padding: 8px; width: 45%;\"><strong>Laius<\/strong><\/td>\n<td style=\"border: 1px solid #ddd; padding: 8px;\">176 mm<\/td>\n<\/tr>\n<tr>\n<td style=\"border: 1px solid #ddd; padding: 8px; width: 45%;\"><strong>Materjal<\/strong><\/td>\n<td style=\"border: 1px solid #ddd; padding: 8px;\">Pol\u00fckarbonaat<\/td>\n<\/tr>\n<\/tbody>\n<\/table>\n","protected":false},"excerpt":{"rendered":"<p>Lisa oma k\u00f6\u00f6ki mitmek\u00fclgsust selle raskeveokite gastronorm l\u00e4bipaistva pol\u00fckarbonaadist toidukausiga. Valmistatud vastupidavast pol\u00fckarbonaadist, saab seda panni lisada teie k\u00fclmikute ettevalmistuslaudadele<\/p>\n","protected":false},"featured_media":15269,"template":"","meta":[],"product_brand":[],"product_cat":[585,627,579,569,626,863,625],"product_tag":[],"class_list":{"0":"post-15267","1":"product","2":"type-product","3":"status-publish","4":"has-post-thumbnail","6":"product_cat-gn-noud","7":"product_cat-gn-noud-labipaistvad-plastik","8":"product_cat-koogitarbed-noud","9":"product_cat-lopumuuk","10":"product_cat-plastikust-toiduaine-hoiukonteinerid","11":"product_cat-polukarbonaat-gastronorms","12":"product_cat-toidukonteinerid","14":"first","15":"instock","16":"sale","17":"taxable","18":"shipping-taxable","19":"purchasable","20":"product-type-simple"},"yoast_head":"<!-- This site is optimized with the Yoast SEO plugin v27.3 - https:\/\/yoast.com\/product\/yoast-seo-wordpress\/ -->\n<title>Pol\u00fckarbonaadist GN-n\u00f5u Pann GN1\/9 S\u00fcgavus 100mm L\u00e4bipaistev | Adexa P8194 - Adexa \u2013 Suurk\u00f6\u00f6giseadmed restoranidele ja toitlustusele<\/title>\n<meta name=\"robots\" content=\"index, follow, max-snippet:-1, max-image-preview:large, max-video-preview:-1\" \/>\n<link rel=\"canonical\" href=\"https:\/\/adexa.ee\/toode\/polukarbonaadist-gn-nou-pann-gn1-9-sugavus-100mm-labipaistev-adexa-p8194\/\" \/>\n<meta property=\"og:locale\" content=\"en_US\" \/>\n<meta property=\"og:type\" content=\"article\" \/>\n<meta property=\"og:title\" content=\"Pol\u00fckarbonaadist GN-n\u00f5u Pann GN1\/9 S\u00fcgavus 100mm L\u00e4bipaistev | Adexa P8194 - Adexa \u2013 Suurk\u00f6\u00f6giseadmed restoranidele ja toitlustusele\" \/>\n<meta property=\"og:description\" content=\"Lisa oma k\u00f6\u00f6ki mitmek\u00fclgsust selle raskeveokite gastronorm l\u00e4bipaistva pol\u00fckarbonaadist toidukausiga. Valmistatud vastupidavast pol\u00fckarbonaadist, saab seda panni lisada teie k\u00fclmikute ettevalmistuslaudadele\" \/>\n<meta property=\"og:url\" content=\"https:\/\/adexa.ee\/toode\/polukarbonaadist-gn-nou-pann-gn1-9-sugavus-100mm-labipaistev-adexa-p8194\/\" \/>\n<meta property=\"og:site_name\" content=\"Adexa \u2013 Suurk\u00f6\u00f6giseadmed restoranidele ja toitlustusele\" \/>\n<meta property=\"article:modified_time\" content=\"2026-03-29T19:45:21+00:00\" \/>\n<meta property=\"og:image\" content=\"https:\/\/adexa.ee\/wp-content\/uploads\/2024\/12\/P8194.jpg\" \/>\n\t<meta property=\"og:image:width\" content=\"1328\" \/>\n\t<meta property=\"og:image:height\" content=\"1328\" \/>\n\t<meta property=\"og:image:type\" content=\"image\/jpeg\" \/>\n<meta name=\"twitter:card\" content=\"summary_large_image\" \/>\n<meta name=\"twitter:label1\" content=\"Est. reading time\" \/>\n\t<meta name=\"twitter:data1\" content=\"1 minute\" \/>\n<script type=\"application\/ld+json\" class=\"yoast-schema-graph\">{\"@context\":\"https:\\\/\\\/schema.org\",\"@graph\":[{\"@type\":\"WebPage\",\"@id\":\"https:\\\/\\\/adexa.ee\\\/toode\\\/polukarbonaadist-gn-nou-pann-gn1-9-sugavus-100mm-labipaistev-adexa-p8194\\\/\",\"url\":\"https:\\\/\\\/adexa.ee\\\/toode\\\/polukarbonaadist-gn-nou-pann-gn1-9-sugavus-100mm-labipaistev-adexa-p8194\\\/\",\"name\":\"Pol\u00fckarbonaadist GN-n\u00f5u Pann GN1\\\/9 S\u00fcgavus 100mm L\u00e4bipaistev | Adexa P8194 - Adexa \u2013 Suurk\u00f6\u00f6giseadmed restoranidele ja toitlustusele\",\"isPartOf\":{\"@id\":\"https:\\\/\\\/adexa.ee\\\/#website\"},\"primaryImageOfPage\":{\"@id\":\"https:\\\/\\\/adexa.ee\\\/toode\\\/polukarbonaadist-gn-nou-pann-gn1-9-sugavus-100mm-labipaistev-adexa-p8194\\\/#primaryimage\"},\"image\":{\"@id\":\"https:\\\/\\\/adexa.ee\\\/toode\\\/polukarbonaadist-gn-nou-pann-gn1-9-sugavus-100mm-labipaistev-adexa-p8194\\\/#primaryimage\"},\"thumbnailUrl\":\"https:\\\/\\\/adexa.ee\\\/wp-content\\\/uploads\\\/2024\\\/12\\\/P8194.jpg\",\"datePublished\":\"2026-03-29T19:45:20+00:00\",\"dateModified\":\"2026-03-29T19:45:21+00:00\",\"breadcrumb\":{\"@id\":\"https:\\\/\\\/adexa.ee\\\/toode\\\/polukarbonaadist-gn-nou-pann-gn1-9-sugavus-100mm-labipaistev-adexa-p8194\\\/#breadcrumb\"},\"inLanguage\":\"en-US\",\"potentialAction\":[{\"@type\":\"ReadAction\",\"target\":[\"https:\\\/\\\/adexa.ee\\\/toode\\\/polukarbonaadist-gn-nou-pann-gn1-9-sugavus-100mm-labipaistev-adexa-p8194\\\/\"]}]},{\"@type\":\"ImageObject\",\"inLanguage\":\"en-US\",\"@id\":\"https:\\\/\\\/adexa.ee\\\/toode\\\/polukarbonaadist-gn-nou-pann-gn1-9-sugavus-100mm-labipaistev-adexa-p8194\\\/#primaryimage\",\"url\":\"https:\\\/\\\/adexa.ee\\\/wp-content\\\/uploads\\\/2024\\\/12\\\/P8194.jpg\",\"contentUrl\":\"https:\\\/\\\/adexa.ee\\\/wp-content\\\/uploads\\\/2024\\\/12\\\/P8194.jpg\",\"width\":1328,\"height\":1328},{\"@type\":\"BreadcrumbList\",\"@id\":\"https:\\\/\\\/adexa.ee\\\/toode\\\/polukarbonaadist-gn-nou-pann-gn1-9-sugavus-100mm-labipaistev-adexa-p8194\\\/#breadcrumb\",\"itemListElement\":[{\"@type\":\"ListItem\",\"position\":1,\"name\":\"Home\",\"item\":\"https:\\\/\\\/adexa.ee\\\/\"},{\"@type\":\"ListItem\",\"position\":2,\"name\":\"Tooted\",\"item\":\"https:\\\/\\\/adexa.ee\\\/pood\\\/\"},{\"@type\":\"ListItem\",\"position\":3,\"name\":\"Pol\u00fckarbonaadist GN-n\u00f5u Pann GN1\\\/9 S\u00fcgavus 100mm L\u00e4bipaistev | Adexa P8194\"}]},{\"@type\":\"WebSite\",\"@id\":\"https:\\\/\\\/adexa.ee\\\/#website\",\"url\":\"https:\\\/\\\/adexa.ee\\\/\",\"name\":\"Adexa\",\"description\":\"\",\"publisher\":{\"@id\":\"https:\\\/\\\/adexa.ee\\\/#organization\"},\"potentialAction\":[{\"@type\":\"SearchAction\",\"target\":{\"@type\":\"EntryPoint\",\"urlTemplate\":\"https:\\\/\\\/adexa.ee\\\/?s={search_term_string}\"},\"query-input\":{\"@type\":\"PropertyValueSpecification\",\"valueRequired\":true,\"valueName\":\"search_term_string\"}}],\"inLanguage\":\"en-US\"},{\"@type\":\"Organization\",\"@id\":\"https:\\\/\\\/adexa.ee\\\/#organization\",\"name\":\"Adexa\",\"url\":\"https:\\\/\\\/adexa.ee\\\/\",\"logo\":{\"@type\":\"ImageObject\",\"inLanguage\":\"en-US\",\"@id\":\"https:\\\/\\\/adexa.ee\\\/#\\\/schema\\\/logo\\\/image\\\/\",\"url\":\"https:\\\/\\\/adexa.ee\\\/wp-content\\\/uploads\\\/2024\\\/04\\\/chef-cooks-working-in-professional-kitchen-2023-11-27-05-07-39-utc-scaled.jpg\",\"contentUrl\":\"https:\\\/\\\/adexa.ee\\\/wp-content\\\/uploads\\\/2024\\\/04\\\/chef-cooks-working-in-professional-kitchen-2023-11-27-05-07-39-utc-scaled.jpg\",\"width\":2560,\"height\":1708,\"caption\":\"Adexa\"},\"image\":{\"@id\":\"https:\\\/\\\/adexa.ee\\\/#\\\/schema\\\/logo\\\/image\\\/\"}}]}<\/script>\n<!-- \/ Yoast SEO plugin. -->","yoast_head_json":{"title":"Pol\u00fckarbonaadist GN-n\u00f5u Pann GN1\/9 S\u00fcgavus 100mm L\u00e4bipaistev | Adexa P8194 - Adexa \u2013 Suurk\u00f6\u00f6giseadmed restoranidele ja toitlustusele","robots":{"index":"index","follow":"follow","max-snippet":"max-snippet:-1","max-image-preview":"max-image-preview:large","max-video-preview":"max-video-preview:-1"},"canonical":"https:\/\/adexa.ee\/toode\/polukarbonaadist-gn-nou-pann-gn1-9-sugavus-100mm-labipaistev-adexa-p8194\/","og_locale":"en_US","og_type":"article","og_title":"Pol\u00fckarbonaadist GN-n\u00f5u Pann GN1\/9 S\u00fcgavus 100mm L\u00e4bipaistev | Adexa P8194 - Adexa \u2013 Suurk\u00f6\u00f6giseadmed restoranidele ja toitlustusele","og_description":"Lisa oma k\u00f6\u00f6ki mitmek\u00fclgsust selle raskeveokite gastronorm l\u00e4bipaistva pol\u00fckarbonaadist toidukausiga. Valmistatud vastupidavast pol\u00fckarbonaadist, saab seda panni lisada teie k\u00fclmikute ettevalmistuslaudadele","og_url":"https:\/\/adexa.ee\/toode\/polukarbonaadist-gn-nou-pann-gn1-9-sugavus-100mm-labipaistev-adexa-p8194\/","og_site_name":"Adexa \u2013 Suurk\u00f6\u00f6giseadmed restoranidele ja toitlustusele","article_modified_time":"2026-03-29T19:45:21+00:00","og_image":[{"width":1328,"height":1328,"url":"https:\/\/adexa.ee\/wp-content\/uploads\/2024\/12\/P8194.jpg","type":"image\/jpeg"}],"twitter_card":"summary_large_image","twitter_misc":{"Est. reading time":"1 minute"},"schema":{"@context":"https:\/\/schema.org","@graph":[{"@type":"WebPage","@id":"https:\/\/adexa.ee\/toode\/polukarbonaadist-gn-nou-pann-gn1-9-sugavus-100mm-labipaistev-adexa-p8194\/","url":"https:\/\/adexa.ee\/toode\/polukarbonaadist-gn-nou-pann-gn1-9-sugavus-100mm-labipaistev-adexa-p8194\/","name":"Pol\u00fckarbonaadist GN-n\u00f5u Pann GN1\/9 S\u00fcgavus 100mm L\u00e4bipaistev | Adexa P8194 - Adexa \u2013 Suurk\u00f6\u00f6giseadmed restoranidele ja toitlustusele","isPartOf":{"@id":"https:\/\/adexa.ee\/#website"},"primaryImageOfPage":{"@id":"https:\/\/adexa.ee\/toode\/polukarbonaadist-gn-nou-pann-gn1-9-sugavus-100mm-labipaistev-adexa-p8194\/#primaryimage"},"image":{"@id":"https:\/\/adexa.ee\/toode\/polukarbonaadist-gn-nou-pann-gn1-9-sugavus-100mm-labipaistev-adexa-p8194\/#primaryimage"},"thumbnailUrl":"https:\/\/adexa.ee\/wp-content\/uploads\/2024\/12\/P8194.jpg","datePublished":"2026-03-29T19:45:20+00:00","dateModified":"2026-03-29T19:45:21+00:00","breadcrumb":{"@id":"https:\/\/adexa.ee\/toode\/polukarbonaadist-gn-nou-pann-gn1-9-sugavus-100mm-labipaistev-adexa-p8194\/#breadcrumb"},"inLanguage":"en-US","potentialAction":[{"@type":"ReadAction","target":["https:\/\/adexa.ee\/toode\/polukarbonaadist-gn-nou-pann-gn1-9-sugavus-100mm-labipaistev-adexa-p8194\/"]}]},{"@type":"ImageObject","inLanguage":"en-US","@id":"https:\/\/adexa.ee\/toode\/polukarbonaadist-gn-nou-pann-gn1-9-sugavus-100mm-labipaistev-adexa-p8194\/#primaryimage","url":"https:\/\/adexa.ee\/wp-content\/uploads\/2024\/12\/P8194.jpg","contentUrl":"https:\/\/adexa.ee\/wp-content\/uploads\/2024\/12\/P8194.jpg","width":1328,"height":1328},{"@type":"BreadcrumbList","@id":"https:\/\/adexa.ee\/toode\/polukarbonaadist-gn-nou-pann-gn1-9-sugavus-100mm-labipaistev-adexa-p8194\/#breadcrumb","itemListElement":[{"@type":"ListItem","position":1,"name":"Home","item":"https:\/\/adexa.ee\/"},{"@type":"ListItem","position":2,"name":"Tooted","item":"https:\/\/adexa.ee\/pood\/"},{"@type":"ListItem","position":3,"name":"Pol\u00fckarbonaadist GN-n\u00f5u Pann GN1\/9 S\u00fcgavus 100mm L\u00e4bipaistev | Adexa P8194"}]},{"@type":"WebSite","@id":"https:\/\/adexa.ee\/#website","url":"https:\/\/adexa.ee\/","name":"Adexa","description":"","publisher":{"@id":"https:\/\/adexa.ee\/#organization"},"potentialAction":[{"@type":"SearchAction","target":{"@type":"EntryPoint","urlTemplate":"https:\/\/adexa.ee\/?s={search_term_string}"},"query-input":{"@type":"PropertyValueSpecification","valueRequired":true,"valueName":"search_term_string"}}],"inLanguage":"en-US"},{"@type":"Organization","@id":"https:\/\/adexa.ee\/#organization","name":"Adexa","url":"https:\/\/adexa.ee\/","logo":{"@type":"ImageObject","inLanguage":"en-US","@id":"https:\/\/adexa.ee\/#\/schema\/logo\/image\/","url":"https:\/\/adexa.ee\/wp-content\/uploads\/2024\/04\/chef-cooks-working-in-professional-kitchen-2023-11-27-05-07-39-utc-scaled.jpg","contentUrl":"https:\/\/adexa.ee\/wp-content\/uploads\/2024\/04\/chef-cooks-working-in-professional-kitchen-2023-11-27-05-07-39-utc-scaled.jpg","width":2560,"height":1708,"caption":"Adexa"},"image":{"@id":"https:\/\/adexa.ee\/#\/schema\/logo\/image\/"}}]}},"_links":{"self":[{"href":"https:\/\/adexa.ee\/en\/wp-json\/wp\/v2\/product\/15267","targetHints":{"allow":["GET"]}}],"collection":[{"href":"https:\/\/adexa.ee\/en\/wp-json\/wp\/v2\/product"}],"about":[{"href":"https:\/\/adexa.ee\/en\/wp-json\/wp\/v2\/types\/product"}],"wp:featuredmedia":[{"embeddable":true,"href":"https:\/\/adexa.ee\/en\/wp-json\/wp\/v2\/media\/15269"}],"wp:attachment":[{"href":"https:\/\/adexa.ee\/en\/wp-json\/wp\/v2\/media?parent=15267"}],"wp:term":[{"taxonomy":"product_brand","embeddable":true,"href":"https:\/\/adexa.ee\/en\/wp-json\/wp\/v2\/product_brand?post=15267"},{"taxonomy":"product_cat","embeddable":true,"href":"https:\/\/adexa.ee\/en\/wp-json\/wp\/v2\/product_cat?post=15267"},{"taxonomy":"product_tag","embeddable":true,"href":"https:\/\/adexa.ee\/en\/wp-json\/wp\/v2\/product_tag?post=15267"}],"curies":[{"name":"wp","href":"https:\/\/api.w.org\/{rel}","templated":true}]}}