{"id":15278,"date":"2026-03-26T10:35:08","date_gmt":"2026-03-26T08:35:08","guid":{"rendered":"https:\/\/adexa.ee\/toode\/laudtuupi-kokkupandav-seinariiul-roostevaba-teras-800x450mm-adexa-330906\/"},"modified":"2026-03-26T10:35:10","modified_gmt":"2026-03-26T08:35:10","slug":"kokkupandav-seinariiul-roostevaba-teras-800x450mm-adexa-330906","status":"publish","type":"product","link":"https:\/\/adexa.ee\/en\/toode\/kokkupandav-seinariiul-roostevaba-teras-800x450mm-adexa-330906\/","title":{"rendered":"Kokkupandav Seinariiul Roostevaba Teras 800x450mm | Adexa 330906"},"content":{"rendered":"<p>Kasutage oma k\u00f6\u00f6giruumi maksimaalselt, paigutades k\u00f6\u00f6giriistad korralikult ja t\u00f5husalt sellele kokkupandavale seinariiulile. Kui riiulit ei kasutata, saab selle eest \u00e4ra voltida, samas kui avatud disain tagab, et t\u00f6\u00f6tajatel on juurdep\u00e4\u00e4s erinevatest nurkadest &#8211; h\u00e4davajalik teie k\u00f5ige tihedamatel t\u00f6\u00f6perioodidel. Kaks tugevat kinnitust v\u00f5imaldavad selle roostevabast terasest riiuli kiiresti paigaldada. \u00dcksikasjalikku teavet leiate jaotise &#8220;Spetsifikatsioon&#8221; alt.<\/p>\n<table style=\"border-collapse: collapse; width: 100%; text-align: left;\">\n<tbody>\n<tr>\n<td style=\"border: 1px solid #ddd; padding: 8px; width: 45%;\"><strong>S\u00fcgavus<\/strong><\/td>\n<td style=\"border: 1px solid #ddd; padding: 8px;\">450 mm<\/td>\n<\/tr>\n<tr>\n<td style=\"border: 1px solid #ddd; padding: 8px; width: 45%;\"><strong>Laius<\/strong><\/td>\n<td style=\"border: 1px solid #ddd; padding: 8px;\">800 mm<\/td>\n<\/tr>\n<tr>\n<td style=\"border: 1px solid #ddd; padding: 8px; width: 45%;\"><strong>Kaal<\/strong><\/td>\n<td style=\"border: 1px solid #ddd; padding: 8px;\">6,0 kg<\/td>\n<\/tr>\n<tr>\n<td style=\"border: 1px solid #ddd; padding: 8px; width: 45%;\"><strong>Materjal<\/strong><\/td>\n<td style=\"border: 1px solid #ddd; padding: 8px;\">Roostevaba teras<\/td>\n<\/tr>\n<\/tbody>\n<\/table>\n","protected":false},"excerpt":{"rendered":"<p>Kasutage oma k\u00f6\u00f6giruumi maksimaalselt, paigutades k\u00f6\u00f6giriistad korralikult ja t\u00f5husalt sellele kokkupandavale seinariiulile. Kui riiulit ei kasutata, saab selle eest \u00e4ra<\/p>\n","protected":false},"featured_media":10154,"template":"","meta":[],"product_brand":[],"product_cat":[670,572,617],"product_tag":[],"class_list":{"0":"post-15278","1":"product","2":"type-product","3":"status-publish","4":"has-post-thumbnail","6":"product_cat-kokkupandavad-riiulid","7":"product_cat-roostevabad-tooted","8":"product_cat-seinariiulid","10":"first","11":"instock","12":"sale","13":"taxable","14":"shipping-taxable","15":"purchasable","16":"product-type-simple"},"yoast_head":"<!-- This site is optimized with the Yoast SEO plugin v27.3 - https:\/\/yoast.com\/product\/yoast-seo-wordpress\/ -->\n<title>Kokkupandav Seinariiul Roostevaba Teras 800x450mm | Adexa 330906 - Adexa \u2013 Suurk\u00f6\u00f6giseadmed restoranidele ja toitlustusele<\/title>\n<meta name=\"robots\" content=\"index, follow, max-snippet:-1, max-image-preview:large, max-video-preview:-1\" \/>\n<link rel=\"canonical\" href=\"https:\/\/adexa.ee\/toode\/kokkupandav-seinariiul-roostevaba-teras-800x450mm-adexa-330906\/\" \/>\n<meta property=\"og:locale\" content=\"en_US\" \/>\n<meta property=\"og:type\" content=\"article\" \/>\n<meta property=\"og:title\" content=\"Kokkupandav Seinariiul Roostevaba Teras 800x450mm | Adexa 330906 - Adexa \u2013 Suurk\u00f6\u00f6giseadmed restoranidele ja toitlustusele\" \/>\n<meta property=\"og:description\" content=\"Kasutage oma k\u00f6\u00f6giruumi maksimaalselt, paigutades k\u00f6\u00f6giriistad korralikult ja t\u00f5husalt sellele kokkupandavale seinariiulile. Kui riiulit ei kasutata, saab selle eest \u00e4ra\" \/>\n<meta property=\"og:url\" content=\"https:\/\/adexa.ee\/toode\/kokkupandav-seinariiul-roostevaba-teras-800x450mm-adexa-330906\/\" \/>\n<meta property=\"og:site_name\" content=\"Adexa \u2013 Suurk\u00f6\u00f6giseadmed restoranidele ja toitlustusele\" \/>\n<meta property=\"article:modified_time\" content=\"2026-03-26T08:35:10+00:00\" \/>\n<meta property=\"og:image\" content=\"https:\/\/adexa.ee\/wp-content\/uploads\/2024\/12\/330-shelf-.jpg\" \/>\n\t<meta property=\"og:image:width\" content=\"1200\" \/>\n\t<meta property=\"og:image:height\" content=\"1200\" \/>\n\t<meta property=\"og:image:type\" content=\"image\/jpeg\" \/>\n<meta name=\"twitter:card\" content=\"summary_large_image\" \/>\n<script type=\"application\/ld+json\" class=\"yoast-schema-graph\">{\"@context\":\"https:\\\/\\\/schema.org\",\"@graph\":[{\"@type\":\"WebPage\",\"@id\":\"https:\\\/\\\/adexa.ee\\\/toode\\\/kokkupandav-seinariiul-roostevaba-teras-800x450mm-adexa-330906\\\/\",\"url\":\"https:\\\/\\\/adexa.ee\\\/toode\\\/kokkupandav-seinariiul-roostevaba-teras-800x450mm-adexa-330906\\\/\",\"name\":\"Kokkupandav Seinariiul Roostevaba Teras 800x450mm | Adexa 330906 - Adexa \u2013 Suurk\u00f6\u00f6giseadmed restoranidele ja toitlustusele\",\"isPartOf\":{\"@id\":\"https:\\\/\\\/adexa.ee\\\/#website\"},\"primaryImageOfPage\":{\"@id\":\"https:\\\/\\\/adexa.ee\\\/toode\\\/kokkupandav-seinariiul-roostevaba-teras-800x450mm-adexa-330906\\\/#primaryimage\"},\"image\":{\"@id\":\"https:\\\/\\\/adexa.ee\\\/toode\\\/kokkupandav-seinariiul-roostevaba-teras-800x450mm-adexa-330906\\\/#primaryimage\"},\"thumbnailUrl\":\"https:\\\/\\\/adexa.ee\\\/wp-content\\\/uploads\\\/2024\\\/12\\\/330-shelf-.jpg\",\"datePublished\":\"2026-03-26T08:35:08+00:00\",\"dateModified\":\"2026-03-26T08:35:10+00:00\",\"breadcrumb\":{\"@id\":\"https:\\\/\\\/adexa.ee\\\/toode\\\/kokkupandav-seinariiul-roostevaba-teras-800x450mm-adexa-330906\\\/#breadcrumb\"},\"inLanguage\":\"en-US\",\"potentialAction\":[{\"@type\":\"ReadAction\",\"target\":[\"https:\\\/\\\/adexa.ee\\\/toode\\\/kokkupandav-seinariiul-roostevaba-teras-800x450mm-adexa-330906\\\/\"]}]},{\"@type\":\"ImageObject\",\"inLanguage\":\"en-US\",\"@id\":\"https:\\\/\\\/adexa.ee\\\/toode\\\/kokkupandav-seinariiul-roostevaba-teras-800x450mm-adexa-330906\\\/#primaryimage\",\"url\":\"https:\\\/\\\/adexa.ee\\\/wp-content\\\/uploads\\\/2024\\\/12\\\/330-shelf-.jpg\",\"contentUrl\":\"https:\\\/\\\/adexa.ee\\\/wp-content\\\/uploads\\\/2024\\\/12\\\/330-shelf-.jpg\",\"width\":1200,\"height\":1200},{\"@type\":\"BreadcrumbList\",\"@id\":\"https:\\\/\\\/adexa.ee\\\/toode\\\/kokkupandav-seinariiul-roostevaba-teras-800x450mm-adexa-330906\\\/#breadcrumb\",\"itemListElement\":[{\"@type\":\"ListItem\",\"position\":1,\"name\":\"Home\",\"item\":\"https:\\\/\\\/adexa.ee\\\/\"},{\"@type\":\"ListItem\",\"position\":2,\"name\":\"Tooted\",\"item\":\"https:\\\/\\\/adexa.ee\\\/pood\\\/\"},{\"@type\":\"ListItem\",\"position\":3,\"name\":\"Kokkupandav Seinariiul Roostevaba Teras 800x450mm | Adexa 330906\"}]},{\"@type\":\"WebSite\",\"@id\":\"https:\\\/\\\/adexa.ee\\\/#website\",\"url\":\"https:\\\/\\\/adexa.ee\\\/\",\"name\":\"Adexa\",\"description\":\"\",\"publisher\":{\"@id\":\"https:\\\/\\\/adexa.ee\\\/#organization\"},\"potentialAction\":[{\"@type\":\"SearchAction\",\"target\":{\"@type\":\"EntryPoint\",\"urlTemplate\":\"https:\\\/\\\/adexa.ee\\\/?s={search_term_string}\"},\"query-input\":{\"@type\":\"PropertyValueSpecification\",\"valueRequired\":true,\"valueName\":\"search_term_string\"}}],\"inLanguage\":\"en-US\"},{\"@type\":\"Organization\",\"@id\":\"https:\\\/\\\/adexa.ee\\\/#organization\",\"name\":\"Adexa\",\"url\":\"https:\\\/\\\/adexa.ee\\\/\",\"logo\":{\"@type\":\"ImageObject\",\"inLanguage\":\"en-US\",\"@id\":\"https:\\\/\\\/adexa.ee\\\/#\\\/schema\\\/logo\\\/image\\\/\",\"url\":\"https:\\\/\\\/adexa.ee\\\/wp-content\\\/uploads\\\/2024\\\/04\\\/chef-cooks-working-in-professional-kitchen-2023-11-27-05-07-39-utc-scaled.jpg\",\"contentUrl\":\"https:\\\/\\\/adexa.ee\\\/wp-content\\\/uploads\\\/2024\\\/04\\\/chef-cooks-working-in-professional-kitchen-2023-11-27-05-07-39-utc-scaled.jpg\",\"width\":2560,\"height\":1708,\"caption\":\"Adexa\"},\"image\":{\"@id\":\"https:\\\/\\\/adexa.ee\\\/#\\\/schema\\\/logo\\\/image\\\/\"}}]}<\/script>\n<!-- \/ Yoast SEO plugin. -->","yoast_head_json":{"title":"Kokkupandav Seinariiul Roostevaba Teras 800x450mm | Adexa 330906 - Adexa \u2013 Suurk\u00f6\u00f6giseadmed restoranidele ja toitlustusele","robots":{"index":"index","follow":"follow","max-snippet":"max-snippet:-1","max-image-preview":"max-image-preview:large","max-video-preview":"max-video-preview:-1"},"canonical":"https:\/\/adexa.ee\/toode\/kokkupandav-seinariiul-roostevaba-teras-800x450mm-adexa-330906\/","og_locale":"en_US","og_type":"article","og_title":"Kokkupandav Seinariiul Roostevaba Teras 800x450mm | Adexa 330906 - Adexa \u2013 Suurk\u00f6\u00f6giseadmed restoranidele ja toitlustusele","og_description":"Kasutage oma k\u00f6\u00f6giruumi maksimaalselt, paigutades k\u00f6\u00f6giriistad korralikult ja t\u00f5husalt sellele kokkupandavale seinariiulile. Kui riiulit ei kasutata, saab selle eest \u00e4ra","og_url":"https:\/\/adexa.ee\/toode\/kokkupandav-seinariiul-roostevaba-teras-800x450mm-adexa-330906\/","og_site_name":"Adexa \u2013 Suurk\u00f6\u00f6giseadmed restoranidele ja toitlustusele","article_modified_time":"2026-03-26T08:35:10+00:00","og_image":[{"width":1200,"height":1200,"url":"https:\/\/adexa.ee\/wp-content\/uploads\/2024\/12\/330-shelf-.jpg","type":"image\/jpeg"}],"twitter_card":"summary_large_image","schema":{"@context":"https:\/\/schema.org","@graph":[{"@type":"WebPage","@id":"https:\/\/adexa.ee\/toode\/kokkupandav-seinariiul-roostevaba-teras-800x450mm-adexa-330906\/","url":"https:\/\/adexa.ee\/toode\/kokkupandav-seinariiul-roostevaba-teras-800x450mm-adexa-330906\/","name":"Kokkupandav Seinariiul Roostevaba Teras 800x450mm | Adexa 330906 - Adexa \u2013 Suurk\u00f6\u00f6giseadmed restoranidele ja toitlustusele","isPartOf":{"@id":"https:\/\/adexa.ee\/#website"},"primaryImageOfPage":{"@id":"https:\/\/adexa.ee\/toode\/kokkupandav-seinariiul-roostevaba-teras-800x450mm-adexa-330906\/#primaryimage"},"image":{"@id":"https:\/\/adexa.ee\/toode\/kokkupandav-seinariiul-roostevaba-teras-800x450mm-adexa-330906\/#primaryimage"},"thumbnailUrl":"https:\/\/adexa.ee\/wp-content\/uploads\/2024\/12\/330-shelf-.jpg","datePublished":"2026-03-26T08:35:08+00:00","dateModified":"2026-03-26T08:35:10+00:00","breadcrumb":{"@id":"https:\/\/adexa.ee\/toode\/kokkupandav-seinariiul-roostevaba-teras-800x450mm-adexa-330906\/#breadcrumb"},"inLanguage":"en-US","potentialAction":[{"@type":"ReadAction","target":["https:\/\/adexa.ee\/toode\/kokkupandav-seinariiul-roostevaba-teras-800x450mm-adexa-330906\/"]}]},{"@type":"ImageObject","inLanguage":"en-US","@id":"https:\/\/adexa.ee\/toode\/kokkupandav-seinariiul-roostevaba-teras-800x450mm-adexa-330906\/#primaryimage","url":"https:\/\/adexa.ee\/wp-content\/uploads\/2024\/12\/330-shelf-.jpg","contentUrl":"https:\/\/adexa.ee\/wp-content\/uploads\/2024\/12\/330-shelf-.jpg","width":1200,"height":1200},{"@type":"BreadcrumbList","@id":"https:\/\/adexa.ee\/toode\/kokkupandav-seinariiul-roostevaba-teras-800x450mm-adexa-330906\/#breadcrumb","itemListElement":[{"@type":"ListItem","position":1,"name":"Home","item":"https:\/\/adexa.ee\/"},{"@type":"ListItem","position":2,"name":"Tooted","item":"https:\/\/adexa.ee\/pood\/"},{"@type":"ListItem","position":3,"name":"Kokkupandav Seinariiul Roostevaba Teras 800x450mm | Adexa 330906"}]},{"@type":"WebSite","@id":"https:\/\/adexa.ee\/#website","url":"https:\/\/adexa.ee\/","name":"Adexa","description":"","publisher":{"@id":"https:\/\/adexa.ee\/#organization"},"potentialAction":[{"@type":"SearchAction","target":{"@type":"EntryPoint","urlTemplate":"https:\/\/adexa.ee\/?s={search_term_string}"},"query-input":{"@type":"PropertyValueSpecification","valueRequired":true,"valueName":"search_term_string"}}],"inLanguage":"en-US"},{"@type":"Organization","@id":"https:\/\/adexa.ee\/#organization","name":"Adexa","url":"https:\/\/adexa.ee\/","logo":{"@type":"ImageObject","inLanguage":"en-US","@id":"https:\/\/adexa.ee\/#\/schema\/logo\/image\/","url":"https:\/\/adexa.ee\/wp-content\/uploads\/2024\/04\/chef-cooks-working-in-professional-kitchen-2023-11-27-05-07-39-utc-scaled.jpg","contentUrl":"https:\/\/adexa.ee\/wp-content\/uploads\/2024\/04\/chef-cooks-working-in-professional-kitchen-2023-11-27-05-07-39-utc-scaled.jpg","width":2560,"height":1708,"caption":"Adexa"},"image":{"@id":"https:\/\/adexa.ee\/#\/schema\/logo\/image\/"}}]}},"_links":{"self":[{"href":"https:\/\/adexa.ee\/en\/wp-json\/wp\/v2\/product\/15278","targetHints":{"allow":["GET"]}}],"collection":[{"href":"https:\/\/adexa.ee\/en\/wp-json\/wp\/v2\/product"}],"about":[{"href":"https:\/\/adexa.ee\/en\/wp-json\/wp\/v2\/types\/product"}],"wp:featuredmedia":[{"embeddable":true,"href":"https:\/\/adexa.ee\/en\/wp-json\/wp\/v2\/media\/10154"}],"wp:attachment":[{"href":"https:\/\/adexa.ee\/en\/wp-json\/wp\/v2\/media?parent=15278"}],"wp:term":[{"taxonomy":"product_brand","embeddable":true,"href":"https:\/\/adexa.ee\/en\/wp-json\/wp\/v2\/product_brand?post=15278"},{"taxonomy":"product_cat","embeddable":true,"href":"https:\/\/adexa.ee\/en\/wp-json\/wp\/v2\/product_cat?post=15278"},{"taxonomy":"product_tag","embeddable":true,"href":"https:\/\/adexa.ee\/en\/wp-json\/wp\/v2\/product_tag?post=15278"}],"curies":[{"name":"wp","href":"https:\/\/api.w.org\/{rel}","templated":true}]}}