{"id":15282,"date":"2026-03-26T10:35:08","date_gmt":"2026-03-26T08:35:08","guid":{"rendered":"https:\/\/adexa.ee\/toode\/jahutatud-servery-prep-top-1200mm-4xgn1-3-sugavus-380mm-roostevabast-terasest-kaas-adexa-ga512\/"},"modified":"2026-03-26T10:35:10","modified_gmt":"2026-03-26T08:35:10","slug":"jahutusega-suvend-1200mm-4xgn1-3-sugavus-380mm-roostevabast-terasest-kaas-adexa-ga512","status":"publish","type":"product","link":"https:\/\/adexa.ee\/en\/toode\/jahutusega-suvend-1200mm-4xgn1-3-sugavus-380mm-roostevabast-terasest-kaas-adexa-ga512\/","title":{"rendered":"Jahutusega S\u00fcvend  1200mm 4xGN1\/3 S\u00fcgavus 380mm Roostevabast Terasest Kaas | Adexa GA512"},"content":{"rendered":"<p>See k\u00f5rgekvaliteediline jahutatud katted seade on loodud pakkuma suurep\u00e4rast j\u00f5udlust iga p\u00e4ev igas toitlustusasutuses. Ideaalne restoranidele, kiirtoidukohtadele, kaasam\u00fc\u00fckidele, delipoodidele, v\u00f5ileibade baaridele jne. Valmistatud k\u00f5rgekvaliteedilisest roostevabast terasest, et tagada k\u00f5rge usaldusv\u00e4\u00e4rsuse, j\u00f5udluse, stiili ja suurep\u00e4rase hinna-kvaliteedi suhte. Pange t\u00e4hele, et GN-n\u00f5ud ja -kaaned ei kuulu seadme m\u00fc\u00fcgi komplekti. Suurep\u00e4rane k\u00f5ikide koostisosade, t\u00fckeldatud k\u00f6\u00f6giviljade, salati jms jahutamiseks ja k\u00e4ep\u00e4rast hoidmiseks, et valmistada roogasid, teha v\u00f5ileibu, pitsasid jne. Sellel on t\u00e4ielikult reguleeritav temperatuuri kontroller ja lihtsasti hooldatav ning puhastatav k\u00f5rgekvaliteediline roostevabast terasest korpus. Digitaalne ekraan. Digitaalne termostaat. Elektrooniline temperatuuri juhtimine. Korral on kasutatud k\u00f5rgekvaliteedilist roostevaba terast AISI 304. Roostevabast terasest kaanega. CFC-vaba jahutuskeskkond. \u00dcmardatud sisek\u00fcljed. Mahutab 4 x GN1\/3 n\u00f5ud maksimaalse s\u00fcgavusega 150mm. Dokumendid. Kl\u00f5psake siin, et laadida alla Kasutusjuhend. Kl\u00f5psake siin, et laadida alla CE vastavusdeklaratsioon. T\u00e4psema teabe saamiseks vaadake &#8220;Spetsifikatsioon&#8221; all.<\/p>\n<table style=\"border-collapse: collapse; width: 100%; text-align: left;\">\n<tbody>\n<tr>\n<td style=\"border: 1px solid #ddd; padding: 8px; width: 45%;\"><strong>S\u00fcgavus<\/strong><\/td>\n<td style=\"border: 1px solid #ddd; padding: 8px;\">395 mm<\/td>\n<\/tr>\n<tr>\n<td style=\"border: 1px solid #ddd; padding: 8px; width: 45%;\"><strong>K\u00f5rgus<\/strong><\/td>\n<td style=\"border: 1px solid #ddd; padding: 8px;\">255 mm<\/td>\n<\/tr>\n<tr>\n<td style=\"border: 1px solid #ddd; padding: 8px; width: 45%;\"><strong>Laius<\/strong><\/td>\n<td style=\"border: 1px solid #ddd; padding: 8px;\">1200 mm<\/td>\n<\/tr>\n<tr>\n<td style=\"border: 1px solid #ddd; padding: 8px; width: 45%;\"><strong>Kaal<\/strong><\/td>\n<td style=\"border: 1px solid #ddd; padding: 8px;\">30 kg<\/td>\n<\/tr>\n<tr>\n<td style=\"border: 1px solid #ddd; padding: 8px; width: 45%;\"><strong>Garantii<\/strong><\/td>\n<td style=\"border: 1px solid #ddd; padding: 8px;\">12 kuu varuosade garantii<\/td>\n<\/tr>\n<tr>\n<td style=\"border: 1px solid #ddd; padding: 8px; width: 45%;\"><strong>Mahutavus<\/strong><\/td>\n<td style=\"border: 1px solid #ddd; padding: 8px;\">4 x GN1\/3<\/td>\n<\/tr>\n<tr>\n<td style=\"border: 1px solid #ddd; padding: 8px; width: 45%;\"><strong>Toiteallikas<\/strong><\/td>\n<td style=\"border: 1px solid #ddd; padding: 8px;\">230V \/ 1 faas<\/td>\n<\/tr>\n<tr>\n<td style=\"border: 1px solid #ddd; padding: 8px; width: 45%;\"><strong>Jahutamine<\/strong><\/td>\n<td style=\"border: 1px solid #ddd; padding: 8px;\">Staatiline<\/td>\n<\/tr>\n<tr>\n<td style=\"border: 1px solid #ddd; padding: 8px; width: 45%;\"><strong>Sulatamine<\/strong><\/td>\n<td style=\"border: 1px solid #ddd; padding: 8px;\">K\u00e4siraamat<\/td>\n<\/tr>\n<tr>\n<td style=\"border: 1px solid #ddd; padding: 8px; width: 45%;\"><strong>Temperatuur<\/strong><\/td>\n<td style=\"border: 1px solid #ddd; padding: 8px;\">+2 \u00b0C kuni +10 \u00b0C<\/td>\n<\/tr>\n<tr>\n<td style=\"border: 1px solid #ddd; padding: 8px; width: 45%;\"><strong>Kontrollid<\/strong><\/td>\n<td style=\"border: 1px solid #ddd; padding: 8px;\">Digitaalne<\/td>\n<\/tr>\n<tr>\n<td style=\"border: 1px solid #ddd; padding: 8px; width: 45%;\"><strong>Maksimaalne temperatuur (ruum)<\/strong><\/td>\n<td style=\"border: 1px solid #ddd; padding: 8px;\">+48 \u00b0C<\/td>\n<\/tr>\n<tr>\n<td style=\"border: 1px solid #ddd; padding: 8px; width: 45%;\"><strong>Materjal (v\u00e4limine)<\/strong><\/td>\n<td style=\"border: 1px solid #ddd; padding: 8px;\">Roostevaba teras<\/td>\n<\/tr>\n<tr>\n<td style=\"border: 1px solid #ddd; padding: 8px; width: 45%;\"><strong>Materjal (sisemine)<\/strong><\/td>\n<td style=\"border: 1px solid #ddd; padding: 8px;\">Roostevaba teras<\/td>\n<\/tr>\n<\/tbody>\n<\/table>\n","protected":false},"excerpt":{"rendered":"<p>See k\u00f5rgekvaliteediline jahutatud katted seade on loodud pakkuma suurep\u00e4rast j\u00f5udlust iga p\u00e4ev igas toitlustusasutuses. Ideaalne restoranidele, kiirtoidukohtadele, kaasam\u00fc\u00fckidele, delipoodidele, v\u00f5ileibade<\/p>\n","protected":false},"featured_media":15285,"template":"","meta":[],"product_brand":[],"product_cat":[564,628],"product_tag":[],"class_list":{"0":"post-15282","1":"product","2":"type-product","3":"status-publish","4":"has-post-thumbnail","6":"product_cat-jahutusseadmed","7":"product_cat-lauapealsed-kulmletid-serveerimislauad","9":"first","10":"instock","11":"sale","12":"taxable","13":"shipping-taxable","14":"purchasable","15":"product-type-simple"},"yoast_head":"<!-- This site is optimized with the Yoast SEO plugin v27.3 - https:\/\/yoast.com\/product\/yoast-seo-wordpress\/ -->\n<title>Jahutusega S\u00fcvend 1200mm 4xGN1\/3 S\u00fcgavus 380mm Roostevabast Terasest Kaas | Adexa GA512 - Adexa \u2013 Suurk\u00f6\u00f6giseadmed restoranidele ja toitlustusele<\/title>\n<meta name=\"robots\" content=\"index, follow, max-snippet:-1, max-image-preview:large, max-video-preview:-1\" \/>\n<link rel=\"canonical\" href=\"https:\/\/adexa.ee\/toode\/jahutusega-suvend-1200mm-4xgn1-3-sugavus-380mm-roostevabast-terasest-kaas-adexa-ga512\/\" \/>\n<meta property=\"og:locale\" content=\"en_US\" \/>\n<meta property=\"og:type\" content=\"article\" \/>\n<meta property=\"og:title\" content=\"Jahutusega S\u00fcvend 1200mm 4xGN1\/3 S\u00fcgavus 380mm Roostevabast Terasest Kaas | Adexa GA512 - Adexa \u2013 Suurk\u00f6\u00f6giseadmed restoranidele ja toitlustusele\" \/>\n<meta property=\"og:description\" content=\"See k\u00f5rgekvaliteediline jahutatud katted seade on loodud pakkuma suurep\u00e4rast j\u00f5udlust iga p\u00e4ev igas toitlustusasutuses. Ideaalne restoranidele, kiirtoidukohtadele, kaasam\u00fc\u00fckidele, delipoodidele, v\u00f5ileibade\" \/>\n<meta property=\"og:url\" content=\"https:\/\/adexa.ee\/toode\/jahutusega-suvend-1200mm-4xgn1-3-sugavus-380mm-roostevabast-terasest-kaas-adexa-ga512\/\" \/>\n<meta property=\"og:site_name\" content=\"Adexa \u2013 Suurk\u00f6\u00f6giseadmed restoranidele ja toitlustusele\" \/>\n<meta property=\"article:modified_time\" content=\"2026-03-26T08:35:10+00:00\" \/>\n<meta property=\"og:image\" content=\"https:\/\/adexa.ee\/wp-content\/uploads\/2024\/12\/GA512.jpg\" \/>\n\t<meta property=\"og:image:width\" content=\"1600\" \/>\n\t<meta property=\"og:image:height\" content=\"1600\" \/>\n\t<meta property=\"og:image:type\" content=\"image\/jpeg\" \/>\n<meta name=\"twitter:card\" content=\"summary_large_image\" \/>\n<meta name=\"twitter:label1\" content=\"Est. reading time\" \/>\n\t<meta name=\"twitter:data1\" content=\"1 minute\" \/>\n<script type=\"application\/ld+json\" class=\"yoast-schema-graph\">{\"@context\":\"https:\\\/\\\/schema.org\",\"@graph\":[{\"@type\":\"WebPage\",\"@id\":\"https:\\\/\\\/adexa.ee\\\/toode\\\/jahutusega-suvend-1200mm-4xgn1-3-sugavus-380mm-roostevabast-terasest-kaas-adexa-ga512\\\/\",\"url\":\"https:\\\/\\\/adexa.ee\\\/toode\\\/jahutusega-suvend-1200mm-4xgn1-3-sugavus-380mm-roostevabast-terasest-kaas-adexa-ga512\\\/\",\"name\":\"Jahutusega S\u00fcvend 1200mm 4xGN1\\\/3 S\u00fcgavus 380mm Roostevabast Terasest Kaas | Adexa GA512 - Adexa \u2013 Suurk\u00f6\u00f6giseadmed restoranidele ja toitlustusele\",\"isPartOf\":{\"@id\":\"https:\\\/\\\/adexa.ee\\\/#website\"},\"primaryImageOfPage\":{\"@id\":\"https:\\\/\\\/adexa.ee\\\/toode\\\/jahutusega-suvend-1200mm-4xgn1-3-sugavus-380mm-roostevabast-terasest-kaas-adexa-ga512\\\/#primaryimage\"},\"image\":{\"@id\":\"https:\\\/\\\/adexa.ee\\\/toode\\\/jahutusega-suvend-1200mm-4xgn1-3-sugavus-380mm-roostevabast-terasest-kaas-adexa-ga512\\\/#primaryimage\"},\"thumbnailUrl\":\"https:\\\/\\\/adexa.ee\\\/wp-content\\\/uploads\\\/2024\\\/12\\\/GA512.jpg\",\"datePublished\":\"2026-03-26T08:35:08+00:00\",\"dateModified\":\"2026-03-26T08:35:10+00:00\",\"breadcrumb\":{\"@id\":\"https:\\\/\\\/adexa.ee\\\/toode\\\/jahutusega-suvend-1200mm-4xgn1-3-sugavus-380mm-roostevabast-terasest-kaas-adexa-ga512\\\/#breadcrumb\"},\"inLanguage\":\"en-US\",\"potentialAction\":[{\"@type\":\"ReadAction\",\"target\":[\"https:\\\/\\\/adexa.ee\\\/toode\\\/jahutusega-suvend-1200mm-4xgn1-3-sugavus-380mm-roostevabast-terasest-kaas-adexa-ga512\\\/\"]}]},{\"@type\":\"ImageObject\",\"inLanguage\":\"en-US\",\"@id\":\"https:\\\/\\\/adexa.ee\\\/toode\\\/jahutusega-suvend-1200mm-4xgn1-3-sugavus-380mm-roostevabast-terasest-kaas-adexa-ga512\\\/#primaryimage\",\"url\":\"https:\\\/\\\/adexa.ee\\\/wp-content\\\/uploads\\\/2024\\\/12\\\/GA512.jpg\",\"contentUrl\":\"https:\\\/\\\/adexa.ee\\\/wp-content\\\/uploads\\\/2024\\\/12\\\/GA512.jpg\",\"width\":1600,\"height\":1600},{\"@type\":\"BreadcrumbList\",\"@id\":\"https:\\\/\\\/adexa.ee\\\/toode\\\/jahutusega-suvend-1200mm-4xgn1-3-sugavus-380mm-roostevabast-terasest-kaas-adexa-ga512\\\/#breadcrumb\",\"itemListElement\":[{\"@type\":\"ListItem\",\"position\":1,\"name\":\"Home\",\"item\":\"https:\\\/\\\/adexa.ee\\\/\"},{\"@type\":\"ListItem\",\"position\":2,\"name\":\"Tooted\",\"item\":\"https:\\\/\\\/adexa.ee\\\/pood\\\/\"},{\"@type\":\"ListItem\",\"position\":3,\"name\":\"Jahutusega S\u00fcvend 1200mm 4xGN1\\\/3 S\u00fcgavus 380mm Roostevabast Terasest Kaas | Adexa GA512\"}]},{\"@type\":\"WebSite\",\"@id\":\"https:\\\/\\\/adexa.ee\\\/#website\",\"url\":\"https:\\\/\\\/adexa.ee\\\/\",\"name\":\"Adexa\",\"description\":\"\",\"publisher\":{\"@id\":\"https:\\\/\\\/adexa.ee\\\/#organization\"},\"potentialAction\":[{\"@type\":\"SearchAction\",\"target\":{\"@type\":\"EntryPoint\",\"urlTemplate\":\"https:\\\/\\\/adexa.ee\\\/?s={search_term_string}\"},\"query-input\":{\"@type\":\"PropertyValueSpecification\",\"valueRequired\":true,\"valueName\":\"search_term_string\"}}],\"inLanguage\":\"en-US\"},{\"@type\":\"Organization\",\"@id\":\"https:\\\/\\\/adexa.ee\\\/#organization\",\"name\":\"Adexa\",\"url\":\"https:\\\/\\\/adexa.ee\\\/\",\"logo\":{\"@type\":\"ImageObject\",\"inLanguage\":\"en-US\",\"@id\":\"https:\\\/\\\/adexa.ee\\\/#\\\/schema\\\/logo\\\/image\\\/\",\"url\":\"https:\\\/\\\/adexa.ee\\\/wp-content\\\/uploads\\\/2024\\\/04\\\/chef-cooks-working-in-professional-kitchen-2023-11-27-05-07-39-utc-scaled.jpg\",\"contentUrl\":\"https:\\\/\\\/adexa.ee\\\/wp-content\\\/uploads\\\/2024\\\/04\\\/chef-cooks-working-in-professional-kitchen-2023-11-27-05-07-39-utc-scaled.jpg\",\"width\":2560,\"height\":1708,\"caption\":\"Adexa\"},\"image\":{\"@id\":\"https:\\\/\\\/adexa.ee\\\/#\\\/schema\\\/logo\\\/image\\\/\"}}]}<\/script>\n<!-- \/ Yoast SEO plugin. -->","yoast_head_json":{"title":"Jahutusega S\u00fcvend 1200mm 4xGN1\/3 S\u00fcgavus 380mm Roostevabast Terasest Kaas | Adexa GA512 - Adexa \u2013 Suurk\u00f6\u00f6giseadmed restoranidele ja toitlustusele","robots":{"index":"index","follow":"follow","max-snippet":"max-snippet:-1","max-image-preview":"max-image-preview:large","max-video-preview":"max-video-preview:-1"},"canonical":"https:\/\/adexa.ee\/toode\/jahutusega-suvend-1200mm-4xgn1-3-sugavus-380mm-roostevabast-terasest-kaas-adexa-ga512\/","og_locale":"en_US","og_type":"article","og_title":"Jahutusega S\u00fcvend 1200mm 4xGN1\/3 S\u00fcgavus 380mm Roostevabast Terasest Kaas | Adexa GA512 - Adexa \u2013 Suurk\u00f6\u00f6giseadmed restoranidele ja toitlustusele","og_description":"See k\u00f5rgekvaliteediline jahutatud katted seade on loodud pakkuma suurep\u00e4rast j\u00f5udlust iga p\u00e4ev igas toitlustusasutuses. Ideaalne restoranidele, kiirtoidukohtadele, kaasam\u00fc\u00fckidele, delipoodidele, v\u00f5ileibade","og_url":"https:\/\/adexa.ee\/toode\/jahutusega-suvend-1200mm-4xgn1-3-sugavus-380mm-roostevabast-terasest-kaas-adexa-ga512\/","og_site_name":"Adexa \u2013 Suurk\u00f6\u00f6giseadmed restoranidele ja toitlustusele","article_modified_time":"2026-03-26T08:35:10+00:00","og_image":[{"width":1600,"height":1600,"url":"https:\/\/adexa.ee\/wp-content\/uploads\/2024\/12\/GA512.jpg","type":"image\/jpeg"}],"twitter_card":"summary_large_image","twitter_misc":{"Est. reading time":"1 minute"},"schema":{"@context":"https:\/\/schema.org","@graph":[{"@type":"WebPage","@id":"https:\/\/adexa.ee\/toode\/jahutusega-suvend-1200mm-4xgn1-3-sugavus-380mm-roostevabast-terasest-kaas-adexa-ga512\/","url":"https:\/\/adexa.ee\/toode\/jahutusega-suvend-1200mm-4xgn1-3-sugavus-380mm-roostevabast-terasest-kaas-adexa-ga512\/","name":"Jahutusega S\u00fcvend 1200mm 4xGN1\/3 S\u00fcgavus 380mm Roostevabast Terasest Kaas | Adexa GA512 - Adexa \u2013 Suurk\u00f6\u00f6giseadmed restoranidele ja toitlustusele","isPartOf":{"@id":"https:\/\/adexa.ee\/#website"},"primaryImageOfPage":{"@id":"https:\/\/adexa.ee\/toode\/jahutusega-suvend-1200mm-4xgn1-3-sugavus-380mm-roostevabast-terasest-kaas-adexa-ga512\/#primaryimage"},"image":{"@id":"https:\/\/adexa.ee\/toode\/jahutusega-suvend-1200mm-4xgn1-3-sugavus-380mm-roostevabast-terasest-kaas-adexa-ga512\/#primaryimage"},"thumbnailUrl":"https:\/\/adexa.ee\/wp-content\/uploads\/2024\/12\/GA512.jpg","datePublished":"2026-03-26T08:35:08+00:00","dateModified":"2026-03-26T08:35:10+00:00","breadcrumb":{"@id":"https:\/\/adexa.ee\/toode\/jahutusega-suvend-1200mm-4xgn1-3-sugavus-380mm-roostevabast-terasest-kaas-adexa-ga512\/#breadcrumb"},"inLanguage":"en-US","potentialAction":[{"@type":"ReadAction","target":["https:\/\/adexa.ee\/toode\/jahutusega-suvend-1200mm-4xgn1-3-sugavus-380mm-roostevabast-terasest-kaas-adexa-ga512\/"]}]},{"@type":"ImageObject","inLanguage":"en-US","@id":"https:\/\/adexa.ee\/toode\/jahutusega-suvend-1200mm-4xgn1-3-sugavus-380mm-roostevabast-terasest-kaas-adexa-ga512\/#primaryimage","url":"https:\/\/adexa.ee\/wp-content\/uploads\/2024\/12\/GA512.jpg","contentUrl":"https:\/\/adexa.ee\/wp-content\/uploads\/2024\/12\/GA512.jpg","width":1600,"height":1600},{"@type":"BreadcrumbList","@id":"https:\/\/adexa.ee\/toode\/jahutusega-suvend-1200mm-4xgn1-3-sugavus-380mm-roostevabast-terasest-kaas-adexa-ga512\/#breadcrumb","itemListElement":[{"@type":"ListItem","position":1,"name":"Home","item":"https:\/\/adexa.ee\/"},{"@type":"ListItem","position":2,"name":"Tooted","item":"https:\/\/adexa.ee\/pood\/"},{"@type":"ListItem","position":3,"name":"Jahutusega S\u00fcvend 1200mm 4xGN1\/3 S\u00fcgavus 380mm Roostevabast Terasest Kaas | Adexa GA512"}]},{"@type":"WebSite","@id":"https:\/\/adexa.ee\/#website","url":"https:\/\/adexa.ee\/","name":"Adexa","description":"","publisher":{"@id":"https:\/\/adexa.ee\/#organization"},"potentialAction":[{"@type":"SearchAction","target":{"@type":"EntryPoint","urlTemplate":"https:\/\/adexa.ee\/?s={search_term_string}"},"query-input":{"@type":"PropertyValueSpecification","valueRequired":true,"valueName":"search_term_string"}}],"inLanguage":"en-US"},{"@type":"Organization","@id":"https:\/\/adexa.ee\/#organization","name":"Adexa","url":"https:\/\/adexa.ee\/","logo":{"@type":"ImageObject","inLanguage":"en-US","@id":"https:\/\/adexa.ee\/#\/schema\/logo\/image\/","url":"https:\/\/adexa.ee\/wp-content\/uploads\/2024\/04\/chef-cooks-working-in-professional-kitchen-2023-11-27-05-07-39-utc-scaled.jpg","contentUrl":"https:\/\/adexa.ee\/wp-content\/uploads\/2024\/04\/chef-cooks-working-in-professional-kitchen-2023-11-27-05-07-39-utc-scaled.jpg","width":2560,"height":1708,"caption":"Adexa"},"image":{"@id":"https:\/\/adexa.ee\/#\/schema\/logo\/image\/"}}]}},"_links":{"self":[{"href":"https:\/\/adexa.ee\/en\/wp-json\/wp\/v2\/product\/15282","targetHints":{"allow":["GET"]}}],"collection":[{"href":"https:\/\/adexa.ee\/en\/wp-json\/wp\/v2\/product"}],"about":[{"href":"https:\/\/adexa.ee\/en\/wp-json\/wp\/v2\/types\/product"}],"wp:featuredmedia":[{"embeddable":true,"href":"https:\/\/adexa.ee\/en\/wp-json\/wp\/v2\/media\/15285"}],"wp:attachment":[{"href":"https:\/\/adexa.ee\/en\/wp-json\/wp\/v2\/media?parent=15282"}],"wp:term":[{"taxonomy":"product_brand","embeddable":true,"href":"https:\/\/adexa.ee\/en\/wp-json\/wp\/v2\/product_brand?post=15282"},{"taxonomy":"product_cat","embeddable":true,"href":"https:\/\/adexa.ee\/en\/wp-json\/wp\/v2\/product_cat?post=15282"},{"taxonomy":"product_tag","embeddable":true,"href":"https:\/\/adexa.ee\/en\/wp-json\/wp\/v2\/product_tag?post=15282"}],"curies":[{"name":"wp","href":"https:\/\/api.w.org\/{rel}","templated":true}]}}