{"id":15307,"date":"2026-03-26T10:35:08","date_gmt":"2026-03-26T08:35:08","guid":{"rendered":"https:\/\/adexa.ee\/toode\/kaubanduslik-kastmehoidik-sisaldab-6xgn1-6-150mm-anumaid-ja-kaasi-adexa-chd06ad\/"},"modified":"2026-03-26T10:35:12","modified_gmt":"2026-03-26T08:35:12","slug":"kastmehoidik-sisaldab-6xgn1-6-150mm-anumaid-ja-kaasi-adexa-chd06ad","status":"publish","type":"product","link":"https:\/\/adexa.ee\/en\/toode\/kastmehoidik-sisaldab-6xgn1-6-150mm-anumaid-ja-kaasi-adexa-chd06ad\/","title":{"rendered":"Kastmehoidik, Sisaldab 6Xgn1\/6-150Mm Anumaid Ja Kaasi | Adexa Chd06Ad"},"content":{"rendered":"<p>See GN riiul on ideaalne toidu serveerimiseks buffet&#8217;il v\u00f5i toidu ettevalmistamiseks k\u00f6\u00f6gi ettevalmistusalal. Valmistatud tugevast roostevabast terasest, on see gastronormi anuma riiul v\u00e4ga vastupidav ja kulumiskindel, mis v\u00f5imaldab tal vastu pidada mitmeid aastaid intensiivset kasutust, v\u00e4hendades seel\u00e4bi vajadust asenduste j\u00e4rele. Sile roostevaba teras on ka v\u00e4ga kerge puhastada.<\/p>\n<table style=\"border-collapse: collapse; width: 100%; text-align: left;\">\n<tbody>\n<tr>\n<td style=\"border: 1px solid #ddd; padding: 8px; width: 45%;\"><strong>S\u00fcgavus<\/strong><\/td>\n<td style=\"border: 1px solid #ddd; padding: 8px;\">255 mm<\/td>\n<\/tr>\n<tr>\n<td style=\"border: 1px solid #ddd; padding: 8px; width: 45%;\"><strong>Laius<\/strong><\/td>\n<td style=\"border: 1px solid #ddd; padding: 8px;\">1028 mm<\/td>\n<\/tr>\n<tr>\n<td style=\"border: 1px solid #ddd; padding: 8px; width: 45%;\"><strong>Mahutavus<\/strong><\/td>\n<td style=\"border: 1px solid #ddd; padding: 8px;\">6 x GN1\/6 150 mm s\u00fcgavusega<\/td>\n<\/tr>\n<tr>\n<td style=\"border: 1px solid #ddd; padding: 8px; width: 45%;\"><strong>Materjal<\/strong><\/td>\n<td style=\"border: 1px solid #ddd; padding: 8px;\">Roostevaba teras<\/td>\n<\/tr>\n<tr>\n<td style=\"border: 1px solid #ddd; padding: 8px; width: 45%;\"><strong>Kaasas<\/strong><\/td>\n<td style=\"border: 1px solid #ddd; padding: 8px;\">6 x GN1\/6 pannid ja kaaned (150 mm s\u00fcgavad)<\/td>\n<\/tr>\n<\/tbody>\n<\/table>\n","protected":false},"excerpt":{"rendered":"<p>See GN riiul on ideaalne toidu serveerimiseks buffet&#8217;il v\u00f5i toidu ettevalmistamiseks k\u00f6\u00f6gi ettevalmistusalal. Valmistatud tugevast roostevabast terasest, on see gastronormi<\/p>\n","protected":false},"featured_media":13436,"template":"","meta":[],"product_brand":[],"product_cat":[3813,585,646,584,583,579,557,569,572,586],"product_tag":[],"class_list":{"0":"post-15307","1":"product","2":"type-product","3":"status-publish","4":"has-post-thumbnail","6":"product_cat-roostevabast-terasest-gn-noud-ja-anumad","7":"product_cat-gn-noud","8":"product_cat-gn-noude-hoidikud-ja-suvendid","9":"product_cat-hoidikud-ja-kandikud","10":"product_cat-kastmenoud","11":"product_cat-koogitarbed-noud","12":"product_cat-kupsetusseadmed","13":"product_cat-lopumuuk","14":"product_cat-roostevabad-tooted","15":"product_cat-serveerimine","17":"first","18":"instock","19":"sale","20":"taxable","21":"shipping-taxable","22":"purchasable","23":"product-type-simple"},"yoast_head":"<!-- This site is optimized with the Yoast SEO plugin v27.3 - https:\/\/yoast.com\/product\/yoast-seo-wordpress\/ -->\n<title>Kastmehoidik, Sisaldab 6Xgn1\/6-150Mm Anumaid Ja Kaasi | Adexa Chd06Ad - Adexa \u2013 Suurk\u00f6\u00f6giseadmed restoranidele ja toitlustusele<\/title>\n<meta name=\"robots\" content=\"index, follow, max-snippet:-1, max-image-preview:large, max-video-preview:-1\" \/>\n<link rel=\"canonical\" href=\"https:\/\/adexa.ee\/toode\/kastmehoidik-sisaldab-6xgn1-6-150mm-anumaid-ja-kaasi-adexa-chd06ad\/\" \/>\n<meta property=\"og:locale\" content=\"en_US\" \/>\n<meta property=\"og:type\" content=\"article\" \/>\n<meta property=\"og:title\" content=\"Kastmehoidik, Sisaldab 6Xgn1\/6-150Mm Anumaid Ja Kaasi | Adexa Chd06Ad - Adexa \u2013 Suurk\u00f6\u00f6giseadmed restoranidele ja toitlustusele\" \/>\n<meta property=\"og:description\" content=\"See GN riiul on ideaalne toidu serveerimiseks buffet&#8217;il v\u00f5i toidu ettevalmistamiseks k\u00f6\u00f6gi ettevalmistusalal. Valmistatud tugevast roostevabast terasest, on see gastronormi\" \/>\n<meta property=\"og:url\" content=\"https:\/\/adexa.ee\/toode\/kastmehoidik-sisaldab-6xgn1-6-150mm-anumaid-ja-kaasi-adexa-chd06ad\/\" \/>\n<meta property=\"og:site_name\" content=\"Adexa \u2013 Suurk\u00f6\u00f6giseadmed restoranidele ja toitlustusele\" \/>\n<meta property=\"article:modified_time\" content=\"2026-03-26T08:35:12+00:00\" \/>\n<meta property=\"og:image\" content=\"https:\/\/adexa.ee\/wp-content\/uploads\/2024\/12\/CHD06A-.jpg\" \/>\n\t<meta property=\"og:image:width\" content=\"1280\" \/>\n\t<meta property=\"og:image:height\" content=\"1280\" \/>\n\t<meta property=\"og:image:type\" content=\"image\/jpeg\" \/>\n<meta name=\"twitter:card\" content=\"summary_large_image\" \/>\n<script type=\"application\/ld+json\" class=\"yoast-schema-graph\">{\"@context\":\"https:\\\/\\\/schema.org\",\"@graph\":[{\"@type\":\"WebPage\",\"@id\":\"https:\\\/\\\/adexa.ee\\\/toode\\\/kastmehoidik-sisaldab-6xgn1-6-150mm-anumaid-ja-kaasi-adexa-chd06ad\\\/\",\"url\":\"https:\\\/\\\/adexa.ee\\\/toode\\\/kastmehoidik-sisaldab-6xgn1-6-150mm-anumaid-ja-kaasi-adexa-chd06ad\\\/\",\"name\":\"Kastmehoidik, Sisaldab 6Xgn1\\\/6-150Mm Anumaid Ja Kaasi | Adexa Chd06Ad - Adexa \u2013 Suurk\u00f6\u00f6giseadmed restoranidele ja toitlustusele\",\"isPartOf\":{\"@id\":\"https:\\\/\\\/adexa.ee\\\/#website\"},\"primaryImageOfPage\":{\"@id\":\"https:\\\/\\\/adexa.ee\\\/toode\\\/kastmehoidik-sisaldab-6xgn1-6-150mm-anumaid-ja-kaasi-adexa-chd06ad\\\/#primaryimage\"},\"image\":{\"@id\":\"https:\\\/\\\/adexa.ee\\\/toode\\\/kastmehoidik-sisaldab-6xgn1-6-150mm-anumaid-ja-kaasi-adexa-chd06ad\\\/#primaryimage\"},\"thumbnailUrl\":\"https:\\\/\\\/adexa.ee\\\/wp-content\\\/uploads\\\/2024\\\/12\\\/CHD06A-.jpg\",\"datePublished\":\"2026-03-26T08:35:08+00:00\",\"dateModified\":\"2026-03-26T08:35:12+00:00\",\"breadcrumb\":{\"@id\":\"https:\\\/\\\/adexa.ee\\\/toode\\\/kastmehoidik-sisaldab-6xgn1-6-150mm-anumaid-ja-kaasi-adexa-chd06ad\\\/#breadcrumb\"},\"inLanguage\":\"en-US\",\"potentialAction\":[{\"@type\":\"ReadAction\",\"target\":[\"https:\\\/\\\/adexa.ee\\\/toode\\\/kastmehoidik-sisaldab-6xgn1-6-150mm-anumaid-ja-kaasi-adexa-chd06ad\\\/\"]}]},{\"@type\":\"ImageObject\",\"inLanguage\":\"en-US\",\"@id\":\"https:\\\/\\\/adexa.ee\\\/toode\\\/kastmehoidik-sisaldab-6xgn1-6-150mm-anumaid-ja-kaasi-adexa-chd06ad\\\/#primaryimage\",\"url\":\"https:\\\/\\\/adexa.ee\\\/wp-content\\\/uploads\\\/2024\\\/12\\\/CHD06A-.jpg\",\"contentUrl\":\"https:\\\/\\\/adexa.ee\\\/wp-content\\\/uploads\\\/2024\\\/12\\\/CHD06A-.jpg\",\"width\":1280,\"height\":1280},{\"@type\":\"BreadcrumbList\",\"@id\":\"https:\\\/\\\/adexa.ee\\\/toode\\\/kastmehoidik-sisaldab-6xgn1-6-150mm-anumaid-ja-kaasi-adexa-chd06ad\\\/#breadcrumb\",\"itemListElement\":[{\"@type\":\"ListItem\",\"position\":1,\"name\":\"Home\",\"item\":\"https:\\\/\\\/adexa.ee\\\/\"},{\"@type\":\"ListItem\",\"position\":2,\"name\":\"Tooted\",\"item\":\"https:\\\/\\\/adexa.ee\\\/pood\\\/\"},{\"@type\":\"ListItem\",\"position\":3,\"name\":\"Kastmehoidik, Sisaldab 6Xgn1\\\/6-150Mm Anumaid Ja Kaasi | Adexa Chd06Ad\"}]},{\"@type\":\"WebSite\",\"@id\":\"https:\\\/\\\/adexa.ee\\\/#website\",\"url\":\"https:\\\/\\\/adexa.ee\\\/\",\"name\":\"Adexa\",\"description\":\"\",\"publisher\":{\"@id\":\"https:\\\/\\\/adexa.ee\\\/#organization\"},\"potentialAction\":[{\"@type\":\"SearchAction\",\"target\":{\"@type\":\"EntryPoint\",\"urlTemplate\":\"https:\\\/\\\/adexa.ee\\\/?s={search_term_string}\"},\"query-input\":{\"@type\":\"PropertyValueSpecification\",\"valueRequired\":true,\"valueName\":\"search_term_string\"}}],\"inLanguage\":\"en-US\"},{\"@type\":\"Organization\",\"@id\":\"https:\\\/\\\/adexa.ee\\\/#organization\",\"name\":\"Adexa\",\"url\":\"https:\\\/\\\/adexa.ee\\\/\",\"logo\":{\"@type\":\"ImageObject\",\"inLanguage\":\"en-US\",\"@id\":\"https:\\\/\\\/adexa.ee\\\/#\\\/schema\\\/logo\\\/image\\\/\",\"url\":\"https:\\\/\\\/adexa.ee\\\/wp-content\\\/uploads\\\/2024\\\/04\\\/chef-cooks-working-in-professional-kitchen-2023-11-27-05-07-39-utc-scaled.jpg\",\"contentUrl\":\"https:\\\/\\\/adexa.ee\\\/wp-content\\\/uploads\\\/2024\\\/04\\\/chef-cooks-working-in-professional-kitchen-2023-11-27-05-07-39-utc-scaled.jpg\",\"width\":2560,\"height\":1708,\"caption\":\"Adexa\"},\"image\":{\"@id\":\"https:\\\/\\\/adexa.ee\\\/#\\\/schema\\\/logo\\\/image\\\/\"}}]}<\/script>\n<!-- \/ Yoast SEO plugin. -->","yoast_head_json":{"title":"Kastmehoidik, Sisaldab 6Xgn1\/6-150Mm Anumaid Ja Kaasi | Adexa Chd06Ad - Adexa \u2013 Suurk\u00f6\u00f6giseadmed restoranidele ja toitlustusele","robots":{"index":"index","follow":"follow","max-snippet":"max-snippet:-1","max-image-preview":"max-image-preview:large","max-video-preview":"max-video-preview:-1"},"canonical":"https:\/\/adexa.ee\/toode\/kastmehoidik-sisaldab-6xgn1-6-150mm-anumaid-ja-kaasi-adexa-chd06ad\/","og_locale":"en_US","og_type":"article","og_title":"Kastmehoidik, Sisaldab 6Xgn1\/6-150Mm Anumaid Ja Kaasi | Adexa Chd06Ad - Adexa \u2013 Suurk\u00f6\u00f6giseadmed restoranidele ja toitlustusele","og_description":"See GN riiul on ideaalne toidu serveerimiseks buffet&#8217;il v\u00f5i toidu ettevalmistamiseks k\u00f6\u00f6gi ettevalmistusalal. Valmistatud tugevast roostevabast terasest, on see gastronormi","og_url":"https:\/\/adexa.ee\/toode\/kastmehoidik-sisaldab-6xgn1-6-150mm-anumaid-ja-kaasi-adexa-chd06ad\/","og_site_name":"Adexa \u2013 Suurk\u00f6\u00f6giseadmed restoranidele ja toitlustusele","article_modified_time":"2026-03-26T08:35:12+00:00","og_image":[{"width":1280,"height":1280,"url":"https:\/\/adexa.ee\/wp-content\/uploads\/2024\/12\/CHD06A-.jpg","type":"image\/jpeg"}],"twitter_card":"summary_large_image","schema":{"@context":"https:\/\/schema.org","@graph":[{"@type":"WebPage","@id":"https:\/\/adexa.ee\/toode\/kastmehoidik-sisaldab-6xgn1-6-150mm-anumaid-ja-kaasi-adexa-chd06ad\/","url":"https:\/\/adexa.ee\/toode\/kastmehoidik-sisaldab-6xgn1-6-150mm-anumaid-ja-kaasi-adexa-chd06ad\/","name":"Kastmehoidik, Sisaldab 6Xgn1\/6-150Mm Anumaid Ja Kaasi | Adexa Chd06Ad - Adexa \u2013 Suurk\u00f6\u00f6giseadmed restoranidele ja toitlustusele","isPartOf":{"@id":"https:\/\/adexa.ee\/#website"},"primaryImageOfPage":{"@id":"https:\/\/adexa.ee\/toode\/kastmehoidik-sisaldab-6xgn1-6-150mm-anumaid-ja-kaasi-adexa-chd06ad\/#primaryimage"},"image":{"@id":"https:\/\/adexa.ee\/toode\/kastmehoidik-sisaldab-6xgn1-6-150mm-anumaid-ja-kaasi-adexa-chd06ad\/#primaryimage"},"thumbnailUrl":"https:\/\/adexa.ee\/wp-content\/uploads\/2024\/12\/CHD06A-.jpg","datePublished":"2026-03-26T08:35:08+00:00","dateModified":"2026-03-26T08:35:12+00:00","breadcrumb":{"@id":"https:\/\/adexa.ee\/toode\/kastmehoidik-sisaldab-6xgn1-6-150mm-anumaid-ja-kaasi-adexa-chd06ad\/#breadcrumb"},"inLanguage":"en-US","potentialAction":[{"@type":"ReadAction","target":["https:\/\/adexa.ee\/toode\/kastmehoidik-sisaldab-6xgn1-6-150mm-anumaid-ja-kaasi-adexa-chd06ad\/"]}]},{"@type":"ImageObject","inLanguage":"en-US","@id":"https:\/\/adexa.ee\/toode\/kastmehoidik-sisaldab-6xgn1-6-150mm-anumaid-ja-kaasi-adexa-chd06ad\/#primaryimage","url":"https:\/\/adexa.ee\/wp-content\/uploads\/2024\/12\/CHD06A-.jpg","contentUrl":"https:\/\/adexa.ee\/wp-content\/uploads\/2024\/12\/CHD06A-.jpg","width":1280,"height":1280},{"@type":"BreadcrumbList","@id":"https:\/\/adexa.ee\/toode\/kastmehoidik-sisaldab-6xgn1-6-150mm-anumaid-ja-kaasi-adexa-chd06ad\/#breadcrumb","itemListElement":[{"@type":"ListItem","position":1,"name":"Home","item":"https:\/\/adexa.ee\/"},{"@type":"ListItem","position":2,"name":"Tooted","item":"https:\/\/adexa.ee\/pood\/"},{"@type":"ListItem","position":3,"name":"Kastmehoidik, Sisaldab 6Xgn1\/6-150Mm Anumaid Ja Kaasi | Adexa Chd06Ad"}]},{"@type":"WebSite","@id":"https:\/\/adexa.ee\/#website","url":"https:\/\/adexa.ee\/","name":"Adexa","description":"","publisher":{"@id":"https:\/\/adexa.ee\/#organization"},"potentialAction":[{"@type":"SearchAction","target":{"@type":"EntryPoint","urlTemplate":"https:\/\/adexa.ee\/?s={search_term_string}"},"query-input":{"@type":"PropertyValueSpecification","valueRequired":true,"valueName":"search_term_string"}}],"inLanguage":"en-US"},{"@type":"Organization","@id":"https:\/\/adexa.ee\/#organization","name":"Adexa","url":"https:\/\/adexa.ee\/","logo":{"@type":"ImageObject","inLanguage":"en-US","@id":"https:\/\/adexa.ee\/#\/schema\/logo\/image\/","url":"https:\/\/adexa.ee\/wp-content\/uploads\/2024\/04\/chef-cooks-working-in-professional-kitchen-2023-11-27-05-07-39-utc-scaled.jpg","contentUrl":"https:\/\/adexa.ee\/wp-content\/uploads\/2024\/04\/chef-cooks-working-in-professional-kitchen-2023-11-27-05-07-39-utc-scaled.jpg","width":2560,"height":1708,"caption":"Adexa"},"image":{"@id":"https:\/\/adexa.ee\/#\/schema\/logo\/image\/"}}]}},"_links":{"self":[{"href":"https:\/\/adexa.ee\/en\/wp-json\/wp\/v2\/product\/15307","targetHints":{"allow":["GET"]}}],"collection":[{"href":"https:\/\/adexa.ee\/en\/wp-json\/wp\/v2\/product"}],"about":[{"href":"https:\/\/adexa.ee\/en\/wp-json\/wp\/v2\/types\/product"}],"wp:featuredmedia":[{"embeddable":true,"href":"https:\/\/adexa.ee\/en\/wp-json\/wp\/v2\/media\/13436"}],"wp:attachment":[{"href":"https:\/\/adexa.ee\/en\/wp-json\/wp\/v2\/media?parent=15307"}],"wp:term":[{"taxonomy":"product_brand","embeddable":true,"href":"https:\/\/adexa.ee\/en\/wp-json\/wp\/v2\/product_brand?post=15307"},{"taxonomy":"product_cat","embeddable":true,"href":"https:\/\/adexa.ee\/en\/wp-json\/wp\/v2\/product_cat?post=15307"},{"taxonomy":"product_tag","embeddable":true,"href":"https:\/\/adexa.ee\/en\/wp-json\/wp\/v2\/product_tag?post=15307"}],"curies":[{"name":"wp","href":"https:\/\/api.w.org\/{rel}","templated":true}]}}