{"id":15350,"date":"2026-03-26T10:35:15","date_gmt":"2026-03-26T08:35:15","guid":{"rendered":"https:\/\/adexa.ee\/toode\/kaubanduslik-kaksik-3-liitrine-pumbadosaator-ja-3x11-liitrine-anum-adexa-nhgn16b\/"},"modified":"2026-03-26T10:35:16","modified_gmt":"2026-03-26T08:35:16","slug":"kaks-x-3-liitrine-pumbadosaator-ja-3x11-liitrine-anum-adexa-nhgn16b","status":"publish","type":"product","link":"https:\/\/adexa.ee\/en\/toode\/kaks-x-3-liitrine-pumbadosaator-ja-3x11-liitrine-anum-adexa-nhgn16b\/","title":{"rendered":"Kaks x 3-Liitrine Pumbadosaator Ja 3X1,1-Liitrine Anum | Adexa Nhgn16B"},"content":{"rendered":"<p>Hoia oma maitseained korras, kergesti leitavad ja ligip\u00e4\u00e4setavad selle roostevabast terasest maitseainebaariga! See maitseainebaar sisaldab 2 dosaatorpumpa vedelate maitseainete jaoks, samal ajal kui nende vahel olev \u00fcksik anum mahutab kuni 1,1 liitrit tahkeid maitseaineid. Roostevabast terasest korpus tagab suurep\u00e4rase vastupidavuse ja temperatuuri s\u00e4ilitamise, et su j\u00e4\u00e4kotid p\u00fcsiksid v\u00f5imalikult kaua jahedad. T\u00e4nu lihtsasti kasutatavatele plastpumpadele saad v\u00e4hendada raisatud toote kogust, kui kliendid kasutavad maitseaineid.<\/p>\n<table style=\"border-collapse: collapse; width: 100%; text-align: left;\">\n<tbody>\n<tr>\n<td style=\"border: 1px solid #ddd; padding: 8px; width: 45%;\"><strong>S\u00fcgavus<\/strong><\/td>\n<td style=\"border: 1px solid #ddd; padding: 8px;\">190 mm<\/td>\n<\/tr>\n<tr>\n<td style=\"border: 1px solid #ddd; padding: 8px; width: 45%;\"><strong>K\u00f5rgus<\/strong><\/td>\n<td style=\"border: 1px solid #ddd; padding: 8px;\">260 mm<\/td>\n<\/tr>\n<tr>\n<td style=\"border: 1px solid #ddd; padding: 8px; width: 45%;\"><strong>Laius<\/strong><\/td>\n<td style=\"border: 1px solid #ddd; padding: 8px;\">670 mm<\/td>\n<\/tr>\n<tr>\n<td style=\"border: 1px solid #ddd; padding: 8px; width: 45%;\"><strong>Kaal<\/strong><\/td>\n<td style=\"border: 1px solid #ddd; padding: 8px;\">3,3 kg<\/td>\n<\/tr>\n<tr>\n<td style=\"border: 1px solid #ddd; padding: 8px; width: 45%;\"><strong>Mahutavus<\/strong><\/td>\n<td style=\"border: 1px solid #ddd; padding: 8px;\">2&#215;3-liitrised pumbad ja 3&#215;1,1-liitrised konteinerid<\/td>\n<\/tr>\n<tr>\n<td style=\"border: 1px solid #ddd; padding: 8px; width: 45%;\"><strong>Materjal<\/strong><\/td>\n<td style=\"border: 1px solid #ddd; padding: 8px;\">Roostevaba teras<\/td>\n<\/tr>\n<\/tbody>\n<\/table>\n","protected":false},"excerpt":{"rendered":"<p>Hoia oma maitseained korras, kergesti leitavad ja ligip\u00e4\u00e4setavad selle roostevabast terasest maitseainebaariga! See maitseainebaar sisaldab 2 dosaatorpumpa vedelate maitseainete jaoks,<\/p>\n","protected":false},"featured_media":15356,"template":"","meta":[],"product_brand":[],"product_cat":[682,585,584,579,557,572],"product_tag":[],"class_list":{"0":"post-15350","1":"product","2":"type-product","3":"status-publish","4":"has-post-thumbnail","6":"product_cat-dosaatorid-kastmepudelid-ja-kastmete-anumad","7":"product_cat-gn-noud","8":"product_cat-hoidikud-ja-kandikud","9":"product_cat-koogitarbed-noud","10":"product_cat-kupsetusseadmed","11":"product_cat-roostevabad-tooted","13":"first","14":"instock","15":"sale","16":"taxable","17":"shipping-taxable","18":"purchasable","19":"product-type-simple"},"yoast_head":"<!-- This site is optimized with the Yoast SEO plugin v27.3 - https:\/\/yoast.com\/product\/yoast-seo-wordpress\/ -->\n<title>Kaks x 3-Liitrine Pumbadosaator Ja 3X1,1-Liitrine Anum | Adexa Nhgn16B - Adexa \u2013 Suurk\u00f6\u00f6giseadmed restoranidele ja toitlustusele<\/title>\n<meta name=\"robots\" content=\"index, follow, max-snippet:-1, max-image-preview:large, max-video-preview:-1\" \/>\n<link rel=\"canonical\" href=\"https:\/\/adexa.ee\/toode\/kaks-x-3-liitrine-pumbadosaator-ja-3x11-liitrine-anum-adexa-nhgn16b\/\" \/>\n<meta property=\"og:locale\" content=\"en_US\" \/>\n<meta property=\"og:type\" content=\"article\" \/>\n<meta property=\"og:title\" content=\"Kaks x 3-Liitrine Pumbadosaator Ja 3X1,1-Liitrine Anum | Adexa Nhgn16B - Adexa \u2013 Suurk\u00f6\u00f6giseadmed restoranidele ja toitlustusele\" \/>\n<meta property=\"og:description\" content=\"Hoia oma maitseained korras, kergesti leitavad ja ligip\u00e4\u00e4setavad selle roostevabast terasest maitseainebaariga! See maitseainebaar sisaldab 2 dosaatorpumpa vedelate maitseainete jaoks,\" \/>\n<meta property=\"og:url\" content=\"https:\/\/adexa.ee\/toode\/kaks-x-3-liitrine-pumbadosaator-ja-3x11-liitrine-anum-adexa-nhgn16b\/\" \/>\n<meta property=\"og:site_name\" content=\"Adexa \u2013 Suurk\u00f6\u00f6giseadmed restoranidele ja toitlustusele\" \/>\n<meta property=\"article:modified_time\" content=\"2026-03-26T08:35:16+00:00\" \/>\n<meta property=\"og:image\" content=\"https:\/\/adexa.ee\/wp-content\/uploads\/2024\/12\/NHGN16B.jpg\" \/>\n\t<meta property=\"og:image:width\" content=\"1464\" \/>\n\t<meta property=\"og:image:height\" content=\"1464\" \/>\n\t<meta property=\"og:image:type\" content=\"image\/jpeg\" \/>\n<meta name=\"twitter:card\" content=\"summary_large_image\" \/>\n<script type=\"application\/ld+json\" class=\"yoast-schema-graph\">{\"@context\":\"https:\\\/\\\/schema.org\",\"@graph\":[{\"@type\":\"WebPage\",\"@id\":\"https:\\\/\\\/adexa.ee\\\/toode\\\/kaks-x-3-liitrine-pumbadosaator-ja-3x11-liitrine-anum-adexa-nhgn16b\\\/\",\"url\":\"https:\\\/\\\/adexa.ee\\\/toode\\\/kaks-x-3-liitrine-pumbadosaator-ja-3x11-liitrine-anum-adexa-nhgn16b\\\/\",\"name\":\"Kaks x 3-Liitrine Pumbadosaator Ja 3X1,1-Liitrine Anum | Adexa Nhgn16B - Adexa \u2013 Suurk\u00f6\u00f6giseadmed restoranidele ja toitlustusele\",\"isPartOf\":{\"@id\":\"https:\\\/\\\/adexa.ee\\\/#website\"},\"primaryImageOfPage\":{\"@id\":\"https:\\\/\\\/adexa.ee\\\/toode\\\/kaks-x-3-liitrine-pumbadosaator-ja-3x11-liitrine-anum-adexa-nhgn16b\\\/#primaryimage\"},\"image\":{\"@id\":\"https:\\\/\\\/adexa.ee\\\/toode\\\/kaks-x-3-liitrine-pumbadosaator-ja-3x11-liitrine-anum-adexa-nhgn16b\\\/#primaryimage\"},\"thumbnailUrl\":\"https:\\\/\\\/adexa.ee\\\/wp-content\\\/uploads\\\/2024\\\/12\\\/NHGN16B.jpg\",\"datePublished\":\"2026-03-26T08:35:15+00:00\",\"dateModified\":\"2026-03-26T08:35:16+00:00\",\"breadcrumb\":{\"@id\":\"https:\\\/\\\/adexa.ee\\\/toode\\\/kaks-x-3-liitrine-pumbadosaator-ja-3x11-liitrine-anum-adexa-nhgn16b\\\/#breadcrumb\"},\"inLanguage\":\"en-US\",\"potentialAction\":[{\"@type\":\"ReadAction\",\"target\":[\"https:\\\/\\\/adexa.ee\\\/toode\\\/kaks-x-3-liitrine-pumbadosaator-ja-3x11-liitrine-anum-adexa-nhgn16b\\\/\"]}]},{\"@type\":\"ImageObject\",\"inLanguage\":\"en-US\",\"@id\":\"https:\\\/\\\/adexa.ee\\\/toode\\\/kaks-x-3-liitrine-pumbadosaator-ja-3x11-liitrine-anum-adexa-nhgn16b\\\/#primaryimage\",\"url\":\"https:\\\/\\\/adexa.ee\\\/wp-content\\\/uploads\\\/2024\\\/12\\\/NHGN16B.jpg\",\"contentUrl\":\"https:\\\/\\\/adexa.ee\\\/wp-content\\\/uploads\\\/2024\\\/12\\\/NHGN16B.jpg\",\"width\":1464,\"height\":1464},{\"@type\":\"BreadcrumbList\",\"@id\":\"https:\\\/\\\/adexa.ee\\\/toode\\\/kaks-x-3-liitrine-pumbadosaator-ja-3x11-liitrine-anum-adexa-nhgn16b\\\/#breadcrumb\",\"itemListElement\":[{\"@type\":\"ListItem\",\"position\":1,\"name\":\"Home\",\"item\":\"https:\\\/\\\/adexa.ee\\\/\"},{\"@type\":\"ListItem\",\"position\":2,\"name\":\"Tooted\",\"item\":\"https:\\\/\\\/adexa.ee\\\/pood\\\/\"},{\"@type\":\"ListItem\",\"position\":3,\"name\":\"Kaks x 3-Liitrine Pumbadosaator Ja 3X1,1-Liitrine Anum | Adexa Nhgn16B\"}]},{\"@type\":\"WebSite\",\"@id\":\"https:\\\/\\\/adexa.ee\\\/#website\",\"url\":\"https:\\\/\\\/adexa.ee\\\/\",\"name\":\"Adexa\",\"description\":\"\",\"publisher\":{\"@id\":\"https:\\\/\\\/adexa.ee\\\/#organization\"},\"potentialAction\":[{\"@type\":\"SearchAction\",\"target\":{\"@type\":\"EntryPoint\",\"urlTemplate\":\"https:\\\/\\\/adexa.ee\\\/?s={search_term_string}\"},\"query-input\":{\"@type\":\"PropertyValueSpecification\",\"valueRequired\":true,\"valueName\":\"search_term_string\"}}],\"inLanguage\":\"en-US\"},{\"@type\":\"Organization\",\"@id\":\"https:\\\/\\\/adexa.ee\\\/#organization\",\"name\":\"Adexa\",\"url\":\"https:\\\/\\\/adexa.ee\\\/\",\"logo\":{\"@type\":\"ImageObject\",\"inLanguage\":\"en-US\",\"@id\":\"https:\\\/\\\/adexa.ee\\\/#\\\/schema\\\/logo\\\/image\\\/\",\"url\":\"https:\\\/\\\/adexa.ee\\\/wp-content\\\/uploads\\\/2024\\\/04\\\/chef-cooks-working-in-professional-kitchen-2023-11-27-05-07-39-utc-scaled.jpg\",\"contentUrl\":\"https:\\\/\\\/adexa.ee\\\/wp-content\\\/uploads\\\/2024\\\/04\\\/chef-cooks-working-in-professional-kitchen-2023-11-27-05-07-39-utc-scaled.jpg\",\"width\":2560,\"height\":1708,\"caption\":\"Adexa\"},\"image\":{\"@id\":\"https:\\\/\\\/adexa.ee\\\/#\\\/schema\\\/logo\\\/image\\\/\"}}]}<\/script>\n<!-- \/ Yoast SEO plugin. -->","yoast_head_json":{"title":"Kaks x 3-Liitrine Pumbadosaator Ja 3X1,1-Liitrine Anum | Adexa Nhgn16B - Adexa \u2013 Suurk\u00f6\u00f6giseadmed restoranidele ja toitlustusele","robots":{"index":"index","follow":"follow","max-snippet":"max-snippet:-1","max-image-preview":"max-image-preview:large","max-video-preview":"max-video-preview:-1"},"canonical":"https:\/\/adexa.ee\/toode\/kaks-x-3-liitrine-pumbadosaator-ja-3x11-liitrine-anum-adexa-nhgn16b\/","og_locale":"en_US","og_type":"article","og_title":"Kaks x 3-Liitrine Pumbadosaator Ja 3X1,1-Liitrine Anum | Adexa Nhgn16B - Adexa \u2013 Suurk\u00f6\u00f6giseadmed restoranidele ja toitlustusele","og_description":"Hoia oma maitseained korras, kergesti leitavad ja ligip\u00e4\u00e4setavad selle roostevabast terasest maitseainebaariga! See maitseainebaar sisaldab 2 dosaatorpumpa vedelate maitseainete jaoks,","og_url":"https:\/\/adexa.ee\/toode\/kaks-x-3-liitrine-pumbadosaator-ja-3x11-liitrine-anum-adexa-nhgn16b\/","og_site_name":"Adexa \u2013 Suurk\u00f6\u00f6giseadmed restoranidele ja toitlustusele","article_modified_time":"2026-03-26T08:35:16+00:00","og_image":[{"width":1464,"height":1464,"url":"https:\/\/adexa.ee\/wp-content\/uploads\/2024\/12\/NHGN16B.jpg","type":"image\/jpeg"}],"twitter_card":"summary_large_image","schema":{"@context":"https:\/\/schema.org","@graph":[{"@type":"WebPage","@id":"https:\/\/adexa.ee\/toode\/kaks-x-3-liitrine-pumbadosaator-ja-3x11-liitrine-anum-adexa-nhgn16b\/","url":"https:\/\/adexa.ee\/toode\/kaks-x-3-liitrine-pumbadosaator-ja-3x11-liitrine-anum-adexa-nhgn16b\/","name":"Kaks x 3-Liitrine Pumbadosaator Ja 3X1,1-Liitrine Anum | Adexa Nhgn16B - Adexa \u2013 Suurk\u00f6\u00f6giseadmed restoranidele ja toitlustusele","isPartOf":{"@id":"https:\/\/adexa.ee\/#website"},"primaryImageOfPage":{"@id":"https:\/\/adexa.ee\/toode\/kaks-x-3-liitrine-pumbadosaator-ja-3x11-liitrine-anum-adexa-nhgn16b\/#primaryimage"},"image":{"@id":"https:\/\/adexa.ee\/toode\/kaks-x-3-liitrine-pumbadosaator-ja-3x11-liitrine-anum-adexa-nhgn16b\/#primaryimage"},"thumbnailUrl":"https:\/\/adexa.ee\/wp-content\/uploads\/2024\/12\/NHGN16B.jpg","datePublished":"2026-03-26T08:35:15+00:00","dateModified":"2026-03-26T08:35:16+00:00","breadcrumb":{"@id":"https:\/\/adexa.ee\/toode\/kaks-x-3-liitrine-pumbadosaator-ja-3x11-liitrine-anum-adexa-nhgn16b\/#breadcrumb"},"inLanguage":"en-US","potentialAction":[{"@type":"ReadAction","target":["https:\/\/adexa.ee\/toode\/kaks-x-3-liitrine-pumbadosaator-ja-3x11-liitrine-anum-adexa-nhgn16b\/"]}]},{"@type":"ImageObject","inLanguage":"en-US","@id":"https:\/\/adexa.ee\/toode\/kaks-x-3-liitrine-pumbadosaator-ja-3x11-liitrine-anum-adexa-nhgn16b\/#primaryimage","url":"https:\/\/adexa.ee\/wp-content\/uploads\/2024\/12\/NHGN16B.jpg","contentUrl":"https:\/\/adexa.ee\/wp-content\/uploads\/2024\/12\/NHGN16B.jpg","width":1464,"height":1464},{"@type":"BreadcrumbList","@id":"https:\/\/adexa.ee\/toode\/kaks-x-3-liitrine-pumbadosaator-ja-3x11-liitrine-anum-adexa-nhgn16b\/#breadcrumb","itemListElement":[{"@type":"ListItem","position":1,"name":"Home","item":"https:\/\/adexa.ee\/"},{"@type":"ListItem","position":2,"name":"Tooted","item":"https:\/\/adexa.ee\/pood\/"},{"@type":"ListItem","position":3,"name":"Kaks x 3-Liitrine Pumbadosaator Ja 3X1,1-Liitrine Anum | Adexa Nhgn16B"}]},{"@type":"WebSite","@id":"https:\/\/adexa.ee\/#website","url":"https:\/\/adexa.ee\/","name":"Adexa","description":"","publisher":{"@id":"https:\/\/adexa.ee\/#organization"},"potentialAction":[{"@type":"SearchAction","target":{"@type":"EntryPoint","urlTemplate":"https:\/\/adexa.ee\/?s={search_term_string}"},"query-input":{"@type":"PropertyValueSpecification","valueRequired":true,"valueName":"search_term_string"}}],"inLanguage":"en-US"},{"@type":"Organization","@id":"https:\/\/adexa.ee\/#organization","name":"Adexa","url":"https:\/\/adexa.ee\/","logo":{"@type":"ImageObject","inLanguage":"en-US","@id":"https:\/\/adexa.ee\/#\/schema\/logo\/image\/","url":"https:\/\/adexa.ee\/wp-content\/uploads\/2024\/04\/chef-cooks-working-in-professional-kitchen-2023-11-27-05-07-39-utc-scaled.jpg","contentUrl":"https:\/\/adexa.ee\/wp-content\/uploads\/2024\/04\/chef-cooks-working-in-professional-kitchen-2023-11-27-05-07-39-utc-scaled.jpg","width":2560,"height":1708,"caption":"Adexa"},"image":{"@id":"https:\/\/adexa.ee\/#\/schema\/logo\/image\/"}}]}},"_links":{"self":[{"href":"https:\/\/adexa.ee\/en\/wp-json\/wp\/v2\/product\/15350","targetHints":{"allow":["GET"]}}],"collection":[{"href":"https:\/\/adexa.ee\/en\/wp-json\/wp\/v2\/product"}],"about":[{"href":"https:\/\/adexa.ee\/en\/wp-json\/wp\/v2\/types\/product"}],"wp:featuredmedia":[{"embeddable":true,"href":"https:\/\/adexa.ee\/en\/wp-json\/wp\/v2\/media\/15356"}],"wp:attachment":[{"href":"https:\/\/adexa.ee\/en\/wp-json\/wp\/v2\/media?parent=15350"}],"wp:term":[{"taxonomy":"product_brand","embeddable":true,"href":"https:\/\/adexa.ee\/en\/wp-json\/wp\/v2\/product_brand?post=15350"},{"taxonomy":"product_cat","embeddable":true,"href":"https:\/\/adexa.ee\/en\/wp-json\/wp\/v2\/product_cat?post=15350"},{"taxonomy":"product_tag","embeddable":true,"href":"https:\/\/adexa.ee\/en\/wp-json\/wp\/v2\/product_tag?post=15350"}],"curies":[{"name":"wp","href":"https:\/\/api.w.org\/{rel}","templated":true}]}}