{"id":15360,"date":"2026-03-26T10:35:15","date_gmt":"2026-03-26T08:35:15","guid":{"rendered":"https:\/\/adexa.ee\/toode\/eksklusiivne-beebitekk-laste-tekk-100x130-cm-ooneskiud-puuvillane-kambrik-233tc-300-gsm-valge-siexa-fq1001301\/"},"modified":"2026-03-26T10:35:17","modified_gmt":"2026-03-26T08:35:17","slug":"eksklusiivne-beebitekk-laste-tekk-100x130-cm-ooneskiud-puuvillane-kambrik-233tc-300-gsm-valge-siexa-fq1001301","status":"publish","type":"product","link":"https:\/\/adexa.ee\/en\/toode\/eksklusiivne-beebitekk-laste-tekk-100x130-cm-ooneskiud-puuvillane-kambrik-233tc-300-gsm-valge-siexa-fq1001301\/","title":{"rendered":"Eksklusiivne Beebitekk \/ Laste tekk &#8211; 100&#215;130 cm &#8211; \u00d5\u00f5neskiud &#8211; Puuvillane kambrik &#8211; 233TC &#8211; 300 GSM &#8211; Valge | Siexa FQ1001301"},"content":{"rendered":"<p>\u00dcksikasjaliku teabe leiate rubriigist &#8216;Spetsifikatsioon&#8217;.<\/p>\n<table style=\"border-collapse: collapse; width: 100%; text-align: left;\">\n<tbody>\n<tr>\n<td style=\"border: 1px solid #ddd; padding: 8px; width: 45%;\"><strong>Laius<\/strong><\/td>\n<td style=\"border: 1px solid #ddd; padding: 8px;\">100 cm<\/td>\n<\/tr>\n<tr>\n<td style=\"border: 1px solid #ddd; padding: 8px; width: 45%;\"><strong>Kaal<\/strong><\/td>\n<td style=\"border: 1px solid #ddd; padding: 8px;\">390g (t\u00e4idis)<\/td>\n<\/tr>\n<tr>\n<td style=\"border: 1px solid #ddd; padding: 8px; width: 45%;\"><strong>Materjal<\/strong><\/td>\n<td style=\"border: 1px solid #ddd; padding: 8px;\">100% puuvillakambrik (v\u00e4limine) \/ 100% pol\u00fcester\u00f5\u00f5neskiud (t\u00e4idis)<\/td>\n<\/tr>\n<tr>\n<td style=\"border: 1px solid #ddd; padding: 8px; width: 45%;\"><strong>V\u00e4rv<\/strong><\/td>\n<td style=\"border: 1px solid #ddd; padding: 8px;\">Valge, Kant: Vit satiinist kant<\/td>\n<\/tr>\n<tr>\n<td style=\"border: 1px solid #ddd; padding: 8px; width: 45%;\"><strong>Sertifikaadid<\/strong><\/td>\n<td style=\"border: 1px solid #ddd; padding: 8px;\">OEKO-TEX 100, ISO, BSCI, RDS, Sule kvaliteet: EN12934<\/td>\n<\/tr>\n<tr>\n<td style=\"border: 1px solid #ddd; padding: 8px; width: 45%;\"><strong>Pikkus<\/strong><\/td>\n<td style=\"border: 1px solid #ddd; padding: 8px;\">130 cm<\/td>\n<\/tr>\n<\/tbody>\n<\/table>\n","protected":false},"excerpt":{"rendered":"<p>\u00dcksikasjaliku teabe leiate rubriigist &#8216;Spetsifikatsioon&#8217;. Laius 100 cm Kaal 390g (t\u00e4idis) Materjal 100% puuvillakambrik (v\u00e4limine) \/ 100% pol\u00fcester\u00f5\u00f5neskiud (t\u00e4idis) V\u00e4rv<\/p>\n","protected":false},"featured_media":15362,"template":"","meta":[],"product_brand":[],"product_cat":[570,571,569,561],"product_tag":[],"class_list":{"0":"post-15360","1":"product","2":"type-product","3":"status-publish","4":"has-post-thumbnail","6":"product_cat-hotelli-voodipesu","7":"product_cat-laovaru-muuk","8":"product_cat-lopumuuk","9":"product_cat-moobel-ja-hoiustamine","11":"first","12":"instock","13":"sale","14":"taxable","15":"shipping-taxable","16":"purchasable","17":"product-type-simple"},"yoast_head":"<!-- This site is optimized with the Yoast SEO plugin v27.3 - https:\/\/yoast.com\/product\/yoast-seo-wordpress\/ -->\n<title>Eksklusiivne Beebitekk \/ Laste tekk - 100x130 cm - \u00d5\u00f5neskiud - Puuvillane kambrik - 233TC - 300 GSM - Valge | Siexa FQ1001301 - Adexa \u2013 Suurk\u00f6\u00f6giseadmed restoranidele ja toitlustusele<\/title>\n<meta name=\"robots\" content=\"index, follow, max-snippet:-1, max-image-preview:large, max-video-preview:-1\" \/>\n<link rel=\"canonical\" href=\"https:\/\/adexa.ee\/toode\/eksklusiivne-beebitekk-laste-tekk-100x130-cm-ooneskiud-puuvillane-kambrik-233tc-300-gsm-valge-siexa-fq1001301\/\" \/>\n<meta property=\"og:locale\" content=\"en_US\" \/>\n<meta property=\"og:type\" content=\"article\" \/>\n<meta property=\"og:title\" content=\"Eksklusiivne Beebitekk \/ Laste tekk - 100x130 cm - \u00d5\u00f5neskiud - Puuvillane kambrik - 233TC - 300 GSM - Valge | Siexa FQ1001301 - Adexa \u2013 Suurk\u00f6\u00f6giseadmed restoranidele ja toitlustusele\" \/>\n<meta property=\"og:description\" content=\"\u00dcksikasjaliku teabe leiate rubriigist &#8216;Spetsifikatsioon&#8217;. Laius 100 cm Kaal 390g (t\u00e4idis) Materjal 100% puuvillakambrik (v\u00e4limine) \/ 100% pol\u00fcester\u00f5\u00f5neskiud (t\u00e4idis) V\u00e4rv\" \/>\n<meta property=\"og:url\" content=\"https:\/\/adexa.ee\/toode\/eksklusiivne-beebitekk-laste-tekk-100x130-cm-ooneskiud-puuvillane-kambrik-233tc-300-gsm-valge-siexa-fq1001301\/\" \/>\n<meta property=\"og:site_name\" content=\"Adexa \u2013 Suurk\u00f6\u00f6giseadmed restoranidele ja toitlustusele\" \/>\n<meta property=\"article:modified_time\" content=\"2026-03-26T08:35:17+00:00\" \/>\n<meta property=\"og:image\" content=\"https:\/\/adexa.ee\/wp-content\/uploads\/2024\/12\/FQ1001301.jpg\" \/>\n\t<meta property=\"og:image:width\" content=\"1700\" \/>\n\t<meta property=\"og:image:height\" content=\"1700\" \/>\n\t<meta property=\"og:image:type\" content=\"image\/jpeg\" \/>\n<meta name=\"twitter:card\" content=\"summary_large_image\" \/>\n<script type=\"application\/ld+json\" class=\"yoast-schema-graph\">{\"@context\":\"https:\\\/\\\/schema.org\",\"@graph\":[{\"@type\":\"WebPage\",\"@id\":\"https:\\\/\\\/adexa.ee\\\/toode\\\/eksklusiivne-beebitekk-laste-tekk-100x130-cm-ooneskiud-puuvillane-kambrik-233tc-300-gsm-valge-siexa-fq1001301\\\/\",\"url\":\"https:\\\/\\\/adexa.ee\\\/toode\\\/eksklusiivne-beebitekk-laste-tekk-100x130-cm-ooneskiud-puuvillane-kambrik-233tc-300-gsm-valge-siexa-fq1001301\\\/\",\"name\":\"Eksklusiivne Beebitekk \\\/ Laste tekk - 100x130 cm - \u00d5\u00f5neskiud - Puuvillane kambrik - 233TC - 300 GSM - Valge | Siexa FQ1001301 - Adexa \u2013 Suurk\u00f6\u00f6giseadmed restoranidele ja toitlustusele\",\"isPartOf\":{\"@id\":\"https:\\\/\\\/adexa.ee\\\/#website\"},\"primaryImageOfPage\":{\"@id\":\"https:\\\/\\\/adexa.ee\\\/toode\\\/eksklusiivne-beebitekk-laste-tekk-100x130-cm-ooneskiud-puuvillane-kambrik-233tc-300-gsm-valge-siexa-fq1001301\\\/#primaryimage\"},\"image\":{\"@id\":\"https:\\\/\\\/adexa.ee\\\/toode\\\/eksklusiivne-beebitekk-laste-tekk-100x130-cm-ooneskiud-puuvillane-kambrik-233tc-300-gsm-valge-siexa-fq1001301\\\/#primaryimage\"},\"thumbnailUrl\":\"https:\\\/\\\/adexa.ee\\\/wp-content\\\/uploads\\\/2024\\\/12\\\/FQ1001301.jpg\",\"datePublished\":\"2026-03-26T08:35:15+00:00\",\"dateModified\":\"2026-03-26T08:35:17+00:00\",\"breadcrumb\":{\"@id\":\"https:\\\/\\\/adexa.ee\\\/toode\\\/eksklusiivne-beebitekk-laste-tekk-100x130-cm-ooneskiud-puuvillane-kambrik-233tc-300-gsm-valge-siexa-fq1001301\\\/#breadcrumb\"},\"inLanguage\":\"en-US\",\"potentialAction\":[{\"@type\":\"ReadAction\",\"target\":[\"https:\\\/\\\/adexa.ee\\\/toode\\\/eksklusiivne-beebitekk-laste-tekk-100x130-cm-ooneskiud-puuvillane-kambrik-233tc-300-gsm-valge-siexa-fq1001301\\\/\"]}]},{\"@type\":\"ImageObject\",\"inLanguage\":\"en-US\",\"@id\":\"https:\\\/\\\/adexa.ee\\\/toode\\\/eksklusiivne-beebitekk-laste-tekk-100x130-cm-ooneskiud-puuvillane-kambrik-233tc-300-gsm-valge-siexa-fq1001301\\\/#primaryimage\",\"url\":\"https:\\\/\\\/adexa.ee\\\/wp-content\\\/uploads\\\/2024\\\/12\\\/FQ1001301.jpg\",\"contentUrl\":\"https:\\\/\\\/adexa.ee\\\/wp-content\\\/uploads\\\/2024\\\/12\\\/FQ1001301.jpg\",\"width\":1700,\"height\":1700},{\"@type\":\"BreadcrumbList\",\"@id\":\"https:\\\/\\\/adexa.ee\\\/toode\\\/eksklusiivne-beebitekk-laste-tekk-100x130-cm-ooneskiud-puuvillane-kambrik-233tc-300-gsm-valge-siexa-fq1001301\\\/#breadcrumb\",\"itemListElement\":[{\"@type\":\"ListItem\",\"position\":1,\"name\":\"Home\",\"item\":\"https:\\\/\\\/adexa.ee\\\/\"},{\"@type\":\"ListItem\",\"position\":2,\"name\":\"Tooted\",\"item\":\"https:\\\/\\\/adexa.ee\\\/pood\\\/\"},{\"@type\":\"ListItem\",\"position\":3,\"name\":\"Eksklusiivne Beebitekk \\\/ Laste tekk &#8211; 100&#215;130 cm &#8211; \u00d5\u00f5neskiud &#8211; Puuvillane kambrik &#8211; 233TC &#8211; 300 GSM &#8211; Valge | Siexa FQ1001301\"}]},{\"@type\":\"WebSite\",\"@id\":\"https:\\\/\\\/adexa.ee\\\/#website\",\"url\":\"https:\\\/\\\/adexa.ee\\\/\",\"name\":\"Adexa\",\"description\":\"\",\"publisher\":{\"@id\":\"https:\\\/\\\/adexa.ee\\\/#organization\"},\"potentialAction\":[{\"@type\":\"SearchAction\",\"target\":{\"@type\":\"EntryPoint\",\"urlTemplate\":\"https:\\\/\\\/adexa.ee\\\/?s={search_term_string}\"},\"query-input\":{\"@type\":\"PropertyValueSpecification\",\"valueRequired\":true,\"valueName\":\"search_term_string\"}}],\"inLanguage\":\"en-US\"},{\"@type\":\"Organization\",\"@id\":\"https:\\\/\\\/adexa.ee\\\/#organization\",\"name\":\"Adexa\",\"url\":\"https:\\\/\\\/adexa.ee\\\/\",\"logo\":{\"@type\":\"ImageObject\",\"inLanguage\":\"en-US\",\"@id\":\"https:\\\/\\\/adexa.ee\\\/#\\\/schema\\\/logo\\\/image\\\/\",\"url\":\"https:\\\/\\\/adexa.ee\\\/wp-content\\\/uploads\\\/2024\\\/04\\\/chef-cooks-working-in-professional-kitchen-2023-11-27-05-07-39-utc-scaled.jpg\",\"contentUrl\":\"https:\\\/\\\/adexa.ee\\\/wp-content\\\/uploads\\\/2024\\\/04\\\/chef-cooks-working-in-professional-kitchen-2023-11-27-05-07-39-utc-scaled.jpg\",\"width\":2560,\"height\":1708,\"caption\":\"Adexa\"},\"image\":{\"@id\":\"https:\\\/\\\/adexa.ee\\\/#\\\/schema\\\/logo\\\/image\\\/\"}}]}<\/script>\n<!-- \/ Yoast SEO plugin. -->","yoast_head_json":{"title":"Eksklusiivne Beebitekk \/ Laste tekk - 100x130 cm - \u00d5\u00f5neskiud - Puuvillane kambrik - 233TC - 300 GSM - Valge | Siexa FQ1001301 - Adexa \u2013 Suurk\u00f6\u00f6giseadmed restoranidele ja toitlustusele","robots":{"index":"index","follow":"follow","max-snippet":"max-snippet:-1","max-image-preview":"max-image-preview:large","max-video-preview":"max-video-preview:-1"},"canonical":"https:\/\/adexa.ee\/toode\/eksklusiivne-beebitekk-laste-tekk-100x130-cm-ooneskiud-puuvillane-kambrik-233tc-300-gsm-valge-siexa-fq1001301\/","og_locale":"en_US","og_type":"article","og_title":"Eksklusiivne Beebitekk \/ Laste tekk - 100x130 cm - \u00d5\u00f5neskiud - Puuvillane kambrik - 233TC - 300 GSM - Valge | Siexa FQ1001301 - Adexa \u2013 Suurk\u00f6\u00f6giseadmed restoranidele ja toitlustusele","og_description":"\u00dcksikasjaliku teabe leiate rubriigist &#8216;Spetsifikatsioon&#8217;. Laius 100 cm Kaal 390g (t\u00e4idis) Materjal 100% puuvillakambrik (v\u00e4limine) \/ 100% pol\u00fcester\u00f5\u00f5neskiud (t\u00e4idis) V\u00e4rv","og_url":"https:\/\/adexa.ee\/toode\/eksklusiivne-beebitekk-laste-tekk-100x130-cm-ooneskiud-puuvillane-kambrik-233tc-300-gsm-valge-siexa-fq1001301\/","og_site_name":"Adexa \u2013 Suurk\u00f6\u00f6giseadmed restoranidele ja toitlustusele","article_modified_time":"2026-03-26T08:35:17+00:00","og_image":[{"width":1700,"height":1700,"url":"https:\/\/adexa.ee\/wp-content\/uploads\/2024\/12\/FQ1001301.jpg","type":"image\/jpeg"}],"twitter_card":"summary_large_image","schema":{"@context":"https:\/\/schema.org","@graph":[{"@type":"WebPage","@id":"https:\/\/adexa.ee\/toode\/eksklusiivne-beebitekk-laste-tekk-100x130-cm-ooneskiud-puuvillane-kambrik-233tc-300-gsm-valge-siexa-fq1001301\/","url":"https:\/\/adexa.ee\/toode\/eksklusiivne-beebitekk-laste-tekk-100x130-cm-ooneskiud-puuvillane-kambrik-233tc-300-gsm-valge-siexa-fq1001301\/","name":"Eksklusiivne Beebitekk \/ Laste tekk - 100x130 cm - \u00d5\u00f5neskiud - Puuvillane kambrik - 233TC - 300 GSM - Valge | Siexa FQ1001301 - Adexa \u2013 Suurk\u00f6\u00f6giseadmed restoranidele ja toitlustusele","isPartOf":{"@id":"https:\/\/adexa.ee\/#website"},"primaryImageOfPage":{"@id":"https:\/\/adexa.ee\/toode\/eksklusiivne-beebitekk-laste-tekk-100x130-cm-ooneskiud-puuvillane-kambrik-233tc-300-gsm-valge-siexa-fq1001301\/#primaryimage"},"image":{"@id":"https:\/\/adexa.ee\/toode\/eksklusiivne-beebitekk-laste-tekk-100x130-cm-ooneskiud-puuvillane-kambrik-233tc-300-gsm-valge-siexa-fq1001301\/#primaryimage"},"thumbnailUrl":"https:\/\/adexa.ee\/wp-content\/uploads\/2024\/12\/FQ1001301.jpg","datePublished":"2026-03-26T08:35:15+00:00","dateModified":"2026-03-26T08:35:17+00:00","breadcrumb":{"@id":"https:\/\/adexa.ee\/toode\/eksklusiivne-beebitekk-laste-tekk-100x130-cm-ooneskiud-puuvillane-kambrik-233tc-300-gsm-valge-siexa-fq1001301\/#breadcrumb"},"inLanguage":"en-US","potentialAction":[{"@type":"ReadAction","target":["https:\/\/adexa.ee\/toode\/eksklusiivne-beebitekk-laste-tekk-100x130-cm-ooneskiud-puuvillane-kambrik-233tc-300-gsm-valge-siexa-fq1001301\/"]}]},{"@type":"ImageObject","inLanguage":"en-US","@id":"https:\/\/adexa.ee\/toode\/eksklusiivne-beebitekk-laste-tekk-100x130-cm-ooneskiud-puuvillane-kambrik-233tc-300-gsm-valge-siexa-fq1001301\/#primaryimage","url":"https:\/\/adexa.ee\/wp-content\/uploads\/2024\/12\/FQ1001301.jpg","contentUrl":"https:\/\/adexa.ee\/wp-content\/uploads\/2024\/12\/FQ1001301.jpg","width":1700,"height":1700},{"@type":"BreadcrumbList","@id":"https:\/\/adexa.ee\/toode\/eksklusiivne-beebitekk-laste-tekk-100x130-cm-ooneskiud-puuvillane-kambrik-233tc-300-gsm-valge-siexa-fq1001301\/#breadcrumb","itemListElement":[{"@type":"ListItem","position":1,"name":"Home","item":"https:\/\/adexa.ee\/"},{"@type":"ListItem","position":2,"name":"Tooted","item":"https:\/\/adexa.ee\/pood\/"},{"@type":"ListItem","position":3,"name":"Eksklusiivne Beebitekk \/ Laste tekk &#8211; 100&#215;130 cm &#8211; \u00d5\u00f5neskiud &#8211; Puuvillane kambrik &#8211; 233TC &#8211; 300 GSM &#8211; Valge | Siexa FQ1001301"}]},{"@type":"WebSite","@id":"https:\/\/adexa.ee\/#website","url":"https:\/\/adexa.ee\/","name":"Adexa","description":"","publisher":{"@id":"https:\/\/adexa.ee\/#organization"},"potentialAction":[{"@type":"SearchAction","target":{"@type":"EntryPoint","urlTemplate":"https:\/\/adexa.ee\/?s={search_term_string}"},"query-input":{"@type":"PropertyValueSpecification","valueRequired":true,"valueName":"search_term_string"}}],"inLanguage":"en-US"},{"@type":"Organization","@id":"https:\/\/adexa.ee\/#organization","name":"Adexa","url":"https:\/\/adexa.ee\/","logo":{"@type":"ImageObject","inLanguage":"en-US","@id":"https:\/\/adexa.ee\/#\/schema\/logo\/image\/","url":"https:\/\/adexa.ee\/wp-content\/uploads\/2024\/04\/chef-cooks-working-in-professional-kitchen-2023-11-27-05-07-39-utc-scaled.jpg","contentUrl":"https:\/\/adexa.ee\/wp-content\/uploads\/2024\/04\/chef-cooks-working-in-professional-kitchen-2023-11-27-05-07-39-utc-scaled.jpg","width":2560,"height":1708,"caption":"Adexa"},"image":{"@id":"https:\/\/adexa.ee\/#\/schema\/logo\/image\/"}}]}},"_links":{"self":[{"href":"https:\/\/adexa.ee\/en\/wp-json\/wp\/v2\/product\/15360","targetHints":{"allow":["GET"]}}],"collection":[{"href":"https:\/\/adexa.ee\/en\/wp-json\/wp\/v2\/product"}],"about":[{"href":"https:\/\/adexa.ee\/en\/wp-json\/wp\/v2\/types\/product"}],"wp:featuredmedia":[{"embeddable":true,"href":"https:\/\/adexa.ee\/en\/wp-json\/wp\/v2\/media\/15362"}],"wp:attachment":[{"href":"https:\/\/adexa.ee\/en\/wp-json\/wp\/v2\/media?parent=15360"}],"wp:term":[{"taxonomy":"product_brand","embeddable":true,"href":"https:\/\/adexa.ee\/en\/wp-json\/wp\/v2\/product_brand?post=15360"},{"taxonomy":"product_cat","embeddable":true,"href":"https:\/\/adexa.ee\/en\/wp-json\/wp\/v2\/product_cat?post=15360"},{"taxonomy":"product_tag","embeddable":true,"href":"https:\/\/adexa.ee\/en\/wp-json\/wp\/v2\/product_tag?post=15360"}],"curies":[{"name":"wp","href":"https:\/\/api.w.org\/{rel}","templated":true}]}}