{"id":15408,"date":"2026-03-26T10:35:22","date_gmt":"2026-03-26T08:35:22","guid":{"rendered":"https:\/\/adexa.ee\/toode\/polukarbonaat-gastronorm-pann-gn1-4-sugavus-150mm-labipaistev-adexa-p8146\/"},"modified":"2026-03-26T10:35:22","modified_gmt":"2026-03-26T08:35:22","slug":"polukarbonaat-gn-nou-pann-gn1-4-sugavus-150mm-labipaistev-adexa-p8146","status":"publish","type":"product","link":"https:\/\/adexa.ee\/en\/toode\/polukarbonaat-gn-nou-pann-gn1-4-sugavus-150mm-labipaistev-adexa-p8146\/","title":{"rendered":"Pol\u00fckarbonaat GN-n\u00f5u Pann GN1\/4 S\u00fcgavus 150mm L\u00e4bipaistev | Adexa P8146"},"content":{"rendered":"<p>Lisage oma k\u00f6\u00f6gile mitmek\u00fclgsust selle raskeveokite l\u00e4bipaistva pol\u00fckarbonaadist gastronorm toidupanniga. Valmistatud vastupidavast pol\u00fckarbonaadist, seda panni saab lisada teie jahutatud ettevalmistuslaudadele v\u00f5i kasutada eraldiseisva hoiukastina teie traadriiulitel. See on teie k\u00f6\u00f6gi mitmek\u00fclgne lisa, kuna seda saab kasutada toiduainete ettevalmistamiseks, s\u00e4ilitamiseks, transportimiseks ja serveerimiseks. Saate seda isegi kasutada aurulaual v\u00f5i salatibaaris! Toidukindel pol\u00fckarbonaatmaterjal on praktiliselt purunematu ja vastupidav toiduhapetele ja -\u00f5lidele, aidates pikendada selle toidupanni kasutusiga. See suudab taluda temperatuure vahemikus -40 kuni 100 kraadi Celsiuse j\u00e4rgi, v\u00f5imaldades seda kasutada erinevates hoiukohtades. Tugevdatud \u00fcla- ja alaosade nurgad on samuti vastupidavad painutamisele, pragunemisele ja m\u00f5lkidele, tagades, et see toidupann on pikaajaliseks kasutamiseks teie t\u00f6\u00f6stuslikus k\u00f6\u00f6gis valmis. \u00dcksikasjaliku teabe saamiseks vaadake jaotist &#8220;Spetsifikatsioon&#8221;.<\/p>\n<table style=\"border-collapse: collapse; width: 100%; text-align: left;\">\n<tbody>\n<tr>\n<td style=\"border: 1px solid #ddd; padding: 8px; width: 45%;\"><strong>S\u00fcgavus<\/strong><\/td>\n<td style=\"border: 1px solid #ddd; padding: 8px;\">162 mm<\/td>\n<\/tr>\n<tr>\n<td style=\"border: 1px solid #ddd; padding: 8px; width: 45%;\"><strong>K\u00f5rgus<\/strong><\/td>\n<td style=\"border: 1px solid #ddd; padding: 8px;\">150 mm<\/td>\n<\/tr>\n<tr>\n<td style=\"border: 1px solid #ddd; padding: 8px; width: 45%;\"><strong>Laius<\/strong><\/td>\n<td style=\"border: 1px solid #ddd; padding: 8px;\">265 mm<\/td>\n<\/tr>\n<tr>\n<td style=\"border: 1px solid #ddd; padding: 8px; width: 45%;\"><strong>Materjal<\/strong><\/td>\n<td style=\"border: 1px solid #ddd; padding: 8px;\">Pol\u00fckarbonaat<\/td>\n<\/tr>\n<\/tbody>\n<\/table>\n","protected":false},"excerpt":{"rendered":"<p>Lisage oma k\u00f6\u00f6gile mitmek\u00fclgsust selle raskeveokite l\u00e4bipaistva pol\u00fckarbonaadist gastronorm toidupanniga. Valmistatud vastupidavast pol\u00fckarbonaadist, seda panni saab lisada teie jahutatud ettevalmistuslaudadele<\/p>\n","protected":false},"featured_media":12563,"template":"","meta":[],"product_brand":[],"product_cat":[585,627,579,626,625],"product_tag":[],"class_list":{"0":"post-15408","1":"product","2":"type-product","3":"status-publish","4":"has-post-thumbnail","6":"product_cat-gn-noud","7":"product_cat-gn-noud-labipaistvad-plastik","8":"product_cat-koogitarbed-noud","9":"product_cat-plastikust-toiduaine-hoiukonteinerid","10":"product_cat-toidukonteinerid","12":"first","13":"instock","14":"sale","15":"taxable","16":"shipping-taxable","17":"purchasable","18":"product-type-simple"},"yoast_head":"<!-- This site is optimized with the Yoast SEO plugin v27.3 - https:\/\/yoast.com\/product\/yoast-seo-wordpress\/ -->\n<title>Pol\u00fckarbonaat GN-n\u00f5u Pann GN1\/4 S\u00fcgavus 150mm L\u00e4bipaistev | Adexa P8146 - Adexa \u2013 Suurk\u00f6\u00f6giseadmed restoranidele ja toitlustusele<\/title>\n<meta name=\"robots\" content=\"index, follow, max-snippet:-1, max-image-preview:large, max-video-preview:-1\" \/>\n<link rel=\"canonical\" href=\"https:\/\/adexa.ee\/toode\/polukarbonaat-gn-nou-pann-gn1-4-sugavus-150mm-labipaistev-adexa-p8146\/\" \/>\n<meta property=\"og:locale\" content=\"en_US\" \/>\n<meta property=\"og:type\" content=\"article\" \/>\n<meta property=\"og:title\" content=\"Pol\u00fckarbonaat GN-n\u00f5u Pann GN1\/4 S\u00fcgavus 150mm L\u00e4bipaistev | Adexa P8146 - Adexa \u2013 Suurk\u00f6\u00f6giseadmed restoranidele ja toitlustusele\" \/>\n<meta property=\"og:description\" content=\"Lisage oma k\u00f6\u00f6gile mitmek\u00fclgsust selle raskeveokite l\u00e4bipaistva pol\u00fckarbonaadist gastronorm toidupanniga. Valmistatud vastupidavast pol\u00fckarbonaadist, seda panni saab lisada teie jahutatud ettevalmistuslaudadele\" \/>\n<meta property=\"og:url\" content=\"https:\/\/adexa.ee\/toode\/polukarbonaat-gn-nou-pann-gn1-4-sugavus-150mm-labipaistev-adexa-p8146\/\" \/>\n<meta property=\"og:site_name\" content=\"Adexa \u2013 Suurk\u00f6\u00f6giseadmed restoranidele ja toitlustusele\" \/>\n<meta property=\"og:image\" content=\"https:\/\/adexa.ee\/wp-content\/uploads\/2024\/12\/P8144.jpg\" \/>\n\t<meta property=\"og:image:width\" content=\"2000\" \/>\n\t<meta property=\"og:image:height\" content=\"2000\" \/>\n\t<meta property=\"og:image:type\" content=\"image\/jpeg\" \/>\n<meta name=\"twitter:card\" content=\"summary_large_image\" \/>\n<meta name=\"twitter:label1\" content=\"Est. reading time\" \/>\n\t<meta name=\"twitter:data1\" content=\"1 minute\" \/>\n<script type=\"application\/ld+json\" class=\"yoast-schema-graph\">{\"@context\":\"https:\\\/\\\/schema.org\",\"@graph\":[{\"@type\":\"WebPage\",\"@id\":\"https:\\\/\\\/adexa.ee\\\/toode\\\/polukarbonaat-gn-nou-pann-gn1-4-sugavus-150mm-labipaistev-adexa-p8146\\\/\",\"url\":\"https:\\\/\\\/adexa.ee\\\/toode\\\/polukarbonaat-gn-nou-pann-gn1-4-sugavus-150mm-labipaistev-adexa-p8146\\\/\",\"name\":\"Pol\u00fckarbonaat GN-n\u00f5u Pann GN1\\\/4 S\u00fcgavus 150mm L\u00e4bipaistev | Adexa P8146 - Adexa \u2013 Suurk\u00f6\u00f6giseadmed restoranidele ja toitlustusele\",\"isPartOf\":{\"@id\":\"https:\\\/\\\/adexa.ee\\\/#website\"},\"primaryImageOfPage\":{\"@id\":\"https:\\\/\\\/adexa.ee\\\/toode\\\/polukarbonaat-gn-nou-pann-gn1-4-sugavus-150mm-labipaistev-adexa-p8146\\\/#primaryimage\"},\"image\":{\"@id\":\"https:\\\/\\\/adexa.ee\\\/toode\\\/polukarbonaat-gn-nou-pann-gn1-4-sugavus-150mm-labipaistev-adexa-p8146\\\/#primaryimage\"},\"thumbnailUrl\":\"https:\\\/\\\/adexa.ee\\\/wp-content\\\/uploads\\\/2024\\\/12\\\/P8144.jpg\",\"datePublished\":\"2026-03-26T08:35:22+00:00\",\"breadcrumb\":{\"@id\":\"https:\\\/\\\/adexa.ee\\\/toode\\\/polukarbonaat-gn-nou-pann-gn1-4-sugavus-150mm-labipaistev-adexa-p8146\\\/#breadcrumb\"},\"inLanguage\":\"en-US\",\"potentialAction\":[{\"@type\":\"ReadAction\",\"target\":[\"https:\\\/\\\/adexa.ee\\\/toode\\\/polukarbonaat-gn-nou-pann-gn1-4-sugavus-150mm-labipaistev-adexa-p8146\\\/\"]}]},{\"@type\":\"ImageObject\",\"inLanguage\":\"en-US\",\"@id\":\"https:\\\/\\\/adexa.ee\\\/toode\\\/polukarbonaat-gn-nou-pann-gn1-4-sugavus-150mm-labipaistev-adexa-p8146\\\/#primaryimage\",\"url\":\"https:\\\/\\\/adexa.ee\\\/wp-content\\\/uploads\\\/2024\\\/12\\\/P8144.jpg\",\"contentUrl\":\"https:\\\/\\\/adexa.ee\\\/wp-content\\\/uploads\\\/2024\\\/12\\\/P8144.jpg\",\"width\":2000,\"height\":2000},{\"@type\":\"BreadcrumbList\",\"@id\":\"https:\\\/\\\/adexa.ee\\\/toode\\\/polukarbonaat-gn-nou-pann-gn1-4-sugavus-150mm-labipaistev-adexa-p8146\\\/#breadcrumb\",\"itemListElement\":[{\"@type\":\"ListItem\",\"position\":1,\"name\":\"Home\",\"item\":\"https:\\\/\\\/adexa.ee\\\/\"},{\"@type\":\"ListItem\",\"position\":2,\"name\":\"Tooted\",\"item\":\"https:\\\/\\\/adexa.ee\\\/pood\\\/\"},{\"@type\":\"ListItem\",\"position\":3,\"name\":\"Pol\u00fckarbonaat GN-n\u00f5u Pann GN1\\\/4 S\u00fcgavus 150mm L\u00e4bipaistev | Adexa P8146\"}]},{\"@type\":\"WebSite\",\"@id\":\"https:\\\/\\\/adexa.ee\\\/#website\",\"url\":\"https:\\\/\\\/adexa.ee\\\/\",\"name\":\"Adexa\",\"description\":\"\",\"publisher\":{\"@id\":\"https:\\\/\\\/adexa.ee\\\/#organization\"},\"potentialAction\":[{\"@type\":\"SearchAction\",\"target\":{\"@type\":\"EntryPoint\",\"urlTemplate\":\"https:\\\/\\\/adexa.ee\\\/?s={search_term_string}\"},\"query-input\":{\"@type\":\"PropertyValueSpecification\",\"valueRequired\":true,\"valueName\":\"search_term_string\"}}],\"inLanguage\":\"en-US\"},{\"@type\":\"Organization\",\"@id\":\"https:\\\/\\\/adexa.ee\\\/#organization\",\"name\":\"Adexa\",\"url\":\"https:\\\/\\\/adexa.ee\\\/\",\"logo\":{\"@type\":\"ImageObject\",\"inLanguage\":\"en-US\",\"@id\":\"https:\\\/\\\/adexa.ee\\\/#\\\/schema\\\/logo\\\/image\\\/\",\"url\":\"https:\\\/\\\/adexa.ee\\\/wp-content\\\/uploads\\\/2024\\\/04\\\/chef-cooks-working-in-professional-kitchen-2023-11-27-05-07-39-utc-scaled.jpg\",\"contentUrl\":\"https:\\\/\\\/adexa.ee\\\/wp-content\\\/uploads\\\/2024\\\/04\\\/chef-cooks-working-in-professional-kitchen-2023-11-27-05-07-39-utc-scaled.jpg\",\"width\":2560,\"height\":1708,\"caption\":\"Adexa\"},\"image\":{\"@id\":\"https:\\\/\\\/adexa.ee\\\/#\\\/schema\\\/logo\\\/image\\\/\"}}]}<\/script>\n<!-- \/ Yoast SEO plugin. -->","yoast_head_json":{"title":"Pol\u00fckarbonaat GN-n\u00f5u Pann GN1\/4 S\u00fcgavus 150mm L\u00e4bipaistev | Adexa P8146 - Adexa \u2013 Suurk\u00f6\u00f6giseadmed restoranidele ja toitlustusele","robots":{"index":"index","follow":"follow","max-snippet":"max-snippet:-1","max-image-preview":"max-image-preview:large","max-video-preview":"max-video-preview:-1"},"canonical":"https:\/\/adexa.ee\/toode\/polukarbonaat-gn-nou-pann-gn1-4-sugavus-150mm-labipaistev-adexa-p8146\/","og_locale":"en_US","og_type":"article","og_title":"Pol\u00fckarbonaat GN-n\u00f5u Pann GN1\/4 S\u00fcgavus 150mm L\u00e4bipaistev | Adexa P8146 - Adexa \u2013 Suurk\u00f6\u00f6giseadmed restoranidele ja toitlustusele","og_description":"Lisage oma k\u00f6\u00f6gile mitmek\u00fclgsust selle raskeveokite l\u00e4bipaistva pol\u00fckarbonaadist gastronorm toidupanniga. Valmistatud vastupidavast pol\u00fckarbonaadist, seda panni saab lisada teie jahutatud ettevalmistuslaudadele","og_url":"https:\/\/adexa.ee\/toode\/polukarbonaat-gn-nou-pann-gn1-4-sugavus-150mm-labipaistev-adexa-p8146\/","og_site_name":"Adexa \u2013 Suurk\u00f6\u00f6giseadmed restoranidele ja toitlustusele","og_image":[{"width":2000,"height":2000,"url":"https:\/\/adexa.ee\/wp-content\/uploads\/2024\/12\/P8144.jpg","type":"image\/jpeg"}],"twitter_card":"summary_large_image","twitter_misc":{"Est. reading time":"1 minute"},"schema":{"@context":"https:\/\/schema.org","@graph":[{"@type":"WebPage","@id":"https:\/\/adexa.ee\/toode\/polukarbonaat-gn-nou-pann-gn1-4-sugavus-150mm-labipaistev-adexa-p8146\/","url":"https:\/\/adexa.ee\/toode\/polukarbonaat-gn-nou-pann-gn1-4-sugavus-150mm-labipaistev-adexa-p8146\/","name":"Pol\u00fckarbonaat GN-n\u00f5u Pann GN1\/4 S\u00fcgavus 150mm L\u00e4bipaistev | Adexa P8146 - Adexa \u2013 Suurk\u00f6\u00f6giseadmed restoranidele ja toitlustusele","isPartOf":{"@id":"https:\/\/adexa.ee\/#website"},"primaryImageOfPage":{"@id":"https:\/\/adexa.ee\/toode\/polukarbonaat-gn-nou-pann-gn1-4-sugavus-150mm-labipaistev-adexa-p8146\/#primaryimage"},"image":{"@id":"https:\/\/adexa.ee\/toode\/polukarbonaat-gn-nou-pann-gn1-4-sugavus-150mm-labipaistev-adexa-p8146\/#primaryimage"},"thumbnailUrl":"https:\/\/adexa.ee\/wp-content\/uploads\/2024\/12\/P8144.jpg","datePublished":"2026-03-26T08:35:22+00:00","breadcrumb":{"@id":"https:\/\/adexa.ee\/toode\/polukarbonaat-gn-nou-pann-gn1-4-sugavus-150mm-labipaistev-adexa-p8146\/#breadcrumb"},"inLanguage":"en-US","potentialAction":[{"@type":"ReadAction","target":["https:\/\/adexa.ee\/toode\/polukarbonaat-gn-nou-pann-gn1-4-sugavus-150mm-labipaistev-adexa-p8146\/"]}]},{"@type":"ImageObject","inLanguage":"en-US","@id":"https:\/\/adexa.ee\/toode\/polukarbonaat-gn-nou-pann-gn1-4-sugavus-150mm-labipaistev-adexa-p8146\/#primaryimage","url":"https:\/\/adexa.ee\/wp-content\/uploads\/2024\/12\/P8144.jpg","contentUrl":"https:\/\/adexa.ee\/wp-content\/uploads\/2024\/12\/P8144.jpg","width":2000,"height":2000},{"@type":"BreadcrumbList","@id":"https:\/\/adexa.ee\/toode\/polukarbonaat-gn-nou-pann-gn1-4-sugavus-150mm-labipaistev-adexa-p8146\/#breadcrumb","itemListElement":[{"@type":"ListItem","position":1,"name":"Home","item":"https:\/\/adexa.ee\/"},{"@type":"ListItem","position":2,"name":"Tooted","item":"https:\/\/adexa.ee\/pood\/"},{"@type":"ListItem","position":3,"name":"Pol\u00fckarbonaat GN-n\u00f5u Pann GN1\/4 S\u00fcgavus 150mm L\u00e4bipaistev | Adexa P8146"}]},{"@type":"WebSite","@id":"https:\/\/adexa.ee\/#website","url":"https:\/\/adexa.ee\/","name":"Adexa","description":"","publisher":{"@id":"https:\/\/adexa.ee\/#organization"},"potentialAction":[{"@type":"SearchAction","target":{"@type":"EntryPoint","urlTemplate":"https:\/\/adexa.ee\/?s={search_term_string}"},"query-input":{"@type":"PropertyValueSpecification","valueRequired":true,"valueName":"search_term_string"}}],"inLanguage":"en-US"},{"@type":"Organization","@id":"https:\/\/adexa.ee\/#organization","name":"Adexa","url":"https:\/\/adexa.ee\/","logo":{"@type":"ImageObject","inLanguage":"en-US","@id":"https:\/\/adexa.ee\/#\/schema\/logo\/image\/","url":"https:\/\/adexa.ee\/wp-content\/uploads\/2024\/04\/chef-cooks-working-in-professional-kitchen-2023-11-27-05-07-39-utc-scaled.jpg","contentUrl":"https:\/\/adexa.ee\/wp-content\/uploads\/2024\/04\/chef-cooks-working-in-professional-kitchen-2023-11-27-05-07-39-utc-scaled.jpg","width":2560,"height":1708,"caption":"Adexa"},"image":{"@id":"https:\/\/adexa.ee\/#\/schema\/logo\/image\/"}}]}},"_links":{"self":[{"href":"https:\/\/adexa.ee\/en\/wp-json\/wp\/v2\/product\/15408","targetHints":{"allow":["GET"]}}],"collection":[{"href":"https:\/\/adexa.ee\/en\/wp-json\/wp\/v2\/product"}],"about":[{"href":"https:\/\/adexa.ee\/en\/wp-json\/wp\/v2\/types\/product"}],"wp:featuredmedia":[{"embeddable":true,"href":"https:\/\/adexa.ee\/en\/wp-json\/wp\/v2\/media\/12563"}],"wp:attachment":[{"href":"https:\/\/adexa.ee\/en\/wp-json\/wp\/v2\/media?parent=15408"}],"wp:term":[{"taxonomy":"product_brand","embeddable":true,"href":"https:\/\/adexa.ee\/en\/wp-json\/wp\/v2\/product_brand?post=15408"},{"taxonomy":"product_cat","embeddable":true,"href":"https:\/\/adexa.ee\/en\/wp-json\/wp\/v2\/product_cat?post=15408"},{"taxonomy":"product_tag","embeddable":true,"href":"https:\/\/adexa.ee\/en\/wp-json\/wp\/v2\/product_tag?post=15408"}],"curies":[{"name":"wp","href":"https:\/\/api.w.org\/{rel}","templated":true}]}}