{"id":15420,"date":"2026-03-31T08:15:22","date_gmt":"2026-03-31T05:15:22","guid":{"rendered":"https:\/\/adexa.ee\/toode\/rasvaeraldaja-rasva-separaator-en1825-1-sertifitseeritud-roostevaba-teras-25-liitrit-adexa-os10\/"},"modified":"2026-03-31T08:15:23","modified_gmt":"2026-03-31T05:15:23","slug":"rasvaeraldaja-rasva-separaator-en1825-1-sertifitseeritud-roostevaba-teras-25-liitrit-adexa-os10","status":"publish","type":"product","link":"https:\/\/adexa.ee\/en\/toode\/rasvaeraldaja-rasva-separaator-en1825-1-sertifitseeritud-roostevaba-teras-25-liitrit-adexa-os10\/","title":{"rendered":"Rasvaeraldaja Rasva separaator EN1825-1 sertifitseeritud Roostevaba teras 25 liitrit | Adexa OS10"},"content":{"rendered":"<p>See k\u00f5rgekvaliteediline kommertsrasvaeraldaja on h\u00e4davajalik igale ettev\u00f5ttele, mida klassifitseeritakse kui &#8220;t\u00f6\u00f6stusliku j\u00e4\u00e4tmetootjana&#8221;. Uute m\u00e4\u00e4ruste j\u00f5ustumisel on kohustuslik paigaldada rasvahalduss\u00fcsteem igasse asutusse, mis toodab t\u00f6\u00f6stuslikke j\u00e4\u00e4tmeid. Rasvaeraldajad\/rasvaseparaatorid on spetsiaalselt loodud seadmed, mis mitte ainult ei taga teie kanalisatsiooni vedelat ja t\u00f5husat toimimist, vaid ka ennetavad v\u00f5imalikke kahjustuskulusid, mida v\u00f5ivad p\u00f5hjustada igap\u00e4evaselt ettev\u00f5tetes tekkiv \u00f5li, rasv ja m\u00e4\u00e4rded. Kompaktse, vastupidava ja lihtsalt paigaldatava seadmena on 25 kg mahuga rasvaeraldaja suure voolutugevusega ja sobib keskmise suurusega kuni suurte ruumide, nagu suured kohvikud, suured kiirtoidukohad ja restoranid, jaoks. Neid v\u00f5ib paigaldada kas k\u00f6\u00f6gi sisse v\u00f5i v\u00e4ljapoole, kuid \u00fcldiselt on need ette n\u00e4htud paigaldamiseks kas enne ehitamist v\u00f5i p\u00e4rast ehitamist k\u00f6\u00f6gi sisse, l\u00e4hedale j\u00e4\u00e4tmevalamu v\u00f5i n\u00f5udepesumasina alale. Paigaldatuna on rasvaeraldajad erakordselt madala hooldusvajadusega ja lisaks planeeritud rasva eemaldamisele ei ole nendega seotud mingit muud hooldust\u00f6\u00f6d! Kemikaale ei ole vaja, seega ei ole vaja muretseda karmide keemiliste toodete lekete p\u00e4rast, mis v\u00f5ivad mujal esineda. Rasvaeraldaja paigaldamine aitab samuti kaotada halva l\u00f5hna ja ennetada putukate v\u00f5i n\u00e4riliste probleeme. Sobib erinevatele toitlustusasutustele ja ettev\u00f5tetele.<\/p>\n<table style=\"border-collapse: collapse; width: 100%; text-align: left;\">\n<tbody>\n<tr>\n<td style=\"border: 1px solid #ddd; padding: 8px; width: 45%;\"><strong>S\u00fcgavus<\/strong><\/td>\n<td style=\"border: 1px solid #ddd; padding: 8px;\">312 mm<\/td>\n<\/tr>\n<tr>\n<td style=\"border: 1px solid #ddd; padding: 8px; width: 45%;\"><strong>K\u00f5rgus<\/strong><\/td>\n<td style=\"border: 1px solid #ddd; padding: 8px;\">332 mm<\/td>\n<\/tr>\n<tr>\n<td style=\"border: 1px solid #ddd; padding: 8px; width: 45%;\"><strong>Laius<\/strong><\/td>\n<td style=\"border: 1px solid #ddd; padding: 8px;\">414 mm<\/td>\n<\/tr>\n<tr>\n<td style=\"border: 1px solid #ddd; padding: 8px; width: 45%;\"><strong>Garantii<\/strong><\/td>\n<td style=\"border: 1px solid #ddd; padding: 8px;\">12 kuu varuosade garantii<\/td>\n<\/tr>\n<tr>\n<td style=\"border: 1px solid #ddd; padding: 8px; width: 45%;\"><strong>Mahutavus<\/strong><\/td>\n<td style=\"border: 1px solid #ddd; padding: 8px;\">25 liitrit<\/td>\n<\/tr>\n<tr>\n<td style=\"border: 1px solid #ddd; padding: 8px; width: 45%;\"><strong>Materjal<\/strong><\/td>\n<td style=\"border: 1px solid #ddd; padding: 8px;\">Roostevaba teras<\/td>\n<\/tr>\n<tr>\n<td style=\"border: 1px solid #ddd; padding: 8px; width: 45%;\"><strong>Sissevool<\/strong><\/td>\n<td style=\"border: 1px solid #ddd; padding: 8px;\">45,3 mm<\/td>\n<\/tr>\n<tr>\n<td style=\"border: 1px solid #ddd; padding: 8px; width: 45%;\"><strong>Kuluvoog<\/strong><\/td>\n<td style=\"border: 1px solid #ddd; padding: 8px;\">50 GPM<\/td>\n<\/tr>\n<tr>\n<td style=\"border: 1px solid #ddd; padding: 8px; width: 45%;\"><strong>V\u00e4ljap\u00e4\u00e4s<\/strong><\/td>\n<td style=\"border: 1px solid #ddd; padding: 8px;\">51,5 mm<\/td>\n<\/tr>\n<\/tbody>\n<\/table>\n","protected":false},"excerpt":{"rendered":"<p>See k\u00f5rgekvaliteediline kommertsrasvaeraldaja on h\u00e4davajalik igale ettev\u00f5ttele, mida klassifitseeritakse kui &#8220;t\u00f6\u00f6stusliku j\u00e4\u00e4tmetootjana&#8221;. Uute m\u00e4\u00e4ruste j\u00f5ustumisel on kohustuslik paigaldada rasvahalduss\u00fcsteem igasse<\/p>\n","protected":false},"featured_media":12448,"template":"","meta":[],"product_brand":[],"product_cat":[667,572],"product_tag":[],"class_list":{"0":"post-15420","1":"product","2":"type-product","3":"status-publish","4":"has-post-thumbnail","6":"product_cat-rasvapuudjad","7":"product_cat-roostevabad-tooted","9":"first","10":"instock","11":"sale","12":"taxable","13":"shipping-taxable","14":"purchasable","15":"product-type-simple"},"yoast_head":"<!-- This site is optimized with the Yoast SEO plugin v27.3 - https:\/\/yoast.com\/product\/yoast-seo-wordpress\/ -->\n<title>Rasvaeraldaja Rasva separaator EN1825-1 sertifitseeritud Roostevaba teras 25 liitrit | Adexa OS10 - Adexa \u2013 Suurk\u00f6\u00f6giseadmed restoranidele ja toitlustusele<\/title>\n<meta name=\"robots\" content=\"index, follow, max-snippet:-1, max-image-preview:large, max-video-preview:-1\" \/>\n<link rel=\"canonical\" href=\"https:\/\/adexa.ee\/toode\/rasvaeraldaja-rasva-separaator-en1825-1-sertifitseeritud-roostevaba-teras-25-liitrit-adexa-os10\/\" \/>\n<meta property=\"og:locale\" content=\"en_US\" \/>\n<meta property=\"og:type\" content=\"article\" \/>\n<meta property=\"og:title\" content=\"Rasvaeraldaja Rasva separaator EN1825-1 sertifitseeritud Roostevaba teras 25 liitrit | Adexa OS10 - Adexa \u2013 Suurk\u00f6\u00f6giseadmed restoranidele ja toitlustusele\" \/>\n<meta property=\"og:description\" content=\"See k\u00f5rgekvaliteediline kommertsrasvaeraldaja on h\u00e4davajalik igale ettev\u00f5ttele, mida klassifitseeritakse kui &#8220;t\u00f6\u00f6stusliku j\u00e4\u00e4tmetootjana&#8221;. Uute m\u00e4\u00e4ruste j\u00f5ustumisel on kohustuslik paigaldada rasvahalduss\u00fcsteem igasse\" \/>\n<meta property=\"og:url\" content=\"https:\/\/adexa.ee\/toode\/rasvaeraldaja-rasva-separaator-en1825-1-sertifitseeritud-roostevaba-teras-25-liitrit-adexa-os10\/\" \/>\n<meta property=\"og:site_name\" content=\"Adexa \u2013 Suurk\u00f6\u00f6giseadmed restoranidele ja toitlustusele\" \/>\n<meta property=\"article:modified_time\" content=\"2026-03-31T05:15:23+00:00\" \/>\n<meta property=\"og:image\" content=\"https:\/\/adexa.ee\/wp-content\/uploads\/2024\/12\/OS.jpg\" \/>\n\t<meta property=\"og:image:width\" content=\"976\" \/>\n\t<meta property=\"og:image:height\" content=\"976\" \/>\n\t<meta property=\"og:image:type\" content=\"image\/jpeg\" \/>\n<meta name=\"twitter:card\" content=\"summary_large_image\" \/>\n<meta name=\"twitter:label1\" content=\"Est. reading time\" \/>\n\t<meta name=\"twitter:data1\" content=\"1 minute\" \/>\n<script type=\"application\/ld+json\" class=\"yoast-schema-graph\">{\"@context\":\"https:\\\/\\\/schema.org\",\"@graph\":[{\"@type\":\"WebPage\",\"@id\":\"https:\\\/\\\/adexa.ee\\\/toode\\\/rasvaeraldaja-rasva-separaator-en1825-1-sertifitseeritud-roostevaba-teras-25-liitrit-adexa-os10\\\/\",\"url\":\"https:\\\/\\\/adexa.ee\\\/toode\\\/rasvaeraldaja-rasva-separaator-en1825-1-sertifitseeritud-roostevaba-teras-25-liitrit-adexa-os10\\\/\",\"name\":\"Rasvaeraldaja Rasva separaator EN1825-1 sertifitseeritud Roostevaba teras 25 liitrit | Adexa OS10 - Adexa \u2013 Suurk\u00f6\u00f6giseadmed restoranidele ja toitlustusele\",\"isPartOf\":{\"@id\":\"https:\\\/\\\/adexa.ee\\\/#website\"},\"primaryImageOfPage\":{\"@id\":\"https:\\\/\\\/adexa.ee\\\/toode\\\/rasvaeraldaja-rasva-separaator-en1825-1-sertifitseeritud-roostevaba-teras-25-liitrit-adexa-os10\\\/#primaryimage\"},\"image\":{\"@id\":\"https:\\\/\\\/adexa.ee\\\/toode\\\/rasvaeraldaja-rasva-separaator-en1825-1-sertifitseeritud-roostevaba-teras-25-liitrit-adexa-os10\\\/#primaryimage\"},\"thumbnailUrl\":\"https:\\\/\\\/adexa.ee\\\/wp-content\\\/uploads\\\/2024\\\/12\\\/OS.jpg\",\"datePublished\":\"2026-03-31T05:15:22+00:00\",\"dateModified\":\"2026-03-31T05:15:23+00:00\",\"breadcrumb\":{\"@id\":\"https:\\\/\\\/adexa.ee\\\/toode\\\/rasvaeraldaja-rasva-separaator-en1825-1-sertifitseeritud-roostevaba-teras-25-liitrit-adexa-os10\\\/#breadcrumb\"},\"inLanguage\":\"en-US\",\"potentialAction\":[{\"@type\":\"ReadAction\",\"target\":[\"https:\\\/\\\/adexa.ee\\\/toode\\\/rasvaeraldaja-rasva-separaator-en1825-1-sertifitseeritud-roostevaba-teras-25-liitrit-adexa-os10\\\/\"]}]},{\"@type\":\"ImageObject\",\"inLanguage\":\"en-US\",\"@id\":\"https:\\\/\\\/adexa.ee\\\/toode\\\/rasvaeraldaja-rasva-separaator-en1825-1-sertifitseeritud-roostevaba-teras-25-liitrit-adexa-os10\\\/#primaryimage\",\"url\":\"https:\\\/\\\/adexa.ee\\\/wp-content\\\/uploads\\\/2024\\\/12\\\/OS.jpg\",\"contentUrl\":\"https:\\\/\\\/adexa.ee\\\/wp-content\\\/uploads\\\/2024\\\/12\\\/OS.jpg\",\"width\":976,\"height\":976},{\"@type\":\"BreadcrumbList\",\"@id\":\"https:\\\/\\\/adexa.ee\\\/toode\\\/rasvaeraldaja-rasva-separaator-en1825-1-sertifitseeritud-roostevaba-teras-25-liitrit-adexa-os10\\\/#breadcrumb\",\"itemListElement\":[{\"@type\":\"ListItem\",\"position\":1,\"name\":\"Home\",\"item\":\"https:\\\/\\\/adexa.ee\\\/\"},{\"@type\":\"ListItem\",\"position\":2,\"name\":\"Tooted\",\"item\":\"https:\\\/\\\/adexa.ee\\\/pood\\\/\"},{\"@type\":\"ListItem\",\"position\":3,\"name\":\"Rasvaeraldaja Rasva separaator EN1825-1 sertifitseeritud Roostevaba teras 25 liitrit | Adexa OS10\"}]},{\"@type\":\"WebSite\",\"@id\":\"https:\\\/\\\/adexa.ee\\\/#website\",\"url\":\"https:\\\/\\\/adexa.ee\\\/\",\"name\":\"Adexa\",\"description\":\"\",\"publisher\":{\"@id\":\"https:\\\/\\\/adexa.ee\\\/#organization\"},\"potentialAction\":[{\"@type\":\"SearchAction\",\"target\":{\"@type\":\"EntryPoint\",\"urlTemplate\":\"https:\\\/\\\/adexa.ee\\\/?s={search_term_string}\"},\"query-input\":{\"@type\":\"PropertyValueSpecification\",\"valueRequired\":true,\"valueName\":\"search_term_string\"}}],\"inLanguage\":\"en-US\"},{\"@type\":\"Organization\",\"@id\":\"https:\\\/\\\/adexa.ee\\\/#organization\",\"name\":\"Adexa\",\"url\":\"https:\\\/\\\/adexa.ee\\\/\",\"logo\":{\"@type\":\"ImageObject\",\"inLanguage\":\"en-US\",\"@id\":\"https:\\\/\\\/adexa.ee\\\/#\\\/schema\\\/logo\\\/image\\\/\",\"url\":\"https:\\\/\\\/adexa.ee\\\/wp-content\\\/uploads\\\/2024\\\/04\\\/chef-cooks-working-in-professional-kitchen-2023-11-27-05-07-39-utc-scaled.jpg\",\"contentUrl\":\"https:\\\/\\\/adexa.ee\\\/wp-content\\\/uploads\\\/2024\\\/04\\\/chef-cooks-working-in-professional-kitchen-2023-11-27-05-07-39-utc-scaled.jpg\",\"width\":2560,\"height\":1708,\"caption\":\"Adexa\"},\"image\":{\"@id\":\"https:\\\/\\\/adexa.ee\\\/#\\\/schema\\\/logo\\\/image\\\/\"}}]}<\/script>\n<!-- \/ Yoast SEO plugin. -->","yoast_head_json":{"title":"Rasvaeraldaja Rasva separaator EN1825-1 sertifitseeritud Roostevaba teras 25 liitrit | Adexa OS10 - Adexa \u2013 Suurk\u00f6\u00f6giseadmed restoranidele ja toitlustusele","robots":{"index":"index","follow":"follow","max-snippet":"max-snippet:-1","max-image-preview":"max-image-preview:large","max-video-preview":"max-video-preview:-1"},"canonical":"https:\/\/adexa.ee\/toode\/rasvaeraldaja-rasva-separaator-en1825-1-sertifitseeritud-roostevaba-teras-25-liitrit-adexa-os10\/","og_locale":"en_US","og_type":"article","og_title":"Rasvaeraldaja Rasva separaator EN1825-1 sertifitseeritud Roostevaba teras 25 liitrit | Adexa OS10 - Adexa \u2013 Suurk\u00f6\u00f6giseadmed restoranidele ja toitlustusele","og_description":"See k\u00f5rgekvaliteediline kommertsrasvaeraldaja on h\u00e4davajalik igale ettev\u00f5ttele, mida klassifitseeritakse kui &#8220;t\u00f6\u00f6stusliku j\u00e4\u00e4tmetootjana&#8221;. Uute m\u00e4\u00e4ruste j\u00f5ustumisel on kohustuslik paigaldada rasvahalduss\u00fcsteem igasse","og_url":"https:\/\/adexa.ee\/toode\/rasvaeraldaja-rasva-separaator-en1825-1-sertifitseeritud-roostevaba-teras-25-liitrit-adexa-os10\/","og_site_name":"Adexa \u2013 Suurk\u00f6\u00f6giseadmed restoranidele ja toitlustusele","article_modified_time":"2026-03-31T05:15:23+00:00","og_image":[{"width":976,"height":976,"url":"https:\/\/adexa.ee\/wp-content\/uploads\/2024\/12\/OS.jpg","type":"image\/jpeg"}],"twitter_card":"summary_large_image","twitter_misc":{"Est. reading time":"1 minute"},"schema":{"@context":"https:\/\/schema.org","@graph":[{"@type":"WebPage","@id":"https:\/\/adexa.ee\/toode\/rasvaeraldaja-rasva-separaator-en1825-1-sertifitseeritud-roostevaba-teras-25-liitrit-adexa-os10\/","url":"https:\/\/adexa.ee\/toode\/rasvaeraldaja-rasva-separaator-en1825-1-sertifitseeritud-roostevaba-teras-25-liitrit-adexa-os10\/","name":"Rasvaeraldaja Rasva separaator EN1825-1 sertifitseeritud Roostevaba teras 25 liitrit | Adexa OS10 - Adexa \u2013 Suurk\u00f6\u00f6giseadmed restoranidele ja toitlustusele","isPartOf":{"@id":"https:\/\/adexa.ee\/#website"},"primaryImageOfPage":{"@id":"https:\/\/adexa.ee\/toode\/rasvaeraldaja-rasva-separaator-en1825-1-sertifitseeritud-roostevaba-teras-25-liitrit-adexa-os10\/#primaryimage"},"image":{"@id":"https:\/\/adexa.ee\/toode\/rasvaeraldaja-rasva-separaator-en1825-1-sertifitseeritud-roostevaba-teras-25-liitrit-adexa-os10\/#primaryimage"},"thumbnailUrl":"https:\/\/adexa.ee\/wp-content\/uploads\/2024\/12\/OS.jpg","datePublished":"2026-03-31T05:15:22+00:00","dateModified":"2026-03-31T05:15:23+00:00","breadcrumb":{"@id":"https:\/\/adexa.ee\/toode\/rasvaeraldaja-rasva-separaator-en1825-1-sertifitseeritud-roostevaba-teras-25-liitrit-adexa-os10\/#breadcrumb"},"inLanguage":"en-US","potentialAction":[{"@type":"ReadAction","target":["https:\/\/adexa.ee\/toode\/rasvaeraldaja-rasva-separaator-en1825-1-sertifitseeritud-roostevaba-teras-25-liitrit-adexa-os10\/"]}]},{"@type":"ImageObject","inLanguage":"en-US","@id":"https:\/\/adexa.ee\/toode\/rasvaeraldaja-rasva-separaator-en1825-1-sertifitseeritud-roostevaba-teras-25-liitrit-adexa-os10\/#primaryimage","url":"https:\/\/adexa.ee\/wp-content\/uploads\/2024\/12\/OS.jpg","contentUrl":"https:\/\/adexa.ee\/wp-content\/uploads\/2024\/12\/OS.jpg","width":976,"height":976},{"@type":"BreadcrumbList","@id":"https:\/\/adexa.ee\/toode\/rasvaeraldaja-rasva-separaator-en1825-1-sertifitseeritud-roostevaba-teras-25-liitrit-adexa-os10\/#breadcrumb","itemListElement":[{"@type":"ListItem","position":1,"name":"Home","item":"https:\/\/adexa.ee\/"},{"@type":"ListItem","position":2,"name":"Tooted","item":"https:\/\/adexa.ee\/pood\/"},{"@type":"ListItem","position":3,"name":"Rasvaeraldaja Rasva separaator EN1825-1 sertifitseeritud Roostevaba teras 25 liitrit | Adexa OS10"}]},{"@type":"WebSite","@id":"https:\/\/adexa.ee\/#website","url":"https:\/\/adexa.ee\/","name":"Adexa","description":"","publisher":{"@id":"https:\/\/adexa.ee\/#organization"},"potentialAction":[{"@type":"SearchAction","target":{"@type":"EntryPoint","urlTemplate":"https:\/\/adexa.ee\/?s={search_term_string}"},"query-input":{"@type":"PropertyValueSpecification","valueRequired":true,"valueName":"search_term_string"}}],"inLanguage":"en-US"},{"@type":"Organization","@id":"https:\/\/adexa.ee\/#organization","name":"Adexa","url":"https:\/\/adexa.ee\/","logo":{"@type":"ImageObject","inLanguage":"en-US","@id":"https:\/\/adexa.ee\/#\/schema\/logo\/image\/","url":"https:\/\/adexa.ee\/wp-content\/uploads\/2024\/04\/chef-cooks-working-in-professional-kitchen-2023-11-27-05-07-39-utc-scaled.jpg","contentUrl":"https:\/\/adexa.ee\/wp-content\/uploads\/2024\/04\/chef-cooks-working-in-professional-kitchen-2023-11-27-05-07-39-utc-scaled.jpg","width":2560,"height":1708,"caption":"Adexa"},"image":{"@id":"https:\/\/adexa.ee\/#\/schema\/logo\/image\/"}}]}},"_links":{"self":[{"href":"https:\/\/adexa.ee\/en\/wp-json\/wp\/v2\/product\/15420","targetHints":{"allow":["GET"]}}],"collection":[{"href":"https:\/\/adexa.ee\/en\/wp-json\/wp\/v2\/product"}],"about":[{"href":"https:\/\/adexa.ee\/en\/wp-json\/wp\/v2\/types\/product"}],"wp:featuredmedia":[{"embeddable":true,"href":"https:\/\/adexa.ee\/en\/wp-json\/wp\/v2\/media\/12448"}],"wp:attachment":[{"href":"https:\/\/adexa.ee\/en\/wp-json\/wp\/v2\/media?parent=15420"}],"wp:term":[{"taxonomy":"product_brand","embeddable":true,"href":"https:\/\/adexa.ee\/en\/wp-json\/wp\/v2\/product_brand?post=15420"},{"taxonomy":"product_cat","embeddable":true,"href":"https:\/\/adexa.ee\/en\/wp-json\/wp\/v2\/product_cat?post=15420"},{"taxonomy":"product_tag","embeddable":true,"href":"https:\/\/adexa.ee\/en\/wp-json\/wp\/v2\/product_tag?post=15420"}],"curies":[{"name":"wp","href":"https:\/\/api.w.org\/{rel}","templated":true}]}}