{"id":15467,"date":"2026-03-31T07:45:18","date_gmt":"2026-03-31T04:45:18","guid":{"rendered":"https:\/\/adexa.ee\/toode\/kommertskasutuseks-moeldud-sile-praepann-250x400x215mm-2kw-elektriline-adexa-heg250\/"},"modified":"2026-03-31T07:45:19","modified_gmt":"2026-03-31T04:45:19","slug":"sile-praepann-250x400x215mm-2kw-elektriline-adexa-heg250","status":"publish","type":"product","link":"https:\/\/adexa.ee\/en\/toode\/sile-praepann-250x400x215mm-2kw-elektriline-adexa-heg250\/","title":{"rendered":"Sile praepann 250x400x215mm 2kW elektriline | Adexa HEG250"},"content":{"rendered":"<p>V\u00f5imas ja usaldusv\u00e4\u00e4rne, see professionaalne terasest praepann sisaldab suure m\u00f5\u00f5dus siledat teraspinda, mis sobib ideaalselt hommiku-, l\u00f5una- v\u00f5i \u00f5htus\u00f6\u00f6giks. Raskekoormusega elemendid tagavad kiire kuumenemise ja \u00fchtlase soojusjaotuse laial praepannil. Lihtsa numbrilise termostaadi juhtimise ja eemaldatava rasvakogumissahtliga on restoranipraepanni uskumatult lihtne kasutada, puhastada ja hooldada. See toitlustusasutuste praepann on erakordne soodne ost praeguse allahindluse hinnaga. 250x400x215mm 2000W Sile plaadi pind +50\u00b0C kuni +300\u00b0C \u00dclekuumenemiskaitsega Lisainfo saamiseks vaadake jaotust &#8220;Spetsifikatsioon&#8221;.<\/p>\n<table style=\"border-collapse: collapse; width: 100%; text-align: left;\">\n<tbody>\n<tr>\n<td style=\"border: 1px solid #ddd; padding: 8px; width: 45%;\"><strong>S\u00fcgavus<\/strong><\/td>\n<td style=\"border: 1px solid #ddd; padding: 8px;\">405 mm<\/td>\n<\/tr>\n<tr>\n<td style=\"border: 1px solid #ddd; padding: 8px; width: 45%;\"><strong>K\u00f5rgus<\/strong><\/td>\n<td style=\"border: 1px solid #ddd; padding: 8px;\">225 mm<\/td>\n<\/tr>\n<tr>\n<td style=\"border: 1px solid #ddd; padding: 8px; width: 45%;\"><strong>Laius<\/strong><\/td>\n<td style=\"border: 1px solid #ddd; padding: 8px;\">363 mm<\/td>\n<\/tr>\n<tr>\n<td style=\"border: 1px solid #ddd; padding: 8px; width: 45%;\"><strong>Kaal<\/strong><\/td>\n<td style=\"border: 1px solid #ddd; padding: 8px;\">10 kg<\/td>\n<\/tr>\n<tr>\n<td style=\"border: 1px solid #ddd; padding: 8px; width: 45%;\"><strong>Garantii<\/strong><\/td>\n<td style=\"border: 1px solid #ddd; padding: 8px;\">12 kuu varuosade garantii<\/td>\n<\/tr>\n<tr>\n<td style=\"border: 1px solid #ddd; padding: 8px; width: 45%;\"><strong>Versioon<\/strong><\/td>\n<td style=\"border: 1px solid #ddd; padding: 8px;\">Sile pealispind<\/td>\n<\/tr>\n<tr>\n<td style=\"border: 1px solid #ddd; padding: 8px; width: 45%;\"><strong>Toiteallikas<\/strong><\/td>\n<td style=\"border: 1px solid #ddd; padding: 8px;\">230V \/ 1 faas<\/td>\n<\/tr>\n<tr>\n<td style=\"border: 1px solid #ddd; padding: 8px; width: 45%;\"><strong>Materjal<\/strong><\/td>\n<td style=\"border: 1px solid #ddd; padding: 8px;\">Roostevaba teras<\/td>\n<\/tr>\n<tr>\n<td style=\"border: 1px solid #ddd; padding: 8px; width: 45%;\"><strong>Temperatuur<\/strong><\/td>\n<td style=\"border: 1px solid #ddd; padding: 8px;\">+50\u00b0C kuni +300\u00b0C<\/td>\n<\/tr>\n<\/tbody>\n<\/table>\n","protected":false},"excerpt":{"rendered":"<p>V\u00f5imas ja usaldusv\u00e4\u00e4rne, see professionaalne terasest praepann sisaldab suure m\u00f5\u00f5dus siledat teraspinda, mis sobib ideaalselt hommiku-, l\u00f5una- v\u00f5i \u00f5htus\u00f6\u00f6giks. Raskekoormusega<\/p>\n","protected":false},"featured_media":15469,"template":"","meta":[],"product_brand":[],"product_cat":[591,589,590,557,588,569],"product_tag":[],"class_list":{"0":"post-15467","1":"product","2":"type-product","3":"status-publish","4":"has-post-thumbnail","6":"product_cat-elektrilised","7":"product_cat-grillplaadid","8":"product_cat-grillplaadid-kupsetusseadmed","9":"product_cat-kupsetusseadmed","10":"product_cat-kuumseadmed","11":"product_cat-lopumuuk","13":"first","14":"instock","15":"sale","16":"taxable","17":"shipping-taxable","18":"purchasable","19":"product-type-simple"},"yoast_head":"<!-- This site is optimized with the Yoast SEO plugin v27.3 - https:\/\/yoast.com\/product\/yoast-seo-wordpress\/ -->\n<title>Sile praepann 250x400x215mm 2kW elektriline | Adexa HEG250 - Adexa \u2013 Suurk\u00f6\u00f6giseadmed restoranidele ja toitlustusele<\/title>\n<meta name=\"robots\" content=\"index, follow, max-snippet:-1, max-image-preview:large, max-video-preview:-1\" \/>\n<link rel=\"canonical\" href=\"https:\/\/adexa.ee\/toode\/sile-praepann-250x400x215mm-2kw-elektriline-adexa-heg250\/\" \/>\n<meta property=\"og:locale\" content=\"en_US\" \/>\n<meta property=\"og:type\" content=\"article\" \/>\n<meta property=\"og:title\" content=\"Sile praepann 250x400x215mm 2kW elektriline | Adexa HEG250 - Adexa \u2013 Suurk\u00f6\u00f6giseadmed restoranidele ja toitlustusele\" \/>\n<meta property=\"og:description\" content=\"V\u00f5imas ja usaldusv\u00e4\u00e4rne, see professionaalne terasest praepann sisaldab suure m\u00f5\u00f5dus siledat teraspinda, mis sobib ideaalselt hommiku-, l\u00f5una- v\u00f5i \u00f5htus\u00f6\u00f6giks. Raskekoormusega\" \/>\n<meta property=\"og:url\" content=\"https:\/\/adexa.ee\/toode\/sile-praepann-250x400x215mm-2kw-elektriline-adexa-heg250\/\" \/>\n<meta property=\"og:site_name\" content=\"Adexa \u2013 Suurk\u00f6\u00f6giseadmed restoranidele ja toitlustusele\" \/>\n<meta property=\"article:modified_time\" content=\"2026-03-31T04:45:19+00:00\" \/>\n<meta property=\"og:image\" content=\"https:\/\/adexa.ee\/wp-content\/uploads\/2024\/12\/HEG250.jpg\" \/>\n\t<meta property=\"og:image:width\" content=\"2000\" \/>\n\t<meta property=\"og:image:height\" content=\"2000\" \/>\n\t<meta property=\"og:image:type\" content=\"image\/jpeg\" \/>\n<meta name=\"twitter:card\" content=\"summary_large_image\" \/>\n<meta name=\"twitter:label1\" content=\"Est. reading time\" \/>\n\t<meta name=\"twitter:data1\" content=\"1 minute\" \/>\n<script type=\"application\/ld+json\" class=\"yoast-schema-graph\">{\"@context\":\"https:\\\/\\\/schema.org\",\"@graph\":[{\"@type\":\"WebPage\",\"@id\":\"https:\\\/\\\/adexa.ee\\\/toode\\\/sile-praepann-250x400x215mm-2kw-elektriline-adexa-heg250\\\/\",\"url\":\"https:\\\/\\\/adexa.ee\\\/toode\\\/sile-praepann-250x400x215mm-2kw-elektriline-adexa-heg250\\\/\",\"name\":\"Sile praepann 250x400x215mm 2kW elektriline | Adexa HEG250 - Adexa \u2013 Suurk\u00f6\u00f6giseadmed restoranidele ja toitlustusele\",\"isPartOf\":{\"@id\":\"https:\\\/\\\/adexa.ee\\\/#website\"},\"primaryImageOfPage\":{\"@id\":\"https:\\\/\\\/adexa.ee\\\/toode\\\/sile-praepann-250x400x215mm-2kw-elektriline-adexa-heg250\\\/#primaryimage\"},\"image\":{\"@id\":\"https:\\\/\\\/adexa.ee\\\/toode\\\/sile-praepann-250x400x215mm-2kw-elektriline-adexa-heg250\\\/#primaryimage\"},\"thumbnailUrl\":\"https:\\\/\\\/adexa.ee\\\/wp-content\\\/uploads\\\/2024\\\/12\\\/HEG250.jpg\",\"datePublished\":\"2026-03-31T04:45:18+00:00\",\"dateModified\":\"2026-03-31T04:45:19+00:00\",\"breadcrumb\":{\"@id\":\"https:\\\/\\\/adexa.ee\\\/toode\\\/sile-praepann-250x400x215mm-2kw-elektriline-adexa-heg250\\\/#breadcrumb\"},\"inLanguage\":\"en-US\",\"potentialAction\":[{\"@type\":\"ReadAction\",\"target\":[\"https:\\\/\\\/adexa.ee\\\/toode\\\/sile-praepann-250x400x215mm-2kw-elektriline-adexa-heg250\\\/\"]}]},{\"@type\":\"ImageObject\",\"inLanguage\":\"en-US\",\"@id\":\"https:\\\/\\\/adexa.ee\\\/toode\\\/sile-praepann-250x400x215mm-2kw-elektriline-adexa-heg250\\\/#primaryimage\",\"url\":\"https:\\\/\\\/adexa.ee\\\/wp-content\\\/uploads\\\/2024\\\/12\\\/HEG250.jpg\",\"contentUrl\":\"https:\\\/\\\/adexa.ee\\\/wp-content\\\/uploads\\\/2024\\\/12\\\/HEG250.jpg\",\"width\":2000,\"height\":2000},{\"@type\":\"BreadcrumbList\",\"@id\":\"https:\\\/\\\/adexa.ee\\\/toode\\\/sile-praepann-250x400x215mm-2kw-elektriline-adexa-heg250\\\/#breadcrumb\",\"itemListElement\":[{\"@type\":\"ListItem\",\"position\":1,\"name\":\"Home\",\"item\":\"https:\\\/\\\/adexa.ee\\\/\"},{\"@type\":\"ListItem\",\"position\":2,\"name\":\"Tooted\",\"item\":\"https:\\\/\\\/adexa.ee\\\/pood\\\/\"},{\"@type\":\"ListItem\",\"position\":3,\"name\":\"Sile praepann 250x400x215mm 2kW elektriline | Adexa HEG250\"}]},{\"@type\":\"WebSite\",\"@id\":\"https:\\\/\\\/adexa.ee\\\/#website\",\"url\":\"https:\\\/\\\/adexa.ee\\\/\",\"name\":\"Adexa\",\"description\":\"\",\"publisher\":{\"@id\":\"https:\\\/\\\/adexa.ee\\\/#organization\"},\"potentialAction\":[{\"@type\":\"SearchAction\",\"target\":{\"@type\":\"EntryPoint\",\"urlTemplate\":\"https:\\\/\\\/adexa.ee\\\/?s={search_term_string}\"},\"query-input\":{\"@type\":\"PropertyValueSpecification\",\"valueRequired\":true,\"valueName\":\"search_term_string\"}}],\"inLanguage\":\"en-US\"},{\"@type\":\"Organization\",\"@id\":\"https:\\\/\\\/adexa.ee\\\/#organization\",\"name\":\"Adexa\",\"url\":\"https:\\\/\\\/adexa.ee\\\/\",\"logo\":{\"@type\":\"ImageObject\",\"inLanguage\":\"en-US\",\"@id\":\"https:\\\/\\\/adexa.ee\\\/#\\\/schema\\\/logo\\\/image\\\/\",\"url\":\"https:\\\/\\\/adexa.ee\\\/wp-content\\\/uploads\\\/2024\\\/04\\\/chef-cooks-working-in-professional-kitchen-2023-11-27-05-07-39-utc-scaled.jpg\",\"contentUrl\":\"https:\\\/\\\/adexa.ee\\\/wp-content\\\/uploads\\\/2024\\\/04\\\/chef-cooks-working-in-professional-kitchen-2023-11-27-05-07-39-utc-scaled.jpg\",\"width\":2560,\"height\":1708,\"caption\":\"Adexa\"},\"image\":{\"@id\":\"https:\\\/\\\/adexa.ee\\\/#\\\/schema\\\/logo\\\/image\\\/\"}}]}<\/script>\n<!-- \/ Yoast SEO plugin. -->","yoast_head_json":{"title":"Sile praepann 250x400x215mm 2kW elektriline | Adexa HEG250 - Adexa \u2013 Suurk\u00f6\u00f6giseadmed restoranidele ja toitlustusele","robots":{"index":"index","follow":"follow","max-snippet":"max-snippet:-1","max-image-preview":"max-image-preview:large","max-video-preview":"max-video-preview:-1"},"canonical":"https:\/\/adexa.ee\/toode\/sile-praepann-250x400x215mm-2kw-elektriline-adexa-heg250\/","og_locale":"en_US","og_type":"article","og_title":"Sile praepann 250x400x215mm 2kW elektriline | Adexa HEG250 - Adexa \u2013 Suurk\u00f6\u00f6giseadmed restoranidele ja toitlustusele","og_description":"V\u00f5imas ja usaldusv\u00e4\u00e4rne, see professionaalne terasest praepann sisaldab suure m\u00f5\u00f5dus siledat teraspinda, mis sobib ideaalselt hommiku-, l\u00f5una- v\u00f5i \u00f5htus\u00f6\u00f6giks. Raskekoormusega","og_url":"https:\/\/adexa.ee\/toode\/sile-praepann-250x400x215mm-2kw-elektriline-adexa-heg250\/","og_site_name":"Adexa \u2013 Suurk\u00f6\u00f6giseadmed restoranidele ja toitlustusele","article_modified_time":"2026-03-31T04:45:19+00:00","og_image":[{"width":2000,"height":2000,"url":"https:\/\/adexa.ee\/wp-content\/uploads\/2024\/12\/HEG250.jpg","type":"image\/jpeg"}],"twitter_card":"summary_large_image","twitter_misc":{"Est. reading time":"1 minute"},"schema":{"@context":"https:\/\/schema.org","@graph":[{"@type":"WebPage","@id":"https:\/\/adexa.ee\/toode\/sile-praepann-250x400x215mm-2kw-elektriline-adexa-heg250\/","url":"https:\/\/adexa.ee\/toode\/sile-praepann-250x400x215mm-2kw-elektriline-adexa-heg250\/","name":"Sile praepann 250x400x215mm 2kW elektriline | Adexa HEG250 - Adexa \u2013 Suurk\u00f6\u00f6giseadmed restoranidele ja toitlustusele","isPartOf":{"@id":"https:\/\/adexa.ee\/#website"},"primaryImageOfPage":{"@id":"https:\/\/adexa.ee\/toode\/sile-praepann-250x400x215mm-2kw-elektriline-adexa-heg250\/#primaryimage"},"image":{"@id":"https:\/\/adexa.ee\/toode\/sile-praepann-250x400x215mm-2kw-elektriline-adexa-heg250\/#primaryimage"},"thumbnailUrl":"https:\/\/adexa.ee\/wp-content\/uploads\/2024\/12\/HEG250.jpg","datePublished":"2026-03-31T04:45:18+00:00","dateModified":"2026-03-31T04:45:19+00:00","breadcrumb":{"@id":"https:\/\/adexa.ee\/toode\/sile-praepann-250x400x215mm-2kw-elektriline-adexa-heg250\/#breadcrumb"},"inLanguage":"en-US","potentialAction":[{"@type":"ReadAction","target":["https:\/\/adexa.ee\/toode\/sile-praepann-250x400x215mm-2kw-elektriline-adexa-heg250\/"]}]},{"@type":"ImageObject","inLanguage":"en-US","@id":"https:\/\/adexa.ee\/toode\/sile-praepann-250x400x215mm-2kw-elektriline-adexa-heg250\/#primaryimage","url":"https:\/\/adexa.ee\/wp-content\/uploads\/2024\/12\/HEG250.jpg","contentUrl":"https:\/\/adexa.ee\/wp-content\/uploads\/2024\/12\/HEG250.jpg","width":2000,"height":2000},{"@type":"BreadcrumbList","@id":"https:\/\/adexa.ee\/toode\/sile-praepann-250x400x215mm-2kw-elektriline-adexa-heg250\/#breadcrumb","itemListElement":[{"@type":"ListItem","position":1,"name":"Home","item":"https:\/\/adexa.ee\/"},{"@type":"ListItem","position":2,"name":"Tooted","item":"https:\/\/adexa.ee\/pood\/"},{"@type":"ListItem","position":3,"name":"Sile praepann 250x400x215mm 2kW elektriline | Adexa HEG250"}]},{"@type":"WebSite","@id":"https:\/\/adexa.ee\/#website","url":"https:\/\/adexa.ee\/","name":"Adexa","description":"","publisher":{"@id":"https:\/\/adexa.ee\/#organization"},"potentialAction":[{"@type":"SearchAction","target":{"@type":"EntryPoint","urlTemplate":"https:\/\/adexa.ee\/?s={search_term_string}"},"query-input":{"@type":"PropertyValueSpecification","valueRequired":true,"valueName":"search_term_string"}}],"inLanguage":"en-US"},{"@type":"Organization","@id":"https:\/\/adexa.ee\/#organization","name":"Adexa","url":"https:\/\/adexa.ee\/","logo":{"@type":"ImageObject","inLanguage":"en-US","@id":"https:\/\/adexa.ee\/#\/schema\/logo\/image\/","url":"https:\/\/adexa.ee\/wp-content\/uploads\/2024\/04\/chef-cooks-working-in-professional-kitchen-2023-11-27-05-07-39-utc-scaled.jpg","contentUrl":"https:\/\/adexa.ee\/wp-content\/uploads\/2024\/04\/chef-cooks-working-in-professional-kitchen-2023-11-27-05-07-39-utc-scaled.jpg","width":2560,"height":1708,"caption":"Adexa"},"image":{"@id":"https:\/\/adexa.ee\/#\/schema\/logo\/image\/"}}]}},"_links":{"self":[{"href":"https:\/\/adexa.ee\/en\/wp-json\/wp\/v2\/product\/15467","targetHints":{"allow":["GET"]}}],"collection":[{"href":"https:\/\/adexa.ee\/en\/wp-json\/wp\/v2\/product"}],"about":[{"href":"https:\/\/adexa.ee\/en\/wp-json\/wp\/v2\/types\/product"}],"wp:featuredmedia":[{"embeddable":true,"href":"https:\/\/adexa.ee\/en\/wp-json\/wp\/v2\/media\/15469"}],"wp:attachment":[{"href":"https:\/\/adexa.ee\/en\/wp-json\/wp\/v2\/media?parent=15467"}],"wp:term":[{"taxonomy":"product_brand","embeddable":true,"href":"https:\/\/adexa.ee\/en\/wp-json\/wp\/v2\/product_brand?post=15467"},{"taxonomy":"product_cat","embeddable":true,"href":"https:\/\/adexa.ee\/en\/wp-json\/wp\/v2\/product_cat?post=15467"},{"taxonomy":"product_tag","embeddable":true,"href":"https:\/\/adexa.ee\/en\/wp-json\/wp\/v2\/product_tag?post=15467"}],"curies":[{"name":"wp","href":"https:\/\/api.w.org\/{rel}","templated":true}]}}