{"id":15472,"date":"2026-04-01T18:15:25","date_gmt":"2026-04-01T15:15:25","guid":{"rendered":"https:\/\/adexa.ee\/toode\/jahutusplaat-gn1-3-roostevaba-teras-325x176x45mm-adexa-412803\/"},"modified":"2026-04-01T18:15:26","modified_gmt":"2026-04-01T15:15:26","slug":"jahutusplaat-gn1-3-roostevaba-teras-325x176x45mm-adexa-412803","status":"publish","type":"product","link":"https:\/\/adexa.ee\/en\/toode\/jahutusplaat-gn1-3-roostevaba-teras-325x176x45mm-adexa-412803\/","title":{"rendered":"Jahutusplaat GN1\/3 Roostevaba teras 325x176x45mm | Adexa 412803"},"content":{"rendered":"<p>Serveeri k\u00fclmtoite sobival temperatuuril selle roostevabast terasest jahutusalusega. Ideaalne toitlustus\u00fcritustel, buffetil ja pidudel, see jahutusplaat v\u00f5imaldab h\u00f5lpsasti serveerida juustu, k\u00fclml\u00f5ikeid, sushit ja suitsukala ohutul k\u00fclmal temperatuuril. T\u00e4nu t\u00e4issuuruses disainile lubab see jahutusplaat lisada alusele serveerimiskausse ja mahlaklaase, hoides sisu k\u00fclmana tundideks. Vastupidavast ja kergesti puhastatavast roostevabast terasest jahutusplaat v\u00f5ib enne j\u00e4rgmise p\u00e4eva \u00fcritusi \u00fcle\u00f6\u00f6 s\u00fcgavk\u00fclmutada. Jahutusplaadi lisamine teie buffet-liinile laiendab men\u00fc\u00fcvalikuid, pakkudes k\u00fclalistele laialdast valikut maitsvaid toite.<\/p>\n<table style=\"border-collapse: collapse; width: 100%; text-align: left;\">\n<tbody>\n<tr>\n<td style=\"border: 1px solid #ddd; padding: 8px; width: 45%;\"><strong>S\u00fcgavus<\/strong><\/td>\n<td style=\"border: 1px solid #ddd; padding: 8px;\">176 mm<\/td>\n<\/tr>\n<tr>\n<td style=\"border: 1px solid #ddd; padding: 8px; width: 45%;\"><strong>K\u00f5rgus<\/strong><\/td>\n<td style=\"border: 1px solid #ddd; padding: 8px;\">45 mm<\/td>\n<\/tr>\n<tr>\n<td style=\"border: 1px solid #ddd; padding: 8px; width: 45%;\"><strong>Laius<\/strong><\/td>\n<td style=\"border: 1px solid #ddd; padding: 8px;\">325 mm<\/td>\n<\/tr>\n<tr>\n<td style=\"border: 1px solid #ddd; padding: 8px; width: 45%;\"><strong>Materjal<\/strong><\/td>\n<td style=\"border: 1px solid #ddd; padding: 8px;\">Roostevaba teras<\/td>\n<\/tr>\n<\/tbody>\n<\/table>\n","protected":false},"excerpt":{"rendered":"<p>Serveeri k\u00fclmtoite sobival temperatuuril selle roostevabast terasest jahutusalusega. Ideaalne toitlustus\u00fcritustel, buffetil ja pidudel, see jahutusplaat v\u00f5imaldab h\u00f5lpsasti serveerida juustu, k\u00fclml\u00f5ikeid,<\/p>\n","protected":false},"featured_media":10440,"template":"","meta":[],"product_brand":[],"product_cat":[687,586],"product_tag":[],"class_list":{"0":"post-15472","1":"product","2":"type-product","3":"status-publish","4":"has-post-thumbnail","6":"product_cat-jahutusplaadid","7":"product_cat-serveerimine","9":"first","10":"instock","11":"sale","12":"taxable","13":"shipping-taxable","14":"purchasable","15":"product-type-simple"},"yoast_head":"<!-- This site is optimized with the Yoast SEO plugin v27.3 - https:\/\/yoast.com\/product\/yoast-seo-wordpress\/ -->\n<title>Jahutusplaat GN1\/3 Roostevaba teras 325x176x45mm | Adexa 412803 - Adexa \u2013 Suurk\u00f6\u00f6giseadmed restoranidele ja toitlustusele<\/title>\n<meta name=\"robots\" content=\"index, follow, max-snippet:-1, max-image-preview:large, max-video-preview:-1\" \/>\n<link rel=\"canonical\" href=\"https:\/\/adexa.ee\/toode\/jahutusplaat-gn1-3-roostevaba-teras-325x176x45mm-adexa-412803\/\" \/>\n<meta property=\"og:locale\" content=\"en_US\" \/>\n<meta property=\"og:type\" content=\"article\" \/>\n<meta property=\"og:title\" content=\"Jahutusplaat GN1\/3 Roostevaba teras 325x176x45mm | Adexa 412803 - Adexa \u2013 Suurk\u00f6\u00f6giseadmed restoranidele ja toitlustusele\" \/>\n<meta property=\"og:description\" content=\"Serveeri k\u00fclmtoite sobival temperatuuril selle roostevabast terasest jahutusalusega. Ideaalne toitlustus\u00fcritustel, buffetil ja pidudel, see jahutusplaat v\u00f5imaldab h\u00f5lpsasti serveerida juustu, k\u00fclml\u00f5ikeid,\" \/>\n<meta property=\"og:url\" content=\"https:\/\/adexa.ee\/toode\/jahutusplaat-gn1-3-roostevaba-teras-325x176x45mm-adexa-412803\/\" \/>\n<meta property=\"og:site_name\" content=\"Adexa \u2013 Suurk\u00f6\u00f6giseadmed restoranidele ja toitlustusele\" \/>\n<meta property=\"article:modified_time\" content=\"2026-04-01T15:15:26+00:00\" \/>\n<meta property=\"og:image\" content=\"https:\/\/adexa.ee\/wp-content\/uploads\/2024\/12\/41280.jpg\" \/>\n\t<meta property=\"og:image:width\" content=\"1500\" \/>\n\t<meta property=\"og:image:height\" content=\"1500\" \/>\n\t<meta property=\"og:image:type\" content=\"image\/jpeg\" \/>\n<meta name=\"twitter:card\" content=\"summary_large_image\" \/>\n<script type=\"application\/ld+json\" class=\"yoast-schema-graph\">{\"@context\":\"https:\\\/\\\/schema.org\",\"@graph\":[{\"@type\":\"WebPage\",\"@id\":\"https:\\\/\\\/adexa.ee\\\/toode\\\/jahutusplaat-gn1-3-roostevaba-teras-325x176x45mm-adexa-412803\\\/\",\"url\":\"https:\\\/\\\/adexa.ee\\\/toode\\\/jahutusplaat-gn1-3-roostevaba-teras-325x176x45mm-adexa-412803\\\/\",\"name\":\"Jahutusplaat GN1\\\/3 Roostevaba teras 325x176x45mm | Adexa 412803 - Adexa \u2013 Suurk\u00f6\u00f6giseadmed restoranidele ja toitlustusele\",\"isPartOf\":{\"@id\":\"https:\\\/\\\/adexa.ee\\\/#website\"},\"primaryImageOfPage\":{\"@id\":\"https:\\\/\\\/adexa.ee\\\/toode\\\/jahutusplaat-gn1-3-roostevaba-teras-325x176x45mm-adexa-412803\\\/#primaryimage\"},\"image\":{\"@id\":\"https:\\\/\\\/adexa.ee\\\/toode\\\/jahutusplaat-gn1-3-roostevaba-teras-325x176x45mm-adexa-412803\\\/#primaryimage\"},\"thumbnailUrl\":\"https:\\\/\\\/adexa.ee\\\/wp-content\\\/uploads\\\/2024\\\/12\\\/41280.jpg\",\"datePublished\":\"2026-04-01T15:15:25+00:00\",\"dateModified\":\"2026-04-01T15:15:26+00:00\",\"breadcrumb\":{\"@id\":\"https:\\\/\\\/adexa.ee\\\/toode\\\/jahutusplaat-gn1-3-roostevaba-teras-325x176x45mm-adexa-412803\\\/#breadcrumb\"},\"inLanguage\":\"en-US\",\"potentialAction\":[{\"@type\":\"ReadAction\",\"target\":[\"https:\\\/\\\/adexa.ee\\\/toode\\\/jahutusplaat-gn1-3-roostevaba-teras-325x176x45mm-adexa-412803\\\/\"]}]},{\"@type\":\"ImageObject\",\"inLanguage\":\"en-US\",\"@id\":\"https:\\\/\\\/adexa.ee\\\/toode\\\/jahutusplaat-gn1-3-roostevaba-teras-325x176x45mm-adexa-412803\\\/#primaryimage\",\"url\":\"https:\\\/\\\/adexa.ee\\\/wp-content\\\/uploads\\\/2024\\\/12\\\/41280.jpg\",\"contentUrl\":\"https:\\\/\\\/adexa.ee\\\/wp-content\\\/uploads\\\/2024\\\/12\\\/41280.jpg\",\"width\":1500,\"height\":1500},{\"@type\":\"BreadcrumbList\",\"@id\":\"https:\\\/\\\/adexa.ee\\\/toode\\\/jahutusplaat-gn1-3-roostevaba-teras-325x176x45mm-adexa-412803\\\/#breadcrumb\",\"itemListElement\":[{\"@type\":\"ListItem\",\"position\":1,\"name\":\"Home\",\"item\":\"https:\\\/\\\/adexa.ee\\\/\"},{\"@type\":\"ListItem\",\"position\":2,\"name\":\"Tooted\",\"item\":\"https:\\\/\\\/adexa.ee\\\/pood\\\/\"},{\"@type\":\"ListItem\",\"position\":3,\"name\":\"Jahutusplaat GN1\\\/3 Roostevaba teras 325x176x45mm | Adexa 412803\"}]},{\"@type\":\"WebSite\",\"@id\":\"https:\\\/\\\/adexa.ee\\\/#website\",\"url\":\"https:\\\/\\\/adexa.ee\\\/\",\"name\":\"Adexa\",\"description\":\"\",\"publisher\":{\"@id\":\"https:\\\/\\\/adexa.ee\\\/#organization\"},\"potentialAction\":[{\"@type\":\"SearchAction\",\"target\":{\"@type\":\"EntryPoint\",\"urlTemplate\":\"https:\\\/\\\/adexa.ee\\\/?s={search_term_string}\"},\"query-input\":{\"@type\":\"PropertyValueSpecification\",\"valueRequired\":true,\"valueName\":\"search_term_string\"}}],\"inLanguage\":\"en-US\"},{\"@type\":\"Organization\",\"@id\":\"https:\\\/\\\/adexa.ee\\\/#organization\",\"name\":\"Adexa\",\"url\":\"https:\\\/\\\/adexa.ee\\\/\",\"logo\":{\"@type\":\"ImageObject\",\"inLanguage\":\"en-US\",\"@id\":\"https:\\\/\\\/adexa.ee\\\/#\\\/schema\\\/logo\\\/image\\\/\",\"url\":\"https:\\\/\\\/adexa.ee\\\/wp-content\\\/uploads\\\/2024\\\/04\\\/chef-cooks-working-in-professional-kitchen-2023-11-27-05-07-39-utc-scaled.jpg\",\"contentUrl\":\"https:\\\/\\\/adexa.ee\\\/wp-content\\\/uploads\\\/2024\\\/04\\\/chef-cooks-working-in-professional-kitchen-2023-11-27-05-07-39-utc-scaled.jpg\",\"width\":2560,\"height\":1708,\"caption\":\"Adexa\"},\"image\":{\"@id\":\"https:\\\/\\\/adexa.ee\\\/#\\\/schema\\\/logo\\\/image\\\/\"}}]}<\/script>\n<!-- \/ Yoast SEO plugin. -->","yoast_head_json":{"title":"Jahutusplaat GN1\/3 Roostevaba teras 325x176x45mm | Adexa 412803 - Adexa \u2013 Suurk\u00f6\u00f6giseadmed restoranidele ja toitlustusele","robots":{"index":"index","follow":"follow","max-snippet":"max-snippet:-1","max-image-preview":"max-image-preview:large","max-video-preview":"max-video-preview:-1"},"canonical":"https:\/\/adexa.ee\/toode\/jahutusplaat-gn1-3-roostevaba-teras-325x176x45mm-adexa-412803\/","og_locale":"en_US","og_type":"article","og_title":"Jahutusplaat GN1\/3 Roostevaba teras 325x176x45mm | Adexa 412803 - Adexa \u2013 Suurk\u00f6\u00f6giseadmed restoranidele ja toitlustusele","og_description":"Serveeri k\u00fclmtoite sobival temperatuuril selle roostevabast terasest jahutusalusega. Ideaalne toitlustus\u00fcritustel, buffetil ja pidudel, see jahutusplaat v\u00f5imaldab h\u00f5lpsasti serveerida juustu, k\u00fclml\u00f5ikeid,","og_url":"https:\/\/adexa.ee\/toode\/jahutusplaat-gn1-3-roostevaba-teras-325x176x45mm-adexa-412803\/","og_site_name":"Adexa \u2013 Suurk\u00f6\u00f6giseadmed restoranidele ja toitlustusele","article_modified_time":"2026-04-01T15:15:26+00:00","og_image":[{"width":1500,"height":1500,"url":"https:\/\/adexa.ee\/wp-content\/uploads\/2024\/12\/41280.jpg","type":"image\/jpeg"}],"twitter_card":"summary_large_image","schema":{"@context":"https:\/\/schema.org","@graph":[{"@type":"WebPage","@id":"https:\/\/adexa.ee\/toode\/jahutusplaat-gn1-3-roostevaba-teras-325x176x45mm-adexa-412803\/","url":"https:\/\/adexa.ee\/toode\/jahutusplaat-gn1-3-roostevaba-teras-325x176x45mm-adexa-412803\/","name":"Jahutusplaat GN1\/3 Roostevaba teras 325x176x45mm | Adexa 412803 - Adexa \u2013 Suurk\u00f6\u00f6giseadmed restoranidele ja toitlustusele","isPartOf":{"@id":"https:\/\/adexa.ee\/#website"},"primaryImageOfPage":{"@id":"https:\/\/adexa.ee\/toode\/jahutusplaat-gn1-3-roostevaba-teras-325x176x45mm-adexa-412803\/#primaryimage"},"image":{"@id":"https:\/\/adexa.ee\/toode\/jahutusplaat-gn1-3-roostevaba-teras-325x176x45mm-adexa-412803\/#primaryimage"},"thumbnailUrl":"https:\/\/adexa.ee\/wp-content\/uploads\/2024\/12\/41280.jpg","datePublished":"2026-04-01T15:15:25+00:00","dateModified":"2026-04-01T15:15:26+00:00","breadcrumb":{"@id":"https:\/\/adexa.ee\/toode\/jahutusplaat-gn1-3-roostevaba-teras-325x176x45mm-adexa-412803\/#breadcrumb"},"inLanguage":"en-US","potentialAction":[{"@type":"ReadAction","target":["https:\/\/adexa.ee\/toode\/jahutusplaat-gn1-3-roostevaba-teras-325x176x45mm-adexa-412803\/"]}]},{"@type":"ImageObject","inLanguage":"en-US","@id":"https:\/\/adexa.ee\/toode\/jahutusplaat-gn1-3-roostevaba-teras-325x176x45mm-adexa-412803\/#primaryimage","url":"https:\/\/adexa.ee\/wp-content\/uploads\/2024\/12\/41280.jpg","contentUrl":"https:\/\/adexa.ee\/wp-content\/uploads\/2024\/12\/41280.jpg","width":1500,"height":1500},{"@type":"BreadcrumbList","@id":"https:\/\/adexa.ee\/toode\/jahutusplaat-gn1-3-roostevaba-teras-325x176x45mm-adexa-412803\/#breadcrumb","itemListElement":[{"@type":"ListItem","position":1,"name":"Home","item":"https:\/\/adexa.ee\/"},{"@type":"ListItem","position":2,"name":"Tooted","item":"https:\/\/adexa.ee\/pood\/"},{"@type":"ListItem","position":3,"name":"Jahutusplaat GN1\/3 Roostevaba teras 325x176x45mm | Adexa 412803"}]},{"@type":"WebSite","@id":"https:\/\/adexa.ee\/#website","url":"https:\/\/adexa.ee\/","name":"Adexa","description":"","publisher":{"@id":"https:\/\/adexa.ee\/#organization"},"potentialAction":[{"@type":"SearchAction","target":{"@type":"EntryPoint","urlTemplate":"https:\/\/adexa.ee\/?s={search_term_string}"},"query-input":{"@type":"PropertyValueSpecification","valueRequired":true,"valueName":"search_term_string"}}],"inLanguage":"en-US"},{"@type":"Organization","@id":"https:\/\/adexa.ee\/#organization","name":"Adexa","url":"https:\/\/adexa.ee\/","logo":{"@type":"ImageObject","inLanguage":"en-US","@id":"https:\/\/adexa.ee\/#\/schema\/logo\/image\/","url":"https:\/\/adexa.ee\/wp-content\/uploads\/2024\/04\/chef-cooks-working-in-professional-kitchen-2023-11-27-05-07-39-utc-scaled.jpg","contentUrl":"https:\/\/adexa.ee\/wp-content\/uploads\/2024\/04\/chef-cooks-working-in-professional-kitchen-2023-11-27-05-07-39-utc-scaled.jpg","width":2560,"height":1708,"caption":"Adexa"},"image":{"@id":"https:\/\/adexa.ee\/#\/schema\/logo\/image\/"}}]}},"_links":{"self":[{"href":"https:\/\/adexa.ee\/en\/wp-json\/wp\/v2\/product\/15472","targetHints":{"allow":["GET"]}}],"collection":[{"href":"https:\/\/adexa.ee\/en\/wp-json\/wp\/v2\/product"}],"about":[{"href":"https:\/\/adexa.ee\/en\/wp-json\/wp\/v2\/types\/product"}],"wp:featuredmedia":[{"embeddable":true,"href":"https:\/\/adexa.ee\/en\/wp-json\/wp\/v2\/media\/10440"}],"wp:attachment":[{"href":"https:\/\/adexa.ee\/en\/wp-json\/wp\/v2\/media?parent=15472"}],"wp:term":[{"taxonomy":"product_brand","embeddable":true,"href":"https:\/\/adexa.ee\/en\/wp-json\/wp\/v2\/product_brand?post=15472"},{"taxonomy":"product_cat","embeddable":true,"href":"https:\/\/adexa.ee\/en\/wp-json\/wp\/v2\/product_cat?post=15472"},{"taxonomy":"product_tag","embeddable":true,"href":"https:\/\/adexa.ee\/en\/wp-json\/wp\/v2\/product_tag?post=15472"}],"curies":[{"name":"wp","href":"https:\/\/api.w.org\/{rel}","templated":true}]}}