{"id":15497,"date":"2026-03-26T10:35:27","date_gmt":"2026-03-26T08:35:27","guid":{"rendered":"https:\/\/adexa.ee\/toode\/professionaalne-elektriline-plaadigrill-kapialusega-9kw-sile-rihveldatud-700mm-sugav-adexa-her706a\/"},"modified":"2026-03-26T10:35:31","modified_gmt":"2026-03-26T08:35:31","slug":"professionaalne-elektriline-plaatgrill-aluskapiga-9kw-sile-rihveldatud-700mm-sugav-adexa-her706a","status":"publish","type":"product","link":"https:\/\/adexa.ee\/en\/toode\/professionaalne-elektriline-plaatgrill-aluskapiga-9kw-sile-rihveldatud-700mm-sugav-adexa-her706a\/","title":{"rendered":"Professionaalne Elektriline Plaatgrill Aluskapiga 9kW Sile\/Rihveldatud 700mm S\u00fcgav | Adexa HER706A"},"content":{"rendered":"<p>V\u00f5imas ja usaldusv\u00e4\u00e4rne, see esmaklassiline ja tugev kaubanduslik praepind pakub suurep\u00e4rast k\u00fcpsetuspinda, mis sobib ideaalselt hommiku-, l\u00f5una- v\u00f5i \u00f5htus\u00f6\u00f6gi teenindamiseks teie hotellis v\u00f5i restoranis. Tugevad p\u00f5letid tagavad kiire kuumenemise ja soojuse \u00fchtlase jaotumise laia grilli pinnale. Lihtsate l\u00fclitusnuppudega on see toitlustusgrill uskumatult lihtne kasutada. 700mm s\u00fcgavune elektriline grill sobitub sujuvalt meie modulaarse k\u00fcpsetusvalikuga. M\u00f5\u00f5tmed: 700x700x920mm Grill: 600x475mm V\u00f5imsus: 9kW Toiteallikas: 380V\/50HZ Temperatuurivahemik: +50\u00b0C kuni +300\u00b0C K\u00fcpsetuspind: 2\/3 sile \/ 1\/3 rihveldatud 2 k\u00fcpsetustsooni Lihtne puhastada ja h\u00fcgieeniline 2 uksega kapialus Roostevabast terasest korpus Dokumendid Kl\u00f5psake siin, et alla laadida kasutusjuhend. T\u00e4psema info saamiseks vaadake palun jaotist &#8216;Spetsifikatsioon&#8217;.<\/p>\n<table style=\"border-collapse: collapse; width: 100%; text-align: left;\">\n<tbody>\n<tr>\n<td style=\"border: 1px solid #ddd; padding: 8px; width: 45%;\"><strong>S\u00fcgavus<\/strong><\/td>\n<td style=\"border: 1px solid #ddd; padding: 8px;\">700 mm<\/td>\n<\/tr>\n<tr>\n<td style=\"border: 1px solid #ddd; padding: 8px; width: 45%;\"><strong>K\u00f5rgus<\/strong><\/td>\n<td style=\"border: 1px solid #ddd; padding: 8px;\">920 mm<\/td>\n<\/tr>\n<tr>\n<td style=\"border: 1px solid #ddd; padding: 8px; width: 45%;\"><strong>Laius<\/strong><\/td>\n<td style=\"border: 1px solid #ddd; padding: 8px;\">700 mm<\/td>\n<\/tr>\n<tr>\n<td style=\"border: 1px solid #ddd; padding: 8px; width: 45%;\"><strong>Kaal<\/strong><\/td>\n<td style=\"border: 1px solid #ddd; padding: 8px;\">73 kg<\/td>\n<\/tr>\n<tr>\n<td style=\"border: 1px solid #ddd; padding: 8px; width: 45%;\"><strong>Garantii<\/strong><\/td>\n<td style=\"border: 1px solid #ddd; padding: 8px;\">12 kuu varuosade garantii<\/td>\n<\/tr>\n<tr>\n<td style=\"border: 1px solid #ddd; padding: 8px; width: 45%;\"><strong>Versioon<\/strong><\/td>\n<td style=\"border: 1px solid #ddd; padding: 8px;\">2\/3 sile, 1\/3 sooniline pealispind<\/td>\n<\/tr>\n<tr>\n<td style=\"border: 1px solid #ddd; padding: 8px; width: 45%;\"><strong>Toiteallikas<\/strong><\/td>\n<td style=\"border: 1px solid #ddd; padding: 8px;\">380V \/ 3 faasi<\/td>\n<\/tr>\n<tr>\n<td style=\"border: 1px solid #ddd; padding: 8px; width: 45%;\"><strong>V\u00f5imsus<\/strong><\/td>\n<td style=\"border: 1px solid #ddd; padding: 8px;\">9000 W<\/td>\n<\/tr>\n<tr>\n<td style=\"border: 1px solid #ddd; padding: 8px; width: 45%;\"><strong>Materjal<\/strong><\/td>\n<td style=\"border: 1px solid #ddd; padding: 8px;\">Roostevaba teras<\/td>\n<\/tr>\n<tr>\n<td style=\"border: 1px solid #ddd; padding: 8px; width: 45%;\"><strong>Temperatuur<\/strong><\/td>\n<td style=\"border: 1px solid #ddd; padding: 8px;\">+50\u00b0C kuni +300\u00b0C<\/td>\n<\/tr>\n<\/tbody>\n<\/table>\n","protected":false},"excerpt":{"rendered":"<p>V\u00f5imas ja usaldusv\u00e4\u00e4rne, see esmaklassiline ja tugev kaubanduslik praepind pakub suurep\u00e4rast k\u00fcpsetuspinda, mis sobib ideaalselt hommiku-, l\u00f5una- v\u00f5i \u00f5htus\u00f6\u00f6gi teenindamiseks<\/p>\n","protected":false},"featured_media":15502,"template":"","meta":[],"product_brand":[],"product_cat":[983,635,591,590,589,557,588,571,594],"product_tag":[],"class_list":{"0":"post-15497","1":"product","2":"type-product","3":"status-publish","4":"has-post-thumbnail","6":"product_cat-varude-selgeks-muuk-koogitarbed","7":"product_cat-700-mm-sugavusega","8":"product_cat-elektrilised","9":"product_cat-grillplaadid-kupsetusseadmed","10":"product_cat-grillplaadid","11":"product_cat-kupsetusseadmed","12":"product_cat-kuumseadmed","13":"product_cat-laovaru-muuk","14":"product_cat-mitmekesine-toiduvalmistamine","16":"first","17":"instock","18":"sale","19":"taxable","20":"shipping-taxable","21":"purchasable","22":"product-type-simple"},"yoast_head":"<!-- This site is optimized with the Yoast SEO plugin v27.3 - https:\/\/yoast.com\/product\/yoast-seo-wordpress\/ -->\n<title>Professionaalne Elektriline Plaatgrill Aluskapiga 9kW Sile\/Rihveldatud 700mm S\u00fcgav | Adexa HER706A - Adexa \u2013 Suurk\u00f6\u00f6giseadmed restoranidele ja toitlustusele<\/title>\n<meta name=\"robots\" content=\"index, follow, max-snippet:-1, max-image-preview:large, max-video-preview:-1\" \/>\n<link rel=\"canonical\" href=\"https:\/\/adexa.ee\/toode\/professionaalne-elektriline-plaatgrill-aluskapiga-9kw-sile-rihveldatud-700mm-sugav-adexa-her706a\/\" \/>\n<meta property=\"og:locale\" content=\"en_US\" \/>\n<meta property=\"og:type\" content=\"article\" \/>\n<meta property=\"og:title\" content=\"Professionaalne Elektriline Plaatgrill Aluskapiga 9kW Sile\/Rihveldatud 700mm S\u00fcgav | Adexa HER706A - Adexa \u2013 Suurk\u00f6\u00f6giseadmed restoranidele ja toitlustusele\" \/>\n<meta property=\"og:description\" content=\"V\u00f5imas ja usaldusv\u00e4\u00e4rne, see esmaklassiline ja tugev kaubanduslik praepind pakub suurep\u00e4rast k\u00fcpsetuspinda, mis sobib ideaalselt hommiku-, l\u00f5una- v\u00f5i \u00f5htus\u00f6\u00f6gi teenindamiseks\" \/>\n<meta property=\"og:url\" content=\"https:\/\/adexa.ee\/toode\/professionaalne-elektriline-plaatgrill-aluskapiga-9kw-sile-rihveldatud-700mm-sugav-adexa-her706a\/\" \/>\n<meta property=\"og:site_name\" content=\"Adexa \u2013 Suurk\u00f6\u00f6giseadmed restoranidele ja toitlustusele\" \/>\n<meta property=\"article:modified_time\" content=\"2026-03-26T08:35:31+00:00\" \/>\n<meta property=\"og:image\" content=\"https:\/\/adexa.ee\/wp-content\/uploads\/2024\/12\/HER706A.jpg\" \/>\n\t<meta property=\"og:image:width\" content=\"2000\" \/>\n\t<meta property=\"og:image:height\" content=\"2000\" \/>\n\t<meta property=\"og:image:type\" content=\"image\/jpeg\" \/>\n<meta name=\"twitter:card\" content=\"summary_large_image\" \/>\n<meta name=\"twitter:label1\" content=\"Est. reading time\" \/>\n\t<meta name=\"twitter:data1\" content=\"1 minute\" \/>\n<script type=\"application\/ld+json\" class=\"yoast-schema-graph\">{\"@context\":\"https:\\\/\\\/schema.org\",\"@graph\":[{\"@type\":\"WebPage\",\"@id\":\"https:\\\/\\\/adexa.ee\\\/toode\\\/professionaalne-elektriline-plaatgrill-aluskapiga-9kw-sile-rihveldatud-700mm-sugav-adexa-her706a\\\/\",\"url\":\"https:\\\/\\\/adexa.ee\\\/toode\\\/professionaalne-elektriline-plaatgrill-aluskapiga-9kw-sile-rihveldatud-700mm-sugav-adexa-her706a\\\/\",\"name\":\"Professionaalne Elektriline Plaatgrill Aluskapiga 9kW Sile\\\/Rihveldatud 700mm S\u00fcgav | Adexa HER706A - Adexa \u2013 Suurk\u00f6\u00f6giseadmed restoranidele ja toitlustusele\",\"isPartOf\":{\"@id\":\"https:\\\/\\\/adexa.ee\\\/#website\"},\"primaryImageOfPage\":{\"@id\":\"https:\\\/\\\/adexa.ee\\\/toode\\\/professionaalne-elektriline-plaatgrill-aluskapiga-9kw-sile-rihveldatud-700mm-sugav-adexa-her706a\\\/#primaryimage\"},\"image\":{\"@id\":\"https:\\\/\\\/adexa.ee\\\/toode\\\/professionaalne-elektriline-plaatgrill-aluskapiga-9kw-sile-rihveldatud-700mm-sugav-adexa-her706a\\\/#primaryimage\"},\"thumbnailUrl\":\"https:\\\/\\\/adexa.ee\\\/wp-content\\\/uploads\\\/2024\\\/12\\\/HER706A.jpg\",\"datePublished\":\"2026-03-26T08:35:27+00:00\",\"dateModified\":\"2026-03-26T08:35:31+00:00\",\"breadcrumb\":{\"@id\":\"https:\\\/\\\/adexa.ee\\\/toode\\\/professionaalne-elektriline-plaatgrill-aluskapiga-9kw-sile-rihveldatud-700mm-sugav-adexa-her706a\\\/#breadcrumb\"},\"inLanguage\":\"en-US\",\"potentialAction\":[{\"@type\":\"ReadAction\",\"target\":[\"https:\\\/\\\/adexa.ee\\\/toode\\\/professionaalne-elektriline-plaatgrill-aluskapiga-9kw-sile-rihveldatud-700mm-sugav-adexa-her706a\\\/\"]}]},{\"@type\":\"ImageObject\",\"inLanguage\":\"en-US\",\"@id\":\"https:\\\/\\\/adexa.ee\\\/toode\\\/professionaalne-elektriline-plaatgrill-aluskapiga-9kw-sile-rihveldatud-700mm-sugav-adexa-her706a\\\/#primaryimage\",\"url\":\"https:\\\/\\\/adexa.ee\\\/wp-content\\\/uploads\\\/2024\\\/12\\\/HER706A.jpg\",\"contentUrl\":\"https:\\\/\\\/adexa.ee\\\/wp-content\\\/uploads\\\/2024\\\/12\\\/HER706A.jpg\",\"width\":2000,\"height\":2000},{\"@type\":\"BreadcrumbList\",\"@id\":\"https:\\\/\\\/adexa.ee\\\/toode\\\/professionaalne-elektriline-plaatgrill-aluskapiga-9kw-sile-rihveldatud-700mm-sugav-adexa-her706a\\\/#breadcrumb\",\"itemListElement\":[{\"@type\":\"ListItem\",\"position\":1,\"name\":\"Home\",\"item\":\"https:\\\/\\\/adexa.ee\\\/\"},{\"@type\":\"ListItem\",\"position\":2,\"name\":\"Tooted\",\"item\":\"https:\\\/\\\/adexa.ee\\\/pood\\\/\"},{\"@type\":\"ListItem\",\"position\":3,\"name\":\"Professionaalne Elektriline Plaatgrill Aluskapiga 9kW Sile\\\/Rihveldatud 700mm S\u00fcgav | Adexa HER706A\"}]},{\"@type\":\"WebSite\",\"@id\":\"https:\\\/\\\/adexa.ee\\\/#website\",\"url\":\"https:\\\/\\\/adexa.ee\\\/\",\"name\":\"Adexa\",\"description\":\"\",\"publisher\":{\"@id\":\"https:\\\/\\\/adexa.ee\\\/#organization\"},\"potentialAction\":[{\"@type\":\"SearchAction\",\"target\":{\"@type\":\"EntryPoint\",\"urlTemplate\":\"https:\\\/\\\/adexa.ee\\\/?s={search_term_string}\"},\"query-input\":{\"@type\":\"PropertyValueSpecification\",\"valueRequired\":true,\"valueName\":\"search_term_string\"}}],\"inLanguage\":\"en-US\"},{\"@type\":\"Organization\",\"@id\":\"https:\\\/\\\/adexa.ee\\\/#organization\",\"name\":\"Adexa\",\"url\":\"https:\\\/\\\/adexa.ee\\\/\",\"logo\":{\"@type\":\"ImageObject\",\"inLanguage\":\"en-US\",\"@id\":\"https:\\\/\\\/adexa.ee\\\/#\\\/schema\\\/logo\\\/image\\\/\",\"url\":\"https:\\\/\\\/adexa.ee\\\/wp-content\\\/uploads\\\/2024\\\/04\\\/chef-cooks-working-in-professional-kitchen-2023-11-27-05-07-39-utc-scaled.jpg\",\"contentUrl\":\"https:\\\/\\\/adexa.ee\\\/wp-content\\\/uploads\\\/2024\\\/04\\\/chef-cooks-working-in-professional-kitchen-2023-11-27-05-07-39-utc-scaled.jpg\",\"width\":2560,\"height\":1708,\"caption\":\"Adexa\"},\"image\":{\"@id\":\"https:\\\/\\\/adexa.ee\\\/#\\\/schema\\\/logo\\\/image\\\/\"}}]}<\/script>\n<!-- \/ Yoast SEO plugin. -->","yoast_head_json":{"title":"Professionaalne Elektriline Plaatgrill Aluskapiga 9kW Sile\/Rihveldatud 700mm S\u00fcgav | Adexa HER706A - Adexa \u2013 Suurk\u00f6\u00f6giseadmed restoranidele ja toitlustusele","robots":{"index":"index","follow":"follow","max-snippet":"max-snippet:-1","max-image-preview":"max-image-preview:large","max-video-preview":"max-video-preview:-1"},"canonical":"https:\/\/adexa.ee\/toode\/professionaalne-elektriline-plaatgrill-aluskapiga-9kw-sile-rihveldatud-700mm-sugav-adexa-her706a\/","og_locale":"en_US","og_type":"article","og_title":"Professionaalne Elektriline Plaatgrill Aluskapiga 9kW Sile\/Rihveldatud 700mm S\u00fcgav | Adexa HER706A - Adexa \u2013 Suurk\u00f6\u00f6giseadmed restoranidele ja toitlustusele","og_description":"V\u00f5imas ja usaldusv\u00e4\u00e4rne, see esmaklassiline ja tugev kaubanduslik praepind pakub suurep\u00e4rast k\u00fcpsetuspinda, mis sobib ideaalselt hommiku-, l\u00f5una- v\u00f5i \u00f5htus\u00f6\u00f6gi teenindamiseks","og_url":"https:\/\/adexa.ee\/toode\/professionaalne-elektriline-plaatgrill-aluskapiga-9kw-sile-rihveldatud-700mm-sugav-adexa-her706a\/","og_site_name":"Adexa \u2013 Suurk\u00f6\u00f6giseadmed restoranidele ja toitlustusele","article_modified_time":"2026-03-26T08:35:31+00:00","og_image":[{"width":2000,"height":2000,"url":"https:\/\/adexa.ee\/wp-content\/uploads\/2024\/12\/HER706A.jpg","type":"image\/jpeg"}],"twitter_card":"summary_large_image","twitter_misc":{"Est. reading time":"1 minute"},"schema":{"@context":"https:\/\/schema.org","@graph":[{"@type":"WebPage","@id":"https:\/\/adexa.ee\/toode\/professionaalne-elektriline-plaatgrill-aluskapiga-9kw-sile-rihveldatud-700mm-sugav-adexa-her706a\/","url":"https:\/\/adexa.ee\/toode\/professionaalne-elektriline-plaatgrill-aluskapiga-9kw-sile-rihveldatud-700mm-sugav-adexa-her706a\/","name":"Professionaalne Elektriline Plaatgrill Aluskapiga 9kW Sile\/Rihveldatud 700mm S\u00fcgav | Adexa HER706A - Adexa \u2013 Suurk\u00f6\u00f6giseadmed restoranidele ja toitlustusele","isPartOf":{"@id":"https:\/\/adexa.ee\/#website"},"primaryImageOfPage":{"@id":"https:\/\/adexa.ee\/toode\/professionaalne-elektriline-plaatgrill-aluskapiga-9kw-sile-rihveldatud-700mm-sugav-adexa-her706a\/#primaryimage"},"image":{"@id":"https:\/\/adexa.ee\/toode\/professionaalne-elektriline-plaatgrill-aluskapiga-9kw-sile-rihveldatud-700mm-sugav-adexa-her706a\/#primaryimage"},"thumbnailUrl":"https:\/\/adexa.ee\/wp-content\/uploads\/2024\/12\/HER706A.jpg","datePublished":"2026-03-26T08:35:27+00:00","dateModified":"2026-03-26T08:35:31+00:00","breadcrumb":{"@id":"https:\/\/adexa.ee\/toode\/professionaalne-elektriline-plaatgrill-aluskapiga-9kw-sile-rihveldatud-700mm-sugav-adexa-her706a\/#breadcrumb"},"inLanguage":"en-US","potentialAction":[{"@type":"ReadAction","target":["https:\/\/adexa.ee\/toode\/professionaalne-elektriline-plaatgrill-aluskapiga-9kw-sile-rihveldatud-700mm-sugav-adexa-her706a\/"]}]},{"@type":"ImageObject","inLanguage":"en-US","@id":"https:\/\/adexa.ee\/toode\/professionaalne-elektriline-plaatgrill-aluskapiga-9kw-sile-rihveldatud-700mm-sugav-adexa-her706a\/#primaryimage","url":"https:\/\/adexa.ee\/wp-content\/uploads\/2024\/12\/HER706A.jpg","contentUrl":"https:\/\/adexa.ee\/wp-content\/uploads\/2024\/12\/HER706A.jpg","width":2000,"height":2000},{"@type":"BreadcrumbList","@id":"https:\/\/adexa.ee\/toode\/professionaalne-elektriline-plaatgrill-aluskapiga-9kw-sile-rihveldatud-700mm-sugav-adexa-her706a\/#breadcrumb","itemListElement":[{"@type":"ListItem","position":1,"name":"Home","item":"https:\/\/adexa.ee\/"},{"@type":"ListItem","position":2,"name":"Tooted","item":"https:\/\/adexa.ee\/pood\/"},{"@type":"ListItem","position":3,"name":"Professionaalne Elektriline Plaatgrill Aluskapiga 9kW Sile\/Rihveldatud 700mm S\u00fcgav | Adexa HER706A"}]},{"@type":"WebSite","@id":"https:\/\/adexa.ee\/#website","url":"https:\/\/adexa.ee\/","name":"Adexa","description":"","publisher":{"@id":"https:\/\/adexa.ee\/#organization"},"potentialAction":[{"@type":"SearchAction","target":{"@type":"EntryPoint","urlTemplate":"https:\/\/adexa.ee\/?s={search_term_string}"},"query-input":{"@type":"PropertyValueSpecification","valueRequired":true,"valueName":"search_term_string"}}],"inLanguage":"en-US"},{"@type":"Organization","@id":"https:\/\/adexa.ee\/#organization","name":"Adexa","url":"https:\/\/adexa.ee\/","logo":{"@type":"ImageObject","inLanguage":"en-US","@id":"https:\/\/adexa.ee\/#\/schema\/logo\/image\/","url":"https:\/\/adexa.ee\/wp-content\/uploads\/2024\/04\/chef-cooks-working-in-professional-kitchen-2023-11-27-05-07-39-utc-scaled.jpg","contentUrl":"https:\/\/adexa.ee\/wp-content\/uploads\/2024\/04\/chef-cooks-working-in-professional-kitchen-2023-11-27-05-07-39-utc-scaled.jpg","width":2560,"height":1708,"caption":"Adexa"},"image":{"@id":"https:\/\/adexa.ee\/#\/schema\/logo\/image\/"}}]}},"_links":{"self":[{"href":"https:\/\/adexa.ee\/en\/wp-json\/wp\/v2\/product\/15497","targetHints":{"allow":["GET"]}}],"collection":[{"href":"https:\/\/adexa.ee\/en\/wp-json\/wp\/v2\/product"}],"about":[{"href":"https:\/\/adexa.ee\/en\/wp-json\/wp\/v2\/types\/product"}],"wp:featuredmedia":[{"embeddable":true,"href":"https:\/\/adexa.ee\/en\/wp-json\/wp\/v2\/media\/15502"}],"wp:attachment":[{"href":"https:\/\/adexa.ee\/en\/wp-json\/wp\/v2\/media?parent=15497"}],"wp:term":[{"taxonomy":"product_brand","embeddable":true,"href":"https:\/\/adexa.ee\/en\/wp-json\/wp\/v2\/product_brand?post=15497"},{"taxonomy":"product_cat","embeddable":true,"href":"https:\/\/adexa.ee\/en\/wp-json\/wp\/v2\/product_cat?post=15497"},{"taxonomy":"product_tag","embeddable":true,"href":"https:\/\/adexa.ee\/en\/wp-json\/wp\/v2\/product_tag?post=15497"}],"curies":[{"name":"wp","href":"https:\/\/api.w.org\/{rel}","templated":true}]}}