{"id":15596,"date":"2026-03-30T17:45:49","date_gmt":"2026-03-30T14:45:49","guid":{"rendered":"https:\/\/adexa.ee\/toode\/kaubanduslik-kastme-kastme-dosaator-3-pumpa-roostevaba-teras-adexa-jzs003\/"},"modified":"2026-03-30T17:45:50","modified_gmt":"2026-03-30T14:45:50","slug":"kastme-kastme-dosaator-3-pumpa-roostevaba-teras-adexa-jzs003","status":"publish","type":"product","link":"https:\/\/adexa.ee\/en\/toode\/kastme-kastme-dosaator-3-pumpa-roostevaba-teras-adexa-jzs003\/","title":{"rendered":"Kastme\/Kastme Dosaator 3 Pumpa Roostevaba Teras | Adexa Jzs003"},"content":{"rendered":"<p>Suure liiklusega v\u00f5ileivapoodide, kioskite ja mugavuspoodide jaoks on see suure mahuga kastmedosaator roostevabast terasest pumpadega ideaalne eneseteeninduseks m\u00f5eldud lisandijaam. Ideaalne teie lemmik kastmete, salatikastmete ja siirupite jaoks, see dosaator kiirendab teie serveerimisaega, aidates teil teeninduses rohkem kliente vastu v\u00f5tta.<\/p>\n<table style=\"border-collapse: collapse; width: 100%; text-align: left;\">\n<tbody>\n<tr>\n<td style=\"border: 1px solid #ddd; padding: 8px; width: 45%;\"><strong>S\u00fcgavus<\/strong><\/td>\n<td style=\"border: 1px solid #ddd; padding: 8px;\">175 mm<\/td>\n<\/tr>\n<tr>\n<td style=\"border: 1px solid #ddd; padding: 8px; width: 45%;\"><strong>K\u00f5rgus<\/strong><\/td>\n<td style=\"border: 1px solid #ddd; padding: 8px;\">358 mm<\/td>\n<\/tr>\n<tr>\n<td style=\"border: 1px solid #ddd; padding: 8px; width: 45%;\"><strong>Laius<\/strong><\/td>\n<td style=\"border: 1px solid #ddd; padding: 8px;\">525mm<\/td>\n<\/tr>\n<tr>\n<td style=\"border: 1px solid #ddd; padding: 8px; width: 45%;\"><strong>Mahutavus<\/strong><\/td>\n<td style=\"border: 1px solid #ddd; padding: 8px;\">3 x 3 liitrit<\/td>\n<\/tr>\n<tr>\n<td style=\"border: 1px solid #ddd; padding: 8px; width: 45%;\"><strong>Materjal<\/strong><\/td>\n<td style=\"border: 1px solid #ddd; padding: 8px;\">Roostevaba teras<\/td>\n<\/tr>\n<\/tbody>\n<\/table>\n","protected":false},"excerpt":{"rendered":"<p>Suure liiklusega v\u00f5ileivapoodide, kioskite ja mugavuspoodide jaoks on see suure mahuga kastmedosaator roostevabast terasest pumpadega ideaalne eneseteeninduseks m\u00f5eldud lisandijaam. Ideaalne<\/p>\n","protected":false},"featured_media":15598,"template":"","meta":[],"product_brand":[],"product_cat":[682,579],"product_tag":[],"class_list":{"0":"post-15596","1":"product","2":"type-product","3":"status-publish","4":"has-post-thumbnail","6":"product_cat-dosaatorid-kastmepudelid-ja-kastmete-anumad","7":"product_cat-koogitarbed-noud","9":"first","10":"instock","11":"sale","12":"taxable","13":"shipping-taxable","14":"purchasable","15":"product-type-simple"},"yoast_head":"<!-- This site is optimized with the Yoast SEO plugin v27.3 - https:\/\/yoast.com\/product\/yoast-seo-wordpress\/ -->\n<title>Kastme\/Kastme Dosaator 3 Pumpa Roostevaba Teras | Adexa Jzs003 - Adexa \u2013 Suurk\u00f6\u00f6giseadmed restoranidele ja toitlustusele<\/title>\n<meta name=\"robots\" content=\"index, follow, max-snippet:-1, max-image-preview:large, max-video-preview:-1\" \/>\n<link rel=\"canonical\" href=\"https:\/\/adexa.ee\/toode\/kastme-kastme-dosaator-3-pumpa-roostevaba-teras-adexa-jzs003\/\" \/>\n<meta property=\"og:locale\" content=\"en_US\" \/>\n<meta property=\"og:type\" content=\"article\" \/>\n<meta property=\"og:title\" content=\"Kastme\/Kastme Dosaator 3 Pumpa Roostevaba Teras | Adexa Jzs003 - Adexa \u2013 Suurk\u00f6\u00f6giseadmed restoranidele ja toitlustusele\" \/>\n<meta property=\"og:description\" content=\"Suure liiklusega v\u00f5ileivapoodide, kioskite ja mugavuspoodide jaoks on see suure mahuga kastmedosaator roostevabast terasest pumpadega ideaalne eneseteeninduseks m\u00f5eldud lisandijaam. Ideaalne\" \/>\n<meta property=\"og:url\" content=\"https:\/\/adexa.ee\/toode\/kastme-kastme-dosaator-3-pumpa-roostevaba-teras-adexa-jzs003\/\" \/>\n<meta property=\"og:site_name\" content=\"Adexa \u2013 Suurk\u00f6\u00f6giseadmed restoranidele ja toitlustusele\" \/>\n<meta property=\"article:modified_time\" content=\"2026-03-30T14:45:50+00:00\" \/>\n<meta property=\"og:image\" content=\"https:\/\/adexa.ee\/wp-content\/uploads\/2024\/12\/JZS003.jpg\" \/>\n\t<meta property=\"og:image:width\" content=\"1200\" \/>\n\t<meta property=\"og:image:height\" content=\"1200\" \/>\n\t<meta property=\"og:image:type\" content=\"image\/jpeg\" \/>\n<meta name=\"twitter:card\" content=\"summary_large_image\" \/>\n<script type=\"application\/ld+json\" class=\"yoast-schema-graph\">{\"@context\":\"https:\\\/\\\/schema.org\",\"@graph\":[{\"@type\":\"WebPage\",\"@id\":\"https:\\\/\\\/adexa.ee\\\/toode\\\/kastme-kastme-dosaator-3-pumpa-roostevaba-teras-adexa-jzs003\\\/\",\"url\":\"https:\\\/\\\/adexa.ee\\\/toode\\\/kastme-kastme-dosaator-3-pumpa-roostevaba-teras-adexa-jzs003\\\/\",\"name\":\"Kastme\\\/Kastme Dosaator 3 Pumpa Roostevaba Teras | Adexa Jzs003 - Adexa \u2013 Suurk\u00f6\u00f6giseadmed restoranidele ja toitlustusele\",\"isPartOf\":{\"@id\":\"https:\\\/\\\/adexa.ee\\\/#website\"},\"primaryImageOfPage\":{\"@id\":\"https:\\\/\\\/adexa.ee\\\/toode\\\/kastme-kastme-dosaator-3-pumpa-roostevaba-teras-adexa-jzs003\\\/#primaryimage\"},\"image\":{\"@id\":\"https:\\\/\\\/adexa.ee\\\/toode\\\/kastme-kastme-dosaator-3-pumpa-roostevaba-teras-adexa-jzs003\\\/#primaryimage\"},\"thumbnailUrl\":\"https:\\\/\\\/adexa.ee\\\/wp-content\\\/uploads\\\/2024\\\/12\\\/JZS003.jpg\",\"datePublished\":\"2026-03-30T14:45:49+00:00\",\"dateModified\":\"2026-03-30T14:45:50+00:00\",\"breadcrumb\":{\"@id\":\"https:\\\/\\\/adexa.ee\\\/toode\\\/kastme-kastme-dosaator-3-pumpa-roostevaba-teras-adexa-jzs003\\\/#breadcrumb\"},\"inLanguage\":\"en-US\",\"potentialAction\":[{\"@type\":\"ReadAction\",\"target\":[\"https:\\\/\\\/adexa.ee\\\/toode\\\/kastme-kastme-dosaator-3-pumpa-roostevaba-teras-adexa-jzs003\\\/\"]}]},{\"@type\":\"ImageObject\",\"inLanguage\":\"en-US\",\"@id\":\"https:\\\/\\\/adexa.ee\\\/toode\\\/kastme-kastme-dosaator-3-pumpa-roostevaba-teras-adexa-jzs003\\\/#primaryimage\",\"url\":\"https:\\\/\\\/adexa.ee\\\/wp-content\\\/uploads\\\/2024\\\/12\\\/JZS003.jpg\",\"contentUrl\":\"https:\\\/\\\/adexa.ee\\\/wp-content\\\/uploads\\\/2024\\\/12\\\/JZS003.jpg\",\"width\":1200,\"height\":1200},{\"@type\":\"BreadcrumbList\",\"@id\":\"https:\\\/\\\/adexa.ee\\\/toode\\\/kastme-kastme-dosaator-3-pumpa-roostevaba-teras-adexa-jzs003\\\/#breadcrumb\",\"itemListElement\":[{\"@type\":\"ListItem\",\"position\":1,\"name\":\"Home\",\"item\":\"https:\\\/\\\/adexa.ee\\\/\"},{\"@type\":\"ListItem\",\"position\":2,\"name\":\"Tooted\",\"item\":\"https:\\\/\\\/adexa.ee\\\/pood\\\/\"},{\"@type\":\"ListItem\",\"position\":3,\"name\":\"Kastme\\\/Kastme Dosaator 3 Pumpa Roostevaba Teras | Adexa Jzs003\"}]},{\"@type\":\"WebSite\",\"@id\":\"https:\\\/\\\/adexa.ee\\\/#website\",\"url\":\"https:\\\/\\\/adexa.ee\\\/\",\"name\":\"Adexa\",\"description\":\"\",\"publisher\":{\"@id\":\"https:\\\/\\\/adexa.ee\\\/#organization\"},\"potentialAction\":[{\"@type\":\"SearchAction\",\"target\":{\"@type\":\"EntryPoint\",\"urlTemplate\":\"https:\\\/\\\/adexa.ee\\\/?s={search_term_string}\"},\"query-input\":{\"@type\":\"PropertyValueSpecification\",\"valueRequired\":true,\"valueName\":\"search_term_string\"}}],\"inLanguage\":\"en-US\"},{\"@type\":\"Organization\",\"@id\":\"https:\\\/\\\/adexa.ee\\\/#organization\",\"name\":\"Adexa\",\"url\":\"https:\\\/\\\/adexa.ee\\\/\",\"logo\":{\"@type\":\"ImageObject\",\"inLanguage\":\"en-US\",\"@id\":\"https:\\\/\\\/adexa.ee\\\/#\\\/schema\\\/logo\\\/image\\\/\",\"url\":\"https:\\\/\\\/adexa.ee\\\/wp-content\\\/uploads\\\/2024\\\/04\\\/chef-cooks-working-in-professional-kitchen-2023-11-27-05-07-39-utc-scaled.jpg\",\"contentUrl\":\"https:\\\/\\\/adexa.ee\\\/wp-content\\\/uploads\\\/2024\\\/04\\\/chef-cooks-working-in-professional-kitchen-2023-11-27-05-07-39-utc-scaled.jpg\",\"width\":2560,\"height\":1708,\"caption\":\"Adexa\"},\"image\":{\"@id\":\"https:\\\/\\\/adexa.ee\\\/#\\\/schema\\\/logo\\\/image\\\/\"}}]}<\/script>\n<!-- \/ Yoast SEO plugin. -->","yoast_head_json":{"title":"Kastme\/Kastme Dosaator 3 Pumpa Roostevaba Teras | Adexa Jzs003 - Adexa \u2013 Suurk\u00f6\u00f6giseadmed restoranidele ja toitlustusele","robots":{"index":"index","follow":"follow","max-snippet":"max-snippet:-1","max-image-preview":"max-image-preview:large","max-video-preview":"max-video-preview:-1"},"canonical":"https:\/\/adexa.ee\/toode\/kastme-kastme-dosaator-3-pumpa-roostevaba-teras-adexa-jzs003\/","og_locale":"en_US","og_type":"article","og_title":"Kastme\/Kastme Dosaator 3 Pumpa Roostevaba Teras | Adexa Jzs003 - Adexa \u2013 Suurk\u00f6\u00f6giseadmed restoranidele ja toitlustusele","og_description":"Suure liiklusega v\u00f5ileivapoodide, kioskite ja mugavuspoodide jaoks on see suure mahuga kastmedosaator roostevabast terasest pumpadega ideaalne eneseteeninduseks m\u00f5eldud lisandijaam. Ideaalne","og_url":"https:\/\/adexa.ee\/toode\/kastme-kastme-dosaator-3-pumpa-roostevaba-teras-adexa-jzs003\/","og_site_name":"Adexa \u2013 Suurk\u00f6\u00f6giseadmed restoranidele ja toitlustusele","article_modified_time":"2026-03-30T14:45:50+00:00","og_image":[{"width":1200,"height":1200,"url":"https:\/\/adexa.ee\/wp-content\/uploads\/2024\/12\/JZS003.jpg","type":"image\/jpeg"}],"twitter_card":"summary_large_image","schema":{"@context":"https:\/\/schema.org","@graph":[{"@type":"WebPage","@id":"https:\/\/adexa.ee\/toode\/kastme-kastme-dosaator-3-pumpa-roostevaba-teras-adexa-jzs003\/","url":"https:\/\/adexa.ee\/toode\/kastme-kastme-dosaator-3-pumpa-roostevaba-teras-adexa-jzs003\/","name":"Kastme\/Kastme Dosaator 3 Pumpa Roostevaba Teras | Adexa Jzs003 - Adexa \u2013 Suurk\u00f6\u00f6giseadmed restoranidele ja toitlustusele","isPartOf":{"@id":"https:\/\/adexa.ee\/#website"},"primaryImageOfPage":{"@id":"https:\/\/adexa.ee\/toode\/kastme-kastme-dosaator-3-pumpa-roostevaba-teras-adexa-jzs003\/#primaryimage"},"image":{"@id":"https:\/\/adexa.ee\/toode\/kastme-kastme-dosaator-3-pumpa-roostevaba-teras-adexa-jzs003\/#primaryimage"},"thumbnailUrl":"https:\/\/adexa.ee\/wp-content\/uploads\/2024\/12\/JZS003.jpg","datePublished":"2026-03-30T14:45:49+00:00","dateModified":"2026-03-30T14:45:50+00:00","breadcrumb":{"@id":"https:\/\/adexa.ee\/toode\/kastme-kastme-dosaator-3-pumpa-roostevaba-teras-adexa-jzs003\/#breadcrumb"},"inLanguage":"en-US","potentialAction":[{"@type":"ReadAction","target":["https:\/\/adexa.ee\/toode\/kastme-kastme-dosaator-3-pumpa-roostevaba-teras-adexa-jzs003\/"]}]},{"@type":"ImageObject","inLanguage":"en-US","@id":"https:\/\/adexa.ee\/toode\/kastme-kastme-dosaator-3-pumpa-roostevaba-teras-adexa-jzs003\/#primaryimage","url":"https:\/\/adexa.ee\/wp-content\/uploads\/2024\/12\/JZS003.jpg","contentUrl":"https:\/\/adexa.ee\/wp-content\/uploads\/2024\/12\/JZS003.jpg","width":1200,"height":1200},{"@type":"BreadcrumbList","@id":"https:\/\/adexa.ee\/toode\/kastme-kastme-dosaator-3-pumpa-roostevaba-teras-adexa-jzs003\/#breadcrumb","itemListElement":[{"@type":"ListItem","position":1,"name":"Home","item":"https:\/\/adexa.ee\/"},{"@type":"ListItem","position":2,"name":"Tooted","item":"https:\/\/adexa.ee\/pood\/"},{"@type":"ListItem","position":3,"name":"Kastme\/Kastme Dosaator 3 Pumpa Roostevaba Teras | Adexa Jzs003"}]},{"@type":"WebSite","@id":"https:\/\/adexa.ee\/#website","url":"https:\/\/adexa.ee\/","name":"Adexa","description":"","publisher":{"@id":"https:\/\/adexa.ee\/#organization"},"potentialAction":[{"@type":"SearchAction","target":{"@type":"EntryPoint","urlTemplate":"https:\/\/adexa.ee\/?s={search_term_string}"},"query-input":{"@type":"PropertyValueSpecification","valueRequired":true,"valueName":"search_term_string"}}],"inLanguage":"en-US"},{"@type":"Organization","@id":"https:\/\/adexa.ee\/#organization","name":"Adexa","url":"https:\/\/adexa.ee\/","logo":{"@type":"ImageObject","inLanguage":"en-US","@id":"https:\/\/adexa.ee\/#\/schema\/logo\/image\/","url":"https:\/\/adexa.ee\/wp-content\/uploads\/2024\/04\/chef-cooks-working-in-professional-kitchen-2023-11-27-05-07-39-utc-scaled.jpg","contentUrl":"https:\/\/adexa.ee\/wp-content\/uploads\/2024\/04\/chef-cooks-working-in-professional-kitchen-2023-11-27-05-07-39-utc-scaled.jpg","width":2560,"height":1708,"caption":"Adexa"},"image":{"@id":"https:\/\/adexa.ee\/#\/schema\/logo\/image\/"}}]}},"_links":{"self":[{"href":"https:\/\/adexa.ee\/en\/wp-json\/wp\/v2\/product\/15596","targetHints":{"allow":["GET"]}}],"collection":[{"href":"https:\/\/adexa.ee\/en\/wp-json\/wp\/v2\/product"}],"about":[{"href":"https:\/\/adexa.ee\/en\/wp-json\/wp\/v2\/types\/product"}],"wp:featuredmedia":[{"embeddable":true,"href":"https:\/\/adexa.ee\/en\/wp-json\/wp\/v2\/media\/15598"}],"wp:attachment":[{"href":"https:\/\/adexa.ee\/en\/wp-json\/wp\/v2\/media?parent=15596"}],"wp:term":[{"taxonomy":"product_brand","embeddable":true,"href":"https:\/\/adexa.ee\/en\/wp-json\/wp\/v2\/product_brand?post=15596"},{"taxonomy":"product_cat","embeddable":true,"href":"https:\/\/adexa.ee\/en\/wp-json\/wp\/v2\/product_cat?post=15596"},{"taxonomy":"product_tag","embeddable":true,"href":"https:\/\/adexa.ee\/en\/wp-json\/wp\/v2\/product_tag?post=15596"}],"curies":[{"name":"wp","href":"https:\/\/api.w.org\/{rel}","templated":true}]}}