{"id":15634,"date":"2026-03-26T10:35:39","date_gmt":"2026-03-26T08:35:39","guid":{"rendered":"https:\/\/adexa.ee\/?post_type=product&#038;p=15634"},"modified":"2026-03-26T10:35:42","modified_gmt":"2026-03-26T08:35:42","slug":"riiulisusteem-4-tasandit-1000kg-1800x600x1800mm-pulbervarvitud-teras-must-adexa-wh18060180a4","status":"publish","type":"product","link":"https:\/\/adexa.ee\/en\/toode\/riiulisusteem-4-tasandit-1000kg-1800x600x1800mm-pulbervarvitud-teras-must-adexa-wh18060180a4\/","title":{"rendered":"Riiulis\u00fcsteem 4 Tasandit 1000kg 1800x600x1800mm Pulberv\u00e4rvitud teras Must | Adexa WH18060180A4"},"content":{"rendered":"<p>Tugeva koormusega professionaalseks toitlustuse kasutuseks m\u00f5eldud must riiulikomplekt aitab s\u00e4\u00e4sta ruumi ja organiseerida hoiualasid teie restoranis, hotellis, baaris v\u00f5i laoruumis. Maksimaalne kogukoormus 1000 kg (250 kg riiuli kohta). Soovitatav ainult kuivhoiustamiseks. Toru l\u00e4bim\u00f5\u00f5t: 25 x 1,2 mm paksus. Traadi vahe: 25 mm. T\u00e4psema teabe saamiseks vt jaotist &#8220;Spetsifikatsioon&#8221;.<\/p>\n<table style=\"border-collapse: collapse; width: 100%; text-align: left;\">\n<tbody>\n<tr>\n<td style=\"border: 1px solid #ddd; padding: 8px; width: 45%;\"><strong>S\u00fcgavus<\/strong><\/td>\n<td style=\"border: 1px solid #ddd; padding: 8px;\">600 mm<\/td>\n<\/tr>\n<tr>\n<td style=\"border: 1px solid #ddd; padding: 8px; width: 45%;\"><strong>K\u00f5rgus<\/strong><\/td>\n<td style=\"border: 1px solid #ddd; padding: 8px;\">1800 mm<\/td>\n<\/tr>\n<tr>\n<td style=\"border: 1px solid #ddd; padding: 8px; width: 45%;\"><strong>Laius<\/strong><\/td>\n<td style=\"border: 1px solid #ddd; padding: 8px;\">1800 mm<\/td>\n<\/tr>\n<tr>\n<td style=\"border: 1px solid #ddd; padding: 8px; width: 45%;\"><strong>Kaal<\/strong><\/td>\n<td style=\"border: 1px solid #ddd; padding: 8px;\">33,2 kg<\/td>\n<\/tr>\n<tr>\n<td style=\"border: 1px solid #ddd; padding: 8px; width: 45%;\"><strong>Garantii<\/strong><\/td>\n<td style=\"border: 1px solid #ddd; padding: 8px;\">12 kuu varuosade garantii<\/td>\n<\/tr>\n<tr>\n<td style=\"border: 1px solid #ddd; padding: 8px; width: 45%;\"><strong>Kokku panemine<\/strong><\/td>\n<td style=\"border: 1px solid #ddd; padding: 8px;\">Lahtiv\u00f5etud<\/td>\n<\/tr>\n<tr>\n<td style=\"border: 1px solid #ddd; padding: 8px; width: 45%;\"><strong>Materjal<\/strong><\/td>\n<td style=\"border: 1px solid #ddd; padding: 8px;\">Pulberv\u00e4rvitud s\u00fcsinikteras<\/td>\n<\/tr>\n<tr>\n<td style=\"border: 1px solid #ddd; padding: 8px; width: 45%;\"><strong>V\u00e4rv<\/strong><\/td>\n<td style=\"border: 1px solid #ddd; padding: 8px;\">Must<\/td>\n<\/tr>\n<tr>\n<td style=\"border: 1px solid #ddd; padding: 8px; width: 45%;\"><strong>Maksimaalne koormus<\/strong><\/td>\n<td style=\"border: 1px solid #ddd; padding: 8px;\">1000 kg (250 kg riiuli kohta)<\/td>\n<\/tr>\n<\/tbody>\n<\/table>\n","protected":false},"excerpt":{"rendered":"<p>Tugeva koormusega professionaalseks toitlustuse kasutuseks m\u00f5eldud must riiulikomplekt aitab s\u00e4\u00e4sta ruumi ja organiseerida hoiualasid teie restoranis, hotellis, baaris v\u00f5i laoruumis.<\/p>\n","protected":false},"featured_media":10684,"template":"","meta":[],"product_brand":[],"product_cat":[956,746,561,747,748,745,743,572,744],"product_tag":[],"class_list":{"0":"post-15634","1":"product","2":"type-product","3":"status-publish","4":"has-post-thumbnail","6":"product_cat-mustast-traadist-riiulisusteemid","7":"product_cat-kroomitud-riiulisusteemid","8":"product_cat-moobel-ja-hoiustamine","9":"product_cat-mustad-riiulid","10":"product_cat-restriiulid","11":"product_cat-riiulid","12":"product_cat-riiulisusteemid","13":"product_cat-roostevabad-tooted","14":"product_cat-tookojasisustus","16":"first","17":"instock","18":"sale","19":"taxable","20":"shipping-taxable","21":"purchasable","22":"product-type-simple"},"yoast_head":"<!-- This site is optimized with the Yoast SEO plugin v27.3 - https:\/\/yoast.com\/product\/yoast-seo-wordpress\/ -->\n<title>Riiulis\u00fcsteem 4 Tasandit 1000kg 1800x600x1800mm Pulberv\u00e4rvitud teras Must | Adexa WH18060180A4 - Adexa \u2013 Suurk\u00f6\u00f6giseadmed restoranidele ja toitlustusele<\/title>\n<meta name=\"robots\" content=\"index, follow, max-snippet:-1, max-image-preview:large, max-video-preview:-1\" \/>\n<link rel=\"canonical\" href=\"https:\/\/adexa.ee\/toode\/riiulisusteem-4-tasandit-1000kg-1800x600x1800mm-pulbervarvitud-teras-must-adexa-wh18060180a4\/\" \/>\n<meta property=\"og:locale\" content=\"en_US\" \/>\n<meta property=\"og:type\" content=\"article\" \/>\n<meta property=\"og:title\" content=\"Riiulis\u00fcsteem 4 Tasandit 1000kg 1800x600x1800mm Pulberv\u00e4rvitud teras Must | Adexa WH18060180A4 - Adexa \u2013 Suurk\u00f6\u00f6giseadmed restoranidele ja toitlustusele\" \/>\n<meta property=\"og:description\" content=\"Tugeva koormusega professionaalseks toitlustuse kasutuseks m\u00f5eldud must riiulikomplekt aitab s\u00e4\u00e4sta ruumi ja organiseerida hoiualasid teie restoranis, hotellis, baaris v\u00f5i laoruumis.\" \/>\n<meta property=\"og:url\" content=\"https:\/\/adexa.ee\/toode\/riiulisusteem-4-tasandit-1000kg-1800x600x1800mm-pulbervarvitud-teras-must-adexa-wh18060180a4\/\" \/>\n<meta property=\"og:site_name\" content=\"Adexa \u2013 Suurk\u00f6\u00f6giseadmed restoranidele ja toitlustusele\" \/>\n<meta property=\"article:modified_time\" content=\"2026-03-26T08:35:42+00:00\" \/>\n<meta property=\"og:image\" content=\"https:\/\/adexa.ee\/wp-content\/uploads\/2024\/12\/WH150-WH180-.jpg\" \/>\n\t<meta property=\"og:image:width\" content=\"2000\" \/>\n\t<meta property=\"og:image:height\" content=\"2000\" \/>\n\t<meta property=\"og:image:type\" content=\"image\/jpeg\" \/>\n<meta name=\"twitter:card\" content=\"summary_large_image\" \/>\n<script type=\"application\/ld+json\" class=\"yoast-schema-graph\">{\"@context\":\"https:\\\/\\\/schema.org\",\"@graph\":[{\"@type\":\"WebPage\",\"@id\":\"https:\\\/\\\/adexa.ee\\\/toode\\\/riiulisusteem-4-tasandit-1000kg-1800x600x1800mm-pulbervarvitud-teras-must-adexa-wh18060180a4\\\/\",\"url\":\"https:\\\/\\\/adexa.ee\\\/toode\\\/riiulisusteem-4-tasandit-1000kg-1800x600x1800mm-pulbervarvitud-teras-must-adexa-wh18060180a4\\\/\",\"name\":\"Riiulis\u00fcsteem 4 Tasandit 1000kg 1800x600x1800mm Pulberv\u00e4rvitud teras Must | Adexa WH18060180A4 - Adexa \u2013 Suurk\u00f6\u00f6giseadmed restoranidele ja toitlustusele\",\"isPartOf\":{\"@id\":\"https:\\\/\\\/adexa.ee\\\/#website\"},\"primaryImageOfPage\":{\"@id\":\"https:\\\/\\\/adexa.ee\\\/toode\\\/riiulisusteem-4-tasandit-1000kg-1800x600x1800mm-pulbervarvitud-teras-must-adexa-wh18060180a4\\\/#primaryimage\"},\"image\":{\"@id\":\"https:\\\/\\\/adexa.ee\\\/toode\\\/riiulisusteem-4-tasandit-1000kg-1800x600x1800mm-pulbervarvitud-teras-must-adexa-wh18060180a4\\\/#primaryimage\"},\"thumbnailUrl\":\"https:\\\/\\\/adexa.ee\\\/wp-content\\\/uploads\\\/2024\\\/12\\\/WH150-WH180-.jpg\",\"datePublished\":\"2026-03-26T08:35:39+00:00\",\"dateModified\":\"2026-03-26T08:35:42+00:00\",\"breadcrumb\":{\"@id\":\"https:\\\/\\\/adexa.ee\\\/toode\\\/riiulisusteem-4-tasandit-1000kg-1800x600x1800mm-pulbervarvitud-teras-must-adexa-wh18060180a4\\\/#breadcrumb\"},\"inLanguage\":\"en-US\",\"potentialAction\":[{\"@type\":\"ReadAction\",\"target\":[\"https:\\\/\\\/adexa.ee\\\/toode\\\/riiulisusteem-4-tasandit-1000kg-1800x600x1800mm-pulbervarvitud-teras-must-adexa-wh18060180a4\\\/\"]}]},{\"@type\":\"ImageObject\",\"inLanguage\":\"en-US\",\"@id\":\"https:\\\/\\\/adexa.ee\\\/toode\\\/riiulisusteem-4-tasandit-1000kg-1800x600x1800mm-pulbervarvitud-teras-must-adexa-wh18060180a4\\\/#primaryimage\",\"url\":\"https:\\\/\\\/adexa.ee\\\/wp-content\\\/uploads\\\/2024\\\/12\\\/WH150-WH180-.jpg\",\"contentUrl\":\"https:\\\/\\\/adexa.ee\\\/wp-content\\\/uploads\\\/2024\\\/12\\\/WH150-WH180-.jpg\",\"width\":2000,\"height\":2000},{\"@type\":\"BreadcrumbList\",\"@id\":\"https:\\\/\\\/adexa.ee\\\/toode\\\/riiulisusteem-4-tasandit-1000kg-1800x600x1800mm-pulbervarvitud-teras-must-adexa-wh18060180a4\\\/#breadcrumb\",\"itemListElement\":[{\"@type\":\"ListItem\",\"position\":1,\"name\":\"Home\",\"item\":\"https:\\\/\\\/adexa.ee\\\/\"},{\"@type\":\"ListItem\",\"position\":2,\"name\":\"Tooted\",\"item\":\"https:\\\/\\\/adexa.ee\\\/pood\\\/\"},{\"@type\":\"ListItem\",\"position\":3,\"name\":\"Riiulis\u00fcsteem 4 Tasandit 1000kg 1800x600x1800mm Pulberv\u00e4rvitud teras Must | Adexa WH18060180A4\"}]},{\"@type\":\"WebSite\",\"@id\":\"https:\\\/\\\/adexa.ee\\\/#website\",\"url\":\"https:\\\/\\\/adexa.ee\\\/\",\"name\":\"Adexa\",\"description\":\"\",\"publisher\":{\"@id\":\"https:\\\/\\\/adexa.ee\\\/#organization\"},\"potentialAction\":[{\"@type\":\"SearchAction\",\"target\":{\"@type\":\"EntryPoint\",\"urlTemplate\":\"https:\\\/\\\/adexa.ee\\\/?s={search_term_string}\"},\"query-input\":{\"@type\":\"PropertyValueSpecification\",\"valueRequired\":true,\"valueName\":\"search_term_string\"}}],\"inLanguage\":\"en-US\"},{\"@type\":\"Organization\",\"@id\":\"https:\\\/\\\/adexa.ee\\\/#organization\",\"name\":\"Adexa\",\"url\":\"https:\\\/\\\/adexa.ee\\\/\",\"logo\":{\"@type\":\"ImageObject\",\"inLanguage\":\"en-US\",\"@id\":\"https:\\\/\\\/adexa.ee\\\/#\\\/schema\\\/logo\\\/image\\\/\",\"url\":\"https:\\\/\\\/adexa.ee\\\/wp-content\\\/uploads\\\/2024\\\/04\\\/chef-cooks-working-in-professional-kitchen-2023-11-27-05-07-39-utc-scaled.jpg\",\"contentUrl\":\"https:\\\/\\\/adexa.ee\\\/wp-content\\\/uploads\\\/2024\\\/04\\\/chef-cooks-working-in-professional-kitchen-2023-11-27-05-07-39-utc-scaled.jpg\",\"width\":2560,\"height\":1708,\"caption\":\"Adexa\"},\"image\":{\"@id\":\"https:\\\/\\\/adexa.ee\\\/#\\\/schema\\\/logo\\\/image\\\/\"}}]}<\/script>\n<!-- \/ Yoast SEO plugin. -->","yoast_head_json":{"title":"Riiulis\u00fcsteem 4 Tasandit 1000kg 1800x600x1800mm Pulberv\u00e4rvitud teras Must | Adexa WH18060180A4 - Adexa \u2013 Suurk\u00f6\u00f6giseadmed restoranidele ja toitlustusele","robots":{"index":"index","follow":"follow","max-snippet":"max-snippet:-1","max-image-preview":"max-image-preview:large","max-video-preview":"max-video-preview:-1"},"canonical":"https:\/\/adexa.ee\/toode\/riiulisusteem-4-tasandit-1000kg-1800x600x1800mm-pulbervarvitud-teras-must-adexa-wh18060180a4\/","og_locale":"en_US","og_type":"article","og_title":"Riiulis\u00fcsteem 4 Tasandit 1000kg 1800x600x1800mm Pulberv\u00e4rvitud teras Must | Adexa WH18060180A4 - Adexa \u2013 Suurk\u00f6\u00f6giseadmed restoranidele ja toitlustusele","og_description":"Tugeva koormusega professionaalseks toitlustuse kasutuseks m\u00f5eldud must riiulikomplekt aitab s\u00e4\u00e4sta ruumi ja organiseerida hoiualasid teie restoranis, hotellis, baaris v\u00f5i laoruumis.","og_url":"https:\/\/adexa.ee\/toode\/riiulisusteem-4-tasandit-1000kg-1800x600x1800mm-pulbervarvitud-teras-must-adexa-wh18060180a4\/","og_site_name":"Adexa \u2013 Suurk\u00f6\u00f6giseadmed restoranidele ja toitlustusele","article_modified_time":"2026-03-26T08:35:42+00:00","og_image":[{"width":2000,"height":2000,"url":"https:\/\/adexa.ee\/wp-content\/uploads\/2024\/12\/WH150-WH180-.jpg","type":"image\/jpeg"}],"twitter_card":"summary_large_image","schema":{"@context":"https:\/\/schema.org","@graph":[{"@type":"WebPage","@id":"https:\/\/adexa.ee\/toode\/riiulisusteem-4-tasandit-1000kg-1800x600x1800mm-pulbervarvitud-teras-must-adexa-wh18060180a4\/","url":"https:\/\/adexa.ee\/toode\/riiulisusteem-4-tasandit-1000kg-1800x600x1800mm-pulbervarvitud-teras-must-adexa-wh18060180a4\/","name":"Riiulis\u00fcsteem 4 Tasandit 1000kg 1800x600x1800mm Pulberv\u00e4rvitud teras Must | Adexa WH18060180A4 - Adexa \u2013 Suurk\u00f6\u00f6giseadmed restoranidele ja toitlustusele","isPartOf":{"@id":"https:\/\/adexa.ee\/#website"},"primaryImageOfPage":{"@id":"https:\/\/adexa.ee\/toode\/riiulisusteem-4-tasandit-1000kg-1800x600x1800mm-pulbervarvitud-teras-must-adexa-wh18060180a4\/#primaryimage"},"image":{"@id":"https:\/\/adexa.ee\/toode\/riiulisusteem-4-tasandit-1000kg-1800x600x1800mm-pulbervarvitud-teras-must-adexa-wh18060180a4\/#primaryimage"},"thumbnailUrl":"https:\/\/adexa.ee\/wp-content\/uploads\/2024\/12\/WH150-WH180-.jpg","datePublished":"2026-03-26T08:35:39+00:00","dateModified":"2026-03-26T08:35:42+00:00","breadcrumb":{"@id":"https:\/\/adexa.ee\/toode\/riiulisusteem-4-tasandit-1000kg-1800x600x1800mm-pulbervarvitud-teras-must-adexa-wh18060180a4\/#breadcrumb"},"inLanguage":"en-US","potentialAction":[{"@type":"ReadAction","target":["https:\/\/adexa.ee\/toode\/riiulisusteem-4-tasandit-1000kg-1800x600x1800mm-pulbervarvitud-teras-must-adexa-wh18060180a4\/"]}]},{"@type":"ImageObject","inLanguage":"en-US","@id":"https:\/\/adexa.ee\/toode\/riiulisusteem-4-tasandit-1000kg-1800x600x1800mm-pulbervarvitud-teras-must-adexa-wh18060180a4\/#primaryimage","url":"https:\/\/adexa.ee\/wp-content\/uploads\/2024\/12\/WH150-WH180-.jpg","contentUrl":"https:\/\/adexa.ee\/wp-content\/uploads\/2024\/12\/WH150-WH180-.jpg","width":2000,"height":2000},{"@type":"BreadcrumbList","@id":"https:\/\/adexa.ee\/toode\/riiulisusteem-4-tasandit-1000kg-1800x600x1800mm-pulbervarvitud-teras-must-adexa-wh18060180a4\/#breadcrumb","itemListElement":[{"@type":"ListItem","position":1,"name":"Home","item":"https:\/\/adexa.ee\/"},{"@type":"ListItem","position":2,"name":"Tooted","item":"https:\/\/adexa.ee\/pood\/"},{"@type":"ListItem","position":3,"name":"Riiulis\u00fcsteem 4 Tasandit 1000kg 1800x600x1800mm Pulberv\u00e4rvitud teras Must | Adexa WH18060180A4"}]},{"@type":"WebSite","@id":"https:\/\/adexa.ee\/#website","url":"https:\/\/adexa.ee\/","name":"Adexa","description":"","publisher":{"@id":"https:\/\/adexa.ee\/#organization"},"potentialAction":[{"@type":"SearchAction","target":{"@type":"EntryPoint","urlTemplate":"https:\/\/adexa.ee\/?s={search_term_string}"},"query-input":{"@type":"PropertyValueSpecification","valueRequired":true,"valueName":"search_term_string"}}],"inLanguage":"en-US"},{"@type":"Organization","@id":"https:\/\/adexa.ee\/#organization","name":"Adexa","url":"https:\/\/adexa.ee\/","logo":{"@type":"ImageObject","inLanguage":"en-US","@id":"https:\/\/adexa.ee\/#\/schema\/logo\/image\/","url":"https:\/\/adexa.ee\/wp-content\/uploads\/2024\/04\/chef-cooks-working-in-professional-kitchen-2023-11-27-05-07-39-utc-scaled.jpg","contentUrl":"https:\/\/adexa.ee\/wp-content\/uploads\/2024\/04\/chef-cooks-working-in-professional-kitchen-2023-11-27-05-07-39-utc-scaled.jpg","width":2560,"height":1708,"caption":"Adexa"},"image":{"@id":"https:\/\/adexa.ee\/#\/schema\/logo\/image\/"}}]}},"_links":{"self":[{"href":"https:\/\/adexa.ee\/en\/wp-json\/wp\/v2\/product\/15634","targetHints":{"allow":["GET"]}}],"collection":[{"href":"https:\/\/adexa.ee\/en\/wp-json\/wp\/v2\/product"}],"about":[{"href":"https:\/\/adexa.ee\/en\/wp-json\/wp\/v2\/types\/product"}],"wp:featuredmedia":[{"embeddable":true,"href":"https:\/\/adexa.ee\/en\/wp-json\/wp\/v2\/media\/10684"}],"wp:attachment":[{"href":"https:\/\/adexa.ee\/en\/wp-json\/wp\/v2\/media?parent=15634"}],"wp:term":[{"taxonomy":"product_brand","embeddable":true,"href":"https:\/\/adexa.ee\/en\/wp-json\/wp\/v2\/product_brand?post=15634"},{"taxonomy":"product_cat","embeddable":true,"href":"https:\/\/adexa.ee\/en\/wp-json\/wp\/v2\/product_cat?post=15634"},{"taxonomy":"product_tag","embeddable":true,"href":"https:\/\/adexa.ee\/en\/wp-json\/wp\/v2\/product_tag?post=15634"}],"curies":[{"name":"wp","href":"https:\/\/api.w.org\/{rel}","templated":true}]}}