{"id":15694,"date":"2026-03-31T23:45:28","date_gmt":"2026-03-31T20:45:28","guid":{"rendered":"https:\/\/adexa.ee\/toode\/kaubanduslik-liikuv-toolaua-koos-reguleeritavate-jalgadega-roostevabast-terasest-alumine-riiul-600x600x850-930mm-adexa-wt6060cwo\/"},"modified":"2026-03-31T23:45:29","modified_gmt":"2026-03-31T20:45:29","slug":"mobiilne-toolaud-koos-reguleeritavate-jalgadega-roostevabast-terasest-alumine-riiul-600x600x850-930mm-adexa-wt6060cwo","status":"publish","type":"product","link":"https:\/\/adexa.ee\/en\/toode\/mobiilne-toolaud-koos-reguleeritavate-jalgadega-roostevabast-terasest-alumine-riiul-600x600x850-930mm-adexa-wt6060cwo\/","title":{"rendered":"Mobiilne T\u00f6\u00f6laud Koos Reguleeritavate Jalgadega Roostevabast Terasest Alumine Riiul 600X600X850\/930Mm | Adexa Wt6060Cwo"},"content":{"rendered":"<p>See on suurep\u00e4rane hinna ja kvaliteedi suhtega liikuv kaubanduslik t\u00f6\u00f6laua. Vastupidav, premium kvaliteediga, 201 AISI roostevabast terasest laud, mis vastab toitlustus- ja cateringit\u00f6\u00f6stuse k\u00f5rgetele kvaliteedin\u00f5uetele. T\u00e4iendava kaitse jaoks alumine paneel ja t\u00f5stetud \u00e4\u00e4red. Vastab rahvusvahelistele h\u00fcgieeni- ja puhastusstandarditele. Valmistatud roostevabast terasest Scotch Brite viimistlusega, et saavutada k\u00f5rgeimad h\u00fcgieenistandardid. Tugevdatud t\u00f6\u00f6pind Topeltseinalisest roostevabast terasest t\u00f6\u00f6pind Kandev\u00f5ime kuni 500 kg \u00c4\u00e4rmiselt k\u00f5rge kandev\u00f5ime Palun vaadake &#8216;Tehnilised andmed&#8217; allt\u00e4psustatud informatsiooni jaoks.<\/p>\n<table style=\"border-collapse: collapse; width: 100%; text-align: left;\">\n<tbody>\n<tr>\n<td style=\"border: 1px solid #ddd; padding: 8px; width: 45%;\"><strong>S\u00fcgavus<\/strong><\/td>\n<td style=\"border: 1px solid #ddd; padding: 8px;\">600 mm<\/td>\n<\/tr>\n<tr>\n<td style=\"border: 1px solid #ddd; padding: 8px; width: 45%;\"><strong>K\u00f5rgus<\/strong><\/td>\n<td style=\"border: 1px solid #ddd; padding: 8px;\">850 mm (jalgadega) \/ 930 mm (rattastega)<\/td>\n<\/tr>\n<tr>\n<td style=\"border: 1px solid #ddd; padding: 8px; width: 45%;\"><strong>Laius<\/strong><\/td>\n<td style=\"border: 1px solid #ddd; padding: 8px;\">600 mm<\/td>\n<\/tr>\n<tr>\n<td style=\"border: 1px solid #ddd; padding: 8px; width: 45%;\"><strong>Kaal<\/strong><\/td>\n<td style=\"border: 1px solid #ddd; padding: 8px;\">12 kg<\/td>\n<\/tr>\n<tr>\n<td style=\"border: 1px solid #ddd; padding: 8px; width: 45%;\"><strong>Garantii<\/strong><\/td>\n<td style=\"border: 1px solid #ddd; padding: 8px;\">12 kuu varuosade garantii<\/td>\n<\/tr>\n<tr>\n<td style=\"border: 1px solid #ddd; padding: 8px; width: 45%;\"><strong>Kokku panemine<\/strong><\/td>\n<td style=\"border: 1px solid #ddd; padding: 8px;\">Lahtiv\u00f5etud<\/td>\n<\/tr>\n<tr>\n<td style=\"border: 1px solid #ddd; padding: 8px; width: 45%;\"><strong>Alumine riiul<\/strong><\/td>\n<td style=\"border: 1px solid #ddd; padding: 8px;\">Jah<\/td>\n<\/tr>\n<tr>\n<td style=\"border: 1px solid #ddd; padding: 8px; width: 45%;\"><strong>Jalad<\/strong><\/td>\n<td style=\"border: 1px solid #ddd; padding: 8px;\">Reguleeritav (ka lukustatavad rattad on kaasas)<\/td>\n<\/tr>\n<tr>\n<td style=\"border: 1px solid #ddd; padding: 8px; width: 45%;\"><strong>Rullikud<\/strong><\/td>\n<td style=\"border: 1px solid #ddd; padding: 8px;\">Jah (komplektis on ka reguleeritavad jalad)<\/td>\n<\/tr>\n<tr>\n<td style=\"border: 1px solid #ddd; padding: 8px; width: 45%;\"><strong>Materjal<\/strong><\/td>\n<td style=\"border: 1px solid #ddd; padding: 8px;\">Roostevaba teras<\/td>\n<\/tr>\n<\/tbody>\n<\/table>\n","protected":false},"excerpt":{"rendered":"<p>See on suurep\u00e4rane hinna ja kvaliteedi suhtega liikuv kaubanduslik t\u00f6\u00f6laua. Vastupidav, premium kvaliteediga, 201 AISI roostevabast terasest laud, mis vastab<\/p>\n","protected":false},"featured_media":13009,"template":"","meta":[],"product_brand":[],"product_cat":[691,707,572,592],"product_tag":[],"class_list":{"0":"post-15694","1":"product","2":"type-product","3":"status-publish","4":"has-post-thumbnail","6":"product_cat-keskne-600mm","7":"product_cat-mobiilsed-toolauad","8":"product_cat-roostevabad-tooted","9":"product_cat-toolauad","11":"first","12":"instock","13":"sale","14":"taxable","15":"shipping-taxable","16":"purchasable","17":"product-type-simple"},"yoast_head":"<!-- This site is optimized with the Yoast SEO plugin v27.3 - https:\/\/yoast.com\/product\/yoast-seo-wordpress\/ -->\n<title>Mobiilne T\u00f6\u00f6laud Koos Reguleeritavate Jalgadega Roostevabast Terasest Alumine Riiul 600X600X850\/930Mm | Adexa Wt6060Cwo - Adexa \u2013 Suurk\u00f6\u00f6giseadmed restoranidele ja toitlustusele<\/title>\n<meta name=\"robots\" content=\"index, follow, max-snippet:-1, max-image-preview:large, max-video-preview:-1\" \/>\n<link rel=\"canonical\" href=\"https:\/\/adexa.ee\/toode\/mobiilne-toolaud-koos-reguleeritavate-jalgadega-roostevabast-terasest-alumine-riiul-600x600x850-930mm-adexa-wt6060cwo\/\" \/>\n<meta property=\"og:locale\" content=\"en_US\" \/>\n<meta property=\"og:type\" content=\"article\" \/>\n<meta property=\"og:title\" content=\"Mobiilne T\u00f6\u00f6laud Koos Reguleeritavate Jalgadega Roostevabast Terasest Alumine Riiul 600X600X850\/930Mm | Adexa Wt6060Cwo - Adexa \u2013 Suurk\u00f6\u00f6giseadmed restoranidele ja toitlustusele\" \/>\n<meta property=\"og:description\" content=\"See on suurep\u00e4rane hinna ja kvaliteedi suhtega liikuv kaubanduslik t\u00f6\u00f6laua. Vastupidav, premium kvaliteediga, 201 AISI roostevabast terasest laud, mis vastab\" \/>\n<meta property=\"og:url\" content=\"https:\/\/adexa.ee\/toode\/mobiilne-toolaud-koos-reguleeritavate-jalgadega-roostevabast-terasest-alumine-riiul-600x600x850-930mm-adexa-wt6060cwo\/\" \/>\n<meta property=\"og:site_name\" content=\"Adexa \u2013 Suurk\u00f6\u00f6giseadmed restoranidele ja toitlustusele\" \/>\n<meta property=\"article:modified_time\" content=\"2026-03-31T20:45:29+00:00\" \/>\n<meta property=\"og:image\" content=\"https:\/\/adexa.ee\/wp-content\/uploads\/2024\/12\/WT6060C.jpg\" \/>\n\t<meta property=\"og:image:width\" content=\"2000\" \/>\n\t<meta property=\"og:image:height\" content=\"2000\" \/>\n\t<meta property=\"og:image:type\" content=\"image\/jpeg\" \/>\n<meta name=\"twitter:card\" content=\"summary_large_image\" \/>\n<meta name=\"twitter:label1\" content=\"Est. reading time\" \/>\n\t<meta name=\"twitter:data1\" content=\"1 minute\" \/>\n<script type=\"application\/ld+json\" class=\"yoast-schema-graph\">{\"@context\":\"https:\\\/\\\/schema.org\",\"@graph\":[{\"@type\":\"WebPage\",\"@id\":\"https:\\\/\\\/adexa.ee\\\/toode\\\/mobiilne-toolaud-koos-reguleeritavate-jalgadega-roostevabast-terasest-alumine-riiul-600x600x850-930mm-adexa-wt6060cwo\\\/\",\"url\":\"https:\\\/\\\/adexa.ee\\\/toode\\\/mobiilne-toolaud-koos-reguleeritavate-jalgadega-roostevabast-terasest-alumine-riiul-600x600x850-930mm-adexa-wt6060cwo\\\/\",\"name\":\"Mobiilne T\u00f6\u00f6laud Koos Reguleeritavate Jalgadega Roostevabast Terasest Alumine Riiul 600X600X850\\\/930Mm | Adexa Wt6060Cwo - Adexa \u2013 Suurk\u00f6\u00f6giseadmed restoranidele ja toitlustusele\",\"isPartOf\":{\"@id\":\"https:\\\/\\\/adexa.ee\\\/#website\"},\"primaryImageOfPage\":{\"@id\":\"https:\\\/\\\/adexa.ee\\\/toode\\\/mobiilne-toolaud-koos-reguleeritavate-jalgadega-roostevabast-terasest-alumine-riiul-600x600x850-930mm-adexa-wt6060cwo\\\/#primaryimage\"},\"image\":{\"@id\":\"https:\\\/\\\/adexa.ee\\\/toode\\\/mobiilne-toolaud-koos-reguleeritavate-jalgadega-roostevabast-terasest-alumine-riiul-600x600x850-930mm-adexa-wt6060cwo\\\/#primaryimage\"},\"thumbnailUrl\":\"https:\\\/\\\/adexa.ee\\\/wp-content\\\/uploads\\\/2024\\\/12\\\/WT6060C.jpg\",\"datePublished\":\"2026-03-31T20:45:28+00:00\",\"dateModified\":\"2026-03-31T20:45:29+00:00\",\"breadcrumb\":{\"@id\":\"https:\\\/\\\/adexa.ee\\\/toode\\\/mobiilne-toolaud-koos-reguleeritavate-jalgadega-roostevabast-terasest-alumine-riiul-600x600x850-930mm-adexa-wt6060cwo\\\/#breadcrumb\"},\"inLanguage\":\"en-US\",\"potentialAction\":[{\"@type\":\"ReadAction\",\"target\":[\"https:\\\/\\\/adexa.ee\\\/toode\\\/mobiilne-toolaud-koos-reguleeritavate-jalgadega-roostevabast-terasest-alumine-riiul-600x600x850-930mm-adexa-wt6060cwo\\\/\"]}]},{\"@type\":\"ImageObject\",\"inLanguage\":\"en-US\",\"@id\":\"https:\\\/\\\/adexa.ee\\\/toode\\\/mobiilne-toolaud-koos-reguleeritavate-jalgadega-roostevabast-terasest-alumine-riiul-600x600x850-930mm-adexa-wt6060cwo\\\/#primaryimage\",\"url\":\"https:\\\/\\\/adexa.ee\\\/wp-content\\\/uploads\\\/2024\\\/12\\\/WT6060C.jpg\",\"contentUrl\":\"https:\\\/\\\/adexa.ee\\\/wp-content\\\/uploads\\\/2024\\\/12\\\/WT6060C.jpg\",\"width\":2000,\"height\":2000},{\"@type\":\"BreadcrumbList\",\"@id\":\"https:\\\/\\\/adexa.ee\\\/toode\\\/mobiilne-toolaud-koos-reguleeritavate-jalgadega-roostevabast-terasest-alumine-riiul-600x600x850-930mm-adexa-wt6060cwo\\\/#breadcrumb\",\"itemListElement\":[{\"@type\":\"ListItem\",\"position\":1,\"name\":\"Home\",\"item\":\"https:\\\/\\\/adexa.ee\\\/\"},{\"@type\":\"ListItem\",\"position\":2,\"name\":\"Tooted\",\"item\":\"https:\\\/\\\/adexa.ee\\\/pood\\\/\"},{\"@type\":\"ListItem\",\"position\":3,\"name\":\"Mobiilne T\u00f6\u00f6laud Koos Reguleeritavate Jalgadega Roostevabast Terasest Alumine Riiul 600X600X850\\\/930Mm | Adexa Wt6060Cwo\"}]},{\"@type\":\"WebSite\",\"@id\":\"https:\\\/\\\/adexa.ee\\\/#website\",\"url\":\"https:\\\/\\\/adexa.ee\\\/\",\"name\":\"Adexa\",\"description\":\"\",\"publisher\":{\"@id\":\"https:\\\/\\\/adexa.ee\\\/#organization\"},\"potentialAction\":[{\"@type\":\"SearchAction\",\"target\":{\"@type\":\"EntryPoint\",\"urlTemplate\":\"https:\\\/\\\/adexa.ee\\\/?s={search_term_string}\"},\"query-input\":{\"@type\":\"PropertyValueSpecification\",\"valueRequired\":true,\"valueName\":\"search_term_string\"}}],\"inLanguage\":\"en-US\"},{\"@type\":\"Organization\",\"@id\":\"https:\\\/\\\/adexa.ee\\\/#organization\",\"name\":\"Adexa\",\"url\":\"https:\\\/\\\/adexa.ee\\\/\",\"logo\":{\"@type\":\"ImageObject\",\"inLanguage\":\"en-US\",\"@id\":\"https:\\\/\\\/adexa.ee\\\/#\\\/schema\\\/logo\\\/image\\\/\",\"url\":\"https:\\\/\\\/adexa.ee\\\/wp-content\\\/uploads\\\/2024\\\/04\\\/chef-cooks-working-in-professional-kitchen-2023-11-27-05-07-39-utc-scaled.jpg\",\"contentUrl\":\"https:\\\/\\\/adexa.ee\\\/wp-content\\\/uploads\\\/2024\\\/04\\\/chef-cooks-working-in-professional-kitchen-2023-11-27-05-07-39-utc-scaled.jpg\",\"width\":2560,\"height\":1708,\"caption\":\"Adexa\"},\"image\":{\"@id\":\"https:\\\/\\\/adexa.ee\\\/#\\\/schema\\\/logo\\\/image\\\/\"}}]}<\/script>\n<!-- \/ Yoast SEO plugin. -->","yoast_head_json":{"title":"Mobiilne T\u00f6\u00f6laud Koos Reguleeritavate Jalgadega Roostevabast Terasest Alumine Riiul 600X600X850\/930Mm | Adexa Wt6060Cwo - Adexa \u2013 Suurk\u00f6\u00f6giseadmed restoranidele ja toitlustusele","robots":{"index":"index","follow":"follow","max-snippet":"max-snippet:-1","max-image-preview":"max-image-preview:large","max-video-preview":"max-video-preview:-1"},"canonical":"https:\/\/adexa.ee\/toode\/mobiilne-toolaud-koos-reguleeritavate-jalgadega-roostevabast-terasest-alumine-riiul-600x600x850-930mm-adexa-wt6060cwo\/","og_locale":"en_US","og_type":"article","og_title":"Mobiilne T\u00f6\u00f6laud Koos Reguleeritavate Jalgadega Roostevabast Terasest Alumine Riiul 600X600X850\/930Mm | Adexa Wt6060Cwo - Adexa \u2013 Suurk\u00f6\u00f6giseadmed restoranidele ja toitlustusele","og_description":"See on suurep\u00e4rane hinna ja kvaliteedi suhtega liikuv kaubanduslik t\u00f6\u00f6laua. Vastupidav, premium kvaliteediga, 201 AISI roostevabast terasest laud, mis vastab","og_url":"https:\/\/adexa.ee\/toode\/mobiilne-toolaud-koos-reguleeritavate-jalgadega-roostevabast-terasest-alumine-riiul-600x600x850-930mm-adexa-wt6060cwo\/","og_site_name":"Adexa \u2013 Suurk\u00f6\u00f6giseadmed restoranidele ja toitlustusele","article_modified_time":"2026-03-31T20:45:29+00:00","og_image":[{"width":2000,"height":2000,"url":"https:\/\/adexa.ee\/wp-content\/uploads\/2024\/12\/WT6060C.jpg","type":"image\/jpeg"}],"twitter_card":"summary_large_image","twitter_misc":{"Est. reading time":"1 minute"},"schema":{"@context":"https:\/\/schema.org","@graph":[{"@type":"WebPage","@id":"https:\/\/adexa.ee\/toode\/mobiilne-toolaud-koos-reguleeritavate-jalgadega-roostevabast-terasest-alumine-riiul-600x600x850-930mm-adexa-wt6060cwo\/","url":"https:\/\/adexa.ee\/toode\/mobiilne-toolaud-koos-reguleeritavate-jalgadega-roostevabast-terasest-alumine-riiul-600x600x850-930mm-adexa-wt6060cwo\/","name":"Mobiilne T\u00f6\u00f6laud Koos Reguleeritavate Jalgadega Roostevabast Terasest Alumine Riiul 600X600X850\/930Mm | Adexa Wt6060Cwo - Adexa \u2013 Suurk\u00f6\u00f6giseadmed restoranidele ja toitlustusele","isPartOf":{"@id":"https:\/\/adexa.ee\/#website"},"primaryImageOfPage":{"@id":"https:\/\/adexa.ee\/toode\/mobiilne-toolaud-koos-reguleeritavate-jalgadega-roostevabast-terasest-alumine-riiul-600x600x850-930mm-adexa-wt6060cwo\/#primaryimage"},"image":{"@id":"https:\/\/adexa.ee\/toode\/mobiilne-toolaud-koos-reguleeritavate-jalgadega-roostevabast-terasest-alumine-riiul-600x600x850-930mm-adexa-wt6060cwo\/#primaryimage"},"thumbnailUrl":"https:\/\/adexa.ee\/wp-content\/uploads\/2024\/12\/WT6060C.jpg","datePublished":"2026-03-31T20:45:28+00:00","dateModified":"2026-03-31T20:45:29+00:00","breadcrumb":{"@id":"https:\/\/adexa.ee\/toode\/mobiilne-toolaud-koos-reguleeritavate-jalgadega-roostevabast-terasest-alumine-riiul-600x600x850-930mm-adexa-wt6060cwo\/#breadcrumb"},"inLanguage":"en-US","potentialAction":[{"@type":"ReadAction","target":["https:\/\/adexa.ee\/toode\/mobiilne-toolaud-koos-reguleeritavate-jalgadega-roostevabast-terasest-alumine-riiul-600x600x850-930mm-adexa-wt6060cwo\/"]}]},{"@type":"ImageObject","inLanguage":"en-US","@id":"https:\/\/adexa.ee\/toode\/mobiilne-toolaud-koos-reguleeritavate-jalgadega-roostevabast-terasest-alumine-riiul-600x600x850-930mm-adexa-wt6060cwo\/#primaryimage","url":"https:\/\/adexa.ee\/wp-content\/uploads\/2024\/12\/WT6060C.jpg","contentUrl":"https:\/\/adexa.ee\/wp-content\/uploads\/2024\/12\/WT6060C.jpg","width":2000,"height":2000},{"@type":"BreadcrumbList","@id":"https:\/\/adexa.ee\/toode\/mobiilne-toolaud-koos-reguleeritavate-jalgadega-roostevabast-terasest-alumine-riiul-600x600x850-930mm-adexa-wt6060cwo\/#breadcrumb","itemListElement":[{"@type":"ListItem","position":1,"name":"Home","item":"https:\/\/adexa.ee\/"},{"@type":"ListItem","position":2,"name":"Tooted","item":"https:\/\/adexa.ee\/pood\/"},{"@type":"ListItem","position":3,"name":"Mobiilne T\u00f6\u00f6laud Koos Reguleeritavate Jalgadega Roostevabast Terasest Alumine Riiul 600X600X850\/930Mm | Adexa Wt6060Cwo"}]},{"@type":"WebSite","@id":"https:\/\/adexa.ee\/#website","url":"https:\/\/adexa.ee\/","name":"Adexa","description":"","publisher":{"@id":"https:\/\/adexa.ee\/#organization"},"potentialAction":[{"@type":"SearchAction","target":{"@type":"EntryPoint","urlTemplate":"https:\/\/adexa.ee\/?s={search_term_string}"},"query-input":{"@type":"PropertyValueSpecification","valueRequired":true,"valueName":"search_term_string"}}],"inLanguage":"en-US"},{"@type":"Organization","@id":"https:\/\/adexa.ee\/#organization","name":"Adexa","url":"https:\/\/adexa.ee\/","logo":{"@type":"ImageObject","inLanguage":"en-US","@id":"https:\/\/adexa.ee\/#\/schema\/logo\/image\/","url":"https:\/\/adexa.ee\/wp-content\/uploads\/2024\/04\/chef-cooks-working-in-professional-kitchen-2023-11-27-05-07-39-utc-scaled.jpg","contentUrl":"https:\/\/adexa.ee\/wp-content\/uploads\/2024\/04\/chef-cooks-working-in-professional-kitchen-2023-11-27-05-07-39-utc-scaled.jpg","width":2560,"height":1708,"caption":"Adexa"},"image":{"@id":"https:\/\/adexa.ee\/#\/schema\/logo\/image\/"}}]}},"_links":{"self":[{"href":"https:\/\/adexa.ee\/en\/wp-json\/wp\/v2\/product\/15694","targetHints":{"allow":["GET"]}}],"collection":[{"href":"https:\/\/adexa.ee\/en\/wp-json\/wp\/v2\/product"}],"about":[{"href":"https:\/\/adexa.ee\/en\/wp-json\/wp\/v2\/types\/product"}],"wp:featuredmedia":[{"embeddable":true,"href":"https:\/\/adexa.ee\/en\/wp-json\/wp\/v2\/media\/13009"}],"wp:attachment":[{"href":"https:\/\/adexa.ee\/en\/wp-json\/wp\/v2\/media?parent=15694"}],"wp:term":[{"taxonomy":"product_brand","embeddable":true,"href":"https:\/\/adexa.ee\/en\/wp-json\/wp\/v2\/product_brand?post=15694"},{"taxonomy":"product_cat","embeddable":true,"href":"https:\/\/adexa.ee\/en\/wp-json\/wp\/v2\/product_cat?post=15694"},{"taxonomy":"product_tag","embeddable":true,"href":"https:\/\/adexa.ee\/en\/wp-json\/wp\/v2\/product_tag?post=15694"}],"curies":[{"name":"wp","href":"https:\/\/api.w.org\/{rel}","templated":true}]}}