{"id":15751,"date":"2026-03-26T10:35:46","date_gmt":"2026-03-26T08:35:46","guid":{"rendered":"https:\/\/adexa.ee\/toode\/kaubanduslik-elektriline-pastakeetja-4-korviga-2x4-liitrit-lauapealne-adexa-pcm4l2\/"},"modified":"2026-03-26T10:35:51","modified_gmt":"2026-03-26T08:35:51","slug":"elektriline-pastakeetja-4-korviga-2x4-liitrit-lauapealne-adexa-pcm4l2","status":"publish","type":"product","link":"https:\/\/adexa.ee\/en\/toode\/elektriline-pastakeetja-4-korviga-2x4-liitrit-lauapealne-adexa-pcm4l2\/","title":{"rendered":"Elektriline Pastakeetja 4 Korviga 2X4 Liitrit Lauapealne | Adexa Pcm4L2"},"content":{"rendered":"<p>K\u00f5rgekvaliteediline professionaalne pastakeetja, mis on loodud lihtsaks kasutamiseks igas professionaalses toitlustus- ja restoranik\u00f6\u00f6gis. T\u00e4psema teabe saamiseks vaadake jaotist &#8220;Spetsifikatsioon&#8221;.<\/p>\n<table style=\"border-collapse: collapse; width: 100%; text-align: left;\">\n<tbody>\n<tr>\n<td style=\"border: 1px solid #ddd; padding: 8px; width: 45%;\"><strong>S\u00fcgavus<\/strong><\/td>\n<td style=\"border: 1px solid #ddd; padding: 8px;\">440 mm<\/td>\n<\/tr>\n<tr>\n<td style=\"border: 1px solid #ddd; padding: 8px; width: 45%;\"><strong>K\u00f5rgus<\/strong><\/td>\n<td style=\"border: 1px solid #ddd; padding: 8px;\">280 mm<\/td>\n<\/tr>\n<tr>\n<td style=\"border: 1px solid #ddd; padding: 8px; width: 45%;\"><strong>Laius<\/strong><\/td>\n<td style=\"border: 1px solid #ddd; padding: 8px;\">380 mm<\/td>\n<\/tr>\n<tr>\n<td style=\"border: 1px solid #ddd; padding: 8px; width: 45%;\"><strong>Kaal<\/strong><\/td>\n<td style=\"border: 1px solid #ddd; padding: 8px;\">5,2 kg<\/td>\n<\/tr>\n<tr>\n<td style=\"border: 1px solid #ddd; padding: 8px; width: 45%;\"><strong>Garantii<\/strong><\/td>\n<td style=\"border: 1px solid #ddd; padding: 8px;\">12 kuu varuosade garantii<\/td>\n<\/tr>\n<tr>\n<td style=\"border: 1px solid #ddd; padding: 8px; width: 45%;\"><strong>T\u00fc\u00fcp<\/strong><\/td>\n<td style=\"border: 1px solid #ddd; padding: 8px;\">T\u00f6\u00f6pind<\/td>\n<\/tr>\n<tr>\n<td style=\"border: 1px solid #ddd; padding: 8px; width: 45%;\"><strong>Mahutavus<\/strong><\/td>\n<td style=\"border: 1px solid #ddd; padding: 8px;\">2 x 4 liitrit<\/td>\n<\/tr>\n<tr>\n<td style=\"border: 1px solid #ddd; padding: 8px; width: 45%;\"><strong>Toiteallikas<\/strong><\/td>\n<td style=\"border: 1px solid #ddd; padding: 8px;\">230V \/ 1 faas<\/td>\n<\/tr>\n<tr>\n<td style=\"border: 1px solid #ddd; padding: 8px; width: 45%;\"><strong>Materjal<\/strong><\/td>\n<td style=\"border: 1px solid #ddd; padding: 8px;\">Roostevaba teras<\/td>\n<\/tr>\n<tr>\n<td style=\"border: 1px solid #ddd; padding: 8px; width: 45%;\"><strong>Kaasas<\/strong><\/td>\n<td style=\"border: 1px solid #ddd; padding: 8px;\">4 roostevabast terasest korvi puidust k\u00e4epidemetega<\/td>\n<\/tr>\n<tr>\n<td style=\"border: 1px solid #ddd; padding: 8px; width: 45%;\"><strong>Korvi suurus<\/strong><\/td>\n<td style=\"border: 1px solid #ddd; padding: 8px;\">\u00f8125&#215;130 mm<\/td>\n<\/tr>\n<\/tbody>\n<\/table>\n","protected":false},"excerpt":{"rendered":"<p>K\u00f5rgekvaliteediline professionaalne pastakeetja, mis on loodud lihtsaks kasutamiseks igas professionaalses toitlustus- ja restoranik\u00f6\u00f6gis. T\u00e4psema teabe saamiseks vaadake jaotist &#8220;Spetsifikatsioon&#8221;. S\u00fcgavus<\/p>\n","protected":false},"featured_media":15753,"template":"","meta":[],"product_brand":[],"product_cat":[588,739],"product_tag":[],"class_list":{"0":"post-15751","1":"product","2":"type-product","3":"status-publish","4":"has-post-thumbnail","6":"product_cat-kuumseadmed","7":"product_cat-pastakeetjad","9":"first","10":"instock","11":"sale","12":"taxable","13":"shipping-taxable","14":"purchasable","15":"product-type-simple"},"yoast_head":"<!-- This site is optimized with the Yoast SEO plugin v27.3 - https:\/\/yoast.com\/product\/yoast-seo-wordpress\/ -->\n<title>Elektriline Pastakeetja 4 Korviga 2X4 Liitrit Lauapealne | Adexa Pcm4L2 - Adexa \u2013 Suurk\u00f6\u00f6giseadmed restoranidele ja toitlustusele<\/title>\n<meta name=\"robots\" content=\"index, follow, max-snippet:-1, max-image-preview:large, max-video-preview:-1\" \/>\n<link rel=\"canonical\" href=\"https:\/\/adexa.ee\/toode\/elektriline-pastakeetja-4-korviga-2x4-liitrit-lauapealne-adexa-pcm4l2\/\" \/>\n<meta property=\"og:locale\" content=\"en_US\" \/>\n<meta property=\"og:type\" content=\"article\" \/>\n<meta property=\"og:title\" content=\"Elektriline Pastakeetja 4 Korviga 2X4 Liitrit Lauapealne | Adexa Pcm4L2 - Adexa \u2013 Suurk\u00f6\u00f6giseadmed restoranidele ja toitlustusele\" \/>\n<meta property=\"og:description\" content=\"K\u00f5rgekvaliteediline professionaalne pastakeetja, mis on loodud lihtsaks kasutamiseks igas professionaalses toitlustus- ja restoranik\u00f6\u00f6gis. T\u00e4psema teabe saamiseks vaadake jaotist &#8220;Spetsifikatsioon&#8221;. S\u00fcgavus\" \/>\n<meta property=\"og:url\" content=\"https:\/\/adexa.ee\/toode\/elektriline-pastakeetja-4-korviga-2x4-liitrit-lauapealne-adexa-pcm4l2\/\" \/>\n<meta property=\"og:site_name\" content=\"Adexa \u2013 Suurk\u00f6\u00f6giseadmed restoranidele ja toitlustusele\" \/>\n<meta property=\"article:modified_time\" content=\"2026-03-26T08:35:51+00:00\" \/>\n<meta property=\"og:image\" content=\"https:\/\/adexa.ee\/wp-content\/uploads\/2024\/12\/PCM4L2-.jpg\" \/>\n\t<meta property=\"og:image:width\" content=\"1392\" \/>\n\t<meta property=\"og:image:height\" content=\"1392\" \/>\n\t<meta property=\"og:image:type\" content=\"image\/jpeg\" \/>\n<meta name=\"twitter:card\" content=\"summary_large_image\" \/>\n<script type=\"application\/ld+json\" class=\"yoast-schema-graph\">{\"@context\":\"https:\\\/\\\/schema.org\",\"@graph\":[{\"@type\":\"WebPage\",\"@id\":\"https:\\\/\\\/adexa.ee\\\/toode\\\/elektriline-pastakeetja-4-korviga-2x4-liitrit-lauapealne-adexa-pcm4l2\\\/\",\"url\":\"https:\\\/\\\/adexa.ee\\\/toode\\\/elektriline-pastakeetja-4-korviga-2x4-liitrit-lauapealne-adexa-pcm4l2\\\/\",\"name\":\"Elektriline Pastakeetja 4 Korviga 2X4 Liitrit Lauapealne | Adexa Pcm4L2 - Adexa \u2013 Suurk\u00f6\u00f6giseadmed restoranidele ja toitlustusele\",\"isPartOf\":{\"@id\":\"https:\\\/\\\/adexa.ee\\\/#website\"},\"primaryImageOfPage\":{\"@id\":\"https:\\\/\\\/adexa.ee\\\/toode\\\/elektriline-pastakeetja-4-korviga-2x4-liitrit-lauapealne-adexa-pcm4l2\\\/#primaryimage\"},\"image\":{\"@id\":\"https:\\\/\\\/adexa.ee\\\/toode\\\/elektriline-pastakeetja-4-korviga-2x4-liitrit-lauapealne-adexa-pcm4l2\\\/#primaryimage\"},\"thumbnailUrl\":\"https:\\\/\\\/adexa.ee\\\/wp-content\\\/uploads\\\/2024\\\/12\\\/PCM4L2-.jpg\",\"datePublished\":\"2026-03-26T08:35:46+00:00\",\"dateModified\":\"2026-03-26T08:35:51+00:00\",\"breadcrumb\":{\"@id\":\"https:\\\/\\\/adexa.ee\\\/toode\\\/elektriline-pastakeetja-4-korviga-2x4-liitrit-lauapealne-adexa-pcm4l2\\\/#breadcrumb\"},\"inLanguage\":\"en-US\",\"potentialAction\":[{\"@type\":\"ReadAction\",\"target\":[\"https:\\\/\\\/adexa.ee\\\/toode\\\/elektriline-pastakeetja-4-korviga-2x4-liitrit-lauapealne-adexa-pcm4l2\\\/\"]}]},{\"@type\":\"ImageObject\",\"inLanguage\":\"en-US\",\"@id\":\"https:\\\/\\\/adexa.ee\\\/toode\\\/elektriline-pastakeetja-4-korviga-2x4-liitrit-lauapealne-adexa-pcm4l2\\\/#primaryimage\",\"url\":\"https:\\\/\\\/adexa.ee\\\/wp-content\\\/uploads\\\/2024\\\/12\\\/PCM4L2-.jpg\",\"contentUrl\":\"https:\\\/\\\/adexa.ee\\\/wp-content\\\/uploads\\\/2024\\\/12\\\/PCM4L2-.jpg\",\"width\":1392,\"height\":1392},{\"@type\":\"BreadcrumbList\",\"@id\":\"https:\\\/\\\/adexa.ee\\\/toode\\\/elektriline-pastakeetja-4-korviga-2x4-liitrit-lauapealne-adexa-pcm4l2\\\/#breadcrumb\",\"itemListElement\":[{\"@type\":\"ListItem\",\"position\":1,\"name\":\"Home\",\"item\":\"https:\\\/\\\/adexa.ee\\\/\"},{\"@type\":\"ListItem\",\"position\":2,\"name\":\"Tooted\",\"item\":\"https:\\\/\\\/adexa.ee\\\/pood\\\/\"},{\"@type\":\"ListItem\",\"position\":3,\"name\":\"Elektriline Pastakeetja 4 Korviga 2X4 Liitrit Lauapealne | Adexa Pcm4L2\"}]},{\"@type\":\"WebSite\",\"@id\":\"https:\\\/\\\/adexa.ee\\\/#website\",\"url\":\"https:\\\/\\\/adexa.ee\\\/\",\"name\":\"Adexa\",\"description\":\"\",\"publisher\":{\"@id\":\"https:\\\/\\\/adexa.ee\\\/#organization\"},\"potentialAction\":[{\"@type\":\"SearchAction\",\"target\":{\"@type\":\"EntryPoint\",\"urlTemplate\":\"https:\\\/\\\/adexa.ee\\\/?s={search_term_string}\"},\"query-input\":{\"@type\":\"PropertyValueSpecification\",\"valueRequired\":true,\"valueName\":\"search_term_string\"}}],\"inLanguage\":\"en-US\"},{\"@type\":\"Organization\",\"@id\":\"https:\\\/\\\/adexa.ee\\\/#organization\",\"name\":\"Adexa\",\"url\":\"https:\\\/\\\/adexa.ee\\\/\",\"logo\":{\"@type\":\"ImageObject\",\"inLanguage\":\"en-US\",\"@id\":\"https:\\\/\\\/adexa.ee\\\/#\\\/schema\\\/logo\\\/image\\\/\",\"url\":\"https:\\\/\\\/adexa.ee\\\/wp-content\\\/uploads\\\/2024\\\/04\\\/chef-cooks-working-in-professional-kitchen-2023-11-27-05-07-39-utc-scaled.jpg\",\"contentUrl\":\"https:\\\/\\\/adexa.ee\\\/wp-content\\\/uploads\\\/2024\\\/04\\\/chef-cooks-working-in-professional-kitchen-2023-11-27-05-07-39-utc-scaled.jpg\",\"width\":2560,\"height\":1708,\"caption\":\"Adexa\"},\"image\":{\"@id\":\"https:\\\/\\\/adexa.ee\\\/#\\\/schema\\\/logo\\\/image\\\/\"}}]}<\/script>\n<!-- \/ Yoast SEO plugin. -->","yoast_head_json":{"title":"Elektriline Pastakeetja 4 Korviga 2X4 Liitrit Lauapealne | Adexa Pcm4L2 - Adexa \u2013 Suurk\u00f6\u00f6giseadmed restoranidele ja toitlustusele","robots":{"index":"index","follow":"follow","max-snippet":"max-snippet:-1","max-image-preview":"max-image-preview:large","max-video-preview":"max-video-preview:-1"},"canonical":"https:\/\/adexa.ee\/toode\/elektriline-pastakeetja-4-korviga-2x4-liitrit-lauapealne-adexa-pcm4l2\/","og_locale":"en_US","og_type":"article","og_title":"Elektriline Pastakeetja 4 Korviga 2X4 Liitrit Lauapealne | Adexa Pcm4L2 - Adexa \u2013 Suurk\u00f6\u00f6giseadmed restoranidele ja toitlustusele","og_description":"K\u00f5rgekvaliteediline professionaalne pastakeetja, mis on loodud lihtsaks kasutamiseks igas professionaalses toitlustus- ja restoranik\u00f6\u00f6gis. T\u00e4psema teabe saamiseks vaadake jaotist &#8220;Spetsifikatsioon&#8221;. S\u00fcgavus","og_url":"https:\/\/adexa.ee\/toode\/elektriline-pastakeetja-4-korviga-2x4-liitrit-lauapealne-adexa-pcm4l2\/","og_site_name":"Adexa \u2013 Suurk\u00f6\u00f6giseadmed restoranidele ja toitlustusele","article_modified_time":"2026-03-26T08:35:51+00:00","og_image":[{"width":1392,"height":1392,"url":"https:\/\/adexa.ee\/wp-content\/uploads\/2024\/12\/PCM4L2-.jpg","type":"image\/jpeg"}],"twitter_card":"summary_large_image","schema":{"@context":"https:\/\/schema.org","@graph":[{"@type":"WebPage","@id":"https:\/\/adexa.ee\/toode\/elektriline-pastakeetja-4-korviga-2x4-liitrit-lauapealne-adexa-pcm4l2\/","url":"https:\/\/adexa.ee\/toode\/elektriline-pastakeetja-4-korviga-2x4-liitrit-lauapealne-adexa-pcm4l2\/","name":"Elektriline Pastakeetja 4 Korviga 2X4 Liitrit Lauapealne | Adexa Pcm4L2 - Adexa \u2013 Suurk\u00f6\u00f6giseadmed restoranidele ja toitlustusele","isPartOf":{"@id":"https:\/\/adexa.ee\/#website"},"primaryImageOfPage":{"@id":"https:\/\/adexa.ee\/toode\/elektriline-pastakeetja-4-korviga-2x4-liitrit-lauapealne-adexa-pcm4l2\/#primaryimage"},"image":{"@id":"https:\/\/adexa.ee\/toode\/elektriline-pastakeetja-4-korviga-2x4-liitrit-lauapealne-adexa-pcm4l2\/#primaryimage"},"thumbnailUrl":"https:\/\/adexa.ee\/wp-content\/uploads\/2024\/12\/PCM4L2-.jpg","datePublished":"2026-03-26T08:35:46+00:00","dateModified":"2026-03-26T08:35:51+00:00","breadcrumb":{"@id":"https:\/\/adexa.ee\/toode\/elektriline-pastakeetja-4-korviga-2x4-liitrit-lauapealne-adexa-pcm4l2\/#breadcrumb"},"inLanguage":"en-US","potentialAction":[{"@type":"ReadAction","target":["https:\/\/adexa.ee\/toode\/elektriline-pastakeetja-4-korviga-2x4-liitrit-lauapealne-adexa-pcm4l2\/"]}]},{"@type":"ImageObject","inLanguage":"en-US","@id":"https:\/\/adexa.ee\/toode\/elektriline-pastakeetja-4-korviga-2x4-liitrit-lauapealne-adexa-pcm4l2\/#primaryimage","url":"https:\/\/adexa.ee\/wp-content\/uploads\/2024\/12\/PCM4L2-.jpg","contentUrl":"https:\/\/adexa.ee\/wp-content\/uploads\/2024\/12\/PCM4L2-.jpg","width":1392,"height":1392},{"@type":"BreadcrumbList","@id":"https:\/\/adexa.ee\/toode\/elektriline-pastakeetja-4-korviga-2x4-liitrit-lauapealne-adexa-pcm4l2\/#breadcrumb","itemListElement":[{"@type":"ListItem","position":1,"name":"Home","item":"https:\/\/adexa.ee\/"},{"@type":"ListItem","position":2,"name":"Tooted","item":"https:\/\/adexa.ee\/pood\/"},{"@type":"ListItem","position":3,"name":"Elektriline Pastakeetja 4 Korviga 2X4 Liitrit Lauapealne | Adexa Pcm4L2"}]},{"@type":"WebSite","@id":"https:\/\/adexa.ee\/#website","url":"https:\/\/adexa.ee\/","name":"Adexa","description":"","publisher":{"@id":"https:\/\/adexa.ee\/#organization"},"potentialAction":[{"@type":"SearchAction","target":{"@type":"EntryPoint","urlTemplate":"https:\/\/adexa.ee\/?s={search_term_string}"},"query-input":{"@type":"PropertyValueSpecification","valueRequired":true,"valueName":"search_term_string"}}],"inLanguage":"en-US"},{"@type":"Organization","@id":"https:\/\/adexa.ee\/#organization","name":"Adexa","url":"https:\/\/adexa.ee\/","logo":{"@type":"ImageObject","inLanguage":"en-US","@id":"https:\/\/adexa.ee\/#\/schema\/logo\/image\/","url":"https:\/\/adexa.ee\/wp-content\/uploads\/2024\/04\/chef-cooks-working-in-professional-kitchen-2023-11-27-05-07-39-utc-scaled.jpg","contentUrl":"https:\/\/adexa.ee\/wp-content\/uploads\/2024\/04\/chef-cooks-working-in-professional-kitchen-2023-11-27-05-07-39-utc-scaled.jpg","width":2560,"height":1708,"caption":"Adexa"},"image":{"@id":"https:\/\/adexa.ee\/#\/schema\/logo\/image\/"}}]}},"_links":{"self":[{"href":"https:\/\/adexa.ee\/en\/wp-json\/wp\/v2\/product\/15751","targetHints":{"allow":["GET"]}}],"collection":[{"href":"https:\/\/adexa.ee\/en\/wp-json\/wp\/v2\/product"}],"about":[{"href":"https:\/\/adexa.ee\/en\/wp-json\/wp\/v2\/types\/product"}],"wp:featuredmedia":[{"embeddable":true,"href":"https:\/\/adexa.ee\/en\/wp-json\/wp\/v2\/media\/15753"}],"wp:attachment":[{"href":"https:\/\/adexa.ee\/en\/wp-json\/wp\/v2\/media?parent=15751"}],"wp:term":[{"taxonomy":"product_brand","embeddable":true,"href":"https:\/\/adexa.ee\/en\/wp-json\/wp\/v2\/product_brand?post=15751"},{"taxonomy":"product_cat","embeddable":true,"href":"https:\/\/adexa.ee\/en\/wp-json\/wp\/v2\/product_cat?post=15751"},{"taxonomy":"product_tag","embeddable":true,"href":"https:\/\/adexa.ee\/en\/wp-json\/wp\/v2\/product_tag?post=15751"}],"curies":[{"name":"wp","href":"https:\/\/api.w.org\/{rel}","templated":true}]}}