{"id":15787,"date":"2026-03-26T10:35:52","date_gmt":"2026-03-26T08:35:52","guid":{"rendered":"https:\/\/adexa.ee\/toode\/veiniklaasihoidja-kuldne-seinale-kinnitatav-pikkus-400-mm-4-veiniklaasi-adexa-wga18500400g\/"},"modified":"2026-03-26T10:35:55","modified_gmt":"2026-03-26T08:35:55","slug":"veiniklaasihoidja-kuldne-seinale-kinnitatav-pikkus-400-mm-4-veiniklaasi-adexa-wga18500400g","status":"publish","type":"product","link":"https:\/\/adexa.ee\/en\/toode\/veiniklaasihoidja-kuldne-seinale-kinnitatav-pikkus-400-mm-4-veiniklaasi-adexa-wga18500400g\/","title":{"rendered":"Veiniklaasihoidja kuldne, seinale kinnitatav, pikkus 400 mm, 4 veiniklaasi | Adexa WGA18500400G"},"content":{"rendered":"<p>Aitab ennetada klaaside purunemist, see veiniklaasihoidja on ideaalne kokteili- ja veinibaaride jaoks v\u00f5i k\u00f5ikjale, kus ruum on hinnas. Riputage see kas pea k\u00f5rguselt \u00fclespoole, et n\u00e4idata oma poleeritud klaasikaupu ja tagada kiire ja sujuv teenindus, v\u00f5i kinnitage see leti alla, et v\u00f5imaldada klaaside kiiremat kuivamist p\u00e4rast pesuts\u00fcklit.<\/p>\n<table style=\"border-collapse: collapse; width: 100%; text-align: left;\">\n<tbody>\n<tr>\n<td style=\"border: 1px solid #ddd; padding: 8px; width: 45%;\"><strong>S\u00fcgavus<\/strong><\/td>\n<td style=\"border: 1px solid #ddd; padding: 8px;\">400 mm<\/td>\n<\/tr>\n<tr>\n<td style=\"border: 1px solid #ddd; padding: 8px; width: 45%;\"><strong>K\u00f5rgus<\/strong><\/td>\n<td style=\"border: 1px solid #ddd; padding: 8px;\">40 mm<\/td>\n<\/tr>\n<tr>\n<td style=\"border: 1px solid #ddd; padding: 8px; width: 45%;\"><strong>Laius<\/strong><\/td>\n<td style=\"border: 1px solid #ddd; padding: 8px;\">100 mm<\/td>\n<\/tr>\n<tr>\n<td style=\"border: 1px solid #ddd; padding: 8px; width: 45%;\"><strong>T\u00fc\u00fcp<\/strong><\/td>\n<td style=\"border: 1px solid #ddd; padding: 8px;\">Seinale paigaldatud<\/td>\n<\/tr>\n<tr>\n<td style=\"border: 1px solid #ddd; padding: 8px; width: 45%;\"><strong>Mahutavus<\/strong><\/td>\n<td style=\"border: 1px solid #ddd; padding: 8px;\">4 veinipokaali<\/td>\n<\/tr>\n<tr>\n<td style=\"border: 1px solid #ddd; padding: 8px; width: 45%;\"><strong>Materjal<\/strong><\/td>\n<td style=\"border: 1px solid #ddd; padding: 8px;\">Kroomitud raud<\/td>\n<\/tr>\n<tr>\n<td style=\"border: 1px solid #ddd; padding: 8px; width: 45%;\"><strong>V\u00e4rv<\/strong><\/td>\n<td style=\"border: 1px solid #ddd; padding: 8px;\">Kuld<\/td>\n<\/tr>\n<tr>\n<td style=\"border: 1px solid #ddd; padding: 8px; width: 45%;\"><strong>Paksus<\/strong><\/td>\n<td style=\"border: 1px solid #ddd; padding: 8px;\">\u00d88 mm (kangid)<\/td>\n<\/tr>\n<\/tbody>\n<\/table>\n","protected":false},"excerpt":{"rendered":"<p>Aitab ennetada klaaside purunemist, see veiniklaasihoidja on ideaalne kokteili- ja veinibaaride jaoks v\u00f5i k\u00f5ikjale, kus ruum on hinnas. Riputage see<\/p>\n","protected":false},"featured_media":15789,"template":"","meta":[],"product_brand":[],"product_cat":[688,613,579,569,572],"product_tag":[],"class_list":{"0":"post-15787","1":"product","2":"type-product","3":"status-publish","4":"has-post-thumbnail","6":"product_cat-klaasihoidjad","7":"product_cat-kohv-ja-joogid","8":"product_cat-koogitarbed-noud","9":"product_cat-lopumuuk","10":"product_cat-roostevabad-tooted","12":"first","13":"instock","14":"sale","15":"taxable","16":"shipping-taxable","17":"purchasable","18":"product-type-simple"},"yoast_head":"<!-- This site is optimized with the Yoast SEO plugin v27.3 - https:\/\/yoast.com\/product\/yoast-seo-wordpress\/ -->\n<title>Veiniklaasihoidja kuldne, seinale kinnitatav, pikkus 400 mm, 4 veiniklaasi | Adexa WGA18500400G - Adexa \u2013 Suurk\u00f6\u00f6giseadmed restoranidele ja toitlustusele<\/title>\n<meta name=\"robots\" content=\"index, follow, max-snippet:-1, max-image-preview:large, max-video-preview:-1\" \/>\n<link rel=\"canonical\" href=\"https:\/\/adexa.ee\/toode\/veiniklaasihoidja-kuldne-seinale-kinnitatav-pikkus-400-mm-4-veiniklaasi-adexa-wga18500400g\/\" \/>\n<meta property=\"og:locale\" content=\"en_US\" \/>\n<meta property=\"og:type\" content=\"article\" \/>\n<meta property=\"og:title\" content=\"Veiniklaasihoidja kuldne, seinale kinnitatav, pikkus 400 mm, 4 veiniklaasi | Adexa WGA18500400G - Adexa \u2013 Suurk\u00f6\u00f6giseadmed restoranidele ja toitlustusele\" \/>\n<meta property=\"og:description\" content=\"Aitab ennetada klaaside purunemist, see veiniklaasihoidja on ideaalne kokteili- ja veinibaaride jaoks v\u00f5i k\u00f5ikjale, kus ruum on hinnas. Riputage see\" \/>\n<meta property=\"og:url\" content=\"https:\/\/adexa.ee\/toode\/veiniklaasihoidja-kuldne-seinale-kinnitatav-pikkus-400-mm-4-veiniklaasi-adexa-wga18500400g\/\" \/>\n<meta property=\"og:site_name\" content=\"Adexa \u2013 Suurk\u00f6\u00f6giseadmed restoranidele ja toitlustusele\" \/>\n<meta property=\"article:modified_time\" content=\"2026-03-26T08:35:55+00:00\" \/>\n<meta property=\"og:image\" content=\"https:\/\/adexa.ee\/wp-content\/uploads\/2024\/12\/WGA18500400G.jpg\" \/>\n\t<meta property=\"og:image:width\" content=\"1800\" \/>\n\t<meta property=\"og:image:height\" content=\"1800\" \/>\n\t<meta property=\"og:image:type\" content=\"image\/jpeg\" \/>\n<meta name=\"twitter:card\" content=\"summary_large_image\" \/>\n<script type=\"application\/ld+json\" class=\"yoast-schema-graph\">{\"@context\":\"https:\\\/\\\/schema.org\",\"@graph\":[{\"@type\":\"WebPage\",\"@id\":\"https:\\\/\\\/adexa.ee\\\/toode\\\/veiniklaasihoidja-kuldne-seinale-kinnitatav-pikkus-400-mm-4-veiniklaasi-adexa-wga18500400g\\\/\",\"url\":\"https:\\\/\\\/adexa.ee\\\/toode\\\/veiniklaasihoidja-kuldne-seinale-kinnitatav-pikkus-400-mm-4-veiniklaasi-adexa-wga18500400g\\\/\",\"name\":\"Veiniklaasihoidja kuldne, seinale kinnitatav, pikkus 400 mm, 4 veiniklaasi | Adexa WGA18500400G - Adexa \u2013 Suurk\u00f6\u00f6giseadmed restoranidele ja toitlustusele\",\"isPartOf\":{\"@id\":\"https:\\\/\\\/adexa.ee\\\/#website\"},\"primaryImageOfPage\":{\"@id\":\"https:\\\/\\\/adexa.ee\\\/toode\\\/veiniklaasihoidja-kuldne-seinale-kinnitatav-pikkus-400-mm-4-veiniklaasi-adexa-wga18500400g\\\/#primaryimage\"},\"image\":{\"@id\":\"https:\\\/\\\/adexa.ee\\\/toode\\\/veiniklaasihoidja-kuldne-seinale-kinnitatav-pikkus-400-mm-4-veiniklaasi-adexa-wga18500400g\\\/#primaryimage\"},\"thumbnailUrl\":\"https:\\\/\\\/adexa.ee\\\/wp-content\\\/uploads\\\/2024\\\/12\\\/WGA18500400G.jpg\",\"datePublished\":\"2026-03-26T08:35:52+00:00\",\"dateModified\":\"2026-03-26T08:35:55+00:00\",\"breadcrumb\":{\"@id\":\"https:\\\/\\\/adexa.ee\\\/toode\\\/veiniklaasihoidja-kuldne-seinale-kinnitatav-pikkus-400-mm-4-veiniklaasi-adexa-wga18500400g\\\/#breadcrumb\"},\"inLanguage\":\"en-US\",\"potentialAction\":[{\"@type\":\"ReadAction\",\"target\":[\"https:\\\/\\\/adexa.ee\\\/toode\\\/veiniklaasihoidja-kuldne-seinale-kinnitatav-pikkus-400-mm-4-veiniklaasi-adexa-wga18500400g\\\/\"]}]},{\"@type\":\"ImageObject\",\"inLanguage\":\"en-US\",\"@id\":\"https:\\\/\\\/adexa.ee\\\/toode\\\/veiniklaasihoidja-kuldne-seinale-kinnitatav-pikkus-400-mm-4-veiniklaasi-adexa-wga18500400g\\\/#primaryimage\",\"url\":\"https:\\\/\\\/adexa.ee\\\/wp-content\\\/uploads\\\/2024\\\/12\\\/WGA18500400G.jpg\",\"contentUrl\":\"https:\\\/\\\/adexa.ee\\\/wp-content\\\/uploads\\\/2024\\\/12\\\/WGA18500400G.jpg\",\"width\":1800,\"height\":1800},{\"@type\":\"BreadcrumbList\",\"@id\":\"https:\\\/\\\/adexa.ee\\\/toode\\\/veiniklaasihoidja-kuldne-seinale-kinnitatav-pikkus-400-mm-4-veiniklaasi-adexa-wga18500400g\\\/#breadcrumb\",\"itemListElement\":[{\"@type\":\"ListItem\",\"position\":1,\"name\":\"Home\",\"item\":\"https:\\\/\\\/adexa.ee\\\/\"},{\"@type\":\"ListItem\",\"position\":2,\"name\":\"Tooted\",\"item\":\"https:\\\/\\\/adexa.ee\\\/pood\\\/\"},{\"@type\":\"ListItem\",\"position\":3,\"name\":\"Veiniklaasihoidja kuldne, seinale kinnitatav, pikkus 400 mm, 4 veiniklaasi | Adexa WGA18500400G\"}]},{\"@type\":\"WebSite\",\"@id\":\"https:\\\/\\\/adexa.ee\\\/#website\",\"url\":\"https:\\\/\\\/adexa.ee\\\/\",\"name\":\"Adexa\",\"description\":\"\",\"publisher\":{\"@id\":\"https:\\\/\\\/adexa.ee\\\/#organization\"},\"potentialAction\":[{\"@type\":\"SearchAction\",\"target\":{\"@type\":\"EntryPoint\",\"urlTemplate\":\"https:\\\/\\\/adexa.ee\\\/?s={search_term_string}\"},\"query-input\":{\"@type\":\"PropertyValueSpecification\",\"valueRequired\":true,\"valueName\":\"search_term_string\"}}],\"inLanguage\":\"en-US\"},{\"@type\":\"Organization\",\"@id\":\"https:\\\/\\\/adexa.ee\\\/#organization\",\"name\":\"Adexa\",\"url\":\"https:\\\/\\\/adexa.ee\\\/\",\"logo\":{\"@type\":\"ImageObject\",\"inLanguage\":\"en-US\",\"@id\":\"https:\\\/\\\/adexa.ee\\\/#\\\/schema\\\/logo\\\/image\\\/\",\"url\":\"https:\\\/\\\/adexa.ee\\\/wp-content\\\/uploads\\\/2024\\\/04\\\/chef-cooks-working-in-professional-kitchen-2023-11-27-05-07-39-utc-scaled.jpg\",\"contentUrl\":\"https:\\\/\\\/adexa.ee\\\/wp-content\\\/uploads\\\/2024\\\/04\\\/chef-cooks-working-in-professional-kitchen-2023-11-27-05-07-39-utc-scaled.jpg\",\"width\":2560,\"height\":1708,\"caption\":\"Adexa\"},\"image\":{\"@id\":\"https:\\\/\\\/adexa.ee\\\/#\\\/schema\\\/logo\\\/image\\\/\"}}]}<\/script>\n<!-- \/ Yoast SEO plugin. -->","yoast_head_json":{"title":"Veiniklaasihoidja kuldne, seinale kinnitatav, pikkus 400 mm, 4 veiniklaasi | Adexa WGA18500400G - Adexa \u2013 Suurk\u00f6\u00f6giseadmed restoranidele ja toitlustusele","robots":{"index":"index","follow":"follow","max-snippet":"max-snippet:-1","max-image-preview":"max-image-preview:large","max-video-preview":"max-video-preview:-1"},"canonical":"https:\/\/adexa.ee\/toode\/veiniklaasihoidja-kuldne-seinale-kinnitatav-pikkus-400-mm-4-veiniklaasi-adexa-wga18500400g\/","og_locale":"en_US","og_type":"article","og_title":"Veiniklaasihoidja kuldne, seinale kinnitatav, pikkus 400 mm, 4 veiniklaasi | Adexa WGA18500400G - Adexa \u2013 Suurk\u00f6\u00f6giseadmed restoranidele ja toitlustusele","og_description":"Aitab ennetada klaaside purunemist, see veiniklaasihoidja on ideaalne kokteili- ja veinibaaride jaoks v\u00f5i k\u00f5ikjale, kus ruum on hinnas. Riputage see","og_url":"https:\/\/adexa.ee\/toode\/veiniklaasihoidja-kuldne-seinale-kinnitatav-pikkus-400-mm-4-veiniklaasi-adexa-wga18500400g\/","og_site_name":"Adexa \u2013 Suurk\u00f6\u00f6giseadmed restoranidele ja toitlustusele","article_modified_time":"2026-03-26T08:35:55+00:00","og_image":[{"width":1800,"height":1800,"url":"https:\/\/adexa.ee\/wp-content\/uploads\/2024\/12\/WGA18500400G.jpg","type":"image\/jpeg"}],"twitter_card":"summary_large_image","schema":{"@context":"https:\/\/schema.org","@graph":[{"@type":"WebPage","@id":"https:\/\/adexa.ee\/toode\/veiniklaasihoidja-kuldne-seinale-kinnitatav-pikkus-400-mm-4-veiniklaasi-adexa-wga18500400g\/","url":"https:\/\/adexa.ee\/toode\/veiniklaasihoidja-kuldne-seinale-kinnitatav-pikkus-400-mm-4-veiniklaasi-adexa-wga18500400g\/","name":"Veiniklaasihoidja kuldne, seinale kinnitatav, pikkus 400 mm, 4 veiniklaasi | Adexa WGA18500400G - Adexa \u2013 Suurk\u00f6\u00f6giseadmed restoranidele ja toitlustusele","isPartOf":{"@id":"https:\/\/adexa.ee\/#website"},"primaryImageOfPage":{"@id":"https:\/\/adexa.ee\/toode\/veiniklaasihoidja-kuldne-seinale-kinnitatav-pikkus-400-mm-4-veiniklaasi-adexa-wga18500400g\/#primaryimage"},"image":{"@id":"https:\/\/adexa.ee\/toode\/veiniklaasihoidja-kuldne-seinale-kinnitatav-pikkus-400-mm-4-veiniklaasi-adexa-wga18500400g\/#primaryimage"},"thumbnailUrl":"https:\/\/adexa.ee\/wp-content\/uploads\/2024\/12\/WGA18500400G.jpg","datePublished":"2026-03-26T08:35:52+00:00","dateModified":"2026-03-26T08:35:55+00:00","breadcrumb":{"@id":"https:\/\/adexa.ee\/toode\/veiniklaasihoidja-kuldne-seinale-kinnitatav-pikkus-400-mm-4-veiniklaasi-adexa-wga18500400g\/#breadcrumb"},"inLanguage":"en-US","potentialAction":[{"@type":"ReadAction","target":["https:\/\/adexa.ee\/toode\/veiniklaasihoidja-kuldne-seinale-kinnitatav-pikkus-400-mm-4-veiniklaasi-adexa-wga18500400g\/"]}]},{"@type":"ImageObject","inLanguage":"en-US","@id":"https:\/\/adexa.ee\/toode\/veiniklaasihoidja-kuldne-seinale-kinnitatav-pikkus-400-mm-4-veiniklaasi-adexa-wga18500400g\/#primaryimage","url":"https:\/\/adexa.ee\/wp-content\/uploads\/2024\/12\/WGA18500400G.jpg","contentUrl":"https:\/\/adexa.ee\/wp-content\/uploads\/2024\/12\/WGA18500400G.jpg","width":1800,"height":1800},{"@type":"BreadcrumbList","@id":"https:\/\/adexa.ee\/toode\/veiniklaasihoidja-kuldne-seinale-kinnitatav-pikkus-400-mm-4-veiniklaasi-adexa-wga18500400g\/#breadcrumb","itemListElement":[{"@type":"ListItem","position":1,"name":"Home","item":"https:\/\/adexa.ee\/"},{"@type":"ListItem","position":2,"name":"Tooted","item":"https:\/\/adexa.ee\/pood\/"},{"@type":"ListItem","position":3,"name":"Veiniklaasihoidja kuldne, seinale kinnitatav, pikkus 400 mm, 4 veiniklaasi | Adexa WGA18500400G"}]},{"@type":"WebSite","@id":"https:\/\/adexa.ee\/#website","url":"https:\/\/adexa.ee\/","name":"Adexa","description":"","publisher":{"@id":"https:\/\/adexa.ee\/#organization"},"potentialAction":[{"@type":"SearchAction","target":{"@type":"EntryPoint","urlTemplate":"https:\/\/adexa.ee\/?s={search_term_string}"},"query-input":{"@type":"PropertyValueSpecification","valueRequired":true,"valueName":"search_term_string"}}],"inLanguage":"en-US"},{"@type":"Organization","@id":"https:\/\/adexa.ee\/#organization","name":"Adexa","url":"https:\/\/adexa.ee\/","logo":{"@type":"ImageObject","inLanguage":"en-US","@id":"https:\/\/adexa.ee\/#\/schema\/logo\/image\/","url":"https:\/\/adexa.ee\/wp-content\/uploads\/2024\/04\/chef-cooks-working-in-professional-kitchen-2023-11-27-05-07-39-utc-scaled.jpg","contentUrl":"https:\/\/adexa.ee\/wp-content\/uploads\/2024\/04\/chef-cooks-working-in-professional-kitchen-2023-11-27-05-07-39-utc-scaled.jpg","width":2560,"height":1708,"caption":"Adexa"},"image":{"@id":"https:\/\/adexa.ee\/#\/schema\/logo\/image\/"}}]}},"_links":{"self":[{"href":"https:\/\/adexa.ee\/en\/wp-json\/wp\/v2\/product\/15787","targetHints":{"allow":["GET"]}}],"collection":[{"href":"https:\/\/adexa.ee\/en\/wp-json\/wp\/v2\/product"}],"about":[{"href":"https:\/\/adexa.ee\/en\/wp-json\/wp\/v2\/types\/product"}],"wp:featuredmedia":[{"embeddable":true,"href":"https:\/\/adexa.ee\/en\/wp-json\/wp\/v2\/media\/15789"}],"wp:attachment":[{"href":"https:\/\/adexa.ee\/en\/wp-json\/wp\/v2\/media?parent=15787"}],"wp:term":[{"taxonomy":"product_brand","embeddable":true,"href":"https:\/\/adexa.ee\/en\/wp-json\/wp\/v2\/product_brand?post=15787"},{"taxonomy":"product_cat","embeddable":true,"href":"https:\/\/adexa.ee\/en\/wp-json\/wp\/v2\/product_cat?post=15787"},{"taxonomy":"product_tag","embeddable":true,"href":"https:\/\/adexa.ee\/en\/wp-json\/wp\/v2\/product_tag?post=15787"}],"curies":[{"name":"wp","href":"https:\/\/api.w.org\/{rel}","templated":true}]}}