{"id":15793,"date":"2026-03-26T10:35:52","date_gmt":"2026-03-26T08:35:52","guid":{"rendered":"https:\/\/adexa.ee\/toode\/kaubanduslik-toopinna-porandakapp-lukandustega-roostevaba-teras-1800x600x850mm-adexa-vtc186sl\/"},"modified":"2026-03-26T10:35:55","modified_gmt":"2026-03-26T08:35:55","slug":"toopinna-porandakapp-lukandustega-roostevaba-teras-1800x600x850mm-adexa-vtc186sl","status":"publish","type":"product","link":"https:\/\/adexa.ee\/en\/toode\/toopinna-porandakapp-lukandustega-roostevaba-teras-1800x600x850mm-adexa-vtc186sl\/","title":{"rendered":"t\u00f6\u00f6pinna p\u00f5randakapp l\u00fckandustega Roostevaba teras 1800x600x850mm | Adexa VTC186SL"},"content":{"rendered":"<p>See roostevabast terasest kapp sobib ideaalselt kasutamiseks t\u00f6\u00f6lauda asemel teie restoranis v\u00f5i toitlustusasutuses. Valmistatud t\u00e4ielikult k\u00f5rgekvaliteedilisest roostevabast terasest Raskeveokite professionaalne k\u00f6\u00f6gialus, mis talub tiheda k\u00f6\u00f6gi n\u00f5udmisi Ideaalne s\u00f6\u00f6giriistade, k\u00f6\u00f6gitarvikute v\u00f5i men\u00fc\u00fcde hoiustamiseks Kasulik lahtiste toiduainete, nagu riis v\u00f5i jahu, hoidmiseks Sellel kapil on kergesti libisevad uksed Ruumis\u00e4\u00e4stlik 600 mm s\u00fcgavus T\u00e4psema teabe jaoks vaadake jaotist &#8216;Spetsifikatsioon&#8217;.<\/p>\n<table style=\"border-collapse: collapse; width: 100%; text-align: left;\">\n<tbody>\n<tr>\n<td style=\"border: 1px solid #ddd; padding: 8px; width: 45%;\"><strong>S\u00fcgavus<\/strong><\/td>\n<td style=\"border: 1px solid #ddd; padding: 8px;\">600 mm<\/td>\n<\/tr>\n<tr>\n<td style=\"border: 1px solid #ddd; padding: 8px; width: 45%;\"><strong>K\u00f5rgus<\/strong><\/td>\n<td style=\"border: 1px solid #ddd; padding: 8px;\">Reguleeritav 830-870 mm<\/td>\n<\/tr>\n<tr>\n<td style=\"border: 1px solid #ddd; padding: 8px; width: 45%;\"><strong>Laius<\/strong><\/td>\n<td style=\"border: 1px solid #ddd; padding: 8px;\">1800 mm<\/td>\n<\/tr>\n<tr>\n<td style=\"border: 1px solid #ddd; padding: 8px; width: 45%;\"><strong>Kaal<\/strong><\/td>\n<td style=\"border: 1px solid #ddd; padding: 8px;\">69 kg<\/td>\n<\/tr>\n<tr>\n<td style=\"border: 1px solid #ddd; padding: 8px; width: 45%;\"><strong>Garantii<\/strong><\/td>\n<td style=\"border: 1px solid #ddd; padding: 8px;\">12 kuu varuosade garantii<\/td>\n<\/tr>\n<tr>\n<td style=\"border: 1px solid #ddd; padding: 8px; width: 45%;\"><strong>Uksed<\/strong><\/td>\n<td style=\"border: 1px solid #ddd; padding: 8px;\">2 l\u00fckandust<\/td>\n<\/tr>\n<tr>\n<td style=\"border: 1px solid #ddd; padding: 8px; width: 45%;\"><strong>Materjal<\/strong><\/td>\n<td style=\"border: 1px solid #ddd; padding: 8px;\">Roostevaba teras<\/td>\n<\/tr>\n<\/tbody>\n<\/table>\n","protected":false},"excerpt":{"rendered":"<p>See roostevabast terasest kapp sobib ideaalselt kasutamiseks t\u00f6\u00f6lauda asemel teie restoranis v\u00f5i toitlustusasutuses. Valmistatud t\u00e4ielikult k\u00f5rgekvaliteedilisest roostevabast terasest Raskeveokite professionaalne<\/p>\n","protected":false},"featured_media":11347,"template":"","meta":[],"product_brand":[],"product_cat":[615,569,572,795],"product_tag":[],"class_list":{"0":"post-15793","1":"product","2":"type-product","3":"status-publish","4":"has-post-thumbnail","6":"product_cat-aluslaekapid","7":"product_cat-lopumuuk","8":"product_cat-roostevabad-tooted","9":"product_cat-sugavus-600-mm","11":"first","12":"instock","13":"sale","14":"taxable","15":"shipping-taxable","16":"purchasable","17":"product-type-simple"},"yoast_head":"<!-- This site is optimized with the Yoast SEO plugin v27.3 - https:\/\/yoast.com\/product\/yoast-seo-wordpress\/ -->\n<title>t\u00f6\u00f6pinna p\u00f5randakapp l\u00fckandustega Roostevaba teras 1800x600x850mm | Adexa VTC186SL - Adexa \u2013 Suurk\u00f6\u00f6giseadmed restoranidele ja toitlustusele<\/title>\n<meta name=\"robots\" content=\"index, follow, max-snippet:-1, max-image-preview:large, max-video-preview:-1\" \/>\n<link rel=\"canonical\" href=\"https:\/\/adexa.ee\/toode\/toopinna-porandakapp-lukandustega-roostevaba-teras-1800x600x850mm-adexa-vtc186sl\/\" \/>\n<meta property=\"og:locale\" content=\"en_US\" \/>\n<meta property=\"og:type\" content=\"article\" \/>\n<meta property=\"og:title\" content=\"t\u00f6\u00f6pinna p\u00f5randakapp l\u00fckandustega Roostevaba teras 1800x600x850mm | Adexa VTC186SL - Adexa \u2013 Suurk\u00f6\u00f6giseadmed restoranidele ja toitlustusele\" \/>\n<meta property=\"og:description\" content=\"See roostevabast terasest kapp sobib ideaalselt kasutamiseks t\u00f6\u00f6lauda asemel teie restoranis v\u00f5i toitlustusasutuses. Valmistatud t\u00e4ielikult k\u00f5rgekvaliteedilisest roostevabast terasest Raskeveokite professionaalne\" \/>\n<meta property=\"og:url\" content=\"https:\/\/adexa.ee\/toode\/toopinna-porandakapp-lukandustega-roostevaba-teras-1800x600x850mm-adexa-vtc186sl\/\" \/>\n<meta property=\"og:site_name\" content=\"Adexa \u2013 Suurk\u00f6\u00f6giseadmed restoranidele ja toitlustusele\" \/>\n<meta property=\"article:modified_time\" content=\"2026-03-26T08:35:55+00:00\" \/>\n<meta property=\"og:image\" content=\"https:\/\/adexa.ee\/wp-content\/uploads\/2024\/12\/SCP.jpg\" \/>\n\t<meta property=\"og:image:width\" content=\"2000\" \/>\n\t<meta property=\"og:image:height\" content=\"2000\" \/>\n\t<meta property=\"og:image:type\" content=\"image\/jpeg\" \/>\n<meta name=\"twitter:card\" content=\"summary_large_image\" \/>\n<script type=\"application\/ld+json\" class=\"yoast-schema-graph\">{\"@context\":\"https:\\\/\\\/schema.org\",\"@graph\":[{\"@type\":\"WebPage\",\"@id\":\"https:\\\/\\\/adexa.ee\\\/toode\\\/toopinna-porandakapp-lukandustega-roostevaba-teras-1800x600x850mm-adexa-vtc186sl\\\/\",\"url\":\"https:\\\/\\\/adexa.ee\\\/toode\\\/toopinna-porandakapp-lukandustega-roostevaba-teras-1800x600x850mm-adexa-vtc186sl\\\/\",\"name\":\"t\u00f6\u00f6pinna p\u00f5randakapp l\u00fckandustega Roostevaba teras 1800x600x850mm | Adexa VTC186SL - Adexa \u2013 Suurk\u00f6\u00f6giseadmed restoranidele ja toitlustusele\",\"isPartOf\":{\"@id\":\"https:\\\/\\\/adexa.ee\\\/#website\"},\"primaryImageOfPage\":{\"@id\":\"https:\\\/\\\/adexa.ee\\\/toode\\\/toopinna-porandakapp-lukandustega-roostevaba-teras-1800x600x850mm-adexa-vtc186sl\\\/#primaryimage\"},\"image\":{\"@id\":\"https:\\\/\\\/adexa.ee\\\/toode\\\/toopinna-porandakapp-lukandustega-roostevaba-teras-1800x600x850mm-adexa-vtc186sl\\\/#primaryimage\"},\"thumbnailUrl\":\"https:\\\/\\\/adexa.ee\\\/wp-content\\\/uploads\\\/2024\\\/12\\\/SCP.jpg\",\"datePublished\":\"2026-03-26T08:35:52+00:00\",\"dateModified\":\"2026-03-26T08:35:55+00:00\",\"breadcrumb\":{\"@id\":\"https:\\\/\\\/adexa.ee\\\/toode\\\/toopinna-porandakapp-lukandustega-roostevaba-teras-1800x600x850mm-adexa-vtc186sl\\\/#breadcrumb\"},\"inLanguage\":\"en-US\",\"potentialAction\":[{\"@type\":\"ReadAction\",\"target\":[\"https:\\\/\\\/adexa.ee\\\/toode\\\/toopinna-porandakapp-lukandustega-roostevaba-teras-1800x600x850mm-adexa-vtc186sl\\\/\"]}]},{\"@type\":\"ImageObject\",\"inLanguage\":\"en-US\",\"@id\":\"https:\\\/\\\/adexa.ee\\\/toode\\\/toopinna-porandakapp-lukandustega-roostevaba-teras-1800x600x850mm-adexa-vtc186sl\\\/#primaryimage\",\"url\":\"https:\\\/\\\/adexa.ee\\\/wp-content\\\/uploads\\\/2024\\\/12\\\/SCP.jpg\",\"contentUrl\":\"https:\\\/\\\/adexa.ee\\\/wp-content\\\/uploads\\\/2024\\\/12\\\/SCP.jpg\",\"width\":2000,\"height\":2000},{\"@type\":\"BreadcrumbList\",\"@id\":\"https:\\\/\\\/adexa.ee\\\/toode\\\/toopinna-porandakapp-lukandustega-roostevaba-teras-1800x600x850mm-adexa-vtc186sl\\\/#breadcrumb\",\"itemListElement\":[{\"@type\":\"ListItem\",\"position\":1,\"name\":\"Home\",\"item\":\"https:\\\/\\\/adexa.ee\\\/\"},{\"@type\":\"ListItem\",\"position\":2,\"name\":\"Tooted\",\"item\":\"https:\\\/\\\/adexa.ee\\\/pood\\\/\"},{\"@type\":\"ListItem\",\"position\":3,\"name\":\"t\u00f6\u00f6pinna p\u00f5randakapp l\u00fckandustega Roostevaba teras 1800x600x850mm | Adexa VTC186SL\"}]},{\"@type\":\"WebSite\",\"@id\":\"https:\\\/\\\/adexa.ee\\\/#website\",\"url\":\"https:\\\/\\\/adexa.ee\\\/\",\"name\":\"Adexa\",\"description\":\"\",\"publisher\":{\"@id\":\"https:\\\/\\\/adexa.ee\\\/#organization\"},\"potentialAction\":[{\"@type\":\"SearchAction\",\"target\":{\"@type\":\"EntryPoint\",\"urlTemplate\":\"https:\\\/\\\/adexa.ee\\\/?s={search_term_string}\"},\"query-input\":{\"@type\":\"PropertyValueSpecification\",\"valueRequired\":true,\"valueName\":\"search_term_string\"}}],\"inLanguage\":\"en-US\"},{\"@type\":\"Organization\",\"@id\":\"https:\\\/\\\/adexa.ee\\\/#organization\",\"name\":\"Adexa\",\"url\":\"https:\\\/\\\/adexa.ee\\\/\",\"logo\":{\"@type\":\"ImageObject\",\"inLanguage\":\"en-US\",\"@id\":\"https:\\\/\\\/adexa.ee\\\/#\\\/schema\\\/logo\\\/image\\\/\",\"url\":\"https:\\\/\\\/adexa.ee\\\/wp-content\\\/uploads\\\/2024\\\/04\\\/chef-cooks-working-in-professional-kitchen-2023-11-27-05-07-39-utc-scaled.jpg\",\"contentUrl\":\"https:\\\/\\\/adexa.ee\\\/wp-content\\\/uploads\\\/2024\\\/04\\\/chef-cooks-working-in-professional-kitchen-2023-11-27-05-07-39-utc-scaled.jpg\",\"width\":2560,\"height\":1708,\"caption\":\"Adexa\"},\"image\":{\"@id\":\"https:\\\/\\\/adexa.ee\\\/#\\\/schema\\\/logo\\\/image\\\/\"}}]}<\/script>\n<!-- \/ Yoast SEO plugin. -->","yoast_head_json":{"title":"t\u00f6\u00f6pinna p\u00f5randakapp l\u00fckandustega Roostevaba teras 1800x600x850mm | Adexa VTC186SL - Adexa \u2013 Suurk\u00f6\u00f6giseadmed restoranidele ja toitlustusele","robots":{"index":"index","follow":"follow","max-snippet":"max-snippet:-1","max-image-preview":"max-image-preview:large","max-video-preview":"max-video-preview:-1"},"canonical":"https:\/\/adexa.ee\/toode\/toopinna-porandakapp-lukandustega-roostevaba-teras-1800x600x850mm-adexa-vtc186sl\/","og_locale":"en_US","og_type":"article","og_title":"t\u00f6\u00f6pinna p\u00f5randakapp l\u00fckandustega Roostevaba teras 1800x600x850mm | Adexa VTC186SL - Adexa \u2013 Suurk\u00f6\u00f6giseadmed restoranidele ja toitlustusele","og_description":"See roostevabast terasest kapp sobib ideaalselt kasutamiseks t\u00f6\u00f6lauda asemel teie restoranis v\u00f5i toitlustusasutuses. Valmistatud t\u00e4ielikult k\u00f5rgekvaliteedilisest roostevabast terasest Raskeveokite professionaalne","og_url":"https:\/\/adexa.ee\/toode\/toopinna-porandakapp-lukandustega-roostevaba-teras-1800x600x850mm-adexa-vtc186sl\/","og_site_name":"Adexa \u2013 Suurk\u00f6\u00f6giseadmed restoranidele ja toitlustusele","article_modified_time":"2026-03-26T08:35:55+00:00","og_image":[{"width":2000,"height":2000,"url":"https:\/\/adexa.ee\/wp-content\/uploads\/2024\/12\/SCP.jpg","type":"image\/jpeg"}],"twitter_card":"summary_large_image","schema":{"@context":"https:\/\/schema.org","@graph":[{"@type":"WebPage","@id":"https:\/\/adexa.ee\/toode\/toopinna-porandakapp-lukandustega-roostevaba-teras-1800x600x850mm-adexa-vtc186sl\/","url":"https:\/\/adexa.ee\/toode\/toopinna-porandakapp-lukandustega-roostevaba-teras-1800x600x850mm-adexa-vtc186sl\/","name":"t\u00f6\u00f6pinna p\u00f5randakapp l\u00fckandustega Roostevaba teras 1800x600x850mm | Adexa VTC186SL - Adexa \u2013 Suurk\u00f6\u00f6giseadmed restoranidele ja toitlustusele","isPartOf":{"@id":"https:\/\/adexa.ee\/#website"},"primaryImageOfPage":{"@id":"https:\/\/adexa.ee\/toode\/toopinna-porandakapp-lukandustega-roostevaba-teras-1800x600x850mm-adexa-vtc186sl\/#primaryimage"},"image":{"@id":"https:\/\/adexa.ee\/toode\/toopinna-porandakapp-lukandustega-roostevaba-teras-1800x600x850mm-adexa-vtc186sl\/#primaryimage"},"thumbnailUrl":"https:\/\/adexa.ee\/wp-content\/uploads\/2024\/12\/SCP.jpg","datePublished":"2026-03-26T08:35:52+00:00","dateModified":"2026-03-26T08:35:55+00:00","breadcrumb":{"@id":"https:\/\/adexa.ee\/toode\/toopinna-porandakapp-lukandustega-roostevaba-teras-1800x600x850mm-adexa-vtc186sl\/#breadcrumb"},"inLanguage":"en-US","potentialAction":[{"@type":"ReadAction","target":["https:\/\/adexa.ee\/toode\/toopinna-porandakapp-lukandustega-roostevaba-teras-1800x600x850mm-adexa-vtc186sl\/"]}]},{"@type":"ImageObject","inLanguage":"en-US","@id":"https:\/\/adexa.ee\/toode\/toopinna-porandakapp-lukandustega-roostevaba-teras-1800x600x850mm-adexa-vtc186sl\/#primaryimage","url":"https:\/\/adexa.ee\/wp-content\/uploads\/2024\/12\/SCP.jpg","contentUrl":"https:\/\/adexa.ee\/wp-content\/uploads\/2024\/12\/SCP.jpg","width":2000,"height":2000},{"@type":"BreadcrumbList","@id":"https:\/\/adexa.ee\/toode\/toopinna-porandakapp-lukandustega-roostevaba-teras-1800x600x850mm-adexa-vtc186sl\/#breadcrumb","itemListElement":[{"@type":"ListItem","position":1,"name":"Home","item":"https:\/\/adexa.ee\/"},{"@type":"ListItem","position":2,"name":"Tooted","item":"https:\/\/adexa.ee\/pood\/"},{"@type":"ListItem","position":3,"name":"t\u00f6\u00f6pinna p\u00f5randakapp l\u00fckandustega Roostevaba teras 1800x600x850mm | Adexa VTC186SL"}]},{"@type":"WebSite","@id":"https:\/\/adexa.ee\/#website","url":"https:\/\/adexa.ee\/","name":"Adexa","description":"","publisher":{"@id":"https:\/\/adexa.ee\/#organization"},"potentialAction":[{"@type":"SearchAction","target":{"@type":"EntryPoint","urlTemplate":"https:\/\/adexa.ee\/?s={search_term_string}"},"query-input":{"@type":"PropertyValueSpecification","valueRequired":true,"valueName":"search_term_string"}}],"inLanguage":"en-US"},{"@type":"Organization","@id":"https:\/\/adexa.ee\/#organization","name":"Adexa","url":"https:\/\/adexa.ee\/","logo":{"@type":"ImageObject","inLanguage":"en-US","@id":"https:\/\/adexa.ee\/#\/schema\/logo\/image\/","url":"https:\/\/adexa.ee\/wp-content\/uploads\/2024\/04\/chef-cooks-working-in-professional-kitchen-2023-11-27-05-07-39-utc-scaled.jpg","contentUrl":"https:\/\/adexa.ee\/wp-content\/uploads\/2024\/04\/chef-cooks-working-in-professional-kitchen-2023-11-27-05-07-39-utc-scaled.jpg","width":2560,"height":1708,"caption":"Adexa"},"image":{"@id":"https:\/\/adexa.ee\/#\/schema\/logo\/image\/"}}]}},"_links":{"self":[{"href":"https:\/\/adexa.ee\/en\/wp-json\/wp\/v2\/product\/15793","targetHints":{"allow":["GET"]}}],"collection":[{"href":"https:\/\/adexa.ee\/en\/wp-json\/wp\/v2\/product"}],"about":[{"href":"https:\/\/adexa.ee\/en\/wp-json\/wp\/v2\/types\/product"}],"wp:featuredmedia":[{"embeddable":true,"href":"https:\/\/adexa.ee\/en\/wp-json\/wp\/v2\/media\/11347"}],"wp:attachment":[{"href":"https:\/\/adexa.ee\/en\/wp-json\/wp\/v2\/media?parent=15793"}],"wp:term":[{"taxonomy":"product_brand","embeddable":true,"href":"https:\/\/adexa.ee\/en\/wp-json\/wp\/v2\/product_brand?post=15793"},{"taxonomy":"product_cat","embeddable":true,"href":"https:\/\/adexa.ee\/en\/wp-json\/wp\/v2\/product_cat?post=15793"},{"taxonomy":"product_tag","embeddable":true,"href":"https:\/\/adexa.ee\/en\/wp-json\/wp\/v2\/product_tag?post=15793"}],"curies":[{"name":"wp","href":"https:\/\/api.w.org\/{rel}","templated":true}]}}