{"id":15795,"date":"2026-03-26T10:35:52","date_gmt":"2026-03-26T08:35:52","guid":{"rendered":"https:\/\/adexa.ee\/toode\/kommertslik-toidusoojendaja-3-sahtliga-gn1-1-adexa-whbwd03\/"},"modified":"2026-03-26T10:35:56","modified_gmt":"2026-03-26T08:35:56","slug":"toidusoojendaja-3-sahtliga-gn1-1-adexa-whbwd03","status":"publish","type":"product","link":"https:\/\/adexa.ee\/en\/toode\/toidusoojendaja-3-sahtliga-gn1-1-adexa-whbwd03\/","title":{"rendered":"Toidusoojendaja 3 Sahtliga Gn1\/1 | Adexa Whbwd03"},"content":{"rendered":"<p>See \u00fche sahtliga soojendaja sisaldab s\u00fcsteemi, mis tagab toidule \u00f5rna kiirgusk\u00fctte. Selles sahtlis soojendatud toidud j\u00e4\u00e4vad kauem niiskeks, maitsekaks ja ahvatlevaks! Kogu roostevabast terasest struktuur Termostaadiga juhitav, vastupidav ja tugev L\u00fcliti koos valgustusega Raskekujuline konstruktsioon Erilise kujuga k\u00fcttekeha \u00fchtlase kuumuse jaotamiseks<\/p>\n<table style=\"border-collapse: collapse; width: 100%; text-align: left;\">\n<tbody>\n<tr>\n<td style=\"border: 1px solid #ddd; padding: 8px; width: 45%;\"><strong>S\u00fcgavus<\/strong><\/td>\n<td style=\"border: 1px solid #ddd; padding: 8px;\">480 mm<\/td>\n<\/tr>\n<tr>\n<td style=\"border: 1px solid #ddd; padding: 8px; width: 45%;\"><strong>K\u00f5rgus<\/strong><\/td>\n<td style=\"border: 1px solid #ddd; padding: 8px;\">760 mm<\/td>\n<\/tr>\n<tr>\n<td style=\"border: 1px solid #ddd; padding: 8px; width: 45%;\"><strong>Laius<\/strong><\/td>\n<td style=\"border: 1px solid #ddd; padding: 8px;\">600 mm<\/td>\n<\/tr>\n<tr>\n<td style=\"border: 1px solid #ddd; padding: 8px; width: 45%;\"><strong>Kaal<\/strong><\/td>\n<td style=\"border: 1px solid #ddd; padding: 8px;\">31 kg<\/td>\n<\/tr>\n<tr>\n<td style=\"border: 1px solid #ddd; padding: 8px; width: 45%;\"><strong>Garantii<\/strong><\/td>\n<td style=\"border: 1px solid #ddd; padding: 8px;\">12 kuu varuosade garantii<\/td>\n<\/tr>\n<tr>\n<td style=\"border: 1px solid #ddd; padding: 8px; width: 45%;\"><strong>Toiteallikas<\/strong><\/td>\n<td style=\"border: 1px solid #ddd; padding: 8px;\">230V \/ 1 faas<\/td>\n<\/tr>\n<tr>\n<td style=\"border: 1px solid #ddd; padding: 8px; width: 45%;\"><strong>V\u00f5imsus<\/strong><\/td>\n<td style=\"border: 1px solid #ddd; padding: 8px;\">800 W<\/td>\n<\/tr>\n<tr>\n<td style=\"border: 1px solid #ddd; padding: 8px; width: 45%;\"><strong>Materjal<\/strong><\/td>\n<td style=\"border: 1px solid #ddd; padding: 8px;\">Roostevaba teras<\/td>\n<\/tr>\n<tr>\n<td style=\"border: 1px solid #ddd; padding: 8px; width: 45%;\"><strong>Kaasas<\/strong><\/td>\n<td style=\"border: 1px solid #ddd; padding: 8px;\">3xGN1\/1 konteinerid<\/td>\n<\/tr>\n<tr>\n<td style=\"border: 1px solid #ddd; padding: 8px; width: 45%;\"><strong>Temperatuur<\/strong><\/td>\n<td style=\"border: 1px solid #ddd; padding: 8px;\">+30 kuni +85 \u00b0C<\/td>\n<\/tr>\n<tr>\n<td style=\"border: 1px solid #ddd; padding: 8px; width: 45%;\"><strong>Kontrollid<\/strong><\/td>\n<td style=\"border: 1px solid #ddd; padding: 8px;\">Digitaalne<\/td>\n<\/tr>\n<tr>\n<td style=\"border: 1px solid #ddd; padding: 8px; width: 45%;\"><strong>K\u00fcte<\/strong><\/td>\n<td style=\"border: 1px solid #ddd; padding: 8px;\">Ventilaatori k\u00fcte kiireks ja \u00fchtlaseks soojendamiseks<\/td>\n<\/tr>\n<tr>\n<td style=\"border: 1px solid #ddd; padding: 8px; width: 45%;\"><strong>Niiskuse kontroll<\/strong><\/td>\n<td style=\"border: 1px solid #ddd; padding: 8px;\">Veepaak<\/td>\n<\/tr>\n<tr>\n<td style=\"border: 1px solid #ddd; padding: 8px; width: 45%;\"><strong>Sahtel(d)<\/strong><\/td>\n<td style=\"border: 1px solid #ddd; padding: 8px;\">3 (GN1\/1)<\/td>\n<\/tr>\n<\/tbody>\n<\/table>\n","protected":false},"excerpt":{"rendered":"<p>See \u00fche sahtliga soojendaja sisaldab s\u00fcsteemi, mis tagab toidule \u00f5rna kiirgusk\u00fctte. Selles sahtlis soojendatud toidud j\u00e4\u00e4vad kauem niiskeks, maitsekaks ja<\/p>\n","protected":false},"featured_media":15798,"template":"","meta":[],"product_brand":[],"product_cat":[694,557,671,558],"product_tag":[],"class_list":{"0":"post-15795","1":"product","2":"type-product","3":"status-publish","4":"has-post-thumbnail","6":"product_cat-hot-dogi-soojendid","7":"product_cat-kupsetusseadmed","8":"product_cat-muud-toidu-soojendusvahendid","9":"product_cat-toidu-soojendamine","11":"first","12":"instock","13":"sale","14":"taxable","15":"shipping-taxable","16":"purchasable","17":"product-type-simple"},"yoast_head":"<!-- This site is optimized with the Yoast SEO plugin v27.3 - https:\/\/yoast.com\/product\/yoast-seo-wordpress\/ -->\n<title>Toidusoojendaja 3 Sahtliga Gn1\/1 | Adexa Whbwd03 - Adexa \u2013 Suurk\u00f6\u00f6giseadmed restoranidele ja toitlustusele<\/title>\n<meta name=\"robots\" content=\"index, follow, max-snippet:-1, max-image-preview:large, max-video-preview:-1\" \/>\n<link rel=\"canonical\" href=\"https:\/\/adexa.ee\/toode\/toidusoojendaja-3-sahtliga-gn1-1-adexa-whbwd03\/\" \/>\n<meta property=\"og:locale\" content=\"en_US\" \/>\n<meta property=\"og:type\" content=\"article\" \/>\n<meta property=\"og:title\" content=\"Toidusoojendaja 3 Sahtliga Gn1\/1 | Adexa Whbwd03 - Adexa \u2013 Suurk\u00f6\u00f6giseadmed restoranidele ja toitlustusele\" \/>\n<meta property=\"og:description\" content=\"See \u00fche sahtliga soojendaja sisaldab s\u00fcsteemi, mis tagab toidule \u00f5rna kiirgusk\u00fctte. Selles sahtlis soojendatud toidud j\u00e4\u00e4vad kauem niiskeks, maitsekaks ja\" \/>\n<meta property=\"og:url\" content=\"https:\/\/adexa.ee\/toode\/toidusoojendaja-3-sahtliga-gn1-1-adexa-whbwd03\/\" \/>\n<meta property=\"og:site_name\" content=\"Adexa \u2013 Suurk\u00f6\u00f6giseadmed restoranidele ja toitlustusele\" \/>\n<meta property=\"article:modified_time\" content=\"2026-03-26T08:35:56+00:00\" \/>\n<meta property=\"og:image\" content=\"https:\/\/adexa.ee\/wp-content\/uploads\/2024\/12\/WHBWD03.jpg\" \/>\n\t<meta property=\"og:image:width\" content=\"1295\" \/>\n\t<meta property=\"og:image:height\" content=\"1295\" \/>\n\t<meta property=\"og:image:type\" content=\"image\/jpeg\" \/>\n<meta name=\"twitter:card\" content=\"summary_large_image\" \/>\n<script type=\"application\/ld+json\" class=\"yoast-schema-graph\">{\"@context\":\"https:\\\/\\\/schema.org\",\"@graph\":[{\"@type\":\"WebPage\",\"@id\":\"https:\\\/\\\/adexa.ee\\\/toode\\\/toidusoojendaja-3-sahtliga-gn1-1-adexa-whbwd03\\\/\",\"url\":\"https:\\\/\\\/adexa.ee\\\/toode\\\/toidusoojendaja-3-sahtliga-gn1-1-adexa-whbwd03\\\/\",\"name\":\"Toidusoojendaja 3 Sahtliga Gn1\\\/1 | Adexa Whbwd03 - Adexa \u2013 Suurk\u00f6\u00f6giseadmed restoranidele ja toitlustusele\",\"isPartOf\":{\"@id\":\"https:\\\/\\\/adexa.ee\\\/#website\"},\"primaryImageOfPage\":{\"@id\":\"https:\\\/\\\/adexa.ee\\\/toode\\\/toidusoojendaja-3-sahtliga-gn1-1-adexa-whbwd03\\\/#primaryimage\"},\"image\":{\"@id\":\"https:\\\/\\\/adexa.ee\\\/toode\\\/toidusoojendaja-3-sahtliga-gn1-1-adexa-whbwd03\\\/#primaryimage\"},\"thumbnailUrl\":\"https:\\\/\\\/adexa.ee\\\/wp-content\\\/uploads\\\/2024\\\/12\\\/WHBWD03.jpg\",\"datePublished\":\"2026-03-26T08:35:52+00:00\",\"dateModified\":\"2026-03-26T08:35:56+00:00\",\"breadcrumb\":{\"@id\":\"https:\\\/\\\/adexa.ee\\\/toode\\\/toidusoojendaja-3-sahtliga-gn1-1-adexa-whbwd03\\\/#breadcrumb\"},\"inLanguage\":\"en-US\",\"potentialAction\":[{\"@type\":\"ReadAction\",\"target\":[\"https:\\\/\\\/adexa.ee\\\/toode\\\/toidusoojendaja-3-sahtliga-gn1-1-adexa-whbwd03\\\/\"]}]},{\"@type\":\"ImageObject\",\"inLanguage\":\"en-US\",\"@id\":\"https:\\\/\\\/adexa.ee\\\/toode\\\/toidusoojendaja-3-sahtliga-gn1-1-adexa-whbwd03\\\/#primaryimage\",\"url\":\"https:\\\/\\\/adexa.ee\\\/wp-content\\\/uploads\\\/2024\\\/12\\\/WHBWD03.jpg\",\"contentUrl\":\"https:\\\/\\\/adexa.ee\\\/wp-content\\\/uploads\\\/2024\\\/12\\\/WHBWD03.jpg\",\"width\":1295,\"height\":1295},{\"@type\":\"BreadcrumbList\",\"@id\":\"https:\\\/\\\/adexa.ee\\\/toode\\\/toidusoojendaja-3-sahtliga-gn1-1-adexa-whbwd03\\\/#breadcrumb\",\"itemListElement\":[{\"@type\":\"ListItem\",\"position\":1,\"name\":\"Home\",\"item\":\"https:\\\/\\\/adexa.ee\\\/\"},{\"@type\":\"ListItem\",\"position\":2,\"name\":\"Tooted\",\"item\":\"https:\\\/\\\/adexa.ee\\\/pood\\\/\"},{\"@type\":\"ListItem\",\"position\":3,\"name\":\"Toidusoojendaja 3 Sahtliga Gn1\\\/1 | Adexa Whbwd03\"}]},{\"@type\":\"WebSite\",\"@id\":\"https:\\\/\\\/adexa.ee\\\/#website\",\"url\":\"https:\\\/\\\/adexa.ee\\\/\",\"name\":\"Adexa\",\"description\":\"\",\"publisher\":{\"@id\":\"https:\\\/\\\/adexa.ee\\\/#organization\"},\"potentialAction\":[{\"@type\":\"SearchAction\",\"target\":{\"@type\":\"EntryPoint\",\"urlTemplate\":\"https:\\\/\\\/adexa.ee\\\/?s={search_term_string}\"},\"query-input\":{\"@type\":\"PropertyValueSpecification\",\"valueRequired\":true,\"valueName\":\"search_term_string\"}}],\"inLanguage\":\"en-US\"},{\"@type\":\"Organization\",\"@id\":\"https:\\\/\\\/adexa.ee\\\/#organization\",\"name\":\"Adexa\",\"url\":\"https:\\\/\\\/adexa.ee\\\/\",\"logo\":{\"@type\":\"ImageObject\",\"inLanguage\":\"en-US\",\"@id\":\"https:\\\/\\\/adexa.ee\\\/#\\\/schema\\\/logo\\\/image\\\/\",\"url\":\"https:\\\/\\\/adexa.ee\\\/wp-content\\\/uploads\\\/2024\\\/04\\\/chef-cooks-working-in-professional-kitchen-2023-11-27-05-07-39-utc-scaled.jpg\",\"contentUrl\":\"https:\\\/\\\/adexa.ee\\\/wp-content\\\/uploads\\\/2024\\\/04\\\/chef-cooks-working-in-professional-kitchen-2023-11-27-05-07-39-utc-scaled.jpg\",\"width\":2560,\"height\":1708,\"caption\":\"Adexa\"},\"image\":{\"@id\":\"https:\\\/\\\/adexa.ee\\\/#\\\/schema\\\/logo\\\/image\\\/\"}}]}<\/script>\n<!-- \/ Yoast SEO plugin. -->","yoast_head_json":{"title":"Toidusoojendaja 3 Sahtliga Gn1\/1 | Adexa Whbwd03 - Adexa \u2013 Suurk\u00f6\u00f6giseadmed restoranidele ja toitlustusele","robots":{"index":"index","follow":"follow","max-snippet":"max-snippet:-1","max-image-preview":"max-image-preview:large","max-video-preview":"max-video-preview:-1"},"canonical":"https:\/\/adexa.ee\/toode\/toidusoojendaja-3-sahtliga-gn1-1-adexa-whbwd03\/","og_locale":"en_US","og_type":"article","og_title":"Toidusoojendaja 3 Sahtliga Gn1\/1 | Adexa Whbwd03 - Adexa \u2013 Suurk\u00f6\u00f6giseadmed restoranidele ja toitlustusele","og_description":"See \u00fche sahtliga soojendaja sisaldab s\u00fcsteemi, mis tagab toidule \u00f5rna kiirgusk\u00fctte. Selles sahtlis soojendatud toidud j\u00e4\u00e4vad kauem niiskeks, maitsekaks ja","og_url":"https:\/\/adexa.ee\/toode\/toidusoojendaja-3-sahtliga-gn1-1-adexa-whbwd03\/","og_site_name":"Adexa \u2013 Suurk\u00f6\u00f6giseadmed restoranidele ja toitlustusele","article_modified_time":"2026-03-26T08:35:56+00:00","og_image":[{"width":1295,"height":1295,"url":"https:\/\/adexa.ee\/wp-content\/uploads\/2024\/12\/WHBWD03.jpg","type":"image\/jpeg"}],"twitter_card":"summary_large_image","schema":{"@context":"https:\/\/schema.org","@graph":[{"@type":"WebPage","@id":"https:\/\/adexa.ee\/toode\/toidusoojendaja-3-sahtliga-gn1-1-adexa-whbwd03\/","url":"https:\/\/adexa.ee\/toode\/toidusoojendaja-3-sahtliga-gn1-1-adexa-whbwd03\/","name":"Toidusoojendaja 3 Sahtliga Gn1\/1 | Adexa Whbwd03 - Adexa \u2013 Suurk\u00f6\u00f6giseadmed restoranidele ja toitlustusele","isPartOf":{"@id":"https:\/\/adexa.ee\/#website"},"primaryImageOfPage":{"@id":"https:\/\/adexa.ee\/toode\/toidusoojendaja-3-sahtliga-gn1-1-adexa-whbwd03\/#primaryimage"},"image":{"@id":"https:\/\/adexa.ee\/toode\/toidusoojendaja-3-sahtliga-gn1-1-adexa-whbwd03\/#primaryimage"},"thumbnailUrl":"https:\/\/adexa.ee\/wp-content\/uploads\/2024\/12\/WHBWD03.jpg","datePublished":"2026-03-26T08:35:52+00:00","dateModified":"2026-03-26T08:35:56+00:00","breadcrumb":{"@id":"https:\/\/adexa.ee\/toode\/toidusoojendaja-3-sahtliga-gn1-1-adexa-whbwd03\/#breadcrumb"},"inLanguage":"en-US","potentialAction":[{"@type":"ReadAction","target":["https:\/\/adexa.ee\/toode\/toidusoojendaja-3-sahtliga-gn1-1-adexa-whbwd03\/"]}]},{"@type":"ImageObject","inLanguage":"en-US","@id":"https:\/\/adexa.ee\/toode\/toidusoojendaja-3-sahtliga-gn1-1-adexa-whbwd03\/#primaryimage","url":"https:\/\/adexa.ee\/wp-content\/uploads\/2024\/12\/WHBWD03.jpg","contentUrl":"https:\/\/adexa.ee\/wp-content\/uploads\/2024\/12\/WHBWD03.jpg","width":1295,"height":1295},{"@type":"BreadcrumbList","@id":"https:\/\/adexa.ee\/toode\/toidusoojendaja-3-sahtliga-gn1-1-adexa-whbwd03\/#breadcrumb","itemListElement":[{"@type":"ListItem","position":1,"name":"Home","item":"https:\/\/adexa.ee\/"},{"@type":"ListItem","position":2,"name":"Tooted","item":"https:\/\/adexa.ee\/pood\/"},{"@type":"ListItem","position":3,"name":"Toidusoojendaja 3 Sahtliga Gn1\/1 | Adexa Whbwd03"}]},{"@type":"WebSite","@id":"https:\/\/adexa.ee\/#website","url":"https:\/\/adexa.ee\/","name":"Adexa","description":"","publisher":{"@id":"https:\/\/adexa.ee\/#organization"},"potentialAction":[{"@type":"SearchAction","target":{"@type":"EntryPoint","urlTemplate":"https:\/\/adexa.ee\/?s={search_term_string}"},"query-input":{"@type":"PropertyValueSpecification","valueRequired":true,"valueName":"search_term_string"}}],"inLanguage":"en-US"},{"@type":"Organization","@id":"https:\/\/adexa.ee\/#organization","name":"Adexa","url":"https:\/\/adexa.ee\/","logo":{"@type":"ImageObject","inLanguage":"en-US","@id":"https:\/\/adexa.ee\/#\/schema\/logo\/image\/","url":"https:\/\/adexa.ee\/wp-content\/uploads\/2024\/04\/chef-cooks-working-in-professional-kitchen-2023-11-27-05-07-39-utc-scaled.jpg","contentUrl":"https:\/\/adexa.ee\/wp-content\/uploads\/2024\/04\/chef-cooks-working-in-professional-kitchen-2023-11-27-05-07-39-utc-scaled.jpg","width":2560,"height":1708,"caption":"Adexa"},"image":{"@id":"https:\/\/adexa.ee\/#\/schema\/logo\/image\/"}}]}},"_links":{"self":[{"href":"https:\/\/adexa.ee\/en\/wp-json\/wp\/v2\/product\/15795","targetHints":{"allow":["GET"]}}],"collection":[{"href":"https:\/\/adexa.ee\/en\/wp-json\/wp\/v2\/product"}],"about":[{"href":"https:\/\/adexa.ee\/en\/wp-json\/wp\/v2\/types\/product"}],"wp:featuredmedia":[{"embeddable":true,"href":"https:\/\/adexa.ee\/en\/wp-json\/wp\/v2\/media\/15798"}],"wp:attachment":[{"href":"https:\/\/adexa.ee\/en\/wp-json\/wp\/v2\/media?parent=15795"}],"wp:term":[{"taxonomy":"product_brand","embeddable":true,"href":"https:\/\/adexa.ee\/en\/wp-json\/wp\/v2\/product_brand?post=15795"},{"taxonomy":"product_cat","embeddable":true,"href":"https:\/\/adexa.ee\/en\/wp-json\/wp\/v2\/product_cat?post=15795"},{"taxonomy":"product_tag","embeddable":true,"href":"https:\/\/adexa.ee\/en\/wp-json\/wp\/v2\/product_tag?post=15795"}],"curies":[{"name":"wp","href":"https:\/\/api.w.org\/{rel}","templated":true}]}}