{"id":15825,"date":"2026-03-26T10:35:57","date_gmt":"2026-03-26T08:35:57","guid":{"rendered":"https:\/\/adexa.ee\/toode\/raskekaaluline-kahekaeline-kurnikauss-25l-roostevaba-teras-adexa-cl4524\/"},"modified":"2026-03-26T10:35:58","modified_gmt":"2026-03-26T08:35:58","slug":"kurnamiskauss-kaepidemetega-25l-roostevaba-teras-adexa-cl4524","status":"publish","type":"product","link":"https:\/\/adexa.ee\/en\/toode\/kurnamiskauss-kaepidemetega-25l-roostevaba-teras-adexa-cl4524\/","title":{"rendered":"Kurnamiskauss k\u00e4epidemetega 25L roostevaba teras | Adexa CL4524"},"content":{"rendered":"<p>See mitmek\u00fclgne kurn sobib ideaalselt puuviljade, k\u00f6\u00f6giviljade ja pasta n\u00f5rutamiseks t\u00e4nu t\u00e4psetele perforatsioonidele. Kaks vastupidavat sanga v\u00f5imaldavad k\u00f6\u00f6git\u00f6\u00f6tajatel kiiresti ja vaevata n\u00f5rutada ning transportida suuri koguseid toitu. T\u00e4psema teabe saamiseks vaadake jaotist &#8216;Spetsifikatsioon&#8217;.<\/p>\n<table style=\"border-collapse: collapse; width: 100%; text-align: left;\">\n<tbody>\n<tr>\n<td style=\"border: 1px solid #ddd; padding: 8px; width: 45%;\"><strong>K\u00f5rgus<\/strong><\/td>\n<td style=\"border: 1px solid #ddd; padding: 8px;\">240 mm<\/td>\n<\/tr>\n<tr>\n<td style=\"border: 1px solid #ddd; padding: 8px; width: 45%;\"><strong>Mahutavus<\/strong><\/td>\n<td style=\"border: 1px solid #ddd; padding: 8px;\">25L<\/td>\n<\/tr>\n<tr>\n<td style=\"border: 1px solid #ddd; padding: 8px; width: 45%;\"><strong>Materjal<\/strong><\/td>\n<td style=\"border: 1px solid #ddd; padding: 8px;\">Roostevaba teras<\/td>\n<\/tr>\n<tr>\n<td style=\"border: 1px solid #ddd; padding: 8px; width: 45%;\"><strong>L\u00e4bim\u00f5\u00f5t<\/strong><\/td>\n<td style=\"border: 1px solid #ddd; padding: 8px;\">450 mm<\/td>\n<\/tr>\n<\/tbody>\n<\/table>\n","protected":false},"excerpt":{"rendered":"<p>See mitmek\u00fclgne kurn sobib ideaalselt puuviljade, k\u00f6\u00f6giviljade ja pasta n\u00f5rutamiseks t\u00e4nu t\u00e4psetele perforatsioonidele. Kaks vastupidavat sanga v\u00f5imaldavad k\u00f6\u00f6git\u00f6\u00f6tajatel kiiresti ja<\/p>\n","protected":false},"featured_media":13392,"template":"","meta":[],"product_brand":[],"product_cat":[580,579,876],"product_tag":[],"class_list":{"0":"post-15825","1":"product","2":"type-product","3":"status-publish","4":"has-post-thumbnail","6":"product_cat-koogiriistad","7":"product_cat-koogitarbed-noud","8":"product_cat-kurnad-ja-soelad","10":"first","11":"instock","12":"sale","13":"taxable","14":"shipping-taxable","15":"purchasable","16":"product-type-simple"},"yoast_head":"<!-- This site is optimized with the Yoast SEO plugin v27.3 - https:\/\/yoast.com\/product\/yoast-seo-wordpress\/ -->\n<title>Kurnamiskauss k\u00e4epidemetega 25L roostevaba teras | Adexa CL4524 - Adexa \u2013 Suurk\u00f6\u00f6giseadmed restoranidele ja toitlustusele<\/title>\n<meta name=\"robots\" content=\"index, follow, max-snippet:-1, max-image-preview:large, max-video-preview:-1\" \/>\n<link rel=\"canonical\" href=\"https:\/\/adexa.ee\/toode\/kurnamiskauss-kaepidemetega-25l-roostevaba-teras-adexa-cl4524\/\" \/>\n<meta property=\"og:locale\" content=\"en_US\" \/>\n<meta property=\"og:type\" content=\"article\" \/>\n<meta property=\"og:title\" content=\"Kurnamiskauss k\u00e4epidemetega 25L roostevaba teras | Adexa CL4524 - Adexa \u2013 Suurk\u00f6\u00f6giseadmed restoranidele ja toitlustusele\" \/>\n<meta property=\"og:description\" content=\"See mitmek\u00fclgne kurn sobib ideaalselt puuviljade, k\u00f6\u00f6giviljade ja pasta n\u00f5rutamiseks t\u00e4nu t\u00e4psetele perforatsioonidele. Kaks vastupidavat sanga v\u00f5imaldavad k\u00f6\u00f6git\u00f6\u00f6tajatel kiiresti ja\" \/>\n<meta property=\"og:url\" content=\"https:\/\/adexa.ee\/toode\/kurnamiskauss-kaepidemetega-25l-roostevaba-teras-adexa-cl4524\/\" \/>\n<meta property=\"og:site_name\" content=\"Adexa \u2013 Suurk\u00f6\u00f6giseadmed restoranidele ja toitlustusele\" \/>\n<meta property=\"article:modified_time\" content=\"2026-03-26T08:35:58+00:00\" \/>\n<meta property=\"og:image\" content=\"https:\/\/adexa.ee\/wp-content\/uploads\/2024\/12\/CL-colander.jpg\" \/>\n\t<meta property=\"og:image:width\" content=\"1200\" \/>\n\t<meta property=\"og:image:height\" content=\"1200\" \/>\n\t<meta property=\"og:image:type\" content=\"image\/jpeg\" \/>\n<meta name=\"twitter:card\" content=\"summary_large_image\" \/>\n<script type=\"application\/ld+json\" class=\"yoast-schema-graph\">{\"@context\":\"https:\\\/\\\/schema.org\",\"@graph\":[{\"@type\":\"WebPage\",\"@id\":\"https:\\\/\\\/adexa.ee\\\/toode\\\/kurnamiskauss-kaepidemetega-25l-roostevaba-teras-adexa-cl4524\\\/\",\"url\":\"https:\\\/\\\/adexa.ee\\\/toode\\\/kurnamiskauss-kaepidemetega-25l-roostevaba-teras-adexa-cl4524\\\/\",\"name\":\"Kurnamiskauss k\u00e4epidemetega 25L roostevaba teras | Adexa CL4524 - Adexa \u2013 Suurk\u00f6\u00f6giseadmed restoranidele ja toitlustusele\",\"isPartOf\":{\"@id\":\"https:\\\/\\\/adexa.ee\\\/#website\"},\"primaryImageOfPage\":{\"@id\":\"https:\\\/\\\/adexa.ee\\\/toode\\\/kurnamiskauss-kaepidemetega-25l-roostevaba-teras-adexa-cl4524\\\/#primaryimage\"},\"image\":{\"@id\":\"https:\\\/\\\/adexa.ee\\\/toode\\\/kurnamiskauss-kaepidemetega-25l-roostevaba-teras-adexa-cl4524\\\/#primaryimage\"},\"thumbnailUrl\":\"https:\\\/\\\/adexa.ee\\\/wp-content\\\/uploads\\\/2024\\\/12\\\/CL-colander.jpg\",\"datePublished\":\"2026-03-26T08:35:57+00:00\",\"dateModified\":\"2026-03-26T08:35:58+00:00\",\"breadcrumb\":{\"@id\":\"https:\\\/\\\/adexa.ee\\\/toode\\\/kurnamiskauss-kaepidemetega-25l-roostevaba-teras-adexa-cl4524\\\/#breadcrumb\"},\"inLanguage\":\"en-US\",\"potentialAction\":[{\"@type\":\"ReadAction\",\"target\":[\"https:\\\/\\\/adexa.ee\\\/toode\\\/kurnamiskauss-kaepidemetega-25l-roostevaba-teras-adexa-cl4524\\\/\"]}]},{\"@type\":\"ImageObject\",\"inLanguage\":\"en-US\",\"@id\":\"https:\\\/\\\/adexa.ee\\\/toode\\\/kurnamiskauss-kaepidemetega-25l-roostevaba-teras-adexa-cl4524\\\/#primaryimage\",\"url\":\"https:\\\/\\\/adexa.ee\\\/wp-content\\\/uploads\\\/2024\\\/12\\\/CL-colander.jpg\",\"contentUrl\":\"https:\\\/\\\/adexa.ee\\\/wp-content\\\/uploads\\\/2024\\\/12\\\/CL-colander.jpg\",\"width\":1200,\"height\":1200},{\"@type\":\"BreadcrumbList\",\"@id\":\"https:\\\/\\\/adexa.ee\\\/toode\\\/kurnamiskauss-kaepidemetega-25l-roostevaba-teras-adexa-cl4524\\\/#breadcrumb\",\"itemListElement\":[{\"@type\":\"ListItem\",\"position\":1,\"name\":\"Home\",\"item\":\"https:\\\/\\\/adexa.ee\\\/\"},{\"@type\":\"ListItem\",\"position\":2,\"name\":\"Tooted\",\"item\":\"https:\\\/\\\/adexa.ee\\\/pood\\\/\"},{\"@type\":\"ListItem\",\"position\":3,\"name\":\"Kurnamiskauss k\u00e4epidemetega 25L roostevaba teras | Adexa CL4524\"}]},{\"@type\":\"WebSite\",\"@id\":\"https:\\\/\\\/adexa.ee\\\/#website\",\"url\":\"https:\\\/\\\/adexa.ee\\\/\",\"name\":\"Adexa\",\"description\":\"\",\"publisher\":{\"@id\":\"https:\\\/\\\/adexa.ee\\\/#organization\"},\"potentialAction\":[{\"@type\":\"SearchAction\",\"target\":{\"@type\":\"EntryPoint\",\"urlTemplate\":\"https:\\\/\\\/adexa.ee\\\/?s={search_term_string}\"},\"query-input\":{\"@type\":\"PropertyValueSpecification\",\"valueRequired\":true,\"valueName\":\"search_term_string\"}}],\"inLanguage\":\"en-US\"},{\"@type\":\"Organization\",\"@id\":\"https:\\\/\\\/adexa.ee\\\/#organization\",\"name\":\"Adexa\",\"url\":\"https:\\\/\\\/adexa.ee\\\/\",\"logo\":{\"@type\":\"ImageObject\",\"inLanguage\":\"en-US\",\"@id\":\"https:\\\/\\\/adexa.ee\\\/#\\\/schema\\\/logo\\\/image\\\/\",\"url\":\"https:\\\/\\\/adexa.ee\\\/wp-content\\\/uploads\\\/2024\\\/04\\\/chef-cooks-working-in-professional-kitchen-2023-11-27-05-07-39-utc-scaled.jpg\",\"contentUrl\":\"https:\\\/\\\/adexa.ee\\\/wp-content\\\/uploads\\\/2024\\\/04\\\/chef-cooks-working-in-professional-kitchen-2023-11-27-05-07-39-utc-scaled.jpg\",\"width\":2560,\"height\":1708,\"caption\":\"Adexa\"},\"image\":{\"@id\":\"https:\\\/\\\/adexa.ee\\\/#\\\/schema\\\/logo\\\/image\\\/\"}}]}<\/script>\n<!-- \/ Yoast SEO plugin. -->","yoast_head_json":{"title":"Kurnamiskauss k\u00e4epidemetega 25L roostevaba teras | Adexa CL4524 - Adexa \u2013 Suurk\u00f6\u00f6giseadmed restoranidele ja toitlustusele","robots":{"index":"index","follow":"follow","max-snippet":"max-snippet:-1","max-image-preview":"max-image-preview:large","max-video-preview":"max-video-preview:-1"},"canonical":"https:\/\/adexa.ee\/toode\/kurnamiskauss-kaepidemetega-25l-roostevaba-teras-adexa-cl4524\/","og_locale":"en_US","og_type":"article","og_title":"Kurnamiskauss k\u00e4epidemetega 25L roostevaba teras | Adexa CL4524 - Adexa \u2013 Suurk\u00f6\u00f6giseadmed restoranidele ja toitlustusele","og_description":"See mitmek\u00fclgne kurn sobib ideaalselt puuviljade, k\u00f6\u00f6giviljade ja pasta n\u00f5rutamiseks t\u00e4nu t\u00e4psetele perforatsioonidele. Kaks vastupidavat sanga v\u00f5imaldavad k\u00f6\u00f6git\u00f6\u00f6tajatel kiiresti ja","og_url":"https:\/\/adexa.ee\/toode\/kurnamiskauss-kaepidemetega-25l-roostevaba-teras-adexa-cl4524\/","og_site_name":"Adexa \u2013 Suurk\u00f6\u00f6giseadmed restoranidele ja toitlustusele","article_modified_time":"2026-03-26T08:35:58+00:00","og_image":[{"width":1200,"height":1200,"url":"https:\/\/adexa.ee\/wp-content\/uploads\/2024\/12\/CL-colander.jpg","type":"image\/jpeg"}],"twitter_card":"summary_large_image","schema":{"@context":"https:\/\/schema.org","@graph":[{"@type":"WebPage","@id":"https:\/\/adexa.ee\/toode\/kurnamiskauss-kaepidemetega-25l-roostevaba-teras-adexa-cl4524\/","url":"https:\/\/adexa.ee\/toode\/kurnamiskauss-kaepidemetega-25l-roostevaba-teras-adexa-cl4524\/","name":"Kurnamiskauss k\u00e4epidemetega 25L roostevaba teras | Adexa CL4524 - Adexa \u2013 Suurk\u00f6\u00f6giseadmed restoranidele ja toitlustusele","isPartOf":{"@id":"https:\/\/adexa.ee\/#website"},"primaryImageOfPage":{"@id":"https:\/\/adexa.ee\/toode\/kurnamiskauss-kaepidemetega-25l-roostevaba-teras-adexa-cl4524\/#primaryimage"},"image":{"@id":"https:\/\/adexa.ee\/toode\/kurnamiskauss-kaepidemetega-25l-roostevaba-teras-adexa-cl4524\/#primaryimage"},"thumbnailUrl":"https:\/\/adexa.ee\/wp-content\/uploads\/2024\/12\/CL-colander.jpg","datePublished":"2026-03-26T08:35:57+00:00","dateModified":"2026-03-26T08:35:58+00:00","breadcrumb":{"@id":"https:\/\/adexa.ee\/toode\/kurnamiskauss-kaepidemetega-25l-roostevaba-teras-adexa-cl4524\/#breadcrumb"},"inLanguage":"en-US","potentialAction":[{"@type":"ReadAction","target":["https:\/\/adexa.ee\/toode\/kurnamiskauss-kaepidemetega-25l-roostevaba-teras-adexa-cl4524\/"]}]},{"@type":"ImageObject","inLanguage":"en-US","@id":"https:\/\/adexa.ee\/toode\/kurnamiskauss-kaepidemetega-25l-roostevaba-teras-adexa-cl4524\/#primaryimage","url":"https:\/\/adexa.ee\/wp-content\/uploads\/2024\/12\/CL-colander.jpg","contentUrl":"https:\/\/adexa.ee\/wp-content\/uploads\/2024\/12\/CL-colander.jpg","width":1200,"height":1200},{"@type":"BreadcrumbList","@id":"https:\/\/adexa.ee\/toode\/kurnamiskauss-kaepidemetega-25l-roostevaba-teras-adexa-cl4524\/#breadcrumb","itemListElement":[{"@type":"ListItem","position":1,"name":"Home","item":"https:\/\/adexa.ee\/"},{"@type":"ListItem","position":2,"name":"Tooted","item":"https:\/\/adexa.ee\/pood\/"},{"@type":"ListItem","position":3,"name":"Kurnamiskauss k\u00e4epidemetega 25L roostevaba teras | Adexa CL4524"}]},{"@type":"WebSite","@id":"https:\/\/adexa.ee\/#website","url":"https:\/\/adexa.ee\/","name":"Adexa","description":"","publisher":{"@id":"https:\/\/adexa.ee\/#organization"},"potentialAction":[{"@type":"SearchAction","target":{"@type":"EntryPoint","urlTemplate":"https:\/\/adexa.ee\/?s={search_term_string}"},"query-input":{"@type":"PropertyValueSpecification","valueRequired":true,"valueName":"search_term_string"}}],"inLanguage":"en-US"},{"@type":"Organization","@id":"https:\/\/adexa.ee\/#organization","name":"Adexa","url":"https:\/\/adexa.ee\/","logo":{"@type":"ImageObject","inLanguage":"en-US","@id":"https:\/\/adexa.ee\/#\/schema\/logo\/image\/","url":"https:\/\/adexa.ee\/wp-content\/uploads\/2024\/04\/chef-cooks-working-in-professional-kitchen-2023-11-27-05-07-39-utc-scaled.jpg","contentUrl":"https:\/\/adexa.ee\/wp-content\/uploads\/2024\/04\/chef-cooks-working-in-professional-kitchen-2023-11-27-05-07-39-utc-scaled.jpg","width":2560,"height":1708,"caption":"Adexa"},"image":{"@id":"https:\/\/adexa.ee\/#\/schema\/logo\/image\/"}}]}},"_links":{"self":[{"href":"https:\/\/adexa.ee\/en\/wp-json\/wp\/v2\/product\/15825","targetHints":{"allow":["GET"]}}],"collection":[{"href":"https:\/\/adexa.ee\/en\/wp-json\/wp\/v2\/product"}],"about":[{"href":"https:\/\/adexa.ee\/en\/wp-json\/wp\/v2\/types\/product"}],"wp:featuredmedia":[{"embeddable":true,"href":"https:\/\/adexa.ee\/en\/wp-json\/wp\/v2\/media\/13392"}],"wp:attachment":[{"href":"https:\/\/adexa.ee\/en\/wp-json\/wp\/v2\/media?parent=15825"}],"wp:term":[{"taxonomy":"product_brand","embeddable":true,"href":"https:\/\/adexa.ee\/en\/wp-json\/wp\/v2\/product_brand?post=15825"},{"taxonomy":"product_cat","embeddable":true,"href":"https:\/\/adexa.ee\/en\/wp-json\/wp\/v2\/product_cat?post=15825"},{"taxonomy":"product_tag","embeddable":true,"href":"https:\/\/adexa.ee\/en\/wp-json\/wp\/v2\/product_tag?post=15825"}],"curies":[{"name":"wp","href":"https:\/\/api.w.org\/{rel}","templated":true}]}}