{"id":15835,"date":"2026-03-26T19:45:53","date_gmt":"2026-03-26T17:45:53","guid":{"rendered":"https:\/\/adexa.ee\/toode\/kaasaskantav-isoleeritud-toidukonteiner-kummist-pohjaga-10-liitrit-o300x170mm-adexa-ic13017\/"},"modified":"2026-03-26T19:45:54","modified_gmt":"2026-03-26T17:45:54","slug":"kaasaskantav-isoleeritud-toidukonteiner-kummist-pohjaga-10-liitrit-o300x170mm-adexa-ic13017","status":"publish","type":"product","link":"https:\/\/adexa.ee\/en\/toode\/kaasaskantav-isoleeritud-toidukonteiner-kummist-pohjaga-10-liitrit-o300x170mm-adexa-ic13017\/","title":{"rendered":"Kaasaskantav isoleeritud toidukonteiner kummist p\u00f5hjaga 10 liitrit \u00f8300x170mm | Adexa IC13017"},"content":{"rendered":"<p>See isoleeritud toidukandja pikendab sooja toidu hoidmise aega, v\u00f5imaldades s\u00e4\u00e4sta aega uuesti soojendamisel ja pakkuda v\u00f5imalust serveerida kuuma toitu korraga. 0,8 mm paksuste roostevabast terasest seinte vahel olev ruum on t\u00e4idetud spetsiaalse isolatsioonimaterjaliga, mis hoiab toidu sooja v\u00f5i k\u00fclma temperatuuri kuni 6-8 tundi. Topeltkaas tihendiga ja varustatud 6 kinnitiga. \u00d5huventiil. Kaks transpordik\u00e4epidet. Painduv materjal kaitseb konteinerit ja p\u00f5randat kahjustuste eest. Virnastatav.<\/p>\n<table style=\"border-collapse: collapse; width: 100%; text-align: left;\">\n<tbody>\n<tr>\n<td style=\"border: 1px solid #ddd; padding: 8px; width: 45%;\"><strong>S\u00fcgavus<\/strong><\/td>\n<td style=\"border: 1px solid #ddd; padding: 8px;\">300 mm<\/td>\n<\/tr>\n<tr>\n<td style=\"border: 1px solid #ddd; padding: 8px; width: 45%;\"><strong>K\u00f5rgus<\/strong><\/td>\n<td style=\"border: 1px solid #ddd; padding: 8px;\">170 mm<\/td>\n<\/tr>\n<tr>\n<td style=\"border: 1px solid #ddd; padding: 8px; width: 45%;\"><strong>Laius<\/strong><\/td>\n<td style=\"border: 1px solid #ddd; padding: 8px;\">300 mm<\/td>\n<\/tr>\n<tr>\n<td style=\"border: 1px solid #ddd; padding: 8px; width: 45%;\"><strong>Garantii<\/strong><\/td>\n<td style=\"border: 1px solid #ddd; padding: 8px;\">12 kuu varuosade garantii<\/td>\n<\/tr>\n<tr>\n<td style=\"border: 1px solid #ddd; padding: 8px; width: 45%;\"><strong>Mahutavus<\/strong><\/td>\n<td style=\"border: 1px solid #ddd; padding: 8px;\">10 liitrit<\/td>\n<\/tr>\n<tr>\n<td style=\"border: 1px solid #ddd; padding: 8px; width: 45%;\"><strong>Materjal<\/strong><\/td>\n<td style=\"border: 1px solid #ddd; padding: 8px;\">Roostevaba teras<\/td>\n<\/tr>\n<\/tbody>\n<\/table>\n","protected":false},"excerpt":{"rendered":"<p>See isoleeritud toidukandja pikendab sooja toidu hoidmise aega, v\u00f5imaldades s\u00e4\u00e4sta aega uuesti soojendamisel ja pakkuda v\u00f5imalust serveerida kuuma toitu korraga.<\/p>\n","protected":false},"featured_media":15837,"template":"","meta":[],"product_brand":[],"product_cat":[881,579,557,665,671,586,558,625],"product_tag":[],"class_list":{"0":"post-15835","1":"product","2":"type-product","3":"status-publish","4":"has-post-thumbnail","6":"product_cat-isolatsiooniga-toidukonteinerid","7":"product_cat-koogitarbed-noud","8":"product_cat-kupsetusseadmed","9":"product_cat-ladustamine-transport","10":"product_cat-muud-toidu-soojendusvahendid","11":"product_cat-serveerimine","12":"product_cat-toidu-soojendamine","13":"product_cat-toidukonteinerid","15":"first","16":"instock","17":"sale","18":"taxable","19":"shipping-taxable","20":"purchasable","21":"product-type-simple"},"yoast_head":"<!-- This site is optimized with the Yoast SEO plugin v27.3 - https:\/\/yoast.com\/product\/yoast-seo-wordpress\/ -->\n<title>Kaasaskantav isoleeritud toidukonteiner kummist p\u00f5hjaga 10 liitrit \u00f8300x170mm | Adexa IC13017 - Adexa \u2013 Suurk\u00f6\u00f6giseadmed restoranidele ja toitlustusele<\/title>\n<meta name=\"robots\" content=\"index, follow, max-snippet:-1, max-image-preview:large, max-video-preview:-1\" \/>\n<link rel=\"canonical\" href=\"https:\/\/adexa.ee\/toode\/kaasaskantav-isoleeritud-toidukonteiner-kummist-pohjaga-10-liitrit-o300x170mm-adexa-ic13017\/\" \/>\n<meta property=\"og:locale\" content=\"en_US\" \/>\n<meta property=\"og:type\" content=\"article\" \/>\n<meta property=\"og:title\" content=\"Kaasaskantav isoleeritud toidukonteiner kummist p\u00f5hjaga 10 liitrit \u00f8300x170mm | Adexa IC13017 - Adexa \u2013 Suurk\u00f6\u00f6giseadmed restoranidele ja toitlustusele\" \/>\n<meta property=\"og:description\" content=\"See isoleeritud toidukandja pikendab sooja toidu hoidmise aega, v\u00f5imaldades s\u00e4\u00e4sta aega uuesti soojendamisel ja pakkuda v\u00f5imalust serveerida kuuma toitu korraga.\" \/>\n<meta property=\"og:url\" content=\"https:\/\/adexa.ee\/toode\/kaasaskantav-isoleeritud-toidukonteiner-kummist-pohjaga-10-liitrit-o300x170mm-adexa-ic13017\/\" \/>\n<meta property=\"og:site_name\" content=\"Adexa \u2013 Suurk\u00f6\u00f6giseadmed restoranidele ja toitlustusele\" \/>\n<meta property=\"article:modified_time\" content=\"2026-03-26T17:45:54+00:00\" \/>\n<meta property=\"og:image\" content=\"https:\/\/adexa.ee\/wp-content\/uploads\/2024\/12\/IC13017.jpg\" \/>\n\t<meta property=\"og:image:width\" content=\"1500\" \/>\n\t<meta property=\"og:image:height\" content=\"1500\" \/>\n\t<meta property=\"og:image:type\" content=\"image\/jpeg\" \/>\n<meta name=\"twitter:card\" content=\"summary_large_image\" \/>\n<script type=\"application\/ld+json\" class=\"yoast-schema-graph\">{\"@context\":\"https:\\\/\\\/schema.org\",\"@graph\":[{\"@type\":\"WebPage\",\"@id\":\"https:\\\/\\\/adexa.ee\\\/toode\\\/kaasaskantav-isoleeritud-toidukonteiner-kummist-pohjaga-10-liitrit-o300x170mm-adexa-ic13017\\\/\",\"url\":\"https:\\\/\\\/adexa.ee\\\/toode\\\/kaasaskantav-isoleeritud-toidukonteiner-kummist-pohjaga-10-liitrit-o300x170mm-adexa-ic13017\\\/\",\"name\":\"Kaasaskantav isoleeritud toidukonteiner kummist p\u00f5hjaga 10 liitrit \u00f8300x170mm | Adexa IC13017 - Adexa \u2013 Suurk\u00f6\u00f6giseadmed restoranidele ja toitlustusele\",\"isPartOf\":{\"@id\":\"https:\\\/\\\/adexa.ee\\\/#website\"},\"primaryImageOfPage\":{\"@id\":\"https:\\\/\\\/adexa.ee\\\/toode\\\/kaasaskantav-isoleeritud-toidukonteiner-kummist-pohjaga-10-liitrit-o300x170mm-adexa-ic13017\\\/#primaryimage\"},\"image\":{\"@id\":\"https:\\\/\\\/adexa.ee\\\/toode\\\/kaasaskantav-isoleeritud-toidukonteiner-kummist-pohjaga-10-liitrit-o300x170mm-adexa-ic13017\\\/#primaryimage\"},\"thumbnailUrl\":\"https:\\\/\\\/adexa.ee\\\/wp-content\\\/uploads\\\/2024\\\/12\\\/IC13017.jpg\",\"datePublished\":\"2026-03-26T17:45:53+00:00\",\"dateModified\":\"2026-03-26T17:45:54+00:00\",\"breadcrumb\":{\"@id\":\"https:\\\/\\\/adexa.ee\\\/toode\\\/kaasaskantav-isoleeritud-toidukonteiner-kummist-pohjaga-10-liitrit-o300x170mm-adexa-ic13017\\\/#breadcrumb\"},\"inLanguage\":\"en-US\",\"potentialAction\":[{\"@type\":\"ReadAction\",\"target\":[\"https:\\\/\\\/adexa.ee\\\/toode\\\/kaasaskantav-isoleeritud-toidukonteiner-kummist-pohjaga-10-liitrit-o300x170mm-adexa-ic13017\\\/\"]}]},{\"@type\":\"ImageObject\",\"inLanguage\":\"en-US\",\"@id\":\"https:\\\/\\\/adexa.ee\\\/toode\\\/kaasaskantav-isoleeritud-toidukonteiner-kummist-pohjaga-10-liitrit-o300x170mm-adexa-ic13017\\\/#primaryimage\",\"url\":\"https:\\\/\\\/adexa.ee\\\/wp-content\\\/uploads\\\/2024\\\/12\\\/IC13017.jpg\",\"contentUrl\":\"https:\\\/\\\/adexa.ee\\\/wp-content\\\/uploads\\\/2024\\\/12\\\/IC13017.jpg\",\"width\":1500,\"height\":1500},{\"@type\":\"BreadcrumbList\",\"@id\":\"https:\\\/\\\/adexa.ee\\\/toode\\\/kaasaskantav-isoleeritud-toidukonteiner-kummist-pohjaga-10-liitrit-o300x170mm-adexa-ic13017\\\/#breadcrumb\",\"itemListElement\":[{\"@type\":\"ListItem\",\"position\":1,\"name\":\"Home\",\"item\":\"https:\\\/\\\/adexa.ee\\\/\"},{\"@type\":\"ListItem\",\"position\":2,\"name\":\"Tooted\",\"item\":\"https:\\\/\\\/adexa.ee\\\/pood\\\/\"},{\"@type\":\"ListItem\",\"position\":3,\"name\":\"Kaasaskantav isoleeritud toidukonteiner kummist p\u00f5hjaga 10 liitrit \u00f8300x170mm | Adexa IC13017\"}]},{\"@type\":\"WebSite\",\"@id\":\"https:\\\/\\\/adexa.ee\\\/#website\",\"url\":\"https:\\\/\\\/adexa.ee\\\/\",\"name\":\"Adexa\",\"description\":\"\",\"publisher\":{\"@id\":\"https:\\\/\\\/adexa.ee\\\/#organization\"},\"potentialAction\":[{\"@type\":\"SearchAction\",\"target\":{\"@type\":\"EntryPoint\",\"urlTemplate\":\"https:\\\/\\\/adexa.ee\\\/?s={search_term_string}\"},\"query-input\":{\"@type\":\"PropertyValueSpecification\",\"valueRequired\":true,\"valueName\":\"search_term_string\"}}],\"inLanguage\":\"en-US\"},{\"@type\":\"Organization\",\"@id\":\"https:\\\/\\\/adexa.ee\\\/#organization\",\"name\":\"Adexa\",\"url\":\"https:\\\/\\\/adexa.ee\\\/\",\"logo\":{\"@type\":\"ImageObject\",\"inLanguage\":\"en-US\",\"@id\":\"https:\\\/\\\/adexa.ee\\\/#\\\/schema\\\/logo\\\/image\\\/\",\"url\":\"https:\\\/\\\/adexa.ee\\\/wp-content\\\/uploads\\\/2024\\\/04\\\/chef-cooks-working-in-professional-kitchen-2023-11-27-05-07-39-utc-scaled.jpg\",\"contentUrl\":\"https:\\\/\\\/adexa.ee\\\/wp-content\\\/uploads\\\/2024\\\/04\\\/chef-cooks-working-in-professional-kitchen-2023-11-27-05-07-39-utc-scaled.jpg\",\"width\":2560,\"height\":1708,\"caption\":\"Adexa\"},\"image\":{\"@id\":\"https:\\\/\\\/adexa.ee\\\/#\\\/schema\\\/logo\\\/image\\\/\"}}]}<\/script>\n<!-- \/ Yoast SEO plugin. -->","yoast_head_json":{"title":"Kaasaskantav isoleeritud toidukonteiner kummist p\u00f5hjaga 10 liitrit \u00f8300x170mm | Adexa IC13017 - Adexa \u2013 Suurk\u00f6\u00f6giseadmed restoranidele ja toitlustusele","robots":{"index":"index","follow":"follow","max-snippet":"max-snippet:-1","max-image-preview":"max-image-preview:large","max-video-preview":"max-video-preview:-1"},"canonical":"https:\/\/adexa.ee\/toode\/kaasaskantav-isoleeritud-toidukonteiner-kummist-pohjaga-10-liitrit-o300x170mm-adexa-ic13017\/","og_locale":"en_US","og_type":"article","og_title":"Kaasaskantav isoleeritud toidukonteiner kummist p\u00f5hjaga 10 liitrit \u00f8300x170mm | Adexa IC13017 - Adexa \u2013 Suurk\u00f6\u00f6giseadmed restoranidele ja toitlustusele","og_description":"See isoleeritud toidukandja pikendab sooja toidu hoidmise aega, v\u00f5imaldades s\u00e4\u00e4sta aega uuesti soojendamisel ja pakkuda v\u00f5imalust serveerida kuuma toitu korraga.","og_url":"https:\/\/adexa.ee\/toode\/kaasaskantav-isoleeritud-toidukonteiner-kummist-pohjaga-10-liitrit-o300x170mm-adexa-ic13017\/","og_site_name":"Adexa \u2013 Suurk\u00f6\u00f6giseadmed restoranidele ja toitlustusele","article_modified_time":"2026-03-26T17:45:54+00:00","og_image":[{"width":1500,"height":1500,"url":"https:\/\/adexa.ee\/wp-content\/uploads\/2024\/12\/IC13017.jpg","type":"image\/jpeg"}],"twitter_card":"summary_large_image","schema":{"@context":"https:\/\/schema.org","@graph":[{"@type":"WebPage","@id":"https:\/\/adexa.ee\/toode\/kaasaskantav-isoleeritud-toidukonteiner-kummist-pohjaga-10-liitrit-o300x170mm-adexa-ic13017\/","url":"https:\/\/adexa.ee\/toode\/kaasaskantav-isoleeritud-toidukonteiner-kummist-pohjaga-10-liitrit-o300x170mm-adexa-ic13017\/","name":"Kaasaskantav isoleeritud toidukonteiner kummist p\u00f5hjaga 10 liitrit \u00f8300x170mm | Adexa IC13017 - Adexa \u2013 Suurk\u00f6\u00f6giseadmed restoranidele ja toitlustusele","isPartOf":{"@id":"https:\/\/adexa.ee\/#website"},"primaryImageOfPage":{"@id":"https:\/\/adexa.ee\/toode\/kaasaskantav-isoleeritud-toidukonteiner-kummist-pohjaga-10-liitrit-o300x170mm-adexa-ic13017\/#primaryimage"},"image":{"@id":"https:\/\/adexa.ee\/toode\/kaasaskantav-isoleeritud-toidukonteiner-kummist-pohjaga-10-liitrit-o300x170mm-adexa-ic13017\/#primaryimage"},"thumbnailUrl":"https:\/\/adexa.ee\/wp-content\/uploads\/2024\/12\/IC13017.jpg","datePublished":"2026-03-26T17:45:53+00:00","dateModified":"2026-03-26T17:45:54+00:00","breadcrumb":{"@id":"https:\/\/adexa.ee\/toode\/kaasaskantav-isoleeritud-toidukonteiner-kummist-pohjaga-10-liitrit-o300x170mm-adexa-ic13017\/#breadcrumb"},"inLanguage":"en-US","potentialAction":[{"@type":"ReadAction","target":["https:\/\/adexa.ee\/toode\/kaasaskantav-isoleeritud-toidukonteiner-kummist-pohjaga-10-liitrit-o300x170mm-adexa-ic13017\/"]}]},{"@type":"ImageObject","inLanguage":"en-US","@id":"https:\/\/adexa.ee\/toode\/kaasaskantav-isoleeritud-toidukonteiner-kummist-pohjaga-10-liitrit-o300x170mm-adexa-ic13017\/#primaryimage","url":"https:\/\/adexa.ee\/wp-content\/uploads\/2024\/12\/IC13017.jpg","contentUrl":"https:\/\/adexa.ee\/wp-content\/uploads\/2024\/12\/IC13017.jpg","width":1500,"height":1500},{"@type":"BreadcrumbList","@id":"https:\/\/adexa.ee\/toode\/kaasaskantav-isoleeritud-toidukonteiner-kummist-pohjaga-10-liitrit-o300x170mm-adexa-ic13017\/#breadcrumb","itemListElement":[{"@type":"ListItem","position":1,"name":"Home","item":"https:\/\/adexa.ee\/"},{"@type":"ListItem","position":2,"name":"Tooted","item":"https:\/\/adexa.ee\/pood\/"},{"@type":"ListItem","position":3,"name":"Kaasaskantav isoleeritud toidukonteiner kummist p\u00f5hjaga 10 liitrit \u00f8300x170mm | Adexa IC13017"}]},{"@type":"WebSite","@id":"https:\/\/adexa.ee\/#website","url":"https:\/\/adexa.ee\/","name":"Adexa","description":"","publisher":{"@id":"https:\/\/adexa.ee\/#organization"},"potentialAction":[{"@type":"SearchAction","target":{"@type":"EntryPoint","urlTemplate":"https:\/\/adexa.ee\/?s={search_term_string}"},"query-input":{"@type":"PropertyValueSpecification","valueRequired":true,"valueName":"search_term_string"}}],"inLanguage":"en-US"},{"@type":"Organization","@id":"https:\/\/adexa.ee\/#organization","name":"Adexa","url":"https:\/\/adexa.ee\/","logo":{"@type":"ImageObject","inLanguage":"en-US","@id":"https:\/\/adexa.ee\/#\/schema\/logo\/image\/","url":"https:\/\/adexa.ee\/wp-content\/uploads\/2024\/04\/chef-cooks-working-in-professional-kitchen-2023-11-27-05-07-39-utc-scaled.jpg","contentUrl":"https:\/\/adexa.ee\/wp-content\/uploads\/2024\/04\/chef-cooks-working-in-professional-kitchen-2023-11-27-05-07-39-utc-scaled.jpg","width":2560,"height":1708,"caption":"Adexa"},"image":{"@id":"https:\/\/adexa.ee\/#\/schema\/logo\/image\/"}}]}},"_links":{"self":[{"href":"https:\/\/adexa.ee\/en\/wp-json\/wp\/v2\/product\/15835","targetHints":{"allow":["GET"]}}],"collection":[{"href":"https:\/\/adexa.ee\/en\/wp-json\/wp\/v2\/product"}],"about":[{"href":"https:\/\/adexa.ee\/en\/wp-json\/wp\/v2\/types\/product"}],"wp:featuredmedia":[{"embeddable":true,"href":"https:\/\/adexa.ee\/en\/wp-json\/wp\/v2\/media\/15837"}],"wp:attachment":[{"href":"https:\/\/adexa.ee\/en\/wp-json\/wp\/v2\/media?parent=15835"}],"wp:term":[{"taxonomy":"product_brand","embeddable":true,"href":"https:\/\/adexa.ee\/en\/wp-json\/wp\/v2\/product_brand?post=15835"},{"taxonomy":"product_cat","embeddable":true,"href":"https:\/\/adexa.ee\/en\/wp-json\/wp\/v2\/product_cat?post=15835"},{"taxonomy":"product_tag","embeddable":true,"href":"https:\/\/adexa.ee\/en\/wp-json\/wp\/v2\/product_tag?post=15835"}],"curies":[{"name":"wp","href":"https:\/\/api.w.org\/{rel}","templated":true}]}}