{"id":15918,"date":"2026-03-26T10:45:02","date_gmt":"2026-03-26T08:45:02","guid":{"rendered":"https:\/\/adexa.ee\/toode\/pahklipuidust-tool-musta-vinuulpolstriga-istmega-adexa-gsw0005blackcushion\/"},"modified":"2026-03-26T10:45:12","modified_gmt":"2026-03-26T08:45:12","slug":"pahklipuidust-tool-musta-vinuulpolstriga-istmega-adexa-gsw0005blackcushion","status":"publish","type":"product","link":"https:\/\/adexa.ee\/en\/toode\/pahklipuidust-tool-musta-vinuulpolstriga-istmega-adexa-gsw0005blackcushion\/","title":{"rendered":"P\u00e4hklipuidust Tool Musta Vin\u00fc\u00fclpolstriga Istmega | Adexa GSW0005BLACKCUSHION"},"content":{"rendered":"<p>Istuge oma k\u00fclalised mugavalt ja stiilselt selle musta viimistlusega p\u00f6\u00f6gipuidust redel-seljatoega kohvikutooliga, millel on must vin\u00fc\u00fclpolstriga iste! Selle tooli must viimistlusraam annab elegantse ja peene v\u00e4limuse, mis sobib peaaegu igasse interj\u00f6\u00f6ri, samas kui tugev raam tagab pikaajalise vastupidavuse. Lisaks on selle pilkup\u00fc\u00fcdev redel-seljatoe disain kontuuritud nii, et kliendi selg saab ideaalset mugavust, s\u00e4ilitades samas erilise v\u00e4limuse teie baarile. See on ideaalne k\u00f5rgus istumiseks teie kohviku v\u00f5i s\u00f6\u00f6gitoa laua taga. Paksu polsterdatud istme ja kontuuritud redel-seljatoega hoiab see tool teie k\u00fclalised teie asutuses viibimise ajal mugavalt. Pealegi on see iste valmistatud tulekindlast vahust. Usaldusv\u00e4\u00e4rne disain tagab, et saate seda tooli oma kohvikus v\u00f5i restoranis kasutada veel aastaid!<\/p>\n<table style=\"border-collapse: collapse; width: 100%; text-align: left;\">\n<tbody>\n<tr>\n<td style=\"border: 1px solid #ddd; padding: 8px; width: 45%;\"><strong>S\u00fcgavus<\/strong><\/td>\n<td style=\"border: 1px solid #ddd; padding: 8px;\">485 mm<\/td>\n<\/tr>\n<tr>\n<td style=\"border: 1px solid #ddd; padding: 8px; width: 45%;\"><strong>K\u00f5rgus<\/strong><\/td>\n<td style=\"border: 1px solid #ddd; padding: 8px;\">820 mm<\/td>\n<\/tr>\n<tr>\n<td style=\"border: 1px solid #ddd; padding: 8px; width: 45%;\"><strong>Laius<\/strong><\/td>\n<td style=\"border: 1px solid #ddd; padding: 8px;\">440 mm<\/td>\n<\/tr>\n<tr>\n<td style=\"border: 1px solid #ddd; padding: 8px; width: 45%;\"><strong>Kaal<\/strong><\/td>\n<td style=\"border: 1px solid #ddd; padding: 8px;\">4,5 kg<\/td>\n<\/tr>\n<tr>\n<td style=\"border: 1px solid #ddd; padding: 8px; width: 45%;\"><strong>Garantii<\/strong><\/td>\n<td style=\"border: 1px solid #ddd; padding: 8px;\">12 kuu varuosade garantii<\/td>\n<\/tr>\n<tr>\n<td style=\"border: 1px solid #ddd; padding: 8px; width: 45%;\"><strong>Materjal<\/strong><\/td>\n<td style=\"border: 1px solid #ddd; padding: 8px;\">Puit \/ PVC<\/td>\n<\/tr>\n<tr>\n<td style=\"border: 1px solid #ddd; padding: 8px; width: 45%;\"><strong>V\u00e4rv<\/strong><\/td>\n<td style=\"border: 1px solid #ddd; padding: 8px;\">P\u00e4hklipuu raam \/ Must<\/td>\n<\/tr>\n<tr>\n<td style=\"border: 1px solid #ddd; padding: 8px; width: 45%;\"><strong>K\u00f5rgus (iste)<\/strong><\/td>\n<td style=\"border: 1px solid #ddd; padding: 8px;\">495 mm<\/td>\n<\/tr>\n<\/tbody>\n<\/table>\n","protected":false},"excerpt":{"rendered":"<p>Istuge oma k\u00fclalised mugavalt ja stiilselt selle musta viimistlusega p\u00f6\u00f6gipuidust redel-seljatoega kohvikutooliga, millel on must vin\u00fc\u00fclpolstriga iste! Selle tooli must<\/p>\n","protected":false},"featured_media":15920,"template":"","meta":[],"product_brand":[],"product_cat":[722,569,561],"product_tag":[],"class_list":{"0":"post-15918","1":"product","2":"type-product","3":"status-publish","4":"has-post-thumbnail","6":"product_cat-bistroo-ja-soogitoolid","7":"product_cat-lopumuuk","8":"product_cat-moobel-ja-hoiustamine","10":"first","11":"instock","12":"sale","13":"taxable","14":"shipping-taxable","15":"purchasable","16":"product-type-simple"},"yoast_head":"<!-- This site is optimized with the Yoast SEO plugin v27.3 - https:\/\/yoast.com\/product\/yoast-seo-wordpress\/ -->\n<title>P\u00e4hklipuidust Tool Musta Vin\u00fc\u00fclpolstriga Istmega | Adexa GSW0005BLACKCUSHION - Adexa \u2013 Suurk\u00f6\u00f6giseadmed restoranidele ja toitlustusele<\/title>\n<meta name=\"robots\" content=\"index, follow, max-snippet:-1, max-image-preview:large, max-video-preview:-1\" \/>\n<link rel=\"canonical\" href=\"https:\/\/adexa.ee\/toode\/pahklipuidust-tool-musta-vinuulpolstriga-istmega-adexa-gsw0005blackcushion\/\" \/>\n<meta property=\"og:locale\" content=\"en_US\" \/>\n<meta property=\"og:type\" content=\"article\" \/>\n<meta property=\"og:title\" content=\"P\u00e4hklipuidust Tool Musta Vin\u00fc\u00fclpolstriga Istmega | Adexa GSW0005BLACKCUSHION - Adexa \u2013 Suurk\u00f6\u00f6giseadmed restoranidele ja toitlustusele\" \/>\n<meta property=\"og:description\" content=\"Istuge oma k\u00fclalised mugavalt ja stiilselt selle musta viimistlusega p\u00f6\u00f6gipuidust redel-seljatoega kohvikutooliga, millel on must vin\u00fc\u00fclpolstriga iste! Selle tooli must\" \/>\n<meta property=\"og:url\" content=\"https:\/\/adexa.ee\/toode\/pahklipuidust-tool-musta-vinuulpolstriga-istmega-adexa-gsw0005blackcushion\/\" \/>\n<meta property=\"og:site_name\" content=\"Adexa \u2013 Suurk\u00f6\u00f6giseadmed restoranidele ja toitlustusele\" \/>\n<meta property=\"article:modified_time\" content=\"2026-03-26T08:45:12+00:00\" \/>\n<meta property=\"og:image\" content=\"https:\/\/adexa.ee\/wp-content\/uploads\/2024\/12\/GSW0005BLACKCUSHION.jpg\" \/>\n\t<meta property=\"og:image:width\" content=\"2000\" \/>\n\t<meta property=\"og:image:height\" content=\"2000\" \/>\n\t<meta property=\"og:image:type\" content=\"image\/jpeg\" \/>\n<meta name=\"twitter:card\" content=\"summary_large_image\" \/>\n<meta name=\"twitter:label1\" content=\"Est. reading time\" \/>\n\t<meta name=\"twitter:data1\" content=\"1 minute\" \/>\n<script type=\"application\/ld+json\" class=\"yoast-schema-graph\">{\"@context\":\"https:\\\/\\\/schema.org\",\"@graph\":[{\"@type\":\"WebPage\",\"@id\":\"https:\\\/\\\/adexa.ee\\\/toode\\\/pahklipuidust-tool-musta-vinuulpolstriga-istmega-adexa-gsw0005blackcushion\\\/\",\"url\":\"https:\\\/\\\/adexa.ee\\\/toode\\\/pahklipuidust-tool-musta-vinuulpolstriga-istmega-adexa-gsw0005blackcushion\\\/\",\"name\":\"P\u00e4hklipuidust Tool Musta Vin\u00fc\u00fclpolstriga Istmega | Adexa GSW0005BLACKCUSHION - Adexa \u2013 Suurk\u00f6\u00f6giseadmed restoranidele ja toitlustusele\",\"isPartOf\":{\"@id\":\"https:\\\/\\\/adexa.ee\\\/#website\"},\"primaryImageOfPage\":{\"@id\":\"https:\\\/\\\/adexa.ee\\\/toode\\\/pahklipuidust-tool-musta-vinuulpolstriga-istmega-adexa-gsw0005blackcushion\\\/#primaryimage\"},\"image\":{\"@id\":\"https:\\\/\\\/adexa.ee\\\/toode\\\/pahklipuidust-tool-musta-vinuulpolstriga-istmega-adexa-gsw0005blackcushion\\\/#primaryimage\"},\"thumbnailUrl\":\"https:\\\/\\\/adexa.ee\\\/wp-content\\\/uploads\\\/2024\\\/12\\\/GSW0005BLACKCUSHION.jpg\",\"datePublished\":\"2026-03-26T08:45:02+00:00\",\"dateModified\":\"2026-03-26T08:45:12+00:00\",\"breadcrumb\":{\"@id\":\"https:\\\/\\\/adexa.ee\\\/toode\\\/pahklipuidust-tool-musta-vinuulpolstriga-istmega-adexa-gsw0005blackcushion\\\/#breadcrumb\"},\"inLanguage\":\"en-US\",\"potentialAction\":[{\"@type\":\"ReadAction\",\"target\":[\"https:\\\/\\\/adexa.ee\\\/toode\\\/pahklipuidust-tool-musta-vinuulpolstriga-istmega-adexa-gsw0005blackcushion\\\/\"]}]},{\"@type\":\"ImageObject\",\"inLanguage\":\"en-US\",\"@id\":\"https:\\\/\\\/adexa.ee\\\/toode\\\/pahklipuidust-tool-musta-vinuulpolstriga-istmega-adexa-gsw0005blackcushion\\\/#primaryimage\",\"url\":\"https:\\\/\\\/adexa.ee\\\/wp-content\\\/uploads\\\/2024\\\/12\\\/GSW0005BLACKCUSHION.jpg\",\"contentUrl\":\"https:\\\/\\\/adexa.ee\\\/wp-content\\\/uploads\\\/2024\\\/12\\\/GSW0005BLACKCUSHION.jpg\",\"width\":2000,\"height\":2000},{\"@type\":\"BreadcrumbList\",\"@id\":\"https:\\\/\\\/adexa.ee\\\/toode\\\/pahklipuidust-tool-musta-vinuulpolstriga-istmega-adexa-gsw0005blackcushion\\\/#breadcrumb\",\"itemListElement\":[{\"@type\":\"ListItem\",\"position\":1,\"name\":\"Home\",\"item\":\"https:\\\/\\\/adexa.ee\\\/\"},{\"@type\":\"ListItem\",\"position\":2,\"name\":\"Tooted\",\"item\":\"https:\\\/\\\/adexa.ee\\\/pood\\\/\"},{\"@type\":\"ListItem\",\"position\":3,\"name\":\"P\u00e4hklipuidust Tool Musta Vin\u00fc\u00fclpolstriga Istmega | Adexa GSW0005BLACKCUSHION\"}]},{\"@type\":\"WebSite\",\"@id\":\"https:\\\/\\\/adexa.ee\\\/#website\",\"url\":\"https:\\\/\\\/adexa.ee\\\/\",\"name\":\"Adexa\",\"description\":\"\",\"publisher\":{\"@id\":\"https:\\\/\\\/adexa.ee\\\/#organization\"},\"potentialAction\":[{\"@type\":\"SearchAction\",\"target\":{\"@type\":\"EntryPoint\",\"urlTemplate\":\"https:\\\/\\\/adexa.ee\\\/?s={search_term_string}\"},\"query-input\":{\"@type\":\"PropertyValueSpecification\",\"valueRequired\":true,\"valueName\":\"search_term_string\"}}],\"inLanguage\":\"en-US\"},{\"@type\":\"Organization\",\"@id\":\"https:\\\/\\\/adexa.ee\\\/#organization\",\"name\":\"Adexa\",\"url\":\"https:\\\/\\\/adexa.ee\\\/\",\"logo\":{\"@type\":\"ImageObject\",\"inLanguage\":\"en-US\",\"@id\":\"https:\\\/\\\/adexa.ee\\\/#\\\/schema\\\/logo\\\/image\\\/\",\"url\":\"https:\\\/\\\/adexa.ee\\\/wp-content\\\/uploads\\\/2024\\\/04\\\/chef-cooks-working-in-professional-kitchen-2023-11-27-05-07-39-utc-scaled.jpg\",\"contentUrl\":\"https:\\\/\\\/adexa.ee\\\/wp-content\\\/uploads\\\/2024\\\/04\\\/chef-cooks-working-in-professional-kitchen-2023-11-27-05-07-39-utc-scaled.jpg\",\"width\":2560,\"height\":1708,\"caption\":\"Adexa\"},\"image\":{\"@id\":\"https:\\\/\\\/adexa.ee\\\/#\\\/schema\\\/logo\\\/image\\\/\"}}]}<\/script>\n<!-- \/ Yoast SEO plugin. -->","yoast_head_json":{"title":"P\u00e4hklipuidust Tool Musta Vin\u00fc\u00fclpolstriga Istmega | Adexa GSW0005BLACKCUSHION - Adexa \u2013 Suurk\u00f6\u00f6giseadmed restoranidele ja toitlustusele","robots":{"index":"index","follow":"follow","max-snippet":"max-snippet:-1","max-image-preview":"max-image-preview:large","max-video-preview":"max-video-preview:-1"},"canonical":"https:\/\/adexa.ee\/toode\/pahklipuidust-tool-musta-vinuulpolstriga-istmega-adexa-gsw0005blackcushion\/","og_locale":"en_US","og_type":"article","og_title":"P\u00e4hklipuidust Tool Musta Vin\u00fc\u00fclpolstriga Istmega | Adexa GSW0005BLACKCUSHION - Adexa \u2013 Suurk\u00f6\u00f6giseadmed restoranidele ja toitlustusele","og_description":"Istuge oma k\u00fclalised mugavalt ja stiilselt selle musta viimistlusega p\u00f6\u00f6gipuidust redel-seljatoega kohvikutooliga, millel on must vin\u00fc\u00fclpolstriga iste! Selle tooli must","og_url":"https:\/\/adexa.ee\/toode\/pahklipuidust-tool-musta-vinuulpolstriga-istmega-adexa-gsw0005blackcushion\/","og_site_name":"Adexa \u2013 Suurk\u00f6\u00f6giseadmed restoranidele ja toitlustusele","article_modified_time":"2026-03-26T08:45:12+00:00","og_image":[{"width":2000,"height":2000,"url":"https:\/\/adexa.ee\/wp-content\/uploads\/2024\/12\/GSW0005BLACKCUSHION.jpg","type":"image\/jpeg"}],"twitter_card":"summary_large_image","twitter_misc":{"Est. reading time":"1 minute"},"schema":{"@context":"https:\/\/schema.org","@graph":[{"@type":"WebPage","@id":"https:\/\/adexa.ee\/toode\/pahklipuidust-tool-musta-vinuulpolstriga-istmega-adexa-gsw0005blackcushion\/","url":"https:\/\/adexa.ee\/toode\/pahklipuidust-tool-musta-vinuulpolstriga-istmega-adexa-gsw0005blackcushion\/","name":"P\u00e4hklipuidust Tool Musta Vin\u00fc\u00fclpolstriga Istmega | Adexa GSW0005BLACKCUSHION - Adexa \u2013 Suurk\u00f6\u00f6giseadmed restoranidele ja toitlustusele","isPartOf":{"@id":"https:\/\/adexa.ee\/#website"},"primaryImageOfPage":{"@id":"https:\/\/adexa.ee\/toode\/pahklipuidust-tool-musta-vinuulpolstriga-istmega-adexa-gsw0005blackcushion\/#primaryimage"},"image":{"@id":"https:\/\/adexa.ee\/toode\/pahklipuidust-tool-musta-vinuulpolstriga-istmega-adexa-gsw0005blackcushion\/#primaryimage"},"thumbnailUrl":"https:\/\/adexa.ee\/wp-content\/uploads\/2024\/12\/GSW0005BLACKCUSHION.jpg","datePublished":"2026-03-26T08:45:02+00:00","dateModified":"2026-03-26T08:45:12+00:00","breadcrumb":{"@id":"https:\/\/adexa.ee\/toode\/pahklipuidust-tool-musta-vinuulpolstriga-istmega-adexa-gsw0005blackcushion\/#breadcrumb"},"inLanguage":"en-US","potentialAction":[{"@type":"ReadAction","target":["https:\/\/adexa.ee\/toode\/pahklipuidust-tool-musta-vinuulpolstriga-istmega-adexa-gsw0005blackcushion\/"]}]},{"@type":"ImageObject","inLanguage":"en-US","@id":"https:\/\/adexa.ee\/toode\/pahklipuidust-tool-musta-vinuulpolstriga-istmega-adexa-gsw0005blackcushion\/#primaryimage","url":"https:\/\/adexa.ee\/wp-content\/uploads\/2024\/12\/GSW0005BLACKCUSHION.jpg","contentUrl":"https:\/\/adexa.ee\/wp-content\/uploads\/2024\/12\/GSW0005BLACKCUSHION.jpg","width":2000,"height":2000},{"@type":"BreadcrumbList","@id":"https:\/\/adexa.ee\/toode\/pahklipuidust-tool-musta-vinuulpolstriga-istmega-adexa-gsw0005blackcushion\/#breadcrumb","itemListElement":[{"@type":"ListItem","position":1,"name":"Home","item":"https:\/\/adexa.ee\/"},{"@type":"ListItem","position":2,"name":"Tooted","item":"https:\/\/adexa.ee\/pood\/"},{"@type":"ListItem","position":3,"name":"P\u00e4hklipuidust Tool Musta Vin\u00fc\u00fclpolstriga Istmega | Adexa GSW0005BLACKCUSHION"}]},{"@type":"WebSite","@id":"https:\/\/adexa.ee\/#website","url":"https:\/\/adexa.ee\/","name":"Adexa","description":"","publisher":{"@id":"https:\/\/adexa.ee\/#organization"},"potentialAction":[{"@type":"SearchAction","target":{"@type":"EntryPoint","urlTemplate":"https:\/\/adexa.ee\/?s={search_term_string}"},"query-input":{"@type":"PropertyValueSpecification","valueRequired":true,"valueName":"search_term_string"}}],"inLanguage":"en-US"},{"@type":"Organization","@id":"https:\/\/adexa.ee\/#organization","name":"Adexa","url":"https:\/\/adexa.ee\/","logo":{"@type":"ImageObject","inLanguage":"en-US","@id":"https:\/\/adexa.ee\/#\/schema\/logo\/image\/","url":"https:\/\/adexa.ee\/wp-content\/uploads\/2024\/04\/chef-cooks-working-in-professional-kitchen-2023-11-27-05-07-39-utc-scaled.jpg","contentUrl":"https:\/\/adexa.ee\/wp-content\/uploads\/2024\/04\/chef-cooks-working-in-professional-kitchen-2023-11-27-05-07-39-utc-scaled.jpg","width":2560,"height":1708,"caption":"Adexa"},"image":{"@id":"https:\/\/adexa.ee\/#\/schema\/logo\/image\/"}}]}},"_links":{"self":[{"href":"https:\/\/adexa.ee\/en\/wp-json\/wp\/v2\/product\/15918","targetHints":{"allow":["GET"]}}],"collection":[{"href":"https:\/\/adexa.ee\/en\/wp-json\/wp\/v2\/product"}],"about":[{"href":"https:\/\/adexa.ee\/en\/wp-json\/wp\/v2\/types\/product"}],"wp:featuredmedia":[{"embeddable":true,"href":"https:\/\/adexa.ee\/en\/wp-json\/wp\/v2\/media\/15920"}],"wp:attachment":[{"href":"https:\/\/adexa.ee\/en\/wp-json\/wp\/v2\/media?parent=15918"}],"wp:term":[{"taxonomy":"product_brand","embeddable":true,"href":"https:\/\/adexa.ee\/en\/wp-json\/wp\/v2\/product_brand?post=15918"},{"taxonomy":"product_cat","embeddable":true,"href":"https:\/\/adexa.ee\/en\/wp-json\/wp\/v2\/product_cat?post=15918"},{"taxonomy":"product_tag","embeddable":true,"href":"https:\/\/adexa.ee\/en\/wp-json\/wp\/v2\/product_tag?post=15918"}],"curies":[{"name":"wp","href":"https:\/\/api.w.org\/{rel}","templated":true}]}}